{"id":4204,"date":"2022-11-28T22:52:14","date_gmt":"2022-11-29T01:52:14","guid":{"rendered":"https:\/\/dinn.ucsc.cl\/?page_id=4204"},"modified":"2022-11-28T22:52:14","modified_gmt":"2022-11-29T01:52:14","slug":"facultad-de-ingenieria-departamento-de-matematica-y-fisica-aplicada","status":"publish","type":"page","link":"https:\/\/dinn.ucsc.cl\/index.php\/facultad-de-ingenieria-departamento-de-matematica-y-fisica-aplicada\/","title":{"rendered":"Facultad de Ingenier\u00eda: Departamento de Matem\u00e1tica y F\u00edsica Aplicada"},"content":{"rendered":"<table class=\" alignleft\">\n<tbody>\n<tr>\n<td style=\"width: 741px\" colspan=\"4\"><img loading=\"lazy\" class=\"aligncenter size-full wp-image-2909\" src=\"https:\/\/sitios.ucsc.cl\/ott\/wp-content\/uploads\/sites\/15\/2022\/07\/Facultaducsc7.png\" alt=\"\" width=\"950\" height=\"194\" \/><\/td>\n<\/tr>\n<tr>\n<td style=\"width: 70px\"><\/td>\n<td style=\"width: 77px\"><img loading=\"lazy\" class=\"aligncenter wp-image-2512 size-full\" src=\"https:\/\/sitios.ucsc.cl\/ott\/wp-content\/uploads\/sites\/15\/2022\/07\/CU_1.png\" alt=\"\" width=\"50\" height=\"50\" \/><\/td>\n<td style=\"width: 591px\">\n<h3>Presentaci\u00f3n<\/h3>\n<\/td>\n<td style=\"width: 3px\"><\/td>\n<\/tr>\n<tr>\n<td style=\"width: 70px\"><\/td>\n<td style=\"width: 77px\"><\/td>\n<td style=\"width: 591px\">El DMFA (Departamento de Matem\u00e1tica y F\u00edsica Aplicada), tiene como labores principales la presentaci\u00f3n de servicios de la docencia en las \u00e1reas de matem\u00e1tica y f\u00edsica a los distintos programas de estudios impartidos por la Facultad de Ingenier\u00eda de la UCSC, el desarrollo de investigaciones cient\u00edficas, publicando investigaciones desde el a\u00f1o 2005 hasta la fecha, y la difusi\u00f3n del departamento a la sociedad mediante actividades de extensi\u00f3n con jornadas o seminarios.<\/td>\n<td style=\"width: 3px\"><\/td>\n<\/tr>\n<tr>\n<td style=\"width: 70px\"><\/td>\n<td style=\"width: 77px\"><img loading=\"lazy\" class=\"aligncenter size-full wp-image-2511\" src=\"https:\/\/sitios.ucsc.cl\/ott\/wp-content\/uploads\/sites\/15\/2022\/07\/CU_2.png\" alt=\"\" width=\"50\" height=\"50\" \/><\/td>\n<td style=\"width: 591px\">\n<h3>L\u00edneas de investigaci\u00f3n<\/h3>\n<\/td>\n<td style=\"width: 3px\"><\/td>\n<\/tr>\n<tr>\n<td style=\"width: 70px\"><\/td>\n<td style=\"width: 77px\"><\/td>\n<td style=\"width: 591px\"><strong>Matem\u00e1ticas:<\/strong><br \/>\n\u2022 An\u00e1lisis num\u00e9rico de ecuaciones diferenciales parciales<br \/>\n\u2022 Optimizaci\u00f3n<br \/>\n\u2022 Sistemas din\u00e1micos<br \/>\n<strong>F\u00edsica:<\/strong><br \/>\n\u2022 Gravitaci\u00f3n y cosmolog\u00eda<br \/>\n\u2022 Contaminaci\u00f3n atmosf\u00e9rica, pron\u00f3stico de series temporales no lineales<br \/>\n\u2022 Astrof\u00edsica<\/td>\n<td style=\"width: 3px\"><\/td>\n<\/tr>\n<tr>\n<td style=\"width: 70px\"><\/td>\n<td style=\"width: 668px\" colspan=\"2\">&nbsp;<\/td>\n<\/tr>\n<\/tbody>\n<\/table>\n","protected":false},"excerpt":{"rendered":"<p>Presentaci\u00f3n El DMFA (Departamento de Matem\u00e1tica y F\u00edsica Aplicada), tiene como labores principales la presentaci\u00f3n de servicios de la docencia en las \u00e1reas de matem\u00e1tica y f\u00edsica a los distintos programas de estudios impartidos por la Facultad de Ingenier\u00eda de la UCSC, el desarrollo de investigaciones cient\u00edficas, publicando investigaciones desde el a\u00f1o 2005 hasta la [&hellip;]<\/p>\n","protected":false},"author":84,"featured_media":0,"parent":0,"menu_order":0,"comment_status":"closed","ping_status":"closed","template":"","meta":[],"yoast_head":"<!-- This site is optimized with the Yoast SEO plugin v18.9 - https:\/\/yoast.com\/wordpress\/plugins\/seo\/ -->\n<title>Facultad de Ingenier\u00eda: Departamento de Matem\u00e1tica y F\u00edsica Aplicada -<\/title>\n<meta name=\"robots\" content=\"index, follow, max-snippet:-1, max-image-preview:large, max-video-preview:-1\" \/>\n<link rel=\"canonical\" href=\"https:\/\/dinn.ucsc.cl\/index.php\/facultad-de-ingenieria-departamento-de-matematica-y-fisica-aplicada\/\" \/>\n<meta property=\"og:locale\" content=\"es_ES\" \/>\n<meta property=\"og:type\" content=\"article\" \/>\n<meta property=\"og:title\" content=\"Facultad de Ingenier\u00eda: Departamento de Matem\u00e1tica y F\u00edsica Aplicada -\" \/>\n<meta property=\"og:description\" content=\"Presentaci\u00f3n El DMFA (Departamento de Matem\u00e1tica y F\u00edsica Aplicada), tiene como labores principales la presentaci\u00f3n de servicios de la docencia en las \u00e1reas de matem\u00e1tica y f\u00edsica a los distintos programas de estudios impartidos por la Facultad de Ingenier\u00eda de la UCSC, el desarrollo de investigaciones cient\u00edficas, publicando investigaciones desde el a\u00f1o 2005 hasta la [&hellip;]\" \/>\n<meta property=\"og:url\" content=\"https:\/\/dinn.ucsc.cl\/index.php\/facultad-de-ingenieria-departamento-de-matematica-y-fisica-aplicada\/\" \/>\n<meta property=\"article:publisher\" content=\"https:\/\/m.facebook.com\/DINNUCSC\" \/>\n<meta property=\"og:image\" content=\"https:\/\/sitios.ucsc.cl\/ott\/wp-content\/uploads\/sites\/15\/2022\/07\/Facultaducsc7.png\" \/>\n<meta name=\"twitter:card\" content=\"summary\" \/>\n<meta name=\"twitter:site\" content=\"@dinn_ucsc\" \/>\n<meta name=\"twitter:label1\" content=\"Tiempo de lectura\" \/>\n\t<meta name=\"twitter:data1\" content=\"1 minuto\" \/>\n<script type=\"application\/ld+json\" class=\"yoast-schema-graph\">{\"@context\":\"https:\/\/schema.org\",\"@graph\":[{\"@type\":\"WebSite\",\"@id\":\"https:\/\/dinn.ucsc.cl\/#website\",\"url\":\"https:\/\/dinn.ucsc.cl\/\",\"name\":\"Direcci\u00f3n de Innovaci\u00f3n UCSC\",\"description\":\"Direcci\u00f3n de Innovaci\u00f3n\",\"potentialAction\":[{\"@type\":\"SearchAction\",\"target\":{\"@type\":\"EntryPoint\",\"urlTemplate\":\"https:\/\/dinn.ucsc.cl\/?s={search_term_string}\"},\"query-input\":\"required name=search_term_string\"}],\"inLanguage\":\"es\"},{\"@type\":\"ImageObject\",\"inLanguage\":\"es\",\"@id\":\"https:\/\/dinn.ucsc.cl\/index.php\/facultad-de-ingenieria-departamento-de-matematica-y-fisica-aplicada\/#primaryimage\",\"url\":\"https:\/\/sitios.ucsc.cl\/ott\/wp-content\/uploads\/sites\/15\/2022\/07\/Facultaducsc7.png\",\"contentUrl\":\"https:\/\/sitios.ucsc.cl\/ott\/wp-content\/uploads\/sites\/15\/2022\/07\/Facultaducsc7.png\"},{\"@type\":\"WebPage\",\"@id\":\"https:\/\/dinn.ucsc.cl\/index.php\/facultad-de-ingenieria-departamento-de-matematica-y-fisica-aplicada\/#webpage\",\"url\":\"https:\/\/dinn.ucsc.cl\/index.php\/facultad-de-ingenieria-departamento-de-matematica-y-fisica-aplicada\/\",\"name\":\"Facultad de Ingenier\u00eda: Departamento de Matem\u00e1tica y F\u00edsica Aplicada -\",\"isPartOf\":{\"@id\":\"https:\/\/dinn.ucsc.cl\/#website\"},\"primaryImageOfPage\":{\"@id\":\"https:\/\/dinn.ucsc.cl\/index.php\/facultad-de-ingenieria-departamento-de-matematica-y-fisica-aplicada\/#primaryimage\"},\"datePublished\":\"2022-11-29T01:52:14+00:00\",\"dateModified\":\"2022-11-29T01:52:14+00:00\",\"breadcrumb\":{\"@id\":\"https:\/\/dinn.ucsc.cl\/index.php\/facultad-de-ingenieria-departamento-de-matematica-y-fisica-aplicada\/#breadcrumb\"},\"inLanguage\":\"es\",\"potentialAction\":[{\"@type\":\"ReadAction\",\"target\":[\"https:\/\/dinn.ucsc.cl\/index.php\/facultad-de-ingenieria-departamento-de-matematica-y-fisica-aplicada\/\"]}]},{\"@type\":\"BreadcrumbList\",\"@id\":\"https:\/\/dinn.ucsc.cl\/index.php\/facultad-de-ingenieria-departamento-de-matematica-y-fisica-aplicada\/#breadcrumb\",\"itemListElement\":[{\"@type\":\"ListItem\",\"position\":1,\"name\":\"Inicio\",\"item\":\"https:\/\/dinn.ucsc.cl\/\"},{\"@type\":\"ListItem\",\"position\":2,\"name\":\"Facultad de Ingenier\u00eda: Departamento de Matem\u00e1tica y F\u00edsica Aplicada\"}]}]}<\/script>\n<!-- \/ Yoast SEO plugin. -->","yoast_head_json":{"title":"Facultad de Ingenier\u00eda: Departamento de Matem\u00e1tica y F\u00edsica Aplicada -","robots":{"index":"index","follow":"follow","max-snippet":"max-snippet:-1","max-image-preview":"max-image-preview:large","max-video-preview":"max-video-preview:-1"},"canonical":"https:\/\/dinn.ucsc.cl\/index.php\/facultad-de-ingenieria-departamento-de-matematica-y-fisica-aplicada\/","og_locale":"es_ES","og_type":"article","og_title":"Facultad de Ingenier\u00eda: Departamento de Matem\u00e1tica y F\u00edsica Aplicada -","og_description":"Presentaci\u00f3n El DMFA (Departamento de Matem\u00e1tica y F\u00edsica Aplicada), tiene como labores principales la presentaci\u00f3n de servicios de la docencia en las \u00e1reas de matem\u00e1tica y f\u00edsica a los distintos programas de estudios impartidos por la Facultad de Ingenier\u00eda de la UCSC, el desarrollo de investigaciones cient\u00edficas, publicando investigaciones desde el a\u00f1o 2005 hasta la [&hellip;]","og_url":"https:\/\/dinn.ucsc.cl\/index.php\/facultad-de-ingenieria-departamento-de-matematica-y-fisica-aplicada\/","article_publisher":"https:\/\/m.facebook.com\/DINNUCSC","og_image":[{"url":"https:\/\/sitios.ucsc.cl\/ott\/wp-content\/uploads\/sites\/15\/2022\/07\/Facultaducsc7.png"}],"twitter_card":"summary","twitter_site":"@dinn_ucsc","twitter_misc":{"Tiempo de lectura":"1 minuto"},"schema":{"@context":"https:\/\/schema.org","@graph":[{"@type":"WebSite","@id":"https:\/\/dinn.ucsc.cl\/#website","url":"https:\/\/dinn.ucsc.cl\/","name":"Direcci\u00f3n de Innovaci\u00f3n UCSC","description":"Direcci\u00f3n de Innovaci\u00f3n","potentialAction":[{"@type":"SearchAction","target":{"@type":"EntryPoint","urlTemplate":"https:\/\/dinn.ucsc.cl\/?s={search_term_string}"},"query-input":"required name=search_term_string"}],"inLanguage":"es"},{"@type":"ImageObject","inLanguage":"es","@id":"https:\/\/dinn.ucsc.cl\/index.php\/facultad-de-ingenieria-departamento-de-matematica-y-fisica-aplicada\/#primaryimage","url":"https:\/\/sitios.ucsc.cl\/ott\/wp-content\/uploads\/sites\/15\/2022\/07\/Facultaducsc7.png","contentUrl":"https:\/\/sitios.ucsc.cl\/ott\/wp-content\/uploads\/sites\/15\/2022\/07\/Facultaducsc7.png"},{"@type":"WebPage","@id":"https:\/\/dinn.ucsc.cl\/index.php\/facultad-de-ingenieria-departamento-de-matematica-y-fisica-aplicada\/#webpage","url":"https:\/\/dinn.ucsc.cl\/index.php\/facultad-de-ingenieria-departamento-de-matematica-y-fisica-aplicada\/","name":"Facultad de Ingenier\u00eda: Departamento de Matem\u00e1tica y F\u00edsica Aplicada -","isPartOf":{"@id":"https:\/\/dinn.ucsc.cl\/#website"},"primaryImageOfPage":{"@id":"https:\/\/dinn.ucsc.cl\/index.php\/facultad-de-ingenieria-departamento-de-matematica-y-fisica-aplicada\/#primaryimage"},"datePublished":"2022-11-29T01:52:14+00:00","dateModified":"2022-11-29T01:52:14+00:00","breadcrumb":{"@id":"https:\/\/dinn.ucsc.cl\/index.php\/facultad-de-ingenieria-departamento-de-matematica-y-fisica-aplicada\/#breadcrumb"},"inLanguage":"es","potentialAction":[{"@type":"ReadAction","target":["https:\/\/dinn.ucsc.cl\/index.php\/facultad-de-ingenieria-departamento-de-matematica-y-fisica-aplicada\/"]}]},{"@type":"BreadcrumbList","@id":"https:\/\/dinn.ucsc.cl\/index.php\/facultad-de-ingenieria-departamento-de-matematica-y-fisica-aplicada\/#breadcrumb","itemListElement":[{"@type":"ListItem","position":1,"name":"Inicio","item":"https:\/\/dinn.ucsc.cl\/"},{"@type":"ListItem","position":2,"name":"Facultad de Ingenier\u00eda: Departamento de Matem\u00e1tica y F\u00edsica Aplicada"}]}]}},"_links":{"self":[{"href":"https:\/\/dinn.ucsc.cl\/index.php\/wp-json\/wp\/v2\/pages\/4204"}],"collection":[{"href":"https:\/\/dinn.ucsc.cl\/index.php\/wp-json\/wp\/v2\/pages"}],"about":[{"href":"https:\/\/dinn.ucsc.cl\/index.php\/wp-json\/wp\/v2\/types\/page"}],"author":[{"embeddable":true,"href":"https:\/\/dinn.ucsc.cl\/index.php\/wp-json\/wp\/v2\/users\/84"}],"replies":[{"embeddable":true,"href":"https:\/\/dinn.ucsc.cl\/index.php\/wp-json\/wp\/v2\/comments?post=4204"}],"version-history":[{"count":1,"href":"https:\/\/dinn.ucsc.cl\/index.php\/wp-json\/wp\/v2\/pages\/4204\/revisions"}],"predecessor-version":[{"id":4205,"href":"https:\/\/dinn.ucsc.cl\/index.php\/wp-json\/wp\/v2\/pages\/4204\/revisions\/4205"}],"wp:attachment":[{"href":"https:\/\/dinn.ucsc.cl\/index.php\/wp-json\/wp\/v2\/media?parent=4204"}],"curies":[{"name":"wp","href":"https:\/\/api.w.org\/{rel}","templated":true}]}}