{"id":4206,"date":"2022-11-28T22:52:47","date_gmt":"2022-11-29T01:52:47","guid":{"rendered":"https:\/\/dinn.ucsc.cl\/?page_id=4206"},"modified":"2022-11-28T22:52:47","modified_gmt":"2022-11-29T01:52:47","slug":"facultad-de-medicina-departamento-de-medicina","status":"publish","type":"page","link":"https:\/\/dinn.ucsc.cl\/index.php\/facultad-de-medicina-departamento-de-medicina\/","title":{"rendered":"Facultad de Medicina: Departamento de Medicina"},"content":{"rendered":"<table class=\" alignleft\">\n<tbody>\n<tr>\n<td style=\"width: 741px\" colspan=\"4\"><img loading=\"lazy\" class=\"aligncenter size-full wp-image-2910\" src=\"https:\/\/sitios.ucsc.cl\/ott\/wp-content\/uploads\/sites\/15\/2022\/07\/Facultaducsc8.png\" alt=\"\" width=\"950\" height=\"194\" \/><\/td>\n<\/tr>\n<tr>\n<td style=\"width: 72px\"><\/td>\n<td style=\"width: 72px\"><img loading=\"lazy\" class=\"aligncenter wp-image-2512 size-full\" src=\"https:\/\/sitios.ucsc.cl\/ott\/wp-content\/uploads\/sites\/15\/2022\/07\/CU_1.png\" alt=\"\" width=\"50\" height=\"50\" \/><\/td>\n<td style=\"width: 594px\">\n<h3>Presentaci\u00f3n<\/h3>\n<\/td>\n<td style=\"width: 3px\"><\/td>\n<\/tr>\n<tr>\n<td style=\"width: 72px\"><\/td>\n<td style=\"width: 72px\"><\/td>\n<td style=\"width: 594px\">La Facultad de Medicina de la UCSC forma profesionales de salud con s\u00f3lidos conocimientos cient\u00edficos y principios morales, inspirados en una concepci\u00f3n antropol\u00f3gica cristiana, al servicio de la defensa de la vida, la investigaci\u00f3n y la b\u00fasqueda de la verdad para el progreso de la salud. Siendo una carrera con sello \u00e9tico en la formaci\u00f3n, reconocida a nivel nacional, seg\u00fan sus principios antropol\u00f3gicos cristianos.<\/td>\n<td style=\"width: 3px\"><\/td>\n<\/tr>\n<tr>\n<td style=\"width: 72px\"><\/td>\n<td style=\"width: 72px\"><img loading=\"lazy\" class=\"aligncenter size-full wp-image-2511\" src=\"https:\/\/sitios.ucsc.cl\/ott\/wp-content\/uploads\/sites\/15\/2022\/07\/CU_2.png\" alt=\"\" width=\"50\" height=\"50\" \/><\/td>\n<td style=\"width: 594px\">\n<h3>L\u00edneas de investigaci\u00f3n<\/h3>\n<\/td>\n<td style=\"width: 3px\"><\/td>\n<\/tr>\n<tr>\n<td style=\"width: 72px\"><\/td>\n<td style=\"width: 72px\"><\/td>\n<td style=\"width: 594px\">\u2022 Neurociencia cognitiva aplicada<br \/>\n\u2022 C\u00e9lulas madres<br \/>\n\u2022 An\u00e1lisis molecular<br \/>\n\u2022 Anticancer\u00edgenos naturales<br \/>\n\u2022 Formaci\u00f3n de c\u00e1lculos (ves\u00edcula)<br \/>\n\u2022 Colesterol<br \/>\n\u2022 Mecanismos fisiopatol\u00f3gicos<br \/>\n\u2022 Educaci\u00f3n en salud<br \/>\n\u2022 Citotoxicidad de pol\u00edmeros en part\u00edculas met\u00e1licas\u2022 Aspectos biol\u00f3gicos del estr\u00e9s acad\u00e9mico<br \/>\n\u2022 Funci\u00f3n fisiol\u00f3gica<br \/>\n\u2022 Transporte glucosa<br \/>\n\u2022 Nutrici\u00f3n adulto mayor<br \/>\n\u2022 Transportadores de vitamina c<br \/>\n\u2022 Cianobacterias microbiolog\u00eda de alimentos<br \/>\n\u2022 Sensores inhibidores de proteasas y su posible aplicaci\u00f3n en f\u00e1rmacos<br \/>\n\u2022 Prebi\u00f3ticos<br \/>\n\u2022 Transporte de glucosa.<\/td>\n<td style=\"width: 3px\"><\/td>\n<\/tr>\n<tr>\n<td style=\"width: 72px\"><\/td>\n<td style=\"width: 666px\" colspan=\"2\">&nbsp;<\/p>\n<p>&nbsp;<\/td>\n<\/tr>\n<\/tbody>\n<\/table>\n","protected":false},"excerpt":{"rendered":"<p>Presentaci\u00f3n La Facultad de Medicina de la UCSC forma profesionales de salud con s\u00f3lidos conocimientos cient\u00edficos y principios morales, inspirados en una concepci\u00f3n antropol\u00f3gica cristiana, al servicio de la defensa de la vida, la investigaci\u00f3n y la b\u00fasqueda de la verdad para el progreso de la salud. Siendo una carrera con sello \u00e9tico en la [&hellip;]<\/p>\n","protected":false},"author":84,"featured_media":0,"parent":0,"menu_order":0,"comment_status":"closed","ping_status":"closed","template":"","meta":[],"yoast_head":"<!-- This site is optimized with the Yoast SEO plugin v18.9 - https:\/\/yoast.com\/wordpress\/plugins\/seo\/ -->\n<title>Facultad de Medicina: Departamento de Medicina -<\/title>\n<meta name=\"robots\" content=\"index, follow, max-snippet:-1, max-image-preview:large, max-video-preview:-1\" \/>\n<link rel=\"canonical\" href=\"https:\/\/dinn.ucsc.cl\/index.php\/facultad-de-medicina-departamento-de-medicina\/\" \/>\n<meta property=\"og:locale\" content=\"es_ES\" \/>\n<meta property=\"og:type\" content=\"article\" \/>\n<meta property=\"og:title\" content=\"Facultad de Medicina: Departamento de Medicina -\" \/>\n<meta property=\"og:description\" content=\"Presentaci\u00f3n La Facultad de Medicina de la UCSC forma profesionales de salud con s\u00f3lidos conocimientos cient\u00edficos y principios morales, inspirados en una concepci\u00f3n antropol\u00f3gica cristiana, al servicio de la defensa de la vida, la investigaci\u00f3n y la b\u00fasqueda de la verdad para el progreso de la salud. Siendo una carrera con sello \u00e9tico en la [&hellip;]\" \/>\n<meta property=\"og:url\" content=\"https:\/\/dinn.ucsc.cl\/index.php\/facultad-de-medicina-departamento-de-medicina\/\" \/>\n<meta property=\"article:publisher\" content=\"https:\/\/m.facebook.com\/DINNUCSC\" \/>\n<meta property=\"og:image\" content=\"https:\/\/sitios.ucsc.cl\/ott\/wp-content\/uploads\/sites\/15\/2022\/07\/Facultaducsc8.png\" \/>\n<meta name=\"twitter:card\" content=\"summary\" \/>\n<meta name=\"twitter:site\" content=\"@dinn_ucsc\" \/>\n<meta name=\"twitter:label1\" content=\"Tiempo de lectura\" \/>\n\t<meta name=\"twitter:data1\" content=\"1 minuto\" \/>\n<script type=\"application\/ld+json\" class=\"yoast-schema-graph\">{\"@context\":\"https:\/\/schema.org\",\"@graph\":[{\"@type\":\"WebSite\",\"@id\":\"https:\/\/dinn.ucsc.cl\/#website\",\"url\":\"https:\/\/dinn.ucsc.cl\/\",\"name\":\"Direcci\u00f3n de Innovaci\u00f3n UCSC\",\"description\":\"Direcci\u00f3n de Innovaci\u00f3n\",\"potentialAction\":[{\"@type\":\"SearchAction\",\"target\":{\"@type\":\"EntryPoint\",\"urlTemplate\":\"https:\/\/dinn.ucsc.cl\/?s={search_term_string}\"},\"query-input\":\"required name=search_term_string\"}],\"inLanguage\":\"es\"},{\"@type\":\"ImageObject\",\"inLanguage\":\"es\",\"@id\":\"https:\/\/dinn.ucsc.cl\/index.php\/facultad-de-medicina-departamento-de-medicina\/#primaryimage\",\"url\":\"https:\/\/sitios.ucsc.cl\/ott\/wp-content\/uploads\/sites\/15\/2022\/07\/Facultaducsc8.png\",\"contentUrl\":\"https:\/\/sitios.ucsc.cl\/ott\/wp-content\/uploads\/sites\/15\/2022\/07\/Facultaducsc8.png\"},{\"@type\":\"WebPage\",\"@id\":\"https:\/\/dinn.ucsc.cl\/index.php\/facultad-de-medicina-departamento-de-medicina\/#webpage\",\"url\":\"https:\/\/dinn.ucsc.cl\/index.php\/facultad-de-medicina-departamento-de-medicina\/\",\"name\":\"Facultad de Medicina: Departamento de Medicina -\",\"isPartOf\":{\"@id\":\"https:\/\/dinn.ucsc.cl\/#website\"},\"primaryImageOfPage\":{\"@id\":\"https:\/\/dinn.ucsc.cl\/index.php\/facultad-de-medicina-departamento-de-medicina\/#primaryimage\"},\"datePublished\":\"2022-11-29T01:52:47+00:00\",\"dateModified\":\"2022-11-29T01:52:47+00:00\",\"breadcrumb\":{\"@id\":\"https:\/\/dinn.ucsc.cl\/index.php\/facultad-de-medicina-departamento-de-medicina\/#breadcrumb\"},\"inLanguage\":\"es\",\"potentialAction\":[{\"@type\":\"ReadAction\",\"target\":[\"https:\/\/dinn.ucsc.cl\/index.php\/facultad-de-medicina-departamento-de-medicina\/\"]}]},{\"@type\":\"BreadcrumbList\",\"@id\":\"https:\/\/dinn.ucsc.cl\/index.php\/facultad-de-medicina-departamento-de-medicina\/#breadcrumb\",\"itemListElement\":[{\"@type\":\"ListItem\",\"position\":1,\"name\":\"Inicio\",\"item\":\"https:\/\/dinn.ucsc.cl\/\"},{\"@type\":\"ListItem\",\"position\":2,\"name\":\"Facultad de Medicina: Departamento de Medicina\"}]}]}<\/script>\n<!-- \/ Yoast SEO plugin. -->","yoast_head_json":{"title":"Facultad de Medicina: Departamento de Medicina -","robots":{"index":"index","follow":"follow","max-snippet":"max-snippet:-1","max-image-preview":"max-image-preview:large","max-video-preview":"max-video-preview:-1"},"canonical":"https:\/\/dinn.ucsc.cl\/index.php\/facultad-de-medicina-departamento-de-medicina\/","og_locale":"es_ES","og_type":"article","og_title":"Facultad de Medicina: Departamento de Medicina -","og_description":"Presentaci\u00f3n La Facultad de Medicina de la UCSC forma profesionales de salud con s\u00f3lidos conocimientos cient\u00edficos y principios morales, inspirados en una concepci\u00f3n antropol\u00f3gica cristiana, al servicio de la defensa de la vida, la investigaci\u00f3n y la b\u00fasqueda de la verdad para el progreso de la salud. Siendo una carrera con sello \u00e9tico en la [&hellip;]","og_url":"https:\/\/dinn.ucsc.cl\/index.php\/facultad-de-medicina-departamento-de-medicina\/","article_publisher":"https:\/\/m.facebook.com\/DINNUCSC","og_image":[{"url":"https:\/\/sitios.ucsc.cl\/ott\/wp-content\/uploads\/sites\/15\/2022\/07\/Facultaducsc8.png"}],"twitter_card":"summary","twitter_site":"@dinn_ucsc","twitter_misc":{"Tiempo de lectura":"1 minuto"},"schema":{"@context":"https:\/\/schema.org","@graph":[{"@type":"WebSite","@id":"https:\/\/dinn.ucsc.cl\/#website","url":"https:\/\/dinn.ucsc.cl\/","name":"Direcci\u00f3n de Innovaci\u00f3n UCSC","description":"Direcci\u00f3n de Innovaci\u00f3n","potentialAction":[{"@type":"SearchAction","target":{"@type":"EntryPoint","urlTemplate":"https:\/\/dinn.ucsc.cl\/?s={search_term_string}"},"query-input":"required name=search_term_string"}],"inLanguage":"es"},{"@type":"ImageObject","inLanguage":"es","@id":"https:\/\/dinn.ucsc.cl\/index.php\/facultad-de-medicina-departamento-de-medicina\/#primaryimage","url":"https:\/\/sitios.ucsc.cl\/ott\/wp-content\/uploads\/sites\/15\/2022\/07\/Facultaducsc8.png","contentUrl":"https:\/\/sitios.ucsc.cl\/ott\/wp-content\/uploads\/sites\/15\/2022\/07\/Facultaducsc8.png"},{"@type":"WebPage","@id":"https:\/\/dinn.ucsc.cl\/index.php\/facultad-de-medicina-departamento-de-medicina\/#webpage","url":"https:\/\/dinn.ucsc.cl\/index.php\/facultad-de-medicina-departamento-de-medicina\/","name":"Facultad de Medicina: Departamento de Medicina -","isPartOf":{"@id":"https:\/\/dinn.ucsc.cl\/#website"},"primaryImageOfPage":{"@id":"https:\/\/dinn.ucsc.cl\/index.php\/facultad-de-medicina-departamento-de-medicina\/#primaryimage"},"datePublished":"2022-11-29T01:52:47+00:00","dateModified":"2022-11-29T01:52:47+00:00","breadcrumb":{"@id":"https:\/\/dinn.ucsc.cl\/index.php\/facultad-de-medicina-departamento-de-medicina\/#breadcrumb"},"inLanguage":"es","potentialAction":[{"@type":"ReadAction","target":["https:\/\/dinn.ucsc.cl\/index.php\/facultad-de-medicina-departamento-de-medicina\/"]}]},{"@type":"BreadcrumbList","@id":"https:\/\/dinn.ucsc.cl\/index.php\/facultad-de-medicina-departamento-de-medicina\/#breadcrumb","itemListElement":[{"@type":"ListItem","position":1,"name":"Inicio","item":"https:\/\/dinn.ucsc.cl\/"},{"@type":"ListItem","position":2,"name":"Facultad de Medicina: Departamento de Medicina"}]}]}},"_links":{"self":[{"href":"https:\/\/dinn.ucsc.cl\/index.php\/wp-json\/wp\/v2\/pages\/4206"}],"collection":[{"href":"https:\/\/dinn.ucsc.cl\/index.php\/wp-json\/wp\/v2\/pages"}],"about":[{"href":"https:\/\/dinn.ucsc.cl\/index.php\/wp-json\/wp\/v2\/types\/page"}],"author":[{"embeddable":true,"href":"https:\/\/dinn.ucsc.cl\/index.php\/wp-json\/wp\/v2\/users\/84"}],"replies":[{"embeddable":true,"href":"https:\/\/dinn.ucsc.cl\/index.php\/wp-json\/wp\/v2\/comments?post=4206"}],"version-history":[{"count":1,"href":"https:\/\/dinn.ucsc.cl\/index.php\/wp-json\/wp\/v2\/pages\/4206\/revisions"}],"predecessor-version":[{"id":4207,"href":"https:\/\/dinn.ucsc.cl\/index.php\/wp-json\/wp\/v2\/pages\/4206\/revisions\/4207"}],"wp:attachment":[{"href":"https:\/\/dinn.ucsc.cl\/index.php\/wp-json\/wp\/v2\/media?parent=4206"}],"curies":[{"name":"wp","href":"https:\/\/api.w.org\/{rel}","templated":true}]}}