{"id":4208,"date":"2022-11-28T22:53:27","date_gmt":"2022-11-29T01:53:27","guid":{"rendered":"https:\/\/dinn.ucsc.cl\/?page_id=4208"},"modified":"2022-11-28T22:53:27","modified_gmt":"2022-11-29T01:53:27","slug":"facultad-de-ingenieria-departamento-de-medio-ambiente-y-energia","status":"publish","type":"page","link":"https:\/\/dinn.ucsc.cl\/index.php\/facultad-de-ingenieria-departamento-de-medio-ambiente-y-energia\/","title":{"rendered":"Facultad de Ingenier\u00eda: Departamento de Medio Ambiente y Energ\u00eda"},"content":{"rendered":"<table class=\" alignleft\">\n<tbody>\n<tr>\n<td style=\"width: 741px\" colspan=\"4\"><img loading=\"lazy\" class=\"aligncenter size-full wp-image-2911\" src=\"https:\/\/sitios.ucsc.cl\/ott\/wp-content\/uploads\/sites\/15\/2022\/07\/Facultaducsc9.png\" alt=\"\" width=\"950\" height=\"194\" \/><\/td>\n<\/tr>\n<tr>\n<td style=\"width: 66px\"><\/td>\n<td style=\"width: 73px\"><img loading=\"lazy\" class=\"aligncenter wp-image-2512 size-full\" src=\"https:\/\/sitios.ucsc.cl\/ott\/wp-content\/uploads\/sites\/15\/2022\/07\/CU_1.png\" alt=\"\" width=\"50\" height=\"50\" \/><\/td>\n<td style=\"width: 599px\">\n<h3>Presentaci\u00f3n<\/h3>\n<\/td>\n<td style=\"width: 3px\"><\/td>\n<\/tr>\n<tr>\n<td style=\"width: 66px\"><\/td>\n<td style=\"width: 73px\"><\/td>\n<td style=\"width: 599px\">El departamento de medio ambiente tiene como objetivo entregar conocimientos y herramientas para resolver problemas en las \u00e1reas de cambios ambientales por contaminaci\u00f3n, identificaci\u00f3n de fuentes contaminantes, proceso de remediaci\u00f3n, vigilancia ambiental, an\u00e1lisis cuencas, balances de masa de sistemas naturales, evaluaci\u00f3n de impactos y\/o gesti\u00f3n ambiental para la empresa.<\/td>\n<td style=\"width: 3px\"><\/td>\n<\/tr>\n<tr>\n<td style=\"width: 66px\"><\/td>\n<td style=\"width: 73px\"><img loading=\"lazy\" class=\"aligncenter size-full wp-image-2511\" src=\"https:\/\/sitios.ucsc.cl\/ott\/wp-content\/uploads\/sites\/15\/2022\/07\/CU_2.png\" alt=\"\" width=\"50\" height=\"50\" \/><\/td>\n<td style=\"width: 599px\">\n<h3>L\u00edneas de investigaci\u00f3n<\/h3>\n<\/td>\n<td style=\"width: 3px\"><\/td>\n<\/tr>\n<tr>\n<td style=\"width: 66px\"><\/td>\n<td style=\"width: 73px\"><\/td>\n<td style=\"width: 599px\">\u2022 Sistemas el\u00e9ctricos de potencia y control de sistemas<br \/>\n\u2022 Sistemas el\u00e9ctricos de potencia y control de sistemas<br \/>\n\u2022 Se\u00f1ales y telecomunicaciones<br \/>\n\u2022 Eficiencia energ\u00e9tica y energ\u00edas renovables 7 Acuicultura sustentable<br \/>\n\u2022 Tecnolog\u00edas para el medio ambiente<\/td>\n<td style=\"width: 3px\"><\/td>\n<\/tr>\n<tr>\n<td style=\"width: 66px\"><\/td>\n<td style=\"width: 672px\" colspan=\"2\">&nbsp;<\/p>\n<p>&nbsp;<\/td>\n<\/tr>\n<\/tbody>\n<\/table>\n","protected":false},"excerpt":{"rendered":"<p>Presentaci\u00f3n El departamento de medio ambiente tiene como objetivo entregar conocimientos y herramientas para resolver problemas en las \u00e1reas de cambios ambientales por contaminaci\u00f3n, identificaci\u00f3n de fuentes contaminantes, proceso de remediaci\u00f3n, vigilancia ambiental, an\u00e1lisis cuencas, balances de masa de sistemas naturales, evaluaci\u00f3n de impactos y\/o gesti\u00f3n ambiental para la empresa. L\u00edneas de investigaci\u00f3n \u2022 Sistemas [&hellip;]<\/p>\n","protected":false},"author":84,"featured_media":0,"parent":0,"menu_order":0,"comment_status":"closed","ping_status":"closed","template":"","meta":[],"yoast_head":"<!-- This site is optimized with the Yoast SEO plugin v18.9 - https:\/\/yoast.com\/wordpress\/plugins\/seo\/ -->\n<title>Facultad de Ingenier\u00eda: Departamento de Medio Ambiente y Energ\u00eda -<\/title>\n<meta name=\"robots\" content=\"index, follow, max-snippet:-1, max-image-preview:large, max-video-preview:-1\" \/>\n<link rel=\"canonical\" href=\"https:\/\/dinn.ucsc.cl\/index.php\/facultad-de-ingenieria-departamento-de-medio-ambiente-y-energia\/\" \/>\n<meta property=\"og:locale\" content=\"es_ES\" \/>\n<meta property=\"og:type\" content=\"article\" \/>\n<meta property=\"og:title\" content=\"Facultad de Ingenier\u00eda: Departamento de Medio Ambiente y Energ\u00eda -\" \/>\n<meta property=\"og:description\" content=\"Presentaci\u00f3n El departamento de medio ambiente tiene como objetivo entregar conocimientos y herramientas para resolver problemas en las \u00e1reas de cambios ambientales por contaminaci\u00f3n, identificaci\u00f3n de fuentes contaminantes, proceso de remediaci\u00f3n, vigilancia ambiental, an\u00e1lisis cuencas, balances de masa de sistemas naturales, evaluaci\u00f3n de impactos y\/o gesti\u00f3n ambiental para la empresa. L\u00edneas de investigaci\u00f3n \u2022 Sistemas [&hellip;]\" \/>\n<meta property=\"og:url\" content=\"https:\/\/dinn.ucsc.cl\/index.php\/facultad-de-ingenieria-departamento-de-medio-ambiente-y-energia\/\" \/>\n<meta property=\"article:publisher\" content=\"https:\/\/m.facebook.com\/DINNUCSC\" \/>\n<meta property=\"og:image\" content=\"https:\/\/sitios.ucsc.cl\/ott\/wp-content\/uploads\/sites\/15\/2022\/07\/Facultaducsc9.png\" \/>\n<meta name=\"twitter:card\" content=\"summary\" \/>\n<meta name=\"twitter:site\" content=\"@dinn_ucsc\" \/>\n<meta name=\"twitter:label1\" content=\"Tiempo de lectura\" \/>\n\t<meta name=\"twitter:data1\" content=\"1 minuto\" \/>\n<script type=\"application\/ld+json\" class=\"yoast-schema-graph\">{\"@context\":\"https:\/\/schema.org\",\"@graph\":[{\"@type\":\"WebSite\",\"@id\":\"https:\/\/dinn.ucsc.cl\/#website\",\"url\":\"https:\/\/dinn.ucsc.cl\/\",\"name\":\"Direcci\u00f3n de Innovaci\u00f3n UCSC\",\"description\":\"Direcci\u00f3n de Innovaci\u00f3n\",\"potentialAction\":[{\"@type\":\"SearchAction\",\"target\":{\"@type\":\"EntryPoint\",\"urlTemplate\":\"https:\/\/dinn.ucsc.cl\/?s={search_term_string}\"},\"query-input\":\"required name=search_term_string\"}],\"inLanguage\":\"es\"},{\"@type\":\"ImageObject\",\"inLanguage\":\"es\",\"@id\":\"https:\/\/dinn.ucsc.cl\/index.php\/facultad-de-ingenieria-departamento-de-medio-ambiente-y-energia\/#primaryimage\",\"url\":\"https:\/\/sitios.ucsc.cl\/ott\/wp-content\/uploads\/sites\/15\/2022\/07\/Facultaducsc9.png\",\"contentUrl\":\"https:\/\/sitios.ucsc.cl\/ott\/wp-content\/uploads\/sites\/15\/2022\/07\/Facultaducsc9.png\"},{\"@type\":\"WebPage\",\"@id\":\"https:\/\/dinn.ucsc.cl\/index.php\/facultad-de-ingenieria-departamento-de-medio-ambiente-y-energia\/#webpage\",\"url\":\"https:\/\/dinn.ucsc.cl\/index.php\/facultad-de-ingenieria-departamento-de-medio-ambiente-y-energia\/\",\"name\":\"Facultad de Ingenier\u00eda: Departamento de Medio Ambiente y Energ\u00eda -\",\"isPartOf\":{\"@id\":\"https:\/\/dinn.ucsc.cl\/#website\"},\"primaryImageOfPage\":{\"@id\":\"https:\/\/dinn.ucsc.cl\/index.php\/facultad-de-ingenieria-departamento-de-medio-ambiente-y-energia\/#primaryimage\"},\"datePublished\":\"2022-11-29T01:53:27+00:00\",\"dateModified\":\"2022-11-29T01:53:27+00:00\",\"breadcrumb\":{\"@id\":\"https:\/\/dinn.ucsc.cl\/index.php\/facultad-de-ingenieria-departamento-de-medio-ambiente-y-energia\/#breadcrumb\"},\"inLanguage\":\"es\",\"potentialAction\":[{\"@type\":\"ReadAction\",\"target\":[\"https:\/\/dinn.ucsc.cl\/index.php\/facultad-de-ingenieria-departamento-de-medio-ambiente-y-energia\/\"]}]},{\"@type\":\"BreadcrumbList\",\"@id\":\"https:\/\/dinn.ucsc.cl\/index.php\/facultad-de-ingenieria-departamento-de-medio-ambiente-y-energia\/#breadcrumb\",\"itemListElement\":[{\"@type\":\"ListItem\",\"position\":1,\"name\":\"Inicio\",\"item\":\"https:\/\/dinn.ucsc.cl\/\"},{\"@type\":\"ListItem\",\"position\":2,\"name\":\"Facultad de Ingenier\u00eda: Departamento de Medio Ambiente y Energ\u00eda\"}]}]}<\/script>\n<!-- \/ Yoast SEO plugin. -->","yoast_head_json":{"title":"Facultad de Ingenier\u00eda: Departamento de Medio Ambiente y Energ\u00eda -","robots":{"index":"index","follow":"follow","max-snippet":"max-snippet:-1","max-image-preview":"max-image-preview:large","max-video-preview":"max-video-preview:-1"},"canonical":"https:\/\/dinn.ucsc.cl\/index.php\/facultad-de-ingenieria-departamento-de-medio-ambiente-y-energia\/","og_locale":"es_ES","og_type":"article","og_title":"Facultad de Ingenier\u00eda: Departamento de Medio Ambiente y Energ\u00eda -","og_description":"Presentaci\u00f3n El departamento de medio ambiente tiene como objetivo entregar conocimientos y herramientas para resolver problemas en las \u00e1reas de cambios ambientales por contaminaci\u00f3n, identificaci\u00f3n de fuentes contaminantes, proceso de remediaci\u00f3n, vigilancia ambiental, an\u00e1lisis cuencas, balances de masa de sistemas naturales, evaluaci\u00f3n de impactos y\/o gesti\u00f3n ambiental para la empresa. L\u00edneas de investigaci\u00f3n \u2022 Sistemas [&hellip;]","og_url":"https:\/\/dinn.ucsc.cl\/index.php\/facultad-de-ingenieria-departamento-de-medio-ambiente-y-energia\/","article_publisher":"https:\/\/m.facebook.com\/DINNUCSC","og_image":[{"url":"https:\/\/sitios.ucsc.cl\/ott\/wp-content\/uploads\/sites\/15\/2022\/07\/Facultaducsc9.png"}],"twitter_card":"summary","twitter_site":"@dinn_ucsc","twitter_misc":{"Tiempo de lectura":"1 minuto"},"schema":{"@context":"https:\/\/schema.org","@graph":[{"@type":"WebSite","@id":"https:\/\/dinn.ucsc.cl\/#website","url":"https:\/\/dinn.ucsc.cl\/","name":"Direcci\u00f3n de Innovaci\u00f3n UCSC","description":"Direcci\u00f3n de Innovaci\u00f3n","potentialAction":[{"@type":"SearchAction","target":{"@type":"EntryPoint","urlTemplate":"https:\/\/dinn.ucsc.cl\/?s={search_term_string}"},"query-input":"required name=search_term_string"}],"inLanguage":"es"},{"@type":"ImageObject","inLanguage":"es","@id":"https:\/\/dinn.ucsc.cl\/index.php\/facultad-de-ingenieria-departamento-de-medio-ambiente-y-energia\/#primaryimage","url":"https:\/\/sitios.ucsc.cl\/ott\/wp-content\/uploads\/sites\/15\/2022\/07\/Facultaducsc9.png","contentUrl":"https:\/\/sitios.ucsc.cl\/ott\/wp-content\/uploads\/sites\/15\/2022\/07\/Facultaducsc9.png"},{"@type":"WebPage","@id":"https:\/\/dinn.ucsc.cl\/index.php\/facultad-de-ingenieria-departamento-de-medio-ambiente-y-energia\/#webpage","url":"https:\/\/dinn.ucsc.cl\/index.php\/facultad-de-ingenieria-departamento-de-medio-ambiente-y-energia\/","name":"Facultad de Ingenier\u00eda: Departamento de Medio Ambiente y Energ\u00eda -","isPartOf":{"@id":"https:\/\/dinn.ucsc.cl\/#website"},"primaryImageOfPage":{"@id":"https:\/\/dinn.ucsc.cl\/index.php\/facultad-de-ingenieria-departamento-de-medio-ambiente-y-energia\/#primaryimage"},"datePublished":"2022-11-29T01:53:27+00:00","dateModified":"2022-11-29T01:53:27+00:00","breadcrumb":{"@id":"https:\/\/dinn.ucsc.cl\/index.php\/facultad-de-ingenieria-departamento-de-medio-ambiente-y-energia\/#breadcrumb"},"inLanguage":"es","potentialAction":[{"@type":"ReadAction","target":["https:\/\/dinn.ucsc.cl\/index.php\/facultad-de-ingenieria-departamento-de-medio-ambiente-y-energia\/"]}]},{"@type":"BreadcrumbList","@id":"https:\/\/dinn.ucsc.cl\/index.php\/facultad-de-ingenieria-departamento-de-medio-ambiente-y-energia\/#breadcrumb","itemListElement":[{"@type":"ListItem","position":1,"name":"Inicio","item":"https:\/\/dinn.ucsc.cl\/"},{"@type":"ListItem","position":2,"name":"Facultad de Ingenier\u00eda: Departamento de Medio Ambiente y Energ\u00eda"}]}]}},"_links":{"self":[{"href":"https:\/\/dinn.ucsc.cl\/index.php\/wp-json\/wp\/v2\/pages\/4208"}],"collection":[{"href":"https:\/\/dinn.ucsc.cl\/index.php\/wp-json\/wp\/v2\/pages"}],"about":[{"href":"https:\/\/dinn.ucsc.cl\/index.php\/wp-json\/wp\/v2\/types\/page"}],"author":[{"embeddable":true,"href":"https:\/\/dinn.ucsc.cl\/index.php\/wp-json\/wp\/v2\/users\/84"}],"replies":[{"embeddable":true,"href":"https:\/\/dinn.ucsc.cl\/index.php\/wp-json\/wp\/v2\/comments?post=4208"}],"version-history":[{"count":1,"href":"https:\/\/dinn.ucsc.cl\/index.php\/wp-json\/wp\/v2\/pages\/4208\/revisions"}],"predecessor-version":[{"id":4209,"href":"https:\/\/dinn.ucsc.cl\/index.php\/wp-json\/wp\/v2\/pages\/4208\/revisions\/4209"}],"wp:attachment":[{"href":"https:\/\/dinn.ucsc.cl\/index.php\/wp-json\/wp\/v2\/media?parent=4208"}],"curies":[{"name":"wp","href":"https:\/\/api.w.org\/{rel}","templated":true}]}}