{"id":4210,"date":"2022-11-28T23:03:33","date_gmt":"2022-11-29T02:03:33","guid":{"rendered":"https:\/\/dinn.ucsc.cl\/?page_id=4210"},"modified":"2023-10-15T20:18:47","modified_gmt":"2023-10-15T23:18:47","slug":"laboratorio-de-maquinas-y-accionamientos-electricos","status":"publish","type":"page","link":"https:\/\/dinn.ucsc.cl\/index.php\/laboratorio-de-maquinas-y-accionamientos-electricos\/","title":{"rendered":"Laboratorio de M\u00e1quinas y Accionamientos El\u00e9ctricos"},"content":{"rendered":"<table class=\" alignleft\">\n<tbody>\n<tr>\n<td style=\"width: 741px\" colspan=\"4\"><img loading=\"lazy\" class=\"aligncenter size-full wp-image-2921\" src=\"https:\/\/sitios.ucsc.cl\/ott\/wp-content\/uploads\/sites\/15\/2022\/07\/LABUCSC.png\" alt=\"\" width=\"950\" height=\"194\" \/><\/td>\n<\/tr>\n<tr>\n<td style=\"width: 67px\"><\/td>\n<td style=\"width: 74px\"><img loading=\"lazy\" class=\"aligncenter wp-image-2512 size-full\" src=\"https:\/\/sitios.ucsc.cl\/ott\/wp-content\/uploads\/sites\/15\/2022\/07\/CU_1.png\" alt=\"\" width=\"50\" height=\"50\" \/><\/td>\n<td style=\"width: 597px\">\n<h3>Descripci\u00f3n<\/h3>\n<p>Creado en 2014 para realizar docencia e investigaci\u00f3n cient\u00edfica aplicada en el \u00e1rea de accionamientos el\u00e9ctricos.<\/td>\n<td style=\"width: 3px\"><\/td>\n<\/tr>\n<tr>\n<td style=\"width: 67px\"><\/td>\n<td style=\"width: 74px\"><img loading=\"lazy\" class=\"aligncenter size-full wp-image-2558\" src=\"https:\/\/sitios.ucsc.cl\/ott\/wp-content\/uploads\/sites\/15\/2022\/07\/CU_5.png\" alt=\"\" width=\"50\" height=\"50\" \/><\/td>\n<td style=\"width: 597px\">\n<h3>Dependencia<\/h3>\n<p>Facultad de Ingenier\u00eda.<\/td>\n<td style=\"width: 3px\"><\/td>\n<\/tr>\n<tr>\n<td style=\"width: 67px\"><\/td>\n<td style=\"width: 74px\"><img loading=\"lazy\" class=\"aligncenter size-full wp-image-2555\" src=\"https:\/\/sitios.ucsc.cl\/ott\/wp-content\/uploads\/sites\/15\/2022\/07\/CU_10.png\" alt=\"\" width=\"50\" height=\"50\" \/><\/td>\n<td style=\"width: 597px\">\n<h3>Director(a) responsable<\/h3>\n<p>Dr. Guillermo Ram\u00edrez.<\/td>\n<td style=\"width: 3px\"><\/td>\n<\/tr>\n<tr>\n<td style=\"width: 67px\"><\/td>\n<td style=\"width: 74px\"><img loading=\"lazy\" class=\"aligncenter size-full wp-image-2557\" src=\"https:\/\/sitios.ucsc.cl\/ott\/wp-content\/uploads\/sites\/15\/2022\/07\/CU_4.png\" alt=\"\" width=\"50\" height=\"50\" \/><\/td>\n<td style=\"width: 597px\">\n<h3>Contacto<\/h3>\n<p>Tel\u00e9fono: +56 41-2345237<br \/>\nMail: guillermoramirez@ucsc.cl<\/td>\n<td style=\"width: 3px\"><\/td>\n<\/tr>\n<tr>\n<td style=\"width: 67px\"><\/td>\n<td style=\"width: 74px\"><img loading=\"lazy\" class=\"aligncenter size-full wp-image-2559\" src=\"https:\/\/sitios.ucsc.cl\/ott\/wp-content\/uploads\/sites\/15\/2022\/07\/CU_6.png\" alt=\"\" width=\"50\" height=\"50\" \/><\/td>\n<td style=\"width: 597px\">\n<h3>Web<\/h3>\n<p>No tiene.<\/td>\n<td style=\"width: 3px\"><\/td>\n<\/tr>\n<tr>\n<td style=\"width: 67px\"><\/td>\n<td style=\"width: 74px\"><img loading=\"lazy\" class=\"aligncenter size-full wp-image-2512\" src=\"https:\/\/sitios.ucsc.cl\/ott\/wp-content\/uploads\/sites\/15\/2022\/07\/CU_1.png\" alt=\"\" width=\"50\" height=\"50\" \/><\/td>\n<td style=\"width: 597px\">\n<h3>\u00c1reas de conocimiento<\/h3>\n<p>\u2022 Accionamientos el\u00e9ctricos.<\/td>\n<td style=\"width: 3px\"><\/td>\n<\/tr>\n<tr>\n<td style=\"width: 67px\"><\/td>\n<td style=\"width: 74px\"><img loading=\"lazy\" class=\"aligncenter size-full wp-image-2556\" src=\"https:\/\/sitios.ucsc.cl\/ott\/wp-content\/uploads\/sites\/15\/2022\/07\/CU_3.png\" alt=\"\" width=\"50\" height=\"50\" \/><\/td>\n<td style=\"width: 597px\">\n<h3>Oferta tecnol\u00f3gica<\/h3>\n<p>\u2022 Estudios y asesor\u00edas en accionamientos el\u00e9ctricos.<br \/>\n\u2022 Capacitaci\u00f3n en accionamientos el\u00e9ctricos.<\/td>\n<td style=\"width: 3px\"><\/td>\n<\/tr>\n<tr>\n<td style=\"width: 67px\"><\/td>\n<td style=\"width: 74px\"><img loading=\"lazy\" class=\"aligncenter size-full wp-image-2561\" src=\"https:\/\/sitios.ucsc.cl\/ott\/wp-content\/uploads\/sites\/15\/2022\/07\/CU_8.png\" alt=\"\" width=\"50\" height=\"50\" \/><\/td>\n<td style=\"width: 597px\">\n<h3>Experiencia de la unidad<\/h3>\n<\/td>\n<td style=\"width: 3px\"><\/td>\n<\/tr>\n<tr>\n<td style=\"width: 67px\"><\/td>\n<td style=\"width: 74px\"><\/td>\n<td style=\"width: 597px\"><strong>Proyectos<\/strong><br \/>\n<span style=\"font-weight: 400\"> \u2022 Proyecto FIAEC, Evaluaci\u00f3n de prototipos de electromovilidad para su integraci\u00f3n a la actividad industrial nacional, Periodo: 2020-2023.<\/span><span style=\"font-weight: 400\"> \u2022 Proyecto Fondecyt Iniciaci\u00f3n N\u00ba 11170862: \u201cON LINE ESTIMATION OF ROCK PROPERTIES AN BIT WEAR MONITORING FOR MINING DRILLING RIGS USING DRIVE AND PROCESS SIGNALS\u201d Investigador Responsable, Periodo: 2018 \u2013 2020.<\/span><span style=\"font-weight: 400\"> \u2022 Proyecto interno INDIN N\u00ba 06\/2017: \u201cObservador de Torque para An\u00e1lisis de Eficiencia Energ\u00e9tica en Accionamientos Sopladores de Fundiciones Mineras\u201d Investigador Responsable, Periodo: 2017 \u2013 2018.<\/span><\/p>\n<p><strong>Investigaciones (2014-2019):<\/strong><br \/>\n\u2022 Guillermo Ram\u00edrez, M. An\u00edbal Valenzuela, Steve Pittman, Robert Lorenz, \u201cModeling and Evaluation of Paper Machine Coater Sections Part 2: 2-Coater Section and Control Loops Bandwidths\u201d, IEEE Transactions on Industry Applications, 2019, vol. 55, pages: 1427 \u2013 1437.<\/p>\n<p>\u2022 Guillermo Ram\u00edrez, M. An\u00edbal Valenzuela, Steve Pittman, Robert Lorenz, \u201cModeling and Evaluation of Paper Machine Coater Sections Part 1: 1-Coater Section and Tension Setpoints\u201d, IEEE Transactions on Industry Applications, 2019, vol. 55, pages: 2155 \u2013 2164.<br \/>\n\u2022 Guillermo Ram\u00edrez, M. An\u00edbal Valenzuela, Robert Lorenz, \u201cExpert System for the Detection of Condensate Accumulation Inside Dryer Cylinders During Section Starting\u201d, IEEE Transactions on Industry Applications, 2015, vol. 51, pp: 1427 \u2013 1437.<br \/>\n\u2022 Guillermo Ram\u00edrez, M. An\u00edbal Valenzuela \u201cObserver-Based Estimation of Modulus of Elasticity for Papermaking Process\u201d, IEEE Transactions on Industry Applications, 2014, vol. 50, pp: 1678 \u2013 1686.<br \/>\n\u2022 Guillermo Ram\u00edrez, M. An\u00edbal Valenzuela \u201cGeneralized Correlations for the Estimation of Condensate Power in Flooded Cylinders\u201d, IEEE Transactions on Industry Applications, 2014, vol. 50, pp: 1577 \u2013 1589. vol. 51, pp: 1427 \u2013 1437.<br \/>\n\u2022 Guillermo Ram\u00edrez, M. An\u00edbal Valenzuela \u201cObserver-Based Estimation of Modulus of Elasticity for Papermaking Process\u201d, IEEE Transactions on Industry Applications, 2014, vol. 50, pp: 1678 \u2013 1686.<br \/>\n\u2022 Guillermo Ram\u00edrez, M. An\u00edbal Valenzuela \u201cGeneralized Correlations for the Estimation of Condensate Power in Flooded Cylinders\u201d, IEEE Transactions on Industry Applications, 2014, vol. 50, pp: 1577 \u2013 1589.<\/td>\n<td style=\"width: 3px\"><\/td>\n<\/tr>\n<tr>\n<td style=\"width: 67px\"><\/td>\n<td style=\"width: 74px\"><img loading=\"lazy\" class=\"aligncenter size-full wp-image-2560\" src=\"https:\/\/sitios.ucsc.cl\/ott\/wp-content\/uploads\/sites\/15\/2022\/07\/CU_7.png\" alt=\"\" width=\"50\" height=\"50\" \/><\/td>\n<td style=\"width: 597px\">\n<h3>Infraestructura<\/h3>\n<p>El Laboratorio M\u00e1quinas y Accionamientos El\u00e9ctricos UCSC cuenta con una superficie de m\u00e1s de 60 m2, con distintos tipos de motores y generadores el\u00e9ctricos, convertidores y bancos de prueba. Adem\u00e1s, cuenta con dos veh\u00edculos el\u00e9ctricos de carga de 3 y 7,5 kW, de 0,5 y 2 toneladas respectivamente.<\/td>\n<td style=\"width: 3px\"><\/td>\n<\/tr>\n<tr>\n<td style=\"width: 67px\"><\/td>\n<td style=\"width: 74px\"><img loading=\"lazy\" class=\"aligncenter size-full wp-image-2562\" src=\"https:\/\/sitios.ucsc.cl\/ott\/wp-content\/uploads\/sites\/15\/2022\/07\/CU_9.png\" alt=\"\" width=\"50\" height=\"50\" \/><\/td>\n<td style=\"width: 597px\">\n<h3>Equipamiento<\/h3>\n<\/td>\n<td style=\"width: 3px\"><\/td>\n<\/tr>\n<tr>\n<td style=\"width: 67px\"><\/td>\n<td style=\"width: 74px\"><\/td>\n<td style=\"width: 597px\">\u2022 2 motores de corriente continua.<br \/>\n\u2022 2 convertidores de corriente continua. Uso: Control de accionamientos en corriente continua.<br \/>\n\u2022 4 motores de corriente alterna.<br \/>\n\u2022 4 convertidores de corriente alterna.<br \/>\n\u2022 1 servomotor de corriente alterna.<br \/>\n\u2022 1 generador de corriente alterna. Uso: Control de accionamientos en corriente alterna.<br \/>\n\u2022 Registrador de variables el\u00e9ctricas.<br \/>\n\u2022 Analizador de vibraciones.<br \/>\n\u2022 Procesador DSPACE Advanced Control Education Kit.<br \/>\n\u2022 MicroLabBox DS1202.<br \/>\n\u2022 Sensores de corriente y voltaje.<br \/>\n\u2022 Sensor de desplazamiento l\u00ednea.<br \/>\n\u2022 Encoders. Uso: Medici\u00f3n y an\u00e1lisis de variables electromec\u00e1nicas.<\/td>\n<td style=\"width: 3px\"><\/td>\n<\/tr>\n<tr>\n<td style=\"width: 67px\"><\/td>\n<td style=\"width: 74px\"><img loading=\"lazy\" class=\"aligncenter size-full wp-image-2555\" src=\"https:\/\/sitios.ucsc.cl\/ott\/wp-content\/uploads\/sites\/15\/2022\/07\/CU_10.png\" alt=\"\" width=\"50\" height=\"50\" \/><\/td>\n<td style=\"width: 597px\">\n<h3>Integrantes de la unidad<\/h3>\n<p>El Laboratorio cuenta con un equipo humano interdisciplinario integrado por:<br \/>\n\u2022 Dr. Guillermo Ram\u00edrez.<br \/>\n\u2022 Carlos Jaramillo (Laborante).<\/td>\n<td style=\"width: 3px\"><\/td>\n<\/tr>\n<tr>\n<td style=\"width: 67px\"><\/td>\n<td style=\"width: 671px\" colspan=\"2\">&nbsp;<\/p>\n<p>&nbsp;<\/p>\n<p><a href=\"https:\/\/dinn.ucsc.cl\/wp-content\/uploads\/sites\/14\/2023\/10\/OTT_LAB_1.pdf\"><img loading=\"lazy\" class=\"aligncenter wp-image-3262 size-full\" src=\"https:\/\/sitios.ucsc.cl\/ott\/wp-content\/uploads\/sites\/15\/2022\/10\/Boton-descarga-300x61-1.png\" alt=\"\" width=\"300\" height=\"61\" \/><\/a><\/p>\n<p>&nbsp;<\/p>\n<p>&nbsp;<\/td>\n<td style=\"width: 3px\"><\/td>\n<\/tr>\n<tr>\n<td style=\"width: 741px\" colspan=\"4\"><img loading=\"lazy\" class=\"aligncenter size-full wp-image-3263\" src=\"https:\/\/sitios.ucsc.cl\/ott\/wp-content\/uploads\/sites\/15\/2022\/10\/banner_LB.png\" alt=\"\" width=\"950\" height=\"111\" \/><\/td>\n<\/tr>\n<\/tbody>\n<\/table>\n<h5><\/h5>\n","protected":false},"excerpt":{"rendered":"<p>Descripci\u00f3n Creado en 2014 para realizar docencia e investigaci\u00f3n cient\u00edfica aplicada en el \u00e1rea de accionamientos el\u00e9ctricos. Dependencia Facultad de Ingenier\u00eda. Director(a) responsable Dr. Guillermo Ram\u00edrez. Contacto Tel\u00e9fono: +56 41-2345237 Mail: guillermoramirez@ucsc.cl Web No tiene. \u00c1reas de conocimiento \u2022 Accionamientos el\u00e9ctricos. Oferta tecnol\u00f3gica \u2022 Estudios y asesor\u00edas en accionamientos el\u00e9ctricos. \u2022 Capacitaci\u00f3n en accionamientos el\u00e9ctricos. [&hellip;]<\/p>\n","protected":false},"author":84,"featured_media":0,"parent":0,"menu_order":0,"comment_status":"closed","ping_status":"closed","template":"","meta":[],"yoast_head":"<!-- This site is optimized with the Yoast SEO plugin v18.9 - https:\/\/yoast.com\/wordpress\/plugins\/seo\/ -->\n<title>Laboratorio de M\u00e1quinas y Accionamientos El\u00e9ctricos -<\/title>\n<meta name=\"robots\" content=\"index, follow, max-snippet:-1, max-image-preview:large, max-video-preview:-1\" \/>\n<link rel=\"canonical\" href=\"https:\/\/dinn.ucsc.cl\/index.php\/laboratorio-de-maquinas-y-accionamientos-electricos\/\" \/>\n<meta property=\"og:locale\" content=\"es_ES\" \/>\n<meta property=\"og:type\" content=\"article\" \/>\n<meta property=\"og:title\" content=\"Laboratorio de M\u00e1quinas y Accionamientos El\u00e9ctricos -\" \/>\n<meta property=\"og:description\" content=\"Descripci\u00f3n Creado en 2014 para realizar docencia e investigaci\u00f3n cient\u00edfica aplicada en el \u00e1rea de accionamientos el\u00e9ctricos. Dependencia Facultad de Ingenier\u00eda. Director(a) responsable Dr. Guillermo Ram\u00edrez. Contacto Tel\u00e9fono: +56 41-2345237 Mail: guillermoramirez@ucsc.cl Web No tiene. \u00c1reas de conocimiento \u2022 Accionamientos el\u00e9ctricos. Oferta tecnol\u00f3gica \u2022 Estudios y asesor\u00edas en accionamientos el\u00e9ctricos. \u2022 Capacitaci\u00f3n en accionamientos el\u00e9ctricos. [&hellip;]\" \/>\n<meta property=\"og:url\" content=\"https:\/\/dinn.ucsc.cl\/index.php\/laboratorio-de-maquinas-y-accionamientos-electricos\/\" \/>\n<meta property=\"article:publisher\" content=\"https:\/\/m.facebook.com\/DINNUCSC\" \/>\n<meta property=\"article:modified_time\" content=\"2023-10-15T23:18:47+00:00\" \/>\n<meta property=\"og:image\" content=\"https:\/\/sitios.ucsc.cl\/ott\/wp-content\/uploads\/sites\/15\/2022\/07\/LABUCSC.png\" \/>\n<meta name=\"twitter:card\" content=\"summary\" \/>\n<meta name=\"twitter:site\" content=\"@dinn_ucsc\" \/>\n<meta name=\"twitter:label1\" content=\"Tiempo de lectura\" \/>\n\t<meta name=\"twitter:data1\" content=\"2 minutos\" \/>\n<script type=\"application\/ld+json\" class=\"yoast-schema-graph\">{\"@context\":\"https:\/\/schema.org\",\"@graph\":[{\"@type\":\"WebSite\",\"@id\":\"https:\/\/dinn.ucsc.cl\/#website\",\"url\":\"https:\/\/dinn.ucsc.cl\/\",\"name\":\"Direcci\u00f3n de Innovaci\u00f3n UCSC\",\"description\":\"Direcci\u00f3n de Innovaci\u00f3n\",\"potentialAction\":[{\"@type\":\"SearchAction\",\"target\":{\"@type\":\"EntryPoint\",\"urlTemplate\":\"https:\/\/dinn.ucsc.cl\/?s={search_term_string}\"},\"query-input\":\"required name=search_term_string\"}],\"inLanguage\":\"es\"},{\"@type\":\"ImageObject\",\"inLanguage\":\"es\",\"@id\":\"https:\/\/dinn.ucsc.cl\/index.php\/laboratorio-de-maquinas-y-accionamientos-electricos\/#primaryimage\",\"url\":\"https:\/\/sitios.ucsc.cl\/ott\/wp-content\/uploads\/sites\/15\/2022\/07\/LABUCSC.png\",\"contentUrl\":\"https:\/\/sitios.ucsc.cl\/ott\/wp-content\/uploads\/sites\/15\/2022\/07\/LABUCSC.png\"},{\"@type\":\"WebPage\",\"@id\":\"https:\/\/dinn.ucsc.cl\/index.php\/laboratorio-de-maquinas-y-accionamientos-electricos\/#webpage\",\"url\":\"https:\/\/dinn.ucsc.cl\/index.php\/laboratorio-de-maquinas-y-accionamientos-electricos\/\",\"name\":\"Laboratorio de M\u00e1quinas y Accionamientos El\u00e9ctricos -\",\"isPartOf\":{\"@id\":\"https:\/\/dinn.ucsc.cl\/#website\"},\"primaryImageOfPage\":{\"@id\":\"https:\/\/dinn.ucsc.cl\/index.php\/laboratorio-de-maquinas-y-accionamientos-electricos\/#primaryimage\"},\"datePublished\":\"2022-11-29T02:03:33+00:00\",\"dateModified\":\"2023-10-15T23:18:47+00:00\",\"breadcrumb\":{\"@id\":\"https:\/\/dinn.ucsc.cl\/index.php\/laboratorio-de-maquinas-y-accionamientos-electricos\/#breadcrumb\"},\"inLanguage\":\"es\",\"potentialAction\":[{\"@type\":\"ReadAction\",\"target\":[\"https:\/\/dinn.ucsc.cl\/index.php\/laboratorio-de-maquinas-y-accionamientos-electricos\/\"]}]},{\"@type\":\"BreadcrumbList\",\"@id\":\"https:\/\/dinn.ucsc.cl\/index.php\/laboratorio-de-maquinas-y-accionamientos-electricos\/#breadcrumb\",\"itemListElement\":[{\"@type\":\"ListItem\",\"position\":1,\"name\":\"Inicio\",\"item\":\"https:\/\/dinn.ucsc.cl\/\"},{\"@type\":\"ListItem\",\"position\":2,\"name\":\"Laboratorio de M\u00e1quinas y Accionamientos El\u00e9ctricos\"}]}]}<\/script>\n<!-- \/ Yoast SEO plugin. -->","yoast_head_json":{"title":"Laboratorio de M\u00e1quinas y Accionamientos El\u00e9ctricos -","robots":{"index":"index","follow":"follow","max-snippet":"max-snippet:-1","max-image-preview":"max-image-preview:large","max-video-preview":"max-video-preview:-1"},"canonical":"https:\/\/dinn.ucsc.cl\/index.php\/laboratorio-de-maquinas-y-accionamientos-electricos\/","og_locale":"es_ES","og_type":"article","og_title":"Laboratorio de M\u00e1quinas y Accionamientos El\u00e9ctricos -","og_description":"Descripci\u00f3n Creado en 2014 para realizar docencia e investigaci\u00f3n cient\u00edfica aplicada en el \u00e1rea de accionamientos el\u00e9ctricos. Dependencia Facultad de Ingenier\u00eda. Director(a) responsable Dr. Guillermo Ram\u00edrez. Contacto Tel\u00e9fono: +56 41-2345237 Mail: guillermoramirez@ucsc.cl Web No tiene. \u00c1reas de conocimiento \u2022 Accionamientos el\u00e9ctricos. Oferta tecnol\u00f3gica \u2022 Estudios y asesor\u00edas en accionamientos el\u00e9ctricos. \u2022 Capacitaci\u00f3n en accionamientos el\u00e9ctricos. [&hellip;]","og_url":"https:\/\/dinn.ucsc.cl\/index.php\/laboratorio-de-maquinas-y-accionamientos-electricos\/","article_publisher":"https:\/\/m.facebook.com\/DINNUCSC","article_modified_time":"2023-10-15T23:18:47+00:00","og_image":[{"url":"https:\/\/sitios.ucsc.cl\/ott\/wp-content\/uploads\/sites\/15\/2022\/07\/LABUCSC.png"}],"twitter_card":"summary","twitter_site":"@dinn_ucsc","twitter_misc":{"Tiempo de lectura":"2 minutos"},"schema":{"@context":"https:\/\/schema.org","@graph":[{"@type":"WebSite","@id":"https:\/\/dinn.ucsc.cl\/#website","url":"https:\/\/dinn.ucsc.cl\/","name":"Direcci\u00f3n de Innovaci\u00f3n UCSC","description":"Direcci\u00f3n de Innovaci\u00f3n","potentialAction":[{"@type":"SearchAction","target":{"@type":"EntryPoint","urlTemplate":"https:\/\/dinn.ucsc.cl\/?s={search_term_string}"},"query-input":"required name=search_term_string"}],"inLanguage":"es"},{"@type":"ImageObject","inLanguage":"es","@id":"https:\/\/dinn.ucsc.cl\/index.php\/laboratorio-de-maquinas-y-accionamientos-electricos\/#primaryimage","url":"https:\/\/sitios.ucsc.cl\/ott\/wp-content\/uploads\/sites\/15\/2022\/07\/LABUCSC.png","contentUrl":"https:\/\/sitios.ucsc.cl\/ott\/wp-content\/uploads\/sites\/15\/2022\/07\/LABUCSC.png"},{"@type":"WebPage","@id":"https:\/\/dinn.ucsc.cl\/index.php\/laboratorio-de-maquinas-y-accionamientos-electricos\/#webpage","url":"https:\/\/dinn.ucsc.cl\/index.php\/laboratorio-de-maquinas-y-accionamientos-electricos\/","name":"Laboratorio de M\u00e1quinas y Accionamientos El\u00e9ctricos -","isPartOf":{"@id":"https:\/\/dinn.ucsc.cl\/#website"},"primaryImageOfPage":{"@id":"https:\/\/dinn.ucsc.cl\/index.php\/laboratorio-de-maquinas-y-accionamientos-electricos\/#primaryimage"},"datePublished":"2022-11-29T02:03:33+00:00","dateModified":"2023-10-15T23:18:47+00:00","breadcrumb":{"@id":"https:\/\/dinn.ucsc.cl\/index.php\/laboratorio-de-maquinas-y-accionamientos-electricos\/#breadcrumb"},"inLanguage":"es","potentialAction":[{"@type":"ReadAction","target":["https:\/\/dinn.ucsc.cl\/index.php\/laboratorio-de-maquinas-y-accionamientos-electricos\/"]}]},{"@type":"BreadcrumbList","@id":"https:\/\/dinn.ucsc.cl\/index.php\/laboratorio-de-maquinas-y-accionamientos-electricos\/#breadcrumb","itemListElement":[{"@type":"ListItem","position":1,"name":"Inicio","item":"https:\/\/dinn.ucsc.cl\/"},{"@type":"ListItem","position":2,"name":"Laboratorio de M\u00e1quinas y Accionamientos El\u00e9ctricos"}]}]}},"_links":{"self":[{"href":"https:\/\/dinn.ucsc.cl\/index.php\/wp-json\/wp\/v2\/pages\/4210"}],"collection":[{"href":"https:\/\/dinn.ucsc.cl\/index.php\/wp-json\/wp\/v2\/pages"}],"about":[{"href":"https:\/\/dinn.ucsc.cl\/index.php\/wp-json\/wp\/v2\/types\/page"}],"author":[{"embeddable":true,"href":"https:\/\/dinn.ucsc.cl\/index.php\/wp-json\/wp\/v2\/users\/84"}],"replies":[{"embeddable":true,"href":"https:\/\/dinn.ucsc.cl\/index.php\/wp-json\/wp\/v2\/comments?post=4210"}],"version-history":[{"count":5,"href":"https:\/\/dinn.ucsc.cl\/index.php\/wp-json\/wp\/v2\/pages\/4210\/revisions"}],"predecessor-version":[{"id":5475,"href":"https:\/\/dinn.ucsc.cl\/index.php\/wp-json\/wp\/v2\/pages\/4210\/revisions\/5475"}],"wp:attachment":[{"href":"https:\/\/dinn.ucsc.cl\/index.php\/wp-json\/wp\/v2\/media?parent=4210"}],"curies":[{"name":"wp","href":"https:\/\/api.w.org\/{rel}","templated":true}]}}