{"id":4216,"date":"2022-11-28T23:05:44","date_gmt":"2022-11-29T02:05:44","guid":{"rendered":"https:\/\/dinn.ucsc.cl\/?page_id=4216"},"modified":"2022-11-28T23:05:44","modified_gmt":"2022-11-29T02:05:44","slug":"laboratorio-de-bromatologia","status":"publish","type":"page","link":"https:\/\/dinn.ucsc.cl\/index.php\/laboratorio-de-bromatologia\/","title":{"rendered":"Laboratorio de Bromatolog\u00eda"},"content":{"rendered":"<table class=\" alignleft\">\n<tbody>\n<tr>\n<td style=\"width: 741px\" colspan=\"4\"><img loading=\"lazy\" class=\"aligncenter size-full wp-image-2924\" src=\"https:\/\/sitios.ucsc.cl\/ott\/wp-content\/uploads\/sites\/15\/2022\/07\/LABUCSC4.png\" alt=\"\" width=\"950\" height=\"194\" \/><\/td>\n<\/tr>\n<tr>\n<td style=\"width: 68px\"><\/td>\n<td style=\"width: 75px\"><img loading=\"lazy\" class=\"aligncenter wp-image-2512 size-full\" src=\"https:\/\/sitios.ucsc.cl\/ott\/wp-content\/uploads\/sites\/15\/2022\/07\/CU_1.png\" alt=\"\" width=\"50\" height=\"50\" \/><\/td>\n<td style=\"width: 595px\">\n<h3>Descripci\u00f3n<\/h3>\n<p>El Laboratorio es parte de la carrera de Nutrici\u00f3n y Diet\u00e9tica de la UCSC. Su funci\u00f3n principal es el<br \/>\nan\u00e1lisis de alimentos basados en t\u00e9cnicas f\u00edsico-qu\u00edmicas que engloban el an\u00e1lisis proximal para<br \/>\ndeterminaci\u00f3n de macronutrientes.<\/td>\n<td style=\"width: 3px\"><\/td>\n<\/tr>\n<tr>\n<td style=\"width: 68px\"><\/td>\n<td style=\"width: 75px\"><img loading=\"lazy\" class=\"aligncenter size-full wp-image-2558\" src=\"https:\/\/sitios.ucsc.cl\/ott\/wp-content\/uploads\/sites\/15\/2022\/07\/CU_5.png\" alt=\"\" width=\"50\" height=\"50\" \/><\/td>\n<td style=\"width: 595px\">\n<h3>Dependencia<\/h3>\n<p>Facultad de Medicina.<\/td>\n<td style=\"width: 3px\"><\/td>\n<\/tr>\n<tr>\n<td style=\"width: 68px\"><\/td>\n<td style=\"width: 75px\"><img loading=\"lazy\" class=\"aligncenter size-full wp-image-2555\" src=\"https:\/\/sitios.ucsc.cl\/ott\/wp-content\/uploads\/sites\/15\/2022\/07\/CU_10.png\" alt=\"\" width=\"50\" height=\"50\" \/><\/td>\n<td style=\"width: 595px\">\n<h3>Director(a) responsable<\/h3>\n<p>Marcia Negroni.<\/td>\n<td style=\"width: 3px\"><\/td>\n<\/tr>\n<tr>\n<td style=\"width: 68px\"><\/td>\n<td style=\"width: 75px\"><img loading=\"lazy\" class=\"aligncenter size-full wp-image-2557\" src=\"https:\/\/sitios.ucsc.cl\/ott\/wp-content\/uploads\/sites\/15\/2022\/07\/CU_4.png\" alt=\"\" width=\"50\" height=\"50\" \/><\/td>\n<td style=\"width: 595px\">\n<h3>Contacto<\/h3>\n<p>Tel\u00e9fono: +56 41-2345416<br \/>\nMail: mnegroni@ucsc.cl<\/td>\n<td style=\"width: 3px\"><\/td>\n<\/tr>\n<tr>\n<td style=\"width: 68px\"><\/td>\n<td style=\"width: 75px\"><img loading=\"lazy\" class=\"aligncenter size-full wp-image-2559\" src=\"https:\/\/sitios.ucsc.cl\/ott\/wp-content\/uploads\/sites\/15\/2022\/07\/CU_6.png\" alt=\"\" width=\"50\" height=\"50\" \/><\/td>\n<td style=\"width: 595px\">\n<h3>Web<\/h3>\n<p>No tiene.<\/td>\n<td style=\"width: 3px\"><\/td>\n<\/tr>\n<tr>\n<td style=\"width: 68px\"><\/td>\n<td style=\"width: 75px\"><img loading=\"lazy\" class=\"aligncenter size-full wp-image-2512\" src=\"https:\/\/sitios.ucsc.cl\/ott\/wp-content\/uploads\/sites\/15\/2022\/07\/CU_1.png\" alt=\"\" width=\"50\" height=\"50\" \/><\/td>\n<td style=\"width: 595px\">\n<h3>\u00c1reas de conocimiento<\/h3>\n<p>Bromatolog\u00eda, Inocuidad alimentaria.<\/td>\n<td style=\"width: 3px\"><\/td>\n<\/tr>\n<tr>\n<td style=\"width: 68px\"><\/td>\n<td style=\"width: 75px\"><img loading=\"lazy\" class=\"aligncenter size-full wp-image-2556\" src=\"https:\/\/sitios.ucsc.cl\/ott\/wp-content\/uploads\/sites\/15\/2022\/07\/CU_3.png\" alt=\"\" width=\"50\" height=\"50\" \/><\/td>\n<td style=\"width: 595px\">\n<h3>Oferta tecnol\u00f3gica<\/h3>\n<p>\u2022 An\u00e1lisis de: Humedad, Minerales Totales, Prote\u00edna Total,<br \/>\n\u2022 Grasa Total, Carbohidratos por Refractometr\u00eda.<br \/>\n\u2022 An\u00e1lisis de Fibra Diet\u00e9tica Total (en proceso de implementaci\u00f3n).<br \/>\n\u2022 An\u00e1lisis de control de calidad en alimentos y aguas, medioambiente.<br \/>\n\u2022 Apoyo en An\u00e1lisis de Control interno basados en an\u00e1lisis f\u00edsicoqu\u00edmicos.<\/td>\n<td style=\"width: 3px\"><\/td>\n<\/tr>\n<tr>\n<td style=\"width: 68px\"><\/td>\n<td style=\"width: 75px\"><img loading=\"lazy\" class=\"aligncenter size-full wp-image-2561\" src=\"https:\/\/sitios.ucsc.cl\/ott\/wp-content\/uploads\/sites\/15\/2022\/07\/CU_8.png\" alt=\"\" width=\"50\" height=\"50\" \/><\/td>\n<td style=\"width: 595px\">\n<h3>Experiencia de la unidad<\/h3>\n<p><strong>Proyectos ejecutados (2014 &#8211; 2019)<\/strong><br \/>\n\u2022 Participaci\u00f3n en proyecto de Inter\u00e9s P\u00fablico denominado \u201cImplementaci\u00f3n de herramientas para la superaci\u00f3n de brechas productivas e identificaci\u00f3n de segmentos comerciales para el recurso jaiba presente en la Provincia de Arauco, con un enfoque de sustentabilidad\u201d.<\/td>\n<td style=\"width: 3px\"><\/td>\n<\/tr>\n<tr>\n<td style=\"width: 68px\"><\/td>\n<td style=\"width: 75px\"><img loading=\"lazy\" class=\"aligncenter size-full wp-image-2560\" src=\"https:\/\/sitios.ucsc.cl\/ott\/wp-content\/uploads\/sites\/15\/2022\/07\/CU_7.png\" alt=\"\" width=\"50\" height=\"50\" \/><\/td>\n<td style=\"width: 595px\">\n<h3>Infraestructura<\/h3>\n<p>El laboratorio de bromatolog\u00eda cuenta con m\u00e1s de 40 metros cuadrados de espacio destinado exclusivamente a la docencia e investigaci\u00f3n en nutrici\u00f3n y diet\u00e9tica. En este espacio se ubican equipos de uso general como medidores de pH, humedad, cenizas, campanas extractoras de gases, digestores, destiladores, rotavapor, Nitr\u00f3geno Total, entre otros.<\/td>\n<td style=\"width: 3px\"><\/td>\n<\/tr>\n<tr>\n<td style=\"width: 68px\"><\/td>\n<td style=\"width: 75px\"><img loading=\"lazy\" class=\"aligncenter size-full wp-image-2562\" src=\"https:\/\/sitios.ucsc.cl\/ott\/wp-content\/uploads\/sites\/15\/2022\/07\/CU_9.png\" alt=\"\" width=\"50\" height=\"50\" \/><\/td>\n<td style=\"width: 595px\">\n<h3>Equipamiento<\/h3>\n<\/td>\n<td style=\"width: 3px\"><\/td>\n<\/tr>\n<tr>\n<td style=\"width: 68px\"><\/td>\n<td style=\"width: 75px\"><\/td>\n<td style=\"width: 595px\">\u2022 Equipo soxleh.<br \/>\n\u2022 Equipo m\u00e9todo Kjeldahl para prote\u00edna.<br \/>\nUso: Medici\u00f3n de prote\u00edna.<br \/>\n\u2022 Equipo para nitr\u00f3geno total.<br \/>\nUso: Medici\u00f3n de nitr\u00f3geno total.<br \/>\n\u2022 Equipo para humedad por medio termogravim\u00e9trico.<br \/>\nUso: Medici\u00f3n de humedad.<br \/>\n\u2022 Equipo para humedad por medio termobalanzas.<br \/>\nUso: Medici\u00f3n de humedad.<br \/>\n\u2022 Equipo para az\u00facar por refractometr\u00eda.<br \/>\nUso: Medici\u00f3n de az\u00facar.<br \/>\n\u2022 Agitadores Magn\u00e9ticos: 6.<br \/>\nUso: Medici\u00f3n de fibra diet\u00e9tica total.<br \/>\n\u2022 Balanza anal\u00edtica AND: 2.<br \/>\n\u2022 Ba\u00f1o termoregulado 4 platos.<br \/>\n\u2022 Bomba de agua para vac\u00edo scrubber.<br \/>\n\u2022 Bomba vac\u00edo libre de aceite ROCKER400.<br \/>\n\u2022 Conductiv\u00edmetro Hanna.<br \/>\n\u2022 Destilador semiautom\u00e1ico Velp VDK126D.<br \/>\n\u2022 Digestor Velp DK6.<br \/>\n\u2022 Estufas de secado Binder: 2.<br \/>\n\u2022 Manto calefactor 500 ml Electrothermal.<br \/>\n\u2022 Manto calefactor BIBBY.<br \/>\n\u2022 Mufla Vulcan A-550 :2.<br \/>\n\u2022 Pie de metro Vernier 5\u201d acero carbon.<br \/>\n\u2022 Pinza para destilador.<br \/>\n\u2022 Placa calefactora con agitador Labtech LMS 1003: 2.<br \/>\n\u2022 Placa calefactora con agitador Stuart CB162: 2.<br \/>\n\u2022 Refract\u00f3metro ABBE.<br \/>\n\u2022 Refract\u00f3metro port\u00e1til (ARQ).<br \/>\n\u2022 Rotavapor con ba\u00f1o.<br \/>\n\u2022 Peachimetro port\u00e1til 350 (JENWAY) 2.<br \/>\n\u2022 Peachimetro port\u00e1til 350 (JENWAY) 2.<br \/>\n\u2022 Termobalanza.<br \/>\n\u2022 Placa calefactora (ARQ) HS10-2 (Sr.07301319).<\/td>\n<td style=\"width: 3px\"><\/td>\n<\/tr>\n<tr>\n<td style=\"width: 68px\"><\/td>\n<td style=\"width: 75px\"><img loading=\"lazy\" class=\"aligncenter size-full wp-image-2555\" src=\"https:\/\/sitios.ucsc.cl\/ott\/wp-content\/uploads\/sites\/15\/2022\/07\/CU_10.png\" alt=\"\" width=\"50\" height=\"50\" \/><\/td>\n<td style=\"width: 595px\">\n<h3>Integrantes de la unidad<\/h3>\n<p>El Laboratorio cuenta con un equipo humano interdisciplinario integrado por:<br \/>\n\u2022 Marcia Negroni.<\/td>\n<td style=\"width: 3px\"><\/td>\n<\/tr>\n<tr>\n<td style=\"width: 68px\"><\/td>\n<td style=\"width: 670px\" colspan=\"2\">&nbsp;<\/p>\n<p>&nbsp;<\/p>\n<p><a href=\"https:\/\/sitios.ucsc.cl\/ott\/wp-content\/uploads\/sites\/15\/2022\/10\/OTT_LAB_4.pdf\"><img loading=\"lazy\" class=\"aligncenter size-full wp-image-3262\" src=\"https:\/\/sitios.ucsc.cl\/ott\/wp-content\/uploads\/sites\/15\/2022\/10\/Boton-descarga-300x61-1.png\" alt=\"\" width=\"300\" height=\"61\" \/><\/a><\/p>\n<p>&nbsp;<\/p>\n<p>&nbsp;<\/td>\n<td style=\"width: 3px\"><\/td>\n<\/tr>\n<tr>\n<td style=\"width: 741px\" colspan=\"4\"><img loading=\"lazy\" class=\"aligncenter size-full wp-image-3263\" src=\"https:\/\/sitios.ucsc.cl\/ott\/wp-content\/uploads\/sites\/15\/2022\/10\/banner_LB.png\" alt=\"\" width=\"950\" height=\"111\" \/><\/td>\n<\/tr>\n<\/tbody>\n<\/table>\n<h5><\/h5>\n","protected":false},"excerpt":{"rendered":"<p>Descripci\u00f3n El Laboratorio es parte de la carrera de Nutrici\u00f3n y Diet\u00e9tica de la UCSC. Su funci\u00f3n principal es el an\u00e1lisis de alimentos basados en t\u00e9cnicas f\u00edsico-qu\u00edmicas que engloban el an\u00e1lisis proximal para determinaci\u00f3n de macronutrientes. Dependencia Facultad de Medicina. Director(a) responsable Marcia Negroni. Contacto Tel\u00e9fono: +56 41-2345416 Mail: mnegroni@ucsc.cl Web No tiene. \u00c1reas de [&hellip;]<\/p>\n","protected":false},"author":84,"featured_media":0,"parent":0,"menu_order":0,"comment_status":"closed","ping_status":"closed","template":"","meta":[],"yoast_head":"<!-- This site is optimized with the Yoast SEO plugin v18.9 - https:\/\/yoast.com\/wordpress\/plugins\/seo\/ -->\n<title>Laboratorio de Bromatolog\u00eda -<\/title>\n<meta name=\"robots\" content=\"index, follow, max-snippet:-1, max-image-preview:large, max-video-preview:-1\" \/>\n<link rel=\"canonical\" href=\"https:\/\/dinn.ucsc.cl\/index.php\/laboratorio-de-bromatologia\/\" \/>\n<meta property=\"og:locale\" content=\"es_ES\" \/>\n<meta property=\"og:type\" content=\"article\" \/>\n<meta property=\"og:title\" content=\"Laboratorio de Bromatolog\u00eda -\" \/>\n<meta property=\"og:description\" content=\"Descripci\u00f3n El Laboratorio es parte de la carrera de Nutrici\u00f3n y Diet\u00e9tica de la UCSC. Su funci\u00f3n principal es el an\u00e1lisis de alimentos basados en t\u00e9cnicas f\u00edsico-qu\u00edmicas que engloban el an\u00e1lisis proximal para determinaci\u00f3n de macronutrientes. Dependencia Facultad de Medicina. Director(a) responsable Marcia Negroni. Contacto Tel\u00e9fono: +56 41-2345416 Mail: mnegroni@ucsc.cl Web No tiene. \u00c1reas de [&hellip;]\" \/>\n<meta property=\"og:url\" content=\"https:\/\/dinn.ucsc.cl\/index.php\/laboratorio-de-bromatologia\/\" \/>\n<meta property=\"article:publisher\" content=\"https:\/\/m.facebook.com\/DINNUCSC\" \/>\n<meta property=\"og:image\" content=\"https:\/\/sitios.ucsc.cl\/ott\/wp-content\/uploads\/sites\/15\/2022\/07\/LABUCSC4.png\" \/>\n<meta name=\"twitter:card\" content=\"summary\" \/>\n<meta name=\"twitter:site\" content=\"@dinn_ucsc\" \/>\n<meta name=\"twitter:label1\" content=\"Tiempo de lectura\" \/>\n\t<meta name=\"twitter:data1\" content=\"2 minutos\" \/>\n<script type=\"application\/ld+json\" class=\"yoast-schema-graph\">{\"@context\":\"https:\/\/schema.org\",\"@graph\":[{\"@type\":\"WebSite\",\"@id\":\"https:\/\/dinn.ucsc.cl\/#website\",\"url\":\"https:\/\/dinn.ucsc.cl\/\",\"name\":\"Direcci\u00f3n de Innovaci\u00f3n UCSC\",\"description\":\"Direcci\u00f3n de Innovaci\u00f3n\",\"potentialAction\":[{\"@type\":\"SearchAction\",\"target\":{\"@type\":\"EntryPoint\",\"urlTemplate\":\"https:\/\/dinn.ucsc.cl\/?s={search_term_string}\"},\"query-input\":\"required name=search_term_string\"}],\"inLanguage\":\"es\"},{\"@type\":\"ImageObject\",\"inLanguage\":\"es\",\"@id\":\"https:\/\/dinn.ucsc.cl\/index.php\/laboratorio-de-bromatologia\/#primaryimage\",\"url\":\"https:\/\/sitios.ucsc.cl\/ott\/wp-content\/uploads\/sites\/15\/2022\/07\/LABUCSC4.png\",\"contentUrl\":\"https:\/\/sitios.ucsc.cl\/ott\/wp-content\/uploads\/sites\/15\/2022\/07\/LABUCSC4.png\"},{\"@type\":\"WebPage\",\"@id\":\"https:\/\/dinn.ucsc.cl\/index.php\/laboratorio-de-bromatologia\/#webpage\",\"url\":\"https:\/\/dinn.ucsc.cl\/index.php\/laboratorio-de-bromatologia\/\",\"name\":\"Laboratorio de Bromatolog\u00eda -\",\"isPartOf\":{\"@id\":\"https:\/\/dinn.ucsc.cl\/#website\"},\"primaryImageOfPage\":{\"@id\":\"https:\/\/dinn.ucsc.cl\/index.php\/laboratorio-de-bromatologia\/#primaryimage\"},\"datePublished\":\"2022-11-29T02:05:44+00:00\",\"dateModified\":\"2022-11-29T02:05:44+00:00\",\"breadcrumb\":{\"@id\":\"https:\/\/dinn.ucsc.cl\/index.php\/laboratorio-de-bromatologia\/#breadcrumb\"},\"inLanguage\":\"es\",\"potentialAction\":[{\"@type\":\"ReadAction\",\"target\":[\"https:\/\/dinn.ucsc.cl\/index.php\/laboratorio-de-bromatologia\/\"]}]},{\"@type\":\"BreadcrumbList\",\"@id\":\"https:\/\/dinn.ucsc.cl\/index.php\/laboratorio-de-bromatologia\/#breadcrumb\",\"itemListElement\":[{\"@type\":\"ListItem\",\"position\":1,\"name\":\"Inicio\",\"item\":\"https:\/\/dinn.ucsc.cl\/\"},{\"@type\":\"ListItem\",\"position\":2,\"name\":\"Laboratorio de Bromatolog\u00eda\"}]}]}<\/script>\n<!-- \/ Yoast SEO plugin. -->","yoast_head_json":{"title":"Laboratorio de Bromatolog\u00eda -","robots":{"index":"index","follow":"follow","max-snippet":"max-snippet:-1","max-image-preview":"max-image-preview:large","max-video-preview":"max-video-preview:-1"},"canonical":"https:\/\/dinn.ucsc.cl\/index.php\/laboratorio-de-bromatologia\/","og_locale":"es_ES","og_type":"article","og_title":"Laboratorio de Bromatolog\u00eda -","og_description":"Descripci\u00f3n El Laboratorio es parte de la carrera de Nutrici\u00f3n y Diet\u00e9tica de la UCSC. Su funci\u00f3n principal es el an\u00e1lisis de alimentos basados en t\u00e9cnicas f\u00edsico-qu\u00edmicas que engloban el an\u00e1lisis proximal para determinaci\u00f3n de macronutrientes. Dependencia Facultad de Medicina. Director(a) responsable Marcia Negroni. Contacto Tel\u00e9fono: +56 41-2345416 Mail: mnegroni@ucsc.cl Web No tiene. \u00c1reas de [&hellip;]","og_url":"https:\/\/dinn.ucsc.cl\/index.php\/laboratorio-de-bromatologia\/","article_publisher":"https:\/\/m.facebook.com\/DINNUCSC","og_image":[{"url":"https:\/\/sitios.ucsc.cl\/ott\/wp-content\/uploads\/sites\/15\/2022\/07\/LABUCSC4.png"}],"twitter_card":"summary","twitter_site":"@dinn_ucsc","twitter_misc":{"Tiempo de lectura":"2 minutos"},"schema":{"@context":"https:\/\/schema.org","@graph":[{"@type":"WebSite","@id":"https:\/\/dinn.ucsc.cl\/#website","url":"https:\/\/dinn.ucsc.cl\/","name":"Direcci\u00f3n de Innovaci\u00f3n UCSC","description":"Direcci\u00f3n de Innovaci\u00f3n","potentialAction":[{"@type":"SearchAction","target":{"@type":"EntryPoint","urlTemplate":"https:\/\/dinn.ucsc.cl\/?s={search_term_string}"},"query-input":"required name=search_term_string"}],"inLanguage":"es"},{"@type":"ImageObject","inLanguage":"es","@id":"https:\/\/dinn.ucsc.cl\/index.php\/laboratorio-de-bromatologia\/#primaryimage","url":"https:\/\/sitios.ucsc.cl\/ott\/wp-content\/uploads\/sites\/15\/2022\/07\/LABUCSC4.png","contentUrl":"https:\/\/sitios.ucsc.cl\/ott\/wp-content\/uploads\/sites\/15\/2022\/07\/LABUCSC4.png"},{"@type":"WebPage","@id":"https:\/\/dinn.ucsc.cl\/index.php\/laboratorio-de-bromatologia\/#webpage","url":"https:\/\/dinn.ucsc.cl\/index.php\/laboratorio-de-bromatologia\/","name":"Laboratorio de Bromatolog\u00eda -","isPartOf":{"@id":"https:\/\/dinn.ucsc.cl\/#website"},"primaryImageOfPage":{"@id":"https:\/\/dinn.ucsc.cl\/index.php\/laboratorio-de-bromatologia\/#primaryimage"},"datePublished":"2022-11-29T02:05:44+00:00","dateModified":"2022-11-29T02:05:44+00:00","breadcrumb":{"@id":"https:\/\/dinn.ucsc.cl\/index.php\/laboratorio-de-bromatologia\/#breadcrumb"},"inLanguage":"es","potentialAction":[{"@type":"ReadAction","target":["https:\/\/dinn.ucsc.cl\/index.php\/laboratorio-de-bromatologia\/"]}]},{"@type":"BreadcrumbList","@id":"https:\/\/dinn.ucsc.cl\/index.php\/laboratorio-de-bromatologia\/#breadcrumb","itemListElement":[{"@type":"ListItem","position":1,"name":"Inicio","item":"https:\/\/dinn.ucsc.cl\/"},{"@type":"ListItem","position":2,"name":"Laboratorio de Bromatolog\u00eda"}]}]}},"_links":{"self":[{"href":"https:\/\/dinn.ucsc.cl\/index.php\/wp-json\/wp\/v2\/pages\/4216"}],"collection":[{"href":"https:\/\/dinn.ucsc.cl\/index.php\/wp-json\/wp\/v2\/pages"}],"about":[{"href":"https:\/\/dinn.ucsc.cl\/index.php\/wp-json\/wp\/v2\/types\/page"}],"author":[{"embeddable":true,"href":"https:\/\/dinn.ucsc.cl\/index.php\/wp-json\/wp\/v2\/users\/84"}],"replies":[{"embeddable":true,"href":"https:\/\/dinn.ucsc.cl\/index.php\/wp-json\/wp\/v2\/comments?post=4216"}],"version-history":[{"count":1,"href":"https:\/\/dinn.ucsc.cl\/index.php\/wp-json\/wp\/v2\/pages\/4216\/revisions"}],"predecessor-version":[{"id":4217,"href":"https:\/\/dinn.ucsc.cl\/index.php\/wp-json\/wp\/v2\/pages\/4216\/revisions\/4217"}],"wp:attachment":[{"href":"https:\/\/dinn.ucsc.cl\/index.php\/wp-json\/wp\/v2\/media?parent=4216"}],"curies":[{"name":"wp","href":"https:\/\/api.w.org\/{rel}","templated":true}]}}