{"id":4218,"date":"2022-11-28T23:06:21","date_gmt":"2022-11-29T02:06:21","guid":{"rendered":"https:\/\/dinn.ucsc.cl\/?page_id=4218"},"modified":"2023-10-15T20:35:43","modified_gmt":"2023-10-15T23:35:43","slug":"laboratorio-de-fotocatalisis","status":"publish","type":"page","link":"https:\/\/dinn.ucsc.cl\/index.php\/laboratorio-de-fotocatalisis\/","title":{"rendered":"Laboratorio de Fotocat\u00e1lisis"},"content":{"rendered":"<table class=\" alignleft\">\n<tbody>\n<tr>\n<td style=\"width: 741px\" colspan=\"4\"><img loading=\"lazy\" class=\"aligncenter size-full wp-image-2925\" src=\"https:\/\/sitios.ucsc.cl\/ott\/wp-content\/uploads\/sites\/15\/2022\/07\/LABUCSC5.png\" alt=\"\" width=\"950\" height=\"194\" \/><\/td>\n<\/tr>\n<tr>\n<td style=\"width: 70px\"><\/td>\n<td style=\"width: 70px\"><img loading=\"lazy\" class=\"aligncenter wp-image-2512 size-full\" src=\"https:\/\/sitios.ucsc.cl\/ott\/wp-content\/uploads\/sites\/15\/2022\/07\/CU_1.png\" alt=\"\" width=\"50\" height=\"50\" \/><\/td>\n<td style=\"width: 598px\">\n<h3>Descripci\u00f3n<\/h3>\n<p>El Laboratorio de Investigaci\u00f3n de Fotocat\u00e1lisis fue creado en el a\u00f1o 2001 para realizar investigaci\u00f3n cient\u00edfica b\u00e1sica y aplicada en el \u00e1rea de qu\u00edmica ambiental.<\/td>\n<td style=\"width: 3px\"><\/td>\n<\/tr>\n<tr>\n<td style=\"width: 70px\"><\/td>\n<td style=\"width: 70px\"><img loading=\"lazy\" class=\"aligncenter size-full wp-image-2558\" src=\"https:\/\/sitios.ucsc.cl\/ott\/wp-content\/uploads\/sites\/15\/2022\/07\/CU_5.png\" alt=\"\" width=\"50\" height=\"50\" \/><\/td>\n<td style=\"width: 598px\">\n<h3>Dependencia<\/h3>\n<p>Departamento de Qu\u00edmica Ambiental, Facultad de Ciencias.<\/td>\n<td style=\"width: 3px\"><\/td>\n<\/tr>\n<tr>\n<td style=\"width: 70px\"><\/td>\n<td style=\"width: 70px\"><img loading=\"lazy\" class=\"aligncenter size-full wp-image-2555\" src=\"https:\/\/sitios.ucsc.cl\/ott\/wp-content\/uploads\/sites\/15\/2022\/07\/CU_10.png\" alt=\"\" width=\"50\" height=\"50\" \/><\/td>\n<td style=\"width: 598px\">\n<h3>Director(a) responsable<\/h3>\n<p>Dra. Mar\u00eda Cristina Y\u00e9ber.<\/td>\n<td style=\"width: 3px\"><\/td>\n<\/tr>\n<tr>\n<td style=\"width: 70px\"><\/td>\n<td style=\"width: 70px\"><img loading=\"lazy\" class=\"aligncenter size-full wp-image-2557\" src=\"https:\/\/sitios.ucsc.cl\/ott\/wp-content\/uploads\/sites\/15\/2022\/07\/CU_4.png\" alt=\"\" width=\"50\" height=\"50\" \/><\/td>\n<td style=\"width: 598px\">\n<h3>Contacto<\/h3>\n<p>Fono: +56 41-345273<br \/>\nMail: mcyeber@ucsc.cl<\/td>\n<td style=\"width: 3px\"><\/td>\n<\/tr>\n<tr>\n<td style=\"width: 70px\"><\/td>\n<td style=\"width: 70px\"><img loading=\"lazy\" class=\"aligncenter size-full wp-image-2559\" src=\"https:\/\/sitios.ucsc.cl\/ott\/wp-content\/uploads\/sites\/15\/2022\/07\/CU_6.png\" alt=\"\" width=\"50\" height=\"50\" \/><\/td>\n<td style=\"width: 598px\">\n<h3>Web<\/h3>\n<p>No tiene.<\/td>\n<td style=\"width: 3px\"><\/td>\n<\/tr>\n<tr>\n<td style=\"width: 70px\"><\/td>\n<td style=\"width: 70px\"><img loading=\"lazy\" class=\"aligncenter size-full wp-image-2512\" src=\"https:\/\/sitios.ucsc.cl\/ott\/wp-content\/uploads\/sites\/15\/2022\/07\/CU_1.png\" alt=\"\" width=\"50\" height=\"50\" \/><\/td>\n<td style=\"width: 598px\">\n<h3>\u00c1reas de conocimiento<\/h3>\n<p>\u2022 Tratamiento de aguas residuales industriales y compuestos org\u00e1nicos e inorg\u00e1nicos t\u00f3xicos, mediante procesos de oxidaci\u00f3n avanzada y Biorremediaci\u00f3n.<br \/>\n\u2022 Biorremediaci\u00f3n de residuos industriales l\u00edquidos y s\u00f3lidos que contienen compuestos org\u00e1nicos t\u00f3xicos y metales pesados.<\/td>\n<td style=\"width: 3px\"><\/td>\n<\/tr>\n<tr>\n<td style=\"width: 70px\"><\/td>\n<td style=\"width: 70px\"><img loading=\"lazy\" class=\"aligncenter size-full wp-image-2556\" src=\"https:\/\/sitios.ucsc.cl\/ott\/wp-content\/uploads\/sites\/15\/2022\/07\/CU_3.png\" alt=\"\" width=\"50\" height=\"50\" \/><\/td>\n<td style=\"width: 598px\">\n<h3>Oferta tecnol\u00f3gica<\/h3>\n<p>Tiene capacidad de realizar investigaci\u00f3n cient\u00edfica b\u00e1sica y aplicada en el \u00e1rea de qu\u00edmica org\u00e1nica y qu\u00edmica del ambiente para la industria y la sociedad. Tiene capacidades instaladas, y proyectos de I+D a nivel de investigaci\u00f3n aplicada.<\/td>\n<td style=\"width: 3px\"><\/td>\n<\/tr>\n<tr>\n<td style=\"width: 70px\"><\/td>\n<td style=\"width: 70px\"><img loading=\"lazy\" class=\"aligncenter size-full wp-image-2561\" src=\"https:\/\/sitios.ucsc.cl\/ott\/wp-content\/uploads\/sites\/15\/2022\/07\/CU_8.png\" alt=\"\" width=\"50\" height=\"50\" \/><\/td>\n<td style=\"width: 598px\">\n<h3>Experiencia de la unidad<\/h3>\n<\/td>\n<td style=\"width: 3px\"><\/td>\n<\/tr>\n<tr>\n<td style=\"width: 70px\"><\/td>\n<td style=\"width: 70px\"><\/td>\n<td style=\"width: 598px\"><strong>Proyectos ejecutados<\/strong><br \/>\n<strong>2011:<\/strong><br \/>\n\u2022 Degradaci\u00f3n de un efluente generado en la obtenci\u00f3n de celulosa Kraft de Eucaliptus mediante un tratamiento biol\u00f3gico utilizando la bacteria Pseudomona aeruginosa. Proyecto INNOVA BIOBIO.<br \/>\n<strong>2018-2019:<\/strong><br \/>\n\u2022 Ciencia para la Innovaci\u00f3n 2030. Alianza Sur-Subant\u00e1rtica. Ci2030- CORFO \u2013 Innovachile (18 CEIN-9350) Director-UCSC.<br \/>\n<strong>2018:<\/strong><br \/>\n\u2022 Aplicaci\u00f3n de tecnolog\u00eda de biorremediaci\u00f3n para el tratamiento de residuos industriales. Etapa de escalamiento a 100kg en planta. Voucher de innovaci\u00f3n CORFO- empresa SENARIL. Licenciamiento y Transferencia Tecnol\u00f3gica.<br \/>\n\u2022 Pruebas de laboratorio para el proceso de biorremediaci\u00f3n de residuos de la empresa INTAC PROCESOS SPA. Contrato Tecnol\u00f3gico I + D + I.<br \/>\n<strong>2016-2017:<\/strong><br \/>\n\u2022 Contrato Tecnol\u00f3gico de I+D+i para la ejecuci\u00f3n del proyecto \u201cPruebas de laboratorio para el proceso de biorremediaci\u00f3n en lodos de la empresa Senavin.<br \/>\n\u2022 Contrato Tecnol\u00f3gico de I+D+i para la ejecuci\u00f3n del proyecto denominado \u201cPruebas semi-industriales para el proceso de biorremediaci\u00f3n en lodos de la empresa Senavin\u201d.<br \/>\n\u2022 Contrato de Licencia Tecnol\u00f3gica Sena-RiL Ltda, Inventor<br \/>\n<strong>2021-2022:<\/strong><br \/>\n\u2022 DINNOVA 02-2020-II Remediaci\u00f3n de lixiviados de relleno sanitario para re\u00faso en regad\u00edo.<br \/>\n<strong>2020-2023:<\/strong><br \/>\n\u2022 Ciencia para la innovaci\u00f3n 2030, ANID 20 CEIN2-142146. Desarrollo de capacidades en I + D + i + EBCT.<\/td>\n<td style=\"width: 3px\"><\/td>\n<\/tr>\n<tr>\n<td style=\"width: 70px\"><\/td>\n<td style=\"width: 70px\"><img loading=\"lazy\" class=\"aligncenter size-full wp-image-2560\" src=\"https:\/\/sitios.ucsc.cl\/ott\/wp-content\/uploads\/sites\/15\/2022\/07\/CU_7.png\" alt=\"\" width=\"50\" height=\"50\" \/><\/td>\n<td style=\"width: 598px\">\n<h3>Infraestructura<\/h3>\n<p>El laboratorio cuenta con 25 metros cuadrados y equipamiento b\u00e1sico: espectrofot\u00f3metro, digestor, c\u00e1mara de cultivo y c\u00e1mara de reacci\u00f3n fotocatal\u00edtica.<\/td>\n<td style=\"width: 3px\"><\/td>\n<\/tr>\n<tr>\n<td style=\"width: 70px\"><\/td>\n<td style=\"width: 70px\"><img loading=\"lazy\" class=\"aligncenter size-full wp-image-2562\" src=\"https:\/\/sitios.ucsc.cl\/ott\/wp-content\/uploads\/sites\/15\/2022\/07\/CU_9.png\" alt=\"\" width=\"50\" height=\"50\" \/><\/td>\n<td style=\"width: 598px\">\n<h3>Equipamiento<\/h3>\n<\/td>\n<td style=\"width: 3px\"><\/td>\n<\/tr>\n<tr>\n<td style=\"width: 70px\"><\/td>\n<td style=\"width: 70px\"><\/td>\n<td style=\"width: 598px\">\u2022 C\u00e1mara de cultivo.<br \/>\nUso: Cultivos microbiol\u00f3gicos.<br \/>\n\u2022 C\u00e1mara de reacci\u00f3n.<br \/>\nUso: Fotocat\u00e1lisis.<br \/>\n\u2022 Balanza anal\u00edtica.<br \/>\nUso: Pesaje.<br \/>\n\u2022 Espectrofot\u00f3metro.<br \/>\nUso: An\u00e1lisis de muestras.<br \/>\n\u2022 Termo reactor.<br \/>\nUso: Digesti\u00f3n de muestras.<\/td>\n<td style=\"width: 3px\"><\/td>\n<\/tr>\n<tr>\n<td style=\"width: 70px\"><\/td>\n<td style=\"width: 70px\"><img loading=\"lazy\" class=\"aligncenter size-full wp-image-2555\" src=\"https:\/\/sitios.ucsc.cl\/ott\/wp-content\/uploads\/sites\/15\/2022\/07\/CU_10.png\" alt=\"\" width=\"50\" height=\"50\" \/><\/td>\n<td style=\"width: 598px\">\n<h3>Integrantes de la unidad<\/h3>\n<p>En el Laboratorio trabajan estudiantes de pre y postgrado realizando seminarios, tesis o habilitaciones profesionales.<\/td>\n<td style=\"width: 3px\"><\/td>\n<\/tr>\n<tr>\n<td style=\"width: 70px\"><\/td>\n<td style=\"width: 668px\" colspan=\"2\">&nbsp;<\/p>\n<p>&nbsp;<\/p>\n<p><a href=\"https:\/\/dinn.ucsc.cl\/wp-content\/uploads\/sites\/14\/2023\/10\/OTT_LAB_5.pdf\"><img loading=\"lazy\" class=\"aligncenter wp-image-3262 size-full\" src=\"https:\/\/sitios.ucsc.cl\/ott\/wp-content\/uploads\/sites\/15\/2022\/10\/Boton-descarga-300x61-1.png\" alt=\"\" width=\"300\" height=\"61\" \/><\/a><\/p>\n<p>&nbsp;<\/p>\n<p>&nbsp;<\/td>\n<td style=\"width: 3px\"><\/td>\n<\/tr>\n<tr>\n<td style=\"width: 741px\" colspan=\"4\"><img loading=\"lazy\" class=\"aligncenter size-full wp-image-3263\" src=\"https:\/\/sitios.ucsc.cl\/ott\/wp-content\/uploads\/sites\/15\/2022\/10\/banner_LB.png\" alt=\"\" width=\"950\" height=\"111\" \/><\/td>\n<\/tr>\n<\/tbody>\n<\/table>\n<h5><\/h5>\n","protected":false},"excerpt":{"rendered":"<p>Descripci\u00f3n El Laboratorio de Investigaci\u00f3n de Fotocat\u00e1lisis fue creado en el a\u00f1o 2001 para realizar investigaci\u00f3n cient\u00edfica b\u00e1sica y aplicada en el \u00e1rea de qu\u00edmica ambiental. Dependencia Departamento de Qu\u00edmica Ambiental, Facultad de Ciencias. Director(a) responsable Dra. Mar\u00eda Cristina Y\u00e9ber. Contacto Fono: +56 41-345273 Mail: mcyeber@ucsc.cl Web No tiene. \u00c1reas de conocimiento \u2022 Tratamiento de [&hellip;]<\/p>\n","protected":false},"author":84,"featured_media":0,"parent":0,"menu_order":0,"comment_status":"closed","ping_status":"closed","template":"","meta":[],"yoast_head":"<!-- This site is optimized with the Yoast SEO plugin v18.9 - https:\/\/yoast.com\/wordpress\/plugins\/seo\/ -->\n<title>Laboratorio de Fotocat\u00e1lisis -<\/title>\n<meta name=\"robots\" content=\"index, follow, max-snippet:-1, max-image-preview:large, max-video-preview:-1\" \/>\n<link rel=\"canonical\" href=\"https:\/\/dinn.ucsc.cl\/index.php\/laboratorio-de-fotocatalisis\/\" \/>\n<meta property=\"og:locale\" content=\"es_ES\" \/>\n<meta property=\"og:type\" content=\"article\" \/>\n<meta property=\"og:title\" content=\"Laboratorio de Fotocat\u00e1lisis -\" \/>\n<meta property=\"og:description\" content=\"Descripci\u00f3n El Laboratorio de Investigaci\u00f3n de Fotocat\u00e1lisis fue creado en el a\u00f1o 2001 para realizar investigaci\u00f3n cient\u00edfica b\u00e1sica y aplicada en el \u00e1rea de qu\u00edmica ambiental. Dependencia Departamento de Qu\u00edmica Ambiental, Facultad de Ciencias. Director(a) responsable Dra. Mar\u00eda Cristina Y\u00e9ber. Contacto Fono: +56 41-345273 Mail: mcyeber@ucsc.cl Web No tiene. \u00c1reas de conocimiento \u2022 Tratamiento de [&hellip;]\" \/>\n<meta property=\"og:url\" content=\"https:\/\/dinn.ucsc.cl\/index.php\/laboratorio-de-fotocatalisis\/\" \/>\n<meta property=\"article:publisher\" content=\"https:\/\/m.facebook.com\/DINNUCSC\" \/>\n<meta property=\"article:modified_time\" content=\"2023-10-15T23:35:43+00:00\" \/>\n<meta property=\"og:image\" content=\"https:\/\/sitios.ucsc.cl\/ott\/wp-content\/uploads\/sites\/15\/2022\/07\/LABUCSC5.png\" \/>\n<meta name=\"twitter:card\" content=\"summary\" \/>\n<meta name=\"twitter:site\" content=\"@dinn_ucsc\" \/>\n<meta name=\"twitter:label1\" content=\"Tiempo de lectura\" \/>\n\t<meta name=\"twitter:data1\" content=\"2 minutos\" \/>\n<script type=\"application\/ld+json\" class=\"yoast-schema-graph\">{\"@context\":\"https:\/\/schema.org\",\"@graph\":[{\"@type\":\"WebSite\",\"@id\":\"https:\/\/dinn.ucsc.cl\/#website\",\"url\":\"https:\/\/dinn.ucsc.cl\/\",\"name\":\"Direcci\u00f3n de Innovaci\u00f3n UCSC\",\"description\":\"Direcci\u00f3n de Innovaci\u00f3n\",\"potentialAction\":[{\"@type\":\"SearchAction\",\"target\":{\"@type\":\"EntryPoint\",\"urlTemplate\":\"https:\/\/dinn.ucsc.cl\/?s={search_term_string}\"},\"query-input\":\"required name=search_term_string\"}],\"inLanguage\":\"es\"},{\"@type\":\"ImageObject\",\"inLanguage\":\"es\",\"@id\":\"https:\/\/dinn.ucsc.cl\/index.php\/laboratorio-de-fotocatalisis\/#primaryimage\",\"url\":\"https:\/\/sitios.ucsc.cl\/ott\/wp-content\/uploads\/sites\/15\/2022\/07\/LABUCSC5.png\",\"contentUrl\":\"https:\/\/sitios.ucsc.cl\/ott\/wp-content\/uploads\/sites\/15\/2022\/07\/LABUCSC5.png\"},{\"@type\":\"WebPage\",\"@id\":\"https:\/\/dinn.ucsc.cl\/index.php\/laboratorio-de-fotocatalisis\/#webpage\",\"url\":\"https:\/\/dinn.ucsc.cl\/index.php\/laboratorio-de-fotocatalisis\/\",\"name\":\"Laboratorio de Fotocat\u00e1lisis -\",\"isPartOf\":{\"@id\":\"https:\/\/dinn.ucsc.cl\/#website\"},\"primaryImageOfPage\":{\"@id\":\"https:\/\/dinn.ucsc.cl\/index.php\/laboratorio-de-fotocatalisis\/#primaryimage\"},\"datePublished\":\"2022-11-29T02:06:21+00:00\",\"dateModified\":\"2023-10-15T23:35:43+00:00\",\"breadcrumb\":{\"@id\":\"https:\/\/dinn.ucsc.cl\/index.php\/laboratorio-de-fotocatalisis\/#breadcrumb\"},\"inLanguage\":\"es\",\"potentialAction\":[{\"@type\":\"ReadAction\",\"target\":[\"https:\/\/dinn.ucsc.cl\/index.php\/laboratorio-de-fotocatalisis\/\"]}]},{\"@type\":\"BreadcrumbList\",\"@id\":\"https:\/\/dinn.ucsc.cl\/index.php\/laboratorio-de-fotocatalisis\/#breadcrumb\",\"itemListElement\":[{\"@type\":\"ListItem\",\"position\":1,\"name\":\"Inicio\",\"item\":\"https:\/\/dinn.ucsc.cl\/\"},{\"@type\":\"ListItem\",\"position\":2,\"name\":\"Laboratorio de Fotocat\u00e1lisis\"}]}]}<\/script>\n<!-- \/ Yoast SEO plugin. -->","yoast_head_json":{"title":"Laboratorio de Fotocat\u00e1lisis -","robots":{"index":"index","follow":"follow","max-snippet":"max-snippet:-1","max-image-preview":"max-image-preview:large","max-video-preview":"max-video-preview:-1"},"canonical":"https:\/\/dinn.ucsc.cl\/index.php\/laboratorio-de-fotocatalisis\/","og_locale":"es_ES","og_type":"article","og_title":"Laboratorio de Fotocat\u00e1lisis -","og_description":"Descripci\u00f3n El Laboratorio de Investigaci\u00f3n de Fotocat\u00e1lisis fue creado en el a\u00f1o 2001 para realizar investigaci\u00f3n cient\u00edfica b\u00e1sica y aplicada en el \u00e1rea de qu\u00edmica ambiental. Dependencia Departamento de Qu\u00edmica Ambiental, Facultad de Ciencias. Director(a) responsable Dra. Mar\u00eda Cristina Y\u00e9ber. Contacto Fono: +56 41-345273 Mail: mcyeber@ucsc.cl Web No tiene. \u00c1reas de conocimiento \u2022 Tratamiento de [&hellip;]","og_url":"https:\/\/dinn.ucsc.cl\/index.php\/laboratorio-de-fotocatalisis\/","article_publisher":"https:\/\/m.facebook.com\/DINNUCSC","article_modified_time":"2023-10-15T23:35:43+00:00","og_image":[{"url":"https:\/\/sitios.ucsc.cl\/ott\/wp-content\/uploads\/sites\/15\/2022\/07\/LABUCSC5.png"}],"twitter_card":"summary","twitter_site":"@dinn_ucsc","twitter_misc":{"Tiempo de lectura":"2 minutos"},"schema":{"@context":"https:\/\/schema.org","@graph":[{"@type":"WebSite","@id":"https:\/\/dinn.ucsc.cl\/#website","url":"https:\/\/dinn.ucsc.cl\/","name":"Direcci\u00f3n de Innovaci\u00f3n UCSC","description":"Direcci\u00f3n de Innovaci\u00f3n","potentialAction":[{"@type":"SearchAction","target":{"@type":"EntryPoint","urlTemplate":"https:\/\/dinn.ucsc.cl\/?s={search_term_string}"},"query-input":"required name=search_term_string"}],"inLanguage":"es"},{"@type":"ImageObject","inLanguage":"es","@id":"https:\/\/dinn.ucsc.cl\/index.php\/laboratorio-de-fotocatalisis\/#primaryimage","url":"https:\/\/sitios.ucsc.cl\/ott\/wp-content\/uploads\/sites\/15\/2022\/07\/LABUCSC5.png","contentUrl":"https:\/\/sitios.ucsc.cl\/ott\/wp-content\/uploads\/sites\/15\/2022\/07\/LABUCSC5.png"},{"@type":"WebPage","@id":"https:\/\/dinn.ucsc.cl\/index.php\/laboratorio-de-fotocatalisis\/#webpage","url":"https:\/\/dinn.ucsc.cl\/index.php\/laboratorio-de-fotocatalisis\/","name":"Laboratorio de Fotocat\u00e1lisis -","isPartOf":{"@id":"https:\/\/dinn.ucsc.cl\/#website"},"primaryImageOfPage":{"@id":"https:\/\/dinn.ucsc.cl\/index.php\/laboratorio-de-fotocatalisis\/#primaryimage"},"datePublished":"2022-11-29T02:06:21+00:00","dateModified":"2023-10-15T23:35:43+00:00","breadcrumb":{"@id":"https:\/\/dinn.ucsc.cl\/index.php\/laboratorio-de-fotocatalisis\/#breadcrumb"},"inLanguage":"es","potentialAction":[{"@type":"ReadAction","target":["https:\/\/dinn.ucsc.cl\/index.php\/laboratorio-de-fotocatalisis\/"]}]},{"@type":"BreadcrumbList","@id":"https:\/\/dinn.ucsc.cl\/index.php\/laboratorio-de-fotocatalisis\/#breadcrumb","itemListElement":[{"@type":"ListItem","position":1,"name":"Inicio","item":"https:\/\/dinn.ucsc.cl\/"},{"@type":"ListItem","position":2,"name":"Laboratorio de Fotocat\u00e1lisis"}]}]}},"_links":{"self":[{"href":"https:\/\/dinn.ucsc.cl\/index.php\/wp-json\/wp\/v2\/pages\/4218"}],"collection":[{"href":"https:\/\/dinn.ucsc.cl\/index.php\/wp-json\/wp\/v2\/pages"}],"about":[{"href":"https:\/\/dinn.ucsc.cl\/index.php\/wp-json\/wp\/v2\/types\/page"}],"author":[{"embeddable":true,"href":"https:\/\/dinn.ucsc.cl\/index.php\/wp-json\/wp\/v2\/users\/84"}],"replies":[{"embeddable":true,"href":"https:\/\/dinn.ucsc.cl\/index.php\/wp-json\/wp\/v2\/comments?post=4218"}],"version-history":[{"count":4,"href":"https:\/\/dinn.ucsc.cl\/index.php\/wp-json\/wp\/v2\/pages\/4218\/revisions"}],"predecessor-version":[{"id":5496,"href":"https:\/\/dinn.ucsc.cl\/index.php\/wp-json\/wp\/v2\/pages\/4218\/revisions\/5496"}],"wp:attachment":[{"href":"https:\/\/dinn.ucsc.cl\/index.php\/wp-json\/wp\/v2\/media?parent=4218"}],"curies":[{"name":"wp","href":"https:\/\/api.w.org\/{rel}","templated":true}]}}