{"id":4220,"date":"2022-11-28T23:06:56","date_gmt":"2022-11-29T02:06:56","guid":{"rendered":"https:\/\/dinn.ucsc.cl\/?page_id=4220"},"modified":"2022-11-28T23:06:56","modified_gmt":"2022-11-29T02:06:56","slug":"laboratorio-de-evaluacion-del-movimiento-natural-controlado","status":"publish","type":"page","link":"https:\/\/dinn.ucsc.cl\/index.php\/laboratorio-de-evaluacion-del-movimiento-natural-controlado\/","title":{"rendered":"Laboratorio de Evaluaci\u00f3n del Movimiento Natural Controlado"},"content":{"rendered":"<table class=\" alignleft\">\n<tbody>\n<tr>\n<td style=\"width: 741px\" colspan=\"4\"><img loading=\"lazy\" class=\"aligncenter size-full wp-image-2926\" src=\"https:\/\/sitios.ucsc.cl\/ott\/wp-content\/uploads\/sites\/15\/2022\/07\/LABUCSC6.png\" alt=\"\" width=\"950\" height=\"194\" \/><\/td>\n<\/tr>\n<tr>\n<td style=\"width: 68px\"><\/td>\n<td style=\"width: 70px\"><img loading=\"lazy\" class=\"aligncenter wp-image-2512 size-full\" src=\"https:\/\/sitios.ucsc.cl\/ott\/wp-content\/uploads\/sites\/15\/2022\/07\/CU_1.png\" alt=\"\" width=\"50\" height=\"50\" \/><\/td>\n<td style=\"width: 600px\">\n<h3>Descripci\u00f3n<\/h3>\n<p>El Laboratorio de Evaluaci\u00f3n del Movimiento Natural Controlado de la Facultad de Educaci\u00f3n UCSC fue creado en el a\u00f1o 2018 y su objetivo es facilitar el estudio del movimiento y sus implicancias en la fisiolog\u00eda del ejercicio, biomec\u00e1nica del deporte, metabolismo, estr\u00e9s oxidativo, ejercicio f\u00edsico y el rendimiento humano. Para su aplicaci\u00f3n en el rendimiento deportivo, la salud de las personas en riesgo y la salud laboral.<\/td>\n<td style=\"width: 3px\"><\/td>\n<\/tr>\n<tr>\n<td style=\"width: 68px\"><\/td>\n<td style=\"width: 70px\"><img loading=\"lazy\" class=\"aligncenter size-full wp-image-2558\" src=\"https:\/\/sitios.ucsc.cl\/ott\/wp-content\/uploads\/sites\/15\/2022\/07\/CU_5.png\" alt=\"\" width=\"50\" height=\"50\" \/><\/td>\n<td style=\"width: 600px\">\n<h3>Dependencia<\/h3>\n<p>Facultad Educaci\u00f3n UCSC.<\/td>\n<td style=\"width: 3px\"><\/td>\n<\/tr>\n<tr>\n<td style=\"width: 68px\"><\/td>\n<td style=\"width: 70px\"><img loading=\"lazy\" class=\"aligncenter size-full wp-image-2555\" src=\"https:\/\/sitios.ucsc.cl\/ott\/wp-content\/uploads\/sites\/15\/2022\/07\/CU_10.png\" alt=\"\" width=\"50\" height=\"50\" \/><\/td>\n<td style=\"width: 600px\">\n<h3>Director(a) responsable<\/h3>\n<p>Dr. David Ulloa D\u00edaz.<\/td>\n<td style=\"width: 3px\"><\/td>\n<\/tr>\n<tr>\n<td style=\"width: 68px\"><\/td>\n<td style=\"width: 70px\"><img loading=\"lazy\" class=\"aligncenter size-full wp-image-2557\" src=\"https:\/\/sitios.ucsc.cl\/ott\/wp-content\/uploads\/sites\/15\/2022\/07\/CU_4.png\" alt=\"\" width=\"50\" height=\"50\" \/><\/td>\n<td style=\"width: 600px\">\n<h3>Contacto<\/h3>\n<p>Fono: +56 41-2345916<br \/>\nMail: aboratoriopleokineticucsc@gmail.com<\/td>\n<td style=\"width: 3px\"><\/td>\n<\/tr>\n<tr>\n<td style=\"width: 68px\"><\/td>\n<td style=\"width: 70px\"><img loading=\"lazy\" class=\"aligncenter size-full wp-image-2559\" src=\"https:\/\/sitios.ucsc.cl\/ott\/wp-content\/uploads\/sites\/15\/2022\/07\/CU_6.png\" alt=\"\" width=\"50\" height=\"50\" \/><\/td>\n<td style=\"width: 600px\">\n<h3>Web<\/h3>\n<p>No tiene.<\/td>\n<td style=\"width: 3px\"><\/td>\n<\/tr>\n<tr>\n<td style=\"width: 68px\"><\/td>\n<td style=\"width: 70px\"><img loading=\"lazy\" class=\"aligncenter size-full wp-image-2512\" src=\"https:\/\/sitios.ucsc.cl\/ott\/wp-content\/uploads\/sites\/15\/2022\/07\/CU_1.png\" alt=\"\" width=\"50\" height=\"50\" \/><\/td>\n<td style=\"width: 600px\">\n<h3>\u00c1reas de conocimiento<\/h3>\n<\/td>\n<td style=\"width: 3px\"><\/td>\n<\/tr>\n<tr>\n<td style=\"width: 68px\"><\/td>\n<td style=\"width: 70px\"><\/td>\n<td style=\"width: 600px\">\u2022 Ciencias del deporte.<br \/>\n\u2022 Movimiento natural controlado y sus implicancias en la Fisiolog\u00eda del Ejercicio.<br \/>\n\u2022 Biomec\u00e1nica del Deporte.\u2022 Metabolismo, estr\u00e9s oxidativo, ejercicio f\u00edsico y su aplicaci\u00f3n en salud y el rendimiento humano.\u2022 Sustancias antioxidantes.<br \/>\n\u2022 Salud laboral.<\/td>\n<td style=\"width: 3px\"><\/td>\n<\/tr>\n<tr>\n<td style=\"width: 68px\"><\/td>\n<td style=\"width: 70px\"><img loading=\"lazy\" class=\"aligncenter size-full wp-image-2556\" src=\"https:\/\/sitios.ucsc.cl\/ott\/wp-content\/uploads\/sites\/15\/2022\/07\/CU_3.png\" alt=\"\" width=\"50\" height=\"50\" \/><\/td>\n<td style=\"width: 600px\">\n<h3>Oferta tecnol\u00f3gica<\/h3>\n<\/td>\n<td style=\"width: 3px\"><\/td>\n<\/tr>\n<tr>\n<td style=\"width: 68px\"><\/td>\n<td style=\"width: 70px\"><\/td>\n<td style=\"width: 600px\">\u2022Evaluaci\u00f3n del rendimiento humano.<br \/>\n&#8211; Evaluaci\u00f3n del nivel de rendimiento deportivo.<br \/>\n&#8211; Evaluaci\u00f3n del potencial de entrenamiento.<br \/>\n&#8211; Evaluaci\u00f3n de la condici\u00f3n f\u00edsica para la salud.<br \/>\n&#8211; Evaluaci\u00f3n pre-ocupacional de la condici\u00f3n f\u00edsica para la tarea laboral.<br \/>\n&#8211; Evaluaci\u00f3n de la tarea laboral.<br \/>\n&#8211; Unidad de entrenamiento para el rendimiento, la salud y la tarea laboral.<br \/>\n\u2022 Determinaci\u00f3n del potencial biol\u00f3gico de sustancias antioxidantes ex\u00f3genas nativas sobre el da\u00f1o muscular y estr\u00e9s oxidativo inducido por el ejercicio f\u00edsico.<br \/>\n\u2022 Determinaci\u00f3n del metabolismo y gasto energ\u00e9tico del movimiento humano.<\/td>\n<td style=\"width: 3px\"><\/td>\n<\/tr>\n<tr>\n<td style=\"width: 68px\"><\/td>\n<td style=\"width: 70px\"><img loading=\"lazy\" class=\"aligncenter size-full wp-image-2561\" src=\"https:\/\/sitios.ucsc.cl\/ott\/wp-content\/uploads\/sites\/15\/2022\/07\/CU_8.png\" alt=\"\" width=\"50\" height=\"50\" \/><\/td>\n<td style=\"width: 600px\">\n<h3>Experiencia de la unidad<\/h3>\n<p>Sin experiencia.<\/td>\n<td style=\"width: 3px\"><\/td>\n<\/tr>\n<tr>\n<td style=\"width: 68px\"><\/td>\n<td style=\"width: 70px\"><img loading=\"lazy\" class=\"aligncenter size-full wp-image-2560\" src=\"https:\/\/sitios.ucsc.cl\/ott\/wp-content\/uploads\/sites\/15\/2022\/07\/CU_7.png\" alt=\"\" width=\"50\" height=\"50\" \/><\/td>\n<td style=\"width: 600px\">\n<h3>Infraestructura<\/h3>\n<p>El laboratorio es \u00fanico en su tipo y cuenta con 90 m2 con maquinarias de \u00faltima generaci\u00f3n la que permitir\u00e1 desarrollar estudios y evaluaciones del movimiento y sus implicancias en la fisiolog\u00eda del ejercicio, biomec\u00e1nica del deporte, metabolismo, estr\u00e9s oxidativo, ejercicio f\u00edsico y el rendimiento humano. Para su aplicaci\u00f3n en el rendimiento deportivo, la salud de las personas en riesgo y la salud laboral.<\/td>\n<td style=\"width: 3px\"><\/td>\n<\/tr>\n<tr>\n<td style=\"width: 68px\"><\/td>\n<td style=\"width: 70px\"><img loading=\"lazy\" class=\"aligncenter size-full wp-image-2562\" src=\"https:\/\/sitios.ucsc.cl\/ott\/wp-content\/uploads\/sites\/15\/2022\/07\/CU_9.png\" alt=\"\" width=\"50\" height=\"50\" \/><\/td>\n<td style=\"width: 600px\">\n<h3>Equipamiento<\/h3>\n<\/td>\n<td style=\"width: 3px\"><\/td>\n<\/tr>\n<tr>\n<td style=\"width: 68px\"><\/td>\n<td style=\"width: 70px\"><\/td>\n<td style=\"width: 600px\">\u2022 Dinam\u00f3metro.<br \/>\nUso: Evaluaci\u00f3n de la fuerza muscular aplicada para acciones deportivas y tares laborales.<br \/>\n\u2022 Veloc\u00edmetro.<br \/>\nUso: Medici\u00f3n de la velocidad del movimiento.<br \/>\n\u2022 Radares.<br \/>\nUso: Medici\u00f3n de la velocidad de cuerpo en movimiento.<br \/>\n\u2022 Fotoceldas.<br \/>\nUso: Determinar el tiempo de desplazamiento de un cuerpo.<br \/>\n\u2022 Medidores de frecuencia card\u00edaca.<br \/>\nUso: Medir cambios de la frecuencia cardiaca y la variabilidad cardiaca.<br \/>\n\u2022 P\u00f3rtico de pesos libres<br \/>\nUso: Evaluaciones de la fuerza muscular en movimientos libres.<br \/>\n\u2022 Kit antropom\u00e9tricos<br \/>\nUso: Evaluaci\u00f3n de la composici\u00f3n corporal.<\/td>\n<td style=\"width: 3px\"><\/td>\n<\/tr>\n<tr>\n<td style=\"width: 68px\"><\/td>\n<td style=\"width: 70px\"><img loading=\"lazy\" class=\"aligncenter size-full wp-image-2555\" src=\"https:\/\/sitios.ucsc.cl\/ott\/wp-content\/uploads\/sites\/15\/2022\/07\/CU_10.png\" alt=\"\" width=\"50\" height=\"50\" \/><\/td>\n<td style=\"width: 600px\">\n<h3>Integrantes de la unidad<\/h3>\n<\/td>\n<td style=\"width: 3px\"><\/td>\n<\/tr>\n<tr>\n<td style=\"width: 68px\"><\/td>\n<td style=\"width: 70px\"><\/td>\n<td style=\"width: 600px\">El Laboratorio cuenta con un equipo humano interdisciplinario integrado por:<\/p>\n<p>\u2022 Equipo UCSC:<br \/>\n&#8211; Dr. David Ulloa D\u00edaz.<br \/>\n&#8211; Dr. Andr\u00e9s Toro Salinas.<br \/>\n&#8211; Mg. Jesualdo Cuevas Aburto.<br \/>\n&#8211; Prof. Hans Hinojosa Riveros.<\/p>\n<p>\u2022 Asesores Internacionales:<br \/>\n&#8211; Dr. Luis Javier Chirosa R\u00edos (Fac. Ciencias del deporte, Universidad de Granada).<br \/>\n&#8211; Dr. Amador Garc\u00eda Ramos (Fac. Ciencias del deporte, Universidad de Granada).<br \/>\n&#8211; Rafael Guisado Barrilado (Fac. de Medicina, Univ. De Granada).<br \/>\n&#8211; Isidoro Martinez Mart\u00edn (Fac. Ciencias del deporte, Universidad de Le\u00f3n).<br \/>\n&#8211; Cristina Canals Garz\u00f3n (Doctorando, Fac. de Medicina, Univ. De Granada).<\/p>\n<p>\u2022 Asesores Nacionales:<br \/>\n&#8211; Dr. Daniel Jerez Mayorga (Univ. Andr\u00e9s Bello).<br \/>\n&#8211; Dr. Francisco Guede Rojas (Univ. Andr\u00e9s Bello).<\/td>\n<td style=\"width: 3px\"><\/td>\n<\/tr>\n<tr>\n<td style=\"width: 68px\"><\/td>\n<td style=\"width: 670px\" colspan=\"2\">&nbsp;<\/p>\n<p>&nbsp;<\/p>\n<p><a href=\"https:\/\/sitios.ucsc.cl\/ott\/wp-content\/uploads\/sites\/15\/2022\/10\/OTT_LAB_6.pdf\"><img loading=\"lazy\" class=\"aligncenter size-full wp-image-3262\" src=\"https:\/\/sitios.ucsc.cl\/ott\/wp-content\/uploads\/sites\/15\/2022\/10\/Boton-descarga-300x61-1.png\" alt=\"\" width=\"300\" height=\"61\" \/><\/a><\/p>\n<p>&nbsp;<\/p>\n<p>&nbsp;<\/td>\n<td style=\"width: 3px\"><\/td>\n<\/tr>\n<tr>\n<td style=\"width: 741px\" colspan=\"4\"><img loading=\"lazy\" class=\"aligncenter size-full wp-image-3263\" src=\"https:\/\/sitios.ucsc.cl\/ott\/wp-content\/uploads\/sites\/15\/2022\/10\/banner_LB.png\" alt=\"\" width=\"950\" height=\"111\" \/><\/td>\n<\/tr>\n<\/tbody>\n<\/table>\n<h5><\/h5>\n","protected":false},"excerpt":{"rendered":"<p>Descripci\u00f3n El Laboratorio de Evaluaci\u00f3n del Movimiento Natural Controlado de la Facultad de Educaci\u00f3n UCSC fue creado en el a\u00f1o 2018 y su objetivo es facilitar el estudio del movimiento y sus implicancias en la fisiolog\u00eda del ejercicio, biomec\u00e1nica del deporte, metabolismo, estr\u00e9s oxidativo, ejercicio f\u00edsico y el rendimiento humano. Para su aplicaci\u00f3n en el [&hellip;]<\/p>\n","protected":false},"author":84,"featured_media":0,"parent":0,"menu_order":0,"comment_status":"closed","ping_status":"closed","template":"","meta":[],"yoast_head":"<!-- This site is optimized with the Yoast SEO plugin v18.9 - https:\/\/yoast.com\/wordpress\/plugins\/seo\/ -->\n<title>Laboratorio de Evaluaci\u00f3n del Movimiento Natural Controlado -<\/title>\n<meta name=\"robots\" content=\"index, follow, max-snippet:-1, max-image-preview:large, max-video-preview:-1\" \/>\n<link rel=\"canonical\" href=\"https:\/\/dinn.ucsc.cl\/index.php\/laboratorio-de-evaluacion-del-movimiento-natural-controlado\/\" \/>\n<meta property=\"og:locale\" content=\"es_ES\" \/>\n<meta property=\"og:type\" content=\"article\" \/>\n<meta property=\"og:title\" content=\"Laboratorio de Evaluaci\u00f3n del Movimiento Natural Controlado -\" \/>\n<meta property=\"og:description\" content=\"Descripci\u00f3n El Laboratorio de Evaluaci\u00f3n del Movimiento Natural Controlado de la Facultad de Educaci\u00f3n UCSC fue creado en el a\u00f1o 2018 y su objetivo es facilitar el estudio del movimiento y sus implicancias en la fisiolog\u00eda del ejercicio, biomec\u00e1nica del deporte, metabolismo, estr\u00e9s oxidativo, ejercicio f\u00edsico y el rendimiento humano. Para su aplicaci\u00f3n en el [&hellip;]\" \/>\n<meta property=\"og:url\" content=\"https:\/\/dinn.ucsc.cl\/index.php\/laboratorio-de-evaluacion-del-movimiento-natural-controlado\/\" \/>\n<meta property=\"article:publisher\" content=\"https:\/\/m.facebook.com\/DINNUCSC\" \/>\n<meta property=\"og:image\" content=\"https:\/\/sitios.ucsc.cl\/ott\/wp-content\/uploads\/sites\/15\/2022\/07\/LABUCSC6.png\" \/>\n<meta name=\"twitter:card\" content=\"summary\" \/>\n<meta name=\"twitter:site\" content=\"@dinn_ucsc\" \/>\n<meta name=\"twitter:label1\" content=\"Tiempo de lectura\" \/>\n\t<meta name=\"twitter:data1\" content=\"3 minutos\" \/>\n<script type=\"application\/ld+json\" class=\"yoast-schema-graph\">{\"@context\":\"https:\/\/schema.org\",\"@graph\":[{\"@type\":\"WebSite\",\"@id\":\"https:\/\/dinn.ucsc.cl\/#website\",\"url\":\"https:\/\/dinn.ucsc.cl\/\",\"name\":\"Direcci\u00f3n de Innovaci\u00f3n UCSC\",\"description\":\"Direcci\u00f3n de Innovaci\u00f3n\",\"potentialAction\":[{\"@type\":\"SearchAction\",\"target\":{\"@type\":\"EntryPoint\",\"urlTemplate\":\"https:\/\/dinn.ucsc.cl\/?s={search_term_string}\"},\"query-input\":\"required name=search_term_string\"}],\"inLanguage\":\"es\"},{\"@type\":\"ImageObject\",\"inLanguage\":\"es\",\"@id\":\"https:\/\/dinn.ucsc.cl\/index.php\/laboratorio-de-evaluacion-del-movimiento-natural-controlado\/#primaryimage\",\"url\":\"https:\/\/sitios.ucsc.cl\/ott\/wp-content\/uploads\/sites\/15\/2022\/07\/LABUCSC6.png\",\"contentUrl\":\"https:\/\/sitios.ucsc.cl\/ott\/wp-content\/uploads\/sites\/15\/2022\/07\/LABUCSC6.png\"},{\"@type\":\"WebPage\",\"@id\":\"https:\/\/dinn.ucsc.cl\/index.php\/laboratorio-de-evaluacion-del-movimiento-natural-controlado\/#webpage\",\"url\":\"https:\/\/dinn.ucsc.cl\/index.php\/laboratorio-de-evaluacion-del-movimiento-natural-controlado\/\",\"name\":\"Laboratorio de Evaluaci\u00f3n del Movimiento Natural Controlado -\",\"isPartOf\":{\"@id\":\"https:\/\/dinn.ucsc.cl\/#website\"},\"primaryImageOfPage\":{\"@id\":\"https:\/\/dinn.ucsc.cl\/index.php\/laboratorio-de-evaluacion-del-movimiento-natural-controlado\/#primaryimage\"},\"datePublished\":\"2022-11-29T02:06:56+00:00\",\"dateModified\":\"2022-11-29T02:06:56+00:00\",\"breadcrumb\":{\"@id\":\"https:\/\/dinn.ucsc.cl\/index.php\/laboratorio-de-evaluacion-del-movimiento-natural-controlado\/#breadcrumb\"},\"inLanguage\":\"es\",\"potentialAction\":[{\"@type\":\"ReadAction\",\"target\":[\"https:\/\/dinn.ucsc.cl\/index.php\/laboratorio-de-evaluacion-del-movimiento-natural-controlado\/\"]}]},{\"@type\":\"BreadcrumbList\",\"@id\":\"https:\/\/dinn.ucsc.cl\/index.php\/laboratorio-de-evaluacion-del-movimiento-natural-controlado\/#breadcrumb\",\"itemListElement\":[{\"@type\":\"ListItem\",\"position\":1,\"name\":\"Inicio\",\"item\":\"https:\/\/dinn.ucsc.cl\/\"},{\"@type\":\"ListItem\",\"position\":2,\"name\":\"Laboratorio de Evaluaci\u00f3n del Movimiento Natural Controlado\"}]}]}<\/script>\n<!-- \/ Yoast SEO plugin. -->","yoast_head_json":{"title":"Laboratorio de Evaluaci\u00f3n del Movimiento Natural Controlado -","robots":{"index":"index","follow":"follow","max-snippet":"max-snippet:-1","max-image-preview":"max-image-preview:large","max-video-preview":"max-video-preview:-1"},"canonical":"https:\/\/dinn.ucsc.cl\/index.php\/laboratorio-de-evaluacion-del-movimiento-natural-controlado\/","og_locale":"es_ES","og_type":"article","og_title":"Laboratorio de Evaluaci\u00f3n del Movimiento Natural Controlado -","og_description":"Descripci\u00f3n El Laboratorio de Evaluaci\u00f3n del Movimiento Natural Controlado de la Facultad de Educaci\u00f3n UCSC fue creado en el a\u00f1o 2018 y su objetivo es facilitar el estudio del movimiento y sus implicancias en la fisiolog\u00eda del ejercicio, biomec\u00e1nica del deporte, metabolismo, estr\u00e9s oxidativo, ejercicio f\u00edsico y el rendimiento humano. Para su aplicaci\u00f3n en el [&hellip;]","og_url":"https:\/\/dinn.ucsc.cl\/index.php\/laboratorio-de-evaluacion-del-movimiento-natural-controlado\/","article_publisher":"https:\/\/m.facebook.com\/DINNUCSC","og_image":[{"url":"https:\/\/sitios.ucsc.cl\/ott\/wp-content\/uploads\/sites\/15\/2022\/07\/LABUCSC6.png"}],"twitter_card":"summary","twitter_site":"@dinn_ucsc","twitter_misc":{"Tiempo de lectura":"3 minutos"},"schema":{"@context":"https:\/\/schema.org","@graph":[{"@type":"WebSite","@id":"https:\/\/dinn.ucsc.cl\/#website","url":"https:\/\/dinn.ucsc.cl\/","name":"Direcci\u00f3n de Innovaci\u00f3n UCSC","description":"Direcci\u00f3n de Innovaci\u00f3n","potentialAction":[{"@type":"SearchAction","target":{"@type":"EntryPoint","urlTemplate":"https:\/\/dinn.ucsc.cl\/?s={search_term_string}"},"query-input":"required name=search_term_string"}],"inLanguage":"es"},{"@type":"ImageObject","inLanguage":"es","@id":"https:\/\/dinn.ucsc.cl\/index.php\/laboratorio-de-evaluacion-del-movimiento-natural-controlado\/#primaryimage","url":"https:\/\/sitios.ucsc.cl\/ott\/wp-content\/uploads\/sites\/15\/2022\/07\/LABUCSC6.png","contentUrl":"https:\/\/sitios.ucsc.cl\/ott\/wp-content\/uploads\/sites\/15\/2022\/07\/LABUCSC6.png"},{"@type":"WebPage","@id":"https:\/\/dinn.ucsc.cl\/index.php\/laboratorio-de-evaluacion-del-movimiento-natural-controlado\/#webpage","url":"https:\/\/dinn.ucsc.cl\/index.php\/laboratorio-de-evaluacion-del-movimiento-natural-controlado\/","name":"Laboratorio de Evaluaci\u00f3n del Movimiento Natural Controlado -","isPartOf":{"@id":"https:\/\/dinn.ucsc.cl\/#website"},"primaryImageOfPage":{"@id":"https:\/\/dinn.ucsc.cl\/index.php\/laboratorio-de-evaluacion-del-movimiento-natural-controlado\/#primaryimage"},"datePublished":"2022-11-29T02:06:56+00:00","dateModified":"2022-11-29T02:06:56+00:00","breadcrumb":{"@id":"https:\/\/dinn.ucsc.cl\/index.php\/laboratorio-de-evaluacion-del-movimiento-natural-controlado\/#breadcrumb"},"inLanguage":"es","potentialAction":[{"@type":"ReadAction","target":["https:\/\/dinn.ucsc.cl\/index.php\/laboratorio-de-evaluacion-del-movimiento-natural-controlado\/"]}]},{"@type":"BreadcrumbList","@id":"https:\/\/dinn.ucsc.cl\/index.php\/laboratorio-de-evaluacion-del-movimiento-natural-controlado\/#breadcrumb","itemListElement":[{"@type":"ListItem","position":1,"name":"Inicio","item":"https:\/\/dinn.ucsc.cl\/"},{"@type":"ListItem","position":2,"name":"Laboratorio de Evaluaci\u00f3n del Movimiento Natural Controlado"}]}]}},"_links":{"self":[{"href":"https:\/\/dinn.ucsc.cl\/index.php\/wp-json\/wp\/v2\/pages\/4220"}],"collection":[{"href":"https:\/\/dinn.ucsc.cl\/index.php\/wp-json\/wp\/v2\/pages"}],"about":[{"href":"https:\/\/dinn.ucsc.cl\/index.php\/wp-json\/wp\/v2\/types\/page"}],"author":[{"embeddable":true,"href":"https:\/\/dinn.ucsc.cl\/index.php\/wp-json\/wp\/v2\/users\/84"}],"replies":[{"embeddable":true,"href":"https:\/\/dinn.ucsc.cl\/index.php\/wp-json\/wp\/v2\/comments?post=4220"}],"version-history":[{"count":1,"href":"https:\/\/dinn.ucsc.cl\/index.php\/wp-json\/wp\/v2\/pages\/4220\/revisions"}],"predecessor-version":[{"id":4221,"href":"https:\/\/dinn.ucsc.cl\/index.php\/wp-json\/wp\/v2\/pages\/4220\/revisions\/4221"}],"wp:attachment":[{"href":"https:\/\/dinn.ucsc.cl\/index.php\/wp-json\/wp\/v2\/media?parent=4220"}],"curies":[{"name":"wp","href":"https:\/\/api.w.org\/{rel}","templated":true}]}}