{"id":4222,"date":"2022-11-28T23:07:36","date_gmt":"2022-11-29T02:07:36","guid":{"rendered":"https:\/\/dinn.ucsc.cl\/?page_id=4222"},"modified":"2023-10-15T20:41:33","modified_gmt":"2023-10-15T23:41:33","slug":"laboratorio-de-ciencias-ambientales-laca","status":"publish","type":"page","link":"https:\/\/dinn.ucsc.cl\/index.php\/laboratorio-de-ciencias-ambientales-laca\/","title":{"rendered":"Laboratorio de Ciencias Ambientales (LACA)"},"content":{"rendered":"<table class=\" alignleft\">\n<tbody>\n<tr>\n<td style=\"width: 741px\" colspan=\"4\"><img loading=\"lazy\" class=\"aligncenter size-full wp-image-2927\" src=\"https:\/\/sitios.ucsc.cl\/ott\/wp-content\/uploads\/sites\/15\/2022\/07\/LABUCSC7.png\" alt=\"\" width=\"950\" height=\"194\" \/><\/td>\n<\/tr>\n<tr>\n<td style=\"width: 67px\"><\/td>\n<td style=\"width: 73px\"><img loading=\"lazy\" class=\"aligncenter wp-image-2512 size-full\" src=\"https:\/\/sitios.ucsc.cl\/ott\/wp-content\/uploads\/sites\/15\/2022\/07\/CU_1.png\" alt=\"\" width=\"50\" height=\"50\" \/><\/td>\n<td style=\"width: 598px\">\n<h3>Descripci\u00f3n<\/h3>\n<p>Laboratorio dedicado desde el a\u00f1o 2014 a apoyar labores de investigaci\u00f3n, docencia de pregrado y postgrado en el \u00e1rea de biogeoqu\u00edmica.<\/td>\n<td style=\"width: 3px\"><\/td>\n<\/tr>\n<tr>\n<td style=\"width: 67px\"><\/td>\n<td style=\"width: 73px\"><img loading=\"lazy\" class=\"aligncenter size-full wp-image-2558\" src=\"https:\/\/sitios.ucsc.cl\/ott\/wp-content\/uploads\/sites\/15\/2022\/07\/CU_5.png\" alt=\"\" width=\"50\" height=\"50\" \/><\/td>\n<td style=\"width: 598px\">\n<h3>Dependencia<\/h3>\n<p>Departamento de Qu\u00edmica Ambiental-Facultad de Ciencias.<\/td>\n<td style=\"width: 3px\"><\/td>\n<\/tr>\n<tr>\n<td style=\"width: 67px\"><\/td>\n<td style=\"width: 73px\"><img loading=\"lazy\" class=\"aligncenter size-full wp-image-2555\" src=\"https:\/\/sitios.ucsc.cl\/ott\/wp-content\/uploads\/sites\/15\/2022\/07\/CU_10.png\" alt=\"\" width=\"50\" height=\"50\" \/><\/td>\n<td style=\"width: 598px\">\n<h3>Director(a) responsable<\/h3>\n<p>Dr. Sergio Contreras.<\/td>\n<td style=\"width: 3px\"><\/td>\n<\/tr>\n<tr>\n<td style=\"width: 67px\"><\/td>\n<td style=\"width: 73px\"><img loading=\"lazy\" class=\"aligncenter size-full wp-image-2557\" src=\"https:\/\/sitios.ucsc.cl\/ott\/wp-content\/uploads\/sites\/15\/2022\/07\/CU_4.png\" alt=\"\" width=\"50\" height=\"50\" \/><\/td>\n<td style=\"width: 598px\">\n<h3>Contacto<\/h3>\n<p>Fono: +56 41-2345272<br \/>\nMail: scontreras@ucsc.cl<\/td>\n<td style=\"width: 3px\"><\/td>\n<\/tr>\n<tr>\n<td style=\"width: 67px\"><\/td>\n<td style=\"width: 73px\"><img loading=\"lazy\" class=\"aligncenter size-full wp-image-2559\" src=\"https:\/\/sitios.ucsc.cl\/ott\/wp-content\/uploads\/sites\/15\/2022\/07\/CU_6.png\" alt=\"\" width=\"50\" height=\"50\" \/><\/td>\n<td style=\"width: 598px\">\n<h3>Web<\/h3>\n<p>www.labensci.com<\/td>\n<td style=\"width: 3px\"><\/td>\n<\/tr>\n<tr>\n<td style=\"width: 67px\"><\/td>\n<td style=\"width: 73px\"><img loading=\"lazy\" class=\"aligncenter size-full wp-image-2512\" src=\"https:\/\/sitios.ucsc.cl\/ott\/wp-content\/uploads\/sites\/15\/2022\/07\/CU_1.png\" alt=\"\" width=\"50\" height=\"50\" \/><\/td>\n<td style=\"width: 598px\">\n<h3>\u00c1reas de conocimiento<\/h3>\n<p>\u2022 Cambio Ambiental y Clim\u00e1tico.<br \/>\n\u2022 Biogeoqu\u00edmica de Sistemas Acu\u00e1ticos.<br \/>\n\u2022 Huella Biogeoqu\u00edmica Terrestre.<\/td>\n<td style=\"width: 3px\"><\/td>\n<\/tr>\n<tr>\n<td style=\"width: 67px\"><\/td>\n<td style=\"width: 73px\"><img loading=\"lazy\" class=\"aligncenter size-full wp-image-2556\" src=\"https:\/\/sitios.ucsc.cl\/ott\/wp-content\/uploads\/sites\/15\/2022\/07\/CU_3.png\" alt=\"\" width=\"50\" height=\"50\" \/><\/td>\n<td style=\"width: 598px\">\n<h3>Oferta tecnol\u00f3gica<\/h3>\n<p>Actualmente, mantiene en desarrollo pasant\u00edas escolares, seminarios de investigaci\u00f3n, tesis de pre-grado (qu\u00edmica ambiental y biolog\u00eda marina), tesis de post-grado (magister en medioambiente, magister en ecolog\u00eda marina y doctorado en ciencias menci\u00f3n biodiversidad y biorecursos en la UCSC) y asistencias t\u00e9cnicas. Est\u00e1n abiertos a establecer acuerdos de servicios.<\/td>\n<td style=\"width: 3px\"><\/td>\n<\/tr>\n<tr>\n<td style=\"width: 67px\"><\/td>\n<td style=\"width: 73px\"><img loading=\"lazy\" class=\"aligncenter size-full wp-image-2561\" src=\"https:\/\/sitios.ucsc.cl\/ott\/wp-content\/uploads\/sites\/15\/2022\/07\/CU_8.png\" alt=\"\" width=\"50\" height=\"50\" \/><\/td>\n<td style=\"width: 598px\">\n<h3>Experiencia de la unidad<\/h3>\n<\/td>\n<td style=\"width: 3px\"><\/td>\n<\/tr>\n<tr>\n<td style=\"width: 67px\"><\/td>\n<td style=\"width: 73px\"><\/td>\n<td style=\"width: 598px\"><strong>Proyectos ejecutados o en ejecuci\u00f3n (\u00faltimos 6 a\u00f1os).<\/strong><br \/>\n<strong>2023 &#8211; 2027:<\/strong><br \/>\n\u2022 \u201cRevealing past variations in coastal fog moisture during the Holocene using buried Tillandsia landbeckii dune ecosystems in the Atacama Desert\u201d FONDECYT REGULAR (N\u00b0 1231820). Co-investigator.<br \/>\n<strong>2023 &#8211; 2024:<\/strong><br \/>\n\u2022 \u201cManejo del paisaje para la seguridad h\u00eddrica de las personas\u201d. Concurso Regional Fondo de Innovaci\u00f3n para la competitividad FIC-R 2022. Gobierno Regional del Biob\u00edo. Investigador consultor.<br \/>\n<strong>2022 &#8211; 2023:<\/strong><br \/>\n\u2022 \u201cPast and presente impacts of megadroughts in high Andean lakes of northern and central Chile\u201d. Concurso Fondo de Investigaci\u00f3n Estrat\u00e9gica en Sequ\u00eda (Asignaci\u00f3n R\u00e1pida) a\u00f1o 2021. FSEQ210021. Investigador Asociado.<br \/>\n<strong>2021 &#8211; 2023:<\/strong><br \/>\n\u2022 \u201cPaleo-LINCGLOBAL: la dimensi\u00f3n temporal del Antropoceno y los impactos del Cambio Global en lagos en Iberoam\u00e9rica\u201d. Proyecto de Cooperaci\u00f3n Cient\u00edfica Iberoamericana. Consejo Superior de Investigaciones Cient\u00edficas del Ministerio de Ciencia e Innovaci\u00f3n Espa\u00f1ola INCGLO0029. Investigador Principal.<br \/>\n<strong>2020 &#8211; 2023:<\/strong><br \/>\n\u2022 \u201cApplicability of bacterial membrane lipids as temperature and pH proxies in continental settings\u201d Proyecto de Intercambio Francia-Chile. Programa de Cooperaci\u00f3n Cient\u00edfica ECOS-ANID (N\u00b0190011). Investigador Principal.<br \/>\n\u2022 \u201cDetermining the sensitivity of lake sediment proxies to late Holocene climate variability: a test from a longitudinal study in Northern Patagonia across the Andes\u201d FONDECYT REGULAR (N\u00b0 1201277). Co-Investigador.<br \/>\n<strong>2019 &#8211; 2023:<\/strong><br \/>\n\u2022 \u201cAssessing a regional hydroclimate signal from southern South America for the last two millennia through a suite of lake sediment biogeochemical records\u201d FONDECYT REGULAR (N\u00b0 1190398). Investigador principal.<br \/>\n\u2022 \u201cThe impact of wildfire severity on soil pyrogenic carbon across contrasting fire-prone ecosystems in central Chile: Temporal dynamics and related-effects on soil properties.\u201d FONDECYT REGULAR (N\u00b0 1191905). Co-Investigador.<br \/>\n<strong>2018 &#8211; 2021:<\/strong><br \/>\n\u2022 \u201cHydroclimatic influence on estuarine-land interactions in northern Chilean Patagonia (Reloncav\u00ed fjord): Impacts on organic matter, sustainable resources, and human health\u201d FONDECYT (N\u00b0 3180307). Co-Investigador.<br \/>\n<strong>2016 &#8211; 2018:<\/strong><br \/>\n\u2022 \u201cConstraining the hydroclimate gradient in Southern South America using molecular isotopic proxies\u201d FONDECYT REGULAR (N\u00b0 1160719). Investigador Principal.<\/td>\n<td style=\"width: 3px\"><\/td>\n<\/tr>\n<tr>\n<td style=\"width: 67px\"><\/td>\n<td style=\"width: 73px\"><img loading=\"lazy\" class=\"aligncenter size-full wp-image-2560\" src=\"https:\/\/sitios.ucsc.cl\/ott\/wp-content\/uploads\/sites\/15\/2022\/07\/CU_7.png\" alt=\"\" width=\"50\" height=\"50\" \/><\/td>\n<td style=\"width: 598px\">\n<h3>Infraestructura<\/h3>\n<p>El Laboratorio cuenta con 120 m2.<\/td>\n<td style=\"width: 3px\"><\/td>\n<\/tr>\n<tr>\n<td style=\"width: 67px\"><\/td>\n<td style=\"width: 73px\"><img loading=\"lazy\" class=\"aligncenter size-full wp-image-2562\" src=\"https:\/\/sitios.ucsc.cl\/ott\/wp-content\/uploads\/sites\/15\/2022\/07\/CU_9.png\" alt=\"\" width=\"50\" height=\"50\" \/><\/td>\n<td style=\"width: 598px\">\n<h3>Equipamiento<\/h3>\n<p>El laboratorio actualmente cuenta con instrumento MAE (Microwave Assisted Extraction) para la extracci\u00f3n de l\u00edpidos totales en diversas matrices ambientales (e.g. aire, agua, sedimento, tejidos vegetales y animales), diversas fases s\u00f3lidas para separar l\u00edpidos como hidrocarburos, cetonas, esteroles y \u00e1cidos grasos y una mejorada y eficiente l\u00ednea de secado bajo nitr\u00f3geno.<\/td>\n<td style=\"width: 3px\"><\/td>\n<\/tr>\n<tr>\n<td style=\"width: 67px\"><\/td>\n<td style=\"width: 73px\"><img loading=\"lazy\" class=\"aligncenter size-full wp-image-2555\" src=\"https:\/\/sitios.ucsc.cl\/ott\/wp-content\/uploads\/sites\/15\/2022\/07\/CU_10.png\" alt=\"\" width=\"50\" height=\"50\" \/><\/td>\n<td style=\"width: 598px\">\n<h3>Integrantes de la unidad<\/h3>\n<\/td>\n<td style=\"width: 3px\"><\/td>\n<\/tr>\n<tr>\n<td style=\"width: 67px\"><\/td>\n<td style=\"width: 73px\"><\/td>\n<td style=\"width: 598px\">El Laboratorio cuenta con un equipo humano interdisciplinario integrado por:<br \/>\n\u2022 Dr. Sergio Contreras.<br \/>\n\u2022 Dr. Mat\u00edas Frugone.<br \/>\n\u2022 Eduardo Tejos.<\/td>\n<td style=\"width: 3px\"><\/td>\n<\/tr>\n<tr>\n<td style=\"width: 67px\"><\/td>\n<td style=\"width: 671px\" colspan=\"2\">&nbsp;<\/p>\n<p>&nbsp;<\/p>\n<p><a href=\"https:\/\/dinn.ucsc.cl\/wp-content\/uploads\/sites\/14\/2023\/10\/OTT_LAB_7.pdf\"><img loading=\"lazy\" class=\"aligncenter wp-image-3262 size-full\" src=\"https:\/\/sitios.ucsc.cl\/ott\/wp-content\/uploads\/sites\/15\/2022\/10\/Boton-descarga-300x61-1.png\" alt=\"\" width=\"300\" height=\"61\" \/><\/a><\/p>\n<p>&nbsp;<\/p>\n<p>&nbsp;<\/td>\n<td style=\"width: 3px\"><\/td>\n<\/tr>\n<tr>\n<td style=\"width: 741px\" colspan=\"4\"><img loading=\"lazy\" class=\"aligncenter size-full wp-image-3263\" src=\"https:\/\/sitios.ucsc.cl\/ott\/wp-content\/uploads\/sites\/15\/2022\/10\/banner_LB.png\" alt=\"\" width=\"950\" height=\"111\" \/><\/td>\n<\/tr>\n<\/tbody>\n<\/table>\n<h5><\/h5>\n","protected":false},"excerpt":{"rendered":"<p>Descripci\u00f3n Laboratorio dedicado desde el a\u00f1o 2014 a apoyar labores de investigaci\u00f3n, docencia de pregrado y postgrado en el \u00e1rea de biogeoqu\u00edmica. Dependencia Departamento de Qu\u00edmica Ambiental-Facultad de Ciencias. Director(a) responsable Dr. Sergio Contreras. Contacto Fono: +56 41-2345272 Mail: scontreras@ucsc.cl Web www.labensci.com \u00c1reas de conocimiento \u2022 Cambio Ambiental y Clim\u00e1tico. \u2022 Biogeoqu\u00edmica de Sistemas Acu\u00e1ticos. [&hellip;]<\/p>\n","protected":false},"author":84,"featured_media":0,"parent":0,"menu_order":0,"comment_status":"closed","ping_status":"closed","template":"","meta":[],"yoast_head":"<!-- This site is optimized with the Yoast SEO plugin v18.9 - https:\/\/yoast.com\/wordpress\/plugins\/seo\/ -->\n<title>Laboratorio de Ciencias Ambientales (LACA) -<\/title>\n<meta name=\"robots\" content=\"index, follow, max-snippet:-1, max-image-preview:large, max-video-preview:-1\" \/>\n<link rel=\"canonical\" href=\"https:\/\/dinn.ucsc.cl\/index.php\/laboratorio-de-ciencias-ambientales-laca\/\" \/>\n<meta property=\"og:locale\" content=\"es_ES\" \/>\n<meta property=\"og:type\" content=\"article\" \/>\n<meta property=\"og:title\" content=\"Laboratorio de Ciencias Ambientales (LACA) -\" \/>\n<meta property=\"og:description\" content=\"Descripci\u00f3n Laboratorio dedicado desde el a\u00f1o 2014 a apoyar labores de investigaci\u00f3n, docencia de pregrado y postgrado en el \u00e1rea de biogeoqu\u00edmica. Dependencia Departamento de Qu\u00edmica Ambiental-Facultad de Ciencias. Director(a) responsable Dr. Sergio Contreras. Contacto Fono: +56 41-2345272 Mail: scontreras@ucsc.cl Web www.labensci.com \u00c1reas de conocimiento \u2022 Cambio Ambiental y Clim\u00e1tico. \u2022 Biogeoqu\u00edmica de Sistemas Acu\u00e1ticos. [&hellip;]\" \/>\n<meta property=\"og:url\" content=\"https:\/\/dinn.ucsc.cl\/index.php\/laboratorio-de-ciencias-ambientales-laca\/\" \/>\n<meta property=\"article:publisher\" content=\"https:\/\/m.facebook.com\/DINNUCSC\" \/>\n<meta property=\"article:modified_time\" content=\"2023-10-15T23:41:33+00:00\" \/>\n<meta property=\"og:image\" content=\"https:\/\/sitios.ucsc.cl\/ott\/wp-content\/uploads\/sites\/15\/2022\/07\/LABUCSC7.png\" \/>\n<meta name=\"twitter:card\" content=\"summary\" \/>\n<meta name=\"twitter:site\" content=\"@dinn_ucsc\" \/>\n<meta name=\"twitter:label1\" content=\"Tiempo de lectura\" \/>\n\t<meta name=\"twitter:data1\" content=\"3 minutos\" \/>\n<script type=\"application\/ld+json\" class=\"yoast-schema-graph\">{\"@context\":\"https:\/\/schema.org\",\"@graph\":[{\"@type\":\"WebSite\",\"@id\":\"https:\/\/dinn.ucsc.cl\/#website\",\"url\":\"https:\/\/dinn.ucsc.cl\/\",\"name\":\"Direcci\u00f3n de Innovaci\u00f3n UCSC\",\"description\":\"Direcci\u00f3n de Innovaci\u00f3n\",\"potentialAction\":[{\"@type\":\"SearchAction\",\"target\":{\"@type\":\"EntryPoint\",\"urlTemplate\":\"https:\/\/dinn.ucsc.cl\/?s={search_term_string}\"},\"query-input\":\"required name=search_term_string\"}],\"inLanguage\":\"es\"},{\"@type\":\"ImageObject\",\"inLanguage\":\"es\",\"@id\":\"https:\/\/dinn.ucsc.cl\/index.php\/laboratorio-de-ciencias-ambientales-laca\/#primaryimage\",\"url\":\"https:\/\/sitios.ucsc.cl\/ott\/wp-content\/uploads\/sites\/15\/2022\/07\/LABUCSC7.png\",\"contentUrl\":\"https:\/\/sitios.ucsc.cl\/ott\/wp-content\/uploads\/sites\/15\/2022\/07\/LABUCSC7.png\"},{\"@type\":\"WebPage\",\"@id\":\"https:\/\/dinn.ucsc.cl\/index.php\/laboratorio-de-ciencias-ambientales-laca\/#webpage\",\"url\":\"https:\/\/dinn.ucsc.cl\/index.php\/laboratorio-de-ciencias-ambientales-laca\/\",\"name\":\"Laboratorio de Ciencias Ambientales (LACA) -\",\"isPartOf\":{\"@id\":\"https:\/\/dinn.ucsc.cl\/#website\"},\"primaryImageOfPage\":{\"@id\":\"https:\/\/dinn.ucsc.cl\/index.php\/laboratorio-de-ciencias-ambientales-laca\/#primaryimage\"},\"datePublished\":\"2022-11-29T02:07:36+00:00\",\"dateModified\":\"2023-10-15T23:41:33+00:00\",\"breadcrumb\":{\"@id\":\"https:\/\/dinn.ucsc.cl\/index.php\/laboratorio-de-ciencias-ambientales-laca\/#breadcrumb\"},\"inLanguage\":\"es\",\"potentialAction\":[{\"@type\":\"ReadAction\",\"target\":[\"https:\/\/dinn.ucsc.cl\/index.php\/laboratorio-de-ciencias-ambientales-laca\/\"]}]},{\"@type\":\"BreadcrumbList\",\"@id\":\"https:\/\/dinn.ucsc.cl\/index.php\/laboratorio-de-ciencias-ambientales-laca\/#breadcrumb\",\"itemListElement\":[{\"@type\":\"ListItem\",\"position\":1,\"name\":\"Inicio\",\"item\":\"https:\/\/dinn.ucsc.cl\/\"},{\"@type\":\"ListItem\",\"position\":2,\"name\":\"Laboratorio de Ciencias Ambientales (LACA)\"}]}]}<\/script>\n<!-- \/ Yoast SEO plugin. -->","yoast_head_json":{"title":"Laboratorio de Ciencias Ambientales (LACA) -","robots":{"index":"index","follow":"follow","max-snippet":"max-snippet:-1","max-image-preview":"max-image-preview:large","max-video-preview":"max-video-preview:-1"},"canonical":"https:\/\/dinn.ucsc.cl\/index.php\/laboratorio-de-ciencias-ambientales-laca\/","og_locale":"es_ES","og_type":"article","og_title":"Laboratorio de Ciencias Ambientales (LACA) -","og_description":"Descripci\u00f3n Laboratorio dedicado desde el a\u00f1o 2014 a apoyar labores de investigaci\u00f3n, docencia de pregrado y postgrado en el \u00e1rea de biogeoqu\u00edmica. Dependencia Departamento de Qu\u00edmica Ambiental-Facultad de Ciencias. Director(a) responsable Dr. Sergio Contreras. Contacto Fono: +56 41-2345272 Mail: scontreras@ucsc.cl Web www.labensci.com \u00c1reas de conocimiento \u2022 Cambio Ambiental y Clim\u00e1tico. \u2022 Biogeoqu\u00edmica de Sistemas Acu\u00e1ticos. [&hellip;]","og_url":"https:\/\/dinn.ucsc.cl\/index.php\/laboratorio-de-ciencias-ambientales-laca\/","article_publisher":"https:\/\/m.facebook.com\/DINNUCSC","article_modified_time":"2023-10-15T23:41:33+00:00","og_image":[{"url":"https:\/\/sitios.ucsc.cl\/ott\/wp-content\/uploads\/sites\/15\/2022\/07\/LABUCSC7.png"}],"twitter_card":"summary","twitter_site":"@dinn_ucsc","twitter_misc":{"Tiempo de lectura":"3 minutos"},"schema":{"@context":"https:\/\/schema.org","@graph":[{"@type":"WebSite","@id":"https:\/\/dinn.ucsc.cl\/#website","url":"https:\/\/dinn.ucsc.cl\/","name":"Direcci\u00f3n de Innovaci\u00f3n UCSC","description":"Direcci\u00f3n de Innovaci\u00f3n","potentialAction":[{"@type":"SearchAction","target":{"@type":"EntryPoint","urlTemplate":"https:\/\/dinn.ucsc.cl\/?s={search_term_string}"},"query-input":"required name=search_term_string"}],"inLanguage":"es"},{"@type":"ImageObject","inLanguage":"es","@id":"https:\/\/dinn.ucsc.cl\/index.php\/laboratorio-de-ciencias-ambientales-laca\/#primaryimage","url":"https:\/\/sitios.ucsc.cl\/ott\/wp-content\/uploads\/sites\/15\/2022\/07\/LABUCSC7.png","contentUrl":"https:\/\/sitios.ucsc.cl\/ott\/wp-content\/uploads\/sites\/15\/2022\/07\/LABUCSC7.png"},{"@type":"WebPage","@id":"https:\/\/dinn.ucsc.cl\/index.php\/laboratorio-de-ciencias-ambientales-laca\/#webpage","url":"https:\/\/dinn.ucsc.cl\/index.php\/laboratorio-de-ciencias-ambientales-laca\/","name":"Laboratorio de Ciencias Ambientales (LACA) -","isPartOf":{"@id":"https:\/\/dinn.ucsc.cl\/#website"},"primaryImageOfPage":{"@id":"https:\/\/dinn.ucsc.cl\/index.php\/laboratorio-de-ciencias-ambientales-laca\/#primaryimage"},"datePublished":"2022-11-29T02:07:36+00:00","dateModified":"2023-10-15T23:41:33+00:00","breadcrumb":{"@id":"https:\/\/dinn.ucsc.cl\/index.php\/laboratorio-de-ciencias-ambientales-laca\/#breadcrumb"},"inLanguage":"es","potentialAction":[{"@type":"ReadAction","target":["https:\/\/dinn.ucsc.cl\/index.php\/laboratorio-de-ciencias-ambientales-laca\/"]}]},{"@type":"BreadcrumbList","@id":"https:\/\/dinn.ucsc.cl\/index.php\/laboratorio-de-ciencias-ambientales-laca\/#breadcrumb","itemListElement":[{"@type":"ListItem","position":1,"name":"Inicio","item":"https:\/\/dinn.ucsc.cl\/"},{"@type":"ListItem","position":2,"name":"Laboratorio de Ciencias Ambientales (LACA)"}]}]}},"_links":{"self":[{"href":"https:\/\/dinn.ucsc.cl\/index.php\/wp-json\/wp\/v2\/pages\/4222"}],"collection":[{"href":"https:\/\/dinn.ucsc.cl\/index.php\/wp-json\/wp\/v2\/pages"}],"about":[{"href":"https:\/\/dinn.ucsc.cl\/index.php\/wp-json\/wp\/v2\/types\/page"}],"author":[{"embeddable":true,"href":"https:\/\/dinn.ucsc.cl\/index.php\/wp-json\/wp\/v2\/users\/84"}],"replies":[{"embeddable":true,"href":"https:\/\/dinn.ucsc.cl\/index.php\/wp-json\/wp\/v2\/comments?post=4222"}],"version-history":[{"count":5,"href":"https:\/\/dinn.ucsc.cl\/index.php\/wp-json\/wp\/v2\/pages\/4222\/revisions"}],"predecessor-version":[{"id":5497,"href":"https:\/\/dinn.ucsc.cl\/index.php\/wp-json\/wp\/v2\/pages\/4222\/revisions\/5497"}],"wp:attachment":[{"href":"https:\/\/dinn.ucsc.cl\/index.php\/wp-json\/wp\/v2\/media?parent=4222"}],"curies":[{"name":"wp","href":"https:\/\/api.w.org\/{rel}","templated":true}]}}