{"id":4226,"date":"2022-11-28T23:08:39","date_gmt":"2022-11-29T02:08:39","guid":{"rendered":"https:\/\/dinn.ucsc.cl\/?page_id=4226"},"modified":"2022-11-28T23:08:39","modified_gmt":"2022-11-29T02:08:39","slug":"laboratorio-de-estructuras-le","status":"publish","type":"page","link":"https:\/\/dinn.ucsc.cl\/index.php\/laboratorio-de-estructuras-le\/","title":{"rendered":"Laboratorio de Estructuras (LE)"},"content":{"rendered":"<table class=\" alignleft\">\n<tbody>\n<tr>\n<td style=\"width: 741px\" colspan=\"4\"><img loading=\"lazy\" class=\"aligncenter size-full wp-image-2929\" src=\"https:\/\/sitios.ucsc.cl\/ott\/wp-content\/uploads\/sites\/15\/2022\/07\/LABUCSC9.png\" alt=\"\" width=\"950\" height=\"194\" \/><\/td>\n<\/tr>\n<tr>\n<td style=\"width: 70px\"><\/td>\n<td style=\"width: 73px\"><img loading=\"lazy\" class=\"aligncenter wp-image-2512 size-full\" src=\"https:\/\/sitios.ucsc.cl\/ott\/wp-content\/uploads\/sites\/15\/2022\/07\/CU_1.png\" alt=\"\" width=\"50\" height=\"50\" \/><\/td>\n<td style=\"width: 595px\">\n<h3>Descripci\u00f3n<\/h3>\n<p>Laboratorio orientado a realizar estudios de din\u00e1mica de estructuras y sistemas de protecci\u00f3n s\u00edsmica, mediante el an\u00e1lisis de vibraciones y control de da\u00f1os en sistemas estructurales peque\u00f1os, utilizando modelamiento din\u00e1mico de estructura a escala, junto al an\u00e1lisis din\u00e1mico de dispositivos de protecci\u00f3n s\u00edsmica.<\/td>\n<td style=\"width: 3px\"><\/td>\n<\/tr>\n<tr>\n<td style=\"width: 70px\"><\/td>\n<td style=\"width: 73px\"><img loading=\"lazy\" class=\"aligncenter size-full wp-image-2558\" src=\"https:\/\/sitios.ucsc.cl\/ott\/wp-content\/uploads\/sites\/15\/2022\/07\/CU_5.png\" alt=\"\" width=\"50\" height=\"50\" \/><\/td>\n<td style=\"width: 595px\">\n<h3>Dependencia<\/h3>\n<p>Facultad de Ingenier\u00eda.<\/td>\n<td style=\"width: 3px\"><\/td>\n<\/tr>\n<tr>\n<td style=\"width: 70px\"><\/td>\n<td style=\"width: 73px\"><img loading=\"lazy\" class=\"aligncenter size-full wp-image-2555\" src=\"https:\/\/sitios.ucsc.cl\/ott\/wp-content\/uploads\/sites\/15\/2022\/07\/CU_10.png\" alt=\"\" width=\"50\" height=\"50\" \/><\/td>\n<td style=\"width: 595px\">\n<h3>Director(a) responsable<\/h3>\n<p>Dr. Nelson Maureira.<\/td>\n<td style=\"width: 3px\"><\/td>\n<\/tr>\n<tr>\n<td style=\"width: 70px\"><\/td>\n<td style=\"width: 73px\"><img loading=\"lazy\" class=\"aligncenter size-full wp-image-2557\" src=\"https:\/\/sitios.ucsc.cl\/ott\/wp-content\/uploads\/sites\/15\/2022\/07\/CU_4.png\" alt=\"\" width=\"50\" height=\"50\" \/><\/td>\n<td style=\"width: 595px\">\n<h3>Contacto<\/h3>\n<p>Fono: +56 41-2345324<br \/>\nMail: nmaureira@ucsc.cl<\/td>\n<td style=\"width: 3px\"><\/td>\n<\/tr>\n<tr>\n<td style=\"width: 70px\"><\/td>\n<td style=\"width: 73px\"><img loading=\"lazy\" class=\"aligncenter size-full wp-image-2559\" src=\"https:\/\/sitios.ucsc.cl\/ott\/wp-content\/uploads\/sites\/15\/2022\/07\/CU_6.png\" alt=\"\" width=\"50\" height=\"50\" \/><\/td>\n<td style=\"width: 595px\">\n<h3>Web<\/h3>\n<p>No tiene.<\/td>\n<td style=\"width: 3px\"><\/td>\n<\/tr>\n<tr>\n<td style=\"width: 70px\"><\/td>\n<td style=\"width: 73px\"><img loading=\"lazy\" class=\"aligncenter size-full wp-image-2512\" src=\"https:\/\/sitios.ucsc.cl\/ott\/wp-content\/uploads\/sites\/15\/2022\/07\/CU_1.png\" alt=\"\" width=\"50\" height=\"50\" \/><\/td>\n<td style=\"width: 595px\">\n<h3>\u00c1reas de conocimiento<\/h3>\n<p>\u2022 Din\u00e1mica de estructuras.<br \/>\n\u2022 Sistemas de protecci\u00f3n s\u00edsmica y control de vibraciones.<br \/>\n\u2022 Evaluaci\u00f3n de salud estructural.<\/td>\n<td style=\"width: 3px\"><\/td>\n<\/tr>\n<tr>\n<td style=\"width: 70px\"><\/td>\n<td style=\"width: 73px\"><img loading=\"lazy\" class=\"aligncenter size-full wp-image-2556\" src=\"https:\/\/sitios.ucsc.cl\/ott\/wp-content\/uploads\/sites\/15\/2022\/07\/CU_3.png\" alt=\"\" width=\"50\" height=\"50\" \/><\/td>\n<td style=\"width: 595px\">\n<h3>Oferta tecnol\u00f3gica<\/h3>\n<p>An\u00e1lisis de vibraciones y control de da\u00f1os en sistemas estructurales.<br \/>\n\u2022 An\u00e1lisis din\u00e1mico de dispositivos de protecci\u00f3n s\u00edsmica.<br \/>\n\u2022 Modelamiento din\u00e1mico a escala de estructura.<br \/>\n\u2022 Evaluaci\u00f3n y propuesta de soluciones a problemas estructurales no convencionales.<br \/>\n\u2022 Asesor\u00eda t\u00e9cnica especializada.<\/td>\n<td style=\"width: 3px\"><\/td>\n<\/tr>\n<tr>\n<td style=\"width: 70px\"><\/td>\n<td style=\"width: 73px\"><img loading=\"lazy\" class=\"aligncenter size-full wp-image-2561\" src=\"https:\/\/sitios.ucsc.cl\/ott\/wp-content\/uploads\/sites\/15\/2022\/07\/CU_8.png\" alt=\"\" width=\"50\" height=\"50\" \/><\/td>\n<td style=\"width: 595px\">\n<h3>Experiencia de la unidad<\/h3>\n<\/td>\n<td style=\"width: 3px\"><\/td>\n<\/tr>\n<tr>\n<td style=\"width: 70px\"><\/td>\n<td style=\"width: 73px\"><\/td>\n<td style=\"width: 595px\"><strong>Proyectos ejecutados<\/strong><br \/>\n<strong>2020<\/strong><br \/>\n\u2022 \u201cProtecci\u00f3n s\u00edsmica de racks de almacenamiento industrial por medio de la implementaci\u00f3n de un dispositivo de aislamiento basal con resistencia a tracci\u00f3n\u201d. Fondef IDEA. Responsable: Dr. Nelson Maureira.<br \/>\n\u2022 \u201cDiagn\u00f3stico de salud estructural de muros de alba\u00f1iler\u00eda reparados utilizando t\u00e9cnicas no destructivas basadas en vibraciones\u201d. Fondecyt Iniciaci\u00f3n. Responsable: Dr. Claudio Oyarzo.<br \/>\n\u2022 \u201cSeismic assessment of end-plate moment connection with biaxial resistance in steel moment frames with tubular columns considering axial load variability\u201d. Fondecyt Iniciaci\u00f3n. Responsable: Dr. Eduardo Nu\u00f1ez.<\/p>\n<p><strong>2019<\/strong><br \/>\n\u2022 Asesor\u00eda t\u00e9cnica a empresas LEMUSSE titulado \u201cEvaluaci\u00f3n estructural de dispositivo para aislaci\u00f3n de carga en soporte de pallets\u201d.<br \/>\n\u2022 Proyecto FONDEF Idea de CONICYT, c\u00f3digo ID19I10081, titulado \u201cProtecci\u00f3n s\u00edsmica de racks de almacenamiento industrial por medio de la implementaci\u00f3n de un dispositivo de aislamiento basal con resistencia a tracci\u00f3n.\u201d Adjudicado en noviembre 2019, inicio el 11 de enero 2020, t\u00e9rmino el 10 de enero de 2021. Cuenta con la colaboraci\u00f3n de LEMUSE Ingenier\u00eda, LEMUSSE montaje y comisiones y del Instituto Chileno del Acero, ICHA. Responsable: Dr. Nelson Maureira.<br \/>\n<strong>2015<\/strong><br \/>\n\u2022 \u201cDise\u00f1o, Construcci\u00f3n y Operaci\u00f3n de Mesa Vibradora para Ensayos Din\u00e1micos de Novedoso Dispositivo de Aislamiento S\u00edsmico Resistente a Tracci\u00f3n.\u201d.DIN-08\/2015, duraci\u00f3n 2 a\u00f1os, desde marzo 2015. Resultado: Solicitud de patente y articulo WOS. Responsable: Dr. Nelson Maureira.<br \/>\n<strong>2014<\/strong><br \/>\n\u2022 Proyecto EquipA3: \u201cImplementaci\u00f3n de un T\u00fanel de Viento para el Laboratorio de Estructuras de la F.I. de la UCSC\u201d, con fondos de MECESUP. Responsable: Dr. Nelson Maureira.<\/td>\n<td style=\"width: 3px\"><\/td>\n<\/tr>\n<tr>\n<td style=\"width: 70px\"><\/td>\n<td style=\"width: 73px\"><img loading=\"lazy\" class=\"aligncenter size-full wp-image-2560\" src=\"https:\/\/sitios.ucsc.cl\/ott\/wp-content\/uploads\/sites\/15\/2022\/07\/CU_7.png\" alt=\"\" width=\"50\" height=\"50\" \/><\/td>\n<td style=\"width: 595px\">\n<h3>Infraestructura<\/h3>\n<p>El laboratorio cuenta con 800 m2 y con un muro de reacci\u00f3n en L para ensayos cuasiest\u00e1ticos y din\u00e1micos de estructuras. El muro tiene una losa de reacci\u00f3n de 5,5 m x 5,5 m y una altura de 5,5 m.<\/td>\n<td style=\"width: 3px\"><\/td>\n<\/tr>\n<tr>\n<td style=\"width: 70px\"><\/td>\n<td style=\"width: 73px\"><img loading=\"lazy\" class=\"aligncenter size-full wp-image-2562\" src=\"https:\/\/sitios.ucsc.cl\/ott\/wp-content\/uploads\/sites\/15\/2022\/07\/CU_9.png\" alt=\"\" width=\"50\" height=\"50\" \/><\/td>\n<td style=\"width: 595px\">\n<h3>Equipamiento<\/h3>\n<\/td>\n<td style=\"width: 3px\"><\/td>\n<\/tr>\n<tr>\n<td style=\"width: 70px\"><\/td>\n<td style=\"width: 73px\"><\/td>\n<td style=\"width: 595px\">El laboratorio posee equipamiento para realizar ensayos din\u00e1micos que cuentan con m\u00f3dulos de adquisici\u00f3n de datos (4 tipos), aceler\u00f3metros (4 tipos), celdas de cargas de diferentes capacidades (8 tipos), sensores de desplazamiento l\u00e1ser (6 tipos) de tipo LVDT (2) e instrumentos para ensayos de microvibraciones estructurales como martillo modal, entre otros. Adem\u00e1s cuenta con un taller para la construcci\u00f3n de modelos a escala y diversos dispositivos para realizar ensayos en el laboratorio.<\/p>\n<p>\u2022 M\u00f3dulo de Adquisici\u00f3n de Datos NI9205 (Voltage):2.<br \/>\n\u2022 M\u00f3dulo de Adquisici\u00f3n de Datos NI9234 (Acelerometros):2.<br \/>\n\u2022 M\u00f3dulo de Adquisici\u00f3n de Datos NI9235 (Strain Gauges).<br \/>\n\u2022 M\u00f3dulo de Adquisici\u00f3n de Datos NI9237 (Celdas de carga).<br \/>\n\u2022 Chasis para M\u00f3dulos de Adquisici\u00f3n de Datos NIcDAQ9174.<br \/>\n\u2022 Chasis para M\u00f3dulos de Adquisici\u00f3n de Datos NIcDAQ9171.<br \/>\n\u2022 Aceler\u00f3metros Triaxiales CXL04GP3 :11.<br \/>\n\u2022 Aceler\u00f3metros uniaxiales PCB :8.<br \/>\n\u2022 Cables aceler\u00f3metros 10 pies :8.<br \/>\n\u2022 Celdas de Carga Honeywell 41 &#8211; 2000 lb: 2.<br \/>\n\u2022 Martillo Modal 2.4 Lb.<br \/>\n\u2022 Martillo Modal 0.5 Lb.<br \/>\n\u2022 Anem\u00f3metro digital port\u00e1til.<br \/>\n\u2022 Anem\u00f3metro con conexi\u00f3n a DAQ-PC.<\/p>\n<p>\u2022 Sierra circular de banco con 2 giros y recorrido lingit.<br \/>\n\u2022 Mesa vibradora 40cmX40cm: 1.<br \/>\n\u2022 Esmeril de banco Black and Decker G720-B2C.<br \/>\n\u2022 Taladro de Pedestal con caja reductora de velocidad.<br \/>\n\u2022 Esmeril angular de mano Black and Decker.<br \/>\n\u2022 Servomotor 220V Trif\u00e1sico, 6kW, 23Nm de torque.<br \/>\n\u2022 Driver o controlador num\u00e9rico de servomotor YELI.<br \/>\n\u2022 Transformador 380V-3F a 220V-3F, potencia 6kW.<br \/>\n\u2022 Sensor de posicionamiento l\u00e1ser con conexi\u00f3n DAQ-PC.<br \/>\n\u2022 LVDT modelo LDI-119-050-A010A (US$342,5).<br \/>\n\u2022 LVDT modelo LDI-119-150-A010A (US$342,5).<br \/>\n\u2022 Celda de Carga Honeywell Modelo 125-S, 200 kg.<br \/>\n\u2022 Celda de Carga Honeywell Modelo 125-S, 500 kg.<br \/>\n\u2022 Mesa vibradora uniaxial: base, mecanismo y mesa.<br \/>\n\u2022 Estructura t\u00fanel de viento (materiales y construcci\u00f3n).<br \/>\n\u2022 Ventilador Axial BD-9 aspas, para t\u00fanel de viento.<br \/>\n\u2022 Marco de reacci\u00f3n y losa de carga adosado a mesa vibradora.<br \/>\n\u2022 Taladro de Mano Bauker.<br \/>\n\u2022 Destornillador-taladro de alto torque a bater\u00edas.<br \/>\n\u2022 Destornillador de torque moderado a bater\u00edas.<br \/>\n\u2022 Taladro de Mano Bauker.<br \/>\n\u2022 Celda de Carga tipo S, 100 kg de capacidad.<br \/>\n\u2022 Celda de Carga tipo S, 1000 kg de capacidad.<br \/>\n\u2022 Sensor de desplazamiento lineal BWH225, 225 mm recorrido.<br \/>\n\u2022 Sensor de desplazamiento lineal BWH550,550 mm recorrido: 2.<br \/>\n\u2022 Sensor de movimiento angular de alta precisi\u00f3n ($12k c.u.): 4.<br \/>\n\u2022 Sensor LVDT modelo RC35-200S, 200mm recorrido.<br \/>\n\u2022 Sensor l\u00e1ser IL-300 alcance 50-300 mm, conexi\u00f3n DAQ-PC.<br \/>\n\u2022 Sensor l\u00e1ser IL-600 alcance 100-600 mm, conexi\u00f3n DAQ-PC.<br \/>\n\u2022 Celdas de carga miniatura 4X1 kg, 4X2 kg, 4X5 kg: 12<\/p>\n<p>\u2022 Celda de Carga Anular, 1000 kg de capacidad: 2<br \/>\n\u2022 Pesa de gancho digital, capacidad 300 kg.<br \/>\n\u2022 Pesa de gancho digital, capacidad 1000 kg.<br \/>\n\u2022 Celda de Carga tipo S, 1500 kg de capacidad.<br \/>\n\u2022 Celda de Carga Anular, 5000 kg de capacidad.<br \/>\n\u2022 Mesa simuladora de terremoto multidireccional con capacidad de carga de 12 toneladas y superficie<br \/>\nde 3m x 3m.<br \/>\n\u2022 Servomotor + controlador para accionar actuadores mec\u00e1nicos + PLC.<br \/>\n\u2022 Actuador Mec\u00e1nico 12 T.<br \/>\n\u2022 Laptop para control de sistema de sensores.<br \/>\n\u2022 Aceler\u00f3metros Inal\u00e1mbricos: 9.<br \/>\n\u2022 Sistema de Adquisici\u00f3n de Datos.<br \/>\n\u2022 Construcci\u00f3n de Mesa vibradora.<br \/>\n\u2022 Actuadores Doble Acci\u00f3n 10 T: 5.<br \/>\n\u2022 Bomba hidr\u00e1ulica manual, mangueras y v\u00e1lvulas.<br \/>\n\u2022 Celdas de Carga 10 Ton: 4.<br \/>\n\u2022 Celdas de Carga 30 Ton.<br \/>\n\u2022 Inclin\u00f3metros: 6.<br \/>\n\u2022 Lvdt 150mm: 6.<br \/>\n\u2022 Servidor para procesamiento num\u00e9rico de alto desempe\u00f1o.<br \/>\n\u2022 Computador para procesamiento num\u00e9rico: 2<\/td>\n<td style=\"width: 3px\"><\/td>\n<\/tr>\n<tr>\n<td style=\"width: 70px\"><\/td>\n<td style=\"width: 73px\"><img loading=\"lazy\" class=\"aligncenter size-full wp-image-2555\" src=\"https:\/\/sitios.ucsc.cl\/ott\/wp-content\/uploads\/sites\/15\/2022\/07\/CU_10.png\" alt=\"\" width=\"50\" height=\"50\" \/><\/td>\n<td style=\"width: 595px\">\n<h3>Integrantes de la unidad<\/h3>\n<\/td>\n<td style=\"width: 3px\"><\/td>\n<\/tr>\n<tr>\n<td style=\"width: 70px\"><\/td>\n<td style=\"width: 73px\"><\/td>\n<td style=\"width: 595px\">El Laboratorio cuenta con un equipo humano interdisciplinario integrado por:<br \/>\n\u2022 Dr. Claudio Oyarzo.<br \/>\n\u2022 Dr. Nelson Maureira.<br \/>\n\u2022 Dr. Eduardo Nu\u00f1ez.<br \/>\n\u2022 Dr. Frank Sanhueza.<\/td>\n<td style=\"width: 3px\"><\/td>\n<\/tr>\n<tr>\n<td style=\"width: 70px\"><\/td>\n<td style=\"width: 668px\" colspan=\"2\">&nbsp;<\/p>\n<p><a href=\"https:\/\/sitios.ucsc.cl\/ott\/wp-content\/uploads\/sites\/15\/2022\/10\/OTT_LAB_9.pdf\"><img loading=\"lazy\" class=\"aligncenter size-full wp-image-3262\" src=\"https:\/\/sitios.ucsc.cl\/ott\/wp-content\/uploads\/sites\/15\/2022\/10\/Boton-descarga-300x61-1.png\" alt=\"\" width=\"300\" height=\"61\" \/><\/a><\/p>\n<p>&nbsp;<\/td>\n<td style=\"width: 3px\"><\/td>\n<\/tr>\n<tr>\n<td style=\"width: 741px\" colspan=\"4\"><img loading=\"lazy\" class=\"aligncenter size-full wp-image-3263\" src=\"https:\/\/sitios.ucsc.cl\/ott\/wp-content\/uploads\/sites\/15\/2022\/10\/banner_LB.png\" alt=\"\" width=\"950\" height=\"111\" \/><\/td>\n<\/tr>\n<\/tbody>\n<\/table>\n<h5><\/h5>\n","protected":false},"excerpt":{"rendered":"<p>Descripci\u00f3n Laboratorio orientado a realizar estudios de din\u00e1mica de estructuras y sistemas de protecci\u00f3n s\u00edsmica, mediante el an\u00e1lisis de vibraciones y control de da\u00f1os en sistemas estructurales peque\u00f1os, utilizando modelamiento din\u00e1mico de estructura a escala, junto al an\u00e1lisis din\u00e1mico de dispositivos de protecci\u00f3n s\u00edsmica. Dependencia Facultad de Ingenier\u00eda. Director(a) responsable Dr. Nelson Maureira. Contacto Fono: [&hellip;]<\/p>\n","protected":false},"author":84,"featured_media":0,"parent":0,"menu_order":0,"comment_status":"closed","ping_status":"closed","template":"","meta":[],"yoast_head":"<!-- This site is optimized with the Yoast SEO plugin v18.9 - https:\/\/yoast.com\/wordpress\/plugins\/seo\/ -->\n<title>Laboratorio de Estructuras (LE) -<\/title>\n<meta name=\"robots\" content=\"index, follow, max-snippet:-1, max-image-preview:large, max-video-preview:-1\" \/>\n<link rel=\"canonical\" href=\"https:\/\/dinn.ucsc.cl\/index.php\/laboratorio-de-estructuras-le\/\" \/>\n<meta property=\"og:locale\" content=\"es_ES\" \/>\n<meta property=\"og:type\" content=\"article\" \/>\n<meta property=\"og:title\" content=\"Laboratorio de Estructuras (LE) -\" \/>\n<meta property=\"og:description\" content=\"Descripci\u00f3n Laboratorio orientado a realizar estudios de din\u00e1mica de estructuras y sistemas de protecci\u00f3n s\u00edsmica, mediante el an\u00e1lisis de vibraciones y control de da\u00f1os en sistemas estructurales peque\u00f1os, utilizando modelamiento din\u00e1mico de estructura a escala, junto al an\u00e1lisis din\u00e1mico de dispositivos de protecci\u00f3n s\u00edsmica. Dependencia Facultad de Ingenier\u00eda. Director(a) responsable Dr. Nelson Maureira. Contacto Fono: [&hellip;]\" \/>\n<meta property=\"og:url\" content=\"https:\/\/dinn.ucsc.cl\/index.php\/laboratorio-de-estructuras-le\/\" \/>\n<meta property=\"article:publisher\" content=\"https:\/\/m.facebook.com\/DINNUCSC\" \/>\n<meta property=\"og:image\" content=\"https:\/\/sitios.ucsc.cl\/ott\/wp-content\/uploads\/sites\/15\/2022\/07\/LABUCSC9.png\" \/>\n<meta name=\"twitter:card\" content=\"summary\" \/>\n<meta name=\"twitter:site\" content=\"@dinn_ucsc\" \/>\n<meta name=\"twitter:label1\" content=\"Tiempo de lectura\" \/>\n\t<meta name=\"twitter:data1\" content=\"5 minutos\" \/>\n<script type=\"application\/ld+json\" class=\"yoast-schema-graph\">{\"@context\":\"https:\/\/schema.org\",\"@graph\":[{\"@type\":\"WebSite\",\"@id\":\"https:\/\/dinn.ucsc.cl\/#website\",\"url\":\"https:\/\/dinn.ucsc.cl\/\",\"name\":\"Direcci\u00f3n de Innovaci\u00f3n UCSC\",\"description\":\"Direcci\u00f3n de Innovaci\u00f3n\",\"potentialAction\":[{\"@type\":\"SearchAction\",\"target\":{\"@type\":\"EntryPoint\",\"urlTemplate\":\"https:\/\/dinn.ucsc.cl\/?s={search_term_string}\"},\"query-input\":\"required name=search_term_string\"}],\"inLanguage\":\"es\"},{\"@type\":\"ImageObject\",\"inLanguage\":\"es\",\"@id\":\"https:\/\/dinn.ucsc.cl\/index.php\/laboratorio-de-estructuras-le\/#primaryimage\",\"url\":\"https:\/\/sitios.ucsc.cl\/ott\/wp-content\/uploads\/sites\/15\/2022\/07\/LABUCSC9.png\",\"contentUrl\":\"https:\/\/sitios.ucsc.cl\/ott\/wp-content\/uploads\/sites\/15\/2022\/07\/LABUCSC9.png\"},{\"@type\":\"WebPage\",\"@id\":\"https:\/\/dinn.ucsc.cl\/index.php\/laboratorio-de-estructuras-le\/#webpage\",\"url\":\"https:\/\/dinn.ucsc.cl\/index.php\/laboratorio-de-estructuras-le\/\",\"name\":\"Laboratorio de Estructuras (LE) -\",\"isPartOf\":{\"@id\":\"https:\/\/dinn.ucsc.cl\/#website\"},\"primaryImageOfPage\":{\"@id\":\"https:\/\/dinn.ucsc.cl\/index.php\/laboratorio-de-estructuras-le\/#primaryimage\"},\"datePublished\":\"2022-11-29T02:08:39+00:00\",\"dateModified\":\"2022-11-29T02:08:39+00:00\",\"breadcrumb\":{\"@id\":\"https:\/\/dinn.ucsc.cl\/index.php\/laboratorio-de-estructuras-le\/#breadcrumb\"},\"inLanguage\":\"es\",\"potentialAction\":[{\"@type\":\"ReadAction\",\"target\":[\"https:\/\/dinn.ucsc.cl\/index.php\/laboratorio-de-estructuras-le\/\"]}]},{\"@type\":\"BreadcrumbList\",\"@id\":\"https:\/\/dinn.ucsc.cl\/index.php\/laboratorio-de-estructuras-le\/#breadcrumb\",\"itemListElement\":[{\"@type\":\"ListItem\",\"position\":1,\"name\":\"Inicio\",\"item\":\"https:\/\/dinn.ucsc.cl\/\"},{\"@type\":\"ListItem\",\"position\":2,\"name\":\"Laboratorio de Estructuras (LE)\"}]}]}<\/script>\n<!-- \/ Yoast SEO plugin. -->","yoast_head_json":{"title":"Laboratorio de Estructuras (LE) -","robots":{"index":"index","follow":"follow","max-snippet":"max-snippet:-1","max-image-preview":"max-image-preview:large","max-video-preview":"max-video-preview:-1"},"canonical":"https:\/\/dinn.ucsc.cl\/index.php\/laboratorio-de-estructuras-le\/","og_locale":"es_ES","og_type":"article","og_title":"Laboratorio de Estructuras (LE) -","og_description":"Descripci\u00f3n Laboratorio orientado a realizar estudios de din\u00e1mica de estructuras y sistemas de protecci\u00f3n s\u00edsmica, mediante el an\u00e1lisis de vibraciones y control de da\u00f1os en sistemas estructurales peque\u00f1os, utilizando modelamiento din\u00e1mico de estructura a escala, junto al an\u00e1lisis din\u00e1mico de dispositivos de protecci\u00f3n s\u00edsmica. Dependencia Facultad de Ingenier\u00eda. Director(a) responsable Dr. Nelson Maureira. Contacto Fono: [&hellip;]","og_url":"https:\/\/dinn.ucsc.cl\/index.php\/laboratorio-de-estructuras-le\/","article_publisher":"https:\/\/m.facebook.com\/DINNUCSC","og_image":[{"url":"https:\/\/sitios.ucsc.cl\/ott\/wp-content\/uploads\/sites\/15\/2022\/07\/LABUCSC9.png"}],"twitter_card":"summary","twitter_site":"@dinn_ucsc","twitter_misc":{"Tiempo de lectura":"5 minutos"},"schema":{"@context":"https:\/\/schema.org","@graph":[{"@type":"WebSite","@id":"https:\/\/dinn.ucsc.cl\/#website","url":"https:\/\/dinn.ucsc.cl\/","name":"Direcci\u00f3n de Innovaci\u00f3n UCSC","description":"Direcci\u00f3n de Innovaci\u00f3n","potentialAction":[{"@type":"SearchAction","target":{"@type":"EntryPoint","urlTemplate":"https:\/\/dinn.ucsc.cl\/?s={search_term_string}"},"query-input":"required name=search_term_string"}],"inLanguage":"es"},{"@type":"ImageObject","inLanguage":"es","@id":"https:\/\/dinn.ucsc.cl\/index.php\/laboratorio-de-estructuras-le\/#primaryimage","url":"https:\/\/sitios.ucsc.cl\/ott\/wp-content\/uploads\/sites\/15\/2022\/07\/LABUCSC9.png","contentUrl":"https:\/\/sitios.ucsc.cl\/ott\/wp-content\/uploads\/sites\/15\/2022\/07\/LABUCSC9.png"},{"@type":"WebPage","@id":"https:\/\/dinn.ucsc.cl\/index.php\/laboratorio-de-estructuras-le\/#webpage","url":"https:\/\/dinn.ucsc.cl\/index.php\/laboratorio-de-estructuras-le\/","name":"Laboratorio de Estructuras (LE) -","isPartOf":{"@id":"https:\/\/dinn.ucsc.cl\/#website"},"primaryImageOfPage":{"@id":"https:\/\/dinn.ucsc.cl\/index.php\/laboratorio-de-estructuras-le\/#primaryimage"},"datePublished":"2022-11-29T02:08:39+00:00","dateModified":"2022-11-29T02:08:39+00:00","breadcrumb":{"@id":"https:\/\/dinn.ucsc.cl\/index.php\/laboratorio-de-estructuras-le\/#breadcrumb"},"inLanguage":"es","potentialAction":[{"@type":"ReadAction","target":["https:\/\/dinn.ucsc.cl\/index.php\/laboratorio-de-estructuras-le\/"]}]},{"@type":"BreadcrumbList","@id":"https:\/\/dinn.ucsc.cl\/index.php\/laboratorio-de-estructuras-le\/#breadcrumb","itemListElement":[{"@type":"ListItem","position":1,"name":"Inicio","item":"https:\/\/dinn.ucsc.cl\/"},{"@type":"ListItem","position":2,"name":"Laboratorio de Estructuras (LE)"}]}]}},"_links":{"self":[{"href":"https:\/\/dinn.ucsc.cl\/index.php\/wp-json\/wp\/v2\/pages\/4226"}],"collection":[{"href":"https:\/\/dinn.ucsc.cl\/index.php\/wp-json\/wp\/v2\/pages"}],"about":[{"href":"https:\/\/dinn.ucsc.cl\/index.php\/wp-json\/wp\/v2\/types\/page"}],"author":[{"embeddable":true,"href":"https:\/\/dinn.ucsc.cl\/index.php\/wp-json\/wp\/v2\/users\/84"}],"replies":[{"embeddable":true,"href":"https:\/\/dinn.ucsc.cl\/index.php\/wp-json\/wp\/v2\/comments?post=4226"}],"version-history":[{"count":1,"href":"https:\/\/dinn.ucsc.cl\/index.php\/wp-json\/wp\/v2\/pages\/4226\/revisions"}],"predecessor-version":[{"id":4227,"href":"https:\/\/dinn.ucsc.cl\/index.php\/wp-json\/wp\/v2\/pages\/4226\/revisions\/4227"}],"wp:attachment":[{"href":"https:\/\/dinn.ucsc.cl\/index.php\/wp-json\/wp\/v2\/media?parent=4226"}],"curies":[{"name":"wp","href":"https:\/\/api.w.org\/{rel}","templated":true}]}}