{"id":4230,"date":"2022-11-28T23:10:15","date_gmt":"2022-11-29T02:10:15","guid":{"rendered":"https:\/\/dinn.ucsc.cl\/?page_id=4230"},"modified":"2022-11-28T23:10:15","modified_gmt":"2022-11-29T02:10:15","slug":"laboratorio-de-investigacion-en-ciencias-biomedicas-licb","status":"publish","type":"page","link":"https:\/\/dinn.ucsc.cl\/index.php\/laboratorio-de-investigacion-en-ciencias-biomedicas-licb\/","title":{"rendered":"Laboratorio de Investigaci\u00f3n en Ciencias Biom\u00e9dicas (LICB)"},"content":{"rendered":"<table class=\" alignleft\">\n<tbody>\n<tr>\n<td style=\"width: 741px\" colspan=\"4\"><img loading=\"lazy\" class=\"aligncenter size-full wp-image-2931\" src=\"https:\/\/sitios.ucsc.cl\/ott\/wp-content\/uploads\/sites\/15\/2022\/07\/LABUCSC11.png\" alt=\"\" width=\"950\" height=\"194\" \/><\/td>\n<\/tr>\n<tr>\n<td style=\"width: 71px\"><\/td>\n<td style=\"width: 70px\"><img loading=\"lazy\" class=\"aligncenter wp-image-2512 size-full\" src=\"https:\/\/sitios.ucsc.cl\/ott\/wp-content\/uploads\/sites\/15\/2022\/07\/CU_1.png\" alt=\"\" width=\"50\" height=\"50\" \/><\/td>\n<td style=\"width: 597px\">\n<h3>Descripci\u00f3n<\/h3>\n<\/td>\n<td style=\"width: 3px\"><\/td>\n<\/tr>\n<tr>\n<td style=\"width: 71px\"><\/td>\n<td style=\"width: 70px\"><\/td>\n<td style=\"width: 597px\">Hacer investigaci\u00f3n cient\u00edfica del m\u00e1s alto nivel en temas de inter\u00e9s local y global posicionando a la Universidad Cat\u00f3lica de la Sant\u00edsima Concepci\u00f3n en las esferas de interacci\u00f3n y encuentro de la comunidad cient\u00edfica nacional e internacional.<\/td>\n<td style=\"width: 3px\"><\/td>\n<\/tr>\n<tr>\n<td style=\"width: 71px\"><\/td>\n<td style=\"width: 70px\"><img loading=\"lazy\" class=\"aligncenter size-full wp-image-2558\" src=\"https:\/\/sitios.ucsc.cl\/ott\/wp-content\/uploads\/sites\/15\/2022\/07\/CU_5.png\" alt=\"\" width=\"50\" height=\"50\" \/><\/td>\n<td style=\"width: 597px\">\n<h3>Dependencia<\/h3>\n<p>Departamento de Ciencias B\u00e1sicas, Facultad de Medicina.<\/td>\n<td style=\"width: 3px\"><\/td>\n<\/tr>\n<tr>\n<td style=\"width: 71px\"><\/td>\n<td style=\"width: 70px\"><img loading=\"lazy\" class=\"aligncenter size-full wp-image-2555\" src=\"https:\/\/sitios.ucsc.cl\/ott\/wp-content\/uploads\/sites\/15\/2022\/07\/CU_10.png\" alt=\"\" width=\"50\" height=\"50\" \/><\/td>\n<td style=\"width: 597px\">\n<h3>Director(a) responsable<\/h3>\n<p>Dr. Mat\u00edas Hepp Castro.<\/td>\n<td style=\"width: 3px\"><\/td>\n<\/tr>\n<tr>\n<td style=\"width: 71px\"><\/td>\n<td style=\"width: 70px\"><img loading=\"lazy\" class=\"aligncenter size-full wp-image-2557\" src=\"https:\/\/sitios.ucsc.cl\/ott\/wp-content\/uploads\/sites\/15\/2022\/07\/CU_4.png\" alt=\"\" width=\"50\" height=\"50\" \/><\/td>\n<td style=\"width: 597px\">\n<h3>Contacto<\/h3>\n<p>Fono +56 41-2345784<br \/>\nMail: mhepp@ucsc.cl<\/td>\n<td style=\"width: 3px\"><\/td>\n<\/tr>\n<tr>\n<td style=\"width: 71px\"><\/td>\n<td style=\"width: 70px\"><img loading=\"lazy\" class=\"aligncenter size-full wp-image-2559\" src=\"https:\/\/sitios.ucsc.cl\/ott\/wp-content\/uploads\/sites\/15\/2022\/07\/CU_6.png\" alt=\"\" width=\"50\" height=\"50\" \/><\/td>\n<td style=\"width: 597px\">\n<h3>Web<\/h3>\n<p>En construcci\u00f3n.<\/td>\n<td style=\"width: 3px\"><\/td>\n<\/tr>\n<tr>\n<td style=\"width: 71px\"><\/td>\n<td style=\"width: 70px\"><img loading=\"lazy\" class=\"aligncenter size-full wp-image-2512\" src=\"https:\/\/sitios.ucsc.cl\/ott\/wp-content\/uploads\/sites\/15\/2022\/07\/CU_1.png\" alt=\"\" width=\"50\" height=\"50\" \/><\/td>\n<td style=\"width: 597px\">\n<h3>\u00c1reas de conocimiento<\/h3>\n<\/td>\n<td style=\"width: 3px\"><\/td>\n<\/tr>\n<tr>\n<td style=\"width: 71px\"><\/td>\n<td style=\"width: 70px\"><\/td>\n<td style=\"width: 597px\">\u2022 Biolog\u00eda molecular.<br \/>\n\u2022 Biolog\u00eda celular.<br \/>\n\u2022 Neurociencia.<br \/>\n\u2022 Neurobiolog\u00eda del desarrollo.<br \/>\n\u2022 Enfermedades de la m\u00e9dula espinal.<br \/>\n\u2022 Epigen\u00e9tica.<br \/>\n\u2022 C\u00e1ncer.<br \/>\n\u2022 Envejecimiento.<br \/>\n\u2022 Obesidad.<br \/>\n\u2022 Gen\u00e9tica.<br \/>\n\u2022 Estr\u00e9s oxidativo.<\/td>\n<td style=\"width: 3px\"><\/td>\n<\/tr>\n<tr>\n<td style=\"width: 71px\"><\/td>\n<td style=\"width: 70px\"><img loading=\"lazy\" class=\"aligncenter size-full wp-image-2556\" src=\"https:\/\/sitios.ucsc.cl\/ott\/wp-content\/uploads\/sites\/15\/2022\/07\/CU_3.png\" alt=\"\" width=\"50\" height=\"50\" \/><\/td>\n<td style=\"width: 597px\">\n<h3>Oferta tecnol\u00f3gica<\/h3>\n<\/td>\n<td style=\"width: 3px\"><\/td>\n<\/tr>\n<tr>\n<td style=\"width: 71px\"><\/td>\n<td style=\"width: 70px\"><\/td>\n<td style=\"width: 597px\">\u2022 Secuenciaci\u00f3n gen\u00e9tica de muestras espec\u00edficas de origen animal, vegetal o microorganismos.<br \/>\n\u2022 Detecci\u00f3n de pat\u00f3genos o secuencias espec\u00edficas por PCR en tiempo real, desde muestras biol\u00f3gicas o ambientales.<br \/>\n\u2022 Capacitaci\u00f3n y utilizaci\u00f3n de citometro de flujo.<br \/>\n\u2022 An\u00e1lisis inmunocitoqu\u00edmicos de tejidos vegetales y\/o animales.<br \/>\n\u2022 An\u00e1lisis inmunol\u00f3gicos de ELISA, inmunocitoqu\u00edmica o western-blot.<br \/>\n\u2022 An\u00e1lisis de \u00e1cidos nucleicos por PCR y\/o electroforesis.<br \/>\n\u2022 Diagn\u00f3stico molecular de aspectos hereditarios utilizando secuenciaci\u00f3n.<br \/>\n\u2022 An\u00e1lisis de inmunoprecipitaci\u00f3n de cromatina en muestras biol\u00f3gicas.<br \/>\n\u2022 An\u00e1lisis de citotoxicidad celular de compuestos naturales.<\/td>\n<td style=\"width: 3px\"><\/td>\n<\/tr>\n<tr>\n<td style=\"width: 71px\"><\/td>\n<td style=\"width: 70px\"><img loading=\"lazy\" class=\"aligncenter size-full wp-image-2561\" src=\"https:\/\/sitios.ucsc.cl\/ott\/wp-content\/uploads\/sites\/15\/2022\/07\/CU_8.png\" alt=\"\" width=\"50\" height=\"50\" \/><\/td>\n<td style=\"width: 597px\">\n<h3>Experiencia de la unidad<\/h3>\n<\/td>\n<td style=\"width: 3px\"><\/td>\n<\/tr>\n<tr>\n<td style=\"width: 71px\"><\/td>\n<td style=\"width: 70px\"><\/td>\n<td style=\"width: 597px\"><strong>Proyectos ejecutados<\/strong><br \/>\n\u2022 Apoyo laboratorio diagn\u00f3stico COVID19 UCSC-UdeC. (FICOV 20002, 20906 y 20057). Fondo de Emergencia \u201cFortalecimiento Diagn\u00f3stico Covid &#8211; 19\u201d. A\u00f1o 2020. Investigador encargado: Matias Hepp.<br \/>\n\u2022 Role of HDACinh as a modulator of Immune-related pathways in Colorectal Cancer. (Fondecyt Iniciaci\u00f3n 11190287). Fecha de t\u00e9rmino: 2022. Investigador Principal: Mat\u00edas Hepp.<br \/>\n\u2022 Mechanisms underlying gut dysbiosis in an experimental mouse model of spinal cord compression (Fondecyt Iniciaci\u00f3n 11190421). Fecha de t\u00e9rmino: 2022. Investigador Principal: P\u00eda Vidal.<br \/>\n\u2022 Fortalecimiento de la investigaci\u00f3n, docencia en el \u00e1rea de Neurofisiolog\u00eda y la articulaci\u00f3n b\u00e1sicocl\u00ednica de los programas de Especialidades M\u00e9dicas de Psiquiatr\u00eda del Adulto, del Ni\u00f1o y Adolescente de la Facultad de Medicina UCSC. (CONICYT-PAI PAI77180086). Fecha de t\u00e9rmino: 2021. Investigador Principal: Ariel \u00c1vila.<br \/>\n\u2022 Identificaci\u00f3n de los genes blanco isofarma-espec\u00edficos del factor de transcripci\u00f3n Sall2 en respuesta a estr\u00e9s genot\u00f3xico. (Fondecyt Postdoctorado 3160190). Fecha de t\u00e9rmino: 2018. Investigador Principal: Mat\u00edas Hepp.<br \/>\n\u2022 Identificaci\u00f3n de Determinantes Estructurales de la Especificidad del Transporte de \u00c1cido Deshidroasc\u00f3rbico por GLUT1. (Fondecyt Postdoctorado 3150285). Fecha de t\u00e9rmino: 2016. Investigador Principal: Marcelo Villagr\u00e1n.<br \/>\n\u2022 Rol del transportador facilitativo de glucosa GLUT8 en la gl\u00e1ndula mamaria durante embarazo y lactancia (FONDECYT Iniciaci\u00f3n 11121367). Fecha de t\u00e9rmino: 2016. Investigador Principal: Lorena Mardones.<\/td>\n<td style=\"width: 3px\"><\/td>\n<\/tr>\n<tr>\n<td style=\"width: 71px\"><\/td>\n<td style=\"width: 70px\"><img loading=\"lazy\" class=\"aligncenter size-full wp-image-2560\" src=\"https:\/\/sitios.ucsc.cl\/ott\/wp-content\/uploads\/sites\/15\/2022\/07\/CU_7.png\" alt=\"\" width=\"50\" height=\"50\" \/><\/td>\n<td style=\"width: 597px\">\n<h3>Infraestructura<\/h3>\n<\/td>\n<td style=\"width: 3px\"><\/td>\n<\/tr>\n<tr>\n<td style=\"width: 71px\"><\/td>\n<td style=\"width: 70px\"><\/td>\n<td style=\"width: 597px\">El laboratorio de Investigaci\u00f3n en Ciencias Biom\u00e9dicas cuenta con m\u00e1s de 200 metros cuadrados de espacio de laboratorio destinado exclusivamente a la investigaci\u00f3n en ciencias biom\u00e9dicas. En este espacio se ubican equipos de uso general como, centr\u00edfugas, incubadoras, c\u00e1maras de flujo laminar, gabinetes de bioseguridad II clase A2, espectrofot\u00f3metros, micropipetas, medidores de pH, etc. Adem\u00e1s, se cuenta con equipos especializados como un cit\u00f3metro de flujo FACS CantoII, Secuenciador ABI 310, termociclador en tiempo real LightCycler 480, fotodocumentador Aplegen, sonicador Bioruptor Plus y microscopios.<\/td>\n<td style=\"width: 3px\"><\/td>\n<\/tr>\n<tr>\n<td style=\"width: 71px\"><\/td>\n<td style=\"width: 70px\"><img loading=\"lazy\" class=\"aligncenter size-full wp-image-2562\" src=\"https:\/\/sitios.ucsc.cl\/ott\/wp-content\/uploads\/sites\/15\/2022\/07\/CU_9.png\" alt=\"\" width=\"50\" height=\"50\" \/><\/td>\n<td style=\"width: 597px\">\n<h3>Equipamiento<\/h3>\n<\/td>\n<td style=\"width: 3px\"><\/td>\n<\/tr>\n<tr>\n<td style=\"width: 71px\"><\/td>\n<td style=\"width: 70px\"><\/td>\n<td style=\"width: 597px\">\u2022 Cit\u00f3metro BD FasccantoII.<br \/>\nUso: An\u00e1lisis de part\u00edculas y citometr\u00eda.<br \/>\n\u2022 Centr\u00edfuga refrigerada tubos 1.5ml.<br \/>\nUso: Preparaci\u00f3n de muestras.<br \/>\n\u2022 Centr\u00edfuga tubos 15-50 ml: 3.<br \/>\nUso: Preparaci\u00f3n de muestras.\u2022 Micro centrifuga: 3.<br \/>\nUso: Preparaci\u00f3n de muestras.<br \/>\n\u2022 Centr\u00edfuga de alta velocidad refrigerada.<br \/>\nUso: Preparaci\u00f3n de muestras.<br \/>\n\u2022 Termociclador tiempo real LC480, roche.<br \/>\nUso: Amplificaci\u00f3n y an\u00e1lisis de \u00e1cidos nucleicos en tiempo real.<br \/>\n\u2022 Termociclador convencional con gradiente Applied.<br \/>\nUso: Amplificaci\u00f3n y an\u00e1lisis de \u00e1cidos nucleicos.<br \/>\n\u2022 Fotodocumentador Applegen.<br \/>\nUso: Adquisici\u00f3n de im\u00e1genes de western-blot y electroforesis.<br \/>\n\u2022 Secuenciador electrofesis capilar ABI 310.<br \/>\nUso: An\u00e1lisis de genomas y secuencias de ADN.<br \/>\n\u2022 Microscopio de fluorescencia.<br \/>\nUso: Observaci\u00f3n de muestras.<br \/>\n\u2022 Microscopio invertido.<br \/>\nUso: Observaci\u00f3n de muestras.<br \/>\n\u2022 Microscopio de campo claro.<br \/>\nUso: Observaci\u00f3n de muestras.<br \/>\n\u2022 Ultra Freezer -80.<br \/>\nUso: Preservaci\u00f3n y almacenamiento de muestras.<br \/>\n\u2022 Nanodrop Lite.<br \/>\nUso: Cuantificaci\u00f3n de ADN y ARN.<br \/>\n\u2022 Qubit 4.<br \/>\nUso: Cuantificaci\u00f3n de ADN y ARN.<br \/>\n\u2022 Fluor\u00f3metro.<br \/>\nUso: Cuantificaci\u00f3n de ADN y ARN.<br \/>\n\u2022 Incubadora Fitotr\u00f3n para plantas y bacterias.<br \/>\nUso: Crecimiento de plantas micropropagadas in vitro y cultivos bacterianos.<br \/>\n\u2022 Sonicador Bioruptor Plus.<br \/>\nUso: Ruptura de tejidos para extracci\u00f3n de prote\u00ednas y \u00e1cidos nucleicos.<br \/>\n\u2022 Liofilizador.<br \/>\nUso: Liofilizado de algas, vegetales y extractos.<br \/>\n\u2022 Termociclador Lightcycler: 2.<br \/>\nUso: Amplificaci\u00f3n y an\u00e1lisis de \u00e1cidos nucleicos.<br \/>\n\u2022 PHmetro: 2.<br \/>\nUso: Mediciones de muestras.<br \/>\n\u2022 Micropipetas: &gt;20.<br \/>\nUso: Mediciones de volumen.<br \/>\n\u2022 C\u00e1mara de Bioseguridad: 6.<br \/>\nUso: Procesamiento en ambiente est\u00e9ril de muestras.\u2022 Equipo Hibridaci\u00f3n HPV.<br \/>\nUso: Diagn\u00f3stico de infecciones.<br \/>\n\u2022 Incubadora de c\u00e9lulas.<br \/>\nUso: Crecimiento de cultivos celulares.<br \/>\n\u2022 Lector de microplaca por luminiscencia (4 abs).<br \/>\nUso: An\u00e1lisis de muestras en volumen peque\u00f1o.<br \/>\n\u2022 Espectrofot\u00f3metro visible.<br \/>\nUso: An\u00e1lisis de muestras por espectrofotometr\u00eda en rango visible.<br \/>\n\u2022 Termo criog\u00e9nico.<br \/>\nUso: Preservaci\u00f3n y almacenamiento de muestras.<\/td>\n<td style=\"width: 3px\"><\/td>\n<\/tr>\n<tr>\n<td style=\"width: 71px\"><\/td>\n<td style=\"width: 70px\"><img loading=\"lazy\" class=\"aligncenter size-full wp-image-2555\" src=\"https:\/\/sitios.ucsc.cl\/ott\/wp-content\/uploads\/sites\/15\/2022\/07\/CU_10.png\" alt=\"\" width=\"50\" height=\"50\" \/><\/td>\n<td style=\"width: 597px\">\n<h3>Integrantes de la unidad<\/h3>\n<\/td>\n<td style=\"width: 3px\"><\/td>\n<\/tr>\n<tr>\n<td style=\"width: 71px\"><\/td>\n<td style=\"width: 70px\"><\/td>\n<td style=\"width: 597px\">El Laboratorio cuenta con un equipo humano interdisciplinario integrado por:<br \/>\n\u2022 Dr. Ariel \u00c1vila.<br \/>\n\u2022 Dr. Mat\u00edas Hepp.<br \/>\n\u2022 Dra. Lorena Mardones.<br \/>\n\u2022 Dra. P\u00eda Vidal.<br \/>\n\u2022 Dr. Marcelo Villagr\u00e1n.<br \/>\n\u2022 Dr. Jorge Ojeda (postdoctorante).<br \/>\n\u2022 Geovanna Valdivieso (laborante, especialista).<br \/>\n\u2022 Fernando Rivas (asistente de investigaci\u00f3n).<\/p>\n<h3><\/h3>\n<\/td>\n<td style=\"width: 3px\"><\/td>\n<\/tr>\n<tr>\n<td style=\"width: 71px\"><\/td>\n<td style=\"width: 667px\" colspan=\"2\">&nbsp;<\/p>\n<p><a href=\"https:\/\/sitios.ucsc.cl\/ott\/wp-content\/uploads\/sites\/15\/2022\/10\/OTT_LAB_11.pdf\"><img loading=\"lazy\" class=\"aligncenter size-full wp-image-3262\" src=\"https:\/\/sitios.ucsc.cl\/ott\/wp-content\/uploads\/sites\/15\/2022\/10\/Boton-descarga-300x61-1.png\" alt=\"\" width=\"300\" height=\"61\" \/><\/a><\/p>\n<p>&nbsp;<\/p>\n<p>&nbsp;<\/td>\n<td style=\"width: 3px\"><\/td>\n<\/tr>\n<tr>\n<td style=\"width: 741px\" colspan=\"4\"><img loading=\"lazy\" class=\"aligncenter size-full wp-image-3263\" src=\"https:\/\/sitios.ucsc.cl\/ott\/wp-content\/uploads\/sites\/15\/2022\/10\/banner_LB.png\" alt=\"\" width=\"950\" height=\"111\" \/><\/td>\n<\/tr>\n<\/tbody>\n<\/table>\n<h5><\/h5>\n","protected":false},"excerpt":{"rendered":"<p>Descripci\u00f3n Hacer investigaci\u00f3n cient\u00edfica del m\u00e1s alto nivel en temas de inter\u00e9s local y global posicionando a la Universidad Cat\u00f3lica de la Sant\u00edsima Concepci\u00f3n en las esferas de interacci\u00f3n y encuentro de la comunidad cient\u00edfica nacional e internacional. Dependencia Departamento de Ciencias B\u00e1sicas, Facultad de Medicina. Director(a) responsable Dr. Mat\u00edas Hepp Castro. Contacto Fono +56 [&hellip;]<\/p>\n","protected":false},"author":84,"featured_media":0,"parent":0,"menu_order":0,"comment_status":"closed","ping_status":"closed","template":"","meta":[],"yoast_head":"<!-- This site is optimized with the Yoast SEO plugin v18.9 - https:\/\/yoast.com\/wordpress\/plugins\/seo\/ -->\n<title>Laboratorio de Investigaci\u00f3n en Ciencias Biom\u00e9dicas (LICB) -<\/title>\n<meta name=\"robots\" content=\"index, follow, max-snippet:-1, max-image-preview:large, max-video-preview:-1\" \/>\n<link rel=\"canonical\" href=\"https:\/\/dinn.ucsc.cl\/index.php\/laboratorio-de-investigacion-en-ciencias-biomedicas-licb\/\" \/>\n<meta property=\"og:locale\" content=\"es_ES\" \/>\n<meta property=\"og:type\" content=\"article\" \/>\n<meta property=\"og:title\" content=\"Laboratorio de Investigaci\u00f3n en Ciencias Biom\u00e9dicas (LICB) -\" \/>\n<meta property=\"og:description\" content=\"Descripci\u00f3n Hacer investigaci\u00f3n cient\u00edfica del m\u00e1s alto nivel en temas de inter\u00e9s local y global posicionando a la Universidad Cat\u00f3lica de la Sant\u00edsima Concepci\u00f3n en las esferas de interacci\u00f3n y encuentro de la comunidad cient\u00edfica nacional e internacional. Dependencia Departamento de Ciencias B\u00e1sicas, Facultad de Medicina. Director(a) responsable Dr. Mat\u00edas Hepp Castro. Contacto Fono +56 [&hellip;]\" \/>\n<meta property=\"og:url\" content=\"https:\/\/dinn.ucsc.cl\/index.php\/laboratorio-de-investigacion-en-ciencias-biomedicas-licb\/\" \/>\n<meta property=\"article:publisher\" content=\"https:\/\/m.facebook.com\/DINNUCSC\" \/>\n<meta property=\"og:image\" content=\"https:\/\/sitios.ucsc.cl\/ott\/wp-content\/uploads\/sites\/15\/2022\/07\/LABUCSC11.png\" \/>\n<meta name=\"twitter:card\" content=\"summary\" \/>\n<meta name=\"twitter:site\" content=\"@dinn_ucsc\" \/>\n<meta name=\"twitter:label1\" content=\"Tiempo de lectura\" \/>\n\t<meta name=\"twitter:data1\" content=\"4 minutos\" \/>\n<script type=\"application\/ld+json\" class=\"yoast-schema-graph\">{\"@context\":\"https:\/\/schema.org\",\"@graph\":[{\"@type\":\"WebSite\",\"@id\":\"https:\/\/dinn.ucsc.cl\/#website\",\"url\":\"https:\/\/dinn.ucsc.cl\/\",\"name\":\"Direcci\u00f3n de Innovaci\u00f3n UCSC\",\"description\":\"Direcci\u00f3n de Innovaci\u00f3n\",\"potentialAction\":[{\"@type\":\"SearchAction\",\"target\":{\"@type\":\"EntryPoint\",\"urlTemplate\":\"https:\/\/dinn.ucsc.cl\/?s={search_term_string}\"},\"query-input\":\"required name=search_term_string\"}],\"inLanguage\":\"es\"},{\"@type\":\"ImageObject\",\"inLanguage\":\"es\",\"@id\":\"https:\/\/dinn.ucsc.cl\/index.php\/laboratorio-de-investigacion-en-ciencias-biomedicas-licb\/#primaryimage\",\"url\":\"https:\/\/sitios.ucsc.cl\/ott\/wp-content\/uploads\/sites\/15\/2022\/07\/LABUCSC11.png\",\"contentUrl\":\"https:\/\/sitios.ucsc.cl\/ott\/wp-content\/uploads\/sites\/15\/2022\/07\/LABUCSC11.png\"},{\"@type\":\"WebPage\",\"@id\":\"https:\/\/dinn.ucsc.cl\/index.php\/laboratorio-de-investigacion-en-ciencias-biomedicas-licb\/#webpage\",\"url\":\"https:\/\/dinn.ucsc.cl\/index.php\/laboratorio-de-investigacion-en-ciencias-biomedicas-licb\/\",\"name\":\"Laboratorio de Investigaci\u00f3n en Ciencias Biom\u00e9dicas (LICB) -\",\"isPartOf\":{\"@id\":\"https:\/\/dinn.ucsc.cl\/#website\"},\"primaryImageOfPage\":{\"@id\":\"https:\/\/dinn.ucsc.cl\/index.php\/laboratorio-de-investigacion-en-ciencias-biomedicas-licb\/#primaryimage\"},\"datePublished\":\"2022-11-29T02:10:15+00:00\",\"dateModified\":\"2022-11-29T02:10:15+00:00\",\"breadcrumb\":{\"@id\":\"https:\/\/dinn.ucsc.cl\/index.php\/laboratorio-de-investigacion-en-ciencias-biomedicas-licb\/#breadcrumb\"},\"inLanguage\":\"es\",\"potentialAction\":[{\"@type\":\"ReadAction\",\"target\":[\"https:\/\/dinn.ucsc.cl\/index.php\/laboratorio-de-investigacion-en-ciencias-biomedicas-licb\/\"]}]},{\"@type\":\"BreadcrumbList\",\"@id\":\"https:\/\/dinn.ucsc.cl\/index.php\/laboratorio-de-investigacion-en-ciencias-biomedicas-licb\/#breadcrumb\",\"itemListElement\":[{\"@type\":\"ListItem\",\"position\":1,\"name\":\"Inicio\",\"item\":\"https:\/\/dinn.ucsc.cl\/\"},{\"@type\":\"ListItem\",\"position\":2,\"name\":\"Laboratorio de Investigaci\u00f3n en Ciencias Biom\u00e9dicas (LICB)\"}]}]}<\/script>\n<!-- \/ Yoast SEO plugin. -->","yoast_head_json":{"title":"Laboratorio de Investigaci\u00f3n en Ciencias Biom\u00e9dicas (LICB) -","robots":{"index":"index","follow":"follow","max-snippet":"max-snippet:-1","max-image-preview":"max-image-preview:large","max-video-preview":"max-video-preview:-1"},"canonical":"https:\/\/dinn.ucsc.cl\/index.php\/laboratorio-de-investigacion-en-ciencias-biomedicas-licb\/","og_locale":"es_ES","og_type":"article","og_title":"Laboratorio de Investigaci\u00f3n en Ciencias Biom\u00e9dicas (LICB) -","og_description":"Descripci\u00f3n Hacer investigaci\u00f3n cient\u00edfica del m\u00e1s alto nivel en temas de inter\u00e9s local y global posicionando a la Universidad Cat\u00f3lica de la Sant\u00edsima Concepci\u00f3n en las esferas de interacci\u00f3n y encuentro de la comunidad cient\u00edfica nacional e internacional. Dependencia Departamento de Ciencias B\u00e1sicas, Facultad de Medicina. Director(a) responsable Dr. Mat\u00edas Hepp Castro. Contacto Fono +56 [&hellip;]","og_url":"https:\/\/dinn.ucsc.cl\/index.php\/laboratorio-de-investigacion-en-ciencias-biomedicas-licb\/","article_publisher":"https:\/\/m.facebook.com\/DINNUCSC","og_image":[{"url":"https:\/\/sitios.ucsc.cl\/ott\/wp-content\/uploads\/sites\/15\/2022\/07\/LABUCSC11.png"}],"twitter_card":"summary","twitter_site":"@dinn_ucsc","twitter_misc":{"Tiempo de lectura":"4 minutos"},"schema":{"@context":"https:\/\/schema.org","@graph":[{"@type":"WebSite","@id":"https:\/\/dinn.ucsc.cl\/#website","url":"https:\/\/dinn.ucsc.cl\/","name":"Direcci\u00f3n de Innovaci\u00f3n UCSC","description":"Direcci\u00f3n de Innovaci\u00f3n","potentialAction":[{"@type":"SearchAction","target":{"@type":"EntryPoint","urlTemplate":"https:\/\/dinn.ucsc.cl\/?s={search_term_string}"},"query-input":"required name=search_term_string"}],"inLanguage":"es"},{"@type":"ImageObject","inLanguage":"es","@id":"https:\/\/dinn.ucsc.cl\/index.php\/laboratorio-de-investigacion-en-ciencias-biomedicas-licb\/#primaryimage","url":"https:\/\/sitios.ucsc.cl\/ott\/wp-content\/uploads\/sites\/15\/2022\/07\/LABUCSC11.png","contentUrl":"https:\/\/sitios.ucsc.cl\/ott\/wp-content\/uploads\/sites\/15\/2022\/07\/LABUCSC11.png"},{"@type":"WebPage","@id":"https:\/\/dinn.ucsc.cl\/index.php\/laboratorio-de-investigacion-en-ciencias-biomedicas-licb\/#webpage","url":"https:\/\/dinn.ucsc.cl\/index.php\/laboratorio-de-investigacion-en-ciencias-biomedicas-licb\/","name":"Laboratorio de Investigaci\u00f3n en Ciencias Biom\u00e9dicas (LICB) -","isPartOf":{"@id":"https:\/\/dinn.ucsc.cl\/#website"},"primaryImageOfPage":{"@id":"https:\/\/dinn.ucsc.cl\/index.php\/laboratorio-de-investigacion-en-ciencias-biomedicas-licb\/#primaryimage"},"datePublished":"2022-11-29T02:10:15+00:00","dateModified":"2022-11-29T02:10:15+00:00","breadcrumb":{"@id":"https:\/\/dinn.ucsc.cl\/index.php\/laboratorio-de-investigacion-en-ciencias-biomedicas-licb\/#breadcrumb"},"inLanguage":"es","potentialAction":[{"@type":"ReadAction","target":["https:\/\/dinn.ucsc.cl\/index.php\/laboratorio-de-investigacion-en-ciencias-biomedicas-licb\/"]}]},{"@type":"BreadcrumbList","@id":"https:\/\/dinn.ucsc.cl\/index.php\/laboratorio-de-investigacion-en-ciencias-biomedicas-licb\/#breadcrumb","itemListElement":[{"@type":"ListItem","position":1,"name":"Inicio","item":"https:\/\/dinn.ucsc.cl\/"},{"@type":"ListItem","position":2,"name":"Laboratorio de Investigaci\u00f3n en Ciencias Biom\u00e9dicas (LICB)"}]}]}},"_links":{"self":[{"href":"https:\/\/dinn.ucsc.cl\/index.php\/wp-json\/wp\/v2\/pages\/4230"}],"collection":[{"href":"https:\/\/dinn.ucsc.cl\/index.php\/wp-json\/wp\/v2\/pages"}],"about":[{"href":"https:\/\/dinn.ucsc.cl\/index.php\/wp-json\/wp\/v2\/types\/page"}],"author":[{"embeddable":true,"href":"https:\/\/dinn.ucsc.cl\/index.php\/wp-json\/wp\/v2\/users\/84"}],"replies":[{"embeddable":true,"href":"https:\/\/dinn.ucsc.cl\/index.php\/wp-json\/wp\/v2\/comments?post=4230"}],"version-history":[{"count":1,"href":"https:\/\/dinn.ucsc.cl\/index.php\/wp-json\/wp\/v2\/pages\/4230\/revisions"}],"predecessor-version":[{"id":4231,"href":"https:\/\/dinn.ucsc.cl\/index.php\/wp-json\/wp\/v2\/pages\/4230\/revisions\/4231"}],"wp:attachment":[{"href":"https:\/\/dinn.ucsc.cl\/index.php\/wp-json\/wp\/v2\/media?parent=4230"}],"curies":[{"name":"wp","href":"https:\/\/api.w.org\/{rel}","templated":true}]}}