{"id":4232,"date":"2022-11-28T23:10:47","date_gmt":"2022-11-29T02:10:47","guid":{"rendered":"https:\/\/dinn.ucsc.cl\/?page_id=4232"},"modified":"2023-10-15T21:07:52","modified_gmt":"2023-10-16T00:07:52","slug":"laboratorio-de-tecnologias-limpias-ltl","status":"publish","type":"page","link":"https:\/\/dinn.ucsc.cl\/index.php\/laboratorio-de-tecnologias-limpias-ltl\/","title":{"rendered":"Laboratorio de Tecnolog\u00edas Limpias (LTL)"},"content":{"rendered":"<table class=\" alignleft\">\n<tbody>\n<tr>\n<td style=\"width: 741px\" colspan=\"4\"><img loading=\"lazy\" class=\"aligncenter size-full wp-image-2932\" src=\"https:\/\/sitios.ucsc.cl\/ott\/wp-content\/uploads\/sites\/15\/2022\/07\/LABUCSC12.png\" alt=\"\" width=\"950\" height=\"194\" \/><\/td>\n<\/tr>\n<tr>\n<td style=\"width: 67px\"><\/td>\n<td style=\"width: 80px\"><img loading=\"lazy\" class=\"aligncenter wp-image-2512 size-full\" src=\"https:\/\/sitios.ucsc.cl\/ott\/wp-content\/uploads\/sites\/15\/2022\/07\/CU_1.png\" alt=\"\" width=\"50\" height=\"50\" \/><\/td>\n<td style=\"width: 591px\">\n<h3>Descripci\u00f3n<\/h3>\n<\/td>\n<td style=\"width: 3px\"><\/td>\n<\/tr>\n<tr>\n<td style=\"width: 67px\"><\/td>\n<td style=\"width: 80px\"><\/td>\n<td style=\"width: 591px\">Creado con el fin de promover la investigaci\u00f3n vinculada al control de la contaminaci\u00f3n ambiental y el desarrollo de tecnolog\u00edas limpias para el sector industrial, sobre la base de la protecci\u00f3n del medioambiente.<\/td>\n<td style=\"width: 3px\"><\/td>\n<\/tr>\n<tr>\n<td style=\"width: 67px\"><\/td>\n<td style=\"width: 80px\"><img loading=\"lazy\" class=\"aligncenter size-full wp-image-2558\" src=\"https:\/\/sitios.ucsc.cl\/ott\/wp-content\/uploads\/sites\/15\/2022\/07\/CU_5.png\" alt=\"\" width=\"50\" height=\"50\" \/><\/td>\n<td style=\"width: 591px\">\n<h3>Dependencia<\/h3>\n<p>Facultad de Ingenier\u00eda.<\/td>\n<td style=\"width: 3px\"><\/td>\n<\/tr>\n<tr>\n<td style=\"width: 67px\"><\/td>\n<td style=\"width: 80px\"><img loading=\"lazy\" class=\"aligncenter size-full wp-image-2555\" src=\"https:\/\/sitios.ucsc.cl\/ott\/wp-content\/uploads\/sites\/15\/2022\/07\/CU_10.png\" alt=\"\" width=\"50\" height=\"50\" \/><\/td>\n<td style=\"width: 591px\">\n<h3>Director(a) responsable<\/h3>\n<p>Dr. H\u00e9ctor Vald\u00e9s.<\/td>\n<td style=\"width: 3px\"><\/td>\n<\/tr>\n<tr>\n<td style=\"width: 67px\"><\/td>\n<td style=\"width: 80px\"><img loading=\"lazy\" class=\"aligncenter size-full wp-image-2557\" src=\"https:\/\/sitios.ucsc.cl\/ott\/wp-content\/uploads\/sites\/15\/2022\/07\/CU_4.png\" alt=\"\" width=\"50\" height=\"50\" \/><\/td>\n<td style=\"width: 591px\">\n<h3>Contacto<\/h3>\n<p>Fono: +56 41-2345044<br \/>\nMail: hvaldes@ucsc.cl<\/td>\n<td style=\"width: 3px\"><\/td>\n<\/tr>\n<tr>\n<td style=\"width: 67px\"><\/td>\n<td style=\"width: 80px\"><img loading=\"lazy\" class=\"aligncenter size-full wp-image-2559\" src=\"https:\/\/sitios.ucsc.cl\/ott\/wp-content\/uploads\/sites\/15\/2022\/07\/CU_6.png\" alt=\"\" width=\"50\" height=\"50\" \/><\/td>\n<td style=\"width: 591px\">\n<h3>Web<\/h3>\n<p>http:\/\/web2.ucsc.cl\/~ltl\/index.htm<\/td>\n<td style=\"width: 3px\"><\/td>\n<\/tr>\n<tr>\n<td style=\"width: 67px\"><\/td>\n<td style=\"width: 80px\"><img loading=\"lazy\" class=\"aligncenter size-full wp-image-2512\" src=\"https:\/\/sitios.ucsc.cl\/ott\/wp-content\/uploads\/sites\/15\/2022\/07\/CU_1.png\" alt=\"\" width=\"50\" height=\"50\" \/><\/td>\n<td style=\"width: 591px\">\n<h3>\u00c1reas de conocimiento<\/h3>\n<\/td>\n<td style=\"width: 3px\"><\/td>\n<\/tr>\n<tr>\n<td style=\"width: 67px\"><\/td>\n<td style=\"width: 80px\"><\/td>\n<td style=\"width: 591px\">\u2022 Cat\u00e1lisis ambiental.<br \/>\n\u2022 Tecnolog\u00edas para el control de contaminaci\u00f3n atmosf\u00e9rica.<br \/>\n\u2022 Control de etileno durante el almacenamiento y distribuci\u00f3n de productos agr\u00edcolas. aguas residuales.<br \/>\n\u2022 Tecnolog\u00edas no convencionales de tratamiento de aguas y aguas residuales.<br \/>\n\u2022 Procesos de oxidaci\u00f3n avanzados para el tratamiento de aguas y aguas residuales.<\/td>\n<td style=\"width: 3px\"><\/td>\n<\/tr>\n<tr>\n<td style=\"width: 67px\"><\/td>\n<td style=\"width: 80px\"><img loading=\"lazy\" class=\"aligncenter size-full wp-image-2556\" src=\"https:\/\/sitios.ucsc.cl\/ott\/wp-content\/uploads\/sites\/15\/2022\/07\/CU_3.png\" alt=\"\" width=\"50\" height=\"50\" \/><\/td>\n<td style=\"width: 591px\">\n<h3>Oferta tecnol\u00f3gica<\/h3>\n<\/td>\n<td style=\"width: 3px\"><\/td>\n<\/tr>\n<tr>\n<td style=\"width: 67px\"><\/td>\n<td style=\"width: 80px\"><\/td>\n<td style=\"width: 591px\">\u2022 Servicio de capacitaci\u00f3n y entrenamiento en t\u00e9cnicas anal\u00edticas de control de aguas residuales y pruebas de factibilidad de tratamientos de aguas residuales.<br \/>\n\u2022 Se incluye taller que permitir\u00e1 incrementar las capacidades de innovaci\u00f3n en la empresa.<br \/>\n\u2022 Capacitaciones en t\u00e9cnicas anal\u00edticas para el control de aguas residuales.<br \/>\n\u2022 Ensayos de coagulaci\u00f3n-floculaci\u00f3n.<br \/>\n\u2022 Estudios de factibilidad de tratamiento biol\u00f3gico aerobio de aguas residuales.<br \/>\n\u2022 Estudios de factibilidad de tratamiento anaerobio aguas residuales.<br \/>\n\u2022 Asistencias T\u00e9cnicas especializadas.<\/td>\n<td style=\"width: 3px\"><\/td>\n<\/tr>\n<tr>\n<td style=\"width: 67px\"><\/td>\n<td style=\"width: 80px\"><img loading=\"lazy\" class=\"aligncenter size-full wp-image-2561\" src=\"https:\/\/sitios.ucsc.cl\/ott\/wp-content\/uploads\/sites\/15\/2022\/07\/CU_8.png\" alt=\"\" width=\"50\" height=\"50\" \/><\/td>\n<td style=\"width: 591px\">\n<h3>Experiencia de la unidad<\/h3>\n<\/td>\n<td style=\"width: 3px\"><\/td>\n<\/tr>\n<tr>\n<td style=\"width: 67px\"><\/td>\n<td style=\"width: 80px\"><\/td>\n<td style=\"width: 591px\"><strong>Proyectos ejecutados:<\/strong><br \/>\n<strong>2019:<\/strong><br \/>\n\u2022 Photocatalytic oxidation of ethylene emissions from fruit storage facilities under simulated visible light irradiation using reduced graphene oxide modified anatase black TiO2 nanostructures with exposed {001} at low temperature and high relative humidity. FONDECYT Regular 2020 1200858.<br \/>\n<strong>2018:<\/strong><br \/>\n\u2022 Development of new functional nanocomposites based on graphene quantum dots supported metal\/metal oxide nanoparticles for electrochemical biosensing of DNA\/RNA molecules. FONDECYT Postdoctorado N\u00b0 3190256.<br \/>\n<strong>2017:<\/strong><br \/>\n\u2022 Low temperature photocatalytic oxidation of ethylene emissions from fruit warehouses and cold-storage facilities using hydrophobic zeolites doped with zinc and copper oxide nanoparticles under high relative humidity. FONDECYT Regular 1170694.<br \/>\n<strong>2014:<\/strong><br \/>\n\u2022 Eliminaci\u00f3n de compuestos org\u00e1nicos vol\u00e1tiles azufrados (COVs-S) de plantas de fabricaci\u00f3n de celulosa mediante un sistema h\u00edbrido de adsorci\u00f3n\/oxidaci\u00f3n con per\u00f3xido de hidr\u00f3geno y carbones activados. FONDECYT Postdoctorado 2015.<br \/>\n<strong>2013:<\/strong><br \/>\n\u2022 Low temperature removal of chlorinated volatile organic compounds based on the combined use of transition metal-exchanged Chilean natural zeolite and ozone as detoxification process. FONDECYT Regular 1130560.<br \/>\n<strong>2012:<\/strong><br \/>\n\u2022 Aplicaci\u00f3n de zeolitas sint\u00e9ticas francesas y zeolitas naturales chilenas para la eliminaci\u00f3n de contaminantes org\u00e1nicos t\u00f3xicos en procesos de oxidaci\u00f3n avanzada. Proyecto ECOS-CONICYT C11E08.<br \/>\n<strong>2010:<\/strong><br \/>\n\u2022 Water and chemicals recovery from segregated kraft cellulose bleaching effluents using membrane separation and advanced electrooxidation processes. FONDECYT Regular 1100738. \u00bfC\u00f3mo se depuran las aguas servidas de mi comuna?. Proyecto Explora ED14\/024. UCSC-ESSBIO S.A.<br \/>\n<strong>2009:<\/strong><br \/>\n\u2022 Heterogeneous catalytic gas phase ozonation of vocs using chilean zeolite at low temperature. FONDECYT Regular 1090182.<br \/>\n\u2022 Recuperaci\u00f3n de agua y recursos qu\u00edmicos a partir de los efluentes segregados del blanqueo de celulosa kraft, mediante un sistema combinado de separaci\u00f3n por membranas y procesos de electro- oxidacio\u0301n avanzada. Programa de financiamiento Basal, Centro Cient\u00edfico y Tecnol\u00f3gico de Excelencia (CCTE-UDT), Capital Semilla.<br \/>\n<strong>2006:<\/strong><br \/>\n\u2022 Ozonizaci\u00f3n catal\u00edtica de compuestos org\u00e1nicos t\u00f3xicos promovida por arenas volc\u00e1nicas. FONDECYT Regular 1060304.<\/td>\n<td style=\"width: 3px\"><\/td>\n<\/tr>\n<tr>\n<td style=\"width: 67px\"><\/td>\n<td style=\"width: 80px\"><img loading=\"lazy\" class=\"aligncenter size-full wp-image-2560\" src=\"https:\/\/sitios.ucsc.cl\/ott\/wp-content\/uploads\/sites\/15\/2022\/07\/CU_7.png\" alt=\"\" width=\"50\" height=\"50\" \/><\/td>\n<td style=\"width: 591px\">\n<h3>Infraestructura<\/h3>\n<p>Infraestructura de 80 m2 con equipamiento para determinaciones anal\u00edticas de control de calidad de aguas residuales. Sala de 80 m2 con infraestructura para capacitaciones te\u00f3rico-pr\u00e1cticas.<\/td>\n<td style=\"width: 3px\"><\/td>\n<\/tr>\n<tr>\n<td style=\"width: 67px\"><\/td>\n<td style=\"width: 80px\"><img loading=\"lazy\" class=\"aligncenter size-full wp-image-2562\" src=\"https:\/\/sitios.ucsc.cl\/ott\/wp-content\/uploads\/sites\/15\/2022\/07\/CU_9.png\" alt=\"\" width=\"50\" height=\"50\" \/><\/td>\n<td style=\"width: 591px\">\n<h3>Equipamiento<\/h3>\n<\/td>\n<td style=\"width: 3px\"><\/td>\n<\/tr>\n<tr>\n<td style=\"width: 67px\"><\/td>\n<td style=\"width: 80px\"><\/td>\n<td style=\"width: 591px\">\u2022 Cromat\u00f3grafo de gases con detector FID y TCD.<br \/>\n\u2022 Espectr\u00f3metro ThermoScientific NicoletTM iSTM50 FTIR.<br \/>\n\u2022 Espectr\u00f3metro Jasco FT\/IR 4700 con celda de reacci\u00f3n DRIFTS Praying Mantis.<br \/>\n\u2022 M\u00f3dulo digital para el control de temperatura.<br \/>\n\u2022 Accesorio DRIFTS.<br \/>\n\u2022 Celda de reacci\u00f3n del DRIFTS Pike.<br \/>\n\u2022 Hamamatsu fuente de luz UV con gu\u00eda de luz (365 nm).<br \/>\n\u2022 Light power meter (Hamamatsu, Japan).<br \/>\n\u2022 Celda de Gas PIKE IR (100\u00d725 mm) con ventanas de CaF2 (25\u00d74 mm).<br \/>\n\u2022 Prensa hidr\u00e1ulica EGEO con molde para pellet de 13mm (Perkin elmer).<br \/>\n\u2022 Doce desecadores de vidrio herm\u00e9ticamente cerrados (10 L) con una cesta de acero inoxidable colgada en el centro de cada desecador.<br \/>\n\u2022 Sistema para DTP acoplado a un detector de conductividad t\u00e9rmica.<br \/>\n\u2022 Dos Medidores de ozono en fase gas.<br \/>\n\u2022 Siete controladores de flujo m\u00e1sico.<br \/>\n\u2022 Espectrofot\u00f3metro UV-visible.<br \/>\n\u2022 Desionizador de agua.<br \/>\n\u2022 Ba\u00f1o termoregulado.<br \/>\n\u2022 Bomba perist\u00e1ltica masterflex con cabezal.<br \/>\n\u2022 PH metro.<br \/>\n\u2022 Conductiv\u00edmetro.<br \/>\n\u2022 2 Agitadores magn\u00e9ticos.<br \/>\n\u2022 Cilindro y regulador de ox\u00edgeno.<br \/>\n\u2022 Regulador de ox\u00edgeno.<br \/>\n\u2022 3 computadores.<br \/>\n\u2022 Impresora.<br \/>\n\u2022 2 reactores de vidrio de 1 L de capacidad.<br \/>\n\u2022 Reactivos y materiales de vidrio.<br \/>\n\u2022 Generador de ozono.<br \/>\n\u2022 Balanza anal\u00edtica.<br \/>\n\u2022 Estufa.<br \/>\n\u2022 Destilador de agua.<br \/>\n\u2022 Rotavapor IKA modelo RV 10 Basic V.<br \/>\n\u2022 Campana Extractora BIOBASE.<br \/>\n\u2022 C\u00e1mara climatizada de incubaci\u00f3n con luz BIOBASE BJPXA500II.<\/td>\n<td style=\"width: 3px\"><\/td>\n<\/tr>\n<tr>\n<td style=\"width: 67px\"><\/td>\n<td style=\"width: 80px\"><img loading=\"lazy\" class=\"aligncenter size-full wp-image-2555\" src=\"https:\/\/sitios.ucsc.cl\/ott\/wp-content\/uploads\/sites\/15\/2022\/07\/CU_10.png\" alt=\"\" width=\"50\" height=\"50\" \/><\/td>\n<td style=\"width: 591px\">\n<h3>Integrantes de la unidad<\/h3>\n<p>El Laboratorio cuenta con un equipo humano interdisciplinario integrado por:<br \/>\n\u2022 Dr. H\u00e9ctor Vald\u00e9s.<br \/>\n\u2022 Dr. Padmanaban.<br \/>\n\u2022 V\u00edctor Solar.<br \/>\n\u2022 Ph.D. Manuel S. Cepeda.<\/td>\n<td style=\"width: 3px\"><\/td>\n<\/tr>\n<tr>\n<td style=\"width: 67px\"><\/td>\n<td style=\"width: 671px\" colspan=\"2\">&nbsp;<\/p>\n<p>&nbsp;<\/p>\n<p><a href=\"https:\/\/dinn.ucsc.cl\/wp-content\/uploads\/sites\/14\/2023\/10\/OTT_LAB_12.pdf\"><img loading=\"lazy\" class=\"aligncenter wp-image-3262 size-full\" src=\"https:\/\/sitios.ucsc.cl\/ott\/wp-content\/uploads\/sites\/15\/2022\/10\/Boton-descarga-300x61-1.png\" alt=\"\" width=\"300\" height=\"61\" \/><\/a><\/p>\n<p>&nbsp;<\/p>\n<p>&nbsp;<\/td>\n<td style=\"width: 3px\"><\/td>\n<\/tr>\n<tr>\n<td style=\"width: 741px\" colspan=\"4\"><img loading=\"lazy\" class=\"aligncenter size-full wp-image-3263\" src=\"https:\/\/sitios.ucsc.cl\/ott\/wp-content\/uploads\/sites\/15\/2022\/10\/banner_LB.png\" alt=\"\" width=\"950\" height=\"111\" \/><\/td>\n<\/tr>\n<\/tbody>\n<\/table>\n<h5><\/h5>\n","protected":false},"excerpt":{"rendered":"<p>Descripci\u00f3n Creado con el fin de promover la investigaci\u00f3n vinculada al control de la contaminaci\u00f3n ambiental y el desarrollo de tecnolog\u00edas limpias para el sector industrial, sobre la base de la protecci\u00f3n del medioambiente. Dependencia Facultad de Ingenier\u00eda. Director(a) responsable Dr. H\u00e9ctor Vald\u00e9s. Contacto Fono: +56 41-2345044 Mail: hvaldes@ucsc.cl Web http:\/\/web2.ucsc.cl\/~ltl\/index.htm \u00c1reas de conocimiento \u2022 [&hellip;]<\/p>\n","protected":false},"author":84,"featured_media":0,"parent":0,"menu_order":0,"comment_status":"closed","ping_status":"closed","template":"","meta":[],"yoast_head":"<!-- This site is optimized with the Yoast SEO plugin v18.9 - https:\/\/yoast.com\/wordpress\/plugins\/seo\/ -->\n<title>Laboratorio de Tecnolog\u00edas Limpias (LTL) -<\/title>\n<meta name=\"robots\" content=\"index, follow, max-snippet:-1, max-image-preview:large, max-video-preview:-1\" \/>\n<link rel=\"canonical\" href=\"https:\/\/dinn.ucsc.cl\/index.php\/laboratorio-de-tecnologias-limpias-ltl\/\" \/>\n<meta property=\"og:locale\" content=\"es_ES\" \/>\n<meta property=\"og:type\" content=\"article\" \/>\n<meta property=\"og:title\" content=\"Laboratorio de Tecnolog\u00edas Limpias (LTL) -\" \/>\n<meta property=\"og:description\" content=\"Descripci\u00f3n Creado con el fin de promover la investigaci\u00f3n vinculada al control de la contaminaci\u00f3n ambiental y el desarrollo de tecnolog\u00edas limpias para el sector industrial, sobre la base de la protecci\u00f3n del medioambiente. Dependencia Facultad de Ingenier\u00eda. Director(a) responsable Dr. H\u00e9ctor Vald\u00e9s. Contacto Fono: +56 41-2345044 Mail: hvaldes@ucsc.cl Web http:\/\/web2.ucsc.cl\/~ltl\/index.htm \u00c1reas de conocimiento \u2022 [&hellip;]\" \/>\n<meta property=\"og:url\" content=\"https:\/\/dinn.ucsc.cl\/index.php\/laboratorio-de-tecnologias-limpias-ltl\/\" \/>\n<meta property=\"article:publisher\" content=\"https:\/\/m.facebook.com\/DINNUCSC\" \/>\n<meta property=\"article:modified_time\" content=\"2023-10-16T00:07:52+00:00\" \/>\n<meta property=\"og:image\" content=\"https:\/\/sitios.ucsc.cl\/ott\/wp-content\/uploads\/sites\/15\/2022\/07\/LABUCSC12.png\" \/>\n<meta name=\"twitter:card\" content=\"summary\" \/>\n<meta name=\"twitter:site\" content=\"@dinn_ucsc\" \/>\n<meta name=\"twitter:label1\" content=\"Tiempo de lectura\" \/>\n\t<meta name=\"twitter:data1\" content=\"4 minutos\" \/>\n<script type=\"application\/ld+json\" class=\"yoast-schema-graph\">{\"@context\":\"https:\/\/schema.org\",\"@graph\":[{\"@type\":\"WebSite\",\"@id\":\"https:\/\/dinn.ucsc.cl\/#website\",\"url\":\"https:\/\/dinn.ucsc.cl\/\",\"name\":\"Direcci\u00f3n de Innovaci\u00f3n UCSC\",\"description\":\"Direcci\u00f3n de Innovaci\u00f3n\",\"potentialAction\":[{\"@type\":\"SearchAction\",\"target\":{\"@type\":\"EntryPoint\",\"urlTemplate\":\"https:\/\/dinn.ucsc.cl\/?s={search_term_string}\"},\"query-input\":\"required name=search_term_string\"}],\"inLanguage\":\"es\"},{\"@type\":\"ImageObject\",\"inLanguage\":\"es\",\"@id\":\"https:\/\/dinn.ucsc.cl\/index.php\/laboratorio-de-tecnologias-limpias-ltl\/#primaryimage\",\"url\":\"https:\/\/sitios.ucsc.cl\/ott\/wp-content\/uploads\/sites\/15\/2022\/07\/LABUCSC12.png\",\"contentUrl\":\"https:\/\/sitios.ucsc.cl\/ott\/wp-content\/uploads\/sites\/15\/2022\/07\/LABUCSC12.png\"},{\"@type\":\"WebPage\",\"@id\":\"https:\/\/dinn.ucsc.cl\/index.php\/laboratorio-de-tecnologias-limpias-ltl\/#webpage\",\"url\":\"https:\/\/dinn.ucsc.cl\/index.php\/laboratorio-de-tecnologias-limpias-ltl\/\",\"name\":\"Laboratorio de Tecnolog\u00edas Limpias (LTL) -\",\"isPartOf\":{\"@id\":\"https:\/\/dinn.ucsc.cl\/#website\"},\"primaryImageOfPage\":{\"@id\":\"https:\/\/dinn.ucsc.cl\/index.php\/laboratorio-de-tecnologias-limpias-ltl\/#primaryimage\"},\"datePublished\":\"2022-11-29T02:10:47+00:00\",\"dateModified\":\"2023-10-16T00:07:52+00:00\",\"breadcrumb\":{\"@id\":\"https:\/\/dinn.ucsc.cl\/index.php\/laboratorio-de-tecnologias-limpias-ltl\/#breadcrumb\"},\"inLanguage\":\"es\",\"potentialAction\":[{\"@type\":\"ReadAction\",\"target\":[\"https:\/\/dinn.ucsc.cl\/index.php\/laboratorio-de-tecnologias-limpias-ltl\/\"]}]},{\"@type\":\"BreadcrumbList\",\"@id\":\"https:\/\/dinn.ucsc.cl\/index.php\/laboratorio-de-tecnologias-limpias-ltl\/#breadcrumb\",\"itemListElement\":[{\"@type\":\"ListItem\",\"position\":1,\"name\":\"Inicio\",\"item\":\"https:\/\/dinn.ucsc.cl\/\"},{\"@type\":\"ListItem\",\"position\":2,\"name\":\"Laboratorio de Tecnolog\u00edas Limpias (LTL)\"}]}]}<\/script>\n<!-- \/ Yoast SEO plugin. -->","yoast_head_json":{"title":"Laboratorio de Tecnolog\u00edas Limpias (LTL) -","robots":{"index":"index","follow":"follow","max-snippet":"max-snippet:-1","max-image-preview":"max-image-preview:large","max-video-preview":"max-video-preview:-1"},"canonical":"https:\/\/dinn.ucsc.cl\/index.php\/laboratorio-de-tecnologias-limpias-ltl\/","og_locale":"es_ES","og_type":"article","og_title":"Laboratorio de Tecnolog\u00edas Limpias (LTL) -","og_description":"Descripci\u00f3n Creado con el fin de promover la investigaci\u00f3n vinculada al control de la contaminaci\u00f3n ambiental y el desarrollo de tecnolog\u00edas limpias para el sector industrial, sobre la base de la protecci\u00f3n del medioambiente. Dependencia Facultad de Ingenier\u00eda. Director(a) responsable Dr. H\u00e9ctor Vald\u00e9s. Contacto Fono: +56 41-2345044 Mail: hvaldes@ucsc.cl Web http:\/\/web2.ucsc.cl\/~ltl\/index.htm \u00c1reas de conocimiento \u2022 [&hellip;]","og_url":"https:\/\/dinn.ucsc.cl\/index.php\/laboratorio-de-tecnologias-limpias-ltl\/","article_publisher":"https:\/\/m.facebook.com\/DINNUCSC","article_modified_time":"2023-10-16T00:07:52+00:00","og_image":[{"url":"https:\/\/sitios.ucsc.cl\/ott\/wp-content\/uploads\/sites\/15\/2022\/07\/LABUCSC12.png"}],"twitter_card":"summary","twitter_site":"@dinn_ucsc","twitter_misc":{"Tiempo de lectura":"4 minutos"},"schema":{"@context":"https:\/\/schema.org","@graph":[{"@type":"WebSite","@id":"https:\/\/dinn.ucsc.cl\/#website","url":"https:\/\/dinn.ucsc.cl\/","name":"Direcci\u00f3n de Innovaci\u00f3n UCSC","description":"Direcci\u00f3n de Innovaci\u00f3n","potentialAction":[{"@type":"SearchAction","target":{"@type":"EntryPoint","urlTemplate":"https:\/\/dinn.ucsc.cl\/?s={search_term_string}"},"query-input":"required name=search_term_string"}],"inLanguage":"es"},{"@type":"ImageObject","inLanguage":"es","@id":"https:\/\/dinn.ucsc.cl\/index.php\/laboratorio-de-tecnologias-limpias-ltl\/#primaryimage","url":"https:\/\/sitios.ucsc.cl\/ott\/wp-content\/uploads\/sites\/15\/2022\/07\/LABUCSC12.png","contentUrl":"https:\/\/sitios.ucsc.cl\/ott\/wp-content\/uploads\/sites\/15\/2022\/07\/LABUCSC12.png"},{"@type":"WebPage","@id":"https:\/\/dinn.ucsc.cl\/index.php\/laboratorio-de-tecnologias-limpias-ltl\/#webpage","url":"https:\/\/dinn.ucsc.cl\/index.php\/laboratorio-de-tecnologias-limpias-ltl\/","name":"Laboratorio de Tecnolog\u00edas Limpias (LTL) -","isPartOf":{"@id":"https:\/\/dinn.ucsc.cl\/#website"},"primaryImageOfPage":{"@id":"https:\/\/dinn.ucsc.cl\/index.php\/laboratorio-de-tecnologias-limpias-ltl\/#primaryimage"},"datePublished":"2022-11-29T02:10:47+00:00","dateModified":"2023-10-16T00:07:52+00:00","breadcrumb":{"@id":"https:\/\/dinn.ucsc.cl\/index.php\/laboratorio-de-tecnologias-limpias-ltl\/#breadcrumb"},"inLanguage":"es","potentialAction":[{"@type":"ReadAction","target":["https:\/\/dinn.ucsc.cl\/index.php\/laboratorio-de-tecnologias-limpias-ltl\/"]}]},{"@type":"BreadcrumbList","@id":"https:\/\/dinn.ucsc.cl\/index.php\/laboratorio-de-tecnologias-limpias-ltl\/#breadcrumb","itemListElement":[{"@type":"ListItem","position":1,"name":"Inicio","item":"https:\/\/dinn.ucsc.cl\/"},{"@type":"ListItem","position":2,"name":"Laboratorio de Tecnolog\u00edas Limpias (LTL)"}]}]}},"_links":{"self":[{"href":"https:\/\/dinn.ucsc.cl\/index.php\/wp-json\/wp\/v2\/pages\/4232"}],"collection":[{"href":"https:\/\/dinn.ucsc.cl\/index.php\/wp-json\/wp\/v2\/pages"}],"about":[{"href":"https:\/\/dinn.ucsc.cl\/index.php\/wp-json\/wp\/v2\/types\/page"}],"author":[{"embeddable":true,"href":"https:\/\/dinn.ucsc.cl\/index.php\/wp-json\/wp\/v2\/users\/84"}],"replies":[{"embeddable":true,"href":"https:\/\/dinn.ucsc.cl\/index.php\/wp-json\/wp\/v2\/comments?post=4232"}],"version-history":[{"count":3,"href":"https:\/\/dinn.ucsc.cl\/index.php\/wp-json\/wp\/v2\/pages\/4232\/revisions"}],"predecessor-version":[{"id":5504,"href":"https:\/\/dinn.ucsc.cl\/index.php\/wp-json\/wp\/v2\/pages\/4232\/revisions\/5504"}],"wp:attachment":[{"href":"https:\/\/dinn.ucsc.cl\/index.php\/wp-json\/wp\/v2\/media?parent=4232"}],"curies":[{"name":"wp","href":"https:\/\/api.w.org\/{rel}","templated":true}]}}