{"id":4236,"date":"2022-11-28T23:11:46","date_gmt":"2022-11-29T02:11:46","guid":{"rendered":"https:\/\/dinn.ucsc.cl\/?page_id=4236"},"modified":"2022-11-28T23:11:46","modified_gmt":"2022-11-29T02:11:46","slug":"laboratorio-de-geotecnia-dicat","status":"publish","type":"page","link":"https:\/\/dinn.ucsc.cl\/index.php\/laboratorio-de-geotecnia-dicat\/","title":{"rendered":"Laboratorio de Geotecnia (DICAT)"},"content":{"rendered":"<table class=\" alignleft\">\n<tbody>\n<tr>\n<td style=\"width: 741px\" colspan=\"4\"><img loading=\"lazy\" class=\"aligncenter size-full wp-image-2934\" src=\"https:\/\/sitios.ucsc.cl\/ott\/wp-content\/uploads\/sites\/15\/2022\/07\/LABUCSC14.png\" alt=\"\" width=\"950\" height=\"194\" \/><\/td>\n<\/tr>\n<tr>\n<td style=\"width: 66px\"><\/td>\n<td style=\"width: 78px\"><img loading=\"lazy\" class=\"aligncenter wp-image-2512 size-full\" src=\"https:\/\/sitios.ucsc.cl\/ott\/wp-content\/uploads\/sites\/15\/2022\/07\/CU_1.png\" alt=\"\" width=\"50\" height=\"50\" \/><\/td>\n<td style=\"width: 594px\">\n<h3>Descripci\u00f3n<\/h3>\n<\/td>\n<td style=\"width: 3px\"><\/td>\n<\/tr>\n<tr>\n<td style=\"width: 66px\"><\/td>\n<td style=\"width: 78px\"><\/td>\n<td style=\"width: 594px\">Con el fin de entregar un servicio de calidad en la realizaci\u00f3n de ensayos de laboratorio, se crea Laboratorio de Geotecnia (LabGeo), para as\u00ed complementar la realizaci\u00f3n de asesor\u00edas y servicios de DICAT, Departamento de Ingenier\u00eda Civil \u2013 Asistencias T\u00e9cnicas de la UCSC, creado el a\u00f1o 2016, el cual se enfoca en la vinculaci\u00f3n con empresas nacionales e internacionales mediante la realizaci\u00f3n de asesor\u00edas y servicios en diversas \u00e1reas de la Ingenier\u00eda Civil, con especial \u00e9nfasis en mec\u00e1nica de suelos, hidr\u00e1ulica y estructuras. LabGeo logr\u00f3 acreditarse durante cinco a\u00f1os por el Instituto Nacional de Normalizaci\u00f3n (INN). Adem\u00e1s, es el primer laboratorio en acreditarse a nivel regional y el segundo a nivel nacional bajo la nueva Norma NCh-ISO 17025:2017.Servicios:<br \/>\nCuenta con una oferta tecnol\u00f3gica definida en el \u00e1rea de la Ingenier\u00eda Civil y Construcci\u00f3n, espec\u00edficamente \u00e1rea de mec\u00e1nica de suelos, estructuras, hidr\u00e1ulica y topograf\u00eda. Tiene capacidades instaladas para realizar asistencias t\u00e9cnicas e investigaci\u00f3n aplicada en las \u00e1reas de Ingenier\u00eda Civil.<\/td>\n<td style=\"width: 3px\"><\/td>\n<\/tr>\n<tr>\n<td style=\"width: 66px\"><\/td>\n<td style=\"width: 78px\"><img loading=\"lazy\" class=\"aligncenter size-full wp-image-2558\" src=\"https:\/\/sitios.ucsc.cl\/ott\/wp-content\/uploads\/sites\/15\/2022\/07\/CU_5.png\" alt=\"\" width=\"50\" height=\"50\" \/><\/td>\n<td style=\"width: 594px\">\n<h3>Dependencia<\/h3>\n<p>Departamento de Ingenier\u00eda Civil.<br \/>\nAsistencias T\u00e9cnicas (DICAT).<\/td>\n<td style=\"width: 3px\"><\/td>\n<\/tr>\n<tr>\n<td style=\"width: 66px\"><\/td>\n<td style=\"width: 78px\"><img loading=\"lazy\" class=\"aligncenter size-full wp-image-2555\" src=\"https:\/\/sitios.ucsc.cl\/ott\/wp-content\/uploads\/sites\/15\/2022\/07\/CU_10.png\" alt=\"\" width=\"50\" height=\"50\" \/><\/td>\n<td style=\"width: 594px\">\n<h3>Director(a) responsable<\/h3>\n<p>Guillermo Bustamante Leissle.<\/td>\n<td style=\"width: 3px\"><\/td>\n<\/tr>\n<tr>\n<td style=\"width: 66px\"><\/td>\n<td style=\"width: 78px\"><img loading=\"lazy\" class=\"aligncenter size-full wp-image-2557\" src=\"https:\/\/sitios.ucsc.cl\/ott\/wp-content\/uploads\/sites\/15\/2022\/07\/CU_4.png\" alt=\"\" width=\"50\" height=\"50\" \/><\/td>\n<td style=\"width: 594px\">\n<h3>Contacto<\/h3>\n<p>Fono: +56 41-2345327<br \/>\nMail: gbustamante@ucsc.cl<\/td>\n<td style=\"width: 3px\"><\/td>\n<\/tr>\n<tr>\n<td style=\"width: 66px\"><\/td>\n<td style=\"width: 78px\"><img loading=\"lazy\" class=\"aligncenter size-full wp-image-2559\" src=\"https:\/\/sitios.ucsc.cl\/ott\/wp-content\/uploads\/sites\/15\/2022\/07\/CU_6.png\" alt=\"\" width=\"50\" height=\"50\" \/><\/td>\n<td style=\"width: 594px\">\n<h3>Web<\/h3>\n<p>https:\/\/dicat.ucsc.cl\/labgeo-ucsc\/<\/td>\n<td style=\"width: 3px\"><\/td>\n<\/tr>\n<tr>\n<td style=\"width: 66px\"><\/td>\n<td style=\"width: 78px\"><img loading=\"lazy\" class=\"aligncenter size-full wp-image-2556\" src=\"https:\/\/sitios.ucsc.cl\/ott\/wp-content\/uploads\/sites\/15\/2022\/07\/CU_3.png\" alt=\"\" width=\"50\" height=\"50\" \/><\/td>\n<td style=\"width: 594px\">\n<h3>Oferta tecnol\u00f3gica<\/h3>\n<\/td>\n<td style=\"width: 3px\"><\/td>\n<\/tr>\n<tr>\n<td style=\"width: 66px\"><\/td>\n<td style=\"width: 78px\"><\/td>\n<td style=\"width: 594px\">Las \u00e1reas definidas son: espec\u00edficamente \u00e1rea de mec\u00e1nica de suelos, estructuras, hidr\u00e1ulica y topograf\u00eda. Tambi\u00e9n tiene capacidades instaladas para realizar asistencias t\u00e9cnicas e investigaci\u00f3n aplicada en las \u00e1reas de Ingenier\u00eda Civil.<\/p>\n<p><strong>Ensayos de Mec\u00e1nica de Suelos:<\/strong><br \/>\n\u2022 An\u00e1lisis Granulom\u00e9trico.<br \/>\n\u2022 Densidad de Part\u00edculas S\u00f3lidas.<br \/>\n\u2022 Determinaci\u00f3n de la Humedad.<br \/>\n\u2022 Densidad in-situ.<br \/>\n\u2022 L\u00edmites de consistencia.<br \/>\n\u2022 Proctor.<br \/>\n\u2022 CBR.<\/p>\n<p>\u2022 Cubicidad de Part\u00edculas.<br \/>\n\u2022 Compresi\u00f3n No Confinada.<br \/>\n\u2022 Corte Directo.<br \/>\n\u2022 Triaxial CID, CIU, UU.<br \/>\n\u2022 Consolidaci\u00f3n, Colapso.<br \/>\n\u2022 Presi\u00f3n de Hinchamiento e Hinchamiento Libre.<br \/>\n\u2022 Inflaci\u00f3n m\u00e9todo Porchet.<br \/>\n\u2022 Hinchamiento Libre.<br \/>\n\u2022 Presi\u00f3n de hinchamiento.<br \/>\n\u2022 Dilat\u00f3metro de Marchetti.<br \/>\n\u2022 Placa de Carga.<br \/>\n\u2022 Desgaste de Los \u00c1ngeles.<br \/>\n\u2022 Perfil Geof\u00edsico M\u00e9todo MASW o ReMi.<br \/>\n<strong>Ensayos de Mec\u00e1nica de Rocas:<\/strong><br \/>\n\u2022 Descripci\u00f3n petrogr\u00e1fica.<br \/>\n\u2022 Densidad aparente y porosidad abierta.<br \/>\n\u2022 Absorci\u00f3n de agua a presi\u00f3n atmosf\u00e9rica.<br \/>\n\u2022 Absorci\u00f3n de agua por capilaridad.<br \/>\n\u2022 Resistencia a flexi\u00f3n.<br \/>\n\u2022 Resistencia a compresi\u00f3n.<br \/>\n\u2022 Triaxial en Roca.<\/td>\n<td style=\"width: 3px\"><\/td>\n<\/tr>\n<tr>\n<td style=\"width: 66px\"><\/td>\n<td style=\"width: 78px\"><img loading=\"lazy\" class=\"aligncenter size-full wp-image-2561\" src=\"https:\/\/sitios.ucsc.cl\/ott\/wp-content\/uploads\/sites\/15\/2022\/07\/CU_8.png\" alt=\"\" width=\"50\" height=\"50\" \/><\/td>\n<td style=\"width: 594px\">\n<h3>Experiencia de la unidad<\/h3>\n<\/td>\n<td style=\"width: 3px\"><\/td>\n<\/tr>\n<tr>\n<td style=\"width: 66px\"><\/td>\n<td style=\"width: 78px\"><\/td>\n<td style=\"width: 594px\"><strong>Asesor\u00edas y Estudios:<\/strong><br \/>\n\u2022 Estudio de mec\u00e1nica de suelos.<br \/>\n\u2022 An\u00e1lisis geot\u00e9cnicos.<br \/>\n\u2022 Estudios hidr\u00e1ulicos e hidrol\u00f3gicos.<br \/>\n\u2022 Peritaje estructural.<br \/>\n\u2022 An\u00e1lisis de costos.<br \/>\n\u2022 Estudios topogr\u00e1ficos.<br \/>\n\u2022 Formaci\u00f3n y capacitaci\u00f3n:<br \/>\n\u2022 Capacitaci\u00f3n Normas UNE, NCH, ASTM.<br \/>\n\u2022 Cursos de ensayos de mec\u00e1nica de suelos.<br \/>\n\u2022 Cursos de hormigones.<br \/>\n\u2022 Cursos aplicados de mec\u00e1nica de fluidos.<br \/>\n\u2022 Capacitaciones en software especializados.<\/p>\n<p>\u2022 Dise\u00f1o a nivel de detalle apto para la construcci\u00f3n del dep\u00f3sito de relaves, Planta Bethania, Per\u00fa para S&amp;L Andes Export SAC (2019-2020).<br \/>\n\u2022 Estudios de mec\u00e1nica de suelos para diversos jardines infantiles para Fundaci\u00f3n Integra (2020).<br \/>\n\u2022 Estudio geot\u00e9cnico en base a ensayos de placa de carga en Parque E\u00f3lico La Estrella para OMAQ S.A. (2020).<br \/>\n\u2022 Estudio geof\u00edsico para enlace vial Cuesta Montecristo para Dolmen Ingenier\u00eda (2019).<br \/>\n\u2022 Caracterizaci\u00f3n de dispositivo de aislamiento s\u00edsmico para Lemusse Chile (2019).<br \/>\n\u2022 Estudio geof\u00edsico para Terminal Mar\u00edtimo GNL Talcahuano para CRI Chile (2019).<br \/>\n\u2022 Prospecciones y estudios de mec\u00e1nica de suelos para distintas localidades de las regiones de O\u2019Higgins, Maule, \u00d1uble y Biob\u00edo para ESSB\u00cdO y NuevoSur (2018-2019).<br \/>\n\u2022 Estudio geot\u00e9cnico para edificio Consistorial San Pedro de la Paz para IGLESIS Arquitectos Ltda. (2019).<br \/>\n\u2022 Estudio geot\u00e9cnico para dise\u00f1o de galp\u00f3n para Aguas del Valle (2019).<br \/>\n\u2022 Valorizaci\u00f3n de sobrecostos por medidas adicionales producto de la resoluci\u00f3n de calificaci\u00f3n ambiental del proyecto para Puente Industrial S.A. (2019).<br \/>\n\u2022 Levantamiento topobatim\u00e9trico r\u00edo Biob\u00edo en sector desembocadura para EFE (2019).<br \/>\n\u2022 Modificaci\u00f3n de cauce \u2013 r\u00edo Rahue \u2013 Teatro de las Artes \u2013 Parque Hott para la Ilustre Municipalidad de Osorno (2018).<br \/>\n\u2022 Ensayos sedimentol\u00f3gicos: Puente Ferroviario Biob\u00edo para Jorge Piddo y CIA LTDA. (2018).<br \/>\n\u2022 Estudio geot\u00e9cnico para el dise\u00f1o de Tranque Los Pe\u00f1ones para ICSA (2018).<br \/>\n\u2022 Estudio geot\u00e9cnico para el dise\u00f1o de Tranque Las Rojas para ICSA (2018).<br \/>\n\u2022 Estudio geof\u00edsico para verificaci\u00f3n de tuber\u00edas en Minera Escondida para QUITOR\/Minera Escondida BHP (2018).<br \/>\n\u2022 Diagn\u00f3stico Estructural y Mec\u00e1nica de Suelos para Edificios Ex Hospital Enacar, Gota de Leche y Dideco para OM&amp;S Ingenier\u00eda y Proyectos (2017).<br \/>\n\u2022 Estudio geot\u00e9cnico general Parque E\u00f3lico Piedra Amarilla para ES Ingenier\u00eda (2017)<\/td>\n<td style=\"width: 3px\"><\/td>\n<\/tr>\n<tr>\n<td style=\"width: 66px\"><\/td>\n<td style=\"width: 78px\"><img loading=\"lazy\" class=\"aligncenter size-full wp-image-2560\" src=\"https:\/\/sitios.ucsc.cl\/ott\/wp-content\/uploads\/sites\/15\/2022\/07\/CU_7.png\" alt=\"\" width=\"50\" height=\"50\" \/><\/td>\n<td style=\"width: 594px\">\n<h3>Infraestructura<\/h3>\n<\/td>\n<td style=\"width: 3px\"><\/td>\n<\/tr>\n<tr>\n<td style=\"width: 66px\"><\/td>\n<td style=\"width: 78px\"><\/td>\n<td style=\"width: 594px\">La Laboratorio se emplaza en un edificio con pilares y vigas a la vista, separadas cada 6m y empotradas en fundaciones cuadrada de hormig\u00f3n H-20. El revestimiento exterior, es de acero tipo sidding y su cubierta tambi\u00e9n met\u00e1lica. La tabiquer\u00eda interior es de madera y vulco metal dependiendo del \u00e1rea una oficina. Total superficie: 120 m2.<\/td>\n<td style=\"width: 3px\"><\/td>\n<\/tr>\n<tr>\n<td style=\"width: 66px\"><\/td>\n<td style=\"width: 78px\"><img loading=\"lazy\" class=\"aligncenter size-full wp-image-2562\" src=\"https:\/\/sitios.ucsc.cl\/ott\/wp-content\/uploads\/sites\/15\/2022\/07\/CU_9.png\" alt=\"\" width=\"50\" height=\"50\" \/><\/td>\n<td style=\"width: 594px\">\n<h3>Equipamiento<\/h3>\n<\/td>\n<td style=\"width: 3px\"><\/td>\n<\/tr>\n<tr>\n<td style=\"width: 66px\"><\/td>\n<td style=\"width: 78px\"><\/td>\n<td style=\"width: 594px\">\u2022 Accesorios Mesa Densidad Relativa.<br \/>\n\u2022 Balanzas varias (15 kg, 1200 g, 5000 g, 30 g, 3000 g).<br \/>\n\u2022 Mesa Densidad M\u00e1xima.<br \/>\n\u2022 Pie de metro sala (15 cm, 20 cm).<br \/>\n\u2022 Flex\u00f3metro sala y de terreno.<br \/>\n\u2022 Tamices varios n\u00fameros (N\u00b0 8, 10, 18, 20, 40, 60, 200) y di\u00e1metros (\u00d8 8\u201d, \u00d8 12\u201d).<br \/>\n\u2022 Aparato Limite L\u00edquido (Casa Grande).<br \/>\n\u2022 Medida Volum\u00e9trica DR (2,8 l, 14,2 l).<br \/>\n\u2022 Cono de arena; Arena normalizada; Embudos (13mm, 25 mmdi\u00e1metro).<br \/>\n\u2022 Medida Volum\u00e9trica Proctor (100 mm, 150 mm).<br \/>\n\u2022 Pis\u00f3n Proctor Modificado.<br \/>\n\u2022 Horno 350 litros Azul Elisa D\u00edaz; Molde CBR.<br \/>\n\u2022 Dial Hinchamiento CBR; Dial Densidad relativa (Mesa Vibradora).<br \/>\n\u2022 Matraz 500 ml.<br \/>\n\u2022 Cron\u00f3metro sala Casio.<br \/>\n\u2022 Feerler (L\u00e1minas).<br \/>\n\u2022 Bomba de Vac\u00edo.<br \/>\n\u2022 M\u00e1quina CBR Autom\u00e1tica.<br \/>\n\u2022 Term\u00f3metro Digital.<\/td>\n<td style=\"width: 3px\"><\/td>\n<\/tr>\n<tr>\n<td style=\"width: 66px\"><\/td>\n<td style=\"width: 78px\"><img loading=\"lazy\" class=\"aligncenter size-full wp-image-2555\" src=\"https:\/\/sitios.ucsc.cl\/ott\/wp-content\/uploads\/sites\/15\/2022\/07\/CU_10.png\" alt=\"\" width=\"50\" height=\"50\" \/><\/td>\n<td style=\"width: 594px\">\n<h3>Integrantes de la unidad<\/h3>\n<\/td>\n<td style=\"width: 3px\"><\/td>\n<\/tr>\n<tr>\n<td style=\"width: 66px\"><\/td>\n<td style=\"width: 78px\"><\/td>\n<td style=\"width: 594px\">El Laboratorio cuenta con un equipo humano interdisciplinario integrado por:<br \/>\n\u2022 Guillermo Bustamante Laissle \u2013 Ingeniero Civil.<br \/>\n\u2022 Roberto Ponce Abarca \u2013 Ingeniero Civil.<br \/>\n\u2022 Erwin Jara Huenuanca \u2013 Laboratorista Vial.<br \/>\n\u2022 Karen Melgarejo Rubilar \u2013 T\u00e9cnico en Construcci\u00f3n.<br \/>\n\u2022 Patricio Fuentes Aguilera \u2013 Ingeniero Civil; Magister en Ingenier\u00eda Civil (menci\u00f3n Hidr\u00e1ulica).<br \/>\n\u2022 Daniel Leiva Vidal \u2013 Ingeniero Civil.<br \/>\n\u2022 Daniela Donoso Correa \u2013 Ingeniero Civil.<br \/>\n\u2022 Mervin Osechas Cede\u00f1o \u2013 Laboratorista en sala.<\/td>\n<td style=\"width: 3px\"><\/td>\n<\/tr>\n<tr>\n<td style=\"width: 66px\"><\/td>\n<td style=\"width: 672px\" colspan=\"2\">&nbsp;<\/p>\n<p><a href=\"https:\/\/sitios.ucsc.cl\/ott\/wp-content\/uploads\/sites\/15\/2022\/10\/OTT_LAB_14.pdf\"><img loading=\"lazy\" class=\"aligncenter size-full wp-image-3262\" src=\"https:\/\/sitios.ucsc.cl\/ott\/wp-content\/uploads\/sites\/15\/2022\/10\/Boton-descarga-300x61-1.png\" alt=\"\" width=\"300\" height=\"61\" \/><\/a><\/p>\n<p>&nbsp;<\/p>\n<p>&nbsp;<\/td>\n<td style=\"width: 3px\"><\/td>\n<\/tr>\n<tr>\n<td style=\"width: 741px\" colspan=\"4\"><img loading=\"lazy\" class=\"aligncenter size-full wp-image-3263\" src=\"https:\/\/sitios.ucsc.cl\/ott\/wp-content\/uploads\/sites\/15\/2022\/10\/banner_LB.png\" alt=\"\" width=\"950\" height=\"111\" \/><\/td>\n<\/tr>\n<\/tbody>\n<\/table>\n<h5><\/h5>\n","protected":false},"excerpt":{"rendered":"<p>Descripci\u00f3n Con el fin de entregar un servicio de calidad en la realizaci\u00f3n de ensayos de laboratorio, se crea Laboratorio de Geotecnia (LabGeo), para as\u00ed complementar la realizaci\u00f3n de asesor\u00edas y servicios de DICAT, Departamento de Ingenier\u00eda Civil \u2013 Asistencias T\u00e9cnicas de la UCSC, creado el a\u00f1o 2016, el cual se enfoca en la vinculaci\u00f3n [&hellip;]<\/p>\n","protected":false},"author":84,"featured_media":0,"parent":0,"menu_order":0,"comment_status":"closed","ping_status":"closed","template":"","meta":[],"yoast_head":"<!-- This site is optimized with the Yoast SEO plugin v18.9 - https:\/\/yoast.com\/wordpress\/plugins\/seo\/ -->\n<title>Laboratorio de Geotecnia (DICAT) -<\/title>\n<meta name=\"robots\" content=\"index, follow, max-snippet:-1, max-image-preview:large, max-video-preview:-1\" \/>\n<link rel=\"canonical\" href=\"https:\/\/dinn.ucsc.cl\/index.php\/laboratorio-de-geotecnia-dicat\/\" \/>\n<meta property=\"og:locale\" content=\"es_ES\" \/>\n<meta property=\"og:type\" content=\"article\" \/>\n<meta property=\"og:title\" content=\"Laboratorio de Geotecnia (DICAT) -\" \/>\n<meta property=\"og:description\" content=\"Descripci\u00f3n Con el fin de entregar un servicio de calidad en la realizaci\u00f3n de ensayos de laboratorio, se crea Laboratorio de Geotecnia (LabGeo), para as\u00ed complementar la realizaci\u00f3n de asesor\u00edas y servicios de DICAT, Departamento de Ingenier\u00eda Civil \u2013 Asistencias T\u00e9cnicas de la UCSC, creado el a\u00f1o 2016, el cual se enfoca en la vinculaci\u00f3n [&hellip;]\" \/>\n<meta property=\"og:url\" content=\"https:\/\/dinn.ucsc.cl\/index.php\/laboratorio-de-geotecnia-dicat\/\" \/>\n<meta property=\"article:publisher\" content=\"https:\/\/m.facebook.com\/DINNUCSC\" \/>\n<meta property=\"og:image\" content=\"https:\/\/sitios.ucsc.cl\/ott\/wp-content\/uploads\/sites\/15\/2022\/07\/LABUCSC14.png\" \/>\n<meta name=\"twitter:card\" content=\"summary\" \/>\n<meta name=\"twitter:site\" content=\"@dinn_ucsc\" \/>\n<meta name=\"twitter:label1\" content=\"Tiempo de lectura\" \/>\n\t<meta name=\"twitter:data1\" content=\"5 minutos\" \/>\n<script type=\"application\/ld+json\" class=\"yoast-schema-graph\">{\"@context\":\"https:\/\/schema.org\",\"@graph\":[{\"@type\":\"WebSite\",\"@id\":\"https:\/\/dinn.ucsc.cl\/#website\",\"url\":\"https:\/\/dinn.ucsc.cl\/\",\"name\":\"Direcci\u00f3n de Innovaci\u00f3n UCSC\",\"description\":\"Direcci\u00f3n de Innovaci\u00f3n\",\"potentialAction\":[{\"@type\":\"SearchAction\",\"target\":{\"@type\":\"EntryPoint\",\"urlTemplate\":\"https:\/\/dinn.ucsc.cl\/?s={search_term_string}\"},\"query-input\":\"required name=search_term_string\"}],\"inLanguage\":\"es\"},{\"@type\":\"ImageObject\",\"inLanguage\":\"es\",\"@id\":\"https:\/\/dinn.ucsc.cl\/index.php\/laboratorio-de-geotecnia-dicat\/#primaryimage\",\"url\":\"https:\/\/sitios.ucsc.cl\/ott\/wp-content\/uploads\/sites\/15\/2022\/07\/LABUCSC14.png\",\"contentUrl\":\"https:\/\/sitios.ucsc.cl\/ott\/wp-content\/uploads\/sites\/15\/2022\/07\/LABUCSC14.png\"},{\"@type\":\"WebPage\",\"@id\":\"https:\/\/dinn.ucsc.cl\/index.php\/laboratorio-de-geotecnia-dicat\/#webpage\",\"url\":\"https:\/\/dinn.ucsc.cl\/index.php\/laboratorio-de-geotecnia-dicat\/\",\"name\":\"Laboratorio de Geotecnia (DICAT) -\",\"isPartOf\":{\"@id\":\"https:\/\/dinn.ucsc.cl\/#website\"},\"primaryImageOfPage\":{\"@id\":\"https:\/\/dinn.ucsc.cl\/index.php\/laboratorio-de-geotecnia-dicat\/#primaryimage\"},\"datePublished\":\"2022-11-29T02:11:46+00:00\",\"dateModified\":\"2022-11-29T02:11:46+00:00\",\"breadcrumb\":{\"@id\":\"https:\/\/dinn.ucsc.cl\/index.php\/laboratorio-de-geotecnia-dicat\/#breadcrumb\"},\"inLanguage\":\"es\",\"potentialAction\":[{\"@type\":\"ReadAction\",\"target\":[\"https:\/\/dinn.ucsc.cl\/index.php\/laboratorio-de-geotecnia-dicat\/\"]}]},{\"@type\":\"BreadcrumbList\",\"@id\":\"https:\/\/dinn.ucsc.cl\/index.php\/laboratorio-de-geotecnia-dicat\/#breadcrumb\",\"itemListElement\":[{\"@type\":\"ListItem\",\"position\":1,\"name\":\"Inicio\",\"item\":\"https:\/\/dinn.ucsc.cl\/\"},{\"@type\":\"ListItem\",\"position\":2,\"name\":\"Laboratorio de Geotecnia (DICAT)\"}]}]}<\/script>\n<!-- \/ Yoast SEO plugin. -->","yoast_head_json":{"title":"Laboratorio de Geotecnia (DICAT) -","robots":{"index":"index","follow":"follow","max-snippet":"max-snippet:-1","max-image-preview":"max-image-preview:large","max-video-preview":"max-video-preview:-1"},"canonical":"https:\/\/dinn.ucsc.cl\/index.php\/laboratorio-de-geotecnia-dicat\/","og_locale":"es_ES","og_type":"article","og_title":"Laboratorio de Geotecnia (DICAT) -","og_description":"Descripci\u00f3n Con el fin de entregar un servicio de calidad en la realizaci\u00f3n de ensayos de laboratorio, se crea Laboratorio de Geotecnia (LabGeo), para as\u00ed complementar la realizaci\u00f3n de asesor\u00edas y servicios de DICAT, Departamento de Ingenier\u00eda Civil \u2013 Asistencias T\u00e9cnicas de la UCSC, creado el a\u00f1o 2016, el cual se enfoca en la vinculaci\u00f3n [&hellip;]","og_url":"https:\/\/dinn.ucsc.cl\/index.php\/laboratorio-de-geotecnia-dicat\/","article_publisher":"https:\/\/m.facebook.com\/DINNUCSC","og_image":[{"url":"https:\/\/sitios.ucsc.cl\/ott\/wp-content\/uploads\/sites\/15\/2022\/07\/LABUCSC14.png"}],"twitter_card":"summary","twitter_site":"@dinn_ucsc","twitter_misc":{"Tiempo de lectura":"5 minutos"},"schema":{"@context":"https:\/\/schema.org","@graph":[{"@type":"WebSite","@id":"https:\/\/dinn.ucsc.cl\/#website","url":"https:\/\/dinn.ucsc.cl\/","name":"Direcci\u00f3n de Innovaci\u00f3n UCSC","description":"Direcci\u00f3n de Innovaci\u00f3n","potentialAction":[{"@type":"SearchAction","target":{"@type":"EntryPoint","urlTemplate":"https:\/\/dinn.ucsc.cl\/?s={search_term_string}"},"query-input":"required name=search_term_string"}],"inLanguage":"es"},{"@type":"ImageObject","inLanguage":"es","@id":"https:\/\/dinn.ucsc.cl\/index.php\/laboratorio-de-geotecnia-dicat\/#primaryimage","url":"https:\/\/sitios.ucsc.cl\/ott\/wp-content\/uploads\/sites\/15\/2022\/07\/LABUCSC14.png","contentUrl":"https:\/\/sitios.ucsc.cl\/ott\/wp-content\/uploads\/sites\/15\/2022\/07\/LABUCSC14.png"},{"@type":"WebPage","@id":"https:\/\/dinn.ucsc.cl\/index.php\/laboratorio-de-geotecnia-dicat\/#webpage","url":"https:\/\/dinn.ucsc.cl\/index.php\/laboratorio-de-geotecnia-dicat\/","name":"Laboratorio de Geotecnia (DICAT) -","isPartOf":{"@id":"https:\/\/dinn.ucsc.cl\/#website"},"primaryImageOfPage":{"@id":"https:\/\/dinn.ucsc.cl\/index.php\/laboratorio-de-geotecnia-dicat\/#primaryimage"},"datePublished":"2022-11-29T02:11:46+00:00","dateModified":"2022-11-29T02:11:46+00:00","breadcrumb":{"@id":"https:\/\/dinn.ucsc.cl\/index.php\/laboratorio-de-geotecnia-dicat\/#breadcrumb"},"inLanguage":"es","potentialAction":[{"@type":"ReadAction","target":["https:\/\/dinn.ucsc.cl\/index.php\/laboratorio-de-geotecnia-dicat\/"]}]},{"@type":"BreadcrumbList","@id":"https:\/\/dinn.ucsc.cl\/index.php\/laboratorio-de-geotecnia-dicat\/#breadcrumb","itemListElement":[{"@type":"ListItem","position":1,"name":"Inicio","item":"https:\/\/dinn.ucsc.cl\/"},{"@type":"ListItem","position":2,"name":"Laboratorio de Geotecnia (DICAT)"}]}]}},"_links":{"self":[{"href":"https:\/\/dinn.ucsc.cl\/index.php\/wp-json\/wp\/v2\/pages\/4236"}],"collection":[{"href":"https:\/\/dinn.ucsc.cl\/index.php\/wp-json\/wp\/v2\/pages"}],"about":[{"href":"https:\/\/dinn.ucsc.cl\/index.php\/wp-json\/wp\/v2\/types\/page"}],"author":[{"embeddable":true,"href":"https:\/\/dinn.ucsc.cl\/index.php\/wp-json\/wp\/v2\/users\/84"}],"replies":[{"embeddable":true,"href":"https:\/\/dinn.ucsc.cl\/index.php\/wp-json\/wp\/v2\/comments?post=4236"}],"version-history":[{"count":1,"href":"https:\/\/dinn.ucsc.cl\/index.php\/wp-json\/wp\/v2\/pages\/4236\/revisions"}],"predecessor-version":[{"id":4237,"href":"https:\/\/dinn.ucsc.cl\/index.php\/wp-json\/wp\/v2\/pages\/4236\/revisions\/4237"}],"wp:attachment":[{"href":"https:\/\/dinn.ucsc.cl\/index.php\/wp-json\/wp\/v2\/media?parent=4236"}],"curies":[{"name":"wp","href":"https:\/\/api.w.org\/{rel}","templated":true}]}}