{"id":4238,"date":"2022-11-28T23:12:18","date_gmt":"2022-11-29T02:12:18","guid":{"rendered":"https:\/\/dinn.ucsc.cl\/?page_id=4238"},"modified":"2023-10-15T21:11:19","modified_gmt":"2023-10-16T00:11:19","slug":"laboratorio-de-manufactura-avanzada","status":"publish","type":"page","link":"https:\/\/dinn.ucsc.cl\/index.php\/laboratorio-de-manufactura-avanzada\/","title":{"rendered":"Laboratorio de Manufactura Avanzada"},"content":{"rendered":"<table class=\" alignleft\">\n<tbody>\n<tr>\n<td style=\"width: 741px\" colspan=\"4\"><img loading=\"lazy\" class=\"wp-image-3178 size-full aligncenter\" src=\"https:\/\/sitios.ucsc.cl\/ott\/wp-content\/uploads\/sites\/15\/2022\/09\/HEADER_CU_1_N.png\" alt=\"\" width=\"950\" height=\"194\" \/><\/td>\n<\/tr>\n<tr>\n<td style=\"width: 70px\"><\/td>\n<td style=\"width: 67px\"><img loading=\"lazy\" class=\"aligncenter wp-image-2512 size-full\" src=\"https:\/\/sitios.ucsc.cl\/ott\/wp-content\/uploads\/sites\/15\/2022\/07\/CU_1.png\" alt=\"\" width=\"50\" height=\"50\" \/><\/td>\n<td style=\"width: 601px\">\n<h3>Descripci\u00f3n<\/h3>\n<\/td>\n<td style=\"width: 3px\"><\/td>\n<\/tr>\n<tr>\n<td style=\"width: 70px\"><\/td>\n<td style=\"width: 67px\"><\/td>\n<td style=\"width: 601px\">El Laboratorio de Manufactura Avanzada fue creado en el a\u00f1o 2021. Corresponde a una iniciativa UCSC que es parte del Programa Tecnol\u00f3gico Estrat\u00e9gico PTEC-HAMA Habilitantes en Manufactura Avanzada apoyado por CORFO, liderado por UdeC y co-ejecutado por UCSC e Inacap. Este Programa Tecnol\u00f3gico en el \u00e1rea de la sensorizaci\u00f3n y manufactura aditiva busca ser un eje habilitante en el desarrollo de soluciones tecnol\u00f3gicas cr\u00edticas y de frontera que permitan a la industria nacional avanzar hacia una manufactura avanzada. PTEC-HAMA es la estaci\u00f3n base de un equipo multidisciplinario de Investigadores, Ingenieros, T\u00e9cnicos y Dise\u00f1adores que trabajan en conjunto para desarrollar metodolog\u00edas, crear productos, optimizar tecnolog\u00edas y desarrollar capacidades que incrementen la generaci\u00f3n de productos de Altas Prestaciones para los sectores industriales tractores.<br \/>\nManufactura Avanzada UCSC participa de PTEC-HAMA (<a href=\"https:\/\/ptechama.cl\">https:\/\/ptechama.cl<\/a>) contribuyendo a crear una plataforma de colaboraci\u00f3n que permita la validaci\u00f3n, escalamiento y comercializaci\u00f3n de soluciones tecnol\u00f3gicas que aborden el desaf\u00edo de avanzar desde la manufactura tradicional a una avanzada.<br \/>\nLa infraestructura, capacidades tecnol\u00f3gicas y capital humano avanzado disponibles permiten desarrollar sensores embebidos para operaci\u00f3n en ambientes industriales; sistemas electr\u00f3nicos embebidos inteligentes y aut\u00f3nomos incluyendo t\u00e9cnicas de energizaci\u00f3n y comunicaci\u00f3n avanzadas; desplegar sistemas de comunicaciones de datos para la implementaci\u00f3n de sistemas ciberf\u00edsicos; y dise\u00f1ar herramientas tecnol\u00f3gicas y de inteligencia artificial para generar recomendaciones din\u00e1micas para la toma de decisiones en procesos industriales. Adicionalmente, las capacidades disponibles permiten dise\u00f1ar e implementar piezas personalizadas de formas complejas a partir de procesos de manufactura aditiva, mejorando los tiempos de respuesta, considerando m\u00faltiples materialidades para bajos vol\u00famenes productivos, integrando diferentes soluciones de sensorizaci\u00f3n.<\/td>\n<td style=\"width: 3px\"><\/td>\n<\/tr>\n<tr>\n<td style=\"width: 70px\"><\/td>\n<td style=\"width: 67px\"><img loading=\"lazy\" class=\"aligncenter size-full wp-image-2558\" src=\"https:\/\/sitios.ucsc.cl\/ott\/wp-content\/uploads\/sites\/15\/2022\/07\/CU_5.png\" alt=\"\" width=\"50\" height=\"50\" \/><\/td>\n<td style=\"width: 601px\">\n<h3>Dependencia<\/h3>\n<p>Facultad de Ingenier\u00eda-DIE.<\/td>\n<td style=\"width: 3px\"><\/td>\n<\/tr>\n<tr>\n<td style=\"width: 70px\"><\/td>\n<td style=\"width: 67px\"><img loading=\"lazy\" class=\"aligncenter size-full wp-image-2555\" src=\"https:\/\/sitios.ucsc.cl\/ott\/wp-content\/uploads\/sites\/15\/2022\/07\/CU_10.png\" alt=\"\" width=\"50\" height=\"50\" \/><\/td>\n<td style=\"width: 601px\">\n<h3>Director(a) responsable<\/h3>\n<p>Dr. An\u00edbal Morales.<\/td>\n<td style=\"width: 3px\"><\/td>\n<\/tr>\n<tr>\n<td style=\"width: 70px\"><\/td>\n<td style=\"width: 67px\"><img loading=\"lazy\" class=\"aligncenter size-full wp-image-2557\" src=\"https:\/\/sitios.ucsc.cl\/ott\/wp-content\/uploads\/sites\/15\/2022\/07\/CU_4.png\" alt=\"\" width=\"50\" height=\"50\" \/><\/td>\n<td style=\"width: 601px\">\n<h3>Contacto<\/h3>\n<p>Fono: +56 41-2345843<br \/>\nMail: anibalmorales@ucsc.cl<\/td>\n<td style=\"width: 3px\"><\/td>\n<\/tr>\n<tr>\n<td style=\"width: 70px\"><\/td>\n<td style=\"width: 67px\"><img loading=\"lazy\" class=\"aligncenter size-full wp-image-2559\" src=\"https:\/\/sitios.ucsc.cl\/ott\/wp-content\/uploads\/sites\/15\/2022\/07\/CU_6.png\" alt=\"\" width=\"50\" height=\"50\" \/><\/td>\n<td style=\"width: 601px\">\n<h3>Web<\/h3>\n<p>No tiene.<\/td>\n<td style=\"width: 3px\"><\/td>\n<\/tr>\n<tr>\n<td style=\"width: 70px\"><\/td>\n<td style=\"width: 67px\"><img loading=\"lazy\" class=\"aligncenter size-full wp-image-2512\" src=\"https:\/\/sitios.ucsc.cl\/ott\/wp-content\/uploads\/sites\/15\/2022\/07\/CU_1.png\" alt=\"\" width=\"50\" height=\"50\" \/><\/td>\n<td style=\"width: 601px\">\n<h3>\u00c1reas de conocimiento<\/h3>\n<\/td>\n<td style=\"width: 3px\"><\/td>\n<\/tr>\n<tr>\n<td style=\"width: 70px\"><\/td>\n<td style=\"width: 67px\"><\/td>\n<td style=\"width: 601px\">\u2022 Sensorizaci\u00f3n y Sistemas Ciberf\u00edsicos.<br \/>\n\u2022 Internet de las Cosas Industrial (IIoT).<br \/>\n\u2022 Manufactura aditiva, Impresi\u00f3n 3D.<br \/>\n\u2022 Inteligencia artificial, Machine learning, Computer Vision.<br \/>\n\u2022 Cloud computing, On Premise, Edge devices.<\/td>\n<td style=\"width: 3px\"><\/td>\n<\/tr>\n<tr>\n<td style=\"width: 70px\"><\/td>\n<td style=\"width: 67px\"><img loading=\"lazy\" class=\"aligncenter size-full wp-image-2556\" src=\"https:\/\/sitios.ucsc.cl\/ott\/wp-content\/uploads\/sites\/15\/2022\/07\/CU_3.png\" alt=\"\" width=\"50\" height=\"50\" \/><\/td>\n<td style=\"width: 601px\">\n<h3>Oferta tecnol\u00f3gica<\/h3>\n<\/td>\n<td style=\"width: 3px\"><\/td>\n<\/tr>\n<tr>\n<td style=\"width: 70px\"><\/td>\n<td style=\"width: 67px\"><\/td>\n<td style=\"width: 601px\">Actualmente, el Laboratorio permite:<br \/>\n\u2022 Apoyar en el desarrollo de proyectos I+D.<br \/>\n\u2022 Prestar servicios de asistencia t\u00e9cnica y consultor\u00eda en transformaci\u00f3n digital.<br \/>\n\u2022 Apoyar en el dise\u00f1o y ejecuci\u00f3n de Pruebas piloto industriales.<br \/>\n\u2022 Prestar servicios de Vigilancia tecnol\u00f3gica + Inteligencia competitiva.<br \/>\n\u2022 Desarrollar proyectos de Data Science + Inteligencia artificial + Machine learning.<br \/>\n\u2022 Desarrollar plataformas de sensores IoT + Cloud computing.<br \/>\n\u2022 Desarrollo de proyectos aplicados de Computer Vision.<br \/>\n\u2022 Prestar servicios de capacitaci\u00f3n en tecnolog\u00edas de la Industria 4.0.<\/td>\n<td style=\"width: 3px\"><\/td>\n<\/tr>\n<tr>\n<td style=\"width: 70px\"><\/td>\n<td style=\"width: 67px\"><img loading=\"lazy\" class=\"aligncenter size-full wp-image-2561\" src=\"https:\/\/sitios.ucsc.cl\/ott\/wp-content\/uploads\/sites\/15\/2022\/07\/CU_8.png\" alt=\"\" width=\"50\" height=\"50\" \/><\/td>\n<td style=\"width: 601px\">\n<h3>Experiencia de la unidad<\/h3>\n<\/td>\n<td style=\"width: 3px\"><\/td>\n<\/tr>\n<tr>\n<td style=\"width: 70px\"><\/td>\n<td style=\"width: 67px\"><\/td>\n<td style=\"width: 601px\"><strong>Proyectos ejecutados:<\/strong><br \/>\n<strong>2021-2022:<\/strong><br \/>\n\u2022 Fondo Nacional de Desarrollo Regional FNDR, GORE BioBio, \u201cConstrucci\u00f3n planta de hidr\u00f3geno verde para aplicaciones industriales en la Regi\u00f3n del Biob\u00edo\u201d.<br \/>\n<strong>2019:<\/strong><br \/>\n\u2022 UCSC Research Equipment Acquisition Program, \u201cEvaluation of Electromobility prototypes for their integration into National industry\u201d.<br \/>\n<strong>2018:<\/strong><br \/>\n\u2022 Coejecutor CORFO 2018 18PTECMA-102694 (5 years), \u201cPTEC-HAMA: Programa Tecnol\u00f3gico en el \u00c1rea de Sensorizaci\u00f3n y Manufactura Aditiva como un Eje Habilitante en el Desarrollo de Soluciones Tecnol\u00f3gicas Cr\u00edticas y de Fronteras que Permitan a la Industria Nacional Avanzar hacia una Manufactura Avanzada\u201d, UdeC-UCSC-INACAP, Chile.<br \/>\n<strong>2017:<\/strong><br \/>\n\u2022 FONDECYT INITIATION GRANT 2017 \u2013 11170388 (3 years), \u201cModeling, Simulation and Pareto Multi-objective Optimization of Piezoelectric Energy Harvesting Systems for Idler Condition based Monitoring Sensors in Overland Belt Conveyor Applications\u201d, UCSC, Chile.<\/td>\n<td style=\"width: 3px\"><\/td>\n<\/tr>\n<tr>\n<td style=\"width: 70px\"><\/td>\n<td style=\"width: 67px\"><img loading=\"lazy\" class=\"aligncenter size-full wp-image-2560\" src=\"https:\/\/sitios.ucsc.cl\/ott\/wp-content\/uploads\/sites\/15\/2022\/07\/CU_7.png\" alt=\"\" width=\"50\" height=\"50\" \/><\/td>\n<td style=\"width: 601px\">\n<h3>Infraestructura<\/h3>\n<p>El Laboratorio cuenta con 35 m2 ubicado en edificio de Investigaci\u00f3n &amp; Innovaci\u00f3n UCSC.<\/td>\n<td style=\"width: 3px\"><\/td>\n<\/tr>\n<tr>\n<td style=\"width: 70px\"><\/td>\n<td style=\"width: 67px\"><img loading=\"lazy\" class=\"aligncenter size-full wp-image-2562\" src=\"https:\/\/sitios.ucsc.cl\/ott\/wp-content\/uploads\/sites\/15\/2022\/07\/CU_9.png\" alt=\"\" width=\"50\" height=\"50\" \/><\/td>\n<td style=\"width: 601px\">\n<h3>Equipamiento<\/h3>\n<\/td>\n<td style=\"width: 3px\"><\/td>\n<\/tr>\n<tr>\n<td style=\"width: 70px\"><\/td>\n<td style=\"width: 67px\"><\/td>\n<td style=\"width: 601px\">Entre otras tecnolog\u00edas, el Laboratorio actualmente cuenta con:<br \/>\n\u2022 Taladro y Ruteador CNC con control num\u00e9rico Bungard modelo CCD\/2\/ECO (con software ISOCAM 5.0).<br \/>\n\u2022 Impresora profesional 3D Ultimaker S5 (industrial-grade parts).<br \/>\n\u2022 Impresora 3D resina Formlabs Form2 con kit FormCure y FormWash.<br \/>\n\u2022 Estaci\u00f3n de soldadura profesional ERSA I-CON VARIO4 con Anillo iluminaci\u00f3n MOTIC LED60T.<br \/>\n\u2022 Estaciona de soldadura ERSA I-CON NANO IC1200A con estaci\u00f3n de aire caliente QUICK 850DESD 320 W.<br \/>\n\u2022 Stereo microscopio MOTIC SFC11B, (6) Multimetro TrueRMS con C\u00e1mara T\u00e9rmica integrada Fluke 279FC\/IFLEX.<br \/>\n\u2022 Osciloscopio Digital TEKTRONIX MDO3012 100MHz 2.5 GS\/s.<br \/>\n\u2022 Medidor\/Analizador de vibraciones est\u00e1ndar industrial PCE Instruments PCE-VM25.<br \/>\n\u2022 Equipo generador de vibraciones MiniShaker The ModalShop K20078E1.<br \/>\n\u2022 Registrador y Analizador de Calidad de Energ\u00eda Hioki PQ3100 + Accesorios 300A.<br \/>\n\u2022 Registrador y Analizador de Calidad de Energ\u00eda Hioki PQ3100 + Accesorios 3000\u00aa.<br \/>\n\u2022 Osciloscopio port\u00e1til est\u00e1ndar industrial Fluke Scopemeter 190-504-UN-S 500MHz 2.5GS\/s.<\/td>\n<td style=\"width: 3px\"><\/td>\n<\/tr>\n<tr>\n<td style=\"width: 70px\"><\/td>\n<td style=\"width: 67px\"><img loading=\"lazy\" class=\"aligncenter size-full wp-image-2555\" src=\"https:\/\/sitios.ucsc.cl\/ott\/wp-content\/uploads\/sites\/15\/2022\/07\/CU_10.png\" alt=\"\" width=\"50\" height=\"50\" \/><\/td>\n<td style=\"width: 601px\">\n<h3>Integrantes de la unidad<\/h3>\n<\/td>\n<td style=\"width: 3px\"><\/td>\n<\/tr>\n<tr>\n<td style=\"width: 70px\"><\/td>\n<td style=\"width: 67px\"><\/td>\n<td style=\"width: 601px\">El Laboratorio cuenta con un equipo integrado por:<br \/>\n\u2022 Dr. An\u00edbal Morales, Cloud computing + Edge devices + IIoT.<br \/>\n\u2022 Dr. Guillermo Ram\u00edrez, Energy solutions + Advanced Control + Machine Drives.<br \/>\n\u2022 Dr. Ernesto Guerra, Artificial Intelligence + Machine Learning.<br \/>\n\u2022 Ing. Mart\u00edn Castillo, Electronics + IT\/OT Integration.<\/td>\n<td style=\"width: 3px\"><\/td>\n<\/tr>\n<tr>\n<td style=\"width: 70px\"><\/td>\n<td style=\"width: 668px\" colspan=\"2\">&nbsp;<\/p>\n<p>&nbsp;<\/p>\n<p><a href=\"https:\/\/dinn.ucsc.cl\/wp-content\/uploads\/sites\/14\/2023\/10\/OTT_LAB_15.pdf\"><img loading=\"lazy\" class=\"aligncenter wp-image-3262 size-full\" src=\"https:\/\/sitios.ucsc.cl\/ott\/wp-content\/uploads\/sites\/15\/2022\/10\/Boton-descarga-300x61-1.png\" alt=\"\" width=\"300\" height=\"61\" \/><\/a><\/p>\n<p>&nbsp;<\/p>\n<p>&nbsp;<\/td>\n<td style=\"width: 3px\"><\/td>\n<\/tr>\n<tr>\n<td style=\"width: 741px\" colspan=\"4\"><img loading=\"lazy\" class=\"aligncenter size-full wp-image-3263\" src=\"https:\/\/sitios.ucsc.cl\/ott\/wp-content\/uploads\/sites\/15\/2022\/10\/banner_LB.png\" alt=\"\" width=\"950\" height=\"111\" \/><\/td>\n<\/tr>\n<\/tbody>\n<\/table>\n<h5><\/h5>\n","protected":false},"excerpt":{"rendered":"<p>Descripci\u00f3n El Laboratorio de Manufactura Avanzada fue creado en el a\u00f1o 2021. Corresponde a una iniciativa UCSC que es parte del Programa Tecnol\u00f3gico Estrat\u00e9gico PTEC-HAMA Habilitantes en Manufactura Avanzada apoyado por CORFO, liderado por UdeC y co-ejecutado por UCSC e Inacap. Este Programa Tecnol\u00f3gico en el \u00e1rea de la sensorizaci\u00f3n y manufactura aditiva busca ser [&hellip;]<\/p>\n","protected":false},"author":84,"featured_media":0,"parent":0,"menu_order":0,"comment_status":"closed","ping_status":"closed","template":"","meta":[],"yoast_head":"<!-- This site is optimized with the Yoast SEO plugin v18.9 - https:\/\/yoast.com\/wordpress\/plugins\/seo\/ -->\n<title>Laboratorio de Manufactura Avanzada -<\/title>\n<meta name=\"robots\" content=\"index, follow, max-snippet:-1, max-image-preview:large, max-video-preview:-1\" \/>\n<link rel=\"canonical\" href=\"https:\/\/dinn.ucsc.cl\/index.php\/laboratorio-de-manufactura-avanzada\/\" \/>\n<meta property=\"og:locale\" content=\"es_ES\" \/>\n<meta property=\"og:type\" content=\"article\" \/>\n<meta property=\"og:title\" content=\"Laboratorio de Manufactura Avanzada -\" \/>\n<meta property=\"og:description\" content=\"Descripci\u00f3n El Laboratorio de Manufactura Avanzada fue creado en el a\u00f1o 2021. Corresponde a una iniciativa UCSC que es parte del Programa Tecnol\u00f3gico Estrat\u00e9gico PTEC-HAMA Habilitantes en Manufactura Avanzada apoyado por CORFO, liderado por UdeC y co-ejecutado por UCSC e Inacap. Este Programa Tecnol\u00f3gico en el \u00e1rea de la sensorizaci\u00f3n y manufactura aditiva busca ser [&hellip;]\" \/>\n<meta property=\"og:url\" content=\"https:\/\/dinn.ucsc.cl\/index.php\/laboratorio-de-manufactura-avanzada\/\" \/>\n<meta property=\"article:publisher\" content=\"https:\/\/m.facebook.com\/DINNUCSC\" \/>\n<meta property=\"article:modified_time\" content=\"2023-10-16T00:11:19+00:00\" \/>\n<meta property=\"og:image\" content=\"https:\/\/sitios.ucsc.cl\/ott\/wp-content\/uploads\/sites\/15\/2022\/09\/HEADER_CU_1_N.png\" \/>\n<meta name=\"twitter:card\" content=\"summary\" \/>\n<meta name=\"twitter:site\" content=\"@dinn_ucsc\" \/>\n<meta name=\"twitter:label1\" content=\"Tiempo de lectura\" \/>\n\t<meta name=\"twitter:data1\" content=\"4 minutos\" \/>\n<script type=\"application\/ld+json\" class=\"yoast-schema-graph\">{\"@context\":\"https:\/\/schema.org\",\"@graph\":[{\"@type\":\"WebSite\",\"@id\":\"https:\/\/dinn.ucsc.cl\/#website\",\"url\":\"https:\/\/dinn.ucsc.cl\/\",\"name\":\"Direcci\u00f3n de Innovaci\u00f3n UCSC\",\"description\":\"Direcci\u00f3n de Innovaci\u00f3n\",\"potentialAction\":[{\"@type\":\"SearchAction\",\"target\":{\"@type\":\"EntryPoint\",\"urlTemplate\":\"https:\/\/dinn.ucsc.cl\/?s={search_term_string}\"},\"query-input\":\"required name=search_term_string\"}],\"inLanguage\":\"es\"},{\"@type\":\"ImageObject\",\"inLanguage\":\"es\",\"@id\":\"https:\/\/dinn.ucsc.cl\/index.php\/laboratorio-de-manufactura-avanzada\/#primaryimage\",\"url\":\"https:\/\/sitios.ucsc.cl\/ott\/wp-content\/uploads\/sites\/15\/2022\/09\/HEADER_CU_1_N.png\",\"contentUrl\":\"https:\/\/sitios.ucsc.cl\/ott\/wp-content\/uploads\/sites\/15\/2022\/09\/HEADER_CU_1_N.png\"},{\"@type\":\"WebPage\",\"@id\":\"https:\/\/dinn.ucsc.cl\/index.php\/laboratorio-de-manufactura-avanzada\/#webpage\",\"url\":\"https:\/\/dinn.ucsc.cl\/index.php\/laboratorio-de-manufactura-avanzada\/\",\"name\":\"Laboratorio de Manufactura Avanzada -\",\"isPartOf\":{\"@id\":\"https:\/\/dinn.ucsc.cl\/#website\"},\"primaryImageOfPage\":{\"@id\":\"https:\/\/dinn.ucsc.cl\/index.php\/laboratorio-de-manufactura-avanzada\/#primaryimage\"},\"datePublished\":\"2022-11-29T02:12:18+00:00\",\"dateModified\":\"2023-10-16T00:11:19+00:00\",\"breadcrumb\":{\"@id\":\"https:\/\/dinn.ucsc.cl\/index.php\/laboratorio-de-manufactura-avanzada\/#breadcrumb\"},\"inLanguage\":\"es\",\"potentialAction\":[{\"@type\":\"ReadAction\",\"target\":[\"https:\/\/dinn.ucsc.cl\/index.php\/laboratorio-de-manufactura-avanzada\/\"]}]},{\"@type\":\"BreadcrumbList\",\"@id\":\"https:\/\/dinn.ucsc.cl\/index.php\/laboratorio-de-manufactura-avanzada\/#breadcrumb\",\"itemListElement\":[{\"@type\":\"ListItem\",\"position\":1,\"name\":\"Inicio\",\"item\":\"https:\/\/dinn.ucsc.cl\/\"},{\"@type\":\"ListItem\",\"position\":2,\"name\":\"Laboratorio de Manufactura Avanzada\"}]}]}<\/script>\n<!-- \/ Yoast SEO plugin. -->","yoast_head_json":{"title":"Laboratorio de Manufactura Avanzada -","robots":{"index":"index","follow":"follow","max-snippet":"max-snippet:-1","max-image-preview":"max-image-preview:large","max-video-preview":"max-video-preview:-1"},"canonical":"https:\/\/dinn.ucsc.cl\/index.php\/laboratorio-de-manufactura-avanzada\/","og_locale":"es_ES","og_type":"article","og_title":"Laboratorio de Manufactura Avanzada -","og_description":"Descripci\u00f3n El Laboratorio de Manufactura Avanzada fue creado en el a\u00f1o 2021. Corresponde a una iniciativa UCSC que es parte del Programa Tecnol\u00f3gico Estrat\u00e9gico PTEC-HAMA Habilitantes en Manufactura Avanzada apoyado por CORFO, liderado por UdeC y co-ejecutado por UCSC e Inacap. Este Programa Tecnol\u00f3gico en el \u00e1rea de la sensorizaci\u00f3n y manufactura aditiva busca ser [&hellip;]","og_url":"https:\/\/dinn.ucsc.cl\/index.php\/laboratorio-de-manufactura-avanzada\/","article_publisher":"https:\/\/m.facebook.com\/DINNUCSC","article_modified_time":"2023-10-16T00:11:19+00:00","og_image":[{"url":"https:\/\/sitios.ucsc.cl\/ott\/wp-content\/uploads\/sites\/15\/2022\/09\/HEADER_CU_1_N.png"}],"twitter_card":"summary","twitter_site":"@dinn_ucsc","twitter_misc":{"Tiempo de lectura":"4 minutos"},"schema":{"@context":"https:\/\/schema.org","@graph":[{"@type":"WebSite","@id":"https:\/\/dinn.ucsc.cl\/#website","url":"https:\/\/dinn.ucsc.cl\/","name":"Direcci\u00f3n de Innovaci\u00f3n UCSC","description":"Direcci\u00f3n de Innovaci\u00f3n","potentialAction":[{"@type":"SearchAction","target":{"@type":"EntryPoint","urlTemplate":"https:\/\/dinn.ucsc.cl\/?s={search_term_string}"},"query-input":"required name=search_term_string"}],"inLanguage":"es"},{"@type":"ImageObject","inLanguage":"es","@id":"https:\/\/dinn.ucsc.cl\/index.php\/laboratorio-de-manufactura-avanzada\/#primaryimage","url":"https:\/\/sitios.ucsc.cl\/ott\/wp-content\/uploads\/sites\/15\/2022\/09\/HEADER_CU_1_N.png","contentUrl":"https:\/\/sitios.ucsc.cl\/ott\/wp-content\/uploads\/sites\/15\/2022\/09\/HEADER_CU_1_N.png"},{"@type":"WebPage","@id":"https:\/\/dinn.ucsc.cl\/index.php\/laboratorio-de-manufactura-avanzada\/#webpage","url":"https:\/\/dinn.ucsc.cl\/index.php\/laboratorio-de-manufactura-avanzada\/","name":"Laboratorio de Manufactura Avanzada -","isPartOf":{"@id":"https:\/\/dinn.ucsc.cl\/#website"},"primaryImageOfPage":{"@id":"https:\/\/dinn.ucsc.cl\/index.php\/laboratorio-de-manufactura-avanzada\/#primaryimage"},"datePublished":"2022-11-29T02:12:18+00:00","dateModified":"2023-10-16T00:11:19+00:00","breadcrumb":{"@id":"https:\/\/dinn.ucsc.cl\/index.php\/laboratorio-de-manufactura-avanzada\/#breadcrumb"},"inLanguage":"es","potentialAction":[{"@type":"ReadAction","target":["https:\/\/dinn.ucsc.cl\/index.php\/laboratorio-de-manufactura-avanzada\/"]}]},{"@type":"BreadcrumbList","@id":"https:\/\/dinn.ucsc.cl\/index.php\/laboratorio-de-manufactura-avanzada\/#breadcrumb","itemListElement":[{"@type":"ListItem","position":1,"name":"Inicio","item":"https:\/\/dinn.ucsc.cl\/"},{"@type":"ListItem","position":2,"name":"Laboratorio de Manufactura Avanzada"}]}]}},"_links":{"self":[{"href":"https:\/\/dinn.ucsc.cl\/index.php\/wp-json\/wp\/v2\/pages\/4238"}],"collection":[{"href":"https:\/\/dinn.ucsc.cl\/index.php\/wp-json\/wp\/v2\/pages"}],"about":[{"href":"https:\/\/dinn.ucsc.cl\/index.php\/wp-json\/wp\/v2\/types\/page"}],"author":[{"embeddable":true,"href":"https:\/\/dinn.ucsc.cl\/index.php\/wp-json\/wp\/v2\/users\/84"}],"replies":[{"embeddable":true,"href":"https:\/\/dinn.ucsc.cl\/index.php\/wp-json\/wp\/v2\/comments?post=4238"}],"version-history":[{"count":3,"href":"https:\/\/dinn.ucsc.cl\/index.php\/wp-json\/wp\/v2\/pages\/4238\/revisions"}],"predecessor-version":[{"id":5507,"href":"https:\/\/dinn.ucsc.cl\/index.php\/wp-json\/wp\/v2\/pages\/4238\/revisions\/5507"}],"wp:attachment":[{"href":"https:\/\/dinn.ucsc.cl\/index.php\/wp-json\/wp\/v2\/media?parent=4238"}],"curies":[{"name":"wp","href":"https:\/\/api.w.org\/{rel}","templated":true}]}}