{"id":4243,"date":"2022-11-28T23:13:22","date_gmt":"2022-11-29T02:13:22","guid":{"rendered":"https:\/\/dinn.ucsc.cl\/?page_id=4243"},"modified":"2024-01-25T10:22:20","modified_gmt":"2024-01-25T13:22:20","slug":"laboratorio-de-electromovilidad","status":"publish","type":"page","link":"https:\/\/dinn.ucsc.cl\/index.php\/laboratorio-de-electromovilidad\/","title":{"rendered":"Laboratorio de Electromovilidad"},"content":{"rendered":"<table class=\" alignleft\">\n<tbody>\n<tr>\n<td style=\"width: 741px;\" colspan=\"4\"><img loading=\"lazy\" class=\"aligncenter wp-image-3180 size-full\" src=\"https:\/\/sitios.ucsc.cl\/ott\/wp-content\/uploads\/sites\/15\/2022\/09\/HEADER_CU_3_N.png\" alt=\"\" width=\"950\" height=\"194\" \/><\/td>\n<\/tr>\n<tr>\n<td style=\"width: 62px;\"><\/td>\n<td style=\"width: 80px;\"><img loading=\"lazy\" class=\"aligncenter wp-image-2512 size-full\" src=\"https:\/\/sitios.ucsc.cl\/ott\/wp-content\/uploads\/sites\/15\/2022\/07\/CU_1.png\" alt=\"\" width=\"50\" height=\"50\" \/><\/td>\n<td style=\"width: 596px;\">\n<h3>Descripci\u00f3n<\/h3>\n<\/td>\n<td style=\"width: 3px;\"><\/td>\n<\/tr>\n<tr>\n<td style=\"width: 62px;\"><\/td>\n<td style=\"width: 80px;\"><\/td>\n<td style=\"width: 596px;\">Aborda las distintas aristas de electromovilidad industrial para la regi\u00f3n del Biob\u00edo, proporcionando datos e informaci\u00f3n de operaci\u00f3n de equipos industriales en la regi\u00f3n, respecto a su desempe\u00f1o real y nominal en condiciones ambientales del entorno.<\/td>\n<td style=\"width: 3px;\"><\/td>\n<\/tr>\n<tr>\n<td style=\"width: 62px;\"><\/td>\n<td style=\"width: 80px;\"><img loading=\"lazy\" class=\"aligncenter size-full wp-image-2558\" src=\"https:\/\/sitios.ucsc.cl\/ott\/wp-content\/uploads\/sites\/15\/2022\/07\/CU_5.png\" alt=\"\" width=\"50\" height=\"50\" \/><\/td>\n<td style=\"width: 596px;\">\n<h3>Dependencia<\/h3>\n<p>Edificio de Investigaci\u00f3n e Innovaci\u00f3n &#8211; VRIP UCSC.<\/td>\n<td style=\"width: 3px;\"><\/td>\n<\/tr>\n<tr>\n<td style=\"width: 62px;\"><\/td>\n<td style=\"width: 80px;\"><img loading=\"lazy\" class=\"aligncenter size-full wp-image-2555\" src=\"https:\/\/sitios.ucsc.cl\/ott\/wp-content\/uploads\/sites\/15\/2022\/07\/CU_10.png\" alt=\"\" width=\"50\" height=\"50\" \/><\/td>\n<td style=\"width: 596px;\">\n<h3>Director(a) responsable<\/h3>\n<p>Dr. Ricardo Lizana Fuentes.<br \/>\nDr. Guillermo Ram\u00edrez Arias.<\/td>\n<td style=\"width: 3px;\"><\/td>\n<\/tr>\n<tr>\n<td style=\"width: 62px;\"><\/td>\n<td style=\"width: 80px;\"><img loading=\"lazy\" class=\"aligncenter size-full wp-image-2557\" src=\"https:\/\/sitios.ucsc.cl\/ott\/wp-content\/uploads\/sites\/15\/2022\/07\/CU_4.png\" alt=\"\" width=\"50\" height=\"50\" \/><\/td>\n<td style=\"width: 596px;\">\n<h3>Contacto<\/h3>\n<p>ricardolizana@ucsc.cl<br \/>\nguillermoramirez@ucsc.cl<\/td>\n<td style=\"width: 3px;\"><\/td>\n<\/tr>\n<tr>\n<td style=\"width: 62px;\"><\/td>\n<td style=\"width: 80px;\"><img loading=\"lazy\" class=\"aligncenter size-full wp-image-2559\" src=\"https:\/\/sitios.ucsc.cl\/ott\/wp-content\/uploads\/sites\/15\/2022\/07\/CU_6.png\" alt=\"\" width=\"50\" height=\"50\" \/><\/td>\n<td style=\"width: 596px;\">\n<h3>Web<\/h3>\n<p>No tiene.<\/td>\n<td style=\"width: 3px;\"><\/td>\n<\/tr>\n<tr>\n<td style=\"width: 62px;\"><\/td>\n<td style=\"width: 80px;\"><img loading=\"lazy\" class=\"aligncenter size-full wp-image-2512\" src=\"https:\/\/sitios.ucsc.cl\/ott\/wp-content\/uploads\/sites\/15\/2022\/07\/CU_1.png\" alt=\"\" width=\"50\" height=\"50\" \/><\/td>\n<td style=\"width: 596px;\">\n<h3>\u00c1reas de conocimiento<\/h3>\n<\/td>\n<td style=\"width: 3px;\"><\/td>\n<\/tr>\n<tr>\n<td style=\"width: 62px;\"><\/td>\n<td style=\"width: 80px;\"><\/td>\n<td style=\"width: 596px;\">\u2022 Energ\u00eda.<br \/>\n\u2022 Ingenier\u00eda.<br \/>\n\u2022 Ingenier\u00eda El\u00e9ctrica.<br \/>\n\u2022 Ingenier\u00eda Electr\u00f3nica.<br \/>\n\u2022 Ingenier\u00eda Mec\u00e1nica.<\/td>\n<td style=\"width: 3px;\"><\/td>\n<\/tr>\n<tr>\n<td style=\"width: 62px;\"><\/td>\n<td style=\"width: 80px;\"><img loading=\"lazy\" class=\"aligncenter size-full wp-image-2556\" src=\"https:\/\/sitios.ucsc.cl\/ott\/wp-content\/uploads\/sites\/15\/2022\/07\/CU_3.png\" alt=\"\" width=\"50\" height=\"50\" \/><\/td>\n<td style=\"width: 596px;\">\n<h3>Oferta tecnol\u00f3gica<\/h3>\n<\/td>\n<td style=\"width: 3px;\"><\/td>\n<\/tr>\n<tr>\n<td style=\"width: 62px;\"><\/td>\n<td style=\"width: 80px;\"><\/td>\n<td style=\"width: 596px;\">\u2022 Asesor\u00edas para evaluaci\u00f3n del desempe\u00f1o vinculado a electromovilidad en operaci\u00f3n nominal en la industria:<br \/>\n&#8211; Monitoreo de desempe\u00f1o de equipos.<br \/>\n&#8211; Levantamiento y An\u00e1lisis de datos, para incentivar al sector industrial, al uso de equipos totalmente el\u00e9ctricos mediante tecnolog\u00edas amigables con el medio ambiente, con rendimiento igual o superior a uso de equipamiento convencional.<br \/>\n&#8211; Rendimiento de operaci\u00f3n considerando el entorno de trabajo.<br \/>\n&#8211; Entrega de informe de operaci\u00f3n adecuada de equipamientos en ambiente de trabajo real.<br \/>\n&#8211; Capacidades de mejora de equipos de electromovilidad aumentando su rendimiento (aplicaciones de Hidr\u00f3geno Verde, s\u00faper capacitores, entre otros).<br \/>\n\u2022 Evaluaci\u00f3n del entorno y reducciones del nivel de ruido generado por la operaci\u00f3n de equipos.<br \/>\n\u2022 Evaluaci\u00f3n del mercado industrial en aplicaciones de electromovilidad.<br \/>\n\u2022 Levantamiento de estudios de mercado de oferta de equipos industriales disponibles, para las distintas aplicaciones requeridas por la industria.<\/td>\n<td style=\"width: 3px;\"><\/td>\n<\/tr>\n<tr>\n<td style=\"width: 62px;\"><\/td>\n<td style=\"width: 80px;\"><img loading=\"lazy\" class=\"aligncenter size-full wp-image-2561\" src=\"https:\/\/sitios.ucsc.cl\/ott\/wp-content\/uploads\/sites\/15\/2022\/07\/CU_8.png\" alt=\"\" width=\"50\" height=\"50\" \/><\/td>\n<td style=\"width: 596px;\">\n<h3>Experiencia de la unidad<\/h3>\n<\/td>\n<td style=\"width: 3px;\"><\/td>\n<\/tr>\n<tr>\n<td style=\"width: 62px;\"><\/td>\n<td style=\"width: 80px;\"><\/td>\n<td style=\"width: 596px;\"><strong>Proyectos ejecutados:<\/strong><\/p>\n<p><strong>Dr. Ricardo Lizana Fuentes<\/strong><\/p>\n<p>\u2022 \u201cPredictive Control of Active Front End Rectifiers\u201d, FONDECYT Project no. 11090253, Research Assistant, 2010.<\/p>\n<p>&nbsp;<\/p>\n<p><strong>Dr. Guillermo Ram\u00edrez Arias<\/strong><br \/>\n\u2022 Proyecto Fondecyt Iniciaci\u00f3n N\u00ba 11170862: \u201cON LINE ESTIMATION OF ROCK PROPERTIES AN BIT WEAR MONITORING FOR MINING DRILLING RIGS USING DRIVE AND PROCESS SIGNALS\u201d Investigador Responsable, Periodo: 2018 \u2013 2020.<br \/>\n\u2022 Proyecto Corfo c\u00f3digo 17PTECNA-102694 \u201cPTEC-HAMA Programa Tecnol\u00f3gico en el \u00e1rea de Sensorizaci\u00f3n y Manufactura Aditiva como eje habilitante en el desarrollo de soluciones tecnol\u00f3gicas cr\u00edticas y de frontera que permitan a la industria nacional avanzar hacia una Manufactura Avanzada\u201d Investigador Colaborador, Periodo: 2019 \u2013 2023.<br \/>\n\u2022 Proyecto de Innovaci\u00f3n de Inter\u00e9s P\u00fablico CORFO c\u00f3digo 18IIP-BB-99513: \u201cPlataforma de diagn\u00f3stico e historizaci\u00f3n del confort t\u00e9rmico, consumo de energ\u00eda y calidad de aire en hospitales p\u00fablicos\u201d. Profesional experto encargado de modelaci\u00f3n energ\u00e9tica de sistemas el\u00e9ctricos, Periodo 2019.<br \/>\n\u2022 Proyecto Fondo para la Competitividad Regional FIC-R Bio Bio \u2013 C\u00f3digo BIP 40011065: \u201cGeneraci\u00f3n de Bioenerg\u00eda para Combusti\u00f3n a partir de Manejo Forestal Sustentable\u201d Investigador encargado de proceso de secado de biomasa a partir de ERNC, Periodo 2019 \u2013 2020.<br \/>\n\u2022 Proyecto 413131-BIP 07\/IE-28 \u201cMicrored UCSC\u201d, Acad\u00e9mico responsable, Periodo 2017 \u2013 2019. Corresponde al dise\u00f1o e implementaci\u00f3n de una planta de autogeneraci\u00f3n de energ\u00eda el\u00e9ctrica solar fotovoltaica y e\u00f3lica de 44 kW en el campus San Andr\u00e9s de la UCSC. La instalaci\u00f3n incluye 3 sistemas de seguimiento solar (1 eje horizontal, 1 eje inclinado y 2 ejes), 3 tecnolog\u00edas en m\u00f3dulos fotovoltaicos (policristalino, monocristalino y capa fina), microinversores on grid, inversores string on grid, inversores off grid, sistema de respaldo por bater\u00edas y generaci\u00f3n di\u00e9sel, equipos emulaci\u00f3n de cargas RLC, sistema de monitoreo y registro en l\u00ednea.<br \/>\n\u2022 Proyecto interno INDIN N\u00ba 06\/2017: \u201cObservador de Torque para An\u00e1lisis de Eficiencia Energ\u00e9tica en Accionamientos Sopladores de Fundiciones Mineras\u201d Investigador Responsable, Periodo: 2017 \u2013 2018.<br \/>\n\u2022 Proyecto 15CABB-069 CIFES Fondo Regional de Sensibilizaci\u00f3n y Cofinanciamiento de Proyectos de Inversi\u00f3n en ERNC para Autoabastecimiento Para MIPYMES de la Regi\u00f3n del Biob\u00edo, Director, 2015\/2016.<\/p>\n<p><strong>Dra. Ana Narv\u00e1ez Dinamarca<\/strong><br \/>\n\u2022 Proyecto interno CIBAS N\u00ba 511317: \u201cEvaluaci\u00f3n del desempe\u00f1o de veh\u00edculos el\u00e9ctricos para la producci\u00f3n industrial sustentable\u201d Co-Investigador, Periodo: 2020 &#8211; 2022.<\/p>\n<p><strong>L\u00edneas de Investigaci\u00f3n:<\/strong><\/p>\n<p><strong>Dr. Ricardo Lizana Fuentes<\/strong><br \/>\n\u2022 Sistemas de transmisi\u00f3n HVDC basados en Convertidores Modulares Multinivel (MMC).<br \/>\n\u2022 Control de convertidores multinivel.<\/p>\n<p><strong>Dr. Guillermo Ram\u00edrez Arias<\/strong><br \/>\n\u2022 Accionamientos El\u00e9ctricos Industriales.<br \/>\n\u2022 Energ\u00edas Renovables.<\/p>\n<p>&nbsp;<\/td>\n<td style=\"width: 3px;\"><\/td>\n<\/tr>\n<tr>\n<td style=\"width: 62px;\"><\/td>\n<td style=\"width: 80px;\"><img loading=\"lazy\" class=\"aligncenter size-full wp-image-2560\" src=\"https:\/\/sitios.ucsc.cl\/ott\/wp-content\/uploads\/sites\/15\/2022\/07\/CU_7.png\" alt=\"\" width=\"50\" height=\"50\" \/><\/td>\n<td style=\"width: 596px;\">\n<h3>Infraestructura<\/h3>\n<p>\u2022 Laboratorio: 40m2.<br \/>\n\u2022 Patio de Trabajo: 30 m2.<\/td>\n<td style=\"width: 3px;\"><\/td>\n<\/tr>\n<tr>\n<td style=\"width: 62px;\"><\/td>\n<td style=\"width: 80px;\"><img loading=\"lazy\" class=\"aligncenter size-full wp-image-2562\" src=\"https:\/\/sitios.ucsc.cl\/ott\/wp-content\/uploads\/sites\/15\/2022\/07\/CU_9.png\" alt=\"\" width=\"50\" height=\"50\" \/><\/td>\n<td style=\"width: 596px;\">\n<h3>Equipamiento<\/h3>\n<\/td>\n<td style=\"width: 3px;\"><\/td>\n<\/tr>\n<tr>\n<td style=\"width: 62px;\"><\/td>\n<td style=\"width: 80px;\"><\/td>\n<td style=\"width: 596px;\">\u2022 1 Camioneta totalmente el\u00e9ctrica, con una capacidad de carga de 500 kg.<br \/>\n\u2022 1 Cami\u00f3n totalmente el\u00e9ctrico, con una capacidad de carga de 2000 kg.<br \/>\n\u2022 1 Gr\u00faa horquilla totalmente el\u00e9ctrica, con una capacidad de levante de 1600 kg.<br \/>\n\u2022 1 Cargador el\u00e9ctrico homologado marca Enel X \u2013 instalado (en proceso de certificaci\u00f3n).<br \/>\nInstrumentos varios:<br \/>\n&#8211; Evaluadores de rendimiento de bater\u00edas.<br \/>\n&#8211; Equipos de geolocalizaci\u00f3n.<br \/>\n&#8211; Emulador de bater\u00edas bidireccionales.<br \/>\n&#8211; Plataforma de control marca Interix y microlabbox dspace.<br \/>\n\u2022 Instrumentos de medici\u00f3n gen\u00e9ricos (osciloscopios, sensores de corriente, sensores de voltaje, diferenciales, capacidad inductancia, capacitancia).<br \/>\n\u2022 Capacidad de formar o integrar electr\u00f3nica de potencia: semiconductores marcas Semikron e Imperex.<br \/>\n\u2022 Puente H marca Imperex.<\/td>\n<td style=\"width: 3px;\"><\/td>\n<\/tr>\n<tr>\n<td style=\"width: 62px;\"><\/td>\n<td style=\"width: 80px;\"><img loading=\"lazy\" class=\"aligncenter size-full wp-image-2555\" src=\"https:\/\/sitios.ucsc.cl\/ott\/wp-content\/uploads\/sites\/15\/2022\/07\/CU_10.png\" alt=\"\" width=\"50\" height=\"50\" \/><\/td>\n<td style=\"width: 596px;\">\n<h3>Integrantes de la unidad<\/h3>\n<\/td>\n<td style=\"width: 3px;\"><\/td>\n<\/tr>\n<tr>\n<td style=\"width: 62px;\"><\/td>\n<td style=\"width: 80px;\"><\/td>\n<td style=\"width: 596px;\">\u2022 Dr. Ricardo Lizana Fuentes.<br \/>\n\u2022 Dr. Guillermo Ram\u00edrez.<br \/>\n\u2022 Mg. Mauricio Arenas \u2013 Gestor Unidad de Proyectos VRIP<br \/>\n\u2022 Un promedio de 9 estudiantes tesistas de pre y postgrado, de Ingenier\u00eda Civil El\u00e9ctrica y Mag\u00edster en Sistemas Energ\u00e9ticos, que se vinculan directamente en tem\u00e1ticas de Electromovilidad Industrial.<\/td>\n<td style=\"width: 3px;\"><\/td>\n<\/tr>\n<tr>\n<td style=\"width: 62px;\"><\/td>\n<td style=\"width: 676px;\" colspan=\"2\">&nbsp;<\/p>\n<p>&nbsp;<\/p>\n<p><a href=\"https:\/\/sitios.ucsc.cl\/ott\/wp-content\/uploads\/sites\/15\/2022\/10\/OTT_LAB_17.pdf\"><img loading=\"lazy\" class=\"aligncenter size-full wp-image-3262\" src=\"https:\/\/sitios.ucsc.cl\/ott\/wp-content\/uploads\/sites\/15\/2022\/10\/Boton-descarga-300x61-1.png\" alt=\"\" width=\"300\" height=\"61\" \/><\/a><\/p>\n<p>&nbsp;<\/p>\n<p>&nbsp;<\/td>\n<td style=\"width: 3px;\"><\/td>\n<\/tr>\n<tr>\n<td style=\"width: 741px;\" colspan=\"4\"><img loading=\"lazy\" class=\"aligncenter size-full wp-image-3263\" src=\"https:\/\/sitios.ucsc.cl\/ott\/wp-content\/uploads\/sites\/15\/2022\/10\/banner_LB.png\" alt=\"\" width=\"950\" height=\"111\" \/><\/td>\n<\/tr>\n<\/tbody>\n<\/table>\n<h5><\/h5>\n","protected":false},"excerpt":{"rendered":"<p>Descripci\u00f3n Aborda las distintas aristas de electromovilidad industrial para la regi\u00f3n del Biob\u00edo, proporcionando datos e informaci\u00f3n de operaci\u00f3n de equipos industriales en la regi\u00f3n, respecto a su desempe\u00f1o real y nominal en condiciones ambientales del entorno. Dependencia Edificio de Investigaci\u00f3n e Innovaci\u00f3n &#8211; VRIP UCSC. Director(a) responsable Dr. Ricardo Lizana Fuentes. Dr. Guillermo Ram\u00edrez [&hellip;]<\/p>\n","protected":false},"author":84,"featured_media":0,"parent":0,"menu_order":0,"comment_status":"closed","ping_status":"closed","template":"","meta":[],"yoast_head":"<!-- This site is optimized with the Yoast SEO plugin v18.9 - https:\/\/yoast.com\/wordpress\/plugins\/seo\/ -->\n<title>Laboratorio de Electromovilidad -<\/title>\n<meta name=\"robots\" content=\"index, follow, max-snippet:-1, max-image-preview:large, max-video-preview:-1\" \/>\n<link rel=\"canonical\" href=\"https:\/\/dinn.ucsc.cl\/index.php\/laboratorio-de-electromovilidad\/\" \/>\n<meta property=\"og:locale\" content=\"es_ES\" \/>\n<meta property=\"og:type\" content=\"article\" \/>\n<meta property=\"og:title\" content=\"Laboratorio de Electromovilidad -\" \/>\n<meta property=\"og:description\" content=\"Descripci\u00f3n Aborda las distintas aristas de electromovilidad industrial para la regi\u00f3n del Biob\u00edo, proporcionando datos e informaci\u00f3n de operaci\u00f3n de equipos industriales en la regi\u00f3n, respecto a su desempe\u00f1o real y nominal en condiciones ambientales del entorno. Dependencia Edificio de Investigaci\u00f3n e Innovaci\u00f3n &#8211; VRIP UCSC. Director(a) responsable Dr. Ricardo Lizana Fuentes. Dr. Guillermo Ram\u00edrez [&hellip;]\" \/>\n<meta property=\"og:url\" content=\"https:\/\/dinn.ucsc.cl\/index.php\/laboratorio-de-electromovilidad\/\" \/>\n<meta property=\"article:publisher\" content=\"https:\/\/m.facebook.com\/DINNUCSC\" \/>\n<meta property=\"article:modified_time\" content=\"2024-01-25T13:22:20+00:00\" \/>\n<meta property=\"og:image\" content=\"https:\/\/sitios.ucsc.cl\/ott\/wp-content\/uploads\/sites\/15\/2022\/09\/HEADER_CU_3_N.png\" \/>\n<meta name=\"twitter:card\" content=\"summary\" \/>\n<meta name=\"twitter:site\" content=\"@dinn_ucsc\" \/>\n<meta name=\"twitter:label1\" content=\"Tiempo de lectura\" \/>\n\t<meta name=\"twitter:data1\" content=\"4 minutos\" \/>\n<script type=\"application\/ld+json\" class=\"yoast-schema-graph\">{\"@context\":\"https:\/\/schema.org\",\"@graph\":[{\"@type\":\"WebSite\",\"@id\":\"https:\/\/dinn.ucsc.cl\/#website\",\"url\":\"https:\/\/dinn.ucsc.cl\/\",\"name\":\"Direcci\u00f3n de Innovaci\u00f3n UCSC\",\"description\":\"Direcci\u00f3n de Innovaci\u00f3n\",\"potentialAction\":[{\"@type\":\"SearchAction\",\"target\":{\"@type\":\"EntryPoint\",\"urlTemplate\":\"https:\/\/dinn.ucsc.cl\/?s={search_term_string}\"},\"query-input\":\"required name=search_term_string\"}],\"inLanguage\":\"es\"},{\"@type\":\"ImageObject\",\"inLanguage\":\"es\",\"@id\":\"https:\/\/dinn.ucsc.cl\/index.php\/laboratorio-de-electromovilidad\/#primaryimage\",\"url\":\"https:\/\/sitios.ucsc.cl\/ott\/wp-content\/uploads\/sites\/15\/2022\/09\/HEADER_CU_3_N.png\",\"contentUrl\":\"https:\/\/sitios.ucsc.cl\/ott\/wp-content\/uploads\/sites\/15\/2022\/09\/HEADER_CU_3_N.png\"},{\"@type\":\"WebPage\",\"@id\":\"https:\/\/dinn.ucsc.cl\/index.php\/laboratorio-de-electromovilidad\/#webpage\",\"url\":\"https:\/\/dinn.ucsc.cl\/index.php\/laboratorio-de-electromovilidad\/\",\"name\":\"Laboratorio de Electromovilidad -\",\"isPartOf\":{\"@id\":\"https:\/\/dinn.ucsc.cl\/#website\"},\"primaryImageOfPage\":{\"@id\":\"https:\/\/dinn.ucsc.cl\/index.php\/laboratorio-de-electromovilidad\/#primaryimage\"},\"datePublished\":\"2022-11-29T02:13:22+00:00\",\"dateModified\":\"2024-01-25T13:22:20+00:00\",\"breadcrumb\":{\"@id\":\"https:\/\/dinn.ucsc.cl\/index.php\/laboratorio-de-electromovilidad\/#breadcrumb\"},\"inLanguage\":\"es\",\"potentialAction\":[{\"@type\":\"ReadAction\",\"target\":[\"https:\/\/dinn.ucsc.cl\/index.php\/laboratorio-de-electromovilidad\/\"]}]},{\"@type\":\"BreadcrumbList\",\"@id\":\"https:\/\/dinn.ucsc.cl\/index.php\/laboratorio-de-electromovilidad\/#breadcrumb\",\"itemListElement\":[{\"@type\":\"ListItem\",\"position\":1,\"name\":\"Inicio\",\"item\":\"https:\/\/dinn.ucsc.cl\/\"},{\"@type\":\"ListItem\",\"position\":2,\"name\":\"Laboratorio de Electromovilidad\"}]}]}<\/script>\n<!-- \/ Yoast SEO plugin. -->","yoast_head_json":{"title":"Laboratorio de Electromovilidad -","robots":{"index":"index","follow":"follow","max-snippet":"max-snippet:-1","max-image-preview":"max-image-preview:large","max-video-preview":"max-video-preview:-1"},"canonical":"https:\/\/dinn.ucsc.cl\/index.php\/laboratorio-de-electromovilidad\/","og_locale":"es_ES","og_type":"article","og_title":"Laboratorio de Electromovilidad -","og_description":"Descripci\u00f3n Aborda las distintas aristas de electromovilidad industrial para la regi\u00f3n del Biob\u00edo, proporcionando datos e informaci\u00f3n de operaci\u00f3n de equipos industriales en la regi\u00f3n, respecto a su desempe\u00f1o real y nominal en condiciones ambientales del entorno. Dependencia Edificio de Investigaci\u00f3n e Innovaci\u00f3n &#8211; VRIP UCSC. Director(a) responsable Dr. Ricardo Lizana Fuentes. Dr. Guillermo Ram\u00edrez [&hellip;]","og_url":"https:\/\/dinn.ucsc.cl\/index.php\/laboratorio-de-electromovilidad\/","article_publisher":"https:\/\/m.facebook.com\/DINNUCSC","article_modified_time":"2024-01-25T13:22:20+00:00","og_image":[{"url":"https:\/\/sitios.ucsc.cl\/ott\/wp-content\/uploads\/sites\/15\/2022\/09\/HEADER_CU_3_N.png"}],"twitter_card":"summary","twitter_site":"@dinn_ucsc","twitter_misc":{"Tiempo de lectura":"4 minutos"},"schema":{"@context":"https:\/\/schema.org","@graph":[{"@type":"WebSite","@id":"https:\/\/dinn.ucsc.cl\/#website","url":"https:\/\/dinn.ucsc.cl\/","name":"Direcci\u00f3n de Innovaci\u00f3n UCSC","description":"Direcci\u00f3n de Innovaci\u00f3n","potentialAction":[{"@type":"SearchAction","target":{"@type":"EntryPoint","urlTemplate":"https:\/\/dinn.ucsc.cl\/?s={search_term_string}"},"query-input":"required name=search_term_string"}],"inLanguage":"es"},{"@type":"ImageObject","inLanguage":"es","@id":"https:\/\/dinn.ucsc.cl\/index.php\/laboratorio-de-electromovilidad\/#primaryimage","url":"https:\/\/sitios.ucsc.cl\/ott\/wp-content\/uploads\/sites\/15\/2022\/09\/HEADER_CU_3_N.png","contentUrl":"https:\/\/sitios.ucsc.cl\/ott\/wp-content\/uploads\/sites\/15\/2022\/09\/HEADER_CU_3_N.png"},{"@type":"WebPage","@id":"https:\/\/dinn.ucsc.cl\/index.php\/laboratorio-de-electromovilidad\/#webpage","url":"https:\/\/dinn.ucsc.cl\/index.php\/laboratorio-de-electromovilidad\/","name":"Laboratorio de Electromovilidad -","isPartOf":{"@id":"https:\/\/dinn.ucsc.cl\/#website"},"primaryImageOfPage":{"@id":"https:\/\/dinn.ucsc.cl\/index.php\/laboratorio-de-electromovilidad\/#primaryimage"},"datePublished":"2022-11-29T02:13:22+00:00","dateModified":"2024-01-25T13:22:20+00:00","breadcrumb":{"@id":"https:\/\/dinn.ucsc.cl\/index.php\/laboratorio-de-electromovilidad\/#breadcrumb"},"inLanguage":"es","potentialAction":[{"@type":"ReadAction","target":["https:\/\/dinn.ucsc.cl\/index.php\/laboratorio-de-electromovilidad\/"]}]},{"@type":"BreadcrumbList","@id":"https:\/\/dinn.ucsc.cl\/index.php\/laboratorio-de-electromovilidad\/#breadcrumb","itemListElement":[{"@type":"ListItem","position":1,"name":"Inicio","item":"https:\/\/dinn.ucsc.cl\/"},{"@type":"ListItem","position":2,"name":"Laboratorio de Electromovilidad"}]}]}},"_links":{"self":[{"href":"https:\/\/dinn.ucsc.cl\/index.php\/wp-json\/wp\/v2\/pages\/4243"}],"collection":[{"href":"https:\/\/dinn.ucsc.cl\/index.php\/wp-json\/wp\/v2\/pages"}],"about":[{"href":"https:\/\/dinn.ucsc.cl\/index.php\/wp-json\/wp\/v2\/types\/page"}],"author":[{"embeddable":true,"href":"https:\/\/dinn.ucsc.cl\/index.php\/wp-json\/wp\/v2\/users\/84"}],"replies":[{"embeddable":true,"href":"https:\/\/dinn.ucsc.cl\/index.php\/wp-json\/wp\/v2\/comments?post=4243"}],"version-history":[{"count":5,"href":"https:\/\/dinn.ucsc.cl\/index.php\/wp-json\/wp\/v2\/pages\/4243\/revisions"}],"predecessor-version":[{"id":5723,"href":"https:\/\/dinn.ucsc.cl\/index.php\/wp-json\/wp\/v2\/pages\/4243\/revisions\/5723"}],"wp:attachment":[{"href":"https:\/\/dinn.ucsc.cl\/index.php\/wp-json\/wp\/v2\/media?parent=4243"}],"curies":[{"name":"wp","href":"https:\/\/api.w.org\/{rel}","templated":true}]}}