{"id":4247,"date":"2022-11-28T23:24:45","date_gmt":"2022-11-29T02:24:45","guid":{"rendered":"https:\/\/dinn.ucsc.cl\/?page_id=4247"},"modified":"2022-11-28T23:24:45","modified_gmt":"2022-11-29T02:24:45","slug":"sistema-inteligente-para-la-gestion-de-precios-en-empresas-de-servicios","status":"publish","type":"page","link":"https:\/\/dinn.ucsc.cl\/index.php\/sistema-inteligente-para-la-gestion-de-precios-en-empresas-de-servicios\/","title":{"rendered":"Sistema inteligente para la gesti\u00f3n de precios en empresas de servicios"},"content":{"rendered":"<table class=\" alignleft\">\n<tbody>\n<tr>\n<td style=\"width: 741px\" colspan=\"4\"><img loading=\"lazy\" class=\"aligncenter wp-image-2462 size-full\" src=\"https:\/\/sitios.ucsc.cl\/ott\/wp-content\/uploads\/sites\/15\/2022\/06\/OTT_SAE_2_HEADER.png\" alt=\"\" width=\"950\" height=\"194\" \/><\/td>\n<\/tr>\n<tr>\n<td style=\"width: 63px\"><\/td>\n<td style=\"width: 77px\"><img loading=\"lazy\" class=\"aligncenter wp-image-2182 size-full\" src=\"https:\/\/sitios.ucsc.cl\/ott\/wp-content\/uploads\/sites\/15\/2022\/06\/OTT_SAE_1.png\" alt=\"\" width=\"50\" height=\"50\" \/><\/td>\n<td style=\"width: 598px\">&nbsp;<\/p>\n<p>Sistema Inteligente para la gesti\u00f3n de precios en empresas de servicios, que consiste en:<\/p>\n<p>&nbsp;<\/p>\n<p>\u2022\u00a0 Diagn\u00f3stico de la pol\u00edtica de gesti\u00f3n de precios actual.<br \/>\n\u2022\u00a0 Propuesta que optimice la maximizaci\u00f3n de los ingresos.<br \/>\n\u2022\u00a0 Implementaci\u00f3n de la propuesta.<br \/>\n\u2022\u00a0 Seguimiento de la implementaci\u00f3n.<\/td>\n<td style=\"width: 3px\"><\/td>\n<\/tr>\n<tr>\n<td style=\"width: 63px\"><\/td>\n<td style=\"width: 77px\"><\/td>\n<td style=\"width: 598px\">&nbsp;<\/p>\n<p>Estas soluciones cumplen con 3 condiciones: son a medida, en un ambiente amigable con el usuario (no complejas), acompa\u00f1amiento y seguimiento adecuado para una exitosa implementaci\u00f3n.<br \/>\nSe incluye taller que permitir\u00e1 incrementar las capacidades de innovaci\u00f3n en la empresa. El \u00e1mbito de acci\u00f3n incluye: sistema inteligente que permite fijar precios con el fin de maximizar las utilidades.<\/td>\n<td style=\"width: 3px\"><\/td>\n<\/tr>\n<tr>\n<td style=\"width: 63px\"><\/td>\n<td style=\"width: 675px\" colspan=\"2\">&nbsp;<\/p>\n<p><a href=\"https:\/\/sitios.ucsc.cl\/ott\/wp-content\/uploads\/sites\/15\/2022\/06\/OTT_SAE_2.pdf\"><img loading=\"lazy\" class=\"aligncenter wp-image-2220 size-medium\" src=\"https:\/\/sitios.ucsc.cl\/ott\/wp-content\/uploads\/sites\/15\/2022\/06\/Bot\u00f3n-descarga-300x61.png\" alt=\"\" width=\"300\" height=\"61\" \/><\/a><\/p>\n<p>&nbsp;<\/p>\n<p>&nbsp;<\/td>\n<td style=\"width: 3px\"><\/td>\n<\/tr>\n<tr>\n<td style=\"width: 741px\" colspan=\"4\"><img loading=\"lazy\" class=\"aligncenter size-full wp-image-3032\" src=\"https:\/\/sitios.ucsc.cl\/ott\/wp-content\/uploads\/sites\/15\/2022\/08\/Banner-4.png\" alt=\"\" width=\"950\" height=\"108\" \/><\/td>\n<\/tr>\n<\/tbody>\n<\/table>\n","protected":false},"excerpt":{"rendered":"<p>&nbsp; Sistema Inteligente para la gesti\u00f3n de precios en empresas de servicios, que consiste en: &nbsp; \u2022\u00a0 Diagn\u00f3stico de la pol\u00edtica de gesti\u00f3n de precios actual. \u2022\u00a0 Propuesta que optimice la maximizaci\u00f3n de los ingresos. \u2022\u00a0 Implementaci\u00f3n de la propuesta. \u2022\u00a0 Seguimiento de la implementaci\u00f3n. &nbsp; Estas soluciones cumplen con 3 condiciones: son a medida, [&hellip;]<\/p>\n","protected":false},"author":84,"featured_media":0,"parent":0,"menu_order":0,"comment_status":"closed","ping_status":"closed","template":"","meta":[],"yoast_head":"<!-- This site is optimized with the Yoast SEO plugin v18.9 - https:\/\/yoast.com\/wordpress\/plugins\/seo\/ -->\n<title>Sistema inteligente para la gesti\u00f3n de precios en empresas de servicios -<\/title>\n<meta name=\"robots\" content=\"index, follow, max-snippet:-1, max-image-preview:large, max-video-preview:-1\" \/>\n<link rel=\"canonical\" href=\"https:\/\/dinn.ucsc.cl\/index.php\/sistema-inteligente-para-la-gestion-de-precios-en-empresas-de-servicios\/\" \/>\n<meta property=\"og:locale\" content=\"es_ES\" \/>\n<meta property=\"og:type\" content=\"article\" \/>\n<meta property=\"og:title\" content=\"Sistema inteligente para la gesti\u00f3n de precios en empresas de servicios -\" \/>\n<meta property=\"og:description\" content=\"&nbsp; Sistema Inteligente para la gesti\u00f3n de precios en empresas de servicios, que consiste en: &nbsp; \u2022\u00a0 Diagn\u00f3stico de la pol\u00edtica de gesti\u00f3n de precios actual. \u2022\u00a0 Propuesta que optimice la maximizaci\u00f3n de los ingresos. \u2022\u00a0 Implementaci\u00f3n de la propuesta. \u2022\u00a0 Seguimiento de la implementaci\u00f3n. &nbsp; Estas soluciones cumplen con 3 condiciones: son a medida, [&hellip;]\" \/>\n<meta property=\"og:url\" content=\"https:\/\/dinn.ucsc.cl\/index.php\/sistema-inteligente-para-la-gestion-de-precios-en-empresas-de-servicios\/\" \/>\n<meta property=\"article:publisher\" content=\"https:\/\/m.facebook.com\/DINNUCSC\" \/>\n<meta property=\"og:image\" content=\"https:\/\/sitios.ucsc.cl\/ott\/wp-content\/uploads\/sites\/15\/2022\/06\/OTT_SAE_2_HEADER.png\" \/>\n<meta name=\"twitter:card\" content=\"summary\" \/>\n<meta name=\"twitter:site\" content=\"@dinn_ucsc\" \/>\n<meta name=\"twitter:label1\" content=\"Tiempo de lectura\" \/>\n\t<meta name=\"twitter:data1\" content=\"1 minuto\" \/>\n<script type=\"application\/ld+json\" class=\"yoast-schema-graph\">{\"@context\":\"https:\/\/schema.org\",\"@graph\":[{\"@type\":\"WebSite\",\"@id\":\"https:\/\/dinn.ucsc.cl\/#website\",\"url\":\"https:\/\/dinn.ucsc.cl\/\",\"name\":\"Direcci\u00f3n de Innovaci\u00f3n UCSC\",\"description\":\"Direcci\u00f3n de Innovaci\u00f3n\",\"potentialAction\":[{\"@type\":\"SearchAction\",\"target\":{\"@type\":\"EntryPoint\",\"urlTemplate\":\"https:\/\/dinn.ucsc.cl\/?s={search_term_string}\"},\"query-input\":\"required name=search_term_string\"}],\"inLanguage\":\"es\"},{\"@type\":\"ImageObject\",\"inLanguage\":\"es\",\"@id\":\"https:\/\/dinn.ucsc.cl\/index.php\/sistema-inteligente-para-la-gestion-de-precios-en-empresas-de-servicios\/#primaryimage\",\"url\":\"https:\/\/sitios.ucsc.cl\/ott\/wp-content\/uploads\/sites\/15\/2022\/06\/OTT_SAE_2_HEADER.png\",\"contentUrl\":\"https:\/\/sitios.ucsc.cl\/ott\/wp-content\/uploads\/sites\/15\/2022\/06\/OTT_SAE_2_HEADER.png\"},{\"@type\":\"WebPage\",\"@id\":\"https:\/\/dinn.ucsc.cl\/index.php\/sistema-inteligente-para-la-gestion-de-precios-en-empresas-de-servicios\/#webpage\",\"url\":\"https:\/\/dinn.ucsc.cl\/index.php\/sistema-inteligente-para-la-gestion-de-precios-en-empresas-de-servicios\/\",\"name\":\"Sistema inteligente para la gesti\u00f3n de precios en empresas de servicios -\",\"isPartOf\":{\"@id\":\"https:\/\/dinn.ucsc.cl\/#website\"},\"primaryImageOfPage\":{\"@id\":\"https:\/\/dinn.ucsc.cl\/index.php\/sistema-inteligente-para-la-gestion-de-precios-en-empresas-de-servicios\/#primaryimage\"},\"datePublished\":\"2022-11-29T02:24:45+00:00\",\"dateModified\":\"2022-11-29T02:24:45+00:00\",\"breadcrumb\":{\"@id\":\"https:\/\/dinn.ucsc.cl\/index.php\/sistema-inteligente-para-la-gestion-de-precios-en-empresas-de-servicios\/#breadcrumb\"},\"inLanguage\":\"es\",\"potentialAction\":[{\"@type\":\"ReadAction\",\"target\":[\"https:\/\/dinn.ucsc.cl\/index.php\/sistema-inteligente-para-la-gestion-de-precios-en-empresas-de-servicios\/\"]}]},{\"@type\":\"BreadcrumbList\",\"@id\":\"https:\/\/dinn.ucsc.cl\/index.php\/sistema-inteligente-para-la-gestion-de-precios-en-empresas-de-servicios\/#breadcrumb\",\"itemListElement\":[{\"@type\":\"ListItem\",\"position\":1,\"name\":\"Inicio\",\"item\":\"https:\/\/dinn.ucsc.cl\/\"},{\"@type\":\"ListItem\",\"position\":2,\"name\":\"Sistema inteligente para la gesti\u00f3n de precios en empresas de servicios\"}]}]}<\/script>\n<!-- \/ Yoast SEO plugin. -->","yoast_head_json":{"title":"Sistema inteligente para la gesti\u00f3n de precios en empresas de servicios -","robots":{"index":"index","follow":"follow","max-snippet":"max-snippet:-1","max-image-preview":"max-image-preview:large","max-video-preview":"max-video-preview:-1"},"canonical":"https:\/\/dinn.ucsc.cl\/index.php\/sistema-inteligente-para-la-gestion-de-precios-en-empresas-de-servicios\/","og_locale":"es_ES","og_type":"article","og_title":"Sistema inteligente para la gesti\u00f3n de precios en empresas de servicios -","og_description":"&nbsp; Sistema Inteligente para la gesti\u00f3n de precios en empresas de servicios, que consiste en: &nbsp; \u2022\u00a0 Diagn\u00f3stico de la pol\u00edtica de gesti\u00f3n de precios actual. \u2022\u00a0 Propuesta que optimice la maximizaci\u00f3n de los ingresos. \u2022\u00a0 Implementaci\u00f3n de la propuesta. \u2022\u00a0 Seguimiento de la implementaci\u00f3n. &nbsp; Estas soluciones cumplen con 3 condiciones: son a medida, [&hellip;]","og_url":"https:\/\/dinn.ucsc.cl\/index.php\/sistema-inteligente-para-la-gestion-de-precios-en-empresas-de-servicios\/","article_publisher":"https:\/\/m.facebook.com\/DINNUCSC","og_image":[{"url":"https:\/\/sitios.ucsc.cl\/ott\/wp-content\/uploads\/sites\/15\/2022\/06\/OTT_SAE_2_HEADER.png"}],"twitter_card":"summary","twitter_site":"@dinn_ucsc","twitter_misc":{"Tiempo de lectura":"1 minuto"},"schema":{"@context":"https:\/\/schema.org","@graph":[{"@type":"WebSite","@id":"https:\/\/dinn.ucsc.cl\/#website","url":"https:\/\/dinn.ucsc.cl\/","name":"Direcci\u00f3n de Innovaci\u00f3n UCSC","description":"Direcci\u00f3n de Innovaci\u00f3n","potentialAction":[{"@type":"SearchAction","target":{"@type":"EntryPoint","urlTemplate":"https:\/\/dinn.ucsc.cl\/?s={search_term_string}"},"query-input":"required name=search_term_string"}],"inLanguage":"es"},{"@type":"ImageObject","inLanguage":"es","@id":"https:\/\/dinn.ucsc.cl\/index.php\/sistema-inteligente-para-la-gestion-de-precios-en-empresas-de-servicios\/#primaryimage","url":"https:\/\/sitios.ucsc.cl\/ott\/wp-content\/uploads\/sites\/15\/2022\/06\/OTT_SAE_2_HEADER.png","contentUrl":"https:\/\/sitios.ucsc.cl\/ott\/wp-content\/uploads\/sites\/15\/2022\/06\/OTT_SAE_2_HEADER.png"},{"@type":"WebPage","@id":"https:\/\/dinn.ucsc.cl\/index.php\/sistema-inteligente-para-la-gestion-de-precios-en-empresas-de-servicios\/#webpage","url":"https:\/\/dinn.ucsc.cl\/index.php\/sistema-inteligente-para-la-gestion-de-precios-en-empresas-de-servicios\/","name":"Sistema inteligente para la gesti\u00f3n de precios en empresas de servicios -","isPartOf":{"@id":"https:\/\/dinn.ucsc.cl\/#website"},"primaryImageOfPage":{"@id":"https:\/\/dinn.ucsc.cl\/index.php\/sistema-inteligente-para-la-gestion-de-precios-en-empresas-de-servicios\/#primaryimage"},"datePublished":"2022-11-29T02:24:45+00:00","dateModified":"2022-11-29T02:24:45+00:00","breadcrumb":{"@id":"https:\/\/dinn.ucsc.cl\/index.php\/sistema-inteligente-para-la-gestion-de-precios-en-empresas-de-servicios\/#breadcrumb"},"inLanguage":"es","potentialAction":[{"@type":"ReadAction","target":["https:\/\/dinn.ucsc.cl\/index.php\/sistema-inteligente-para-la-gestion-de-precios-en-empresas-de-servicios\/"]}]},{"@type":"BreadcrumbList","@id":"https:\/\/dinn.ucsc.cl\/index.php\/sistema-inteligente-para-la-gestion-de-precios-en-empresas-de-servicios\/#breadcrumb","itemListElement":[{"@type":"ListItem","position":1,"name":"Inicio","item":"https:\/\/dinn.ucsc.cl\/"},{"@type":"ListItem","position":2,"name":"Sistema inteligente para la gesti\u00f3n de precios en empresas de servicios"}]}]}},"_links":{"self":[{"href":"https:\/\/dinn.ucsc.cl\/index.php\/wp-json\/wp\/v2\/pages\/4247"}],"collection":[{"href":"https:\/\/dinn.ucsc.cl\/index.php\/wp-json\/wp\/v2\/pages"}],"about":[{"href":"https:\/\/dinn.ucsc.cl\/index.php\/wp-json\/wp\/v2\/types\/page"}],"author":[{"embeddable":true,"href":"https:\/\/dinn.ucsc.cl\/index.php\/wp-json\/wp\/v2\/users\/84"}],"replies":[{"embeddable":true,"href":"https:\/\/dinn.ucsc.cl\/index.php\/wp-json\/wp\/v2\/comments?post=4247"}],"version-history":[{"count":1,"href":"https:\/\/dinn.ucsc.cl\/index.php\/wp-json\/wp\/v2\/pages\/4247\/revisions"}],"predecessor-version":[{"id":4248,"href":"https:\/\/dinn.ucsc.cl\/index.php\/wp-json\/wp\/v2\/pages\/4247\/revisions\/4248"}],"wp:attachment":[{"href":"https:\/\/dinn.ucsc.cl\/index.php\/wp-json\/wp\/v2\/media?parent=4247"}],"curies":[{"name":"wp","href":"https:\/\/api.w.org\/{rel}","templated":true}]}}