{"id":4249,"date":"2022-11-28T23:25:11","date_gmt":"2022-11-29T02:25:11","guid":{"rendered":"https:\/\/dinn.ucsc.cl\/?page_id=4249"},"modified":"2022-11-28T23:25:11","modified_gmt":"2022-11-29T02:25:11","slug":"mejorar-la-gama-de-los-bienes-y-servicios-a-traves-de-un-diagnostico-de-capacidades-para-innovar-y-una-propuesta-de-implementacion-de-un-sistema-de-gestion-de-la-innovacion-abierta-para-pymes","status":"publish","type":"page","link":"https:\/\/dinn.ucsc.cl\/index.php\/mejorar-la-gama-de-los-bienes-y-servicios-a-traves-de-un-diagnostico-de-capacidades-para-innovar-y-una-propuesta-de-implementacion-de-un-sistema-de-gestion-de-la-innovacion-abierta-para-pymes\/","title":{"rendered":"Mejorar la gama de los bienes y servicios a trav\u00e9s de un diagn\u00f3stico de capacidades para innovar y una propuesta de implementaci\u00f3n de un sistema de gesti\u00f3n de la innovaci\u00f3n abierta para PYMES"},"content":{"rendered":"<table class=\" alignleft\">\n<tbody>\n<tr>\n<td style=\"width: 740px\" colspan=\"4\"><img loading=\"lazy\" class=\"aligncenter wp-image-2465 size-full\" src=\"https:\/\/sitios.ucsc.cl\/ott\/wp-content\/uploads\/sites\/15\/2022\/06\/OTT_SAE_3_HEADER.png\" alt=\"\" width=\"950\" height=\"194\" \/><\/td>\n<\/tr>\n<tr>\n<td style=\"width: 66px\"><\/td>\n<td style=\"width: 76px\"><img loading=\"lazy\" class=\"aligncenter wp-image-2182 size-full\" src=\"https:\/\/sitios.ucsc.cl\/ott\/wp-content\/uploads\/sites\/15\/2022\/06\/OTT_SAE_1.png\" alt=\"\" width=\"50\" height=\"50\" \/><\/td>\n<td style=\"width: 595px\">&nbsp;<\/p>\n<p>\u2022\u00a0 Proponer un plan de implementaci\u00f3n de un sistema de gesti\u00f3n de la innovaci\u00f3n abierta para PYMES.<br \/>\n\u2022\u00a0 Diagnosticar las capacidades para innovar.<br \/>\n\u2022\u00a0 Definir una estrategia para la implementaci\u00f3n de un sistema de gesti\u00f3n de la innovaci\u00f3n.<br \/>\n\u2022\u00a0 Sensibilizar y generar ideas con potencial de mejorar la gama de bienes y servicios.<br \/>\n\u2022\u00a0 Definir cartera de proyectos con alto potencial para mejorar la gama de bienes y servicios.<\/td>\n<td style=\"width: 3px\"><\/td>\n<\/tr>\n<tr>\n<td style=\"width: 66px\"><\/td>\n<td style=\"width: 76px\"><\/td>\n<td style=\"width: 595px\"><a href=\"https:\/\/sitios.ucsc.cl\/ott\/wp-content\/uploads\/sites\/15\/2022\/06\/OTT_SAE_3.pdf\"><img loading=\"lazy\" class=\"wp-image-2220 size-medium aligncenter\" src=\"https:\/\/sitios.ucsc.cl\/ott\/wp-content\/uploads\/sites\/15\/2022\/06\/Bot\u00f3n-descarga-300x61.png\" alt=\"\" width=\"300\" height=\"61\" \/><\/a><\/p>\n<p>&nbsp;<\/td>\n<td style=\"width: 3px\"><\/td>\n<\/tr>\n<tr>\n<td style=\"width: 740px\" colspan=\"4\"><img loading=\"lazy\" class=\"aligncenter size-full wp-image-3032\" src=\"https:\/\/sitios.ucsc.cl\/ott\/wp-content\/uploads\/sites\/15\/2022\/08\/Banner-4.png\" alt=\"\" width=\"950\" height=\"108\" \/><\/td>\n<\/tr>\n<\/tbody>\n<\/table>\n","protected":false},"excerpt":{"rendered":"<p>&nbsp; \u2022\u00a0 Proponer un plan de implementaci\u00f3n de un sistema de gesti\u00f3n de la innovaci\u00f3n abierta para PYMES. \u2022\u00a0 Diagnosticar las capacidades para innovar. \u2022\u00a0 Definir una estrategia para la implementaci\u00f3n de un sistema de gesti\u00f3n de la innovaci\u00f3n. \u2022\u00a0 Sensibilizar y generar ideas con potencial de mejorar la gama de bienes y servicios. \u2022\u00a0 [&hellip;]<\/p>\n","protected":false},"author":84,"featured_media":0,"parent":0,"menu_order":0,"comment_status":"closed","ping_status":"closed","template":"","meta":[],"yoast_head":"<!-- This site is optimized with the Yoast SEO plugin v18.9 - https:\/\/yoast.com\/wordpress\/plugins\/seo\/ -->\n<title>Mejorar la gama de los bienes y servicios a trav\u00e9s de un diagn\u00f3stico de capacidades para innovar y una propuesta de implementaci\u00f3n de un sistema de gesti\u00f3n de la innovaci\u00f3n abierta para PYMES -<\/title>\n<meta name=\"robots\" content=\"index, follow, max-snippet:-1, max-image-preview:large, max-video-preview:-1\" \/>\n<link rel=\"canonical\" href=\"https:\/\/dinn.ucsc.cl\/index.php\/mejorar-la-gama-de-los-bienes-y-servicios-a-traves-de-un-diagnostico-de-capacidades-para-innovar-y-una-propuesta-de-implementacion-de-un-sistema-de-gestion-de-la-innovacion-abierta-para-pymes\/\" \/>\n<meta property=\"og:locale\" content=\"es_ES\" \/>\n<meta property=\"og:type\" content=\"article\" \/>\n<meta property=\"og:title\" content=\"Mejorar la gama de los bienes y servicios a trav\u00e9s de un diagn\u00f3stico de capacidades para innovar y una propuesta de implementaci\u00f3n de un sistema de gesti\u00f3n de la innovaci\u00f3n abierta para PYMES -\" \/>\n<meta property=\"og:description\" content=\"&nbsp; \u2022\u00a0 Proponer un plan de implementaci\u00f3n de un sistema de gesti\u00f3n de la innovaci\u00f3n abierta para PYMES. \u2022\u00a0 Diagnosticar las capacidades para innovar. \u2022\u00a0 Definir una estrategia para la implementaci\u00f3n de un sistema de gesti\u00f3n de la innovaci\u00f3n. \u2022\u00a0 Sensibilizar y generar ideas con potencial de mejorar la gama de bienes y servicios. \u2022\u00a0 [&hellip;]\" \/>\n<meta property=\"og:url\" content=\"https:\/\/dinn.ucsc.cl\/index.php\/mejorar-la-gama-de-los-bienes-y-servicios-a-traves-de-un-diagnostico-de-capacidades-para-innovar-y-una-propuesta-de-implementacion-de-un-sistema-de-gestion-de-la-innovacion-abierta-para-pymes\/\" \/>\n<meta property=\"article:publisher\" content=\"https:\/\/m.facebook.com\/DINNUCSC\" \/>\n<meta property=\"og:image\" content=\"https:\/\/sitios.ucsc.cl\/ott\/wp-content\/uploads\/sites\/15\/2022\/06\/OTT_SAE_3_HEADER.png\" \/>\n<meta name=\"twitter:card\" content=\"summary\" \/>\n<meta name=\"twitter:site\" content=\"@dinn_ucsc\" \/>\n<script type=\"application\/ld+json\" class=\"yoast-schema-graph\">{\"@context\":\"https:\/\/schema.org\",\"@graph\":[{\"@type\":\"WebSite\",\"@id\":\"https:\/\/dinn.ucsc.cl\/#website\",\"url\":\"https:\/\/dinn.ucsc.cl\/\",\"name\":\"Direcci\u00f3n de Innovaci\u00f3n UCSC\",\"description\":\"Direcci\u00f3n de Innovaci\u00f3n\",\"potentialAction\":[{\"@type\":\"SearchAction\",\"target\":{\"@type\":\"EntryPoint\",\"urlTemplate\":\"https:\/\/dinn.ucsc.cl\/?s={search_term_string}\"},\"query-input\":\"required name=search_term_string\"}],\"inLanguage\":\"es\"},{\"@type\":\"ImageObject\",\"inLanguage\":\"es\",\"@id\":\"https:\/\/dinn.ucsc.cl\/index.php\/mejorar-la-gama-de-los-bienes-y-servicios-a-traves-de-un-diagnostico-de-capacidades-para-innovar-y-una-propuesta-de-implementacion-de-un-sistema-de-gestion-de-la-innovacion-abierta-para-pymes\/#primaryimage\",\"url\":\"https:\/\/sitios.ucsc.cl\/ott\/wp-content\/uploads\/sites\/15\/2022\/06\/OTT_SAE_3_HEADER.png\",\"contentUrl\":\"https:\/\/sitios.ucsc.cl\/ott\/wp-content\/uploads\/sites\/15\/2022\/06\/OTT_SAE_3_HEADER.png\"},{\"@type\":\"WebPage\",\"@id\":\"https:\/\/dinn.ucsc.cl\/index.php\/mejorar-la-gama-de-los-bienes-y-servicios-a-traves-de-un-diagnostico-de-capacidades-para-innovar-y-una-propuesta-de-implementacion-de-un-sistema-de-gestion-de-la-innovacion-abierta-para-pymes\/#webpage\",\"url\":\"https:\/\/dinn.ucsc.cl\/index.php\/mejorar-la-gama-de-los-bienes-y-servicios-a-traves-de-un-diagnostico-de-capacidades-para-innovar-y-una-propuesta-de-implementacion-de-un-sistema-de-gestion-de-la-innovacion-abierta-para-pymes\/\",\"name\":\"Mejorar la gama de los bienes y servicios a trav\u00e9s de un diagn\u00f3stico de capacidades para innovar y una propuesta de implementaci\u00f3n de un sistema de gesti\u00f3n de la innovaci\u00f3n abierta para PYMES -\",\"isPartOf\":{\"@id\":\"https:\/\/dinn.ucsc.cl\/#website\"},\"primaryImageOfPage\":{\"@id\":\"https:\/\/dinn.ucsc.cl\/index.php\/mejorar-la-gama-de-los-bienes-y-servicios-a-traves-de-un-diagnostico-de-capacidades-para-innovar-y-una-propuesta-de-implementacion-de-un-sistema-de-gestion-de-la-innovacion-abierta-para-pymes\/#primaryimage\"},\"datePublished\":\"2022-11-29T02:25:11+00:00\",\"dateModified\":\"2022-11-29T02:25:11+00:00\",\"breadcrumb\":{\"@id\":\"https:\/\/dinn.ucsc.cl\/index.php\/mejorar-la-gama-de-los-bienes-y-servicios-a-traves-de-un-diagnostico-de-capacidades-para-innovar-y-una-propuesta-de-implementacion-de-un-sistema-de-gestion-de-la-innovacion-abierta-para-pymes\/#breadcrumb\"},\"inLanguage\":\"es\",\"potentialAction\":[{\"@type\":\"ReadAction\",\"target\":[\"https:\/\/dinn.ucsc.cl\/index.php\/mejorar-la-gama-de-los-bienes-y-servicios-a-traves-de-un-diagnostico-de-capacidades-para-innovar-y-una-propuesta-de-implementacion-de-un-sistema-de-gestion-de-la-innovacion-abierta-para-pymes\/\"]}]},{\"@type\":\"BreadcrumbList\",\"@id\":\"https:\/\/dinn.ucsc.cl\/index.php\/mejorar-la-gama-de-los-bienes-y-servicios-a-traves-de-un-diagnostico-de-capacidades-para-innovar-y-una-propuesta-de-implementacion-de-un-sistema-de-gestion-de-la-innovacion-abierta-para-pymes\/#breadcrumb\",\"itemListElement\":[{\"@type\":\"ListItem\",\"position\":1,\"name\":\"Inicio\",\"item\":\"https:\/\/dinn.ucsc.cl\/\"},{\"@type\":\"ListItem\",\"position\":2,\"name\":\"Mejorar la gama de los bienes y servicios a trav\u00e9s de un diagn\u00f3stico de capacidades para innovar y una propuesta de implementaci\u00f3n de un sistema de gesti\u00f3n de la innovaci\u00f3n abierta para PYMES\"}]}]}<\/script>\n<!-- \/ Yoast SEO plugin. -->","yoast_head_json":{"title":"Mejorar la gama de los bienes y servicios a trav\u00e9s de un diagn\u00f3stico de capacidades para innovar y una propuesta de implementaci\u00f3n de un sistema de gesti\u00f3n de la innovaci\u00f3n abierta para PYMES -","robots":{"index":"index","follow":"follow","max-snippet":"max-snippet:-1","max-image-preview":"max-image-preview:large","max-video-preview":"max-video-preview:-1"},"canonical":"https:\/\/dinn.ucsc.cl\/index.php\/mejorar-la-gama-de-los-bienes-y-servicios-a-traves-de-un-diagnostico-de-capacidades-para-innovar-y-una-propuesta-de-implementacion-de-un-sistema-de-gestion-de-la-innovacion-abierta-para-pymes\/","og_locale":"es_ES","og_type":"article","og_title":"Mejorar la gama de los bienes y servicios a trav\u00e9s de un diagn\u00f3stico de capacidades para innovar y una propuesta de implementaci\u00f3n de un sistema de gesti\u00f3n de la innovaci\u00f3n abierta para PYMES -","og_description":"&nbsp; \u2022\u00a0 Proponer un plan de implementaci\u00f3n de un sistema de gesti\u00f3n de la innovaci\u00f3n abierta para PYMES. \u2022\u00a0 Diagnosticar las capacidades para innovar. \u2022\u00a0 Definir una estrategia para la implementaci\u00f3n de un sistema de gesti\u00f3n de la innovaci\u00f3n. \u2022\u00a0 Sensibilizar y generar ideas con potencial de mejorar la gama de bienes y servicios. \u2022\u00a0 [&hellip;]","og_url":"https:\/\/dinn.ucsc.cl\/index.php\/mejorar-la-gama-de-los-bienes-y-servicios-a-traves-de-un-diagnostico-de-capacidades-para-innovar-y-una-propuesta-de-implementacion-de-un-sistema-de-gestion-de-la-innovacion-abierta-para-pymes\/","article_publisher":"https:\/\/m.facebook.com\/DINNUCSC","og_image":[{"url":"https:\/\/sitios.ucsc.cl\/ott\/wp-content\/uploads\/sites\/15\/2022\/06\/OTT_SAE_3_HEADER.png"}],"twitter_card":"summary","twitter_site":"@dinn_ucsc","schema":{"@context":"https:\/\/schema.org","@graph":[{"@type":"WebSite","@id":"https:\/\/dinn.ucsc.cl\/#website","url":"https:\/\/dinn.ucsc.cl\/","name":"Direcci\u00f3n de Innovaci\u00f3n UCSC","description":"Direcci\u00f3n de Innovaci\u00f3n","potentialAction":[{"@type":"SearchAction","target":{"@type":"EntryPoint","urlTemplate":"https:\/\/dinn.ucsc.cl\/?s={search_term_string}"},"query-input":"required name=search_term_string"}],"inLanguage":"es"},{"@type":"ImageObject","inLanguage":"es","@id":"https:\/\/dinn.ucsc.cl\/index.php\/mejorar-la-gama-de-los-bienes-y-servicios-a-traves-de-un-diagnostico-de-capacidades-para-innovar-y-una-propuesta-de-implementacion-de-un-sistema-de-gestion-de-la-innovacion-abierta-para-pymes\/#primaryimage","url":"https:\/\/sitios.ucsc.cl\/ott\/wp-content\/uploads\/sites\/15\/2022\/06\/OTT_SAE_3_HEADER.png","contentUrl":"https:\/\/sitios.ucsc.cl\/ott\/wp-content\/uploads\/sites\/15\/2022\/06\/OTT_SAE_3_HEADER.png"},{"@type":"WebPage","@id":"https:\/\/dinn.ucsc.cl\/index.php\/mejorar-la-gama-de-los-bienes-y-servicios-a-traves-de-un-diagnostico-de-capacidades-para-innovar-y-una-propuesta-de-implementacion-de-un-sistema-de-gestion-de-la-innovacion-abierta-para-pymes\/#webpage","url":"https:\/\/dinn.ucsc.cl\/index.php\/mejorar-la-gama-de-los-bienes-y-servicios-a-traves-de-un-diagnostico-de-capacidades-para-innovar-y-una-propuesta-de-implementacion-de-un-sistema-de-gestion-de-la-innovacion-abierta-para-pymes\/","name":"Mejorar la gama de los bienes y servicios a trav\u00e9s de un diagn\u00f3stico de capacidades para innovar y una propuesta de implementaci\u00f3n de un sistema de gesti\u00f3n de la innovaci\u00f3n abierta para PYMES -","isPartOf":{"@id":"https:\/\/dinn.ucsc.cl\/#website"},"primaryImageOfPage":{"@id":"https:\/\/dinn.ucsc.cl\/index.php\/mejorar-la-gama-de-los-bienes-y-servicios-a-traves-de-un-diagnostico-de-capacidades-para-innovar-y-una-propuesta-de-implementacion-de-un-sistema-de-gestion-de-la-innovacion-abierta-para-pymes\/#primaryimage"},"datePublished":"2022-11-29T02:25:11+00:00","dateModified":"2022-11-29T02:25:11+00:00","breadcrumb":{"@id":"https:\/\/dinn.ucsc.cl\/index.php\/mejorar-la-gama-de-los-bienes-y-servicios-a-traves-de-un-diagnostico-de-capacidades-para-innovar-y-una-propuesta-de-implementacion-de-un-sistema-de-gestion-de-la-innovacion-abierta-para-pymes\/#breadcrumb"},"inLanguage":"es","potentialAction":[{"@type":"ReadAction","target":["https:\/\/dinn.ucsc.cl\/index.php\/mejorar-la-gama-de-los-bienes-y-servicios-a-traves-de-un-diagnostico-de-capacidades-para-innovar-y-una-propuesta-de-implementacion-de-un-sistema-de-gestion-de-la-innovacion-abierta-para-pymes\/"]}]},{"@type":"BreadcrumbList","@id":"https:\/\/dinn.ucsc.cl\/index.php\/mejorar-la-gama-de-los-bienes-y-servicios-a-traves-de-un-diagnostico-de-capacidades-para-innovar-y-una-propuesta-de-implementacion-de-un-sistema-de-gestion-de-la-innovacion-abierta-para-pymes\/#breadcrumb","itemListElement":[{"@type":"ListItem","position":1,"name":"Inicio","item":"https:\/\/dinn.ucsc.cl\/"},{"@type":"ListItem","position":2,"name":"Mejorar la gama de los bienes y servicios a trav\u00e9s de un diagn\u00f3stico de capacidades para innovar y una propuesta de implementaci\u00f3n de un sistema de gesti\u00f3n de la innovaci\u00f3n abierta para PYMES"}]}]}},"_links":{"self":[{"href":"https:\/\/dinn.ucsc.cl\/index.php\/wp-json\/wp\/v2\/pages\/4249"}],"collection":[{"href":"https:\/\/dinn.ucsc.cl\/index.php\/wp-json\/wp\/v2\/pages"}],"about":[{"href":"https:\/\/dinn.ucsc.cl\/index.php\/wp-json\/wp\/v2\/types\/page"}],"author":[{"embeddable":true,"href":"https:\/\/dinn.ucsc.cl\/index.php\/wp-json\/wp\/v2\/users\/84"}],"replies":[{"embeddable":true,"href":"https:\/\/dinn.ucsc.cl\/index.php\/wp-json\/wp\/v2\/comments?post=4249"}],"version-history":[{"count":1,"href":"https:\/\/dinn.ucsc.cl\/index.php\/wp-json\/wp\/v2\/pages\/4249\/revisions"}],"predecessor-version":[{"id":4250,"href":"https:\/\/dinn.ucsc.cl\/index.php\/wp-json\/wp\/v2\/pages\/4249\/revisions\/4250"}],"wp:attachment":[{"href":"https:\/\/dinn.ucsc.cl\/index.php\/wp-json\/wp\/v2\/media?parent=4249"}],"curies":[{"name":"wp","href":"https:\/\/api.w.org\/{rel}","templated":true}]}}