{"id":4251,"date":"2022-11-28T23:25:42","date_gmt":"2022-11-29T02:25:42","guid":{"rendered":"https:\/\/dinn.ucsc.cl\/?page_id=4251"},"modified":"2022-11-28T23:25:42","modified_gmt":"2022-11-29T02:25:42","slug":"diseno-de-sistemas-eficientes-de-mediana-y-gran-escala-para-mantencion-de-organismos-acuaticos-de-importancia-comercial","status":"publish","type":"page","link":"https:\/\/dinn.ucsc.cl\/index.php\/diseno-de-sistemas-eficientes-de-mediana-y-gran-escala-para-mantencion-de-organismos-acuaticos-de-importancia-comercial\/","title":{"rendered":"Dise\u00f1o de sistemas eficientes de mediana y gran escala, para mantenci\u00f3n de organismos acu\u00e1ticos de importancia comercial"},"content":{"rendered":"<table class=\" alignleft\">\n<tbody>\n<tr>\n<td style=\"width: 741px\" colspan=\"4\"><img loading=\"lazy\" class=\"aligncenter wp-image-2470 size-full\" src=\"https:\/\/sitios.ucsc.cl\/ott\/wp-content\/uploads\/sites\/15\/2022\/07\/OTT_SAE_4_HEADER.png\" alt=\"\" width=\"950\" height=\"194\" \/><\/td>\n<\/tr>\n<tr>\n<td style=\"width: 68px\"><\/td>\n<td style=\"width: 71px\"><img loading=\"lazy\" class=\"aligncenter wp-image-2182 size-full\" src=\"https:\/\/sitios.ucsc.cl\/ott\/wp-content\/uploads\/sites\/15\/2022\/06\/OTT_SAE_1.png\" alt=\"\" width=\"50\" height=\"50\" \/><\/td>\n<td style=\"width: 599px\">Dise\u00f1o de sistema multitr\u00f3ficos para la mantenci\u00f3n de organismos acu\u00e1ticos de importancia comercial (peces, crust\u00e1ceos, mariscos).<br \/>\nSe incorpora como actividad de fomento de capacidades de innovaci\u00f3n en la empresa, un taller de desarrollo tecnol\u00f3gico de mantenci\u00f3n y cultivo de organismos acu\u00e1ticos. El resultado de dicho proceso es:<\/td>\n<td style=\"width: 3px\">\n<h3><\/h3>\n<\/td>\n<\/tr>\n<tr>\n<td style=\"width: 68px\"><\/td>\n<td style=\"width: 71px\"><\/td>\n<td style=\"width: 599px\">\u2022\u00a0 Una visita a terreno, donde se instalar\u00e1 el sistema.<br \/>\n\u2022\u00a0 Una visita de inspecci\u00f3n del sistema, una vez construido.<br \/>\n\u2022\u00a0 Una visita de inspecci\u00f3n del sistema, una vez funcionando.<br \/>\n\u2022\u00a0 Asesor\u00eda para la puesta en marcha del sistema.<br \/>\n\u2022\u00a0 Taller<\/td>\n<td style=\"width: 3px\"><\/td>\n<\/tr>\n<tr>\n<td style=\"width: 68px\"><\/td>\n<td style=\"width: 670px\" colspan=\"2\">&nbsp;<\/p>\n<p><a href=\"https:\/\/sitios.ucsc.cl\/ott\/wp-content\/uploads\/sites\/15\/2022\/10\/OTT_SAE_4_2022.pdf\"><img loading=\"lazy\" class=\"aligncenter wp-image-2220 size-medium\" src=\"https:\/\/sitios.ucsc.cl\/ott\/wp-content\/uploads\/sites\/15\/2022\/06\/Bot\u00f3n-descarga-300x61.png\" alt=\"\" width=\"300\" height=\"61\" \/><\/a><\/p>\n<p>&nbsp;<\/p>\n<p>&nbsp;<\/td>\n<td style=\"width: 3px\"><\/td>\n<\/tr>\n<tr>\n<td style=\"width: 741px\" colspan=\"4\"><img loading=\"lazy\" class=\"aligncenter size-full wp-image-3032\" src=\"https:\/\/sitios.ucsc.cl\/ott\/wp-content\/uploads\/sites\/15\/2022\/08\/Banner-4.png\" alt=\"\" width=\"950\" height=\"108\" \/><\/td>\n<\/tr>\n<\/tbody>\n<\/table>\n","protected":false},"excerpt":{"rendered":"<p>Dise\u00f1o de sistema multitr\u00f3ficos para la mantenci\u00f3n de organismos acu\u00e1ticos de importancia comercial (peces, crust\u00e1ceos, mariscos). Se incorpora como actividad de fomento de capacidades de innovaci\u00f3n en la empresa, un taller de desarrollo tecnol\u00f3gico de mantenci\u00f3n y cultivo de organismos acu\u00e1ticos. El resultado de dicho proceso es: \u2022\u00a0 Una visita a terreno, donde se instalar\u00e1 [&hellip;]<\/p>\n","protected":false},"author":84,"featured_media":0,"parent":0,"menu_order":0,"comment_status":"closed","ping_status":"closed","template":"","meta":[],"yoast_head":"<!-- This site is optimized with the Yoast SEO plugin v18.9 - https:\/\/yoast.com\/wordpress\/plugins\/seo\/ -->\n<title>Dise\u00f1o de sistemas eficientes de mediana y gran escala, para mantenci\u00f3n de organismos acu\u00e1ticos de importancia comercial -<\/title>\n<meta name=\"robots\" content=\"index, follow, max-snippet:-1, max-image-preview:large, max-video-preview:-1\" \/>\n<link rel=\"canonical\" href=\"https:\/\/dinn.ucsc.cl\/index.php\/diseno-de-sistemas-eficientes-de-mediana-y-gran-escala-para-mantencion-de-organismos-acuaticos-de-importancia-comercial\/\" \/>\n<meta property=\"og:locale\" content=\"es_ES\" \/>\n<meta property=\"og:type\" content=\"article\" \/>\n<meta property=\"og:title\" content=\"Dise\u00f1o de sistemas eficientes de mediana y gran escala, para mantenci\u00f3n de organismos acu\u00e1ticos de importancia comercial -\" \/>\n<meta property=\"og:description\" content=\"Dise\u00f1o de sistema multitr\u00f3ficos para la mantenci\u00f3n de organismos acu\u00e1ticos de importancia comercial (peces, crust\u00e1ceos, mariscos). Se incorpora como actividad de fomento de capacidades de innovaci\u00f3n en la empresa, un taller de desarrollo tecnol\u00f3gico de mantenci\u00f3n y cultivo de organismos acu\u00e1ticos. El resultado de dicho proceso es: \u2022\u00a0 Una visita a terreno, donde se instalar\u00e1 [&hellip;]\" \/>\n<meta property=\"og:url\" content=\"https:\/\/dinn.ucsc.cl\/index.php\/diseno-de-sistemas-eficientes-de-mediana-y-gran-escala-para-mantencion-de-organismos-acuaticos-de-importancia-comercial\/\" \/>\n<meta property=\"article:publisher\" content=\"https:\/\/m.facebook.com\/DINNUCSC\" \/>\n<meta property=\"og:image\" content=\"https:\/\/sitios.ucsc.cl\/ott\/wp-content\/uploads\/sites\/15\/2022\/07\/OTT_SAE_4_HEADER.png\" \/>\n<meta name=\"twitter:card\" content=\"summary\" \/>\n<meta name=\"twitter:site\" content=\"@dinn_ucsc\" \/>\n<script type=\"application\/ld+json\" class=\"yoast-schema-graph\">{\"@context\":\"https:\/\/schema.org\",\"@graph\":[{\"@type\":\"WebSite\",\"@id\":\"https:\/\/dinn.ucsc.cl\/#website\",\"url\":\"https:\/\/dinn.ucsc.cl\/\",\"name\":\"Direcci\u00f3n de Innovaci\u00f3n UCSC\",\"description\":\"Direcci\u00f3n de Innovaci\u00f3n\",\"potentialAction\":[{\"@type\":\"SearchAction\",\"target\":{\"@type\":\"EntryPoint\",\"urlTemplate\":\"https:\/\/dinn.ucsc.cl\/?s={search_term_string}\"},\"query-input\":\"required name=search_term_string\"}],\"inLanguage\":\"es\"},{\"@type\":\"ImageObject\",\"inLanguage\":\"es\",\"@id\":\"https:\/\/dinn.ucsc.cl\/index.php\/diseno-de-sistemas-eficientes-de-mediana-y-gran-escala-para-mantencion-de-organismos-acuaticos-de-importancia-comercial\/#primaryimage\",\"url\":\"https:\/\/sitios.ucsc.cl\/ott\/wp-content\/uploads\/sites\/15\/2022\/07\/OTT_SAE_4_HEADER.png\",\"contentUrl\":\"https:\/\/sitios.ucsc.cl\/ott\/wp-content\/uploads\/sites\/15\/2022\/07\/OTT_SAE_4_HEADER.png\"},{\"@type\":\"WebPage\",\"@id\":\"https:\/\/dinn.ucsc.cl\/index.php\/diseno-de-sistemas-eficientes-de-mediana-y-gran-escala-para-mantencion-de-organismos-acuaticos-de-importancia-comercial\/#webpage\",\"url\":\"https:\/\/dinn.ucsc.cl\/index.php\/diseno-de-sistemas-eficientes-de-mediana-y-gran-escala-para-mantencion-de-organismos-acuaticos-de-importancia-comercial\/\",\"name\":\"Dise\u00f1o de sistemas eficientes de mediana y gran escala, para mantenci\u00f3n de organismos acu\u00e1ticos de importancia comercial -\",\"isPartOf\":{\"@id\":\"https:\/\/dinn.ucsc.cl\/#website\"},\"primaryImageOfPage\":{\"@id\":\"https:\/\/dinn.ucsc.cl\/index.php\/diseno-de-sistemas-eficientes-de-mediana-y-gran-escala-para-mantencion-de-organismos-acuaticos-de-importancia-comercial\/#primaryimage\"},\"datePublished\":\"2022-11-29T02:25:42+00:00\",\"dateModified\":\"2022-11-29T02:25:42+00:00\",\"breadcrumb\":{\"@id\":\"https:\/\/dinn.ucsc.cl\/index.php\/diseno-de-sistemas-eficientes-de-mediana-y-gran-escala-para-mantencion-de-organismos-acuaticos-de-importancia-comercial\/#breadcrumb\"},\"inLanguage\":\"es\",\"potentialAction\":[{\"@type\":\"ReadAction\",\"target\":[\"https:\/\/dinn.ucsc.cl\/index.php\/diseno-de-sistemas-eficientes-de-mediana-y-gran-escala-para-mantencion-de-organismos-acuaticos-de-importancia-comercial\/\"]}]},{\"@type\":\"BreadcrumbList\",\"@id\":\"https:\/\/dinn.ucsc.cl\/index.php\/diseno-de-sistemas-eficientes-de-mediana-y-gran-escala-para-mantencion-de-organismos-acuaticos-de-importancia-comercial\/#breadcrumb\",\"itemListElement\":[{\"@type\":\"ListItem\",\"position\":1,\"name\":\"Inicio\",\"item\":\"https:\/\/dinn.ucsc.cl\/\"},{\"@type\":\"ListItem\",\"position\":2,\"name\":\"Dise\u00f1o de sistemas eficientes de mediana y gran escala, para mantenci\u00f3n de organismos acu\u00e1ticos de importancia comercial\"}]}]}<\/script>\n<!-- \/ Yoast SEO plugin. -->","yoast_head_json":{"title":"Dise\u00f1o de sistemas eficientes de mediana y gran escala, para mantenci\u00f3n de organismos acu\u00e1ticos de importancia comercial -","robots":{"index":"index","follow":"follow","max-snippet":"max-snippet:-1","max-image-preview":"max-image-preview:large","max-video-preview":"max-video-preview:-1"},"canonical":"https:\/\/dinn.ucsc.cl\/index.php\/diseno-de-sistemas-eficientes-de-mediana-y-gran-escala-para-mantencion-de-organismos-acuaticos-de-importancia-comercial\/","og_locale":"es_ES","og_type":"article","og_title":"Dise\u00f1o de sistemas eficientes de mediana y gran escala, para mantenci\u00f3n de organismos acu\u00e1ticos de importancia comercial -","og_description":"Dise\u00f1o de sistema multitr\u00f3ficos para la mantenci\u00f3n de organismos acu\u00e1ticos de importancia comercial (peces, crust\u00e1ceos, mariscos). Se incorpora como actividad de fomento de capacidades de innovaci\u00f3n en la empresa, un taller de desarrollo tecnol\u00f3gico de mantenci\u00f3n y cultivo de organismos acu\u00e1ticos. El resultado de dicho proceso es: \u2022\u00a0 Una visita a terreno, donde se instalar\u00e1 [&hellip;]","og_url":"https:\/\/dinn.ucsc.cl\/index.php\/diseno-de-sistemas-eficientes-de-mediana-y-gran-escala-para-mantencion-de-organismos-acuaticos-de-importancia-comercial\/","article_publisher":"https:\/\/m.facebook.com\/DINNUCSC","og_image":[{"url":"https:\/\/sitios.ucsc.cl\/ott\/wp-content\/uploads\/sites\/15\/2022\/07\/OTT_SAE_4_HEADER.png"}],"twitter_card":"summary","twitter_site":"@dinn_ucsc","schema":{"@context":"https:\/\/schema.org","@graph":[{"@type":"WebSite","@id":"https:\/\/dinn.ucsc.cl\/#website","url":"https:\/\/dinn.ucsc.cl\/","name":"Direcci\u00f3n de Innovaci\u00f3n UCSC","description":"Direcci\u00f3n de Innovaci\u00f3n","potentialAction":[{"@type":"SearchAction","target":{"@type":"EntryPoint","urlTemplate":"https:\/\/dinn.ucsc.cl\/?s={search_term_string}"},"query-input":"required name=search_term_string"}],"inLanguage":"es"},{"@type":"ImageObject","inLanguage":"es","@id":"https:\/\/dinn.ucsc.cl\/index.php\/diseno-de-sistemas-eficientes-de-mediana-y-gran-escala-para-mantencion-de-organismos-acuaticos-de-importancia-comercial\/#primaryimage","url":"https:\/\/sitios.ucsc.cl\/ott\/wp-content\/uploads\/sites\/15\/2022\/07\/OTT_SAE_4_HEADER.png","contentUrl":"https:\/\/sitios.ucsc.cl\/ott\/wp-content\/uploads\/sites\/15\/2022\/07\/OTT_SAE_4_HEADER.png"},{"@type":"WebPage","@id":"https:\/\/dinn.ucsc.cl\/index.php\/diseno-de-sistemas-eficientes-de-mediana-y-gran-escala-para-mantencion-de-organismos-acuaticos-de-importancia-comercial\/#webpage","url":"https:\/\/dinn.ucsc.cl\/index.php\/diseno-de-sistemas-eficientes-de-mediana-y-gran-escala-para-mantencion-de-organismos-acuaticos-de-importancia-comercial\/","name":"Dise\u00f1o de sistemas eficientes de mediana y gran escala, para mantenci\u00f3n de organismos acu\u00e1ticos de importancia comercial -","isPartOf":{"@id":"https:\/\/dinn.ucsc.cl\/#website"},"primaryImageOfPage":{"@id":"https:\/\/dinn.ucsc.cl\/index.php\/diseno-de-sistemas-eficientes-de-mediana-y-gran-escala-para-mantencion-de-organismos-acuaticos-de-importancia-comercial\/#primaryimage"},"datePublished":"2022-11-29T02:25:42+00:00","dateModified":"2022-11-29T02:25:42+00:00","breadcrumb":{"@id":"https:\/\/dinn.ucsc.cl\/index.php\/diseno-de-sistemas-eficientes-de-mediana-y-gran-escala-para-mantencion-de-organismos-acuaticos-de-importancia-comercial\/#breadcrumb"},"inLanguage":"es","potentialAction":[{"@type":"ReadAction","target":["https:\/\/dinn.ucsc.cl\/index.php\/diseno-de-sistemas-eficientes-de-mediana-y-gran-escala-para-mantencion-de-organismos-acuaticos-de-importancia-comercial\/"]}]},{"@type":"BreadcrumbList","@id":"https:\/\/dinn.ucsc.cl\/index.php\/diseno-de-sistemas-eficientes-de-mediana-y-gran-escala-para-mantencion-de-organismos-acuaticos-de-importancia-comercial\/#breadcrumb","itemListElement":[{"@type":"ListItem","position":1,"name":"Inicio","item":"https:\/\/dinn.ucsc.cl\/"},{"@type":"ListItem","position":2,"name":"Dise\u00f1o de sistemas eficientes de mediana y gran escala, para mantenci\u00f3n de organismos acu\u00e1ticos de importancia comercial"}]}]}},"_links":{"self":[{"href":"https:\/\/dinn.ucsc.cl\/index.php\/wp-json\/wp\/v2\/pages\/4251"}],"collection":[{"href":"https:\/\/dinn.ucsc.cl\/index.php\/wp-json\/wp\/v2\/pages"}],"about":[{"href":"https:\/\/dinn.ucsc.cl\/index.php\/wp-json\/wp\/v2\/types\/page"}],"author":[{"embeddable":true,"href":"https:\/\/dinn.ucsc.cl\/index.php\/wp-json\/wp\/v2\/users\/84"}],"replies":[{"embeddable":true,"href":"https:\/\/dinn.ucsc.cl\/index.php\/wp-json\/wp\/v2\/comments?post=4251"}],"version-history":[{"count":1,"href":"https:\/\/dinn.ucsc.cl\/index.php\/wp-json\/wp\/v2\/pages\/4251\/revisions"}],"predecessor-version":[{"id":4252,"href":"https:\/\/dinn.ucsc.cl\/index.php\/wp-json\/wp\/v2\/pages\/4251\/revisions\/4252"}],"wp:attachment":[{"href":"https:\/\/dinn.ucsc.cl\/index.php\/wp-json\/wp\/v2\/media?parent=4251"}],"curies":[{"name":"wp","href":"https:\/\/api.w.org\/{rel}","templated":true}]}}