{"id":4257,"date":"2022-11-28T23:27:01","date_gmt":"2022-11-29T02:27:01","guid":{"rendered":"https:\/\/dinn.ucsc.cl\/?page_id=4257"},"modified":"2022-11-28T23:27:01","modified_gmt":"2022-11-29T02:27:01","slug":"capacitacion-y-asistencia-tecnica-en-ensayos-de-control-de-calidad-de-aguas-residuales","status":"publish","type":"page","link":"https:\/\/dinn.ucsc.cl\/index.php\/capacitacion-y-asistencia-tecnica-en-ensayos-de-control-de-calidad-de-aguas-residuales\/","title":{"rendered":"Capacitaci\u00f3n y asistencia t\u00e9cnica en ensayos de control de calidad de aguas residuales"},"content":{"rendered":"<table class=\" alignleft\">\n<tbody>\n<tr>\n<td style=\"width: 741px\" colspan=\"4\"><img loading=\"lazy\" class=\"aligncenter wp-image-2484 size-full\" src=\"https:\/\/sitios.ucsc.cl\/ott\/wp-content\/uploads\/sites\/15\/2022\/07\/OTT_SAE_7_HEADER.png\" alt=\"\" width=\"950\" height=\"194\" \/><\/td>\n<\/tr>\n<tr>\n<td style=\"width: 69px\"><\/td>\n<td style=\"width: 62px\"><img loading=\"lazy\" class=\"aligncenter wp-image-2182 size-full\" src=\"https:\/\/sitios.ucsc.cl\/ott\/wp-content\/uploads\/sites\/15\/2022\/06\/OTT_SAE_1.png\" alt=\"\" width=\"50\" height=\"50\" \/><\/td>\n<td style=\"width: 607px\">Servicio de capacitaci\u00f3n y entrenamiento en t\u00e9cnicas anal\u00edticas de control de aguas residuales y pruebas de factibilidad de tratamientos de aguas residuales.<br \/>\nSe incluye taller que permitir\u00e1 incrementar las capacidades de innovaci\u00f3n en la empresa.<br \/>\nLos resultados de dicho proceso de innovaci\u00f3n son:<\/td>\n<td style=\"width: 3px\">\n<h3><\/h3>\n<\/td>\n<\/tr>\n<tr>\n<td style=\"width: 69px\"><\/td>\n<td style=\"width: 62px\"><\/td>\n<td style=\"width: 607px\">\u2022\u00a0\u00a0 Capacitaci\u00f3n en t\u00e9cnicas para el control de aguas residuales.<br \/>\n\u2022\u00a0\u00a0 Ensayos de coagulaci\u00f3n-floculaci\u00f3n.<br \/>\n\u2022\u00a0\u00a0 Estudios de factibilidad de tratamiento biol\u00f3gico aerobio de aguas residuales.<br \/>\n\u2022\u00a0\u00a0 Estudios de factibilidad de tratamiento anaer\u00f3bico de aguas residuales.<br \/>\n\u2022\u00a0\u00a0 Asistencias T\u00e9cnicas especializadas.<\/td>\n<td style=\"width: 3px\"><\/td>\n<\/tr>\n<tr>\n<td style=\"width: 69px\"><\/td>\n<td style=\"width: 669px\" colspan=\"2\">&nbsp;<\/p>\n<p><a href=\"https:\/\/sitios.ucsc.cl\/ott\/wp-content\/uploads\/sites\/15\/2022\/10\/OTT_SAE_7_2022.pdf\"><img loading=\"lazy\" class=\"aligncenter wp-image-2220 size-medium\" src=\"https:\/\/sitios.ucsc.cl\/ott\/wp-content\/uploads\/sites\/15\/2022\/06\/Bot\u00f3n-descarga-300x61.png\" alt=\"\" width=\"300\" height=\"61\" \/><\/a><\/p>\n<p>&nbsp;<\/p>\n<p>&nbsp;<\/td>\n<td style=\"width: 3px\"><\/td>\n<\/tr>\n<tr>\n<td style=\"width: 741px\" colspan=\"4\"><img loading=\"lazy\" class=\"aligncenter size-full wp-image-3032\" src=\"https:\/\/sitios.ucsc.cl\/ott\/wp-content\/uploads\/sites\/15\/2022\/08\/Banner-4.png\" alt=\"\" width=\"950\" height=\"108\" \/><\/td>\n<\/tr>\n<\/tbody>\n<\/table>\n","protected":false},"excerpt":{"rendered":"<p>Servicio de capacitaci\u00f3n y entrenamiento en t\u00e9cnicas anal\u00edticas de control de aguas residuales y pruebas de factibilidad de tratamientos de aguas residuales. Se incluye taller que permitir\u00e1 incrementar las capacidades de innovaci\u00f3n en la empresa. Los resultados de dicho proceso de innovaci\u00f3n son: \u2022\u00a0\u00a0 Capacitaci\u00f3n en t\u00e9cnicas para el control de aguas residuales. \u2022\u00a0\u00a0 Ensayos [&hellip;]<\/p>\n","protected":false},"author":84,"featured_media":0,"parent":0,"menu_order":0,"comment_status":"closed","ping_status":"closed","template":"","meta":[],"yoast_head":"<!-- This site is optimized with the Yoast SEO plugin v18.9 - https:\/\/yoast.com\/wordpress\/plugins\/seo\/ -->\n<title>Capacitaci\u00f3n y asistencia t\u00e9cnica en ensayos de control de calidad de aguas residuales -<\/title>\n<meta name=\"robots\" content=\"index, follow, max-snippet:-1, max-image-preview:large, max-video-preview:-1\" \/>\n<link rel=\"canonical\" href=\"https:\/\/dinn.ucsc.cl\/index.php\/capacitacion-y-asistencia-tecnica-en-ensayos-de-control-de-calidad-de-aguas-residuales\/\" \/>\n<meta property=\"og:locale\" content=\"es_ES\" \/>\n<meta property=\"og:type\" content=\"article\" \/>\n<meta property=\"og:title\" content=\"Capacitaci\u00f3n y asistencia t\u00e9cnica en ensayos de control de calidad de aguas residuales -\" \/>\n<meta property=\"og:description\" content=\"Servicio de capacitaci\u00f3n y entrenamiento en t\u00e9cnicas anal\u00edticas de control de aguas residuales y pruebas de factibilidad de tratamientos de aguas residuales. Se incluye taller que permitir\u00e1 incrementar las capacidades de innovaci\u00f3n en la empresa. Los resultados de dicho proceso de innovaci\u00f3n son: \u2022\u00a0\u00a0 Capacitaci\u00f3n en t\u00e9cnicas para el control de aguas residuales. \u2022\u00a0\u00a0 Ensayos [&hellip;]\" \/>\n<meta property=\"og:url\" content=\"https:\/\/dinn.ucsc.cl\/index.php\/capacitacion-y-asistencia-tecnica-en-ensayos-de-control-de-calidad-de-aguas-residuales\/\" \/>\n<meta property=\"article:publisher\" content=\"https:\/\/m.facebook.com\/DINNUCSC\" \/>\n<meta property=\"og:image\" content=\"https:\/\/sitios.ucsc.cl\/ott\/wp-content\/uploads\/sites\/15\/2022\/07\/OTT_SAE_7_HEADER.png\" \/>\n<meta name=\"twitter:card\" content=\"summary\" \/>\n<meta name=\"twitter:site\" content=\"@dinn_ucsc\" \/>\n<script type=\"application\/ld+json\" class=\"yoast-schema-graph\">{\"@context\":\"https:\/\/schema.org\",\"@graph\":[{\"@type\":\"WebSite\",\"@id\":\"https:\/\/dinn.ucsc.cl\/#website\",\"url\":\"https:\/\/dinn.ucsc.cl\/\",\"name\":\"Direcci\u00f3n de Innovaci\u00f3n UCSC\",\"description\":\"Direcci\u00f3n de Innovaci\u00f3n\",\"potentialAction\":[{\"@type\":\"SearchAction\",\"target\":{\"@type\":\"EntryPoint\",\"urlTemplate\":\"https:\/\/dinn.ucsc.cl\/?s={search_term_string}\"},\"query-input\":\"required name=search_term_string\"}],\"inLanguage\":\"es\"},{\"@type\":\"ImageObject\",\"inLanguage\":\"es\",\"@id\":\"https:\/\/dinn.ucsc.cl\/index.php\/capacitacion-y-asistencia-tecnica-en-ensayos-de-control-de-calidad-de-aguas-residuales\/#primaryimage\",\"url\":\"https:\/\/sitios.ucsc.cl\/ott\/wp-content\/uploads\/sites\/15\/2022\/07\/OTT_SAE_7_HEADER.png\",\"contentUrl\":\"https:\/\/sitios.ucsc.cl\/ott\/wp-content\/uploads\/sites\/15\/2022\/07\/OTT_SAE_7_HEADER.png\"},{\"@type\":\"WebPage\",\"@id\":\"https:\/\/dinn.ucsc.cl\/index.php\/capacitacion-y-asistencia-tecnica-en-ensayos-de-control-de-calidad-de-aguas-residuales\/#webpage\",\"url\":\"https:\/\/dinn.ucsc.cl\/index.php\/capacitacion-y-asistencia-tecnica-en-ensayos-de-control-de-calidad-de-aguas-residuales\/\",\"name\":\"Capacitaci\u00f3n y asistencia t\u00e9cnica en ensayos de control de calidad de aguas residuales -\",\"isPartOf\":{\"@id\":\"https:\/\/dinn.ucsc.cl\/#website\"},\"primaryImageOfPage\":{\"@id\":\"https:\/\/dinn.ucsc.cl\/index.php\/capacitacion-y-asistencia-tecnica-en-ensayos-de-control-de-calidad-de-aguas-residuales\/#primaryimage\"},\"datePublished\":\"2022-11-29T02:27:01+00:00\",\"dateModified\":\"2022-11-29T02:27:01+00:00\",\"breadcrumb\":{\"@id\":\"https:\/\/dinn.ucsc.cl\/index.php\/capacitacion-y-asistencia-tecnica-en-ensayos-de-control-de-calidad-de-aguas-residuales\/#breadcrumb\"},\"inLanguage\":\"es\",\"potentialAction\":[{\"@type\":\"ReadAction\",\"target\":[\"https:\/\/dinn.ucsc.cl\/index.php\/capacitacion-y-asistencia-tecnica-en-ensayos-de-control-de-calidad-de-aguas-residuales\/\"]}]},{\"@type\":\"BreadcrumbList\",\"@id\":\"https:\/\/dinn.ucsc.cl\/index.php\/capacitacion-y-asistencia-tecnica-en-ensayos-de-control-de-calidad-de-aguas-residuales\/#breadcrumb\",\"itemListElement\":[{\"@type\":\"ListItem\",\"position\":1,\"name\":\"Inicio\",\"item\":\"https:\/\/dinn.ucsc.cl\/\"},{\"@type\":\"ListItem\",\"position\":2,\"name\":\"Capacitaci\u00f3n y asistencia t\u00e9cnica en ensayos de control de calidad de aguas residuales\"}]}]}<\/script>\n<!-- \/ Yoast SEO plugin. -->","yoast_head_json":{"title":"Capacitaci\u00f3n y asistencia t\u00e9cnica en ensayos de control de calidad de aguas residuales -","robots":{"index":"index","follow":"follow","max-snippet":"max-snippet:-1","max-image-preview":"max-image-preview:large","max-video-preview":"max-video-preview:-1"},"canonical":"https:\/\/dinn.ucsc.cl\/index.php\/capacitacion-y-asistencia-tecnica-en-ensayos-de-control-de-calidad-de-aguas-residuales\/","og_locale":"es_ES","og_type":"article","og_title":"Capacitaci\u00f3n y asistencia t\u00e9cnica en ensayos de control de calidad de aguas residuales -","og_description":"Servicio de capacitaci\u00f3n y entrenamiento en t\u00e9cnicas anal\u00edticas de control de aguas residuales y pruebas de factibilidad de tratamientos de aguas residuales. Se incluye taller que permitir\u00e1 incrementar las capacidades de innovaci\u00f3n en la empresa. Los resultados de dicho proceso de innovaci\u00f3n son: \u2022\u00a0\u00a0 Capacitaci\u00f3n en t\u00e9cnicas para el control de aguas residuales. \u2022\u00a0\u00a0 Ensayos [&hellip;]","og_url":"https:\/\/dinn.ucsc.cl\/index.php\/capacitacion-y-asistencia-tecnica-en-ensayos-de-control-de-calidad-de-aguas-residuales\/","article_publisher":"https:\/\/m.facebook.com\/DINNUCSC","og_image":[{"url":"https:\/\/sitios.ucsc.cl\/ott\/wp-content\/uploads\/sites\/15\/2022\/07\/OTT_SAE_7_HEADER.png"}],"twitter_card":"summary","twitter_site":"@dinn_ucsc","schema":{"@context":"https:\/\/schema.org","@graph":[{"@type":"WebSite","@id":"https:\/\/dinn.ucsc.cl\/#website","url":"https:\/\/dinn.ucsc.cl\/","name":"Direcci\u00f3n de Innovaci\u00f3n UCSC","description":"Direcci\u00f3n de Innovaci\u00f3n","potentialAction":[{"@type":"SearchAction","target":{"@type":"EntryPoint","urlTemplate":"https:\/\/dinn.ucsc.cl\/?s={search_term_string}"},"query-input":"required name=search_term_string"}],"inLanguage":"es"},{"@type":"ImageObject","inLanguage":"es","@id":"https:\/\/dinn.ucsc.cl\/index.php\/capacitacion-y-asistencia-tecnica-en-ensayos-de-control-de-calidad-de-aguas-residuales\/#primaryimage","url":"https:\/\/sitios.ucsc.cl\/ott\/wp-content\/uploads\/sites\/15\/2022\/07\/OTT_SAE_7_HEADER.png","contentUrl":"https:\/\/sitios.ucsc.cl\/ott\/wp-content\/uploads\/sites\/15\/2022\/07\/OTT_SAE_7_HEADER.png"},{"@type":"WebPage","@id":"https:\/\/dinn.ucsc.cl\/index.php\/capacitacion-y-asistencia-tecnica-en-ensayos-de-control-de-calidad-de-aguas-residuales\/#webpage","url":"https:\/\/dinn.ucsc.cl\/index.php\/capacitacion-y-asistencia-tecnica-en-ensayos-de-control-de-calidad-de-aguas-residuales\/","name":"Capacitaci\u00f3n y asistencia t\u00e9cnica en ensayos de control de calidad de aguas residuales -","isPartOf":{"@id":"https:\/\/dinn.ucsc.cl\/#website"},"primaryImageOfPage":{"@id":"https:\/\/dinn.ucsc.cl\/index.php\/capacitacion-y-asistencia-tecnica-en-ensayos-de-control-de-calidad-de-aguas-residuales\/#primaryimage"},"datePublished":"2022-11-29T02:27:01+00:00","dateModified":"2022-11-29T02:27:01+00:00","breadcrumb":{"@id":"https:\/\/dinn.ucsc.cl\/index.php\/capacitacion-y-asistencia-tecnica-en-ensayos-de-control-de-calidad-de-aguas-residuales\/#breadcrumb"},"inLanguage":"es","potentialAction":[{"@type":"ReadAction","target":["https:\/\/dinn.ucsc.cl\/index.php\/capacitacion-y-asistencia-tecnica-en-ensayos-de-control-de-calidad-de-aguas-residuales\/"]}]},{"@type":"BreadcrumbList","@id":"https:\/\/dinn.ucsc.cl\/index.php\/capacitacion-y-asistencia-tecnica-en-ensayos-de-control-de-calidad-de-aguas-residuales\/#breadcrumb","itemListElement":[{"@type":"ListItem","position":1,"name":"Inicio","item":"https:\/\/dinn.ucsc.cl\/"},{"@type":"ListItem","position":2,"name":"Capacitaci\u00f3n y asistencia t\u00e9cnica en ensayos de control de calidad de aguas residuales"}]}]}},"_links":{"self":[{"href":"https:\/\/dinn.ucsc.cl\/index.php\/wp-json\/wp\/v2\/pages\/4257"}],"collection":[{"href":"https:\/\/dinn.ucsc.cl\/index.php\/wp-json\/wp\/v2\/pages"}],"about":[{"href":"https:\/\/dinn.ucsc.cl\/index.php\/wp-json\/wp\/v2\/types\/page"}],"author":[{"embeddable":true,"href":"https:\/\/dinn.ucsc.cl\/index.php\/wp-json\/wp\/v2\/users\/84"}],"replies":[{"embeddable":true,"href":"https:\/\/dinn.ucsc.cl\/index.php\/wp-json\/wp\/v2\/comments?post=4257"}],"version-history":[{"count":1,"href":"https:\/\/dinn.ucsc.cl\/index.php\/wp-json\/wp\/v2\/pages\/4257\/revisions"}],"predecessor-version":[{"id":4258,"href":"https:\/\/dinn.ucsc.cl\/index.php\/wp-json\/wp\/v2\/pages\/4257\/revisions\/4258"}],"wp:attachment":[{"href":"https:\/\/dinn.ucsc.cl\/index.php\/wp-json\/wp\/v2\/media?parent=4257"}],"curies":[{"name":"wp","href":"https:\/\/api.w.org\/{rel}","templated":true}]}}