{"id":4259,"date":"2022-11-28T23:27:24","date_gmt":"2022-11-29T02:27:24","guid":{"rendered":"https:\/\/dinn.ucsc.cl\/?page_id=4259"},"modified":"2022-11-28T23:27:24","modified_gmt":"2022-11-29T02:27:24","slug":"diseno-y-dimensionamiento-de-centros-de-produccion-y-sistemas-de-cultivo-en-tierra-de-peces-y-moluscos","status":"publish","type":"page","link":"https:\/\/dinn.ucsc.cl\/index.php\/diseno-y-dimensionamiento-de-centros-de-produccion-y-sistemas-de-cultivo-en-tierra-de-peces-y-moluscos\/","title":{"rendered":"Dise\u00f1o y dimensionamiento de centros de producci\u00f3n y sistemas de cultivo en tierra de peces y moluscos"},"content":{"rendered":"<table class=\" alignleft\">\n<tbody>\n<tr>\n<td style=\"width: 741px\" colspan=\"4\"><img loading=\"lazy\" class=\"aligncenter wp-image-2488 size-full\" src=\"https:\/\/sitios.ucsc.cl\/ott\/wp-content\/uploads\/sites\/15\/2022\/07\/OTT_SAE_8_HEADER.png\" alt=\"\" width=\"950\" height=\"194\" \/><\/td>\n<\/tr>\n<tr>\n<td style=\"width: 66px\"><\/td>\n<td style=\"width: 64px\"><img loading=\"lazy\" class=\"aligncenter wp-image-2182 size-full\" src=\"https:\/\/sitios.ucsc.cl\/ott\/wp-content\/uploads\/sites\/15\/2022\/06\/OTT_SAE_1.png\" alt=\"\" width=\"50\" height=\"50\" \/><\/td>\n<td style=\"width: 608px\">&nbsp;<\/p>\n<p>Dise\u00f1o y dimensionamiento de centros de producci\u00f3n y sistemas de cultivo en tierra de peces y moluscos marinos y dulce acu\u00edcola, utilizando tecnolog\u00eda de re-uso y\/o recirculaci\u00f3n de agua. Evaluaci\u00f3n de Medicamentos y alimento in situ para peces y moluscos en sistemas confinados. Dise\u00f1o y dimensionamiento de centros de cultivos o sistemas de producci\u00f3n de peces y moluscos en tierra. Se utiliza la tecnolog\u00eda de re-uso y recirculaci\u00f3n de agua dulce y salada. Se considera el dise\u00f1o y dimensionamiento de toma de agua, distribuci\u00f3n y distribuci\u00f3n de agua, estanques de cultivo y sistemas de tratamiento y acondicionamiento de agua de ingresos, proceso y descarga.<\/p>\n<p>Se incluye taller que permitir\u00e1 incrementar las capacidades de innovaci\u00f3n en la empresa.<\/td>\n<td style=\"width: 3px\">\n<h3><\/h3>\n<\/td>\n<\/tr>\n<tr>\n<td style=\"width: 66px\"><\/td>\n<td style=\"width: 672px\" colspan=\"2\">&nbsp;<\/p>\n<p><a href=\"https:\/\/sitios.ucsc.cl\/ott\/wp-content\/uploads\/sites\/15\/2022\/10\/OTT_SAE_8_2022.pdf\"><img loading=\"lazy\" class=\"aligncenter wp-image-2220 size-medium\" src=\"https:\/\/sitios.ucsc.cl\/ott\/wp-content\/uploads\/sites\/15\/2022\/06\/Bot\u00f3n-descarga-300x61.png\" alt=\"\" width=\"300\" height=\"61\" \/><\/a><\/p>\n<p>&nbsp;<\/p>\n<p>&nbsp;<\/td>\n<td style=\"width: 3px\"><\/td>\n<\/tr>\n<tr>\n<td style=\"width: 741px\" colspan=\"4\"><img loading=\"lazy\" class=\"aligncenter size-full wp-image-3032\" src=\"https:\/\/sitios.ucsc.cl\/ott\/wp-content\/uploads\/sites\/15\/2022\/08\/Banner-4.png\" alt=\"\" width=\"950\" height=\"108\" \/><\/td>\n<\/tr>\n<\/tbody>\n<\/table>\n","protected":false},"excerpt":{"rendered":"<p>&nbsp; Dise\u00f1o y dimensionamiento de centros de producci\u00f3n y sistemas de cultivo en tierra de peces y moluscos marinos y dulce acu\u00edcola, utilizando tecnolog\u00eda de re-uso y\/o recirculaci\u00f3n de agua. Evaluaci\u00f3n de Medicamentos y alimento in situ para peces y moluscos en sistemas confinados. Dise\u00f1o y dimensionamiento de centros de cultivos o sistemas de producci\u00f3n [&hellip;]<\/p>\n","protected":false},"author":84,"featured_media":0,"parent":0,"menu_order":0,"comment_status":"closed","ping_status":"closed","template":"","meta":[],"yoast_head":"<!-- This site is optimized with the Yoast SEO plugin v18.9 - https:\/\/yoast.com\/wordpress\/plugins\/seo\/ -->\n<title>Dise\u00f1o y dimensionamiento de centros de producci\u00f3n y sistemas de cultivo en tierra de peces y moluscos -<\/title>\n<meta name=\"robots\" content=\"index, follow, max-snippet:-1, max-image-preview:large, max-video-preview:-1\" \/>\n<link rel=\"canonical\" href=\"https:\/\/dinn.ucsc.cl\/index.php\/diseno-y-dimensionamiento-de-centros-de-produccion-y-sistemas-de-cultivo-en-tierra-de-peces-y-moluscos\/\" \/>\n<meta property=\"og:locale\" content=\"es_ES\" \/>\n<meta property=\"og:type\" content=\"article\" \/>\n<meta property=\"og:title\" content=\"Dise\u00f1o y dimensionamiento de centros de producci\u00f3n y sistemas de cultivo en tierra de peces y moluscos -\" \/>\n<meta property=\"og:description\" content=\"&nbsp; Dise\u00f1o y dimensionamiento de centros de producci\u00f3n y sistemas de cultivo en tierra de peces y moluscos marinos y dulce acu\u00edcola, utilizando tecnolog\u00eda de re-uso y\/o recirculaci\u00f3n de agua. Evaluaci\u00f3n de Medicamentos y alimento in situ para peces y moluscos en sistemas confinados. Dise\u00f1o y dimensionamiento de centros de cultivos o sistemas de producci\u00f3n [&hellip;]\" \/>\n<meta property=\"og:url\" content=\"https:\/\/dinn.ucsc.cl\/index.php\/diseno-y-dimensionamiento-de-centros-de-produccion-y-sistemas-de-cultivo-en-tierra-de-peces-y-moluscos\/\" \/>\n<meta property=\"article:publisher\" content=\"https:\/\/m.facebook.com\/DINNUCSC\" \/>\n<meta property=\"og:image\" content=\"https:\/\/sitios.ucsc.cl\/ott\/wp-content\/uploads\/sites\/15\/2022\/07\/OTT_SAE_8_HEADER.png\" \/>\n<meta name=\"twitter:card\" content=\"summary\" \/>\n<meta name=\"twitter:site\" content=\"@dinn_ucsc\" \/>\n<meta name=\"twitter:label1\" content=\"Tiempo de lectura\" \/>\n\t<meta name=\"twitter:data1\" content=\"1 minuto\" \/>\n<script type=\"application\/ld+json\" class=\"yoast-schema-graph\">{\"@context\":\"https:\/\/schema.org\",\"@graph\":[{\"@type\":\"WebSite\",\"@id\":\"https:\/\/dinn.ucsc.cl\/#website\",\"url\":\"https:\/\/dinn.ucsc.cl\/\",\"name\":\"Direcci\u00f3n de Innovaci\u00f3n UCSC\",\"description\":\"Direcci\u00f3n de Innovaci\u00f3n\",\"potentialAction\":[{\"@type\":\"SearchAction\",\"target\":{\"@type\":\"EntryPoint\",\"urlTemplate\":\"https:\/\/dinn.ucsc.cl\/?s={search_term_string}\"},\"query-input\":\"required name=search_term_string\"}],\"inLanguage\":\"es\"},{\"@type\":\"ImageObject\",\"inLanguage\":\"es\",\"@id\":\"https:\/\/dinn.ucsc.cl\/index.php\/diseno-y-dimensionamiento-de-centros-de-produccion-y-sistemas-de-cultivo-en-tierra-de-peces-y-moluscos\/#primaryimage\",\"url\":\"https:\/\/sitios.ucsc.cl\/ott\/wp-content\/uploads\/sites\/15\/2022\/07\/OTT_SAE_8_HEADER.png\",\"contentUrl\":\"https:\/\/sitios.ucsc.cl\/ott\/wp-content\/uploads\/sites\/15\/2022\/07\/OTT_SAE_8_HEADER.png\"},{\"@type\":\"WebPage\",\"@id\":\"https:\/\/dinn.ucsc.cl\/index.php\/diseno-y-dimensionamiento-de-centros-de-produccion-y-sistemas-de-cultivo-en-tierra-de-peces-y-moluscos\/#webpage\",\"url\":\"https:\/\/dinn.ucsc.cl\/index.php\/diseno-y-dimensionamiento-de-centros-de-produccion-y-sistemas-de-cultivo-en-tierra-de-peces-y-moluscos\/\",\"name\":\"Dise\u00f1o y dimensionamiento de centros de producci\u00f3n y sistemas de cultivo en tierra de peces y moluscos -\",\"isPartOf\":{\"@id\":\"https:\/\/dinn.ucsc.cl\/#website\"},\"primaryImageOfPage\":{\"@id\":\"https:\/\/dinn.ucsc.cl\/index.php\/diseno-y-dimensionamiento-de-centros-de-produccion-y-sistemas-de-cultivo-en-tierra-de-peces-y-moluscos\/#primaryimage\"},\"datePublished\":\"2022-11-29T02:27:24+00:00\",\"dateModified\":\"2022-11-29T02:27:24+00:00\",\"breadcrumb\":{\"@id\":\"https:\/\/dinn.ucsc.cl\/index.php\/diseno-y-dimensionamiento-de-centros-de-produccion-y-sistemas-de-cultivo-en-tierra-de-peces-y-moluscos\/#breadcrumb\"},\"inLanguage\":\"es\",\"potentialAction\":[{\"@type\":\"ReadAction\",\"target\":[\"https:\/\/dinn.ucsc.cl\/index.php\/diseno-y-dimensionamiento-de-centros-de-produccion-y-sistemas-de-cultivo-en-tierra-de-peces-y-moluscos\/\"]}]},{\"@type\":\"BreadcrumbList\",\"@id\":\"https:\/\/dinn.ucsc.cl\/index.php\/diseno-y-dimensionamiento-de-centros-de-produccion-y-sistemas-de-cultivo-en-tierra-de-peces-y-moluscos\/#breadcrumb\",\"itemListElement\":[{\"@type\":\"ListItem\",\"position\":1,\"name\":\"Inicio\",\"item\":\"https:\/\/dinn.ucsc.cl\/\"},{\"@type\":\"ListItem\",\"position\":2,\"name\":\"Dise\u00f1o y dimensionamiento de centros de producci\u00f3n y sistemas de cultivo en tierra de peces y moluscos\"}]}]}<\/script>\n<!-- \/ Yoast SEO plugin. -->","yoast_head_json":{"title":"Dise\u00f1o y dimensionamiento de centros de producci\u00f3n y sistemas de cultivo en tierra de peces y moluscos -","robots":{"index":"index","follow":"follow","max-snippet":"max-snippet:-1","max-image-preview":"max-image-preview:large","max-video-preview":"max-video-preview:-1"},"canonical":"https:\/\/dinn.ucsc.cl\/index.php\/diseno-y-dimensionamiento-de-centros-de-produccion-y-sistemas-de-cultivo-en-tierra-de-peces-y-moluscos\/","og_locale":"es_ES","og_type":"article","og_title":"Dise\u00f1o y dimensionamiento de centros de producci\u00f3n y sistemas de cultivo en tierra de peces y moluscos -","og_description":"&nbsp; Dise\u00f1o y dimensionamiento de centros de producci\u00f3n y sistemas de cultivo en tierra de peces y moluscos marinos y dulce acu\u00edcola, utilizando tecnolog\u00eda de re-uso y\/o recirculaci\u00f3n de agua. Evaluaci\u00f3n de Medicamentos y alimento in situ para peces y moluscos en sistemas confinados. Dise\u00f1o y dimensionamiento de centros de cultivos o sistemas de producci\u00f3n [&hellip;]","og_url":"https:\/\/dinn.ucsc.cl\/index.php\/diseno-y-dimensionamiento-de-centros-de-produccion-y-sistemas-de-cultivo-en-tierra-de-peces-y-moluscos\/","article_publisher":"https:\/\/m.facebook.com\/DINNUCSC","og_image":[{"url":"https:\/\/sitios.ucsc.cl\/ott\/wp-content\/uploads\/sites\/15\/2022\/07\/OTT_SAE_8_HEADER.png"}],"twitter_card":"summary","twitter_site":"@dinn_ucsc","twitter_misc":{"Tiempo de lectura":"1 minuto"},"schema":{"@context":"https:\/\/schema.org","@graph":[{"@type":"WebSite","@id":"https:\/\/dinn.ucsc.cl\/#website","url":"https:\/\/dinn.ucsc.cl\/","name":"Direcci\u00f3n de Innovaci\u00f3n UCSC","description":"Direcci\u00f3n de Innovaci\u00f3n","potentialAction":[{"@type":"SearchAction","target":{"@type":"EntryPoint","urlTemplate":"https:\/\/dinn.ucsc.cl\/?s={search_term_string}"},"query-input":"required name=search_term_string"}],"inLanguage":"es"},{"@type":"ImageObject","inLanguage":"es","@id":"https:\/\/dinn.ucsc.cl\/index.php\/diseno-y-dimensionamiento-de-centros-de-produccion-y-sistemas-de-cultivo-en-tierra-de-peces-y-moluscos\/#primaryimage","url":"https:\/\/sitios.ucsc.cl\/ott\/wp-content\/uploads\/sites\/15\/2022\/07\/OTT_SAE_8_HEADER.png","contentUrl":"https:\/\/sitios.ucsc.cl\/ott\/wp-content\/uploads\/sites\/15\/2022\/07\/OTT_SAE_8_HEADER.png"},{"@type":"WebPage","@id":"https:\/\/dinn.ucsc.cl\/index.php\/diseno-y-dimensionamiento-de-centros-de-produccion-y-sistemas-de-cultivo-en-tierra-de-peces-y-moluscos\/#webpage","url":"https:\/\/dinn.ucsc.cl\/index.php\/diseno-y-dimensionamiento-de-centros-de-produccion-y-sistemas-de-cultivo-en-tierra-de-peces-y-moluscos\/","name":"Dise\u00f1o y dimensionamiento de centros de producci\u00f3n y sistemas de cultivo en tierra de peces y moluscos -","isPartOf":{"@id":"https:\/\/dinn.ucsc.cl\/#website"},"primaryImageOfPage":{"@id":"https:\/\/dinn.ucsc.cl\/index.php\/diseno-y-dimensionamiento-de-centros-de-produccion-y-sistemas-de-cultivo-en-tierra-de-peces-y-moluscos\/#primaryimage"},"datePublished":"2022-11-29T02:27:24+00:00","dateModified":"2022-11-29T02:27:24+00:00","breadcrumb":{"@id":"https:\/\/dinn.ucsc.cl\/index.php\/diseno-y-dimensionamiento-de-centros-de-produccion-y-sistemas-de-cultivo-en-tierra-de-peces-y-moluscos\/#breadcrumb"},"inLanguage":"es","potentialAction":[{"@type":"ReadAction","target":["https:\/\/dinn.ucsc.cl\/index.php\/diseno-y-dimensionamiento-de-centros-de-produccion-y-sistemas-de-cultivo-en-tierra-de-peces-y-moluscos\/"]}]},{"@type":"BreadcrumbList","@id":"https:\/\/dinn.ucsc.cl\/index.php\/diseno-y-dimensionamiento-de-centros-de-produccion-y-sistemas-de-cultivo-en-tierra-de-peces-y-moluscos\/#breadcrumb","itemListElement":[{"@type":"ListItem","position":1,"name":"Inicio","item":"https:\/\/dinn.ucsc.cl\/"},{"@type":"ListItem","position":2,"name":"Dise\u00f1o y dimensionamiento de centros de producci\u00f3n y sistemas de cultivo en tierra de peces y moluscos"}]}]}},"_links":{"self":[{"href":"https:\/\/dinn.ucsc.cl\/index.php\/wp-json\/wp\/v2\/pages\/4259"}],"collection":[{"href":"https:\/\/dinn.ucsc.cl\/index.php\/wp-json\/wp\/v2\/pages"}],"about":[{"href":"https:\/\/dinn.ucsc.cl\/index.php\/wp-json\/wp\/v2\/types\/page"}],"author":[{"embeddable":true,"href":"https:\/\/dinn.ucsc.cl\/index.php\/wp-json\/wp\/v2\/users\/84"}],"replies":[{"embeddable":true,"href":"https:\/\/dinn.ucsc.cl\/index.php\/wp-json\/wp\/v2\/comments?post=4259"}],"version-history":[{"count":1,"href":"https:\/\/dinn.ucsc.cl\/index.php\/wp-json\/wp\/v2\/pages\/4259\/revisions"}],"predecessor-version":[{"id":4260,"href":"https:\/\/dinn.ucsc.cl\/index.php\/wp-json\/wp\/v2\/pages\/4259\/revisions\/4260"}],"wp:attachment":[{"href":"https:\/\/dinn.ucsc.cl\/index.php\/wp-json\/wp\/v2\/media?parent=4259"}],"curies":[{"name":"wp","href":"https:\/\/api.w.org\/{rel}","templated":true}]}}