{"id":4261,"date":"2022-11-28T23:27:49","date_gmt":"2022-11-29T02:27:49","guid":{"rendered":"https:\/\/dinn.ucsc.cl\/?page_id=4261"},"modified":"2022-11-28T23:27:49","modified_gmt":"2022-11-29T02:27:49","slug":"diseno-e-implementacion-de-sistemas-inteligentes-optimizantes-para-la-gestion-de-inventarios","status":"publish","type":"page","link":"https:\/\/dinn.ucsc.cl\/index.php\/diseno-e-implementacion-de-sistemas-inteligentes-optimizantes-para-la-gestion-de-inventarios\/","title":{"rendered":"Dise\u00f1o e implementaci\u00f3n de sistemas inteligentes optimizantes para la gesti\u00f3n de inventarios"},"content":{"rendered":"<table class=\" alignleft\">\n<tbody>\n<tr>\n<td style=\"width: 741px\" colspan=\"4\"><img loading=\"lazy\" class=\"aligncenter wp-image-2496 size-full\" src=\"https:\/\/sitios.ucsc.cl\/ott\/wp-content\/uploads\/sites\/15\/2022\/07\/OTT_SAE_9_HEADER.png\" alt=\"\" width=\"950\" height=\"194\" \/><\/td>\n<\/tr>\n<tr>\n<td style=\"width: 68px\"><\/td>\n<td style=\"width: 69px\"><img loading=\"lazy\" class=\"aligncenter wp-image-2182 size-full\" src=\"https:\/\/sitios.ucsc.cl\/ott\/wp-content\/uploads\/sites\/15\/2022\/06\/OTT_SAE_1.png\" alt=\"\" width=\"50\" height=\"50\" \/><\/td>\n<td style=\"width: 601px\">Desarrollo de optimizaci\u00f3n de procesos para la PYME, que consiste en:<\/p>\n<p>\u2022\u00a0 Diagn\u00f3stico de la situaci\u00f3n actual.<br \/>\n\u2022\u00a0 Propuesta de mejora, en base a restricciones del cliente.<br \/>\n\u2022\u00a0 Implementaci\u00f3n del sistema inteligente para la optimizaci\u00f3n de la gesti\u00f3n de inventarios.<br \/>\n\u2022\u00a0 Seguimiento de la implementaci\u00f3n.<\/td>\n<td style=\"width: 3px\">\n<h3><\/h3>\n<\/td>\n<\/tr>\n<tr>\n<td style=\"width: 68px\"><\/td>\n<td style=\"width: 69px\"><\/td>\n<td style=\"width: 601px\">Estas soluciones cumplen con 3 condiciones: son a medida, en un ambiente amigable con el usuario (no complejas), acompa\u00f1amiento y seguimiento adecuado para una exitosa implementaci\u00f3n.<br \/>\nEl \u00e1mbito de acci\u00f3n incluye: sistema inteligente de apoyo a la toma de decisiones en la gesti\u00f3n de inventarios. Se incluye taller que permitir\u00e1 incrementar las capacidades de innovaci\u00f3n en la empresa.<\/td>\n<td style=\"width: 3px\"><\/td>\n<\/tr>\n<tr>\n<td style=\"width: 68px\"><\/td>\n<td style=\"width: 670px\" colspan=\"2\">&nbsp;<\/p>\n<p><a href=\"https:\/\/sitios.ucsc.cl\/ott\/wp-content\/uploads\/sites\/15\/2022\/10\/OTT_SAE_9_2022.pdf\"><img loading=\"lazy\" class=\"aligncenter wp-image-2220 size-medium\" src=\"https:\/\/sitios.ucsc.cl\/ott\/wp-content\/uploads\/sites\/15\/2022\/06\/Bot\u00f3n-descarga-300x61.png\" alt=\"\" width=\"300\" height=\"61\" \/><\/a><\/p>\n<p>&nbsp;<\/p>\n<p>&nbsp;<\/td>\n<td style=\"width: 3px\"><\/td>\n<\/tr>\n<tr>\n<td style=\"width: 741px\" colspan=\"4\"><img loading=\"lazy\" class=\"aligncenter size-full wp-image-3032\" src=\"https:\/\/sitios.ucsc.cl\/ott\/wp-content\/uploads\/sites\/15\/2022\/08\/Banner-4.png\" alt=\"\" width=\"950\" height=\"108\" \/><\/td>\n<\/tr>\n<\/tbody>\n<\/table>\n","protected":false},"excerpt":{"rendered":"<p>Desarrollo de optimizaci\u00f3n de procesos para la PYME, que consiste en: \u2022\u00a0 Diagn\u00f3stico de la situaci\u00f3n actual. \u2022\u00a0 Propuesta de mejora, en base a restricciones del cliente. \u2022\u00a0 Implementaci\u00f3n del sistema inteligente para la optimizaci\u00f3n de la gesti\u00f3n de inventarios. \u2022\u00a0 Seguimiento de la implementaci\u00f3n. Estas soluciones cumplen con 3 condiciones: son a medida, en [&hellip;]<\/p>\n","protected":false},"author":84,"featured_media":0,"parent":0,"menu_order":0,"comment_status":"closed","ping_status":"closed","template":"","meta":[],"yoast_head":"<!-- This site is optimized with the Yoast SEO plugin v18.9 - https:\/\/yoast.com\/wordpress\/plugins\/seo\/ -->\n<title>Dise\u00f1o e implementaci\u00f3n de sistemas inteligentes optimizantes para la gesti\u00f3n de inventarios -<\/title>\n<meta name=\"robots\" content=\"index, follow, max-snippet:-1, max-image-preview:large, max-video-preview:-1\" \/>\n<link rel=\"canonical\" href=\"https:\/\/dinn.ucsc.cl\/index.php\/diseno-e-implementacion-de-sistemas-inteligentes-optimizantes-para-la-gestion-de-inventarios\/\" \/>\n<meta property=\"og:locale\" content=\"es_ES\" \/>\n<meta property=\"og:type\" content=\"article\" \/>\n<meta property=\"og:title\" content=\"Dise\u00f1o e implementaci\u00f3n de sistemas inteligentes optimizantes para la gesti\u00f3n de inventarios -\" \/>\n<meta property=\"og:description\" content=\"Desarrollo de optimizaci\u00f3n de procesos para la PYME, que consiste en: \u2022\u00a0 Diagn\u00f3stico de la situaci\u00f3n actual. \u2022\u00a0 Propuesta de mejora, en base a restricciones del cliente. \u2022\u00a0 Implementaci\u00f3n del sistema inteligente para la optimizaci\u00f3n de la gesti\u00f3n de inventarios. \u2022\u00a0 Seguimiento de la implementaci\u00f3n. Estas soluciones cumplen con 3 condiciones: son a medida, en [&hellip;]\" \/>\n<meta property=\"og:url\" content=\"https:\/\/dinn.ucsc.cl\/index.php\/diseno-e-implementacion-de-sistemas-inteligentes-optimizantes-para-la-gestion-de-inventarios\/\" \/>\n<meta property=\"article:publisher\" content=\"https:\/\/m.facebook.com\/DINNUCSC\" \/>\n<meta property=\"og:image\" content=\"https:\/\/sitios.ucsc.cl\/ott\/wp-content\/uploads\/sites\/15\/2022\/07\/OTT_SAE_9_HEADER.png\" \/>\n<meta name=\"twitter:card\" content=\"summary\" \/>\n<meta name=\"twitter:site\" content=\"@dinn_ucsc\" \/>\n<meta name=\"twitter:label1\" content=\"Tiempo de lectura\" \/>\n\t<meta name=\"twitter:data1\" content=\"1 minuto\" \/>\n<script type=\"application\/ld+json\" class=\"yoast-schema-graph\">{\"@context\":\"https:\/\/schema.org\",\"@graph\":[{\"@type\":\"WebSite\",\"@id\":\"https:\/\/dinn.ucsc.cl\/#website\",\"url\":\"https:\/\/dinn.ucsc.cl\/\",\"name\":\"Direcci\u00f3n de Innovaci\u00f3n UCSC\",\"description\":\"Direcci\u00f3n de Innovaci\u00f3n\",\"potentialAction\":[{\"@type\":\"SearchAction\",\"target\":{\"@type\":\"EntryPoint\",\"urlTemplate\":\"https:\/\/dinn.ucsc.cl\/?s={search_term_string}\"},\"query-input\":\"required name=search_term_string\"}],\"inLanguage\":\"es\"},{\"@type\":\"ImageObject\",\"inLanguage\":\"es\",\"@id\":\"https:\/\/dinn.ucsc.cl\/index.php\/diseno-e-implementacion-de-sistemas-inteligentes-optimizantes-para-la-gestion-de-inventarios\/#primaryimage\",\"url\":\"https:\/\/sitios.ucsc.cl\/ott\/wp-content\/uploads\/sites\/15\/2022\/07\/OTT_SAE_9_HEADER.png\",\"contentUrl\":\"https:\/\/sitios.ucsc.cl\/ott\/wp-content\/uploads\/sites\/15\/2022\/07\/OTT_SAE_9_HEADER.png\"},{\"@type\":\"WebPage\",\"@id\":\"https:\/\/dinn.ucsc.cl\/index.php\/diseno-e-implementacion-de-sistemas-inteligentes-optimizantes-para-la-gestion-de-inventarios\/#webpage\",\"url\":\"https:\/\/dinn.ucsc.cl\/index.php\/diseno-e-implementacion-de-sistemas-inteligentes-optimizantes-para-la-gestion-de-inventarios\/\",\"name\":\"Dise\u00f1o e implementaci\u00f3n de sistemas inteligentes optimizantes para la gesti\u00f3n de inventarios -\",\"isPartOf\":{\"@id\":\"https:\/\/dinn.ucsc.cl\/#website\"},\"primaryImageOfPage\":{\"@id\":\"https:\/\/dinn.ucsc.cl\/index.php\/diseno-e-implementacion-de-sistemas-inteligentes-optimizantes-para-la-gestion-de-inventarios\/#primaryimage\"},\"datePublished\":\"2022-11-29T02:27:49+00:00\",\"dateModified\":\"2022-11-29T02:27:49+00:00\",\"breadcrumb\":{\"@id\":\"https:\/\/dinn.ucsc.cl\/index.php\/diseno-e-implementacion-de-sistemas-inteligentes-optimizantes-para-la-gestion-de-inventarios\/#breadcrumb\"},\"inLanguage\":\"es\",\"potentialAction\":[{\"@type\":\"ReadAction\",\"target\":[\"https:\/\/dinn.ucsc.cl\/index.php\/diseno-e-implementacion-de-sistemas-inteligentes-optimizantes-para-la-gestion-de-inventarios\/\"]}]},{\"@type\":\"BreadcrumbList\",\"@id\":\"https:\/\/dinn.ucsc.cl\/index.php\/diseno-e-implementacion-de-sistemas-inteligentes-optimizantes-para-la-gestion-de-inventarios\/#breadcrumb\",\"itemListElement\":[{\"@type\":\"ListItem\",\"position\":1,\"name\":\"Inicio\",\"item\":\"https:\/\/dinn.ucsc.cl\/\"},{\"@type\":\"ListItem\",\"position\":2,\"name\":\"Dise\u00f1o e implementaci\u00f3n de sistemas inteligentes optimizantes para la gesti\u00f3n de inventarios\"}]}]}<\/script>\n<!-- \/ Yoast SEO plugin. -->","yoast_head_json":{"title":"Dise\u00f1o e implementaci\u00f3n de sistemas inteligentes optimizantes para la gesti\u00f3n de inventarios -","robots":{"index":"index","follow":"follow","max-snippet":"max-snippet:-1","max-image-preview":"max-image-preview:large","max-video-preview":"max-video-preview:-1"},"canonical":"https:\/\/dinn.ucsc.cl\/index.php\/diseno-e-implementacion-de-sistemas-inteligentes-optimizantes-para-la-gestion-de-inventarios\/","og_locale":"es_ES","og_type":"article","og_title":"Dise\u00f1o e implementaci\u00f3n de sistemas inteligentes optimizantes para la gesti\u00f3n de inventarios -","og_description":"Desarrollo de optimizaci\u00f3n de procesos para la PYME, que consiste en: \u2022\u00a0 Diagn\u00f3stico de la situaci\u00f3n actual. \u2022\u00a0 Propuesta de mejora, en base a restricciones del cliente. \u2022\u00a0 Implementaci\u00f3n del sistema inteligente para la optimizaci\u00f3n de la gesti\u00f3n de inventarios. \u2022\u00a0 Seguimiento de la implementaci\u00f3n. Estas soluciones cumplen con 3 condiciones: son a medida, en [&hellip;]","og_url":"https:\/\/dinn.ucsc.cl\/index.php\/diseno-e-implementacion-de-sistemas-inteligentes-optimizantes-para-la-gestion-de-inventarios\/","article_publisher":"https:\/\/m.facebook.com\/DINNUCSC","og_image":[{"url":"https:\/\/sitios.ucsc.cl\/ott\/wp-content\/uploads\/sites\/15\/2022\/07\/OTT_SAE_9_HEADER.png"}],"twitter_card":"summary","twitter_site":"@dinn_ucsc","twitter_misc":{"Tiempo de lectura":"1 minuto"},"schema":{"@context":"https:\/\/schema.org","@graph":[{"@type":"WebSite","@id":"https:\/\/dinn.ucsc.cl\/#website","url":"https:\/\/dinn.ucsc.cl\/","name":"Direcci\u00f3n de Innovaci\u00f3n UCSC","description":"Direcci\u00f3n de Innovaci\u00f3n","potentialAction":[{"@type":"SearchAction","target":{"@type":"EntryPoint","urlTemplate":"https:\/\/dinn.ucsc.cl\/?s={search_term_string}"},"query-input":"required name=search_term_string"}],"inLanguage":"es"},{"@type":"ImageObject","inLanguage":"es","@id":"https:\/\/dinn.ucsc.cl\/index.php\/diseno-e-implementacion-de-sistemas-inteligentes-optimizantes-para-la-gestion-de-inventarios\/#primaryimage","url":"https:\/\/sitios.ucsc.cl\/ott\/wp-content\/uploads\/sites\/15\/2022\/07\/OTT_SAE_9_HEADER.png","contentUrl":"https:\/\/sitios.ucsc.cl\/ott\/wp-content\/uploads\/sites\/15\/2022\/07\/OTT_SAE_9_HEADER.png"},{"@type":"WebPage","@id":"https:\/\/dinn.ucsc.cl\/index.php\/diseno-e-implementacion-de-sistemas-inteligentes-optimizantes-para-la-gestion-de-inventarios\/#webpage","url":"https:\/\/dinn.ucsc.cl\/index.php\/diseno-e-implementacion-de-sistemas-inteligentes-optimizantes-para-la-gestion-de-inventarios\/","name":"Dise\u00f1o e implementaci\u00f3n de sistemas inteligentes optimizantes para la gesti\u00f3n de inventarios -","isPartOf":{"@id":"https:\/\/dinn.ucsc.cl\/#website"},"primaryImageOfPage":{"@id":"https:\/\/dinn.ucsc.cl\/index.php\/diseno-e-implementacion-de-sistemas-inteligentes-optimizantes-para-la-gestion-de-inventarios\/#primaryimage"},"datePublished":"2022-11-29T02:27:49+00:00","dateModified":"2022-11-29T02:27:49+00:00","breadcrumb":{"@id":"https:\/\/dinn.ucsc.cl\/index.php\/diseno-e-implementacion-de-sistemas-inteligentes-optimizantes-para-la-gestion-de-inventarios\/#breadcrumb"},"inLanguage":"es","potentialAction":[{"@type":"ReadAction","target":["https:\/\/dinn.ucsc.cl\/index.php\/diseno-e-implementacion-de-sistemas-inteligentes-optimizantes-para-la-gestion-de-inventarios\/"]}]},{"@type":"BreadcrumbList","@id":"https:\/\/dinn.ucsc.cl\/index.php\/diseno-e-implementacion-de-sistemas-inteligentes-optimizantes-para-la-gestion-de-inventarios\/#breadcrumb","itemListElement":[{"@type":"ListItem","position":1,"name":"Inicio","item":"https:\/\/dinn.ucsc.cl\/"},{"@type":"ListItem","position":2,"name":"Dise\u00f1o e implementaci\u00f3n de sistemas inteligentes optimizantes para la gesti\u00f3n de inventarios"}]}]}},"_links":{"self":[{"href":"https:\/\/dinn.ucsc.cl\/index.php\/wp-json\/wp\/v2\/pages\/4261"}],"collection":[{"href":"https:\/\/dinn.ucsc.cl\/index.php\/wp-json\/wp\/v2\/pages"}],"about":[{"href":"https:\/\/dinn.ucsc.cl\/index.php\/wp-json\/wp\/v2\/types\/page"}],"author":[{"embeddable":true,"href":"https:\/\/dinn.ucsc.cl\/index.php\/wp-json\/wp\/v2\/users\/84"}],"replies":[{"embeddable":true,"href":"https:\/\/dinn.ucsc.cl\/index.php\/wp-json\/wp\/v2\/comments?post=4261"}],"version-history":[{"count":1,"href":"https:\/\/dinn.ucsc.cl\/index.php\/wp-json\/wp\/v2\/pages\/4261\/revisions"}],"predecessor-version":[{"id":4262,"href":"https:\/\/dinn.ucsc.cl\/index.php\/wp-json\/wp\/v2\/pages\/4261\/revisions\/4262"}],"wp:attachment":[{"href":"https:\/\/dinn.ucsc.cl\/index.php\/wp-json\/wp\/v2\/media?parent=4261"}],"curies":[{"name":"wp","href":"https:\/\/api.w.org\/{rel}","templated":true}]}}