{"id":5225,"date":"2023-07-09T23:56:32","date_gmt":"2023-07-10T03:56:32","guid":{"rendered":"https:\/\/dinn.ucsc.cl\/?page_id=5225"},"modified":"2023-07-10T01:03:32","modified_gmt":"2023-07-10T05:03:32","slug":"disipador-de-energia-para-cargas-de-traccion","status":"publish","type":"page","link":"https:\/\/dinn.ucsc.cl\/index.php\/disipador-de-energia-para-cargas-de-traccion\/","title":{"rendered":"Disipador de energ\u00eda para cargas de tracci\u00f3n"},"content":{"rendered":"<table class=\" alignleft\" style=\"font-size: 1rem;width: 733px\">\n<tbody>\n<tr>\n<td style=\"width: 732.2px\" colspan=\"4\">\n<h3><img loading=\"lazy\" class=\"aligncenter wp-image-5229 size-full\" src=\"https:\/\/dinn.ucsc.cl\/wp-content\/uploads\/sites\/14\/2023\/07\/OTT_Tec_12_Banner_1.png\" alt=\"\" width=\"950\" height=\"193\" data-wp-editing=\"1\" srcset=\"https:\/\/dinn.ucsc.cl\/wp-content\/uploads\/sites\/14\/2023\/07\/OTT_Tec_12_Banner_1.png 950w, https:\/\/dinn.ucsc.cl\/wp-content\/uploads\/sites\/14\/2023\/07\/OTT_Tec_12_Banner_1-300x61.png 300w, https:\/\/dinn.ucsc.cl\/wp-content\/uploads\/sites\/14\/2023\/07\/OTT_Tec_12_Banner_1-768x156.png 768w, https:\/\/dinn.ucsc.cl\/wp-content\/uploads\/sites\/14\/2023\/07\/OTT_Tec_12_Banner_1-200x41.png 200w\" sizes=\"(max-width: 950px) 100vw, 950px\" \/><\/h3>\n<\/td>\n<\/tr>\n<tr>\n<td style=\"width: 51.925px\"><\/td>\n<td style=\"width: 47.925px\"><\/td>\n<td style=\"width: 594.375px\"><strong>Propiedad Intelectual \u2013 Solicitud de Patente PCT: PCT\/IB2022\/057524<\/strong><\/td>\n<td style=\"width: 37.975px\">\n<h3><\/h3>\n<\/td>\n<\/tr>\n<tr>\n<td style=\"width: 51.925px\"><\/td>\n<td style=\"width: 47.925px\"><img loading=\"lazy\" class=\"aligncenter size-full wp-image-2827\" src=\"https:\/\/sitios.ucsc.cl\/ott\/wp-content\/uploads\/sites\/15\/2022\/07\/OTT_TEC_1.png\" alt=\"\" width=\"50\" height=\"50\" \/><\/td>\n<td style=\"width: 594.375px;text-align: justify\">\n<h3>Tecnolog\u00eda desarrollada<\/h3>\n<\/td>\n<td style=\"width: 37.975px\">\n<h3><\/h3>\n<\/td>\n<\/tr>\n<tr>\n<td style=\"width: 51.925px\"><\/td>\n<td style=\"width: 47.925px\"><\/td>\n<td style=\"width: 594.375px;text-align: justify\">La tecnolog\u00eda corresponde a un dispositivo capaz de disipar energ\u00eda mec\u00e1nica en sistemas estructurales, haciendo uso de la deformaci\u00f3n entre dos puntos de \u00e9ste. Su mecanismo se compone de un elemento el\u00e1stico m\u00e1s un elemento friccional capaz de disipar energ\u00eda. Estos aportan la respuesta el\u00e1stica y friccional del dispositivo, siendo ambas proporcionales al desplazamiento impuesto, lo cual es una ventaja frente a otros dispositivos friccionales.<\/td>\n<td style=\"width: 37.975px\">\n<h3><\/h3>\n<\/td>\n<\/tr>\n<tr>\n<td style=\"width: 51.925px\"><\/td>\n<td style=\"width: 47.925px\"><img loading=\"lazy\" class=\"aligncenter size-full wp-image-2828\" src=\"https:\/\/sitios.ucsc.cl\/ott\/wp-content\/uploads\/sites\/15\/2022\/07\/OTT_TEC_2.png\" alt=\"\" width=\"50\" height=\"50\" \/><\/td>\n<td style=\"width: 594.375px;text-align: justify\">\n<h3>Beneficios \/ Ventajas<\/h3>\n<\/td>\n<td style=\"width: 37.975px\"><\/td>\n<\/tr>\n<tr>\n<td style=\"width: 51.925px\"><\/td>\n<td style=\"width: 47.925px\"><\/td>\n<td style=\"width: 594.375px;text-align: justify\">\u2022 Disipa energ\u00eda en proporci\u00f3n a la demanda de desplazamiento impuesto.<br \/>\n\u2022 Recupera aut\u00f3nomamente su forma de reposo, una vez terminada la acci\u00f3n de las cargas din\u00e1micas.<br \/>\n\u2022 Presenta un mecanismo sencillo y de f\u00e1cil escalamiento, de acuerdo a la demanda de desplazamiento, fuerza y capacidad de disipaci\u00f3n de energ\u00eda.<br \/>\n\u2022 Puede ser instalado en cables de arrostramiento de forma econ\u00f3mica y ajustable a sistemas constructivos nuevos o como mejoramiento de sistemas existentes.<br \/>\n\u2022 En una disposici\u00f3n ad-hoc, dos dispositivos postensados pueden trabajar tanto en compresi\u00f3n como en tracci\u00f3n.<br \/>\n\u2022 Dispositivo de f\u00e1cil mantenimiento y bajo costo asociado, ya que la disipaci\u00f3n se produce por desgaste de un elemento econ\u00f3mico y de r\u00e1pida sustituci\u00f3n.<\/td>\n<td style=\"width: 37.975px\"><\/td>\n<\/tr>\n<tr>\n<td style=\"width: 51.925px\"><\/td>\n<td style=\"width: 47.925px\"><img loading=\"lazy\" class=\"aligncenter size-full wp-image-2829\" src=\"https:\/\/sitios.ucsc.cl\/ott\/wp-content\/uploads\/sites\/15\/2022\/07\/OTT_TEC_3.png\" alt=\"\" width=\"50\" height=\"50\" \/><\/td>\n<td style=\"width: 594.375px;text-align: justify\">\n<h3>Usos \/ Aplicaciones<\/h3>\n<\/td>\n<td style=\"width: 37.975px\"><\/td>\n<\/tr>\n<tr>\n<td style=\"width: 51.925px\"><\/td>\n<td style=\"width: 47.925px\"><\/td>\n<td style=\"width: 594.375px;text-align: justify\">Tecnolog\u00eda ideal para la protecci\u00f3n de sistemas estructurados en base a marcos flexibles como: naves industriales, edificios de p\u00f3rticos y racks de almacenamiento industrial. Adem\u00e1s, este disipador puede ser implementado en la protecci\u00f3n de equipos mec\u00e1nicos o componentes industriales que posean partes sometidas a cargas de tracci\u00f3n din\u00e1mica.<\/td>\n<td style=\"width: 37.975px\"><\/td>\n<\/tr>\n<tr>\n<td style=\"width: 51.925px\"><\/td>\n<td style=\"width: 47.925px\"><img loading=\"lazy\" class=\"aligncenter size-full wp-image-2830\" src=\"https:\/\/sitios.ucsc.cl\/ott\/wp-content\/uploads\/sites\/15\/2022\/07\/OTT_TEC_4.png\" alt=\"\" width=\"50\" height=\"50\" \/><\/td>\n<td style=\"width: 594.375px;text-align: justify\">\n<h3>Oferta tecnol\u00f3gica<\/h3>\n<\/td>\n<td style=\"width: 37.975px\"><\/td>\n<\/tr>\n<tr>\n<td style=\"width: 51.925px\"><\/td>\n<td style=\"width: 47.925px\"><\/td>\n<td style=\"width: 594.375px;text-align: justify\">La tecnolog\u00eda est\u00e1 disponible para licenciamiento.<\/td>\n<td style=\"width: 37.975px\"><\/td>\n<\/tr>\n<tr>\n<td style=\"width: 51.925px\"><\/td>\n<td style=\"width: 47.925px\"><img loading=\"lazy\" class=\"aligncenter size-full wp-image-2831\" src=\"https:\/\/sitios.ucsc.cl\/ott\/wp-content\/uploads\/sites\/15\/2022\/07\/OTT_TEC_5.png\" alt=\"\" width=\"50\" height=\"50\" \/><\/td>\n<td style=\"width: 594.375px;text-align: justify\">\n<h3>Estado de desarrollo<\/h3>\n<\/td>\n<td style=\"width: 37.975px\"><\/td>\n<\/tr>\n<tr>\n<td style=\"width: 51.925px\"><\/td>\n<td style=\"width: 47.925px\"><\/td>\n<td style=\"width: 594.375px;text-align: justify\">TRL 4, ya que cuenta con componentes y sistema validado en entorno de laboratorio. La tecnolog\u00eda cuenta con pruebas num\u00e9ricas y ensayos experimentales de carga c\u00edclica. Esto permiti\u00f3 validar el modelo anal\u00edtico y comprobar la efectividad del dispositivo como disipador de energ\u00eda.<\/td>\n<td style=\"width: 37.975px\"><\/td>\n<\/tr>\n<tr>\n<td style=\"width: 51.925px\"><\/td>\n<td style=\"width: 47.925px\"><img loading=\"lazy\" class=\"aligncenter size-full wp-image-2832\" src=\"https:\/\/sitios.ucsc.cl\/ott\/wp-content\/uploads\/sites\/15\/2022\/07\/OTT_TEC_6.png\" alt=\"\" width=\"50\" height=\"50\" \/><\/td>\n<td style=\"width: 594.375px;text-align: justify\">\n<h3>Investigadores principales<\/h3>\n<\/td>\n<td style=\"width: 37.975px\"><\/td>\n<\/tr>\n<tr>\n<td style=\"width: 51.925px\"><\/td>\n<td style=\"width: 47.925px\"><\/td>\n<td style=\"width: 594.375px;text-align: justify\"><a href=\"https:\/\/ingenieria.ucsc.cl\/persona\/nelson-maureira-carsalade\/\">Dr. Nelson Maureira Carsalade<\/a>, Facultad de Ingenier\u00eda.<\/p>\n<p>Esteban Balboa Constanzo, Facultad de Ingenier\u00eda.<\/td>\n<td style=\"width: 37.975px\"><\/td>\n<\/tr>\n<tr>\n<td style=\"width: 51.925px\"><\/td>\n<td style=\"width: 642.3px\" colspan=\"2\">&nbsp;<\/p>\n<p><a href=\"https:\/\/dinn.ucsc.cl\/wp-content\/uploads\/sites\/14\/2023\/07\/OTT_Tec_12.pdf\"><img loading=\"lazy\" class=\"aligncenter wp-image-2220 size-medium\" src=\"https:\/\/sitios.ucsc.cl\/ott\/wp-content\/uploads\/sites\/15\/2022\/06\/Bot\u00f3n-descarga-300x61.png\" alt=\"\" width=\"300\" height=\"61\" \/><\/a><\/td>\n<td style=\"width: 37.975px\"><\/td>\n<\/tr>\n<tr>\n<td style=\"width: 732.2px\" colspan=\"4\">\n<h3><img loading=\"lazy\" class=\"aligncenter size-full wp-image-5233\" src=\"https:\/\/dinn.ucsc.cl\/wp-content\/uploads\/sites\/14\/2023\/07\/OTT_Tec_Footer_1.png\" alt=\"\" width=\"950\" height=\"111\" srcset=\"https:\/\/dinn.ucsc.cl\/wp-content\/uploads\/sites\/14\/2023\/07\/OTT_Tec_Footer_1.png 950w, https:\/\/dinn.ucsc.cl\/wp-content\/uploads\/sites\/14\/2023\/07\/OTT_Tec_Footer_1-300x35.png 300w, https:\/\/dinn.ucsc.cl\/wp-content\/uploads\/sites\/14\/2023\/07\/OTT_Tec_Footer_1-768x90.png 768w, https:\/\/dinn.ucsc.cl\/wp-content\/uploads\/sites\/14\/2023\/07\/OTT_Tec_Footer_1-200x23.png 200w\" sizes=\"(max-width: 950px) 100vw, 950px\" \/><\/h3>\n<\/td>\n<\/tr>\n<\/tbody>\n<\/table>\n<h3><\/h3>\n","protected":false},"excerpt":{"rendered":"<p>Propiedad Intelectual \u2013 Solicitud de Patente PCT: PCT\/IB2022\/057524 Tecnolog\u00eda desarrollada La tecnolog\u00eda corresponde a un dispositivo capaz de disipar energ\u00eda mec\u00e1nica en sistemas estructurales, haciendo uso de la deformaci\u00f3n entre dos puntos de \u00e9ste. Su mecanismo se compone de un elemento el\u00e1stico m\u00e1s un elemento friccional capaz de disipar energ\u00eda. Estos aportan la respuesta el\u00e1stica [&hellip;]<\/p>\n","protected":false},"author":84,"featured_media":0,"parent":0,"menu_order":0,"comment_status":"closed","ping_status":"closed","template":"","meta":[],"yoast_head":"<!-- This site is optimized with the Yoast SEO plugin v18.9 - https:\/\/yoast.com\/wordpress\/plugins\/seo\/ -->\n<title>Disipador de energ\u00eda para cargas de tracci\u00f3n -<\/title>\n<meta name=\"robots\" content=\"index, follow, max-snippet:-1, max-image-preview:large, max-video-preview:-1\" \/>\n<link rel=\"canonical\" href=\"https:\/\/dinn.ucsc.cl\/index.php\/disipador-de-energia-para-cargas-de-traccion\/\" \/>\n<meta property=\"og:locale\" content=\"es_ES\" \/>\n<meta property=\"og:type\" content=\"article\" \/>\n<meta property=\"og:title\" content=\"Disipador de energ\u00eda para cargas de tracci\u00f3n -\" \/>\n<meta property=\"og:description\" content=\"Propiedad Intelectual \u2013 Solicitud de Patente PCT: PCT\/IB2022\/057524 Tecnolog\u00eda desarrollada La tecnolog\u00eda corresponde a un dispositivo capaz de disipar energ\u00eda mec\u00e1nica en sistemas estructurales, haciendo uso de la deformaci\u00f3n entre dos puntos de \u00e9ste. Su mecanismo se compone de un elemento el\u00e1stico m\u00e1s un elemento friccional capaz de disipar energ\u00eda. Estos aportan la respuesta el\u00e1stica [&hellip;]\" \/>\n<meta property=\"og:url\" content=\"https:\/\/dinn.ucsc.cl\/index.php\/disipador-de-energia-para-cargas-de-traccion\/\" \/>\n<meta property=\"article:publisher\" content=\"https:\/\/m.facebook.com\/DINNUCSC\" \/>\n<meta property=\"article:modified_time\" content=\"2023-07-10T05:03:32+00:00\" \/>\n<meta property=\"og:image\" content=\"https:\/\/sitios.ucsc.cl\/investigacion\/wp-content\/uploads\/sites\/14\/2023\/07\/OTT_Tec_12_Banner_1.png\" \/>\n<meta name=\"twitter:card\" content=\"summary\" \/>\n<meta name=\"twitter:site\" content=\"@dinn_ucsc\" \/>\n<meta name=\"twitter:label1\" content=\"Tiempo de lectura\" \/>\n\t<meta name=\"twitter:data1\" content=\"2 minutos\" \/>\n<script type=\"application\/ld+json\" class=\"yoast-schema-graph\">{\"@context\":\"https:\/\/schema.org\",\"@graph\":[{\"@type\":\"WebSite\",\"@id\":\"https:\/\/dinn.ucsc.cl\/#website\",\"url\":\"https:\/\/dinn.ucsc.cl\/\",\"name\":\"Direcci\u00f3n de Innovaci\u00f3n UCSC\",\"description\":\"Direcci\u00f3n de Innovaci\u00f3n\",\"potentialAction\":[{\"@type\":\"SearchAction\",\"target\":{\"@type\":\"EntryPoint\",\"urlTemplate\":\"https:\/\/dinn.ucsc.cl\/?s={search_term_string}\"},\"query-input\":\"required name=search_term_string\"}],\"inLanguage\":\"es\"},{\"@type\":\"ImageObject\",\"inLanguage\":\"es\",\"@id\":\"https:\/\/dinn.ucsc.cl\/index.php\/disipador-de-energia-para-cargas-de-traccion\/#primaryimage\",\"url\":\"https:\/\/sitios.ucsc.cl\/investigacion\/wp-content\/uploads\/sites\/14\/2023\/07\/OTT_Tec_12_Banner_1.png\",\"contentUrl\":\"https:\/\/sitios.ucsc.cl\/investigacion\/wp-content\/uploads\/sites\/14\/2023\/07\/OTT_Tec_12_Banner_1.png\"},{\"@type\":\"WebPage\",\"@id\":\"https:\/\/dinn.ucsc.cl\/index.php\/disipador-de-energia-para-cargas-de-traccion\/#webpage\",\"url\":\"https:\/\/dinn.ucsc.cl\/index.php\/disipador-de-energia-para-cargas-de-traccion\/\",\"name\":\"Disipador de energ\u00eda para cargas de tracci\u00f3n -\",\"isPartOf\":{\"@id\":\"https:\/\/dinn.ucsc.cl\/#website\"},\"primaryImageOfPage\":{\"@id\":\"https:\/\/dinn.ucsc.cl\/index.php\/disipador-de-energia-para-cargas-de-traccion\/#primaryimage\"},\"datePublished\":\"2023-07-10T03:56:32+00:00\",\"dateModified\":\"2023-07-10T05:03:32+00:00\",\"breadcrumb\":{\"@id\":\"https:\/\/dinn.ucsc.cl\/index.php\/disipador-de-energia-para-cargas-de-traccion\/#breadcrumb\"},\"inLanguage\":\"es\",\"potentialAction\":[{\"@type\":\"ReadAction\",\"target\":[\"https:\/\/dinn.ucsc.cl\/index.php\/disipador-de-energia-para-cargas-de-traccion\/\"]}]},{\"@type\":\"BreadcrumbList\",\"@id\":\"https:\/\/dinn.ucsc.cl\/index.php\/disipador-de-energia-para-cargas-de-traccion\/#breadcrumb\",\"itemListElement\":[{\"@type\":\"ListItem\",\"position\":1,\"name\":\"Inicio\",\"item\":\"https:\/\/dinn.ucsc.cl\/\"},{\"@type\":\"ListItem\",\"position\":2,\"name\":\"Disipador de energ\u00eda para cargas de tracci\u00f3n\"}]}]}<\/script>\n<!-- \/ Yoast SEO plugin. -->","yoast_head_json":{"title":"Disipador de energ\u00eda para cargas de tracci\u00f3n -","robots":{"index":"index","follow":"follow","max-snippet":"max-snippet:-1","max-image-preview":"max-image-preview:large","max-video-preview":"max-video-preview:-1"},"canonical":"https:\/\/dinn.ucsc.cl\/index.php\/disipador-de-energia-para-cargas-de-traccion\/","og_locale":"es_ES","og_type":"article","og_title":"Disipador de energ\u00eda para cargas de tracci\u00f3n -","og_description":"Propiedad Intelectual \u2013 Solicitud de Patente PCT: PCT\/IB2022\/057524 Tecnolog\u00eda desarrollada La tecnolog\u00eda corresponde a un dispositivo capaz de disipar energ\u00eda mec\u00e1nica en sistemas estructurales, haciendo uso de la deformaci\u00f3n entre dos puntos de \u00e9ste. Su mecanismo se compone de un elemento el\u00e1stico m\u00e1s un elemento friccional capaz de disipar energ\u00eda. Estos aportan la respuesta el\u00e1stica [&hellip;]","og_url":"https:\/\/dinn.ucsc.cl\/index.php\/disipador-de-energia-para-cargas-de-traccion\/","article_publisher":"https:\/\/m.facebook.com\/DINNUCSC","article_modified_time":"2023-07-10T05:03:32+00:00","og_image":[{"url":"https:\/\/sitios.ucsc.cl\/investigacion\/wp-content\/uploads\/sites\/14\/2023\/07\/OTT_Tec_12_Banner_1.png"}],"twitter_card":"summary","twitter_site":"@dinn_ucsc","twitter_misc":{"Tiempo de lectura":"2 minutos"},"schema":{"@context":"https:\/\/schema.org","@graph":[{"@type":"WebSite","@id":"https:\/\/dinn.ucsc.cl\/#website","url":"https:\/\/dinn.ucsc.cl\/","name":"Direcci\u00f3n de Innovaci\u00f3n UCSC","description":"Direcci\u00f3n de Innovaci\u00f3n","potentialAction":[{"@type":"SearchAction","target":{"@type":"EntryPoint","urlTemplate":"https:\/\/dinn.ucsc.cl\/?s={search_term_string}"},"query-input":"required name=search_term_string"}],"inLanguage":"es"},{"@type":"ImageObject","inLanguage":"es","@id":"https:\/\/dinn.ucsc.cl\/index.php\/disipador-de-energia-para-cargas-de-traccion\/#primaryimage","url":"https:\/\/sitios.ucsc.cl\/investigacion\/wp-content\/uploads\/sites\/14\/2023\/07\/OTT_Tec_12_Banner_1.png","contentUrl":"https:\/\/sitios.ucsc.cl\/investigacion\/wp-content\/uploads\/sites\/14\/2023\/07\/OTT_Tec_12_Banner_1.png"},{"@type":"WebPage","@id":"https:\/\/dinn.ucsc.cl\/index.php\/disipador-de-energia-para-cargas-de-traccion\/#webpage","url":"https:\/\/dinn.ucsc.cl\/index.php\/disipador-de-energia-para-cargas-de-traccion\/","name":"Disipador de energ\u00eda para cargas de tracci\u00f3n -","isPartOf":{"@id":"https:\/\/dinn.ucsc.cl\/#website"},"primaryImageOfPage":{"@id":"https:\/\/dinn.ucsc.cl\/index.php\/disipador-de-energia-para-cargas-de-traccion\/#primaryimage"},"datePublished":"2023-07-10T03:56:32+00:00","dateModified":"2023-07-10T05:03:32+00:00","breadcrumb":{"@id":"https:\/\/dinn.ucsc.cl\/index.php\/disipador-de-energia-para-cargas-de-traccion\/#breadcrumb"},"inLanguage":"es","potentialAction":[{"@type":"ReadAction","target":["https:\/\/dinn.ucsc.cl\/index.php\/disipador-de-energia-para-cargas-de-traccion\/"]}]},{"@type":"BreadcrumbList","@id":"https:\/\/dinn.ucsc.cl\/index.php\/disipador-de-energia-para-cargas-de-traccion\/#breadcrumb","itemListElement":[{"@type":"ListItem","position":1,"name":"Inicio","item":"https:\/\/dinn.ucsc.cl\/"},{"@type":"ListItem","position":2,"name":"Disipador de energ\u00eda para cargas de tracci\u00f3n"}]}]}},"_links":{"self":[{"href":"https:\/\/dinn.ucsc.cl\/index.php\/wp-json\/wp\/v2\/pages\/5225"}],"collection":[{"href":"https:\/\/dinn.ucsc.cl\/index.php\/wp-json\/wp\/v2\/pages"}],"about":[{"href":"https:\/\/dinn.ucsc.cl\/index.php\/wp-json\/wp\/v2\/types\/page"}],"author":[{"embeddable":true,"href":"https:\/\/dinn.ucsc.cl\/index.php\/wp-json\/wp\/v2\/users\/84"}],"replies":[{"embeddable":true,"href":"https:\/\/dinn.ucsc.cl\/index.php\/wp-json\/wp\/v2\/comments?post=5225"}],"version-history":[{"count":14,"href":"https:\/\/dinn.ucsc.cl\/index.php\/wp-json\/wp\/v2\/pages\/5225\/revisions"}],"predecessor-version":[{"id":5277,"href":"https:\/\/dinn.ucsc.cl\/index.php\/wp-json\/wp\/v2\/pages\/5225\/revisions\/5277"}],"wp:attachment":[{"href":"https:\/\/dinn.ucsc.cl\/index.php\/wp-json\/wp\/v2\/media?parent=5225"}],"curies":[{"name":"wp","href":"https:\/\/api.w.org\/{rel}","templated":true}]}}