{"id":5245,"date":"2023-07-10T00:40:37","date_gmt":"2023-07-10T04:40:37","guid":{"rendered":"https:\/\/dinn.ucsc.cl\/?page_id=5245"},"modified":"2023-07-10T00:42:41","modified_gmt":"2023-07-10T04:42:41","slug":"sistema-y-metodo-para-generar-ondas-de-tsunami-en-flujo-reversible-en-condiciones-de-laboratorio","status":"publish","type":"page","link":"https:\/\/dinn.ucsc.cl\/index.php\/sistema-y-metodo-para-generar-ondas-de-tsunami-en-flujo-reversible-en-condiciones-de-laboratorio\/","title":{"rendered":"Sistema y m\u00e9todo para generar ondas de tsunami en flujo reversible en condiciones de laboratorio"},"content":{"rendered":"<table class=\" alignleft\" style=\"font-size: 1rem;width: 733px\">\n<tbody>\n<tr>\n<td style=\"width: 732.2px\" colspan=\"4\">\n<h3><img loading=\"lazy\" class=\"aligncenter size-full wp-image-5246\" src=\"https:\/\/dinn.ucsc.cl\/wp-content\/uploads\/sites\/14\/2023\/07\/OTT_Tec_13_Banner_1.png\" alt=\"\" width=\"950\" height=\"193\" srcset=\"https:\/\/dinn.ucsc.cl\/wp-content\/uploads\/sites\/14\/2023\/07\/OTT_Tec_13_Banner_1.png 950w, https:\/\/dinn.ucsc.cl\/wp-content\/uploads\/sites\/14\/2023\/07\/OTT_Tec_13_Banner_1-300x61.png 300w, https:\/\/dinn.ucsc.cl\/wp-content\/uploads\/sites\/14\/2023\/07\/OTT_Tec_13_Banner_1-768x156.png 768w, https:\/\/dinn.ucsc.cl\/wp-content\/uploads\/sites\/14\/2023\/07\/OTT_Tec_13_Banner_1-200x41.png 200w\" sizes=\"(max-width: 950px) 100vw, 950px\" \/><\/h3>\n<\/td>\n<\/tr>\n<tr>\n<td style=\"width: 51.925px\"><\/td>\n<td style=\"width: 47.925px\"><\/td>\n<td style=\"width: 594.375px\"><strong>Propiedad Intelectual \u2013 Solicitud de Patente PCT: PCT\/CL2022\/050064<\/strong><\/td>\n<td style=\"width: 37.975px\">\n<h3><\/h3>\n<\/td>\n<\/tr>\n<tr>\n<td style=\"width: 51.925px\"><\/td>\n<td style=\"width: 47.925px\"><img loading=\"lazy\" class=\"aligncenter size-full wp-image-2827\" src=\"https:\/\/sitios.ucsc.cl\/ott\/wp-content\/uploads\/sites\/15\/2022\/07\/OTT_TEC_1.png\" alt=\"\" width=\"50\" height=\"50\" \/><\/td>\n<td style=\"width: 594.375px;text-align: justify\">\n<h3>Tecnolog\u00eda desarrollada<\/h3>\n<\/td>\n<td style=\"width: 37.975px\">\n<h3><\/h3>\n<\/td>\n<\/tr>\n<tr>\n<td style=\"width: 51.925px\"><\/td>\n<td style=\"width: 47.925px\"><\/td>\n<td style=\"width: 594.375px;text-align: justify\">Consiste en un conjunto de elementos dise\u00f1ados y configurados para reproducir una onda de tsunami en laboratorio que tiene las caracter\u00edsticas de un tsunami real. Utiliza un canal de 20m de largo, 0.8m de ancho y 1.2m de alto, adem\u00e1s de un tanque de 10m<sup>3<\/sup> de agua con compartimentos interconectados. Considera un sistema de 3 bombas en paralelo, un sensor de nivel ultras\u00f3nico para determinar la profundidad de flujo en el canal, y un dispositivo para medir velocidad del flujo. Todos los sensores van conectados a un computador y un software para recolecci\u00f3n de datos, control del sistema e interpretaci\u00f3n de par\u00e1metros.<\/td>\n<td style=\"width: 37.975px\">\n<h3><\/h3>\n<\/td>\n<\/tr>\n<tr>\n<td style=\"width: 51.925px\"><\/td>\n<td style=\"width: 47.925px\"><img loading=\"lazy\" class=\"aligncenter size-full wp-image-2828\" src=\"https:\/\/sitios.ucsc.cl\/ott\/wp-content\/uploads\/sites\/15\/2022\/07\/OTT_TEC_2.png\" alt=\"\" width=\"50\" height=\"50\" \/><\/td>\n<td style=\"width: 594.375px;text-align: justify\">\n<h3>Beneficios \/ Ventajas<\/h3>\n<\/td>\n<td style=\"width: 37.975px\"><\/td>\n<\/tr>\n<tr>\n<td style=\"width: 51.925px\"><\/td>\n<td style=\"width: 47.925px\"><\/td>\n<td style=\"width: 594.375px;text-align: justify\">\u2022 Permite reproducir tanto la etapa de inundaci\u00f3n como la de flujo de retorno (resaca) respetando la escala temporal del fen\u00f3meno real.<br \/>\n\u2022 Favorece el estudio de socavaci\u00f3n del suelo de fundaci\u00f3n de un edificio.<br \/>\n\u2022 Propicia el an\u00e1lisis de cualquier medida de mitigaci\u00f3n frente a tsunami que se quiere implementar, ya sea de car\u00e1cter p\u00fablico o privado.<\/td>\n<td style=\"width: 37.975px\"><\/td>\n<\/tr>\n<tr>\n<td style=\"width: 51.925px\"><\/td>\n<td style=\"width: 47.925px\"><img loading=\"lazy\" class=\"aligncenter size-full wp-image-2829\" src=\"https:\/\/sitios.ucsc.cl\/ott\/wp-content\/uploads\/sites\/15\/2022\/07\/OTT_TEC_3.png\" alt=\"\" width=\"50\" height=\"50\" \/><\/td>\n<td style=\"width: 594.375px;text-align: justify\">\n<h3>Usos \/ Aplicaciones<\/h3>\n<\/td>\n<td style=\"width: 37.975px\"><\/td>\n<\/tr>\n<tr>\n<td style=\"width: 51.925px\"><\/td>\n<td style=\"width: 47.925px\"><\/td>\n<td style=\"width: 594.375px;text-align: justify\">El sistema puede ser usado por instituciones ambientales y\/o universidades que deseen desarrollar investigaci\u00f3n aplicada, as\u00ed como Ministerios o empresas privadas como constructoras, que requieran probar medidas de mitigaci\u00f3n. De esta forma, la tecnolog\u00eda puede contribuir a la toma de decisiones frente a eventos de cat\u00e1strofe de este tipo.<\/td>\n<td style=\"width: 37.975px\"><\/td>\n<\/tr>\n<tr>\n<td style=\"width: 51.925px\"><\/td>\n<td style=\"width: 47.925px\"><img loading=\"lazy\" class=\"aligncenter size-full wp-image-2830\" src=\"https:\/\/sitios.ucsc.cl\/ott\/wp-content\/uploads\/sites\/15\/2022\/07\/OTT_TEC_4.png\" alt=\"\" width=\"50\" height=\"50\" \/><\/td>\n<td style=\"width: 594.375px;text-align: justify\">\n<h3>Oferta tecnol\u00f3gica<\/h3>\n<\/td>\n<td style=\"width: 37.975px\"><\/td>\n<\/tr>\n<tr>\n<td style=\"width: 51.925px\"><\/td>\n<td style=\"width: 47.925px\"><\/td>\n<td style=\"width: 594.375px;text-align: justify\">La tecnolog\u00eda est\u00e1 disponible para licenciamiento.<\/td>\n<td style=\"width: 37.975px\"><\/td>\n<\/tr>\n<tr>\n<td style=\"width: 51.925px\"><\/td>\n<td style=\"width: 47.925px\"><img loading=\"lazy\" class=\"aligncenter size-full wp-image-2831\" src=\"https:\/\/sitios.ucsc.cl\/ott\/wp-content\/uploads\/sites\/15\/2022\/07\/OTT_TEC_5.png\" alt=\"\" width=\"50\" height=\"50\" \/><\/td>\n<td style=\"width: 594.375px;text-align: justify\">\n<h3>Estado de desarrollo<\/h3>\n<\/td>\n<td style=\"width: 37.975px\"><\/td>\n<\/tr>\n<tr>\n<td style=\"width: 51.925px\"><\/td>\n<td style=\"width: 47.925px\"><\/td>\n<td style=\"width: 594.375px;text-align: justify\">TRL 3, ya que se cuenta con pruebas sobre modelamiento num\u00e9rico del canal para verificar su comportamiento, y dise\u00f1ar el sistema de mejor forma.<\/td>\n<td style=\"width: 37.975px\"><\/td>\n<\/tr>\n<tr>\n<td style=\"width: 51.925px\"><\/td>\n<td style=\"width: 47.925px\"><img loading=\"lazy\" class=\"aligncenter size-full wp-image-2832\" src=\"https:\/\/sitios.ucsc.cl\/ott\/wp-content\/uploads\/sites\/15\/2022\/07\/OTT_TEC_6.png\" alt=\"\" width=\"50\" height=\"50\" \/><\/td>\n<td style=\"width: 594.375px;text-align: justify\">\n<h3>Investigador principal<\/h3>\n<\/td>\n<td style=\"width: 37.975px\"><\/td>\n<\/tr>\n<tr>\n<td style=\"width: 51.925px\"><\/td>\n<td style=\"width: 47.925px\"><\/td>\n<td style=\"width: 594.375px;text-align: justify\">Dr. Rafael Ar\u00e1nguiz Mu\u00f1oz, Facultad de Ingenier\u00eda.<\/td>\n<td style=\"width: 37.975px\"><\/td>\n<\/tr>\n<tr>\n<td style=\"width: 51.925px\"><\/td>\n<td style=\"width: 642.3px\" colspan=\"2\">&nbsp;<\/p>\n<p><a href=\"https:\/\/dinn.ucsc.cl\/wp-content\/uploads\/sites\/14\/2023\/07\/OTT_Tec_13.pdf\"><img loading=\"lazy\" class=\"aligncenter wp-image-2220 size-medium\" src=\"https:\/\/sitios.ucsc.cl\/ott\/wp-content\/uploads\/sites\/15\/2022\/06\/Bot\u00f3n-descarga-300x61.png\" alt=\"\" width=\"300\" height=\"61\" \/><\/a><\/td>\n<td style=\"width: 37.975px\"><\/td>\n<\/tr>\n<tr>\n<td style=\"width: 732.2px\" colspan=\"4\">\n<h3><img loading=\"lazy\" class=\"aligncenter size-full wp-image-5233\" src=\"https:\/\/dinn.ucsc.cl\/wp-content\/uploads\/sites\/14\/2023\/07\/OTT_Tec_Footer_1.png\" alt=\"\" width=\"950\" height=\"111\" srcset=\"https:\/\/dinn.ucsc.cl\/wp-content\/uploads\/sites\/14\/2023\/07\/OTT_Tec_Footer_1.png 950w, https:\/\/dinn.ucsc.cl\/wp-content\/uploads\/sites\/14\/2023\/07\/OTT_Tec_Footer_1-300x35.png 300w, https:\/\/dinn.ucsc.cl\/wp-content\/uploads\/sites\/14\/2023\/07\/OTT_Tec_Footer_1-768x90.png 768w, https:\/\/dinn.ucsc.cl\/wp-content\/uploads\/sites\/14\/2023\/07\/OTT_Tec_Footer_1-200x23.png 200w\" sizes=\"(max-width: 950px) 100vw, 950px\" \/><\/h3>\n<\/td>\n<\/tr>\n<\/tbody>\n<\/table>\n<h3><\/h3>\n","protected":false},"excerpt":{"rendered":"<p>Propiedad Intelectual \u2013 Solicitud de Patente PCT: PCT\/CL2022\/050064 Tecnolog\u00eda desarrollada Consiste en un conjunto de elementos dise\u00f1ados y configurados para reproducir una onda de tsunami en laboratorio que tiene las caracter\u00edsticas de un tsunami real. Utiliza un canal de 20m de largo, 0.8m de ancho y 1.2m de alto, adem\u00e1s de un tanque de 10m3 [&hellip;]<\/p>\n","protected":false},"author":84,"featured_media":0,"parent":0,"menu_order":0,"comment_status":"closed","ping_status":"closed","template":"","meta":[],"yoast_head":"<!-- This site is optimized with the Yoast SEO plugin v18.9 - https:\/\/yoast.com\/wordpress\/plugins\/seo\/ -->\n<title>Sistema y m\u00e9todo para generar ondas de tsunami en flujo reversible en condiciones de laboratorio -<\/title>\n<meta name=\"robots\" content=\"index, follow, max-snippet:-1, max-image-preview:large, max-video-preview:-1\" \/>\n<link rel=\"canonical\" href=\"https:\/\/dinn.ucsc.cl\/index.php\/sistema-y-metodo-para-generar-ondas-de-tsunami-en-flujo-reversible-en-condiciones-de-laboratorio\/\" \/>\n<meta property=\"og:locale\" content=\"es_ES\" \/>\n<meta property=\"og:type\" content=\"article\" \/>\n<meta property=\"og:title\" content=\"Sistema y m\u00e9todo para generar ondas de tsunami en flujo reversible en condiciones de laboratorio -\" \/>\n<meta property=\"og:description\" content=\"Propiedad Intelectual \u2013 Solicitud de Patente PCT: PCT\/CL2022\/050064 Tecnolog\u00eda desarrollada Consiste en un conjunto de elementos dise\u00f1ados y configurados para reproducir una onda de tsunami en laboratorio que tiene las caracter\u00edsticas de un tsunami real. Utiliza un canal de 20m de largo, 0.8m de ancho y 1.2m de alto, adem\u00e1s de un tanque de 10m3 [&hellip;]\" \/>\n<meta property=\"og:url\" content=\"https:\/\/dinn.ucsc.cl\/index.php\/sistema-y-metodo-para-generar-ondas-de-tsunami-en-flujo-reversible-en-condiciones-de-laboratorio\/\" \/>\n<meta property=\"article:publisher\" content=\"https:\/\/m.facebook.com\/DINNUCSC\" \/>\n<meta property=\"article:modified_time\" content=\"2023-07-10T04:42:41+00:00\" \/>\n<meta property=\"og:image\" content=\"https:\/\/sitios.ucsc.cl\/investigacion\/wp-content\/uploads\/sites\/14\/2023\/07\/OTT_Tec_13_Banner_1.png\" \/>\n<meta name=\"twitter:card\" content=\"summary\" \/>\n<meta name=\"twitter:site\" content=\"@dinn_ucsc\" \/>\n<meta name=\"twitter:label1\" content=\"Tiempo de lectura\" \/>\n\t<meta name=\"twitter:data1\" content=\"1 minuto\" \/>\n<script type=\"application\/ld+json\" class=\"yoast-schema-graph\">{\"@context\":\"https:\/\/schema.org\",\"@graph\":[{\"@type\":\"WebSite\",\"@id\":\"https:\/\/dinn.ucsc.cl\/#website\",\"url\":\"https:\/\/dinn.ucsc.cl\/\",\"name\":\"Direcci\u00f3n de Innovaci\u00f3n UCSC\",\"description\":\"Direcci\u00f3n de Innovaci\u00f3n\",\"potentialAction\":[{\"@type\":\"SearchAction\",\"target\":{\"@type\":\"EntryPoint\",\"urlTemplate\":\"https:\/\/dinn.ucsc.cl\/?s={search_term_string}\"},\"query-input\":\"required name=search_term_string\"}],\"inLanguage\":\"es\"},{\"@type\":\"ImageObject\",\"inLanguage\":\"es\",\"@id\":\"https:\/\/dinn.ucsc.cl\/index.php\/sistema-y-metodo-para-generar-ondas-de-tsunami-en-flujo-reversible-en-condiciones-de-laboratorio\/#primaryimage\",\"url\":\"https:\/\/sitios.ucsc.cl\/investigacion\/wp-content\/uploads\/sites\/14\/2023\/07\/OTT_Tec_13_Banner_1.png\",\"contentUrl\":\"https:\/\/sitios.ucsc.cl\/investigacion\/wp-content\/uploads\/sites\/14\/2023\/07\/OTT_Tec_13_Banner_1.png\"},{\"@type\":\"WebPage\",\"@id\":\"https:\/\/dinn.ucsc.cl\/index.php\/sistema-y-metodo-para-generar-ondas-de-tsunami-en-flujo-reversible-en-condiciones-de-laboratorio\/#webpage\",\"url\":\"https:\/\/dinn.ucsc.cl\/index.php\/sistema-y-metodo-para-generar-ondas-de-tsunami-en-flujo-reversible-en-condiciones-de-laboratorio\/\",\"name\":\"Sistema y m\u00e9todo para generar ondas de tsunami en flujo reversible en condiciones de laboratorio -\",\"isPartOf\":{\"@id\":\"https:\/\/dinn.ucsc.cl\/#website\"},\"primaryImageOfPage\":{\"@id\":\"https:\/\/dinn.ucsc.cl\/index.php\/sistema-y-metodo-para-generar-ondas-de-tsunami-en-flujo-reversible-en-condiciones-de-laboratorio\/#primaryimage\"},\"datePublished\":\"2023-07-10T04:40:37+00:00\",\"dateModified\":\"2023-07-10T04:42:41+00:00\",\"breadcrumb\":{\"@id\":\"https:\/\/dinn.ucsc.cl\/index.php\/sistema-y-metodo-para-generar-ondas-de-tsunami-en-flujo-reversible-en-condiciones-de-laboratorio\/#breadcrumb\"},\"inLanguage\":\"es\",\"potentialAction\":[{\"@type\":\"ReadAction\",\"target\":[\"https:\/\/dinn.ucsc.cl\/index.php\/sistema-y-metodo-para-generar-ondas-de-tsunami-en-flujo-reversible-en-condiciones-de-laboratorio\/\"]}]},{\"@type\":\"BreadcrumbList\",\"@id\":\"https:\/\/dinn.ucsc.cl\/index.php\/sistema-y-metodo-para-generar-ondas-de-tsunami-en-flujo-reversible-en-condiciones-de-laboratorio\/#breadcrumb\",\"itemListElement\":[{\"@type\":\"ListItem\",\"position\":1,\"name\":\"Inicio\",\"item\":\"https:\/\/dinn.ucsc.cl\/\"},{\"@type\":\"ListItem\",\"position\":2,\"name\":\"Sistema y m\u00e9todo para generar ondas de tsunami en flujo reversible en condiciones de laboratorio\"}]}]}<\/script>\n<!-- \/ Yoast SEO plugin. -->","yoast_head_json":{"title":"Sistema y m\u00e9todo para generar ondas de tsunami en flujo reversible en condiciones de laboratorio -","robots":{"index":"index","follow":"follow","max-snippet":"max-snippet:-1","max-image-preview":"max-image-preview:large","max-video-preview":"max-video-preview:-1"},"canonical":"https:\/\/dinn.ucsc.cl\/index.php\/sistema-y-metodo-para-generar-ondas-de-tsunami-en-flujo-reversible-en-condiciones-de-laboratorio\/","og_locale":"es_ES","og_type":"article","og_title":"Sistema y m\u00e9todo para generar ondas de tsunami en flujo reversible en condiciones de laboratorio -","og_description":"Propiedad Intelectual \u2013 Solicitud de Patente PCT: PCT\/CL2022\/050064 Tecnolog\u00eda desarrollada Consiste en un conjunto de elementos dise\u00f1ados y configurados para reproducir una onda de tsunami en laboratorio que tiene las caracter\u00edsticas de un tsunami real. Utiliza un canal de 20m de largo, 0.8m de ancho y 1.2m de alto, adem\u00e1s de un tanque de 10m3 [&hellip;]","og_url":"https:\/\/dinn.ucsc.cl\/index.php\/sistema-y-metodo-para-generar-ondas-de-tsunami-en-flujo-reversible-en-condiciones-de-laboratorio\/","article_publisher":"https:\/\/m.facebook.com\/DINNUCSC","article_modified_time":"2023-07-10T04:42:41+00:00","og_image":[{"url":"https:\/\/sitios.ucsc.cl\/investigacion\/wp-content\/uploads\/sites\/14\/2023\/07\/OTT_Tec_13_Banner_1.png"}],"twitter_card":"summary","twitter_site":"@dinn_ucsc","twitter_misc":{"Tiempo de lectura":"1 minuto"},"schema":{"@context":"https:\/\/schema.org","@graph":[{"@type":"WebSite","@id":"https:\/\/dinn.ucsc.cl\/#website","url":"https:\/\/dinn.ucsc.cl\/","name":"Direcci\u00f3n de Innovaci\u00f3n UCSC","description":"Direcci\u00f3n de Innovaci\u00f3n","potentialAction":[{"@type":"SearchAction","target":{"@type":"EntryPoint","urlTemplate":"https:\/\/dinn.ucsc.cl\/?s={search_term_string}"},"query-input":"required name=search_term_string"}],"inLanguage":"es"},{"@type":"ImageObject","inLanguage":"es","@id":"https:\/\/dinn.ucsc.cl\/index.php\/sistema-y-metodo-para-generar-ondas-de-tsunami-en-flujo-reversible-en-condiciones-de-laboratorio\/#primaryimage","url":"https:\/\/sitios.ucsc.cl\/investigacion\/wp-content\/uploads\/sites\/14\/2023\/07\/OTT_Tec_13_Banner_1.png","contentUrl":"https:\/\/sitios.ucsc.cl\/investigacion\/wp-content\/uploads\/sites\/14\/2023\/07\/OTT_Tec_13_Banner_1.png"},{"@type":"WebPage","@id":"https:\/\/dinn.ucsc.cl\/index.php\/sistema-y-metodo-para-generar-ondas-de-tsunami-en-flujo-reversible-en-condiciones-de-laboratorio\/#webpage","url":"https:\/\/dinn.ucsc.cl\/index.php\/sistema-y-metodo-para-generar-ondas-de-tsunami-en-flujo-reversible-en-condiciones-de-laboratorio\/","name":"Sistema y m\u00e9todo para generar ondas de tsunami en flujo reversible en condiciones de laboratorio -","isPartOf":{"@id":"https:\/\/dinn.ucsc.cl\/#website"},"primaryImageOfPage":{"@id":"https:\/\/dinn.ucsc.cl\/index.php\/sistema-y-metodo-para-generar-ondas-de-tsunami-en-flujo-reversible-en-condiciones-de-laboratorio\/#primaryimage"},"datePublished":"2023-07-10T04:40:37+00:00","dateModified":"2023-07-10T04:42:41+00:00","breadcrumb":{"@id":"https:\/\/dinn.ucsc.cl\/index.php\/sistema-y-metodo-para-generar-ondas-de-tsunami-en-flujo-reversible-en-condiciones-de-laboratorio\/#breadcrumb"},"inLanguage":"es","potentialAction":[{"@type":"ReadAction","target":["https:\/\/dinn.ucsc.cl\/index.php\/sistema-y-metodo-para-generar-ondas-de-tsunami-en-flujo-reversible-en-condiciones-de-laboratorio\/"]}]},{"@type":"BreadcrumbList","@id":"https:\/\/dinn.ucsc.cl\/index.php\/sistema-y-metodo-para-generar-ondas-de-tsunami-en-flujo-reversible-en-condiciones-de-laboratorio\/#breadcrumb","itemListElement":[{"@type":"ListItem","position":1,"name":"Inicio","item":"https:\/\/dinn.ucsc.cl\/"},{"@type":"ListItem","position":2,"name":"Sistema y m\u00e9todo para generar ondas de tsunami en flujo reversible en condiciones de laboratorio"}]}]}},"_links":{"self":[{"href":"https:\/\/dinn.ucsc.cl\/index.php\/wp-json\/wp\/v2\/pages\/5245"}],"collection":[{"href":"https:\/\/dinn.ucsc.cl\/index.php\/wp-json\/wp\/v2\/pages"}],"about":[{"href":"https:\/\/dinn.ucsc.cl\/index.php\/wp-json\/wp\/v2\/types\/page"}],"author":[{"embeddable":true,"href":"https:\/\/dinn.ucsc.cl\/index.php\/wp-json\/wp\/v2\/users\/84"}],"replies":[{"embeddable":true,"href":"https:\/\/dinn.ucsc.cl\/index.php\/wp-json\/wp\/v2\/comments?post=5245"}],"version-history":[{"count":4,"href":"https:\/\/dinn.ucsc.cl\/index.php\/wp-json\/wp\/v2\/pages\/5245\/revisions"}],"predecessor-version":[{"id":5252,"href":"https:\/\/dinn.ucsc.cl\/index.php\/wp-json\/wp\/v2\/pages\/5245\/revisions\/5252"}],"wp:attachment":[{"href":"https:\/\/dinn.ucsc.cl\/index.php\/wp-json\/wp\/v2\/media?parent=5245"}],"curies":[{"name":"wp","href":"https:\/\/api.w.org\/{rel}","templated":true}]}}