{"id":5278,"date":"2023-07-10T01:07:01","date_gmt":"2023-07-10T05:07:01","guid":{"rendered":"https:\/\/dinn.ucsc.cl\/?page_id=5278"},"modified":"2023-07-10T01:10:30","modified_gmt":"2023-07-10T05:10:30","slug":"metodos-y-sistemas-para-medir-frecuencia-de-impacto-de-un-martillo-de-una-maquina-perforadora","status":"publish","type":"page","link":"https:\/\/dinn.ucsc.cl\/index.php\/metodos-y-sistemas-para-medir-frecuencia-de-impacto-de-un-martillo-de-una-maquina-perforadora\/","title":{"rendered":"M\u00e9todos y sistemas para medir frecuencia de impacto de un martillo de una m\u00e1quina perforadora"},"content":{"rendered":"<table class=\" alignleft\" style=\"font-size: 1rem;width: 733px;height: 1219px\">\n<tbody>\n<tr style=\"height: 158px\">\n<td style=\"width: 732.2px;height: 158px\" colspan=\"4\"><img loading=\"lazy\" class=\"aligncenter size-full wp-image-5270\" src=\"https:\/\/dinn.ucsc.cl\/wp-content\/uploads\/sites\/14\/2023\/07\/OTT_Tec_16_Banner_1.png\" alt=\"\" width=\"950\" height=\"193\" srcset=\"https:\/\/dinn.ucsc.cl\/wp-content\/uploads\/sites\/14\/2023\/07\/OTT_Tec_16_Banner_1.png 950w, https:\/\/dinn.ucsc.cl\/wp-content\/uploads\/sites\/14\/2023\/07\/OTT_Tec_16_Banner_1-300x61.png 300w, https:\/\/dinn.ucsc.cl\/wp-content\/uploads\/sites\/14\/2023\/07\/OTT_Tec_16_Banner_1-768x156.png 768w, https:\/\/dinn.ucsc.cl\/wp-content\/uploads\/sites\/14\/2023\/07\/OTT_Tec_16_Banner_1-200x41.png 200w\" sizes=\"(max-width: 950px) 100vw, 950px\" \/><\/td>\n<\/tr>\n<tr style=\"height: 54px\">\n<td style=\"width: 51.075px;height: 54px\"><\/td>\n<td style=\"width: 49.075px;height: 54px\"><\/td>\n<td style=\"width: 594.975px;height: 54px\"><strong>Propiedad Intelectual \u2013 Solicitud de Patente PCT: PCT\/CL2023\/050009<\/strong><\/td>\n<td style=\"width: 37.075px;height: 54px\">\n<h3><\/h3>\n<\/td>\n<\/tr>\n<tr style=\"height: 47px\">\n<td style=\"width: 51.075px;height: 47px\"><\/td>\n<td style=\"width: 49.075px;height: 47px\"><img loading=\"lazy\" class=\"aligncenter size-full wp-image-2827\" src=\"https:\/\/sitios.ucsc.cl\/ott\/wp-content\/uploads\/sites\/15\/2022\/07\/OTT_TEC_1.png\" alt=\"\" width=\"50\" height=\"50\" \/><\/td>\n<td style=\"width: 594.975px;text-align: justify;height: 47px\">\n<h3>Tecnolog\u00eda desarrollada<\/h3>\n<\/td>\n<td style=\"width: 37.075px;height: 47px\">\n<h3><\/h3>\n<\/td>\n<\/tr>\n<tr>\n<td style=\"width: 51.075px\"><\/td>\n<td style=\"width: 49.075px\"><\/td>\n<td style=\"width: 594.975px;text-align: justify\">Esta tecnolog\u00eda se desarrolla en el marco de caracterizaci\u00f3n de suelos mediante perforaci\u00f3n, realizadas en la industria minera por m\u00e1quinas perforadoras roto-percutivas, con martillos neum\u00e1ticos. La invenci\u00f3n trata sobre un m\u00e9todo y sistema capaz de estimar la frecuencia de impacto del martillo, a partir del an\u00e1lisis de la corriente que alimenta el motor el\u00e9ctrico del sistema de rotaci\u00f3n de las m\u00e1quinas perforadoras. El m\u00e9todo y sistema comprenden el procesamiento de la se\u00f1al medida y la estimaci\u00f3n de la frecuencia de impacto del martillo, a partir de los espectros de frecuencia de la corriente del motor.<\/td>\n<td style=\"width: 37.075px\"><\/td>\n<\/tr>\n<tr style=\"height: 47px\">\n<td style=\"width: 51.075px;height: 47px\"><\/td>\n<td style=\"width: 49.075px;height: 47px\"><img loading=\"lazy\" class=\"aligncenter size-full wp-image-2828\" src=\"https:\/\/sitios.ucsc.cl\/ott\/wp-content\/uploads\/sites\/15\/2022\/07\/OTT_TEC_2.png\" alt=\"\" width=\"50\" height=\"50\" \/><\/td>\n<td style=\"width: 594.975px;text-align: justify;height: 47px\">\n<h3>Beneficios \/ Ventajas<\/h3>\n<\/td>\n<td style=\"width: 37.075px;height: 47px\"><\/td>\n<\/tr>\n<tr style=\"height: 105px\">\n<td style=\"width: 51.075px;height: 105px\"><\/td>\n<td style=\"width: 49.075px;height: 105px\"><\/td>\n<td style=\"width: 594.975px;text-align: justify;height: 105px\">\u2022 No requiere la instalaci\u00f3n de sensores en el martillo, los cuales se da\u00f1an con facilidad debido al agresivo ambiente de trabajo.<br \/>\n\u2022 Entrega informaci\u00f3n en l\u00ednea con leves retardos del orden de los segundos<br \/>\n\u2022 Reduce de forma general los costos de implementaci\u00f3n y operaci\u00f3n.<\/td>\n<td style=\"width: 37.075px;height: 105px\"><\/td>\n<\/tr>\n<tr style=\"height: 47px\">\n<td style=\"width: 51.075px;height: 47px\"><\/td>\n<td style=\"width: 49.075px;height: 47px\"><img loading=\"lazy\" class=\"aligncenter size-full wp-image-2829\" src=\"https:\/\/sitios.ucsc.cl\/ott\/wp-content\/uploads\/sites\/15\/2022\/07\/OTT_TEC_3.png\" alt=\"\" width=\"50\" height=\"50\" \/><\/td>\n<td style=\"width: 594.975px;text-align: justify;height: 47px\">\n<h3>Usos \/ Aplicaciones<\/h3>\n<\/td>\n<td style=\"width: 37.075px;height: 47px\"><\/td>\n<\/tr>\n<tr>\n<td style=\"width: 51.075px\"><\/td>\n<td style=\"width: 49.075px\"><\/td>\n<td style=\"width: 594.975px;text-align: justify\">El sistema puede ser utilizado por empresas ge\u00f3logas, mineras, constructoras y prestadoras de servicios de perforaci\u00f3n en general, que utilicen m\u00e1quinas perforadoras roto-percutivas.<\/td>\n<td style=\"width: 37.075px\"><\/td>\n<\/tr>\n<tr style=\"height: 47px\">\n<td style=\"width: 51.075px;height: 47px\"><\/td>\n<td style=\"width: 49.075px;height: 47px\"><img loading=\"lazy\" class=\"aligncenter size-full wp-image-2830\" src=\"https:\/\/sitios.ucsc.cl\/ott\/wp-content\/uploads\/sites\/15\/2022\/07\/OTT_TEC_4.png\" alt=\"\" width=\"50\" height=\"50\" \/><\/td>\n<td style=\"width: 594.975px;text-align: justify;height: 47px\">\n<h3>Oferta tecnol\u00f3gica<\/h3>\n<\/td>\n<td style=\"width: 37.075px;height: 47px\"><\/td>\n<\/tr>\n<tr style=\"height: 28px\">\n<td style=\"width: 51.075px;height: 28px\"><\/td>\n<td style=\"width: 49.075px;height: 28px\"><\/td>\n<td style=\"width: 594.975px;text-align: justify;height: 28px\">La tecnolog\u00eda est\u00e1 disponible para licenciamiento.<\/td>\n<td style=\"width: 37.075px;height: 28px\"><\/td>\n<\/tr>\n<tr style=\"height: 47px\">\n<td style=\"width: 51.075px;height: 47px\"><\/td>\n<td style=\"width: 49.075px;height: 47px\"><img loading=\"lazy\" class=\"aligncenter size-full wp-image-2831\" src=\"https:\/\/sitios.ucsc.cl\/ott\/wp-content\/uploads\/sites\/15\/2022\/07\/OTT_TEC_5.png\" alt=\"\" width=\"50\" height=\"50\" \/><\/td>\n<td style=\"width: 594.975px;text-align: justify;height: 47px\">\n<h3>Estado de desarrollo<\/h3>\n<\/td>\n<td style=\"width: 37.075px;height: 47px\"><\/td>\n<\/tr>\n<tr style=\"height: 47px\">\n<td style=\"width: 51.075px;height: 47px\"><\/td>\n<td style=\"width: 49.075px;height: 47px\"><\/td>\n<td style=\"width: 594.975px;text-align: justify;height: 47px\">TRL 3, ya que se cuenta con una prueba de concepto con caracter\u00edsticas cr\u00edticas probadas a nivel de laboratorio.<\/td>\n<td style=\"width: 37.075px;height: 47px\"><\/td>\n<\/tr>\n<tr style=\"height: 47px\">\n<td style=\"width: 51.075px;height: 32px\"><\/td>\n<td style=\"width: 49.075px;height: 32px\"><img loading=\"lazy\" class=\"aligncenter size-full wp-image-2832\" src=\"https:\/\/sitios.ucsc.cl\/ott\/wp-content\/uploads\/sites\/15\/2022\/07\/OTT_TEC_6.png\" alt=\"\" width=\"50\" height=\"50\" \/><\/td>\n<td style=\"width: 594.975px;text-align: justify;height: 32px\">\n<h3>Investigador principal<\/h3>\n<\/td>\n<td style=\"width: 37.075px;height: 32px\"><\/td>\n<\/tr>\n<tr>\n<td style=\"width: 51.075px\"><\/td>\n<td style=\"width: 49.075px\"><\/td>\n<td style=\"width: 594.975px;text-align: justify\">Dr. Guillermo Ram\u00edrez Arias, Facultad de Ingenier\u00eda.<\/td>\n<td style=\"width: 37.075px\"><\/td>\n<\/tr>\n<tr style=\"height: 121px\">\n<td style=\"width: 51.075px;height: 121px\"><\/td>\n<td style=\"width: 644.05px;height: 121px\" colspan=\"2\">&nbsp;<\/p>\n<p><a href=\"https:\/\/dinn.ucsc.cl\/wp-content\/uploads\/sites\/14\/2023\/07\/OTT_Tec_16.pdf\"><img loading=\"lazy\" class=\"aligncenter wp-image-2220 size-medium\" src=\"https:\/\/sitios.ucsc.cl\/ott\/wp-content\/uploads\/sites\/15\/2022\/06\/Bot\u00f3n-descarga-300x61.png\" alt=\"\" width=\"300\" height=\"61\" \/><\/a><\/td>\n<td style=\"width: 37.075px;height: 121px\"><\/td>\n<\/tr>\n<tr style=\"height: 96px\">\n<td style=\"width: 732.2px;height: 96px\" colspan=\"4\">\n<h3><img loading=\"lazy\" class=\"aligncenter size-full wp-image-5233\" src=\"https:\/\/dinn.ucsc.cl\/wp-content\/uploads\/sites\/14\/2023\/07\/OTT_Tec_Footer_1.png\" alt=\"\" width=\"950\" height=\"111\" srcset=\"https:\/\/dinn.ucsc.cl\/wp-content\/uploads\/sites\/14\/2023\/07\/OTT_Tec_Footer_1.png 950w, https:\/\/dinn.ucsc.cl\/wp-content\/uploads\/sites\/14\/2023\/07\/OTT_Tec_Footer_1-300x35.png 300w, https:\/\/dinn.ucsc.cl\/wp-content\/uploads\/sites\/14\/2023\/07\/OTT_Tec_Footer_1-768x90.png 768w, https:\/\/dinn.ucsc.cl\/wp-content\/uploads\/sites\/14\/2023\/07\/OTT_Tec_Footer_1-200x23.png 200w\" sizes=\"(max-width: 950px) 100vw, 950px\" \/><\/h3>\n<\/td>\n<\/tr>\n<\/tbody>\n<\/table>\n<h3><\/h3>\n","protected":false},"excerpt":{"rendered":"<p>Propiedad Intelectual \u2013 Solicitud de Patente PCT: PCT\/CL2023\/050009 Tecnolog\u00eda desarrollada Esta tecnolog\u00eda se desarrolla en el marco de caracterizaci\u00f3n de suelos mediante perforaci\u00f3n, realizadas en la industria minera por m\u00e1quinas perforadoras roto-percutivas, con martillos neum\u00e1ticos. La invenci\u00f3n trata sobre un m\u00e9todo y sistema capaz de estimar la frecuencia de impacto del martillo, a partir del [&hellip;]<\/p>\n","protected":false},"author":84,"featured_media":0,"parent":0,"menu_order":0,"comment_status":"closed","ping_status":"closed","template":"","meta":[],"yoast_head":"<!-- This site is optimized with the Yoast SEO plugin v18.9 - https:\/\/yoast.com\/wordpress\/plugins\/seo\/ -->\n<title>M\u00e9todos y sistemas para medir frecuencia de impacto de un martillo de una m\u00e1quina perforadora -<\/title>\n<meta name=\"robots\" content=\"index, follow, max-snippet:-1, max-image-preview:large, max-video-preview:-1\" \/>\n<link rel=\"canonical\" href=\"https:\/\/dinn.ucsc.cl\/index.php\/metodos-y-sistemas-para-medir-frecuencia-de-impacto-de-un-martillo-de-una-maquina-perforadora\/\" \/>\n<meta property=\"og:locale\" content=\"es_ES\" \/>\n<meta property=\"og:type\" content=\"article\" \/>\n<meta property=\"og:title\" content=\"M\u00e9todos y sistemas para medir frecuencia de impacto de un martillo de una m\u00e1quina perforadora -\" \/>\n<meta property=\"og:description\" content=\"Propiedad Intelectual \u2013 Solicitud de Patente PCT: PCT\/CL2023\/050009 Tecnolog\u00eda desarrollada Esta tecnolog\u00eda se desarrolla en el marco de caracterizaci\u00f3n de suelos mediante perforaci\u00f3n, realizadas en la industria minera por m\u00e1quinas perforadoras roto-percutivas, con martillos neum\u00e1ticos. La invenci\u00f3n trata sobre un m\u00e9todo y sistema capaz de estimar la frecuencia de impacto del martillo, a partir del [&hellip;]\" \/>\n<meta property=\"og:url\" content=\"https:\/\/dinn.ucsc.cl\/index.php\/metodos-y-sistemas-para-medir-frecuencia-de-impacto-de-un-martillo-de-una-maquina-perforadora\/\" \/>\n<meta property=\"article:publisher\" content=\"https:\/\/m.facebook.com\/DINNUCSC\" \/>\n<meta property=\"article:modified_time\" content=\"2023-07-10T05:10:30+00:00\" \/>\n<meta property=\"og:image\" content=\"https:\/\/sitios.ucsc.cl\/investigacion\/wp-content\/uploads\/sites\/14\/2023\/07\/OTT_Tec_16_Banner_1.png\" \/>\n<meta name=\"twitter:card\" content=\"summary\" \/>\n<meta name=\"twitter:site\" content=\"@dinn_ucsc\" \/>\n<meta name=\"twitter:label1\" content=\"Tiempo de lectura\" \/>\n\t<meta name=\"twitter:data1\" content=\"1 minuto\" \/>\n<script type=\"application\/ld+json\" class=\"yoast-schema-graph\">{\"@context\":\"https:\/\/schema.org\",\"@graph\":[{\"@type\":\"WebSite\",\"@id\":\"https:\/\/dinn.ucsc.cl\/#website\",\"url\":\"https:\/\/dinn.ucsc.cl\/\",\"name\":\"Direcci\u00f3n de Innovaci\u00f3n UCSC\",\"description\":\"Direcci\u00f3n de Innovaci\u00f3n\",\"potentialAction\":[{\"@type\":\"SearchAction\",\"target\":{\"@type\":\"EntryPoint\",\"urlTemplate\":\"https:\/\/dinn.ucsc.cl\/?s={search_term_string}\"},\"query-input\":\"required name=search_term_string\"}],\"inLanguage\":\"es\"},{\"@type\":\"ImageObject\",\"inLanguage\":\"es\",\"@id\":\"https:\/\/dinn.ucsc.cl\/index.php\/metodos-y-sistemas-para-medir-frecuencia-de-impacto-de-un-martillo-de-una-maquina-perforadora\/#primaryimage\",\"url\":\"https:\/\/sitios.ucsc.cl\/investigacion\/wp-content\/uploads\/sites\/14\/2023\/07\/OTT_Tec_16_Banner_1.png\",\"contentUrl\":\"https:\/\/sitios.ucsc.cl\/investigacion\/wp-content\/uploads\/sites\/14\/2023\/07\/OTT_Tec_16_Banner_1.png\"},{\"@type\":\"WebPage\",\"@id\":\"https:\/\/dinn.ucsc.cl\/index.php\/metodos-y-sistemas-para-medir-frecuencia-de-impacto-de-un-martillo-de-una-maquina-perforadora\/#webpage\",\"url\":\"https:\/\/dinn.ucsc.cl\/index.php\/metodos-y-sistemas-para-medir-frecuencia-de-impacto-de-un-martillo-de-una-maquina-perforadora\/\",\"name\":\"M\u00e9todos y sistemas para medir frecuencia de impacto de un martillo de una m\u00e1quina perforadora -\",\"isPartOf\":{\"@id\":\"https:\/\/dinn.ucsc.cl\/#website\"},\"primaryImageOfPage\":{\"@id\":\"https:\/\/dinn.ucsc.cl\/index.php\/metodos-y-sistemas-para-medir-frecuencia-de-impacto-de-un-martillo-de-una-maquina-perforadora\/#primaryimage\"},\"datePublished\":\"2023-07-10T05:07:01+00:00\",\"dateModified\":\"2023-07-10T05:10:30+00:00\",\"breadcrumb\":{\"@id\":\"https:\/\/dinn.ucsc.cl\/index.php\/metodos-y-sistemas-para-medir-frecuencia-de-impacto-de-un-martillo-de-una-maquina-perforadora\/#breadcrumb\"},\"inLanguage\":\"es\",\"potentialAction\":[{\"@type\":\"ReadAction\",\"target\":[\"https:\/\/dinn.ucsc.cl\/index.php\/metodos-y-sistemas-para-medir-frecuencia-de-impacto-de-un-martillo-de-una-maquina-perforadora\/\"]}]},{\"@type\":\"BreadcrumbList\",\"@id\":\"https:\/\/dinn.ucsc.cl\/index.php\/metodos-y-sistemas-para-medir-frecuencia-de-impacto-de-un-martillo-de-una-maquina-perforadora\/#breadcrumb\",\"itemListElement\":[{\"@type\":\"ListItem\",\"position\":1,\"name\":\"Inicio\",\"item\":\"https:\/\/dinn.ucsc.cl\/\"},{\"@type\":\"ListItem\",\"position\":2,\"name\":\"M\u00e9todos y sistemas para medir frecuencia de impacto de un martillo de una m\u00e1quina perforadora\"}]}]}<\/script>\n<!-- \/ Yoast SEO plugin. -->","yoast_head_json":{"title":"M\u00e9todos y sistemas para medir frecuencia de impacto de un martillo de una m\u00e1quina perforadora -","robots":{"index":"index","follow":"follow","max-snippet":"max-snippet:-1","max-image-preview":"max-image-preview:large","max-video-preview":"max-video-preview:-1"},"canonical":"https:\/\/dinn.ucsc.cl\/index.php\/metodos-y-sistemas-para-medir-frecuencia-de-impacto-de-un-martillo-de-una-maquina-perforadora\/","og_locale":"es_ES","og_type":"article","og_title":"M\u00e9todos y sistemas para medir frecuencia de impacto de un martillo de una m\u00e1quina perforadora -","og_description":"Propiedad Intelectual \u2013 Solicitud de Patente PCT: PCT\/CL2023\/050009 Tecnolog\u00eda desarrollada Esta tecnolog\u00eda se desarrolla en el marco de caracterizaci\u00f3n de suelos mediante perforaci\u00f3n, realizadas en la industria minera por m\u00e1quinas perforadoras roto-percutivas, con martillos neum\u00e1ticos. La invenci\u00f3n trata sobre un m\u00e9todo y sistema capaz de estimar la frecuencia de impacto del martillo, a partir del [&hellip;]","og_url":"https:\/\/dinn.ucsc.cl\/index.php\/metodos-y-sistemas-para-medir-frecuencia-de-impacto-de-un-martillo-de-una-maquina-perforadora\/","article_publisher":"https:\/\/m.facebook.com\/DINNUCSC","article_modified_time":"2023-07-10T05:10:30+00:00","og_image":[{"url":"https:\/\/sitios.ucsc.cl\/investigacion\/wp-content\/uploads\/sites\/14\/2023\/07\/OTT_Tec_16_Banner_1.png"}],"twitter_card":"summary","twitter_site":"@dinn_ucsc","twitter_misc":{"Tiempo de lectura":"1 minuto"},"schema":{"@context":"https:\/\/schema.org","@graph":[{"@type":"WebSite","@id":"https:\/\/dinn.ucsc.cl\/#website","url":"https:\/\/dinn.ucsc.cl\/","name":"Direcci\u00f3n de Innovaci\u00f3n UCSC","description":"Direcci\u00f3n de Innovaci\u00f3n","potentialAction":[{"@type":"SearchAction","target":{"@type":"EntryPoint","urlTemplate":"https:\/\/dinn.ucsc.cl\/?s={search_term_string}"},"query-input":"required name=search_term_string"}],"inLanguage":"es"},{"@type":"ImageObject","inLanguage":"es","@id":"https:\/\/dinn.ucsc.cl\/index.php\/metodos-y-sistemas-para-medir-frecuencia-de-impacto-de-un-martillo-de-una-maquina-perforadora\/#primaryimage","url":"https:\/\/sitios.ucsc.cl\/investigacion\/wp-content\/uploads\/sites\/14\/2023\/07\/OTT_Tec_16_Banner_1.png","contentUrl":"https:\/\/sitios.ucsc.cl\/investigacion\/wp-content\/uploads\/sites\/14\/2023\/07\/OTT_Tec_16_Banner_1.png"},{"@type":"WebPage","@id":"https:\/\/dinn.ucsc.cl\/index.php\/metodos-y-sistemas-para-medir-frecuencia-de-impacto-de-un-martillo-de-una-maquina-perforadora\/#webpage","url":"https:\/\/dinn.ucsc.cl\/index.php\/metodos-y-sistemas-para-medir-frecuencia-de-impacto-de-un-martillo-de-una-maquina-perforadora\/","name":"M\u00e9todos y sistemas para medir frecuencia de impacto de un martillo de una m\u00e1quina perforadora -","isPartOf":{"@id":"https:\/\/dinn.ucsc.cl\/#website"},"primaryImageOfPage":{"@id":"https:\/\/dinn.ucsc.cl\/index.php\/metodos-y-sistemas-para-medir-frecuencia-de-impacto-de-un-martillo-de-una-maquina-perforadora\/#primaryimage"},"datePublished":"2023-07-10T05:07:01+00:00","dateModified":"2023-07-10T05:10:30+00:00","breadcrumb":{"@id":"https:\/\/dinn.ucsc.cl\/index.php\/metodos-y-sistemas-para-medir-frecuencia-de-impacto-de-un-martillo-de-una-maquina-perforadora\/#breadcrumb"},"inLanguage":"es","potentialAction":[{"@type":"ReadAction","target":["https:\/\/dinn.ucsc.cl\/index.php\/metodos-y-sistemas-para-medir-frecuencia-de-impacto-de-un-martillo-de-una-maquina-perforadora\/"]}]},{"@type":"BreadcrumbList","@id":"https:\/\/dinn.ucsc.cl\/index.php\/metodos-y-sistemas-para-medir-frecuencia-de-impacto-de-un-martillo-de-una-maquina-perforadora\/#breadcrumb","itemListElement":[{"@type":"ListItem","position":1,"name":"Inicio","item":"https:\/\/dinn.ucsc.cl\/"},{"@type":"ListItem","position":2,"name":"M\u00e9todos y sistemas para medir frecuencia de impacto de un martillo de una m\u00e1quina perforadora"}]}]}},"_links":{"self":[{"href":"https:\/\/dinn.ucsc.cl\/index.php\/wp-json\/wp\/v2\/pages\/5278"}],"collection":[{"href":"https:\/\/dinn.ucsc.cl\/index.php\/wp-json\/wp\/v2\/pages"}],"about":[{"href":"https:\/\/dinn.ucsc.cl\/index.php\/wp-json\/wp\/v2\/types\/page"}],"author":[{"embeddable":true,"href":"https:\/\/dinn.ucsc.cl\/index.php\/wp-json\/wp\/v2\/users\/84"}],"replies":[{"embeddable":true,"href":"https:\/\/dinn.ucsc.cl\/index.php\/wp-json\/wp\/v2\/comments?post=5278"}],"version-history":[{"count":7,"href":"https:\/\/dinn.ucsc.cl\/index.php\/wp-json\/wp\/v2\/pages\/5278\/revisions"}],"predecessor-version":[{"id":5280,"href":"https:\/\/dinn.ucsc.cl\/index.php\/wp-json\/wp\/v2\/pages\/5278\/revisions\/5280"}],"wp:attachment":[{"href":"https:\/\/dinn.ucsc.cl\/index.php\/wp-json\/wp\/v2\/media?parent=5278"}],"curies":[{"name":"wp","href":"https:\/\/api.w.org\/{rel}","templated":true}]}}