{"id":5293,"date":"2023-07-16T21:54:18","date_gmt":"2023-07-17T01:54:18","guid":{"rendered":"https:\/\/dinn.ucsc.cl\/?page_id=5293"},"modified":"2023-07-16T22:04:34","modified_gmt":"2023-07-17T02:04:34","slug":"proceso-de-concentracion-ultrarapida-de-salmueras-de-litio","status":"publish","type":"page","link":"https:\/\/dinn.ucsc.cl\/index.php\/proceso-de-concentracion-ultrarapida-de-salmueras-de-litio\/","title":{"rendered":"Proceso de concentraci\u00f3n ultrar\u00e1pida de salmueras de litio"},"content":{"rendered":"<table class=\" alignleft\" style=\"font-size: 1rem;width: 733px;height: 1230px\">\n<tbody>\n<tr style=\"height: 158px\">\n<td style=\"width: 732.2px;height: 158px\" colspan=\"4\"><img loading=\"lazy\" class=\"aligncenter size-full wp-image-5294\" src=\"https:\/\/dinn.ucsc.cl\/wp-content\/uploads\/sites\/14\/2023\/07\/17.png\" alt=\"\" width=\"950\" height=\"193\" srcset=\"https:\/\/dinn.ucsc.cl\/wp-content\/uploads\/sites\/14\/2023\/07\/17.png 950w, https:\/\/dinn.ucsc.cl\/wp-content\/uploads\/sites\/14\/2023\/07\/17-300x61.png 300w, https:\/\/dinn.ucsc.cl\/wp-content\/uploads\/sites\/14\/2023\/07\/17-768x156.png 768w, https:\/\/dinn.ucsc.cl\/wp-content\/uploads\/sites\/14\/2023\/07\/17-200x41.png 200w\" sizes=\"(max-width: 950px) 100vw, 950px\" \/><\/td>\n<\/tr>\n<tr style=\"height: 54px\">\n<td style=\"width: 51.075px;height: 38px\"><\/td>\n<td style=\"width: 49.075px;height: 38px\"><\/td>\n<td style=\"width: 594.975px;height: 38px\"><strong>Propiedad Intelectual \u2013 Solicitud de Patente PCT: PCT\/IB2023\/057117<\/strong><\/td>\n<td style=\"width: 37.075px;height: 38px\">\n<h3><\/h3>\n<\/td>\n<\/tr>\n<tr style=\"height: 47px\">\n<td style=\"width: 51.075px;height: 47px\"><\/td>\n<td style=\"width: 49.075px;height: 47px\"><img loading=\"lazy\" class=\"aligncenter size-full wp-image-2827\" src=\"https:\/\/sitios.ucsc.cl\/ott\/wp-content\/uploads\/sites\/15\/2022\/07\/OTT_TEC_1.png\" alt=\"\" width=\"50\" height=\"50\" \/><\/td>\n<td style=\"width: 594.975px;text-align: justify;height: 47px\">\n<h3>Tecnolog\u00eda desarrollada<\/h3>\n<\/td>\n<td style=\"width: 37.075px;height: 47px\">\n<h3><\/h3>\n<\/td>\n<\/tr>\n<tr style=\"height: 156px\">\n<td style=\"width: 51.075px;height: 156px\"><\/td>\n<td style=\"width: 49.075px;height: 156px\"><\/td>\n<td style=\"width: 594.975px;text-align: justify;height: 156px\">La presente invenci\u00f3n consiste en un proceso para la concentraci\u00f3n ultrarr\u00e1pida de salmueras de Litio. Para ello, el sistema emplea un m\u00f3dulo de membrana porosa para la destilaci\u00f3n osm\u00f3tica, usando un l\u00edquido i\u00f3nico hidrof\u00edlico como agente de deshidrataci\u00f3n. Proceso sustentable, modular, escalable y novedoso con potencial de representar la l\u00ednea base para el dise\u00f1o de un nuevo proceso productivo industrial, en unas de las \u00e1reas de mayor inter\u00e9s para Chile como l\u00edder mundial.<\/td>\n<td style=\"width: 37.075px;height: 156px\"><\/td>\n<\/tr>\n<tr style=\"height: 47px\">\n<td style=\"width: 51.075px;height: 47px\"><\/td>\n<td style=\"width: 49.075px;height: 47px\"><img loading=\"lazy\" class=\"aligncenter size-full wp-image-2828\" src=\"https:\/\/sitios.ucsc.cl\/ott\/wp-content\/uploads\/sites\/15\/2022\/07\/OTT_TEC_2.png\" alt=\"\" width=\"50\" height=\"50\" \/><\/td>\n<td style=\"width: 594.975px;text-align: justify;height: 47px\">\n<h3>Beneficios \/ Ventajas<\/h3>\n<\/td>\n<td style=\"width: 37.075px;height: 47px\"><\/td>\n<\/tr>\n<tr style=\"height: 156px\">\n<td style=\"width: 51.075px;height: 156px\"><\/td>\n<td style=\"width: 49.075px;height: 156px\"><\/td>\n<td style=\"width: 594.975px;text-align: justify;height: 156px\">\u2022 Reemplaza el uso de las extensas piscinas de concentraci\u00f3n solar, utilizado en la miner\u00eda no met\u00e1lica.<br \/>\n\u2022 Disminuye los tiempos de residencia de la salmuera, mejorando las tasas de evaporaci\u00f3n en hasta 30 veces en contraste al proceso tradicional.<br \/>\n\u2022 Permite la recuperaci\u00f3n y reutilizaci\u00f3n del agua en hasta un 100%, por medio de un novedoso proceso de separaci\u00f3n por membranas asistido por un l\u00edquido i\u00f3nico.<\/td>\n<td style=\"width: 37.075px;height: 156px\"><\/td>\n<\/tr>\n<tr style=\"height: 47px\">\n<td style=\"width: 51.075px;height: 47px\"><\/td>\n<td style=\"width: 49.075px;height: 47px\"><img loading=\"lazy\" class=\"aligncenter size-full wp-image-2829\" src=\"https:\/\/sitios.ucsc.cl\/ott\/wp-content\/uploads\/sites\/15\/2022\/07\/OTT_TEC_3.png\" alt=\"\" width=\"50\" height=\"50\" \/><\/td>\n<td style=\"width: 594.975px;text-align: justify;height: 47px\">\n<h3>Usos \/ Aplicaciones<\/h3>\n<\/td>\n<td style=\"width: 37.075px;height: 47px\"><\/td>\n<\/tr>\n<tr style=\"height: 130px\">\n<td style=\"width: 51.075px;height: 130px\"><\/td>\n<td style=\"width: 49.075px;height: 130px\"><\/td>\n<td style=\"width: 594.975px;text-align: justify;height: 130px\">Este proceso puede ser utilizado para concentraci\u00f3n de salmueras de Litio u otras sales, con una operaci\u00f3n modular y compacta que permite el desempe\u00f1o en operaciones de extracci\u00f3n de peque\u00f1a y mediana miner\u00eda no met\u00e1lica. Adem\u00e1s, puede ser empleado para la ultra concentraci\u00f3n de soluciones acuosas de compuestos sensibles a la presi\u00f3n y temperatura, tales como biomol\u00e9culas, f\u00e1rmacos, entre otros.<\/td>\n<td style=\"width: 37.075px;height: 130px\"><\/td>\n<\/tr>\n<tr style=\"height: 47px\">\n<td style=\"width: 51.075px;height: 47px\"><\/td>\n<td style=\"width: 49.075px;height: 47px\"><img loading=\"lazy\" class=\"aligncenter size-full wp-image-2830\" src=\"https:\/\/sitios.ucsc.cl\/ott\/wp-content\/uploads\/sites\/15\/2022\/07\/OTT_TEC_4.png\" alt=\"\" width=\"50\" height=\"50\" \/><\/td>\n<td style=\"width: 594.975px;text-align: justify;height: 47px\">\n<h3>Oferta tecnol\u00f3gica<\/h3>\n<\/td>\n<td style=\"width: 37.075px;height: 47px\"><\/td>\n<\/tr>\n<tr style=\"height: 28px\">\n<td style=\"width: 51.075px;height: 28px\"><\/td>\n<td style=\"width: 49.075px;height: 28px\"><\/td>\n<td style=\"width: 594.975px;text-align: justify;height: 28px\">La tecnolog\u00eda est\u00e1 disponible para licenciamiento.<\/td>\n<td style=\"width: 37.075px;height: 28px\"><\/td>\n<\/tr>\n<tr style=\"height: 47px\">\n<td style=\"width: 51.075px;height: 47px\"><\/td>\n<td style=\"width: 49.075px;height: 47px\"><img loading=\"lazy\" class=\"aligncenter size-full wp-image-2831\" src=\"https:\/\/sitios.ucsc.cl\/ott\/wp-content\/uploads\/sites\/15\/2022\/07\/OTT_TEC_5.png\" alt=\"\" width=\"50\" height=\"50\" \/><\/td>\n<td style=\"width: 594.975px;text-align: justify;height: 47px\">\n<h3>Estado de desarrollo<\/h3>\n<\/td>\n<td style=\"width: 37.075px;height: 47px\"><\/td>\n<\/tr>\n<tr style=\"height: 47px\">\n<td style=\"width: 51.075px;height: 47px\"><\/td>\n<td style=\"width: 49.075px;height: 47px\"><\/td>\n<td style=\"width: 594.975px;text-align: justify;height: 47px\">TRL 3, ya que se cuenta con pruebas de concepto con caracter\u00edsticas cr\u00edticas probadas a nivel laboratorio.<\/td>\n<td style=\"width: 37.075px;height: 47px\"><\/td>\n<\/tr>\n<tr style=\"height: 47px\">\n<td style=\"width: 51.075px;height: 32px\"><\/td>\n<td style=\"width: 49.075px;height: 32px\"><img loading=\"lazy\" class=\"aligncenter size-full wp-image-2832\" src=\"https:\/\/sitios.ucsc.cl\/ott\/wp-content\/uploads\/sites\/15\/2022\/07\/OTT_TEC_6.png\" alt=\"\" width=\"50\" height=\"50\" \/><\/td>\n<td style=\"width: 594.975px;text-align: justify;height: 32px\">\n<h3>Investigador principal<\/h3>\n<\/td>\n<td style=\"width: 37.075px;height: 32px\"><\/td>\n<\/tr>\n<tr style=\"height: 105px\">\n<td style=\"width: 51.075px;height: 33px\"><\/td>\n<td style=\"width: 49.075px;height: 33px\"><\/td>\n<td style=\"width: 594.975px;text-align: justify;height: 33px\">Dr. Ren\u00e9 Cabezas Cornejo, Facultad de Ciencias.<\/td>\n<td style=\"width: 37.075px;height: 33px\"><\/td>\n<\/tr>\n<tr style=\"height: 121px\">\n<td style=\"width: 51.075px;height: 121px\"><\/td>\n<td style=\"width: 644.05px;height: 121px\" colspan=\"2\">&nbsp;<\/p>\n<p><a href=\"https:\/\/dinn.ucsc.cl\/wp-content\/uploads\/sites\/14\/2023\/07\/OTT_Tec_17.pdf\"><img loading=\"lazy\" class=\"aligncenter wp-image-2220 size-medium\" src=\"https:\/\/sitios.ucsc.cl\/ott\/wp-content\/uploads\/sites\/15\/2022\/06\/Bot\u00f3n-descarga-300x61.png\" alt=\"\" width=\"300\" height=\"61\" \/><\/a><\/td>\n<td style=\"width: 37.075px;height: 121px\"><\/td>\n<\/tr>\n<tr style=\"height: 96px\">\n<td style=\"width: 732.2px;height: 96px\" colspan=\"4\">\n<h3><img loading=\"lazy\" class=\"aligncenter size-full wp-image-5233\" src=\"https:\/\/dinn.ucsc.cl\/wp-content\/uploads\/sites\/14\/2023\/07\/OTT_Tec_Footer_1.png\" alt=\"\" width=\"950\" height=\"111\" srcset=\"https:\/\/dinn.ucsc.cl\/wp-content\/uploads\/sites\/14\/2023\/07\/OTT_Tec_Footer_1.png 950w, https:\/\/dinn.ucsc.cl\/wp-content\/uploads\/sites\/14\/2023\/07\/OTT_Tec_Footer_1-300x35.png 300w, https:\/\/dinn.ucsc.cl\/wp-content\/uploads\/sites\/14\/2023\/07\/OTT_Tec_Footer_1-768x90.png 768w, https:\/\/dinn.ucsc.cl\/wp-content\/uploads\/sites\/14\/2023\/07\/OTT_Tec_Footer_1-200x23.png 200w\" sizes=\"(max-width: 950px) 100vw, 950px\" \/><\/h3>\n<\/td>\n<\/tr>\n<\/tbody>\n<\/table>\n<h3><\/h3>\n","protected":false},"excerpt":{"rendered":"<p>Propiedad Intelectual \u2013 Solicitud de Patente PCT: PCT\/IB2023\/057117 Tecnolog\u00eda desarrollada La presente invenci\u00f3n consiste en un proceso para la concentraci\u00f3n ultrarr\u00e1pida de salmueras de Litio. Para ello, el sistema emplea un m\u00f3dulo de membrana porosa para la destilaci\u00f3n osm\u00f3tica, usando un l\u00edquido i\u00f3nico hidrof\u00edlico como agente de deshidrataci\u00f3n. Proceso sustentable, modular, escalable y novedoso con [&hellip;]<\/p>\n","protected":false},"author":84,"featured_media":0,"parent":0,"menu_order":0,"comment_status":"closed","ping_status":"closed","template":"","meta":[],"yoast_head":"<!-- This site is optimized with the Yoast SEO plugin v18.9 - https:\/\/yoast.com\/wordpress\/plugins\/seo\/ -->\n<title>Proceso de concentraci\u00f3n ultrar\u00e1pida de salmueras de litio -<\/title>\n<meta name=\"robots\" content=\"index, follow, max-snippet:-1, max-image-preview:large, max-video-preview:-1\" \/>\n<link rel=\"canonical\" href=\"https:\/\/dinn.ucsc.cl\/index.php\/proceso-de-concentracion-ultrarapida-de-salmueras-de-litio\/\" \/>\n<meta property=\"og:locale\" content=\"es_ES\" \/>\n<meta property=\"og:type\" content=\"article\" \/>\n<meta property=\"og:title\" content=\"Proceso de concentraci\u00f3n ultrar\u00e1pida de salmueras de litio -\" \/>\n<meta property=\"og:description\" content=\"Propiedad Intelectual \u2013 Solicitud de Patente PCT: PCT\/IB2023\/057117 Tecnolog\u00eda desarrollada La presente invenci\u00f3n consiste en un proceso para la concentraci\u00f3n ultrarr\u00e1pida de salmueras de Litio. Para ello, el sistema emplea un m\u00f3dulo de membrana porosa para la destilaci\u00f3n osm\u00f3tica, usando un l\u00edquido i\u00f3nico hidrof\u00edlico como agente de deshidrataci\u00f3n. Proceso sustentable, modular, escalable y novedoso con [&hellip;]\" \/>\n<meta property=\"og:url\" content=\"https:\/\/dinn.ucsc.cl\/index.php\/proceso-de-concentracion-ultrarapida-de-salmueras-de-litio\/\" \/>\n<meta property=\"article:publisher\" content=\"https:\/\/m.facebook.com\/DINNUCSC\" \/>\n<meta property=\"article:modified_time\" content=\"2023-07-17T02:04:34+00:00\" \/>\n<meta property=\"og:image\" content=\"https:\/\/sitios.ucsc.cl\/investigacion\/wp-content\/uploads\/sites\/14\/2023\/07\/17.png\" \/>\n<meta name=\"twitter:card\" content=\"summary\" \/>\n<meta name=\"twitter:site\" content=\"@dinn_ucsc\" \/>\n<meta name=\"twitter:label1\" content=\"Tiempo de lectura\" \/>\n\t<meta name=\"twitter:data1\" content=\"1 minuto\" \/>\n<script type=\"application\/ld+json\" class=\"yoast-schema-graph\">{\"@context\":\"https:\/\/schema.org\",\"@graph\":[{\"@type\":\"WebSite\",\"@id\":\"https:\/\/dinn.ucsc.cl\/#website\",\"url\":\"https:\/\/dinn.ucsc.cl\/\",\"name\":\"Direcci\u00f3n de Innovaci\u00f3n UCSC\",\"description\":\"Direcci\u00f3n de Innovaci\u00f3n\",\"potentialAction\":[{\"@type\":\"SearchAction\",\"target\":{\"@type\":\"EntryPoint\",\"urlTemplate\":\"https:\/\/dinn.ucsc.cl\/?s={search_term_string}\"},\"query-input\":\"required name=search_term_string\"}],\"inLanguage\":\"es\"},{\"@type\":\"ImageObject\",\"inLanguage\":\"es\",\"@id\":\"https:\/\/dinn.ucsc.cl\/index.php\/proceso-de-concentracion-ultrarapida-de-salmueras-de-litio\/#primaryimage\",\"url\":\"https:\/\/sitios.ucsc.cl\/investigacion\/wp-content\/uploads\/sites\/14\/2023\/07\/17.png\",\"contentUrl\":\"https:\/\/sitios.ucsc.cl\/investigacion\/wp-content\/uploads\/sites\/14\/2023\/07\/17.png\"},{\"@type\":\"WebPage\",\"@id\":\"https:\/\/dinn.ucsc.cl\/index.php\/proceso-de-concentracion-ultrarapida-de-salmueras-de-litio\/#webpage\",\"url\":\"https:\/\/dinn.ucsc.cl\/index.php\/proceso-de-concentracion-ultrarapida-de-salmueras-de-litio\/\",\"name\":\"Proceso de concentraci\u00f3n ultrar\u00e1pida de salmueras de litio -\",\"isPartOf\":{\"@id\":\"https:\/\/dinn.ucsc.cl\/#website\"},\"primaryImageOfPage\":{\"@id\":\"https:\/\/dinn.ucsc.cl\/index.php\/proceso-de-concentracion-ultrarapida-de-salmueras-de-litio\/#primaryimage\"},\"datePublished\":\"2023-07-17T01:54:18+00:00\",\"dateModified\":\"2023-07-17T02:04:34+00:00\",\"breadcrumb\":{\"@id\":\"https:\/\/dinn.ucsc.cl\/index.php\/proceso-de-concentracion-ultrarapida-de-salmueras-de-litio\/#breadcrumb\"},\"inLanguage\":\"es\",\"potentialAction\":[{\"@type\":\"ReadAction\",\"target\":[\"https:\/\/dinn.ucsc.cl\/index.php\/proceso-de-concentracion-ultrarapida-de-salmueras-de-litio\/\"]}]},{\"@type\":\"BreadcrumbList\",\"@id\":\"https:\/\/dinn.ucsc.cl\/index.php\/proceso-de-concentracion-ultrarapida-de-salmueras-de-litio\/#breadcrumb\",\"itemListElement\":[{\"@type\":\"ListItem\",\"position\":1,\"name\":\"Inicio\",\"item\":\"https:\/\/dinn.ucsc.cl\/\"},{\"@type\":\"ListItem\",\"position\":2,\"name\":\"Proceso de concentraci\u00f3n ultrar\u00e1pida de salmueras de litio\"}]}]}<\/script>\n<!-- \/ Yoast SEO plugin. -->","yoast_head_json":{"title":"Proceso de concentraci\u00f3n ultrar\u00e1pida de salmueras de litio -","robots":{"index":"index","follow":"follow","max-snippet":"max-snippet:-1","max-image-preview":"max-image-preview:large","max-video-preview":"max-video-preview:-1"},"canonical":"https:\/\/dinn.ucsc.cl\/index.php\/proceso-de-concentracion-ultrarapida-de-salmueras-de-litio\/","og_locale":"es_ES","og_type":"article","og_title":"Proceso de concentraci\u00f3n ultrar\u00e1pida de salmueras de litio -","og_description":"Propiedad Intelectual \u2013 Solicitud de Patente PCT: PCT\/IB2023\/057117 Tecnolog\u00eda desarrollada La presente invenci\u00f3n consiste en un proceso para la concentraci\u00f3n ultrarr\u00e1pida de salmueras de Litio. Para ello, el sistema emplea un m\u00f3dulo de membrana porosa para la destilaci\u00f3n osm\u00f3tica, usando un l\u00edquido i\u00f3nico hidrof\u00edlico como agente de deshidrataci\u00f3n. Proceso sustentable, modular, escalable y novedoso con [&hellip;]","og_url":"https:\/\/dinn.ucsc.cl\/index.php\/proceso-de-concentracion-ultrarapida-de-salmueras-de-litio\/","article_publisher":"https:\/\/m.facebook.com\/DINNUCSC","article_modified_time":"2023-07-17T02:04:34+00:00","og_image":[{"url":"https:\/\/sitios.ucsc.cl\/investigacion\/wp-content\/uploads\/sites\/14\/2023\/07\/17.png"}],"twitter_card":"summary","twitter_site":"@dinn_ucsc","twitter_misc":{"Tiempo de lectura":"1 minuto"},"schema":{"@context":"https:\/\/schema.org","@graph":[{"@type":"WebSite","@id":"https:\/\/dinn.ucsc.cl\/#website","url":"https:\/\/dinn.ucsc.cl\/","name":"Direcci\u00f3n de Innovaci\u00f3n UCSC","description":"Direcci\u00f3n de Innovaci\u00f3n","potentialAction":[{"@type":"SearchAction","target":{"@type":"EntryPoint","urlTemplate":"https:\/\/dinn.ucsc.cl\/?s={search_term_string}"},"query-input":"required name=search_term_string"}],"inLanguage":"es"},{"@type":"ImageObject","inLanguage":"es","@id":"https:\/\/dinn.ucsc.cl\/index.php\/proceso-de-concentracion-ultrarapida-de-salmueras-de-litio\/#primaryimage","url":"https:\/\/sitios.ucsc.cl\/investigacion\/wp-content\/uploads\/sites\/14\/2023\/07\/17.png","contentUrl":"https:\/\/sitios.ucsc.cl\/investigacion\/wp-content\/uploads\/sites\/14\/2023\/07\/17.png"},{"@type":"WebPage","@id":"https:\/\/dinn.ucsc.cl\/index.php\/proceso-de-concentracion-ultrarapida-de-salmueras-de-litio\/#webpage","url":"https:\/\/dinn.ucsc.cl\/index.php\/proceso-de-concentracion-ultrarapida-de-salmueras-de-litio\/","name":"Proceso de concentraci\u00f3n ultrar\u00e1pida de salmueras de litio -","isPartOf":{"@id":"https:\/\/dinn.ucsc.cl\/#website"},"primaryImageOfPage":{"@id":"https:\/\/dinn.ucsc.cl\/index.php\/proceso-de-concentracion-ultrarapida-de-salmueras-de-litio\/#primaryimage"},"datePublished":"2023-07-17T01:54:18+00:00","dateModified":"2023-07-17T02:04:34+00:00","breadcrumb":{"@id":"https:\/\/dinn.ucsc.cl\/index.php\/proceso-de-concentracion-ultrarapida-de-salmueras-de-litio\/#breadcrumb"},"inLanguage":"es","potentialAction":[{"@type":"ReadAction","target":["https:\/\/dinn.ucsc.cl\/index.php\/proceso-de-concentracion-ultrarapida-de-salmueras-de-litio\/"]}]},{"@type":"BreadcrumbList","@id":"https:\/\/dinn.ucsc.cl\/index.php\/proceso-de-concentracion-ultrarapida-de-salmueras-de-litio\/#breadcrumb","itemListElement":[{"@type":"ListItem","position":1,"name":"Inicio","item":"https:\/\/dinn.ucsc.cl\/"},{"@type":"ListItem","position":2,"name":"Proceso de concentraci\u00f3n ultrar\u00e1pida de salmueras de litio"}]}]}},"_links":{"self":[{"href":"https:\/\/dinn.ucsc.cl\/index.php\/wp-json\/wp\/v2\/pages\/5293"}],"collection":[{"href":"https:\/\/dinn.ucsc.cl\/index.php\/wp-json\/wp\/v2\/pages"}],"about":[{"href":"https:\/\/dinn.ucsc.cl\/index.php\/wp-json\/wp\/v2\/types\/page"}],"author":[{"embeddable":true,"href":"https:\/\/dinn.ucsc.cl\/index.php\/wp-json\/wp\/v2\/users\/84"}],"replies":[{"embeddable":true,"href":"https:\/\/dinn.ucsc.cl\/index.php\/wp-json\/wp\/v2\/comments?post=5293"}],"version-history":[{"count":3,"href":"https:\/\/dinn.ucsc.cl\/index.php\/wp-json\/wp\/v2\/pages\/5293\/revisions"}],"predecessor-version":[{"id":5305,"href":"https:\/\/dinn.ucsc.cl\/index.php\/wp-json\/wp\/v2\/pages\/5293\/revisions\/5305"}],"wp:attachment":[{"href":"https:\/\/dinn.ucsc.cl\/index.php\/wp-json\/wp\/v2\/media?parent=5293"}],"curies":[{"name":"wp","href":"https:\/\/api.w.org\/{rel}","templated":true}]}}