{"id":5306,"date":"2023-07-16T22:08:55","date_gmt":"2023-07-17T02:08:55","guid":{"rendered":"https:\/\/dinn.ucsc.cl\/?page_id=5306"},"modified":"2023-07-16T22:10:57","modified_gmt":"2023-07-17T02:10:57","slug":"proceso-integrado-para-la-produccion-de-biopropano-a-partir-de-aceites-residuales","status":"publish","type":"page","link":"https:\/\/dinn.ucsc.cl\/index.php\/proceso-integrado-para-la-produccion-de-biopropano-a-partir-de-aceites-residuales\/","title":{"rendered":"Proceso integrado para la producci\u00f3n de biopropano a partir de aceites residuales"},"content":{"rendered":"<table class=\" alignleft\" style=\"font-size: 1rem;width: 733px;height: 1139px\">\n<tbody>\n<tr style=\"height: 158px\">\n<td style=\"width: 732.2px;height: 158px\" colspan=\"4\"><img loading=\"lazy\" class=\"aligncenter size-full wp-image-5295\" src=\"https:\/\/dinn.ucsc.cl\/wp-content\/uploads\/sites\/14\/2023\/07\/18.png\" alt=\"\" width=\"950\" height=\"193\" srcset=\"https:\/\/dinn.ucsc.cl\/wp-content\/uploads\/sites\/14\/2023\/07\/18.png 950w, https:\/\/dinn.ucsc.cl\/wp-content\/uploads\/sites\/14\/2023\/07\/18-300x61.png 300w, https:\/\/dinn.ucsc.cl\/wp-content\/uploads\/sites\/14\/2023\/07\/18-768x156.png 768w, https:\/\/dinn.ucsc.cl\/wp-content\/uploads\/sites\/14\/2023\/07\/18-200x41.png 200w\" sizes=\"(max-width: 950px) 100vw, 950px\" \/><\/td>\n<\/tr>\n<tr style=\"height: 54px\">\n<td style=\"width: 51.075px;height: 38px\"><\/td>\n<td style=\"width: 49.075px;height: 38px\"><\/td>\n<td style=\"width: 594.975px;height: 38px\"><strong>Propiedad Intelectual \u2013 Solicitud de Patente PCT: PCT\/IB2023\/056874<\/strong><\/td>\n<td style=\"width: 37.075px;height: 38px\">\n<h3><\/h3>\n<\/td>\n<\/tr>\n<tr style=\"height: 47px\">\n<td style=\"width: 51.075px;height: 47px\"><\/td>\n<td style=\"width: 49.075px;height: 47px\"><img loading=\"lazy\" class=\"aligncenter size-full wp-image-2827\" src=\"https:\/\/sitios.ucsc.cl\/ott\/wp-content\/uploads\/sites\/15\/2022\/07\/OTT_TEC_1.png\" alt=\"\" width=\"50\" height=\"50\" \/><\/td>\n<td style=\"width: 594.975px;text-align: justify;height: 47px\">\n<h3>Tecnolog\u00eda desarrollada<\/h3>\n<\/td>\n<td style=\"width: 37.075px;height: 47px\">\n<h3><\/h3>\n<\/td>\n<\/tr>\n<tr>\n<td style=\"width: 51.075px\"><\/td>\n<td style=\"width: 49.075px\"><\/td>\n<td style=\"width: 594.975px;text-align: justify\">La presente invenci\u00f3n proporciona un m\u00e9todo para la producci\u00f3n de biopropano a partir de aceites residuales. En detalle, consiste en un nuevo proceso integrado compuesto por una etapa biotecnol\u00f3gica de procesamiento del glicerol para la generaci\u00f3n de \u00e1cido propanodioico como precursor, y por una etapa termoqu\u00edmica de saponificaci\u00f3n y pir\u00f3lisis de \u00e1cidos carbox\u00edlicos. De esta forma, el proceso permite maximizar la producci\u00f3n de biopropano utilizando l\u00edpidos residuales como materia prima.<\/td>\n<td style=\"width: 37.075px\">\n<h3><\/h3>\n<\/td>\n<\/tr>\n<tr style=\"height: 47px\">\n<td style=\"width: 51.075px;height: 47px\"><\/td>\n<td style=\"width: 49.075px;height: 47px\"><img loading=\"lazy\" class=\"aligncenter size-full wp-image-2828\" src=\"https:\/\/sitios.ucsc.cl\/ott\/wp-content\/uploads\/sites\/15\/2022\/07\/OTT_TEC_2.png\" alt=\"\" width=\"50\" height=\"50\" \/><\/td>\n<td style=\"width: 594.975px;text-align: justify;height: 47px\">\n<h3>Beneficios \/ Ventajas<\/h3>\n<\/td>\n<td style=\"width: 37.075px;height: 47px\"><\/td>\n<\/tr>\n<tr>\n<td style=\"width: 51.075px\"><\/td>\n<td style=\"width: 49.075px\"><\/td>\n<td style=\"width: 594.975px;text-align: justify\">\u2022 Integra procesos termoqu\u00edmicos y biotecnol\u00f3gicos para maximizar el rendimiento de la materia prima a propano.<br \/>\n\u2022 Favorece la obtenci\u00f3n de oleofinas livianas como el propano, butano, pentano, entre otros, y sus respectivos alquenos, componentes presentes en gas licuado.<br \/>\n\u2022 Proceso productivo con mayor rendimiento que los actuales m\u00e9todos termoqu\u00edmicos de producci\u00f3n de biopropano.<\/td>\n<td style=\"width: 37.075px\"><\/td>\n<\/tr>\n<tr style=\"height: 47px\">\n<td style=\"width: 51.075px;height: 47px\"><\/td>\n<td style=\"width: 49.075px;height: 47px\"><img loading=\"lazy\" class=\"aligncenter size-full wp-image-2829\" src=\"https:\/\/sitios.ucsc.cl\/ott\/wp-content\/uploads\/sites\/15\/2022\/07\/OTT_TEC_3.png\" alt=\"\" width=\"50\" height=\"50\" \/><\/td>\n<td style=\"width: 594.975px;text-align: justify;height: 47px\">\n<h3>Usos \/ Aplicaciones<\/h3>\n<\/td>\n<td style=\"width: 37.075px;height: 47px\"><\/td>\n<\/tr>\n<tr>\n<td style=\"width: 51.075px\"><\/td>\n<td style=\"width: 49.075px\"><\/td>\n<td style=\"width: 594.975px;text-align: justify\">Procesamiento de aceite, como el aceite residual de fritura u otras fuentes lip\u00eddicas, para la producci\u00f3n de biocombustible biopropano, biopropano\/biobutano.<\/td>\n<td style=\"width: 37.075px\"><\/td>\n<\/tr>\n<tr style=\"height: 47px\">\n<td style=\"width: 51.075px;height: 47px\"><\/td>\n<td style=\"width: 49.075px;height: 47px\"><img loading=\"lazy\" class=\"aligncenter size-full wp-image-2830\" src=\"https:\/\/sitios.ucsc.cl\/ott\/wp-content\/uploads\/sites\/15\/2022\/07\/OTT_TEC_4.png\" alt=\"\" width=\"50\" height=\"50\" \/><\/td>\n<td style=\"width: 594.975px;text-align: justify;height: 47px\">\n<h3>Oferta tecnol\u00f3gica<\/h3>\n<\/td>\n<td style=\"width: 37.075px;height: 47px\"><\/td>\n<\/tr>\n<tr style=\"height: 28px\">\n<td style=\"width: 51.075px;height: 28px\"><\/td>\n<td style=\"width: 49.075px;height: 28px\"><\/td>\n<td style=\"width: 594.975px;text-align: justify;height: 28px\">La tecnolog\u00eda est\u00e1 disponible para licenciamiento.<\/td>\n<td style=\"width: 37.075px;height: 28px\"><\/td>\n<\/tr>\n<tr style=\"height: 47px\">\n<td style=\"width: 51.075px;height: 47px\"><\/td>\n<td style=\"width: 49.075px;height: 47px\"><img loading=\"lazy\" class=\"aligncenter size-full wp-image-2831\" src=\"https:\/\/sitios.ucsc.cl\/ott\/wp-content\/uploads\/sites\/15\/2022\/07\/OTT_TEC_5.png\" alt=\"\" width=\"50\" height=\"50\" \/><\/td>\n<td style=\"width: 594.975px;text-align: justify;height: 47px\">\n<h3>Estado de desarrollo<\/h3>\n<\/td>\n<td style=\"width: 37.075px;height: 47px\"><\/td>\n<\/tr>\n<tr style=\"height: 47px\">\n<td style=\"width: 51.075px;height: 47px\"><\/td>\n<td style=\"width: 49.075px;height: 47px\"><\/td>\n<td style=\"width: 594.975px;text-align: justify;height: 47px\">TRL 3, ya que se cuenta con pruebas de concepto con caracter\u00edsticas cr\u00edticas probadas a nivel laboratorio.<\/td>\n<td style=\"width: 37.075px;height: 47px\"><\/td>\n<\/tr>\n<tr style=\"height: 47px\">\n<td style=\"width: 51.075px;height: 32px\"><\/td>\n<td style=\"width: 49.075px;height: 32px\"><img loading=\"lazy\" class=\"aligncenter size-full wp-image-2832\" src=\"https:\/\/sitios.ucsc.cl\/ott\/wp-content\/uploads\/sites\/15\/2022\/07\/OTT_TEC_6.png\" alt=\"\" width=\"50\" height=\"50\" \/><\/td>\n<td style=\"width: 594.975px;text-align: justify;height: 32px\">\n<h3>Investigadores principales<\/h3>\n<\/td>\n<td style=\"width: 37.075px;height: 32px\"><\/td>\n<\/tr>\n<tr style=\"height: 105px\">\n<td style=\"width: 51.075px;height: 33px\"><\/td>\n<td style=\"width: 49.075px;height: 33px\"><\/td>\n<td style=\"width: 594.975px;text-align: justify;height: 33px\">Dra. Laura Az\u00f3car Ulloa, Facultad de Ciencias.<br \/>\nDra. Fabiola Valdebenito Escobar, Facultad de Ciencias.<br \/>\nDra. Carolina Aguirre C\u00e9spedes, Facultad de Ciencias.<br \/>\nDr. Robinson Mu\u00f1oz Gonz\u00e1lez, Facultad de Ciencias.<br \/>\nDra. Ruby Riveros Arriagada, Facultad de Ciencias.<\/td>\n<td style=\"width: 37.075px;height: 33px\"><\/td>\n<\/tr>\n<tr style=\"height: 121px\">\n<td style=\"width: 51.075px;height: 121px\"><\/td>\n<td style=\"width: 644.05px;height: 121px\" colspan=\"2\">&nbsp;<\/p>\n<p><a href=\"https:\/\/dinn.ucsc.cl\/wp-content\/uploads\/sites\/14\/2023\/07\/OTT_Tec_18.pdf\"><img loading=\"lazy\" class=\"aligncenter wp-image-2220 size-medium\" src=\"https:\/\/sitios.ucsc.cl\/ott\/wp-content\/uploads\/sites\/15\/2022\/06\/Bot\u00f3n-descarga-300x61.png\" alt=\"\" width=\"300\" height=\"61\" \/><\/a><\/td>\n<td style=\"width: 37.075px;height: 121px\"><\/td>\n<\/tr>\n<tr style=\"height: 96px\">\n<td style=\"width: 732.2px;height: 96px\" colspan=\"4\">\n<h3><img loading=\"lazy\" class=\"aligncenter size-full wp-image-5233\" src=\"https:\/\/dinn.ucsc.cl\/wp-content\/uploads\/sites\/14\/2023\/07\/OTT_Tec_Footer_1.png\" alt=\"\" width=\"950\" height=\"111\" srcset=\"https:\/\/dinn.ucsc.cl\/wp-content\/uploads\/sites\/14\/2023\/07\/OTT_Tec_Footer_1.png 950w, https:\/\/dinn.ucsc.cl\/wp-content\/uploads\/sites\/14\/2023\/07\/OTT_Tec_Footer_1-300x35.png 300w, https:\/\/dinn.ucsc.cl\/wp-content\/uploads\/sites\/14\/2023\/07\/OTT_Tec_Footer_1-768x90.png 768w, https:\/\/dinn.ucsc.cl\/wp-content\/uploads\/sites\/14\/2023\/07\/OTT_Tec_Footer_1-200x23.png 200w\" sizes=\"(max-width: 950px) 100vw, 950px\" \/><\/h3>\n<\/td>\n<\/tr>\n<\/tbody>\n<\/table>\n<h3><\/h3>\n","protected":false},"excerpt":{"rendered":"<p>Propiedad Intelectual \u2013 Solicitud de Patente PCT: PCT\/IB2023\/056874 Tecnolog\u00eda desarrollada La presente invenci\u00f3n proporciona un m\u00e9todo para la producci\u00f3n de biopropano a partir de aceites residuales. En detalle, consiste en un nuevo proceso integrado compuesto por una etapa biotecnol\u00f3gica de procesamiento del glicerol para la generaci\u00f3n de \u00e1cido propanodioico como precursor, y por una etapa [&hellip;]<\/p>\n","protected":false},"author":84,"featured_media":0,"parent":0,"menu_order":0,"comment_status":"closed","ping_status":"closed","template":"","meta":[],"yoast_head":"<!-- This site is optimized with the Yoast SEO plugin v18.9 - https:\/\/yoast.com\/wordpress\/plugins\/seo\/ -->\n<title>Proceso integrado para la producci\u00f3n de biopropano a partir de aceites residuales -<\/title>\n<meta name=\"robots\" content=\"index, follow, max-snippet:-1, max-image-preview:large, max-video-preview:-1\" \/>\n<link rel=\"canonical\" href=\"https:\/\/dinn.ucsc.cl\/index.php\/proceso-integrado-para-la-produccion-de-biopropano-a-partir-de-aceites-residuales\/\" \/>\n<meta property=\"og:locale\" content=\"es_ES\" \/>\n<meta property=\"og:type\" content=\"article\" \/>\n<meta property=\"og:title\" content=\"Proceso integrado para la producci\u00f3n de biopropano a partir de aceites residuales -\" \/>\n<meta property=\"og:description\" content=\"Propiedad Intelectual \u2013 Solicitud de Patente PCT: PCT\/IB2023\/056874 Tecnolog\u00eda desarrollada La presente invenci\u00f3n proporciona un m\u00e9todo para la producci\u00f3n de biopropano a partir de aceites residuales. En detalle, consiste en un nuevo proceso integrado compuesto por una etapa biotecnol\u00f3gica de procesamiento del glicerol para la generaci\u00f3n de \u00e1cido propanodioico como precursor, y por una etapa [&hellip;]\" \/>\n<meta property=\"og:url\" content=\"https:\/\/dinn.ucsc.cl\/index.php\/proceso-integrado-para-la-produccion-de-biopropano-a-partir-de-aceites-residuales\/\" \/>\n<meta property=\"article:publisher\" content=\"https:\/\/m.facebook.com\/DINNUCSC\" \/>\n<meta property=\"article:modified_time\" content=\"2023-07-17T02:10:57+00:00\" \/>\n<meta property=\"og:image\" content=\"https:\/\/sitios.ucsc.cl\/investigacion\/wp-content\/uploads\/sites\/14\/2023\/07\/18.png\" \/>\n<meta name=\"twitter:card\" content=\"summary\" \/>\n<meta name=\"twitter:site\" content=\"@dinn_ucsc\" \/>\n<meta name=\"twitter:label1\" content=\"Tiempo de lectura\" \/>\n\t<meta name=\"twitter:data1\" content=\"1 minuto\" \/>\n<script type=\"application\/ld+json\" class=\"yoast-schema-graph\">{\"@context\":\"https:\/\/schema.org\",\"@graph\":[{\"@type\":\"WebSite\",\"@id\":\"https:\/\/dinn.ucsc.cl\/#website\",\"url\":\"https:\/\/dinn.ucsc.cl\/\",\"name\":\"Direcci\u00f3n de Innovaci\u00f3n UCSC\",\"description\":\"Direcci\u00f3n de Innovaci\u00f3n\",\"potentialAction\":[{\"@type\":\"SearchAction\",\"target\":{\"@type\":\"EntryPoint\",\"urlTemplate\":\"https:\/\/dinn.ucsc.cl\/?s={search_term_string}\"},\"query-input\":\"required name=search_term_string\"}],\"inLanguage\":\"es\"},{\"@type\":\"ImageObject\",\"inLanguage\":\"es\",\"@id\":\"https:\/\/dinn.ucsc.cl\/index.php\/proceso-integrado-para-la-produccion-de-biopropano-a-partir-de-aceites-residuales\/#primaryimage\",\"url\":\"https:\/\/sitios.ucsc.cl\/investigacion\/wp-content\/uploads\/sites\/14\/2023\/07\/18.png\",\"contentUrl\":\"https:\/\/sitios.ucsc.cl\/investigacion\/wp-content\/uploads\/sites\/14\/2023\/07\/18.png\"},{\"@type\":\"WebPage\",\"@id\":\"https:\/\/dinn.ucsc.cl\/index.php\/proceso-integrado-para-la-produccion-de-biopropano-a-partir-de-aceites-residuales\/#webpage\",\"url\":\"https:\/\/dinn.ucsc.cl\/index.php\/proceso-integrado-para-la-produccion-de-biopropano-a-partir-de-aceites-residuales\/\",\"name\":\"Proceso integrado para la producci\u00f3n de biopropano a partir de aceites residuales -\",\"isPartOf\":{\"@id\":\"https:\/\/dinn.ucsc.cl\/#website\"},\"primaryImageOfPage\":{\"@id\":\"https:\/\/dinn.ucsc.cl\/index.php\/proceso-integrado-para-la-produccion-de-biopropano-a-partir-de-aceites-residuales\/#primaryimage\"},\"datePublished\":\"2023-07-17T02:08:55+00:00\",\"dateModified\":\"2023-07-17T02:10:57+00:00\",\"breadcrumb\":{\"@id\":\"https:\/\/dinn.ucsc.cl\/index.php\/proceso-integrado-para-la-produccion-de-biopropano-a-partir-de-aceites-residuales\/#breadcrumb\"},\"inLanguage\":\"es\",\"potentialAction\":[{\"@type\":\"ReadAction\",\"target\":[\"https:\/\/dinn.ucsc.cl\/index.php\/proceso-integrado-para-la-produccion-de-biopropano-a-partir-de-aceites-residuales\/\"]}]},{\"@type\":\"BreadcrumbList\",\"@id\":\"https:\/\/dinn.ucsc.cl\/index.php\/proceso-integrado-para-la-produccion-de-biopropano-a-partir-de-aceites-residuales\/#breadcrumb\",\"itemListElement\":[{\"@type\":\"ListItem\",\"position\":1,\"name\":\"Inicio\",\"item\":\"https:\/\/dinn.ucsc.cl\/\"},{\"@type\":\"ListItem\",\"position\":2,\"name\":\"Proceso integrado para la producci\u00f3n de biopropano a partir de aceites residuales\"}]}]}<\/script>\n<!-- \/ Yoast SEO plugin. -->","yoast_head_json":{"title":"Proceso integrado para la producci\u00f3n de biopropano a partir de aceites residuales -","robots":{"index":"index","follow":"follow","max-snippet":"max-snippet:-1","max-image-preview":"max-image-preview:large","max-video-preview":"max-video-preview:-1"},"canonical":"https:\/\/dinn.ucsc.cl\/index.php\/proceso-integrado-para-la-produccion-de-biopropano-a-partir-de-aceites-residuales\/","og_locale":"es_ES","og_type":"article","og_title":"Proceso integrado para la producci\u00f3n de biopropano a partir de aceites residuales -","og_description":"Propiedad Intelectual \u2013 Solicitud de Patente PCT: PCT\/IB2023\/056874 Tecnolog\u00eda desarrollada La presente invenci\u00f3n proporciona un m\u00e9todo para la producci\u00f3n de biopropano a partir de aceites residuales. En detalle, consiste en un nuevo proceso integrado compuesto por una etapa biotecnol\u00f3gica de procesamiento del glicerol para la generaci\u00f3n de \u00e1cido propanodioico como precursor, y por una etapa [&hellip;]","og_url":"https:\/\/dinn.ucsc.cl\/index.php\/proceso-integrado-para-la-produccion-de-biopropano-a-partir-de-aceites-residuales\/","article_publisher":"https:\/\/m.facebook.com\/DINNUCSC","article_modified_time":"2023-07-17T02:10:57+00:00","og_image":[{"url":"https:\/\/sitios.ucsc.cl\/investigacion\/wp-content\/uploads\/sites\/14\/2023\/07\/18.png"}],"twitter_card":"summary","twitter_site":"@dinn_ucsc","twitter_misc":{"Tiempo de lectura":"1 minuto"},"schema":{"@context":"https:\/\/schema.org","@graph":[{"@type":"WebSite","@id":"https:\/\/dinn.ucsc.cl\/#website","url":"https:\/\/dinn.ucsc.cl\/","name":"Direcci\u00f3n de Innovaci\u00f3n UCSC","description":"Direcci\u00f3n de Innovaci\u00f3n","potentialAction":[{"@type":"SearchAction","target":{"@type":"EntryPoint","urlTemplate":"https:\/\/dinn.ucsc.cl\/?s={search_term_string}"},"query-input":"required name=search_term_string"}],"inLanguage":"es"},{"@type":"ImageObject","inLanguage":"es","@id":"https:\/\/dinn.ucsc.cl\/index.php\/proceso-integrado-para-la-produccion-de-biopropano-a-partir-de-aceites-residuales\/#primaryimage","url":"https:\/\/sitios.ucsc.cl\/investigacion\/wp-content\/uploads\/sites\/14\/2023\/07\/18.png","contentUrl":"https:\/\/sitios.ucsc.cl\/investigacion\/wp-content\/uploads\/sites\/14\/2023\/07\/18.png"},{"@type":"WebPage","@id":"https:\/\/dinn.ucsc.cl\/index.php\/proceso-integrado-para-la-produccion-de-biopropano-a-partir-de-aceites-residuales\/#webpage","url":"https:\/\/dinn.ucsc.cl\/index.php\/proceso-integrado-para-la-produccion-de-biopropano-a-partir-de-aceites-residuales\/","name":"Proceso integrado para la producci\u00f3n de biopropano a partir de aceites residuales -","isPartOf":{"@id":"https:\/\/dinn.ucsc.cl\/#website"},"primaryImageOfPage":{"@id":"https:\/\/dinn.ucsc.cl\/index.php\/proceso-integrado-para-la-produccion-de-biopropano-a-partir-de-aceites-residuales\/#primaryimage"},"datePublished":"2023-07-17T02:08:55+00:00","dateModified":"2023-07-17T02:10:57+00:00","breadcrumb":{"@id":"https:\/\/dinn.ucsc.cl\/index.php\/proceso-integrado-para-la-produccion-de-biopropano-a-partir-de-aceites-residuales\/#breadcrumb"},"inLanguage":"es","potentialAction":[{"@type":"ReadAction","target":["https:\/\/dinn.ucsc.cl\/index.php\/proceso-integrado-para-la-produccion-de-biopropano-a-partir-de-aceites-residuales\/"]}]},{"@type":"BreadcrumbList","@id":"https:\/\/dinn.ucsc.cl\/index.php\/proceso-integrado-para-la-produccion-de-biopropano-a-partir-de-aceites-residuales\/#breadcrumb","itemListElement":[{"@type":"ListItem","position":1,"name":"Inicio","item":"https:\/\/dinn.ucsc.cl\/"},{"@type":"ListItem","position":2,"name":"Proceso integrado para la producci\u00f3n de biopropano a partir de aceites residuales"}]}]}},"_links":{"self":[{"href":"https:\/\/dinn.ucsc.cl\/index.php\/wp-json\/wp\/v2\/pages\/5306"}],"collection":[{"href":"https:\/\/dinn.ucsc.cl\/index.php\/wp-json\/wp\/v2\/pages"}],"about":[{"href":"https:\/\/dinn.ucsc.cl\/index.php\/wp-json\/wp\/v2\/types\/page"}],"author":[{"embeddable":true,"href":"https:\/\/dinn.ucsc.cl\/index.php\/wp-json\/wp\/v2\/users\/84"}],"replies":[{"embeddable":true,"href":"https:\/\/dinn.ucsc.cl\/index.php\/wp-json\/wp\/v2\/comments?post=5306"}],"version-history":[{"count":3,"href":"https:\/\/dinn.ucsc.cl\/index.php\/wp-json\/wp\/v2\/pages\/5306\/revisions"}],"predecessor-version":[{"id":5308,"href":"https:\/\/dinn.ucsc.cl\/index.php\/wp-json\/wp\/v2\/pages\/5306\/revisions\/5308"}],"wp:attachment":[{"href":"https:\/\/dinn.ucsc.cl\/index.php\/wp-json\/wp\/v2\/media?parent=5306"}],"curies":[{"name":"wp","href":"https:\/\/api.w.org\/{rel}","templated":true}]}}