{"id":5316,"date":"2023-07-16T23:25:22","date_gmt":"2023-07-17T03:25:22","guid":{"rendered":"https:\/\/dinn.ucsc.cl\/?page_id=5316"},"modified":"2023-07-16T23:25:22","modified_gmt":"2023-07-17T03:25:22","slug":"dispositivo-de-entrenamiento-medico-que-logra-la-representacion-de-un-paciente-con-respuesta-empatica","status":"publish","type":"page","link":"https:\/\/dinn.ucsc.cl\/index.php\/dispositivo-de-entrenamiento-medico-que-logra-la-representacion-de-un-paciente-con-respuesta-empatica\/","title":{"rendered":"Dispositivo de entrenamiento m\u00e9dico que logra la representaci\u00f3n de un paciente con respuesta emp\u00e1tica"},"content":{"rendered":"<table class=\" alignleft\" style=\"font-size: 1rem;width: 733px;height: 1139px\">\n<tbody>\n<tr style=\"height: 158px\">\n<td style=\"width: 732.2px;height: 158px\" colspan=\"4\"><img loading=\"lazy\" class=\"aligncenter size-full wp-image-5297\" src=\"https:\/\/dinn.ucsc.cl\/wp-content\/uploads\/sites\/14\/2023\/07\/20.png\" alt=\"\" width=\"950\" height=\"193\" srcset=\"https:\/\/dinn.ucsc.cl\/wp-content\/uploads\/sites\/14\/2023\/07\/20.png 950w, https:\/\/dinn.ucsc.cl\/wp-content\/uploads\/sites\/14\/2023\/07\/20-300x61.png 300w, https:\/\/dinn.ucsc.cl\/wp-content\/uploads\/sites\/14\/2023\/07\/20-768x156.png 768w, https:\/\/dinn.ucsc.cl\/wp-content\/uploads\/sites\/14\/2023\/07\/20-200x41.png 200w\" sizes=\"(max-width: 950px) 100vw, 950px\" \/><\/td>\n<\/tr>\n<tr style=\"height: 54px\">\n<td style=\"width: 51.075px;height: 38px\"><\/td>\n<td style=\"width: 49.075px;height: 38px\"><\/td>\n<td style=\"width: 594.975px;height: 38px\"><strong>Propiedad Industrial \u2013 Presentaci\u00f3n Modelo de Utilidad:<\/strong><br \/>\nChile: CL202302046<\/td>\n<td style=\"width: 37.075px;height: 38px\">\n<h3><\/h3>\n<\/td>\n<\/tr>\n<tr style=\"height: 47px\">\n<td style=\"width: 51.075px;height: 47px\"><\/td>\n<td style=\"width: 49.075px;height: 47px\"><img loading=\"lazy\" class=\"aligncenter size-full wp-image-2827\" src=\"https:\/\/sitios.ucsc.cl\/ott\/wp-content\/uploads\/sites\/15\/2022\/07\/OTT_TEC_1.png\" alt=\"\" width=\"50\" height=\"50\" \/><\/td>\n<td style=\"width: 594.975px;text-align: justify;height: 47px\">\n<h3>Tecnolog\u00eda desarrollada<\/h3>\n<\/td>\n<td style=\"width: 37.075px;height: 47px\">\n<h3><\/h3>\n<\/td>\n<\/tr>\n<tr>\n<td style=\"width: 51.075px\"><\/td>\n<td style=\"width: 49.075px\"><\/td>\n<td style=\"width: 594.975px;text-align: justify\">Sistema de simulaci\u00f3n cl\u00ednica para entrenamiento de habilidades t\u00e9cnicas y no t\u00e9cnicas, el cual logra la representaci\u00f3n de un ni\u00f1o o ni\u00f1a, generando respuesta emp\u00e1tica y humanizada sobre el sujeto de entrenamiento. Comprende un mu\u00f1eco confeccionado en goma-espuma bajo proporciones de un ni\u00f1o de 6 a\u00f1os de cuerpo completo, adem\u00e1s de un elemento cl\u00ednico como una camilla o similar, un dispositivo corta vista tipo cortina que separa la porci\u00f3n de entrenamiento de la de manipulaci\u00f3n. Puede incluir accesorios que aumentan el realismo como ruidos y temperatura.<\/td>\n<td style=\"width: 37.075px\">\n<h3><\/h3>\n<\/td>\n<\/tr>\n<tr style=\"height: 47px\">\n<td style=\"width: 51.075px;height: 47px\"><\/td>\n<td style=\"width: 49.075px;height: 47px\"><img loading=\"lazy\" class=\"aligncenter size-full wp-image-2828\" src=\"https:\/\/sitios.ucsc.cl\/ott\/wp-content\/uploads\/sites\/15\/2022\/07\/OTT_TEC_2.png\" alt=\"\" width=\"50\" height=\"50\" \/><\/td>\n<td style=\"width: 594.975px;text-align: justify;height: 47px\">\n<h3>Beneficios \/ Ventajas<\/h3>\n<\/td>\n<td style=\"width: 37.075px;height: 47px\"><\/td>\n<\/tr>\n<tr>\n<td style=\"width: 51.075px\"><\/td>\n<td style=\"width: 49.075px\"><\/td>\n<td style=\"width: 594.975px;text-align: justify\">\u2022 El dispositivo cl\u00ednico en que se encuentra el mu\u00f1eco entrega un contexto y espacio de entrenamiento para el desarrollo de la simulaci\u00f3n cl\u00ednica.<br \/>\n\u2022 Permite la ejecuci\u00f3n de escenarios de simulaci\u00f3n cl\u00ednica de alta fidelidad con usuarios pedi\u00e1tricos, dada la posibilidad de generar relaci\u00f3n emp\u00e1tica entre el operador y el sujeto de entrenamiento.<br \/>\n\u2022 Favorece una comunicaci\u00f3n constante en cuanto al lenguaje verbal y no verbal entre el estudiante y el ni\u00f1o, dando respuestas de acuerdo a las preguntas o contexto simulado.<br \/>\n\u2022 Bajo costo del dispositivo de entrenamiento, ya que es posible adaptar otros dispositivos cl\u00ednicos en el cuerpo de esponja, en la camilla, e incluso adaptar el elemento corta vista.<br \/>\n\u2022 Aumenta el realismo de la simulaci\u00f3n cl\u00ednica, gracias a la presencia del dispositivo tipo cortina que oculta al manipulador.<\/td>\n<td style=\"width: 37.075px\"><\/td>\n<\/tr>\n<tr style=\"height: 47px\">\n<td style=\"width: 51.075px;height: 47px\"><\/td>\n<td style=\"width: 49.075px;height: 47px\"><img loading=\"lazy\" class=\"aligncenter size-full wp-image-2829\" src=\"https:\/\/sitios.ucsc.cl\/ott\/wp-content\/uploads\/sites\/15\/2022\/07\/OTT_TEC_3.png\" alt=\"\" width=\"50\" height=\"50\" \/><\/td>\n<td style=\"width: 594.975px;text-align: justify;height: 47px\">\n<h3>Usos \/ Aplicaciones<\/h3>\n<\/td>\n<td style=\"width: 37.075px;height: 47px\"><\/td>\n<\/tr>\n<tr>\n<td style=\"width: 51.075px\"><\/td>\n<td style=\"width: 49.075px\"><\/td>\n<td style=\"width: 594.975px;text-align: justify\">Simulaci\u00f3n de ni\u00f1os y ni\u00f1as prescolares y escolares, generando respuesta emp\u00e1tica y humanizada sobre el sujeto de entrenamiento, dada la imposibilidad de utilizar menores de edad reales. Se puede aplicar en tem\u00e1ticas de entrenamiento complejas de abordar por profesionales: abuso sexual, maltrato, enfermedades, discapacidades o necesidades educativas especiales. Adem\u00e1s de favorecer el entrenamiento de \u00e1reas de salud, puede utilizarse en educaci\u00f3n, derecho, y trabajo social. Incluso, puede aplicarse en \u00e1reas de rescate andino, mar\u00edtimo, policial, entre otras.<\/td>\n<td style=\"width: 37.075px\"><\/td>\n<\/tr>\n<tr style=\"height: 47px\">\n<td style=\"width: 51.075px;height: 47px\"><\/td>\n<td style=\"width: 49.075px;height: 47px\"><img loading=\"lazy\" class=\"aligncenter size-full wp-image-2830\" src=\"https:\/\/sitios.ucsc.cl\/ott\/wp-content\/uploads\/sites\/15\/2022\/07\/OTT_TEC_4.png\" alt=\"\" width=\"50\" height=\"50\" \/><\/td>\n<td style=\"width: 594.975px;text-align: justify;height: 47px\">\n<h3>Oferta tecnol\u00f3gica<\/h3>\n<\/td>\n<td style=\"width: 37.075px;height: 47px\"><\/td>\n<\/tr>\n<tr style=\"height: 28px\">\n<td style=\"width: 51.075px;height: 28px\"><\/td>\n<td style=\"width: 49.075px;height: 28px\"><\/td>\n<td style=\"width: 594.975px;text-align: justify;height: 28px\">La tecnolog\u00eda est\u00e1 disponible para licenciamiento.<\/td>\n<td style=\"width: 37.075px;height: 28px\"><\/td>\n<\/tr>\n<tr style=\"height: 47px\">\n<td style=\"width: 51.075px;height: 47px\"><\/td>\n<td style=\"width: 49.075px;height: 47px\"><img loading=\"lazy\" class=\"aligncenter size-full wp-image-2831\" src=\"https:\/\/sitios.ucsc.cl\/ott\/wp-content\/uploads\/sites\/15\/2022\/07\/OTT_TEC_5.png\" alt=\"\" width=\"50\" height=\"50\" \/><\/td>\n<td style=\"width: 594.975px;text-align: justify;height: 47px\">\n<h3>Estado de desarrollo<\/h3>\n<\/td>\n<td style=\"width: 37.075px;height: 47px\"><\/td>\n<\/tr>\n<tr style=\"height: 47px\">\n<td style=\"width: 51.075px;height: 47px\"><\/td>\n<td style=\"width: 49.075px;height: 47px\"><\/td>\n<td style=\"width: 594.975px;text-align: justify;height: 47px\">TRL 3, ya que se cuenta con una prueba de concepto con caracter\u00edsticas cr\u00edticas probadas a nivel de laboratorio.<\/td>\n<td style=\"width: 37.075px;height: 47px\"><\/td>\n<\/tr>\n<tr style=\"height: 47px\">\n<td style=\"width: 51.075px;height: 32px\"><\/td>\n<td style=\"width: 49.075px;height: 32px\"><img loading=\"lazy\" class=\"aligncenter size-full wp-image-2832\" src=\"https:\/\/sitios.ucsc.cl\/ott\/wp-content\/uploads\/sites\/15\/2022\/07\/OTT_TEC_6.png\" alt=\"\" width=\"50\" height=\"50\" \/><\/td>\n<td style=\"width: 594.975px;text-align: justify;height: 32px\">\n<h3>Investigadores principales<\/h3>\n<\/td>\n<td style=\"width: 37.075px;height: 32px\"><\/td>\n<\/tr>\n<tr style=\"height: 105px\">\n<td style=\"width: 51.075px;height: 33px\"><\/td>\n<td style=\"width: 49.075px;height: 33px\"><\/td>\n<td style=\"width: 594.975px;text-align: justify;height: 33px\">MSc. Erik \u00c1lvarez Mab\u00e1n, Facultad de Medicina.<br \/>\nMSc. Paola L\u00f3pez Freire, Facultad de Medicina.<br \/>\nMSc. Claudia Carrasco D\u00e1jer, Facultad de Medicina.<br \/>\nPaola Pinilla Hormaz\u00e1bal, Facultad de Medicina.<br \/>\nJair Bustos Salas, Facultad de Medicina.<\/td>\n<td style=\"width: 37.075px;height: 33px\"><\/td>\n<\/tr>\n<tr style=\"height: 121px\">\n<td style=\"width: 51.075px;height: 121px\"><\/td>\n<td style=\"width: 644.05px;height: 121px\" colspan=\"2\">&nbsp;<\/p>\n<p><a href=\"https:\/\/dinn.ucsc.cl\/wp-content\/uploads\/sites\/14\/2023\/07\/OTT_Tec_20.pdf\"><img loading=\"lazy\" class=\"aligncenter wp-image-2220 size-medium\" src=\"https:\/\/sitios.ucsc.cl\/ott\/wp-content\/uploads\/sites\/15\/2022\/06\/Bot\u00f3n-descarga-300x61.png\" alt=\"\" width=\"300\" height=\"61\" \/><\/a><\/td>\n<td style=\"width: 37.075px;height: 121px\"><\/td>\n<\/tr>\n<tr style=\"height: 96px\">\n<td style=\"width: 732.2px;height: 96px\" colspan=\"4\">\n<h3><img loading=\"lazy\" class=\"aligncenter size-full wp-image-5233\" src=\"https:\/\/dinn.ucsc.cl\/wp-content\/uploads\/sites\/14\/2023\/07\/OTT_Tec_Footer_1.png\" alt=\"\" width=\"950\" height=\"111\" srcset=\"https:\/\/dinn.ucsc.cl\/wp-content\/uploads\/sites\/14\/2023\/07\/OTT_Tec_Footer_1.png 950w, https:\/\/dinn.ucsc.cl\/wp-content\/uploads\/sites\/14\/2023\/07\/OTT_Tec_Footer_1-300x35.png 300w, https:\/\/dinn.ucsc.cl\/wp-content\/uploads\/sites\/14\/2023\/07\/OTT_Tec_Footer_1-768x90.png 768w, https:\/\/dinn.ucsc.cl\/wp-content\/uploads\/sites\/14\/2023\/07\/OTT_Tec_Footer_1-200x23.png 200w\" sizes=\"(max-width: 950px) 100vw, 950px\" \/><\/h3>\n<\/td>\n<\/tr>\n<\/tbody>\n<\/table>\n<h3><\/h3>\n","protected":false},"excerpt":{"rendered":"<p>Propiedad Industrial \u2013 Presentaci\u00f3n Modelo de Utilidad: Chile: CL202302046 Tecnolog\u00eda desarrollada Sistema de simulaci\u00f3n cl\u00ednica para entrenamiento de habilidades t\u00e9cnicas y no t\u00e9cnicas, el cual logra la representaci\u00f3n de un ni\u00f1o o ni\u00f1a, generando respuesta emp\u00e1tica y humanizada sobre el sujeto de entrenamiento. Comprende un mu\u00f1eco confeccionado en goma-espuma bajo proporciones de un ni\u00f1o de [&hellip;]<\/p>\n","protected":false},"author":84,"featured_media":0,"parent":0,"menu_order":0,"comment_status":"closed","ping_status":"closed","template":"","meta":[],"yoast_head":"<!-- This site is optimized with the Yoast SEO plugin v18.9 - https:\/\/yoast.com\/wordpress\/plugins\/seo\/ -->\n<title>Dispositivo de entrenamiento m\u00e9dico que logra la representaci\u00f3n de un paciente con respuesta emp\u00e1tica -<\/title>\n<meta name=\"robots\" content=\"index, follow, max-snippet:-1, max-image-preview:large, max-video-preview:-1\" \/>\n<link rel=\"canonical\" href=\"https:\/\/dinn.ucsc.cl\/index.php\/dispositivo-de-entrenamiento-medico-que-logra-la-representacion-de-un-paciente-con-respuesta-empatica\/\" \/>\n<meta property=\"og:locale\" content=\"es_ES\" \/>\n<meta property=\"og:type\" content=\"article\" \/>\n<meta property=\"og:title\" content=\"Dispositivo de entrenamiento m\u00e9dico que logra la representaci\u00f3n de un paciente con respuesta emp\u00e1tica -\" \/>\n<meta property=\"og:description\" content=\"Propiedad Industrial \u2013 Presentaci\u00f3n Modelo de Utilidad: Chile: CL202302046 Tecnolog\u00eda desarrollada Sistema de simulaci\u00f3n cl\u00ednica para entrenamiento de habilidades t\u00e9cnicas y no t\u00e9cnicas, el cual logra la representaci\u00f3n de un ni\u00f1o o ni\u00f1a, generando respuesta emp\u00e1tica y humanizada sobre el sujeto de entrenamiento. Comprende un mu\u00f1eco confeccionado en goma-espuma bajo proporciones de un ni\u00f1o de [&hellip;]\" \/>\n<meta property=\"og:url\" content=\"https:\/\/dinn.ucsc.cl\/index.php\/dispositivo-de-entrenamiento-medico-que-logra-la-representacion-de-un-paciente-con-respuesta-empatica\/\" \/>\n<meta property=\"article:publisher\" content=\"https:\/\/m.facebook.com\/DINNUCSC\" \/>\n<meta property=\"og:image\" content=\"https:\/\/sitios.ucsc.cl\/investigacion\/wp-content\/uploads\/sites\/14\/2023\/07\/20.png\" \/>\n<meta name=\"twitter:card\" content=\"summary\" \/>\n<meta name=\"twitter:site\" content=\"@dinn_ucsc\" \/>\n<meta name=\"twitter:label1\" content=\"Tiempo de lectura\" \/>\n\t<meta name=\"twitter:data1\" content=\"2 minutos\" \/>\n<script type=\"application\/ld+json\" class=\"yoast-schema-graph\">{\"@context\":\"https:\/\/schema.org\",\"@graph\":[{\"@type\":\"WebSite\",\"@id\":\"https:\/\/dinn.ucsc.cl\/#website\",\"url\":\"https:\/\/dinn.ucsc.cl\/\",\"name\":\"Direcci\u00f3n de Innovaci\u00f3n UCSC\",\"description\":\"Direcci\u00f3n de Innovaci\u00f3n\",\"potentialAction\":[{\"@type\":\"SearchAction\",\"target\":{\"@type\":\"EntryPoint\",\"urlTemplate\":\"https:\/\/dinn.ucsc.cl\/?s={search_term_string}\"},\"query-input\":\"required name=search_term_string\"}],\"inLanguage\":\"es\"},{\"@type\":\"ImageObject\",\"inLanguage\":\"es\",\"@id\":\"https:\/\/dinn.ucsc.cl\/index.php\/dispositivo-de-entrenamiento-medico-que-logra-la-representacion-de-un-paciente-con-respuesta-empatica\/#primaryimage\",\"url\":\"https:\/\/sitios.ucsc.cl\/investigacion\/wp-content\/uploads\/sites\/14\/2023\/07\/20.png\",\"contentUrl\":\"https:\/\/sitios.ucsc.cl\/investigacion\/wp-content\/uploads\/sites\/14\/2023\/07\/20.png\"},{\"@type\":\"WebPage\",\"@id\":\"https:\/\/dinn.ucsc.cl\/index.php\/dispositivo-de-entrenamiento-medico-que-logra-la-representacion-de-un-paciente-con-respuesta-empatica\/#webpage\",\"url\":\"https:\/\/dinn.ucsc.cl\/index.php\/dispositivo-de-entrenamiento-medico-que-logra-la-representacion-de-un-paciente-con-respuesta-empatica\/\",\"name\":\"Dispositivo de entrenamiento m\u00e9dico que logra la representaci\u00f3n de un paciente con respuesta emp\u00e1tica -\",\"isPartOf\":{\"@id\":\"https:\/\/dinn.ucsc.cl\/#website\"},\"primaryImageOfPage\":{\"@id\":\"https:\/\/dinn.ucsc.cl\/index.php\/dispositivo-de-entrenamiento-medico-que-logra-la-representacion-de-un-paciente-con-respuesta-empatica\/#primaryimage\"},\"datePublished\":\"2023-07-17T03:25:22+00:00\",\"dateModified\":\"2023-07-17T03:25:22+00:00\",\"breadcrumb\":{\"@id\":\"https:\/\/dinn.ucsc.cl\/index.php\/dispositivo-de-entrenamiento-medico-que-logra-la-representacion-de-un-paciente-con-respuesta-empatica\/#breadcrumb\"},\"inLanguage\":\"es\",\"potentialAction\":[{\"@type\":\"ReadAction\",\"target\":[\"https:\/\/dinn.ucsc.cl\/index.php\/dispositivo-de-entrenamiento-medico-que-logra-la-representacion-de-un-paciente-con-respuesta-empatica\/\"]}]},{\"@type\":\"BreadcrumbList\",\"@id\":\"https:\/\/dinn.ucsc.cl\/index.php\/dispositivo-de-entrenamiento-medico-que-logra-la-representacion-de-un-paciente-con-respuesta-empatica\/#breadcrumb\",\"itemListElement\":[{\"@type\":\"ListItem\",\"position\":1,\"name\":\"Inicio\",\"item\":\"https:\/\/dinn.ucsc.cl\/\"},{\"@type\":\"ListItem\",\"position\":2,\"name\":\"Dispositivo de entrenamiento m\u00e9dico que logra la representaci\u00f3n de un paciente con respuesta emp\u00e1tica\"}]}]}<\/script>\n<!-- \/ Yoast SEO plugin. -->","yoast_head_json":{"title":"Dispositivo de entrenamiento m\u00e9dico que logra la representaci\u00f3n de un paciente con respuesta emp\u00e1tica -","robots":{"index":"index","follow":"follow","max-snippet":"max-snippet:-1","max-image-preview":"max-image-preview:large","max-video-preview":"max-video-preview:-1"},"canonical":"https:\/\/dinn.ucsc.cl\/index.php\/dispositivo-de-entrenamiento-medico-que-logra-la-representacion-de-un-paciente-con-respuesta-empatica\/","og_locale":"es_ES","og_type":"article","og_title":"Dispositivo de entrenamiento m\u00e9dico que logra la representaci\u00f3n de un paciente con respuesta emp\u00e1tica -","og_description":"Propiedad Industrial \u2013 Presentaci\u00f3n Modelo de Utilidad: Chile: CL202302046 Tecnolog\u00eda desarrollada Sistema de simulaci\u00f3n cl\u00ednica para entrenamiento de habilidades t\u00e9cnicas y no t\u00e9cnicas, el cual logra la representaci\u00f3n de un ni\u00f1o o ni\u00f1a, generando respuesta emp\u00e1tica y humanizada sobre el sujeto de entrenamiento. Comprende un mu\u00f1eco confeccionado en goma-espuma bajo proporciones de un ni\u00f1o de [&hellip;]","og_url":"https:\/\/dinn.ucsc.cl\/index.php\/dispositivo-de-entrenamiento-medico-que-logra-la-representacion-de-un-paciente-con-respuesta-empatica\/","article_publisher":"https:\/\/m.facebook.com\/DINNUCSC","og_image":[{"url":"https:\/\/sitios.ucsc.cl\/investigacion\/wp-content\/uploads\/sites\/14\/2023\/07\/20.png"}],"twitter_card":"summary","twitter_site":"@dinn_ucsc","twitter_misc":{"Tiempo de lectura":"2 minutos"},"schema":{"@context":"https:\/\/schema.org","@graph":[{"@type":"WebSite","@id":"https:\/\/dinn.ucsc.cl\/#website","url":"https:\/\/dinn.ucsc.cl\/","name":"Direcci\u00f3n de Innovaci\u00f3n UCSC","description":"Direcci\u00f3n de Innovaci\u00f3n","potentialAction":[{"@type":"SearchAction","target":{"@type":"EntryPoint","urlTemplate":"https:\/\/dinn.ucsc.cl\/?s={search_term_string}"},"query-input":"required name=search_term_string"}],"inLanguage":"es"},{"@type":"ImageObject","inLanguage":"es","@id":"https:\/\/dinn.ucsc.cl\/index.php\/dispositivo-de-entrenamiento-medico-que-logra-la-representacion-de-un-paciente-con-respuesta-empatica\/#primaryimage","url":"https:\/\/sitios.ucsc.cl\/investigacion\/wp-content\/uploads\/sites\/14\/2023\/07\/20.png","contentUrl":"https:\/\/sitios.ucsc.cl\/investigacion\/wp-content\/uploads\/sites\/14\/2023\/07\/20.png"},{"@type":"WebPage","@id":"https:\/\/dinn.ucsc.cl\/index.php\/dispositivo-de-entrenamiento-medico-que-logra-la-representacion-de-un-paciente-con-respuesta-empatica\/#webpage","url":"https:\/\/dinn.ucsc.cl\/index.php\/dispositivo-de-entrenamiento-medico-que-logra-la-representacion-de-un-paciente-con-respuesta-empatica\/","name":"Dispositivo de entrenamiento m\u00e9dico que logra la representaci\u00f3n de un paciente con respuesta emp\u00e1tica -","isPartOf":{"@id":"https:\/\/dinn.ucsc.cl\/#website"},"primaryImageOfPage":{"@id":"https:\/\/dinn.ucsc.cl\/index.php\/dispositivo-de-entrenamiento-medico-que-logra-la-representacion-de-un-paciente-con-respuesta-empatica\/#primaryimage"},"datePublished":"2023-07-17T03:25:22+00:00","dateModified":"2023-07-17T03:25:22+00:00","breadcrumb":{"@id":"https:\/\/dinn.ucsc.cl\/index.php\/dispositivo-de-entrenamiento-medico-que-logra-la-representacion-de-un-paciente-con-respuesta-empatica\/#breadcrumb"},"inLanguage":"es","potentialAction":[{"@type":"ReadAction","target":["https:\/\/dinn.ucsc.cl\/index.php\/dispositivo-de-entrenamiento-medico-que-logra-la-representacion-de-un-paciente-con-respuesta-empatica\/"]}]},{"@type":"BreadcrumbList","@id":"https:\/\/dinn.ucsc.cl\/index.php\/dispositivo-de-entrenamiento-medico-que-logra-la-representacion-de-un-paciente-con-respuesta-empatica\/#breadcrumb","itemListElement":[{"@type":"ListItem","position":1,"name":"Inicio","item":"https:\/\/dinn.ucsc.cl\/"},{"@type":"ListItem","position":2,"name":"Dispositivo de entrenamiento m\u00e9dico que logra la representaci\u00f3n de un paciente con respuesta emp\u00e1tica"}]}]}},"_links":{"self":[{"href":"https:\/\/dinn.ucsc.cl\/index.php\/wp-json\/wp\/v2\/pages\/5316"}],"collection":[{"href":"https:\/\/dinn.ucsc.cl\/index.php\/wp-json\/wp\/v2\/pages"}],"about":[{"href":"https:\/\/dinn.ucsc.cl\/index.php\/wp-json\/wp\/v2\/types\/page"}],"author":[{"embeddable":true,"href":"https:\/\/dinn.ucsc.cl\/index.php\/wp-json\/wp\/v2\/users\/84"}],"replies":[{"embeddable":true,"href":"https:\/\/dinn.ucsc.cl\/index.php\/wp-json\/wp\/v2\/comments?post=5316"}],"version-history":[{"count":2,"href":"https:\/\/dinn.ucsc.cl\/index.php\/wp-json\/wp\/v2\/pages\/5316\/revisions"}],"predecessor-version":[{"id":5319,"href":"https:\/\/dinn.ucsc.cl\/index.php\/wp-json\/wp\/v2\/pages\/5316\/revisions\/5319"}],"wp:attachment":[{"href":"https:\/\/dinn.ucsc.cl\/index.php\/wp-json\/wp\/v2\/media?parent=5316"}],"curies":[{"name":"wp","href":"https:\/\/api.w.org\/{rel}","templated":true}]}}