{"id":5343,"date":"2023-07-31T12:18:46","date_gmt":"2023-07-31T16:18:46","guid":{"rendered":"https:\/\/dinn.ucsc.cl\/?page_id=5343"},"modified":"2023-07-31T15:40:22","modified_gmt":"2023-07-31T19:40:22","slug":"explorer-santander-x","status":"publish","type":"page","link":"https:\/\/dinn.ucsc.cl\/index.php\/explorer-santander-x\/","title":{"rendered":"Explorer &#8211; Santander X"},"content":{"rendered":"<p><img loading=\"lazy\" class=\"aligncenter size-large wp-image-5359\" src=\"https:\/\/dinn.ucsc.cl\/wp-content\/uploads\/sites\/14\/2023\/07\/Santander-Explorer_Banner2-1024x289.png\" alt=\"\" width=\"1024\" height=\"289\" srcset=\"https:\/\/dinn.ucsc.cl\/wp-content\/uploads\/sites\/14\/2023\/07\/Santander-Explorer_Banner2-1024x289.png 1024w, https:\/\/dinn.ucsc.cl\/wp-content\/uploads\/sites\/14\/2023\/07\/Santander-Explorer_Banner2-300x85.png 300w, https:\/\/dinn.ucsc.cl\/wp-content\/uploads\/sites\/14\/2023\/07\/Santander-Explorer_Banner2-768x217.png 768w, https:\/\/dinn.ucsc.cl\/wp-content\/uploads\/sites\/14\/2023\/07\/Santander-Explorer_Banner2-200x56.png 200w, https:\/\/dinn.ucsc.cl\/wp-content\/uploads\/sites\/14\/2023\/07\/Santander-Explorer_Banner2.png 1141w\" sizes=\"(max-width: 1024px) 100vw, 1024px\" \/><\/p>\n<h3><\/h3>\n<h3><b>Sobre Explorer<\/b><\/h3>\n<p><span style=\"font-weight: 400\">El programa Explorer te ayuda a conectar con tu futuro, experimentando el emprendimiento como opci\u00f3n profesional y como forma de independencia econ\u00f3mica. Durante 12 semanas, trabajar\u00e1s sobre tu idea, transform\u00e1ndola en una soluci\u00f3n que contribuya a lograr los ODS 2030. Con un enfoque pr\u00e1ctico y basado en din\u00e1micas de aprendizaje social, Explorer est\u00e1 dise\u00f1ado para que las personas participantes se conviertan en parte activa del cambio a trav\u00e9s de la puesta en marcha de proyectos econ\u00f3micamente sostenibles en distintas industrias, sectores y tipolog\u00edas de organizaciones. Puedes participar solo\/a o en equipo (m\u00e1ximo, 5 personas).\u00a0<\/span><\/p>\n<hr \/>\n<h3><b>Contenido del programa<\/b><\/h3>\n<ul>\n<li style=\"font-weight: 400\"><b>Bienvenida. <\/b><span style=\"font-weight: 400\">En la semana previa al comienzo del programa, tendr\u00e1s a tu disposici\u00f3n material multimedia para que sepas c\u00f3mo funcionan los distintos entornos de trabajo, c\u00f3mo se desarrollan las sesiones grupales o las de Q&amp;A, de qu\u00e9 recursos y herramientas dispones&#8230;\u00a0<\/span><\/li>\n<\/ul>\n<h3><\/h3>\n<ul>\n<li style=\"font-weight: 400\"><b>Get ready<\/b><span style=\"font-weight: 400\">. Durante la primera secci\u00f3n del programa, aprender\u00e1s a organizarte en equipo y\/o comunidad, a examinar la \u00e9tica que debe rodear cualquier proyecto y te preparar\u00e1s para explorar el potencial de tu idea a trav\u00e9s de un marco de trabajo en el que el conocimiento compartido y el aprendizaje entre pares jugar\u00e1n un papel protagonista.\u00a0<\/span><\/li>\n<\/ul>\n<h3><\/h3>\n<ul>\n<li style=\"font-weight: 400\"><b>Research<\/b><span style=\"font-weight: 400\">. En esta secci\u00f3n, a trav\u00e9s de distintos procesos de investigaci\u00f3n, identificar\u00e1s tu cliente potencial y construir\u00e1s tu propuesta de valor, poniendo en el centro a las personas a las que quieres ayudar con tu soluci\u00f3n.\u00a0<\/span><\/li>\n<\/ul>\n<h3><\/h3>\n<ul>\n<li style=\"font-weight: 400\"><b>Fix &amp; Build.<\/b><span style=\"font-weight: 400\"> Esta secci\u00f3n te guiar\u00e1 para construir un producto m\u00ednimo y para prototipar tu soluci\u00f3n, al mismo tiempo que trabajar\u00e1s con el fin de acercar tu propuesta a tu audiencia a trav\u00e9s de una landing page efectiva.<\/span><\/li>\n<li style=\"font-weight: 400\"><b>Monetize.<\/b><span style=\"font-weight: 400\"> Conocer\u00e1s todo sobre modelos de negocio y posibilidades de financiaci\u00f3n, adem\u00e1s de aprender a desarrollar las proyecciones financieras de tu proyecto.\u00a0<\/span><\/li>\n<\/ul>\n<h3><\/h3>\n<ul>\n<li style=\"font-weight: 400\"><b>Storytelling. <\/b><span style=\"font-weight: 400\">Sabr\u00e1s c\u00f3mo contar tu soluci\u00f3n a clientes, potenciales partners y, sobre todo, a posibles inversores.<\/span><\/li>\n<\/ul>\n<hr \/>\n<h3><b>Objetivos<\/b><\/h3>\n<p><span style=\"font-weight: 400\">Al finalizar las 12 semanas de duraci\u00f3n del programa y si llevas a cabo todas las actividades planteadas, habr\u00e1s validado si tu idea puede convertirse en un negocio viable. Y adem\u00e1s:<\/span><\/p>\n<ul>\n<li style=\"font-weight: 400\"><span style=\"font-weight: 400\"><strong>Desarrollar\u00e1s<\/strong> un pensamiento creativo orientado a la b\u00fasqueda de soluciones.\u00a0<\/span><\/li>\n<\/ul>\n<ul>\n<li style=\"font-weight: 400\"><span style=\"font-weight: 400\"><strong>Desplegar\u00e1s<\/strong> tu prop\u00f3sito y tus valores, explorar\u00e1s tus l\u00edmites y entender\u00e1s tu potencial.<\/span><\/li>\n<\/ul>\n<ul>\n<li style=\"font-weight: 400\"><span style=\"font-weight: 400\"><strong>Aprender\u00e1s<\/strong> a comprender y empatizar con las necesidades de tus clientes potenciales.<\/span><\/li>\n<\/ul>\n<ul>\n<li style=\"font-weight: 400\"><span style=\"font-weight: 400\"><strong>Identificar\u00e1s<\/strong> y aprender\u00e1s las \u00faltimas t\u00e9cnicas y herramientas para comunicarte con tu audiencia.\u00a0<\/span><\/li>\n<\/ul>\n<ul>\n<li style=\"font-weight: 400\"><span style=\"font-weight: 400\"><strong>Incorporar\u00e1s<\/strong> una bater\u00eda de habilidades transversales (las llamadas <\/span><i><span style=\"font-weight: 400\">soft skills<\/span><\/i><span style=\"font-weight: 400\">) que te acompa\u00f1ar\u00e1n siempre y te ayudar\u00e1n a prosperar en cualquier \u00e1mbito profesional.\u00a0<\/span><\/li>\n<\/ul>\n<ul>\n<li style=\"font-weight: 400\"><span style=\"font-weight: 400\"><strong>Conectar\u00e1s<\/strong> con otras personas que, como t\u00fa, quieren hacer cosas para mejorar su entorno.\u00a0<\/span><\/li>\n<\/ul>\n<ul>\n<li style=\"font-weight: 400\"><span style=\"font-weight: 400\"><strong>Practicar\u00e1s<\/strong> y mejorar\u00e1s tu ingl\u00e9s en un entorno real.<br \/>\n<\/span><\/li>\n<\/ul>\n<hr \/>\n<h3><b>A qui\u00e9n va dirigido<\/b><\/h3>\n<ul>\n<li style=\"font-weight: 400\"><span style=\"font-weight: 400\">A personas con ganas de generar un impacto positivo en el mundo.\u00a0<\/span><\/li>\n<li style=\"font-weight: 400\"><span style=\"font-weight: 400\">A quienes desean conectar con su futuro y buscan la independencia econ\u00f3mica a trav\u00e9s del emprendimiento.<\/span><\/li>\n<li style=\"font-weight: 400\"><span style=\"font-weight: 400\">A cualquier persona que quiera entender los beneficios y oportunidades que ofrece emprender, siempre en un espacio de seguridad en el que est\u00e1 permitido equivocarse y en el que no hace falta saber nada de empresas y negocios para poder avanzar.\u00a0\u00a0<\/span><\/li>\n<li style=\"font-weight: 400\"><span style=\"font-weight: 400\">A amantes de la tecnolog\u00eda que quieren experimentar con su soluci\u00f3n y explorar las posibilidades de convertirla en un proyecto global.<\/span><\/li>\n<li style=\"font-weight: 400\"><span style=\"font-weight: 400\">A personas del \u00e1mbito de las humanidades que quieran transformar su pasi\u00f3n en su modo de vida, construyendo un proyecto sostenible.\u00a0<\/span><\/li>\n<li style=\"font-weight: 400\"><span style=\"font-weight: 400\">A n\u00f3madas digitales que desean explorar el mundo llevando su empresa \u201ca cuestas\u201d y disfrutando del trabajo remoto.\u00a0<\/span><\/li>\n<li style=\"font-weight: 400\"><span style=\"font-weight: 400\">A investigadores que quieran convertir sus descubrimientos en negocios sostenibles.<\/span><\/li>\n<li style=\"font-weight: 400\"><span style=\"font-weight: 400\">A emprendedores que quieran validar si sus soluciones pueden tener impacto en la sociedad.<\/span><\/li>\n<\/ul>\n<hr \/>\n<h3><b>Metodolog\u00eda y actividades<\/b><\/h3>\n<p><span style=\"font-weight: 400\">El programa Explorer es 100% online en el caso de Alemania, Estados Unidos, Latinoam\u00e9rica, Portugal y Reino Unido. En Espa\u00f1a, la mayor parte de la experiencia es online, aunque puede haber actividades presenciales en cada centro (Explorer Space). En cualquier caso, estas son adaptables a un escenario virtual.<\/span><\/p>\n<hr \/>\n<h3><b>\u00bfC\u00f3mo se aprende en Explorer?<\/b><\/h3>\n<ul>\n<li style=\"font-weight: 400\"><span style=\"font-weight: 400\">A trav\u00e9s de contenidos digitales orientados a completar retos y plantillas de trabajo con las que ir dando forma a tu proyecto; servir\u00e1n para validar tu progreso a lo largo del programa.<\/span><\/li>\n<li style=\"font-weight: 400\"><span style=\"font-weight: 400\">En sesiones de Q&amp;A con expertos que te ayudar\u00e1n a completar las tareas.\u00a0<\/span><\/li>\n<li style=\"font-weight: 400\"><span style=\"font-weight: 400\">En sesiones online con referentes del mundo del emprendimiento que te inspirar\u00e1n con sus historias de \u00e9xito y fracaso.\u00a0<\/span><\/li>\n<li style=\"font-weight: 400\"><span style=\"font-weight: 400\">En el espacio de trabajo online, donde encontrar\u00e1s a los participantes de tu edici\u00f3n y en el que el aprendizaje social, colaborativo y entre pares es la clave de todo.<\/span><\/li>\n<\/ul>\n<hr \/>\n<h3><b>Beneficios<\/b><\/h3>\n<p><span style=\"font-weight: 400\">Validaci\u00f3n de la idea con la que aplicaste al programa: podr\u00e1s verificar si se puede convertir en un negocio viable.<\/span><\/p>\n<p><span style=\"font-weight: 400\">Comunidad: acceso a una comunidad global de innovadores con m\u00e1s de 1000 participantes en cada edici\u00f3n, que crece con la incorporaci\u00f3n de m\u00e1s universidades en diferentes pa\u00edses del mundo.<\/span><\/p>\n<p><span style=\"font-weight: 400\">Certificado de participaci\u00f3n para los proyectos que completen las actividades del programa.<\/span><\/p>\n<p><span style=\"font-weight: 400\">Acceso exclusivo a 100 plazas para el Santander X Prepare to Launch de Babson College.<\/span><\/p>\n<hr \/>\n<h3><strong>Inscripciones, d<\/strong>udas y consultas sobre el proceso<\/h3>\n<p>Si est\u00e1s interesado(a) en la convocatoria, contacta al equipo de la Unidad de Apoyo a la Innovaci\u00f3n al correo<strong> uainn@ucsc.cl<\/strong> para apoyarte en tu postulaci\u00f3n.<\/p>\n<h3><\/h3>\n","protected":false},"excerpt":{"rendered":"<p>Sobre Explorer El programa Explorer te ayuda a conectar con tu futuro, experimentando el emprendimiento como opci\u00f3n profesional y como forma de independencia econ\u00f3mica. Durante 12 semanas, trabajar\u00e1s sobre tu idea, transform\u00e1ndola en una soluci\u00f3n que contribuya a lograr los ODS 2030. Con un enfoque pr\u00e1ctico y basado en din\u00e1micas de aprendizaje social, Explorer est\u00e1 [&hellip;]<\/p>\n","protected":false},"author":84,"featured_media":0,"parent":0,"menu_order":0,"comment_status":"closed","ping_status":"closed","template":"","meta":[],"yoast_head":"<!-- This site is optimized with the Yoast SEO plugin v18.9 - https:\/\/yoast.com\/wordpress\/plugins\/seo\/ -->\n<title>Explorer - Santander X -<\/title>\n<meta name=\"robots\" content=\"index, follow, max-snippet:-1, max-image-preview:large, max-video-preview:-1\" \/>\n<link rel=\"canonical\" href=\"https:\/\/dinn.ucsc.cl\/index.php\/explorer-santander-x\/\" \/>\n<meta property=\"og:locale\" content=\"es_ES\" \/>\n<meta property=\"og:type\" content=\"article\" \/>\n<meta property=\"og:title\" content=\"Explorer - Santander X -\" \/>\n<meta property=\"og:description\" content=\"Sobre Explorer El programa Explorer te ayuda a conectar con tu futuro, experimentando el emprendimiento como opci\u00f3n profesional y como forma de independencia econ\u00f3mica. Durante 12 semanas, trabajar\u00e1s sobre tu idea, transform\u00e1ndola en una soluci\u00f3n que contribuya a lograr los ODS 2030. Con un enfoque pr\u00e1ctico y basado en din\u00e1micas de aprendizaje social, Explorer est\u00e1 [&hellip;]\" \/>\n<meta property=\"og:url\" content=\"https:\/\/dinn.ucsc.cl\/index.php\/explorer-santander-x\/\" \/>\n<meta property=\"article:publisher\" content=\"https:\/\/m.facebook.com\/DINNUCSC\" \/>\n<meta property=\"article:modified_time\" content=\"2023-07-31T19:40:22+00:00\" \/>\n<meta property=\"og:image\" content=\"https:\/\/sitios.ucsc.cl\/investigacion\/wp-content\/uploads\/sites\/14\/2023\/07\/Santander-Explorer_Banner2-1024x289.png\" \/>\n<meta name=\"twitter:card\" content=\"summary\" \/>\n<meta name=\"twitter:site\" content=\"@dinn_ucsc\" \/>\n<meta name=\"twitter:label1\" content=\"Tiempo de lectura\" \/>\n\t<meta name=\"twitter:data1\" content=\"6 minutos\" \/>\n<script type=\"application\/ld+json\" class=\"yoast-schema-graph\">{\"@context\":\"https:\/\/schema.org\",\"@graph\":[{\"@type\":\"WebSite\",\"@id\":\"https:\/\/dinn.ucsc.cl\/#website\",\"url\":\"https:\/\/dinn.ucsc.cl\/\",\"name\":\"Direcci\u00f3n de Innovaci\u00f3n UCSC\",\"description\":\"Direcci\u00f3n de Innovaci\u00f3n\",\"potentialAction\":[{\"@type\":\"SearchAction\",\"target\":{\"@type\":\"EntryPoint\",\"urlTemplate\":\"https:\/\/dinn.ucsc.cl\/?s={search_term_string}\"},\"query-input\":\"required name=search_term_string\"}],\"inLanguage\":\"es\"},{\"@type\":\"ImageObject\",\"inLanguage\":\"es\",\"@id\":\"https:\/\/dinn.ucsc.cl\/index.php\/explorer-santander-x\/#primaryimage\",\"url\":\"https:\/\/sitios.ucsc.cl\/investigacion\/wp-content\/uploads\/sites\/14\/2023\/07\/Santander-Explorer_Banner2-1024x289.png\",\"contentUrl\":\"https:\/\/sitios.ucsc.cl\/investigacion\/wp-content\/uploads\/sites\/14\/2023\/07\/Santander-Explorer_Banner2-1024x289.png\"},{\"@type\":\"WebPage\",\"@id\":\"https:\/\/dinn.ucsc.cl\/index.php\/explorer-santander-x\/#webpage\",\"url\":\"https:\/\/dinn.ucsc.cl\/index.php\/explorer-santander-x\/\",\"name\":\"Explorer - Santander X -\",\"isPartOf\":{\"@id\":\"https:\/\/dinn.ucsc.cl\/#website\"},\"primaryImageOfPage\":{\"@id\":\"https:\/\/dinn.ucsc.cl\/index.php\/explorer-santander-x\/#primaryimage\"},\"datePublished\":\"2023-07-31T16:18:46+00:00\",\"dateModified\":\"2023-07-31T19:40:22+00:00\",\"breadcrumb\":{\"@id\":\"https:\/\/dinn.ucsc.cl\/index.php\/explorer-santander-x\/#breadcrumb\"},\"inLanguage\":\"es\",\"potentialAction\":[{\"@type\":\"ReadAction\",\"target\":[\"https:\/\/dinn.ucsc.cl\/index.php\/explorer-santander-x\/\"]}]},{\"@type\":\"BreadcrumbList\",\"@id\":\"https:\/\/dinn.ucsc.cl\/index.php\/explorer-santander-x\/#breadcrumb\",\"itemListElement\":[{\"@type\":\"ListItem\",\"position\":1,\"name\":\"Inicio\",\"item\":\"https:\/\/dinn.ucsc.cl\/\"},{\"@type\":\"ListItem\",\"position\":2,\"name\":\"Explorer &#8211; Santander X\"}]}]}<\/script>\n<!-- \/ Yoast SEO plugin. -->","yoast_head_json":{"title":"Explorer - Santander X -","robots":{"index":"index","follow":"follow","max-snippet":"max-snippet:-1","max-image-preview":"max-image-preview:large","max-video-preview":"max-video-preview:-1"},"canonical":"https:\/\/dinn.ucsc.cl\/index.php\/explorer-santander-x\/","og_locale":"es_ES","og_type":"article","og_title":"Explorer - Santander X -","og_description":"Sobre Explorer El programa Explorer te ayuda a conectar con tu futuro, experimentando el emprendimiento como opci\u00f3n profesional y como forma de independencia econ\u00f3mica. Durante 12 semanas, trabajar\u00e1s sobre tu idea, transform\u00e1ndola en una soluci\u00f3n que contribuya a lograr los ODS 2030. Con un enfoque pr\u00e1ctico y basado en din\u00e1micas de aprendizaje social, Explorer est\u00e1 [&hellip;]","og_url":"https:\/\/dinn.ucsc.cl\/index.php\/explorer-santander-x\/","article_publisher":"https:\/\/m.facebook.com\/DINNUCSC","article_modified_time":"2023-07-31T19:40:22+00:00","og_image":[{"url":"https:\/\/sitios.ucsc.cl\/investigacion\/wp-content\/uploads\/sites\/14\/2023\/07\/Santander-Explorer_Banner2-1024x289.png"}],"twitter_card":"summary","twitter_site":"@dinn_ucsc","twitter_misc":{"Tiempo de lectura":"6 minutos"},"schema":{"@context":"https:\/\/schema.org","@graph":[{"@type":"WebSite","@id":"https:\/\/dinn.ucsc.cl\/#website","url":"https:\/\/dinn.ucsc.cl\/","name":"Direcci\u00f3n de Innovaci\u00f3n UCSC","description":"Direcci\u00f3n de Innovaci\u00f3n","potentialAction":[{"@type":"SearchAction","target":{"@type":"EntryPoint","urlTemplate":"https:\/\/dinn.ucsc.cl\/?s={search_term_string}"},"query-input":"required name=search_term_string"}],"inLanguage":"es"},{"@type":"ImageObject","inLanguage":"es","@id":"https:\/\/dinn.ucsc.cl\/index.php\/explorer-santander-x\/#primaryimage","url":"https:\/\/sitios.ucsc.cl\/investigacion\/wp-content\/uploads\/sites\/14\/2023\/07\/Santander-Explorer_Banner2-1024x289.png","contentUrl":"https:\/\/sitios.ucsc.cl\/investigacion\/wp-content\/uploads\/sites\/14\/2023\/07\/Santander-Explorer_Banner2-1024x289.png"},{"@type":"WebPage","@id":"https:\/\/dinn.ucsc.cl\/index.php\/explorer-santander-x\/#webpage","url":"https:\/\/dinn.ucsc.cl\/index.php\/explorer-santander-x\/","name":"Explorer - Santander X -","isPartOf":{"@id":"https:\/\/dinn.ucsc.cl\/#website"},"primaryImageOfPage":{"@id":"https:\/\/dinn.ucsc.cl\/index.php\/explorer-santander-x\/#primaryimage"},"datePublished":"2023-07-31T16:18:46+00:00","dateModified":"2023-07-31T19:40:22+00:00","breadcrumb":{"@id":"https:\/\/dinn.ucsc.cl\/index.php\/explorer-santander-x\/#breadcrumb"},"inLanguage":"es","potentialAction":[{"@type":"ReadAction","target":["https:\/\/dinn.ucsc.cl\/index.php\/explorer-santander-x\/"]}]},{"@type":"BreadcrumbList","@id":"https:\/\/dinn.ucsc.cl\/index.php\/explorer-santander-x\/#breadcrumb","itemListElement":[{"@type":"ListItem","position":1,"name":"Inicio","item":"https:\/\/dinn.ucsc.cl\/"},{"@type":"ListItem","position":2,"name":"Explorer &#8211; Santander X"}]}]}},"_links":{"self":[{"href":"https:\/\/dinn.ucsc.cl\/index.php\/wp-json\/wp\/v2\/pages\/5343"}],"collection":[{"href":"https:\/\/dinn.ucsc.cl\/index.php\/wp-json\/wp\/v2\/pages"}],"about":[{"href":"https:\/\/dinn.ucsc.cl\/index.php\/wp-json\/wp\/v2\/types\/page"}],"author":[{"embeddable":true,"href":"https:\/\/dinn.ucsc.cl\/index.php\/wp-json\/wp\/v2\/users\/84"}],"replies":[{"embeddable":true,"href":"https:\/\/dinn.ucsc.cl\/index.php\/wp-json\/wp\/v2\/comments?post=5343"}],"version-history":[{"count":7,"href":"https:\/\/dinn.ucsc.cl\/index.php\/wp-json\/wp\/v2\/pages\/5343\/revisions"}],"predecessor-version":[{"id":5362,"href":"https:\/\/dinn.ucsc.cl\/index.php\/wp-json\/wp\/v2\/pages\/5343\/revisions\/5362"}],"wp:attachment":[{"href":"https:\/\/dinn.ucsc.cl\/index.php\/wp-json\/wp\/v2\/media?parent=5343"}],"curies":[{"name":"wp","href":"https:\/\/api.w.org\/{rel}","templated":true}]}}