{"id":5428,"date":"2023-09-28T16:19:48","date_gmt":"2023-09-28T19:19:48","guid":{"rendered":"https:\/\/dinn.ucsc.cl\/?page_id=5428"},"modified":"2024-08-05T18:00:12","modified_gmt":"2024-08-05T22:00:12","slug":"portafoliocapacidades","status":"publish","type":"page","link":"https:\/\/dinn.ucsc.cl\/index.php\/portafoliocapacidades\/","title":{"rendered":"Portafolio Capacidades I+D+i"},"content":{"rendered":"<p>&nbsp;<\/p>\n<p>&nbsp;<\/p>\n<table style=\"width: 997px;height: 671px\">\n<tbody>\n<tr style=\"height: 124px\">\n<td style=\"width: 528.453px;height: 124px\"><a href=\"https:\/\/issuu.com\/ucscconcepcion\/docs\/catalogo_capacidades_energi_a_ucsc?fr=sYzBkNDYzMDM4Njg\" target=\"_blank\" rel=\"noopener\"><img loading=\"lazy\" class=\"aligncenter wp-image-5429\" src=\"https:\/\/dinn.ucsc.cl\/wp-content\/uploads\/sites\/14\/2023\/09\/Portada.png\" alt=\"\" width=\"750\" height=\"511\" srcset=\"https:\/\/dinn.ucsc.cl\/wp-content\/uploads\/sites\/14\/2023\/09\/Portada.png 710w, https:\/\/dinn.ucsc.cl\/wp-content\/uploads\/sites\/14\/2023\/09\/Portada-300x204.png 300w, https:\/\/dinn.ucsc.cl\/wp-content\/uploads\/sites\/14\/2023\/09\/Portada-200x136.png 200w\" sizes=\"(max-width: 750px) 100vw, 750px\" \/><\/a><\/td>\n<td style=\"width: 233.766px;height: 124px\"><\/td>\n<td style=\"width: 233.781px;height: 124px\">&nbsp;<\/p>\n<p>&nbsp;<\/p>\n<p>&nbsp;<\/p>\n<p>&nbsp;<\/p>\n<p>&nbsp;<\/p>\n<p>&nbsp;<\/p>\n<p>&nbsp;<\/p>\n<p>&nbsp;<\/p>\n<p>&nbsp;<\/p>\n<p><a href=\"https:\/\/dinn.ucsc.cl\/wp-content\/uploads\/sites\/14\/2024\/01\/Catalogo_capacidades_energia_UCSC-comprimido.pdf\" target=\"_blank\" rel=\"noopener\"><img loading=\"lazy\" class=\"aligncenter wp-image-5710 size-full\" src=\"https:\/\/dinn.ucsc.cl\/wp-content\/uploads\/sites\/14\/2024\/01\/Boton-descargar.png\" alt=\"\" width=\"241\" height=\"55\" srcset=\"https:\/\/dinn.ucsc.cl\/wp-content\/uploads\/sites\/14\/2024\/01\/Boton-descargar.png 241w, https:\/\/dinn.ucsc.cl\/wp-content\/uploads\/sites\/14\/2024\/01\/Boton-descargar-200x46.png 200w\" sizes=\"(max-width: 241px) 100vw, 241px\" \/><\/a><\/td>\n<\/tr>\n<tr style=\"height: 42px\">\n<td style=\"width: 528.453px;height: 42px\"><\/td>\n<td style=\"width: 233.766px;height: 42px\"><\/td>\n<td style=\"width: 233.781px;height: 42px\"><\/td>\n<\/tr>\n<tr style=\"height: 128px\">\n<td style=\"width: 528.453px;height: 128px\"><a href=\"https:\/\/issuu.com\/ucscconcepcion\/docs\/catalogo_capacidades_recursos_hi_dricos_ucsc?fr=xKAE9_zU1NQ\" target=\"_blank\" rel=\"noopener\"><img loading=\"lazy\" class=\"aligncenter wp-image-5430\" src=\"https:\/\/dinn.ucsc.cl\/wp-content\/uploads\/sites\/14\/2023\/09\/Portada2.png\" alt=\"\" width=\"751\" height=\"511\" srcset=\"https:\/\/dinn.ucsc.cl\/wp-content\/uploads\/sites\/14\/2023\/09\/Portada2.png 710w, https:\/\/dinn.ucsc.cl\/wp-content\/uploads\/sites\/14\/2023\/09\/Portada2-300x204.png 300w, https:\/\/dinn.ucsc.cl\/wp-content\/uploads\/sites\/14\/2023\/09\/Portada2-200x136.png 200w\" sizes=\"(max-width: 751px) 100vw, 751px\" \/><\/a><\/td>\n<td style=\"width: 233.766px;height: 128px\"><\/td>\n<td style=\"width: 233.781px;height: 128px\">&nbsp;<\/p>\n<p>&nbsp;<\/p>\n<p>&nbsp;<\/p>\n<p>&nbsp;<\/p>\n<p>&nbsp;<\/p>\n<p>&nbsp;<\/p>\n<p>&nbsp;<\/p>\n<p>&nbsp;<\/p>\n<p><a href=\"https:\/\/dinn.ucsc.cl\/wp-content\/uploads\/sites\/14\/2024\/01\/Catalogo_capacidades_recursos_hidricos_UCSC_compressed.pdf\" target=\"_blank\" rel=\"noopener\"><img loading=\"lazy\" class=\"aligncenter wp-image-5710 size-full\" src=\"https:\/\/dinn.ucsc.cl\/wp-content\/uploads\/sites\/14\/2024\/01\/Boton-descargar.png\" alt=\"\" width=\"241\" height=\"55\" srcset=\"https:\/\/dinn.ucsc.cl\/wp-content\/uploads\/sites\/14\/2024\/01\/Boton-descargar.png 241w, https:\/\/dinn.ucsc.cl\/wp-content\/uploads\/sites\/14\/2024\/01\/Boton-descargar-200x46.png 200w\" sizes=\"(max-width: 241px) 100vw, 241px\" \/><\/a><\/td>\n<\/tr>\n<tr style=\"height: 45px\">\n<td style=\"width: 528.453px;height: 45px\"><\/td>\n<td style=\"width: 233.766px;height: 45px\"><\/td>\n<td style=\"width: 233.781px;height: 45px\"><\/td>\n<\/tr>\n<tr style=\"height: 203px\">\n<td style=\"width: 528.453px;height: 203px\"><a href=\"https:\/\/issuu.com\/szunigaco\/docs\/cat_logo_proyectos_institucionales\" target=\"_blank\" rel=\"noopener\"><img loading=\"lazy\" class=\"aligncenter wp-image-5711\" src=\"https:\/\/dinn.ucsc.cl\/wp-content\/uploads\/sites\/14\/2024\/01\/Portada2.png\" alt=\"\" width=\"751\" height=\"511\" srcset=\"https:\/\/dinn.ucsc.cl\/wp-content\/uploads\/sites\/14\/2024\/01\/Portada2.png 710w, https:\/\/dinn.ucsc.cl\/wp-content\/uploads\/sites\/14\/2024\/01\/Portada2-300x204.png 300w, https:\/\/dinn.ucsc.cl\/wp-content\/uploads\/sites\/14\/2024\/01\/Portada2-200x136.png 200w\" sizes=\"(max-width: 751px) 100vw, 751px\" \/><\/a><\/td>\n<td style=\"width: 233.766px;height: 203px\"><\/td>\n<td style=\"width: 233.781px;height: 203px\">&nbsp;<\/p>\n<p>&nbsp;<\/p>\n<p>&nbsp;<\/p>\n<p>&nbsp;<\/p>\n<p>&nbsp;<\/p>\n<p>&nbsp;<\/p>\n<p>&nbsp;<\/p>\n<p>&nbsp;<\/p>\n<p><a href=\"https:\/\/dinn.ucsc.cl\/wp-content\/uploads\/sites\/14\/2024\/01\/Catalogo_Proyectos_Institucionales_c.pdf\" target=\"_blank\" rel=\"noopener\"><img loading=\"lazy\" class=\"aligncenter wp-image-5710 size-full\" src=\"https:\/\/dinn.ucsc.cl\/wp-content\/uploads\/sites\/14\/2024\/01\/Boton-descargar.png\" alt=\"\" width=\"241\" height=\"55\" srcset=\"https:\/\/dinn.ucsc.cl\/wp-content\/uploads\/sites\/14\/2024\/01\/Boton-descargar.png 241w, https:\/\/dinn.ucsc.cl\/wp-content\/uploads\/sites\/14\/2024\/01\/Boton-descargar-200x46.png 200w\" sizes=\"(max-width: 241px) 100vw, 241px\" \/><\/a><\/td>\n<\/tr>\n<tr style=\"height: 47px\">\n<td style=\"width: 528.453px;height: 47px\"><\/td>\n<td style=\"width: 233.766px;height: 47px\"><\/td>\n<td style=\"width: 233.781px;height: 47px\"><\/td>\n<\/tr>\n<tr style=\"height: 139px\">\n<td style=\"width: 528.453px;height: 10px\"><a href=\"https:\/\/rb.gy\/l88mxq\" target=\"_blank\" rel=\"noopener\"><img loading=\"lazy\" class=\"aligncenter wp-image-5712\" src=\"https:\/\/dinn.ucsc.cl\/wp-content\/uploads\/sites\/14\/2024\/01\/portada-3.png\" alt=\"\" width=\"751\" height=\"972\" srcset=\"https:\/\/dinn.ucsc.cl\/wp-content\/uploads\/sites\/14\/2024\/01\/portada-3.png 612w, https:\/\/dinn.ucsc.cl\/wp-content\/uploads\/sites\/14\/2024\/01\/portada-3-232x300.png 232w, https:\/\/dinn.ucsc.cl\/wp-content\/uploads\/sites\/14\/2024\/01\/portada-3-155x200.png 155w\" sizes=\"(max-width: 751px) 100vw, 751px\" \/><\/a><\/td>\n<td style=\"width: 233.766px;height: 10px\"><\/td>\n<td style=\"width: 233.781px;height: 10px\">&nbsp;<\/p>\n<p>&nbsp;<\/p>\n<p>&nbsp;<\/p>\n<p>&nbsp;<\/p>\n<p>&nbsp;<\/p>\n<p>&nbsp;<\/p>\n<p>&nbsp;<\/p>\n<p>&nbsp;<\/p>\n<p>&nbsp;<\/p>\n<p>&nbsp;<\/p>\n<p>&nbsp;<\/p>\n<p>&nbsp;<\/p>\n<p><a href=\"https:\/\/dinn.ucsc.cl\/wp-content\/uploads\/sites\/14\/2024\/01\/Capacidades-Ingenieria-UCSC_comp.pdf\" target=\"_blank\" rel=\"noopener\"><img loading=\"lazy\" class=\"aligncenter wp-image-5710 size-full\" src=\"https:\/\/dinn.ucsc.cl\/wp-content\/uploads\/sites\/14\/2024\/01\/Boton-descargar.png\" alt=\"\" width=\"241\" height=\"55\" srcset=\"https:\/\/dinn.ucsc.cl\/wp-content\/uploads\/sites\/14\/2024\/01\/Boton-descargar.png 241w, https:\/\/dinn.ucsc.cl\/wp-content\/uploads\/sites\/14\/2024\/01\/Boton-descargar-200x46.png 200w\" sizes=\"(max-width: 241px) 100vw, 241px\" \/><\/a><\/td>\n<\/tr>\n<tr style=\"height: 28px\">\n<td style=\"width: 528.453px;height: 44px\"><\/td>\n<td style=\"width: 233.766px;height: 44px;text-align: center\"><\/td>\n<td style=\"width: 233.781px;height: 44px\"><\/td>\n<\/tr>\n<tr style=\"height: 28px\">\n<td style=\"width: 528.453px;height: 28px\"><img loading=\"lazy\" class=\"aligncenter wp-image-5851\" src=\"https:\/\/dinn.ucsc.cl\/wp-content\/uploads\/sites\/14\/2024\/06\/Portada_ingles.png\" alt=\"\" width=\"751\" height=\"511\" srcset=\"https:\/\/dinn.ucsc.cl\/wp-content\/uploads\/sites\/14\/2024\/06\/Portada_ingles.png 710w, https:\/\/dinn.ucsc.cl\/wp-content\/uploads\/sites\/14\/2024\/06\/Portada_ingles-300x204.png 300w, https:\/\/dinn.ucsc.cl\/wp-content\/uploads\/sites\/14\/2024\/06\/Portada_ingles-200x136.png 200w\" sizes=\"(max-width: 751px) 100vw, 751px\" \/><\/td>\n<td style=\"width: 233.766px;height: 28px\"><\/td>\n<td style=\"width: 233.781px;height: 28px\">&nbsp;<\/p>\n<p>&nbsp;<\/p>\n<p>&nbsp;<\/p>\n<p>&nbsp;<\/p>\n<p>&nbsp;<\/p>\n<p>&nbsp;<\/p>\n<p>&nbsp;<\/p>\n<p>&nbsp;<\/p>\n<p>&nbsp;<\/p>\n<p><a href=\"https:\/\/dinn.ucsc.cl\/wp-content\/uploads\/sites\/14\/2024\/03\/Catalogo_capacidades_energia_UCSC_INGLES_compressed.pdf\" target=\"_blank\" rel=\"noopener\"><img loading=\"lazy\" class=\"aligncenter wp-image-5710 size-full\" src=\"https:\/\/dinn.ucsc.cl\/wp-content\/uploads\/sites\/14\/2024\/01\/Boton-descargar.png\" alt=\"\" width=\"241\" height=\"55\" srcset=\"https:\/\/dinn.ucsc.cl\/wp-content\/uploads\/sites\/14\/2024\/01\/Boton-descargar.png 241w, https:\/\/dinn.ucsc.cl\/wp-content\/uploads\/sites\/14\/2024\/01\/Boton-descargar-200x46.png 200w\" sizes=\"(max-width: 241px) 100vw, 241px\" \/><\/a><\/td>\n<\/tr>\n<tr>\n<td style=\"width: 528.453px\"><img loading=\"lazy\" class=\"aligncenter wp-image-5882\" src=\"https:\/\/dinn.ucsc.cl\/wp-content\/uploads\/sites\/14\/2024\/08\/Portada21_ingles.png\" alt=\"\" width=\"751\" height=\"511\" srcset=\"https:\/\/dinn.ucsc.cl\/wp-content\/uploads\/sites\/14\/2024\/08\/Portada21_ingles.png 710w, https:\/\/dinn.ucsc.cl\/wp-content\/uploads\/sites\/14\/2024\/08\/Portada21_ingles-300x204.png 300w, https:\/\/dinn.ucsc.cl\/wp-content\/uploads\/sites\/14\/2024\/08\/Portada21_ingles-200x136.png 200w\" sizes=\"(max-width: 751px) 100vw, 751px\" \/><\/td>\n<td style=\"width: 233.766px\"><\/td>\n<td style=\"width: 233.781px\">&nbsp;<\/p>\n<p>&nbsp;<\/p>\n<p>&nbsp;<\/p>\n<p>&nbsp;<\/p>\n<p>&nbsp;<\/p>\n<p>&nbsp;<\/p>\n<p>&nbsp;<\/p>\n<p>&nbsp;<\/p>\n<p><a href=\"https:\/\/dinn.ucsc.cl\/wp-content\/uploads\/sites\/14\/2024\/08\/Catalogo_recursos_hidricos_UCSC_Ingles_compressed_compressed.pdf\" target=\"_blank\" rel=\"noopener\"><img loading=\"lazy\" class=\"aligncenter wp-image-5710 size-full\" src=\"https:\/\/dinn.ucsc.cl\/wp-content\/uploads\/sites\/14\/2024\/01\/Boton-descargar.png\" alt=\"\" width=\"241\" height=\"55\" srcset=\"https:\/\/dinn.ucsc.cl\/wp-content\/uploads\/sites\/14\/2024\/01\/Boton-descargar.png 241w, https:\/\/dinn.ucsc.cl\/wp-content\/uploads\/sites\/14\/2024\/01\/Boton-descargar-200x46.png 200w\" sizes=\"(max-width: 241px) 100vw, 241px\" \/><\/a><\/td>\n<\/tr>\n<\/tbody>\n<\/table>\n<p>&nbsp;<\/p>\n<p>&nbsp;<\/p>\n<p>&nbsp;<\/p>\n","protected":false},"excerpt":{"rendered":"<p>&nbsp; &nbsp; &nbsp; &nbsp; &nbsp; &nbsp; &nbsp; &nbsp; &nbsp; &nbsp; &nbsp; &nbsp; &nbsp; &nbsp; &nbsp; &nbsp; &nbsp; &nbsp; &nbsp; &nbsp; &nbsp; &nbsp; &nbsp; &nbsp; &nbsp; &nbsp; &nbsp; &nbsp; &nbsp; &nbsp; &nbsp; &nbsp; &nbsp; &nbsp; &nbsp; &nbsp; &nbsp; &nbsp; &nbsp; &nbsp; &nbsp; &nbsp; &nbsp; &nbsp; &nbsp; &nbsp; &nbsp; &nbsp; &nbsp; &nbsp; &nbsp; &nbsp; &nbsp; &nbsp; &nbsp; [&hellip;]<\/p>\n","protected":false},"author":84,"featured_media":0,"parent":0,"menu_order":0,"comment_status":"closed","ping_status":"closed","template":"","meta":[],"yoast_head":"<!-- This site is optimized with the Yoast SEO plugin v18.9 - https:\/\/yoast.com\/wordpress\/plugins\/seo\/ -->\n<title>Portafolio Capacidades I+D+i -<\/title>\n<meta name=\"robots\" content=\"index, follow, max-snippet:-1, max-image-preview:large, max-video-preview:-1\" \/>\n<link rel=\"canonical\" href=\"https:\/\/dinn.ucsc.cl\/index.php\/portafoliocapacidades\/\" \/>\n<meta property=\"og:locale\" content=\"es_ES\" \/>\n<meta property=\"og:type\" content=\"article\" \/>\n<meta property=\"og:title\" content=\"Portafolio Capacidades I+D+i -\" \/>\n<meta property=\"og:description\" content=\"&nbsp; &nbsp; &nbsp; &nbsp; &nbsp; &nbsp; &nbsp; &nbsp; &nbsp; &nbsp; &nbsp; &nbsp; &nbsp; &nbsp; &nbsp; &nbsp; &nbsp; &nbsp; &nbsp; &nbsp; &nbsp; &nbsp; &nbsp; &nbsp; &nbsp; &nbsp; &nbsp; &nbsp; &nbsp; &nbsp; &nbsp; &nbsp; &nbsp; &nbsp; &nbsp; &nbsp; &nbsp; &nbsp; &nbsp; &nbsp; &nbsp; &nbsp; &nbsp; &nbsp; &nbsp; &nbsp; &nbsp; &nbsp; &nbsp; &nbsp; &nbsp; &nbsp; &nbsp; &nbsp; &nbsp; [&hellip;]\" \/>\n<meta property=\"og:url\" content=\"https:\/\/dinn.ucsc.cl\/index.php\/portafoliocapacidades\/\" \/>\n<meta property=\"article:publisher\" content=\"https:\/\/m.facebook.com\/DINNUCSC\" \/>\n<meta property=\"article:modified_time\" content=\"2024-08-05T22:00:12+00:00\" \/>\n<meta property=\"og:image\" content=\"https:\/\/sitios.ucsc.cl\/investigacion\/wp-content\/uploads\/sites\/14\/2023\/09\/Portada.png\" \/>\n<meta name=\"twitter:card\" content=\"summary\" \/>\n<meta name=\"twitter:site\" content=\"@dinn_ucsc\" \/>\n<script type=\"application\/ld+json\" class=\"yoast-schema-graph\">{\"@context\":\"https:\/\/schema.org\",\"@graph\":[{\"@type\":\"WebSite\",\"@id\":\"https:\/\/dinn.ucsc.cl\/#website\",\"url\":\"https:\/\/dinn.ucsc.cl\/\",\"name\":\"Direcci\u00f3n de Innovaci\u00f3n UCSC\",\"description\":\"Direcci\u00f3n de Innovaci\u00f3n\",\"potentialAction\":[{\"@type\":\"SearchAction\",\"target\":{\"@type\":\"EntryPoint\",\"urlTemplate\":\"https:\/\/dinn.ucsc.cl\/?s={search_term_string}\"},\"query-input\":\"required name=search_term_string\"}],\"inLanguage\":\"es\"},{\"@type\":\"ImageObject\",\"inLanguage\":\"es\",\"@id\":\"https:\/\/dinn.ucsc.cl\/index.php\/portafoliocapacidades\/#primaryimage\",\"url\":\"https:\/\/sitios.ucsc.cl\/investigacion\/wp-content\/uploads\/sites\/14\/2023\/09\/Portada.png\",\"contentUrl\":\"https:\/\/sitios.ucsc.cl\/investigacion\/wp-content\/uploads\/sites\/14\/2023\/09\/Portada.png\"},{\"@type\":\"WebPage\",\"@id\":\"https:\/\/dinn.ucsc.cl\/index.php\/portafoliocapacidades\/#webpage\",\"url\":\"https:\/\/dinn.ucsc.cl\/index.php\/portafoliocapacidades\/\",\"name\":\"Portafolio Capacidades I+D+i -\",\"isPartOf\":{\"@id\":\"https:\/\/dinn.ucsc.cl\/#website\"},\"primaryImageOfPage\":{\"@id\":\"https:\/\/dinn.ucsc.cl\/index.php\/portafoliocapacidades\/#primaryimage\"},\"datePublished\":\"2023-09-28T19:19:48+00:00\",\"dateModified\":\"2024-08-05T22:00:12+00:00\",\"breadcrumb\":{\"@id\":\"https:\/\/dinn.ucsc.cl\/index.php\/portafoliocapacidades\/#breadcrumb\"},\"inLanguage\":\"es\",\"potentialAction\":[{\"@type\":\"ReadAction\",\"target\":[\"https:\/\/dinn.ucsc.cl\/index.php\/portafoliocapacidades\/\"]}]},{\"@type\":\"BreadcrumbList\",\"@id\":\"https:\/\/dinn.ucsc.cl\/index.php\/portafoliocapacidades\/#breadcrumb\",\"itemListElement\":[{\"@type\":\"ListItem\",\"position\":1,\"name\":\"Inicio\",\"item\":\"https:\/\/dinn.ucsc.cl\/\"},{\"@type\":\"ListItem\",\"position\":2,\"name\":\"Portafolio Capacidades I+D+i\"}]}]}<\/script>\n<!-- \/ Yoast SEO plugin. -->","yoast_head_json":{"title":"Portafolio Capacidades I+D+i -","robots":{"index":"index","follow":"follow","max-snippet":"max-snippet:-1","max-image-preview":"max-image-preview:large","max-video-preview":"max-video-preview:-1"},"canonical":"https:\/\/dinn.ucsc.cl\/index.php\/portafoliocapacidades\/","og_locale":"es_ES","og_type":"article","og_title":"Portafolio Capacidades I+D+i -","og_description":"&nbsp; &nbsp; &nbsp; &nbsp; &nbsp; &nbsp; &nbsp; &nbsp; &nbsp; &nbsp; &nbsp; &nbsp; &nbsp; &nbsp; &nbsp; &nbsp; &nbsp; &nbsp; &nbsp; &nbsp; &nbsp; &nbsp; &nbsp; &nbsp; &nbsp; &nbsp; &nbsp; &nbsp; &nbsp; &nbsp; &nbsp; &nbsp; &nbsp; &nbsp; &nbsp; &nbsp; &nbsp; &nbsp; &nbsp; &nbsp; &nbsp; &nbsp; &nbsp; &nbsp; &nbsp; &nbsp; &nbsp; &nbsp; &nbsp; &nbsp; &nbsp; &nbsp; &nbsp; &nbsp; &nbsp; [&hellip;]","og_url":"https:\/\/dinn.ucsc.cl\/index.php\/portafoliocapacidades\/","article_publisher":"https:\/\/m.facebook.com\/DINNUCSC","article_modified_time":"2024-08-05T22:00:12+00:00","og_image":[{"url":"https:\/\/sitios.ucsc.cl\/investigacion\/wp-content\/uploads\/sites\/14\/2023\/09\/Portada.png"}],"twitter_card":"summary","twitter_site":"@dinn_ucsc","schema":{"@context":"https:\/\/schema.org","@graph":[{"@type":"WebSite","@id":"https:\/\/dinn.ucsc.cl\/#website","url":"https:\/\/dinn.ucsc.cl\/","name":"Direcci\u00f3n de Innovaci\u00f3n UCSC","description":"Direcci\u00f3n de Innovaci\u00f3n","potentialAction":[{"@type":"SearchAction","target":{"@type":"EntryPoint","urlTemplate":"https:\/\/dinn.ucsc.cl\/?s={search_term_string}"},"query-input":"required name=search_term_string"}],"inLanguage":"es"},{"@type":"ImageObject","inLanguage":"es","@id":"https:\/\/dinn.ucsc.cl\/index.php\/portafoliocapacidades\/#primaryimage","url":"https:\/\/sitios.ucsc.cl\/investigacion\/wp-content\/uploads\/sites\/14\/2023\/09\/Portada.png","contentUrl":"https:\/\/sitios.ucsc.cl\/investigacion\/wp-content\/uploads\/sites\/14\/2023\/09\/Portada.png"},{"@type":"WebPage","@id":"https:\/\/dinn.ucsc.cl\/index.php\/portafoliocapacidades\/#webpage","url":"https:\/\/dinn.ucsc.cl\/index.php\/portafoliocapacidades\/","name":"Portafolio Capacidades I+D+i -","isPartOf":{"@id":"https:\/\/dinn.ucsc.cl\/#website"},"primaryImageOfPage":{"@id":"https:\/\/dinn.ucsc.cl\/index.php\/portafoliocapacidades\/#primaryimage"},"datePublished":"2023-09-28T19:19:48+00:00","dateModified":"2024-08-05T22:00:12+00:00","breadcrumb":{"@id":"https:\/\/dinn.ucsc.cl\/index.php\/portafoliocapacidades\/#breadcrumb"},"inLanguage":"es","potentialAction":[{"@type":"ReadAction","target":["https:\/\/dinn.ucsc.cl\/index.php\/portafoliocapacidades\/"]}]},{"@type":"BreadcrumbList","@id":"https:\/\/dinn.ucsc.cl\/index.php\/portafoliocapacidades\/#breadcrumb","itemListElement":[{"@type":"ListItem","position":1,"name":"Inicio","item":"https:\/\/dinn.ucsc.cl\/"},{"@type":"ListItem","position":2,"name":"Portafolio Capacidades I+D+i"}]}]}},"_links":{"self":[{"href":"https:\/\/dinn.ucsc.cl\/index.php\/wp-json\/wp\/v2\/pages\/5428"}],"collection":[{"href":"https:\/\/dinn.ucsc.cl\/index.php\/wp-json\/wp\/v2\/pages"}],"about":[{"href":"https:\/\/dinn.ucsc.cl\/index.php\/wp-json\/wp\/v2\/types\/page"}],"author":[{"embeddable":true,"href":"https:\/\/dinn.ucsc.cl\/index.php\/wp-json\/wp\/v2\/users\/84"}],"replies":[{"embeddable":true,"href":"https:\/\/dinn.ucsc.cl\/index.php\/wp-json\/wp\/v2\/comments?post=5428"}],"version-history":[{"count":26,"href":"https:\/\/dinn.ucsc.cl\/index.php\/wp-json\/wp\/v2\/pages\/5428\/revisions"}],"predecessor-version":[{"id":5885,"href":"https:\/\/dinn.ucsc.cl\/index.php\/wp-json\/wp\/v2\/pages\/5428\/revisions\/5885"}],"wp:attachment":[{"href":"https:\/\/dinn.ucsc.cl\/index.php\/wp-json\/wp\/v2\/media?parent=5428"}],"curies":[{"name":"wp","href":"https:\/\/api.w.org\/{rel}","templated":true}]}}