{"id":5510,"date":"2023-10-15T21:26:26","date_gmt":"2023-10-16T00:26:26","guid":{"rendered":"https:\/\/dinn.ucsc.cl\/?page_id=5510"},"modified":"2023-10-15T21:28:19","modified_gmt":"2023-10-16T00:28:19","slug":"laboratorio-de-hidraulica-fluvial-y-costera","status":"publish","type":"page","link":"https:\/\/dinn.ucsc.cl\/index.php\/laboratorio-de-hidraulica-fluvial-y-costera\/","title":{"rendered":"Laboratorio de Hidr\u00e1ulica Fluvial y Costera"},"content":{"rendered":"<table class=\" alignleft\" style=\"font-size: 1rem\">\n<tbody>\n<tr>\n<td style=\"width: 741px\" colspan=\"4\"><img loading=\"lazy\" class=\"alignnone wp-image-5512\" src=\"https:\/\/dinn.ucsc.cl\/wp-content\/uploads\/sites\/14\/2023\/10\/LAB_22_BANNER.png\" alt=\"\" width=\"839\" height=\"170\" srcset=\"https:\/\/dinn.ucsc.cl\/wp-content\/uploads\/sites\/14\/2023\/10\/LAB_22_BANNER.png 612w, https:\/\/dinn.ucsc.cl\/wp-content\/uploads\/sites\/14\/2023\/10\/LAB_22_BANNER-300x61.png 300w, https:\/\/dinn.ucsc.cl\/wp-content\/uploads\/sites\/14\/2023\/10\/LAB_22_BANNER-200x41.png 200w\" sizes=\"(max-width: 839px) 100vw, 839px\" \/><\/td>\n<\/tr>\n<tr>\n<td style=\"width: 63px\"><\/td>\n<td style=\"width: 79px\"><img loading=\"lazy\" class=\"aligncenter wp-image-2512 size-full\" src=\"https:\/\/sitios.ucsc.cl\/ott\/wp-content\/uploads\/sites\/15\/2022\/07\/CU_1.png\" alt=\"\" width=\"50\" height=\"50\" \/><\/td>\n<td style=\"width: 596px\">\n<h3>Descripci\u00f3n<\/h3>\n<\/td>\n<td style=\"width: 3px\"><\/td>\n<\/tr>\n<tr>\n<td style=\"width: 63px\"><\/td>\n<td style=\"width: 79px\"><\/td>\n<td style=\"width: 596px\">Creado con el prop\u00f3sito de experimentar y explorar diferentes problem\u00e1ticas de la hidr\u00e1ulica fluvial y costera.<\/td>\n<td style=\"width: 3px\"><\/td>\n<\/tr>\n<tr>\n<td style=\"width: 63px\"><\/td>\n<td style=\"width: 79px\"><img loading=\"lazy\" class=\"aligncenter size-full wp-image-2558\" src=\"https:\/\/sitios.ucsc.cl\/ott\/wp-content\/uploads\/sites\/15\/2022\/07\/CU_5.png\" alt=\"\" width=\"50\" height=\"50\" \/><\/td>\n<td style=\"width: 596px\">\n<h3>Dependencia<\/h3>\n<p>Facultad de Ingenier\u00eda.<\/td>\n<td style=\"width: 3px\"><\/td>\n<\/tr>\n<tr>\n<td style=\"width: 63px\"><\/td>\n<td style=\"width: 79px\"><img loading=\"lazy\" class=\"aligncenter size-full wp-image-2555\" src=\"https:\/\/sitios.ucsc.cl\/ott\/wp-content\/uploads\/sites\/15\/2022\/07\/CU_10.png\" alt=\"\" width=\"50\" height=\"50\" \/><\/td>\n<td style=\"width: 596px\">\n<h3>Director(a) responsable<\/h3>\n<p>\u2022 Dr. Diego Caama\u00f1o Avenda\u00f1o.<\/td>\n<td style=\"width: 3px\"><\/td>\n<\/tr>\n<tr>\n<td style=\"width: 63px\"><\/td>\n<td style=\"width: 79px\"><img loading=\"lazy\" class=\"aligncenter size-full wp-image-2557\" src=\"https:\/\/sitios.ucsc.cl\/ott\/wp-content\/uploads\/sites\/15\/2022\/07\/CU_4.png\" alt=\"\" width=\"50\" height=\"50\" \/><\/td>\n<td style=\"width: 596px\">\n<h3>Contacto<\/h3>\n<p>Mail: dcaamano@ucsc.cl<\/td>\n<td style=\"width: 3px\"><\/td>\n<\/tr>\n<tr>\n<td style=\"width: 63px\"><\/td>\n<td style=\"width: 79px\"><img loading=\"lazy\" class=\"aligncenter size-full wp-image-2559\" src=\"https:\/\/sitios.ucsc.cl\/ott\/wp-content\/uploads\/sites\/15\/2022\/07\/CU_6.png\" alt=\"\" width=\"50\" height=\"50\" \/><\/td>\n<td style=\"width: 596px\">\n<h3>Web<\/h3>\n<p>No tiene.<\/td>\n<td style=\"width: 3px\"><\/td>\n<\/tr>\n<tr>\n<td style=\"width: 63px\"><\/td>\n<td style=\"width: 79px\"><img loading=\"lazy\" class=\"aligncenter size-full wp-image-2512\" src=\"https:\/\/sitios.ucsc.cl\/ott\/wp-content\/uploads\/sites\/15\/2022\/07\/CU_1.png\" alt=\"\" width=\"50\" height=\"50\" \/><\/td>\n<td style=\"width: 596px\">\n<h3>\u00c1reas de conocimiento<\/h3>\n<\/td>\n<td style=\"width: 3px\"><\/td>\n<\/tr>\n<tr>\n<td style=\"width: 63px\"><\/td>\n<td style=\"width: 79px\"><\/td>\n<td style=\"width: 596px\">\u2022 Hidr\u00e1ulica fluvial y costera.<br \/>\n\u2022 Ecohidrolog\u00eda.<br \/>\n\u2022 Ingenier\u00eda Portuaria.<br \/>\n\u2022 Tsunamis.<br \/>\n\u2022 Energ\u00edas marinas.<br \/>\n\u2022 Transporte de sedimentos, morfolog\u00eda de cauces, estuarios y playas.<br \/>\n\u2022 Modelaci\u00f3n num\u00e9rica de r\u00edos, estuarios, playas y clima mar\u00edtimo.<\/td>\n<td style=\"width: 3px\"><\/td>\n<\/tr>\n<tr>\n<td style=\"width: 63px\"><\/td>\n<td style=\"width: 79px\"><img loading=\"lazy\" class=\"aligncenter size-full wp-image-2556\" src=\"https:\/\/sitios.ucsc.cl\/ott\/wp-content\/uploads\/sites\/15\/2022\/07\/CU_3.png\" alt=\"\" width=\"50\" height=\"50\" \/><\/td>\n<td style=\"width: 596px\">\n<h3>Oferta tecnol\u00f3gica<\/h3>\n<\/td>\n<td style=\"width: 3px\"><\/td>\n<\/tr>\n<tr>\n<td style=\"width: 63px\"><\/td>\n<td style=\"width: 79px\"><\/td>\n<td style=\"width: 596px\">\u2022 Levantamientos de variables fluviales<br \/>\n\u2022 Estudios para movimiento incipiente de part\u00edculas de arena y gravas, an\u00e1lisis de socavaci\u00f3n y protecci\u00f3n de fondo.<br \/>\n\u2022 Estudios de erosi\u00f3n fluvial y costera, estabilidad de estructuras en medios acu\u00e1ticos<br \/>\n\u2022 Servicios de Ingenier\u00eda forense para determinar responsabilidades<br \/>\n\u2022 Estudios de interacci\u00f3n agua- estructura<br \/>\n\u2022 Servicios de modelaci\u00f3n num\u00e9rica avanzada cubriendo aspectos hidrodin\u00e1micos, morfol\u00f3gicos y de calidad de agua.<\/td>\n<td style=\"width: 3px\"><\/td>\n<\/tr>\n<tr>\n<td style=\"width: 63px\"><\/td>\n<td style=\"width: 79px\"><img loading=\"lazy\" class=\"aligncenter size-full wp-image-2561\" src=\"https:\/\/sitios.ucsc.cl\/ott\/wp-content\/uploads\/sites\/15\/2022\/07\/CU_8.png\" alt=\"\" width=\"50\" height=\"50\" \/><\/td>\n<td style=\"width: 596px\">\n<h3>Experiencia de la unidad<\/h3>\n<\/td>\n<td style=\"width: 3px\"><\/td>\n<\/tr>\n<tr>\n<td style=\"width: 63px\"><\/td>\n<td style=\"width: 79px\"><\/td>\n<td style=\"width: 596px\"><strong>Proyectos ejecutados:<\/strong><br \/>\n<strong>2021 &#8211; 2024:<\/strong><br \/>\n\u2022 Analysis of tsunami scour around on-shore structures. Fondecyt Regular 1210496.<br \/>\n<strong>2020 &#8211; 2022:<\/strong><br \/>\n\u2022 Evoluci\u00f3n costera y factores de cambio en Chile: criterios para la adaptaci\u00f3n y resiliencia de la zona Costera FONDECYT Regular 1200306.<br \/>\n<strong>2015 &#8211; 2019:<\/strong><br \/>\n\u2022 Evoluci\u00f3n costera, morfodin\u00e1mica y factores de cambio de la l\u00ednea litoral en una costa de influencia tect\u00f3nica=&gt; orientaciones al manejo integrado de la costa. FONDECYT Regular 1151367.<strong>Algunas publicaciones asociadas laboratorio:<\/strong><br \/>\n\u2022 Andrew W. Tranmer, Diego Caama\u00f1o, Stephen R. Clayton, Abolfazl Nazari Giglou, Peter Goodwin, John M. Buffington, Daniele Tonina (2022). Testing the effective-discharge paradigm in gravel-bed river restoration, Geomorphology, Volume 403, 2022, 108139, ISSN 0169-555X, https:\/\/doi.org\/10.1016\/j.geomorph.2022.108139.<br \/>\n\u2022 J. Vasconcelos, D. Caama\u00f1o, V. M. Tuset, R. Sousa, R. Riera (2021). The shell phenotypic variability of the keyhole limpet Fissurella latimarginata: insights from an experimental approach using a water flow flume, Journal of Molluscan Studies, Volume 87, Issue 4, December 2021, eyab043, https:\/\/doi.org\/10.1093\/mollus\/eyab043.<br \/>\n\u2022 Fuentes-Aguilera, P., Caama\u00f1o, D., Alcayaga, H., Tranmer, A. (2020). The influence of pool-riffle morphological features on river mixing. Water 2020, 12, 1145; doi.org\/10.3390\/w12041145.<br \/>\n\u2022 Ar\u00e1nguiz, R., Villagr\u00e1n, M., (2013). Beach Profile Study of a Lacustrine System using a Low-Cost Wave Recorder. Coastal Dynamics 2013, June 2013, France.\u2022 Ar\u00e1nguiz, R., Dinamarca, J., Bravo, V., Link, O., (2023). Physical experimetns of tsunami scour around on-shore square structures. International Conference on Scour and Erosion ICSE11. September 2023, Denmark.<br \/>\n\u2022 G\u00f3mez, M.; Villagr\u00e1n, M.; Mart\u00ednez, C., and Belmonte, A., 2018. Characterizing the longshore Sediment Transport Pattern on Beaches in the Gulf of Arauco, Chile, to Assess Morphological Shoreline Evolution. In: Shim, J.-S.; Chun, I., and Lim, H.S. (eds.), Proceedings from the International Coastal Symposium (ICS) 2018 (Busan, Republic of Korea). Journal of Coastal Research, Special Issue No. 85, pp. 656\u2013660. Coconut Creek (Florida), ISSN 0749-0208.<br \/>\n\u2022 Villagr\u00e1n, M.; G\u00f3mez, M.; Mart\u00ednez, C. Coastal Erosion and a Characterization of the Morphological Dynamics of Arauco Gulf Beaches under Dominant Wave Conditions. Water 2023, 15, 23. https:\/\/doi.org\/10.3390\/w15010023.<\/td>\n<td style=\"width: 3px\"><\/td>\n<\/tr>\n<tr>\n<td style=\"width: 63px\"><\/td>\n<td style=\"width: 79px\"><img loading=\"lazy\" class=\"aligncenter size-full wp-image-2560\" src=\"https:\/\/sitios.ucsc.cl\/ott\/wp-content\/uploads\/sites\/15\/2022\/07\/CU_7.png\" alt=\"\" width=\"50\" height=\"50\" \/><\/td>\n<td style=\"width: 596px\">\n<h3>Infraestructura<\/h3>\n<p>Infraestructura de 700 m2 aproximadamente, que cuenta con equipamiento para investigaci\u00f3n y desarrollo de soluciones tecnol\u00f3gicas en las \u00e1reas de la Ingenier\u00eda Hidr\u00e1ulica, Ingenier\u00eda costera e Ingenier\u00eda portuaria.<\/td>\n<td style=\"width: 3px\"><\/td>\n<\/tr>\n<tr>\n<td style=\"width: 63px\"><\/td>\n<td style=\"width: 79px\"><img loading=\"lazy\" class=\"aligncenter size-full wp-image-2562\" src=\"https:\/\/sitios.ucsc.cl\/ott\/wp-content\/uploads\/sites\/15\/2022\/07\/CU_9.png\" alt=\"\" width=\"50\" height=\"50\" \/><\/td>\n<td style=\"width: 596px\">\n<h3>Equipamiento<\/h3>\n<\/td>\n<td style=\"width: 3px\"><\/td>\n<\/tr>\n<tr>\n<td style=\"width: 63px\"><\/td>\n<td style=\"width: 79px\"><\/td>\n<td style=\"width: 596px\">\u2022 Canal de olas de 20m de largo, 1.2m de alto y 0.77m de ancho. Posee un generador de olas tipo pist\u00f3n para oleaje regular e irregular con absorci\u00f3n pasiva de oleaje.<br \/>\n\u2022 Canal de pendiente variable de 5m de largo, 0.7m de alto y 0.32m de ancho. Permite caracterizaciones unidimensionales del flujo para pendientes entre 0 y 14%. Posee un controlador electr\u00f3nico de caudales capaz de representar progresiones e hidrogramas.<br \/>\n\u2022 Instrumentaci\u00f3n variada para medir variables dentro de los canales.<br \/>\n\u2022 Sistema de recirculaci\u00f3n de agua que permitir\u00eda abastecer potenciales modelos f\u00edsicos.<br \/>\n\u2022 Flow tracker 2, permite la medici\u00f3n de velocidades y caudales en r\u00edos y esteros vadeables (profundidades &lt;1m)<br \/>\nADCP Rio Grande, permite la medici\u00f3n de velocidades y caudales en r\u00edos de mayor dimensi\u00f3n (profundidades &gt; 1m).<br \/>\n\u2022 Pluvi\u00f3metros, permiten el registro de precipitaciones con frecuencia de 1 minuto y precisi\u00f3n de 0.2mm<br \/>\nSensores de presi\u00f3n, permiten el registro presiones absolutas para la estimaci\u00f3n de alturas de agua con frecuencia de 1 minuto.<br \/>\n\u2022 GPS-RTK, permite determinar el posicionamiento espacial con precisi\u00f3n centim\u00e9trica.<br \/>\n\u2022 OBS 5+ Optical Backscatter Sensor para medir turbidez y concentraci\u00f3n de sedimentos en suspensi\u00f3n.<br \/>\n\u2022 Tamices para an\u00e1lisis granulom\u00e9tricos.<br \/>\n\u2022 Horno de 150\u00b0C para secado de muestras.<br \/>\n\u2022 Impresora 3D Creality CR-10 Smart para fabricaci\u00f3n de prototipos y estructuras especiales para los canales.<br \/>\n\u2022 Kayak y zodiac inflables adaptados para montaje de equipos de medici\u00f3n.<br \/>\n\u2022 Ecosonda Hi Target.<\/td>\n<td style=\"width: 3px\"><\/td>\n<\/tr>\n<tr>\n<td style=\"width: 63px\"><\/td>\n<td style=\"width: 79px\"><img loading=\"lazy\" class=\"aligncenter size-full wp-image-2555\" src=\"https:\/\/sitios.ucsc.cl\/ott\/wp-content\/uploads\/sites\/15\/2022\/07\/CU_10.png\" alt=\"\" width=\"50\" height=\"50\" \/><\/td>\n<td style=\"width: 596px\">\n<h3>Integrantes de la unidad<\/h3>\n<\/td>\n<td style=\"width: 3px\"><\/td>\n<\/tr>\n<tr>\n<td style=\"width: 63px\"><\/td>\n<td style=\"width: 79px\"><\/td>\n<td style=\"width: 596px\">El Laboratorio cuenta con un equipo humano interdisciplinario integrado por:<br \/>\n\u2022 Dr. Diego Caama\u00f1o (Sistemas fluviales).<br \/>\n\u2022 Dr. Rafael Ar\u00e1nguiz (Sistemas costeros).<br \/>\n\u2022 Dr\u00a9. Mauricio Villagr\u00e1n (Sistemas estuarinos).<\/td>\n<td style=\"width: 3px\"><\/td>\n<\/tr>\n<tr>\n<td style=\"width: 63px\"><\/td>\n<td style=\"width: 675px\" colspan=\"2\">&nbsp;<\/p>\n<p><a href=\"https:\/\/dinn.ucsc.cl\/wp-content\/uploads\/sites\/14\/2023\/10\/OTT_LAB_22.pdf\"><img loading=\"lazy\" class=\"aligncenter wp-image-3262 size-full\" src=\"https:\/\/sitios.ucsc.cl\/ott\/wp-content\/uploads\/sites\/15\/2022\/10\/Boton-descarga-300x61-1.png\" alt=\"\" width=\"300\" height=\"61\" \/><\/a><\/p>\n<p>&nbsp;<\/p>\n<p>&nbsp;<\/td>\n<td style=\"width: 3px\"><\/td>\n<\/tr>\n<tr>\n<td style=\"width: 741px\" colspan=\"4\"><img loading=\"lazy\" class=\"aligncenter size-full wp-image-3263\" src=\"https:\/\/sitios.ucsc.cl\/ott\/wp-content\/uploads\/sites\/15\/2022\/10\/banner_LB.png\" alt=\"\" width=\"950\" height=\"111\" \/><\/td>\n<\/tr>\n<\/tbody>\n<\/table>\n<h5><\/h5>\n","protected":false},"excerpt":{"rendered":"<p>Descripci\u00f3n Creado con el prop\u00f3sito de experimentar y explorar diferentes problem\u00e1ticas de la hidr\u00e1ulica fluvial y costera. Dependencia Facultad de Ingenier\u00eda. Director(a) responsable \u2022 Dr. Diego Caama\u00f1o Avenda\u00f1o. Contacto Mail: dcaamano@ucsc.cl Web No tiene. \u00c1reas de conocimiento \u2022 Hidr\u00e1ulica fluvial y costera. \u2022 Ecohidrolog\u00eda. \u2022 Ingenier\u00eda Portuaria. \u2022 Tsunamis. \u2022 Energ\u00edas marinas. \u2022 Transporte de [&hellip;]<\/p>\n","protected":false},"author":84,"featured_media":0,"parent":0,"menu_order":0,"comment_status":"closed","ping_status":"closed","template":"","meta":[],"yoast_head":"<!-- This site is optimized with the Yoast SEO plugin v18.9 - https:\/\/yoast.com\/wordpress\/plugins\/seo\/ -->\n<title>Laboratorio de Hidr\u00e1ulica Fluvial y Costera -<\/title>\n<meta name=\"robots\" content=\"index, follow, max-snippet:-1, max-image-preview:large, max-video-preview:-1\" \/>\n<link rel=\"canonical\" href=\"https:\/\/dinn.ucsc.cl\/index.php\/laboratorio-de-hidraulica-fluvial-y-costera\/\" \/>\n<meta property=\"og:locale\" content=\"es_ES\" \/>\n<meta property=\"og:type\" content=\"article\" \/>\n<meta property=\"og:title\" content=\"Laboratorio de Hidr\u00e1ulica Fluvial y Costera -\" \/>\n<meta property=\"og:description\" content=\"Descripci\u00f3n Creado con el prop\u00f3sito de experimentar y explorar diferentes problem\u00e1ticas de la hidr\u00e1ulica fluvial y costera. Dependencia Facultad de Ingenier\u00eda. Director(a) responsable \u2022 Dr. Diego Caama\u00f1o Avenda\u00f1o. Contacto Mail: dcaamano@ucsc.cl Web No tiene. \u00c1reas de conocimiento \u2022 Hidr\u00e1ulica fluvial y costera. \u2022 Ecohidrolog\u00eda. \u2022 Ingenier\u00eda Portuaria. \u2022 Tsunamis. \u2022 Energ\u00edas marinas. \u2022 Transporte de [&hellip;]\" \/>\n<meta property=\"og:url\" content=\"https:\/\/dinn.ucsc.cl\/index.php\/laboratorio-de-hidraulica-fluvial-y-costera\/\" \/>\n<meta property=\"article:publisher\" content=\"https:\/\/m.facebook.com\/DINNUCSC\" \/>\n<meta property=\"article:modified_time\" content=\"2023-10-16T00:28:19+00:00\" \/>\n<meta property=\"og:image\" content=\"https:\/\/sitios.ucsc.cl\/investigacion\/wp-content\/uploads\/sites\/14\/2023\/10\/LAB_22_BANNER.png\" \/>\n<meta name=\"twitter:card\" content=\"summary\" \/>\n<meta name=\"twitter:site\" content=\"@dinn_ucsc\" \/>\n<meta name=\"twitter:label1\" content=\"Tiempo de lectura\" \/>\n\t<meta name=\"twitter:data1\" content=\"4 minutos\" \/>\n<script type=\"application\/ld+json\" class=\"yoast-schema-graph\">{\"@context\":\"https:\/\/schema.org\",\"@graph\":[{\"@type\":\"WebSite\",\"@id\":\"https:\/\/dinn.ucsc.cl\/#website\",\"url\":\"https:\/\/dinn.ucsc.cl\/\",\"name\":\"Direcci\u00f3n de Innovaci\u00f3n UCSC\",\"description\":\"Direcci\u00f3n de Innovaci\u00f3n\",\"potentialAction\":[{\"@type\":\"SearchAction\",\"target\":{\"@type\":\"EntryPoint\",\"urlTemplate\":\"https:\/\/dinn.ucsc.cl\/?s={search_term_string}\"},\"query-input\":\"required name=search_term_string\"}],\"inLanguage\":\"es\"},{\"@type\":\"ImageObject\",\"inLanguage\":\"es\",\"@id\":\"https:\/\/dinn.ucsc.cl\/index.php\/laboratorio-de-hidraulica-fluvial-y-costera\/#primaryimage\",\"url\":\"https:\/\/sitios.ucsc.cl\/investigacion\/wp-content\/uploads\/sites\/14\/2023\/10\/LAB_22_BANNER.png\",\"contentUrl\":\"https:\/\/sitios.ucsc.cl\/investigacion\/wp-content\/uploads\/sites\/14\/2023\/10\/LAB_22_BANNER.png\"},{\"@type\":\"WebPage\",\"@id\":\"https:\/\/dinn.ucsc.cl\/index.php\/laboratorio-de-hidraulica-fluvial-y-costera\/#webpage\",\"url\":\"https:\/\/dinn.ucsc.cl\/index.php\/laboratorio-de-hidraulica-fluvial-y-costera\/\",\"name\":\"Laboratorio de Hidr\u00e1ulica Fluvial y Costera -\",\"isPartOf\":{\"@id\":\"https:\/\/dinn.ucsc.cl\/#website\"},\"primaryImageOfPage\":{\"@id\":\"https:\/\/dinn.ucsc.cl\/index.php\/laboratorio-de-hidraulica-fluvial-y-costera\/#primaryimage\"},\"datePublished\":\"2023-10-16T00:26:26+00:00\",\"dateModified\":\"2023-10-16T00:28:19+00:00\",\"breadcrumb\":{\"@id\":\"https:\/\/dinn.ucsc.cl\/index.php\/laboratorio-de-hidraulica-fluvial-y-costera\/#breadcrumb\"},\"inLanguage\":\"es\",\"potentialAction\":[{\"@type\":\"ReadAction\",\"target\":[\"https:\/\/dinn.ucsc.cl\/index.php\/laboratorio-de-hidraulica-fluvial-y-costera\/\"]}]},{\"@type\":\"BreadcrumbList\",\"@id\":\"https:\/\/dinn.ucsc.cl\/index.php\/laboratorio-de-hidraulica-fluvial-y-costera\/#breadcrumb\",\"itemListElement\":[{\"@type\":\"ListItem\",\"position\":1,\"name\":\"Inicio\",\"item\":\"https:\/\/dinn.ucsc.cl\/\"},{\"@type\":\"ListItem\",\"position\":2,\"name\":\"Laboratorio de Hidr\u00e1ulica Fluvial y Costera\"}]}]}<\/script>\n<!-- \/ Yoast SEO plugin. -->","yoast_head_json":{"title":"Laboratorio de Hidr\u00e1ulica Fluvial y Costera -","robots":{"index":"index","follow":"follow","max-snippet":"max-snippet:-1","max-image-preview":"max-image-preview:large","max-video-preview":"max-video-preview:-1"},"canonical":"https:\/\/dinn.ucsc.cl\/index.php\/laboratorio-de-hidraulica-fluvial-y-costera\/","og_locale":"es_ES","og_type":"article","og_title":"Laboratorio de Hidr\u00e1ulica Fluvial y Costera -","og_description":"Descripci\u00f3n Creado con el prop\u00f3sito de experimentar y explorar diferentes problem\u00e1ticas de la hidr\u00e1ulica fluvial y costera. Dependencia Facultad de Ingenier\u00eda. Director(a) responsable \u2022 Dr. Diego Caama\u00f1o Avenda\u00f1o. Contacto Mail: dcaamano@ucsc.cl Web No tiene. \u00c1reas de conocimiento \u2022 Hidr\u00e1ulica fluvial y costera. \u2022 Ecohidrolog\u00eda. \u2022 Ingenier\u00eda Portuaria. \u2022 Tsunamis. \u2022 Energ\u00edas marinas. \u2022 Transporte de [&hellip;]","og_url":"https:\/\/dinn.ucsc.cl\/index.php\/laboratorio-de-hidraulica-fluvial-y-costera\/","article_publisher":"https:\/\/m.facebook.com\/DINNUCSC","article_modified_time":"2023-10-16T00:28:19+00:00","og_image":[{"url":"https:\/\/sitios.ucsc.cl\/investigacion\/wp-content\/uploads\/sites\/14\/2023\/10\/LAB_22_BANNER.png"}],"twitter_card":"summary","twitter_site":"@dinn_ucsc","twitter_misc":{"Tiempo de lectura":"4 minutos"},"schema":{"@context":"https:\/\/schema.org","@graph":[{"@type":"WebSite","@id":"https:\/\/dinn.ucsc.cl\/#website","url":"https:\/\/dinn.ucsc.cl\/","name":"Direcci\u00f3n de Innovaci\u00f3n UCSC","description":"Direcci\u00f3n de Innovaci\u00f3n","potentialAction":[{"@type":"SearchAction","target":{"@type":"EntryPoint","urlTemplate":"https:\/\/dinn.ucsc.cl\/?s={search_term_string}"},"query-input":"required name=search_term_string"}],"inLanguage":"es"},{"@type":"ImageObject","inLanguage":"es","@id":"https:\/\/dinn.ucsc.cl\/index.php\/laboratorio-de-hidraulica-fluvial-y-costera\/#primaryimage","url":"https:\/\/sitios.ucsc.cl\/investigacion\/wp-content\/uploads\/sites\/14\/2023\/10\/LAB_22_BANNER.png","contentUrl":"https:\/\/sitios.ucsc.cl\/investigacion\/wp-content\/uploads\/sites\/14\/2023\/10\/LAB_22_BANNER.png"},{"@type":"WebPage","@id":"https:\/\/dinn.ucsc.cl\/index.php\/laboratorio-de-hidraulica-fluvial-y-costera\/#webpage","url":"https:\/\/dinn.ucsc.cl\/index.php\/laboratorio-de-hidraulica-fluvial-y-costera\/","name":"Laboratorio de Hidr\u00e1ulica Fluvial y Costera -","isPartOf":{"@id":"https:\/\/dinn.ucsc.cl\/#website"},"primaryImageOfPage":{"@id":"https:\/\/dinn.ucsc.cl\/index.php\/laboratorio-de-hidraulica-fluvial-y-costera\/#primaryimage"},"datePublished":"2023-10-16T00:26:26+00:00","dateModified":"2023-10-16T00:28:19+00:00","breadcrumb":{"@id":"https:\/\/dinn.ucsc.cl\/index.php\/laboratorio-de-hidraulica-fluvial-y-costera\/#breadcrumb"},"inLanguage":"es","potentialAction":[{"@type":"ReadAction","target":["https:\/\/dinn.ucsc.cl\/index.php\/laboratorio-de-hidraulica-fluvial-y-costera\/"]}]},{"@type":"BreadcrumbList","@id":"https:\/\/dinn.ucsc.cl\/index.php\/laboratorio-de-hidraulica-fluvial-y-costera\/#breadcrumb","itemListElement":[{"@type":"ListItem","position":1,"name":"Inicio","item":"https:\/\/dinn.ucsc.cl\/"},{"@type":"ListItem","position":2,"name":"Laboratorio de Hidr\u00e1ulica Fluvial y Costera"}]}]}},"_links":{"self":[{"href":"https:\/\/dinn.ucsc.cl\/index.php\/wp-json\/wp\/v2\/pages\/5510"}],"collection":[{"href":"https:\/\/dinn.ucsc.cl\/index.php\/wp-json\/wp\/v2\/pages"}],"about":[{"href":"https:\/\/dinn.ucsc.cl\/index.php\/wp-json\/wp\/v2\/types\/page"}],"author":[{"embeddable":true,"href":"https:\/\/dinn.ucsc.cl\/index.php\/wp-json\/wp\/v2\/users\/84"}],"replies":[{"embeddable":true,"href":"https:\/\/dinn.ucsc.cl\/index.php\/wp-json\/wp\/v2\/comments?post=5510"}],"version-history":[{"count":4,"href":"https:\/\/dinn.ucsc.cl\/index.php\/wp-json\/wp\/v2\/pages\/5510\/revisions"}],"predecessor-version":[{"id":5516,"href":"https:\/\/dinn.ucsc.cl\/index.php\/wp-json\/wp\/v2\/pages\/5510\/revisions\/5516"}],"wp:attachment":[{"href":"https:\/\/dinn.ucsc.cl\/index.php\/wp-json\/wp\/v2\/media?parent=5510"}],"curies":[{"name":"wp","href":"https:\/\/api.w.org\/{rel}","templated":true}]}}