{"id":5526,"date":"2023-11-07T01:06:21","date_gmt":"2023-11-07T04:06:21","guid":{"rendered":"https:\/\/dinn.ucsc.cl\/?page_id=5526"},"modified":"2023-11-07T01:13:31","modified_gmt":"2023-11-07T04:13:31","slug":"capsulas-digitales-para-usabilidad-de-redes-sociales-por-personas-mayores","status":"publish","type":"page","link":"https:\/\/dinn.ucsc.cl\/index.php\/capsulas-digitales-para-usabilidad-de-redes-sociales-por-personas-mayores\/","title":{"rendered":"C\u00e1psulas digitales para usabilidad de redes sociales por personas mayores"},"content":{"rendered":"<table class=\" alignleft\" style=\"height: 971px\">\n<tbody>\n<tr style=\"height: 153px\">\n<td style=\"width: 741px;height: 153px\" colspan=\"4\"><img loading=\"lazy\" class=\"aligncenter wp-image-5527 size-full\" src=\"https:\/\/dinn.ucsc.cl\/wp-content\/uploads\/sites\/14\/2023\/11\/OTT_DDA_1_2023-e1699330231369.png\" alt=\"\" width=\"839\" height=\"171\" \/><\/td>\n<\/tr>\n<tr style=\"height: 181px\">\n<td style=\"width: 63px;height: 181px\"><\/td>\n<td style=\"width: 72px;height: 181px\"><a href=\"https:\/\/sitios.ucsc.cl\/ott\/wp-content\/uploads\/sites\/15\/2022\/06\/OTT_DDA_1.png\"><img loading=\"lazy\" class=\"aligncenter size-full wp-image-2175\" src=\"https:\/\/sitios.ucsc.cl\/ott\/wp-content\/uploads\/sites\/15\/2022\/06\/OTT_DDA_1.png\" alt=\"\" width=\"50\" height=\"50\" \/><\/a><\/td>\n<td style=\"width: 603px;height: 181px\">\n<h3>Tecnolog\u00eda desarrollada<\/h3>\n<p>Las c\u00e1psulas digitales consisten en videogramas de entrenamiento y acompa\u00f1amiento en el uso de aplicaciones m\u00f3viles. Se presentan en formato de c\u00e1psulas informativas y han sido desarrolladas para equipos de salud que trabajan con personas mayores autovalentes, en el contexto de la atenci\u00f3n y el apoyo de salud durante la pandemia por COVID-19.<\/td>\n<td style=\"width: 3px;height: 181px\">\n<h3><\/h3>\n<\/td>\n<\/tr>\n<tr style=\"height: 156px\">\n<td style=\"width: 63px;height: 156px\"><\/td>\n<td style=\"width: 72px;height: 156px\"><a href=\"https:\/\/sitios.ucsc.cl\/ott\/wp-content\/uploads\/sites\/15\/2022\/06\/OTT_DDA_2.png\"><img loading=\"lazy\" class=\"aligncenter size-full wp-image-2176\" src=\"https:\/\/sitios.ucsc.cl\/ott\/wp-content\/uploads\/sites\/15\/2022\/06\/OTT_DDA_2.png\" alt=\"\" width=\"50\" height=\"50\" \/><\/a><\/td>\n<td style=\"width: 603px;height: 156px\">\n<h3>Beneficios \/ Ventajas<\/h3>\n<p>\u2022 Mayor autonom\u00eda de personas mayores en la comprensi\u00f3n y aprendizaje de aplicaciones m\u00f3viles.<br \/>\n\u2022 Fortalece las relaciones habituales del adulto mayor.<br \/>\n\u2022 Disminuye el confinamiento social del adulto mayor.<\/td>\n<td style=\"width: 3px;height: 156px\"><\/td>\n<\/tr>\n<tr style=\"height: 104px\">\n<td style=\"width: 63px;height: 104px\"><\/td>\n<td style=\"width: 72px;height: 104px\"><a href=\"https:\/\/sitios.ucsc.cl\/ott\/wp-content\/uploads\/sites\/15\/2022\/06\/OTT_DDA_3.png\"><img loading=\"lazy\" class=\"aligncenter size-full wp-image-2177\" src=\"https:\/\/sitios.ucsc.cl\/ott\/wp-content\/uploads\/sites\/15\/2022\/06\/OTT_DDA_3.png\" alt=\"\" width=\"50\" height=\"50\" \/><\/a><\/td>\n<td style=\"width: 603px;height: 104px\">\n<h3>Usos \/ Aplicaciones<\/h3>\n<p>Las c\u00e1psulas digitales permiten capacitar adultos mayores en el uso de aplicaciones m\u00f3viles, tales como: Facebook, Instagram, WhatsApp y Gmail.<\/td>\n<td style=\"width: 3px;height: 104px\"><\/td>\n<\/tr>\n<tr style=\"height: 79px\">\n<td style=\"width: 63px;height: 79px\"><\/td>\n<td style=\"width: 72px;height: 79px\"><a href=\"https:\/\/sitios.ucsc.cl\/ott\/wp-content\/uploads\/sites\/15\/2022\/06\/OTT_DDA_4.png\"><img loading=\"lazy\" class=\"aligncenter size-full wp-image-2178\" src=\"https:\/\/sitios.ucsc.cl\/ott\/wp-content\/uploads\/sites\/15\/2022\/06\/OTT_DDA_4.png\" alt=\"\" width=\"50\" height=\"50\" \/><\/a><\/td>\n<td style=\"width: 603px;height: 79px\">\n<h3>Oferta tecnol\u00f3gica<\/h3>\n<p>Disponible para licenciamiento.<\/td>\n<td style=\"width: 3px;height: 79px\"><\/td>\n<\/tr>\n<tr style=\"height: 79px\">\n<td style=\"width: 63px;height: 79px\"><\/td>\n<td style=\"width: 72px;height: 79px\"><a href=\"https:\/\/sitios.ucsc.cl\/ott\/wp-content\/uploads\/sites\/15\/2022\/06\/OTT_DDA_5.png\"><img loading=\"lazy\" class=\"aligncenter size-full wp-image-2179\" src=\"https:\/\/sitios.ucsc.cl\/ott\/wp-content\/uploads\/sites\/15\/2022\/06\/OTT_DDA_5.png\" alt=\"\" width=\"50\" height=\"50\" \/><\/a><\/td>\n<td style=\"width: 603px;height: 79px\">\n<h3>Propiedad intelectual<\/h3>\n<p>Registro Derecho de Autor: 2021-A-6993<\/td>\n<td style=\"width: 3px;height: 79px\"><\/td>\n<\/tr>\n<tr style=\"height: 104px\">\n<td style=\"width: 63px;height: 104px\"><\/td>\n<td style=\"width: 72px;height: 104px\"><a href=\"https:\/\/sitios.ucsc.cl\/ott\/wp-content\/uploads\/sites\/15\/2022\/06\/OTT_DDA_6.png\"><img loading=\"lazy\" class=\"size-full wp-image-2180 aligncenter\" src=\"https:\/\/sitios.ucsc.cl\/ott\/wp-content\/uploads\/sites\/15\/2022\/06\/OTT_DDA_6.png\" alt=\"\" width=\"50\" height=\"50\" \/><\/a><\/td>\n<td style=\"width: 603px;height: 104px\">\n<h3>Investigador principal<\/h3>\n<p>Ver\u00f3nica G\u00f3mez Fern\u00e1ndez, Facultad de Comunicaci\u00f3n, Historia y Ciencias Sociales.<br \/>\nCarolina Monsalve Reyes, Facultad de Comunicaci\u00f3n, Historia y Ciencias Sociales.<\/td>\n<td style=\"width: 3px;height: 104px\"><\/td>\n<\/tr>\n<tr style=\"height: 115px\">\n<td style=\"width: 63px;height: 115px\"><\/td>\n<td style=\"width: 675px;height: 115px\" colspan=\"2\">&nbsp;<\/p>\n<p><a href=\"https:\/\/dinn.ucsc.cl\/wp-content\/uploads\/sites\/14\/2023\/11\/OTT_DDA_1_2023.pdf\"><img loading=\"lazy\" class=\"aligncenter wp-image-2220 size-medium\" src=\"https:\/\/sitios.ucsc.cl\/ott\/wp-content\/uploads\/sites\/15\/2022\/06\/Bot\u00f3n-descarga-300x61.png\" alt=\"\" width=\"300\" height=\"61\" \/><\/a><\/td>\n<\/tr>\n<\/tbody>\n<\/table>\n","protected":false},"excerpt":{"rendered":"<p>Tecnolog\u00eda desarrollada Las c\u00e1psulas digitales consisten en videogramas de entrenamiento y acompa\u00f1amiento en el uso de aplicaciones m\u00f3viles. Se presentan en formato de c\u00e1psulas informativas y han sido desarrolladas para equipos de salud que trabajan con personas mayores autovalentes, en el contexto de la atenci\u00f3n y el apoyo de salud durante la pandemia por COVID-19. [&hellip;]<\/p>\n","protected":false},"author":84,"featured_media":0,"parent":0,"menu_order":0,"comment_status":"closed","ping_status":"closed","template":"","meta":[],"yoast_head":"<!-- This site is optimized with the Yoast SEO plugin v18.9 - https:\/\/yoast.com\/wordpress\/plugins\/seo\/ -->\n<title>C\u00e1psulas digitales para usabilidad de redes sociales por personas mayores -<\/title>\n<meta name=\"robots\" content=\"index, follow, max-snippet:-1, max-image-preview:large, max-video-preview:-1\" \/>\n<link rel=\"canonical\" href=\"https:\/\/dinn.ucsc.cl\/index.php\/capsulas-digitales-para-usabilidad-de-redes-sociales-por-personas-mayores\/\" \/>\n<meta property=\"og:locale\" content=\"es_ES\" \/>\n<meta property=\"og:type\" content=\"article\" \/>\n<meta property=\"og:title\" content=\"C\u00e1psulas digitales para usabilidad de redes sociales por personas mayores -\" \/>\n<meta property=\"og:description\" content=\"Tecnolog\u00eda desarrollada Las c\u00e1psulas digitales consisten en videogramas de entrenamiento y acompa\u00f1amiento en el uso de aplicaciones m\u00f3viles. Se presentan en formato de c\u00e1psulas informativas y han sido desarrolladas para equipos de salud que trabajan con personas mayores autovalentes, en el contexto de la atenci\u00f3n y el apoyo de salud durante la pandemia por COVID-19. [&hellip;]\" \/>\n<meta property=\"og:url\" content=\"https:\/\/dinn.ucsc.cl\/index.php\/capsulas-digitales-para-usabilidad-de-redes-sociales-por-personas-mayores\/\" \/>\n<meta property=\"article:publisher\" content=\"https:\/\/m.facebook.com\/DINNUCSC\" \/>\n<meta property=\"article:modified_time\" content=\"2023-11-07T04:13:31+00:00\" \/>\n<meta property=\"og:image\" content=\"https:\/\/sitios.ucsc.cl\/investigacion\/wp-content\/uploads\/sites\/14\/2023\/11\/OTT_DDA_1_2023-e1699330231369.png\" \/>\n<meta name=\"twitter:card\" content=\"summary\" \/>\n<meta name=\"twitter:site\" content=\"@dinn_ucsc\" \/>\n<meta name=\"twitter:label1\" content=\"Tiempo de lectura\" \/>\n\t<meta name=\"twitter:data1\" content=\"1 minuto\" \/>\n<script type=\"application\/ld+json\" class=\"yoast-schema-graph\">{\"@context\":\"https:\/\/schema.org\",\"@graph\":[{\"@type\":\"WebSite\",\"@id\":\"https:\/\/dinn.ucsc.cl\/#website\",\"url\":\"https:\/\/dinn.ucsc.cl\/\",\"name\":\"Direcci\u00f3n de Innovaci\u00f3n UCSC\",\"description\":\"Direcci\u00f3n de Innovaci\u00f3n\",\"potentialAction\":[{\"@type\":\"SearchAction\",\"target\":{\"@type\":\"EntryPoint\",\"urlTemplate\":\"https:\/\/dinn.ucsc.cl\/?s={search_term_string}\"},\"query-input\":\"required name=search_term_string\"}],\"inLanguage\":\"es\"},{\"@type\":\"ImageObject\",\"inLanguage\":\"es\",\"@id\":\"https:\/\/dinn.ucsc.cl\/index.php\/capsulas-digitales-para-usabilidad-de-redes-sociales-por-personas-mayores\/#primaryimage\",\"url\":\"https:\/\/sitios.ucsc.cl\/investigacion\/wp-content\/uploads\/sites\/14\/2023\/11\/OTT_DDA_1_2023-e1699330231369.png\",\"contentUrl\":\"https:\/\/sitios.ucsc.cl\/investigacion\/wp-content\/uploads\/sites\/14\/2023\/11\/OTT_DDA_1_2023-e1699330231369.png\"},{\"@type\":\"WebPage\",\"@id\":\"https:\/\/dinn.ucsc.cl\/index.php\/capsulas-digitales-para-usabilidad-de-redes-sociales-por-personas-mayores\/#webpage\",\"url\":\"https:\/\/dinn.ucsc.cl\/index.php\/capsulas-digitales-para-usabilidad-de-redes-sociales-por-personas-mayores\/\",\"name\":\"C\u00e1psulas digitales para usabilidad de redes sociales por personas mayores -\",\"isPartOf\":{\"@id\":\"https:\/\/dinn.ucsc.cl\/#website\"},\"primaryImageOfPage\":{\"@id\":\"https:\/\/dinn.ucsc.cl\/index.php\/capsulas-digitales-para-usabilidad-de-redes-sociales-por-personas-mayores\/#primaryimage\"},\"datePublished\":\"2023-11-07T04:06:21+00:00\",\"dateModified\":\"2023-11-07T04:13:31+00:00\",\"breadcrumb\":{\"@id\":\"https:\/\/dinn.ucsc.cl\/index.php\/capsulas-digitales-para-usabilidad-de-redes-sociales-por-personas-mayores\/#breadcrumb\"},\"inLanguage\":\"es\",\"potentialAction\":[{\"@type\":\"ReadAction\",\"target\":[\"https:\/\/dinn.ucsc.cl\/index.php\/capsulas-digitales-para-usabilidad-de-redes-sociales-por-personas-mayores\/\"]}]},{\"@type\":\"BreadcrumbList\",\"@id\":\"https:\/\/dinn.ucsc.cl\/index.php\/capsulas-digitales-para-usabilidad-de-redes-sociales-por-personas-mayores\/#breadcrumb\",\"itemListElement\":[{\"@type\":\"ListItem\",\"position\":1,\"name\":\"Inicio\",\"item\":\"https:\/\/dinn.ucsc.cl\/\"},{\"@type\":\"ListItem\",\"position\":2,\"name\":\"C\u00e1psulas digitales para usabilidad de redes sociales por personas mayores\"}]}]}<\/script>\n<!-- \/ Yoast SEO plugin. -->","yoast_head_json":{"title":"C\u00e1psulas digitales para usabilidad de redes sociales por personas mayores -","robots":{"index":"index","follow":"follow","max-snippet":"max-snippet:-1","max-image-preview":"max-image-preview:large","max-video-preview":"max-video-preview:-1"},"canonical":"https:\/\/dinn.ucsc.cl\/index.php\/capsulas-digitales-para-usabilidad-de-redes-sociales-por-personas-mayores\/","og_locale":"es_ES","og_type":"article","og_title":"C\u00e1psulas digitales para usabilidad de redes sociales por personas mayores -","og_description":"Tecnolog\u00eda desarrollada Las c\u00e1psulas digitales consisten en videogramas de entrenamiento y acompa\u00f1amiento en el uso de aplicaciones m\u00f3viles. Se presentan en formato de c\u00e1psulas informativas y han sido desarrolladas para equipos de salud que trabajan con personas mayores autovalentes, en el contexto de la atenci\u00f3n y el apoyo de salud durante la pandemia por COVID-19. [&hellip;]","og_url":"https:\/\/dinn.ucsc.cl\/index.php\/capsulas-digitales-para-usabilidad-de-redes-sociales-por-personas-mayores\/","article_publisher":"https:\/\/m.facebook.com\/DINNUCSC","article_modified_time":"2023-11-07T04:13:31+00:00","og_image":[{"url":"https:\/\/sitios.ucsc.cl\/investigacion\/wp-content\/uploads\/sites\/14\/2023\/11\/OTT_DDA_1_2023-e1699330231369.png"}],"twitter_card":"summary","twitter_site":"@dinn_ucsc","twitter_misc":{"Tiempo de lectura":"1 minuto"},"schema":{"@context":"https:\/\/schema.org","@graph":[{"@type":"WebSite","@id":"https:\/\/dinn.ucsc.cl\/#website","url":"https:\/\/dinn.ucsc.cl\/","name":"Direcci\u00f3n de Innovaci\u00f3n UCSC","description":"Direcci\u00f3n de Innovaci\u00f3n","potentialAction":[{"@type":"SearchAction","target":{"@type":"EntryPoint","urlTemplate":"https:\/\/dinn.ucsc.cl\/?s={search_term_string}"},"query-input":"required name=search_term_string"}],"inLanguage":"es"},{"@type":"ImageObject","inLanguage":"es","@id":"https:\/\/dinn.ucsc.cl\/index.php\/capsulas-digitales-para-usabilidad-de-redes-sociales-por-personas-mayores\/#primaryimage","url":"https:\/\/sitios.ucsc.cl\/investigacion\/wp-content\/uploads\/sites\/14\/2023\/11\/OTT_DDA_1_2023-e1699330231369.png","contentUrl":"https:\/\/sitios.ucsc.cl\/investigacion\/wp-content\/uploads\/sites\/14\/2023\/11\/OTT_DDA_1_2023-e1699330231369.png"},{"@type":"WebPage","@id":"https:\/\/dinn.ucsc.cl\/index.php\/capsulas-digitales-para-usabilidad-de-redes-sociales-por-personas-mayores\/#webpage","url":"https:\/\/dinn.ucsc.cl\/index.php\/capsulas-digitales-para-usabilidad-de-redes-sociales-por-personas-mayores\/","name":"C\u00e1psulas digitales para usabilidad de redes sociales por personas mayores -","isPartOf":{"@id":"https:\/\/dinn.ucsc.cl\/#website"},"primaryImageOfPage":{"@id":"https:\/\/dinn.ucsc.cl\/index.php\/capsulas-digitales-para-usabilidad-de-redes-sociales-por-personas-mayores\/#primaryimage"},"datePublished":"2023-11-07T04:06:21+00:00","dateModified":"2023-11-07T04:13:31+00:00","breadcrumb":{"@id":"https:\/\/dinn.ucsc.cl\/index.php\/capsulas-digitales-para-usabilidad-de-redes-sociales-por-personas-mayores\/#breadcrumb"},"inLanguage":"es","potentialAction":[{"@type":"ReadAction","target":["https:\/\/dinn.ucsc.cl\/index.php\/capsulas-digitales-para-usabilidad-de-redes-sociales-por-personas-mayores\/"]}]},{"@type":"BreadcrumbList","@id":"https:\/\/dinn.ucsc.cl\/index.php\/capsulas-digitales-para-usabilidad-de-redes-sociales-por-personas-mayores\/#breadcrumb","itemListElement":[{"@type":"ListItem","position":1,"name":"Inicio","item":"https:\/\/dinn.ucsc.cl\/"},{"@type":"ListItem","position":2,"name":"C\u00e1psulas digitales para usabilidad de redes sociales por personas mayores"}]}]}},"_links":{"self":[{"href":"https:\/\/dinn.ucsc.cl\/index.php\/wp-json\/wp\/v2\/pages\/5526"}],"collection":[{"href":"https:\/\/dinn.ucsc.cl\/index.php\/wp-json\/wp\/v2\/pages"}],"about":[{"href":"https:\/\/dinn.ucsc.cl\/index.php\/wp-json\/wp\/v2\/types\/page"}],"author":[{"embeddable":true,"href":"https:\/\/dinn.ucsc.cl\/index.php\/wp-json\/wp\/v2\/users\/84"}],"replies":[{"embeddable":true,"href":"https:\/\/dinn.ucsc.cl\/index.php\/wp-json\/wp\/v2\/comments?post=5526"}],"version-history":[{"count":3,"href":"https:\/\/dinn.ucsc.cl\/index.php\/wp-json\/wp\/v2\/pages\/5526\/revisions"}],"predecessor-version":[{"id":5535,"href":"https:\/\/dinn.ucsc.cl\/index.php\/wp-json\/wp\/v2\/pages\/5526\/revisions\/5535"}],"wp:attachment":[{"href":"https:\/\/dinn.ucsc.cl\/index.php\/wp-json\/wp\/v2\/media?parent=5526"}],"curies":[{"name":"wp","href":"https:\/\/api.w.org\/{rel}","templated":true}]}}