{"id":5553,"date":"2023-11-07T01:57:12","date_gmt":"2023-11-07T04:57:12","guid":{"rendered":"https:\/\/dinn.ucsc.cl\/?page_id=5553"},"modified":"2023-11-07T01:59:04","modified_gmt":"2023-11-07T04:59:04","slug":"metodologia-de-optimizacion-para-planchas-de-yeso-carton-y-perfiles-metalcon-para-departamentos","status":"publish","type":"page","link":"https:\/\/dinn.ucsc.cl\/index.php\/metodologia-de-optimizacion-para-planchas-de-yeso-carton-y-perfiles-metalcon-para-departamentos\/","title":{"rendered":"Metodolog\u00eda de optimizaci\u00f3n para planchas de yeso cart\u00f3n y perfiles metalcon para departamentos"},"content":{"rendered":"<table class=\" alignleft\" style=\"height: 971px;width: 748px\">\n<tbody>\n<tr style=\"height: 153px\">\n<td style=\"width: 747.2px;height: 153px\" colspan=\"4\"><img loading=\"lazy\" class=\"aligncenter wp-image-5555\" src=\"https:\/\/dinn.ucsc.cl\/wp-content\/uploads\/sites\/14\/2023\/11\/OTT_DDA_4_2023.png\" alt=\"\" width=\"839\" height=\"171\" srcset=\"https:\/\/dinn.ucsc.cl\/wp-content\/uploads\/sites\/14\/2023\/11\/OTT_DDA_4_2023.png 1080w, https:\/\/dinn.ucsc.cl\/wp-content\/uploads\/sites\/14\/2023\/11\/OTT_DDA_4_2023-300x61.png 300w, https:\/\/dinn.ucsc.cl\/wp-content\/uploads\/sites\/14\/2023\/11\/OTT_DDA_4_2023-1024x209.png 1024w, https:\/\/dinn.ucsc.cl\/wp-content\/uploads\/sites\/14\/2023\/11\/OTT_DDA_4_2023-768x156.png 768w, https:\/\/dinn.ucsc.cl\/wp-content\/uploads\/sites\/14\/2023\/11\/OTT_DDA_4_2023-200x41.png 200w\" sizes=\"(max-width: 839px) 100vw, 839px\" \/><\/td>\n<\/tr>\n<tr style=\"height: 181px\">\n<td style=\"width: 9.025px;height: 181px\"><\/td>\n<td style=\"width: 65.1875px;height: 181px\"><a href=\"https:\/\/sitios.ucsc.cl\/ott\/wp-content\/uploads\/sites\/15\/2022\/06\/OTT_DDA_1.png\"><img loading=\"lazy\" class=\"aligncenter size-full wp-image-2175\" src=\"https:\/\/sitios.ucsc.cl\/ott\/wp-content\/uploads\/sites\/15\/2022\/06\/OTT_DDA_1.png\" alt=\"\" width=\"50\" height=\"50\" \/><\/a><\/td>\n<td style=\"width: 654.925px;height: 181px\">\n<h3>Tecnolog\u00eda desarrollada<\/h3>\n<p style=\"text-align: justify\">El Manual tiene como finalidad resumir aquellos conceptos asociados al Dise\u00f1o Universal para el Aprendizaje (DUA) y desglose de planificaci\u00f3n para la Formaci\u00f3n Inicial Docente (FID) desde el nuevo curr\u00edculum para la Educaci\u00f3n Religiosa. El DUA es un enfoque de ense\u00f1anza aprendizaje que nace como respuesta a la diversidad, considerando que todos los estudiantes, independiente de sus caracter\u00edsticas personales, deben tener las mismas oportunidades para aprender. Para ello, plantea un cambio de paradigma respecto al derecho que cada individuo tiene para participar y progresar en la escuela, minimizando las barreras para el aprendizaje existente en los curr\u00edculums tradicionales.<\/p>\n<\/td>\n<td style=\"width: 18.0625px;height: 181px\">\n<h3><\/h3>\n<\/td>\n<\/tr>\n<tr style=\"height: 156px\">\n<td style=\"width: 9.025px;height: 156px\"><\/td>\n<td style=\"width: 65.1875px;height: 156px\"><a href=\"https:\/\/sitios.ucsc.cl\/ott\/wp-content\/uploads\/sites\/15\/2022\/06\/OTT_DDA_2.png\"><img loading=\"lazy\" class=\"aligncenter size-full wp-image-2176\" src=\"https:\/\/sitios.ucsc.cl\/ott\/wp-content\/uploads\/sites\/15\/2022\/06\/OTT_DDA_2.png\" alt=\"\" width=\"50\" height=\"50\" \/><\/a><\/td>\n<td style=\"width: 654.925px;height: 156px\">\n<h3>Beneficios \/ Ventajas<\/h3>\n<p>\u2022 Permite identificar, durante todo el proceso de dise\u00f1o y construcci\u00f3n, el momento en donde se producen las causas del problema ligado a la creciente cantidad de desechos de construcci\u00f3n y costos de eliminaci\u00f3n.<br \/>\n\u2022 Disminuye las p\u00e9rdidas adicionales no consideradas en el presupuesto.<br \/>\n\u2022 Disminuye las p\u00e9rdidas consideradas en la cubicaci\u00f3n.<br \/>\n\u2022 Genera ahorros en materiales, mano de obra y equipos.<\/td>\n<td style=\"width: 18.0625px;height: 156px\"><\/td>\n<\/tr>\n<tr style=\"height: 104px\">\n<td style=\"width: 9.025px;height: 104px\"><\/td>\n<td style=\"width: 65.1875px;height: 104px\"><a href=\"https:\/\/sitios.ucsc.cl\/ott\/wp-content\/uploads\/sites\/15\/2022\/06\/OTT_DDA_3.png\"><img loading=\"lazy\" class=\"aligncenter size-full wp-image-2177\" src=\"https:\/\/sitios.ucsc.cl\/ott\/wp-content\/uploads\/sites\/15\/2022\/06\/OTT_DDA_3.png\" alt=\"\" width=\"50\" height=\"50\" \/><\/a><\/td>\n<td style=\"width: 654.925px;height: 104px\">\n<h3>Usos \/ Aplicaciones<\/h3>\n<p style=\"text-align: justify\">Procedimiento metodol\u00f3gico aplicado en la cuantificaci\u00f3n de las dimensiones f\u00edsicas de una obra de construcci\u00f3n, y en la optimizaci\u00f3n de planchas de yeso cart\u00f3n y perfiles metalcon para departamentos.<\/p>\n<\/td>\n<td style=\"width: 18.0625px;height: 104px\"><\/td>\n<\/tr>\n<tr style=\"height: 79px\">\n<td style=\"width: 9.025px;height: 79px\"><\/td>\n<td style=\"width: 65.1875px;height: 79px\"><a href=\"https:\/\/sitios.ucsc.cl\/ott\/wp-content\/uploads\/sites\/15\/2022\/06\/OTT_DDA_4.png\"><img loading=\"lazy\" class=\"aligncenter size-full wp-image-2178\" src=\"https:\/\/sitios.ucsc.cl\/ott\/wp-content\/uploads\/sites\/15\/2022\/06\/OTT_DDA_4.png\" alt=\"\" width=\"50\" height=\"50\" \/><\/a><\/td>\n<td style=\"width: 654.925px;height: 79px\">\n<h3>Oferta tecnol\u00f3gica<\/h3>\n<p>Disponible para licenciamiento.<\/td>\n<td style=\"width: 18.0625px;height: 79px\"><\/td>\n<\/tr>\n<tr style=\"height: 79px\">\n<td style=\"width: 9.025px;height: 79px\"><\/td>\n<td style=\"width: 65.1875px;height: 79px\"><a href=\"https:\/\/sitios.ucsc.cl\/ott\/wp-content\/uploads\/sites\/15\/2022\/06\/OTT_DDA_5.png\"><img loading=\"lazy\" class=\"aligncenter size-full wp-image-2179\" src=\"https:\/\/sitios.ucsc.cl\/ott\/wp-content\/uploads\/sites\/15\/2022\/06\/OTT_DDA_5.png\" alt=\"\" width=\"50\" height=\"50\" \/><\/a><\/td>\n<td style=\"width: 654.925px;height: 79px\">\n<h3>Propiedad intelectual<\/h3>\n<p>Registro Derecho de Autor: 2022-A-8155<\/td>\n<td style=\"width: 18.0625px;height: 79px\"><\/td>\n<\/tr>\n<tr style=\"height: 104px\">\n<td style=\"width: 9.025px;height: 104px\"><\/td>\n<td style=\"width: 65.1875px;height: 104px\"><a href=\"https:\/\/sitios.ucsc.cl\/ott\/wp-content\/uploads\/sites\/15\/2022\/06\/OTT_DDA_6.png\"><img loading=\"lazy\" class=\"size-full wp-image-2180 aligncenter\" src=\"https:\/\/sitios.ucsc.cl\/ott\/wp-content\/uploads\/sites\/15\/2022\/06\/OTT_DDA_6.png\" alt=\"\" width=\"50\" height=\"50\" \/><\/a><\/td>\n<td style=\"width: 654.925px;height: 104px\">\n<h3>Investigador principal<\/h3>\n<p>Guillermo Bustamante Laissle, Facultad de Ingenier\u00eda.<br \/>\nRam\u00f3n Lagos Olate, Facultad de Ingenier\u00eda.<\/td>\n<td style=\"width: 18.0625px;height: 104px\"><\/td>\n<\/tr>\n<tr style=\"height: 115px\">\n<td style=\"width: 9.025px;height: 115px\"><\/td>\n<td style=\"width: 720.112px;height: 115px\" colspan=\"2\">&nbsp;<\/p>\n<p><a href=\"https:\/\/dinn.ucsc.cl\/wp-content\/uploads\/sites\/14\/2023\/11\/OTT_DDA_4_2023.pdf\"><img loading=\"lazy\" class=\"aligncenter wp-image-2220 size-medium\" src=\"https:\/\/sitios.ucsc.cl\/ott\/wp-content\/uploads\/sites\/15\/2022\/06\/Bot\u00f3n-descarga-300x61.png\" alt=\"\" width=\"300\" height=\"61\" \/><\/a><\/td>\n<\/tr>\n<\/tbody>\n<\/table>\n","protected":false},"excerpt":{"rendered":"<p>Tecnolog\u00eda desarrollada El Manual tiene como finalidad resumir aquellos conceptos asociados al Dise\u00f1o Universal para el Aprendizaje (DUA) y desglose de planificaci\u00f3n para la Formaci\u00f3n Inicial Docente (FID) desde el nuevo curr\u00edculum para la Educaci\u00f3n Religiosa. El DUA es un enfoque de ense\u00f1anza aprendizaje que nace como respuesta a la diversidad, considerando que todos los [&hellip;]<\/p>\n","protected":false},"author":84,"featured_media":0,"parent":0,"menu_order":0,"comment_status":"closed","ping_status":"closed","template":"","meta":[],"yoast_head":"<!-- This site is optimized with the Yoast SEO plugin v18.9 - https:\/\/yoast.com\/wordpress\/plugins\/seo\/ -->\n<title>Metodolog\u00eda de optimizaci\u00f3n para planchas de yeso cart\u00f3n y perfiles metalcon para departamentos -<\/title>\n<meta name=\"robots\" content=\"index, follow, max-snippet:-1, max-image-preview:large, max-video-preview:-1\" \/>\n<link rel=\"canonical\" href=\"https:\/\/dinn.ucsc.cl\/index.php\/metodologia-de-optimizacion-para-planchas-de-yeso-carton-y-perfiles-metalcon-para-departamentos\/\" \/>\n<meta property=\"og:locale\" content=\"es_ES\" \/>\n<meta property=\"og:type\" content=\"article\" \/>\n<meta property=\"og:title\" content=\"Metodolog\u00eda de optimizaci\u00f3n para planchas de yeso cart\u00f3n y perfiles metalcon para departamentos -\" \/>\n<meta property=\"og:description\" content=\"Tecnolog\u00eda desarrollada El Manual tiene como finalidad resumir aquellos conceptos asociados al Dise\u00f1o Universal para el Aprendizaje (DUA) y desglose de planificaci\u00f3n para la Formaci\u00f3n Inicial Docente (FID) desde el nuevo curr\u00edculum para la Educaci\u00f3n Religiosa. El DUA es un enfoque de ense\u00f1anza aprendizaje que nace como respuesta a la diversidad, considerando que todos los [&hellip;]\" \/>\n<meta property=\"og:url\" content=\"https:\/\/dinn.ucsc.cl\/index.php\/metodologia-de-optimizacion-para-planchas-de-yeso-carton-y-perfiles-metalcon-para-departamentos\/\" \/>\n<meta property=\"article:publisher\" content=\"https:\/\/m.facebook.com\/DINNUCSC\" \/>\n<meta property=\"article:modified_time\" content=\"2023-11-07T04:59:04+00:00\" \/>\n<meta property=\"og:image\" content=\"https:\/\/sitios.ucsc.cl\/investigacion\/wp-content\/uploads\/sites\/14\/2023\/11\/OTT_DDA_4_2023.png\" \/>\n<meta name=\"twitter:card\" content=\"summary\" \/>\n<meta name=\"twitter:site\" content=\"@dinn_ucsc\" \/>\n<meta name=\"twitter:label1\" content=\"Tiempo de lectura\" \/>\n\t<meta name=\"twitter:data1\" content=\"1 minuto\" \/>\n<script type=\"application\/ld+json\" class=\"yoast-schema-graph\">{\"@context\":\"https:\/\/schema.org\",\"@graph\":[{\"@type\":\"WebSite\",\"@id\":\"https:\/\/dinn.ucsc.cl\/#website\",\"url\":\"https:\/\/dinn.ucsc.cl\/\",\"name\":\"Direcci\u00f3n de Innovaci\u00f3n UCSC\",\"description\":\"Direcci\u00f3n de Innovaci\u00f3n\",\"potentialAction\":[{\"@type\":\"SearchAction\",\"target\":{\"@type\":\"EntryPoint\",\"urlTemplate\":\"https:\/\/dinn.ucsc.cl\/?s={search_term_string}\"},\"query-input\":\"required name=search_term_string\"}],\"inLanguage\":\"es\"},{\"@type\":\"ImageObject\",\"inLanguage\":\"es\",\"@id\":\"https:\/\/dinn.ucsc.cl\/index.php\/metodologia-de-optimizacion-para-planchas-de-yeso-carton-y-perfiles-metalcon-para-departamentos\/#primaryimage\",\"url\":\"https:\/\/sitios.ucsc.cl\/investigacion\/wp-content\/uploads\/sites\/14\/2023\/11\/OTT_DDA_4_2023.png\",\"contentUrl\":\"https:\/\/sitios.ucsc.cl\/investigacion\/wp-content\/uploads\/sites\/14\/2023\/11\/OTT_DDA_4_2023.png\"},{\"@type\":\"WebPage\",\"@id\":\"https:\/\/dinn.ucsc.cl\/index.php\/metodologia-de-optimizacion-para-planchas-de-yeso-carton-y-perfiles-metalcon-para-departamentos\/#webpage\",\"url\":\"https:\/\/dinn.ucsc.cl\/index.php\/metodologia-de-optimizacion-para-planchas-de-yeso-carton-y-perfiles-metalcon-para-departamentos\/\",\"name\":\"Metodolog\u00eda de optimizaci\u00f3n para planchas de yeso cart\u00f3n y perfiles metalcon para departamentos -\",\"isPartOf\":{\"@id\":\"https:\/\/dinn.ucsc.cl\/#website\"},\"primaryImageOfPage\":{\"@id\":\"https:\/\/dinn.ucsc.cl\/index.php\/metodologia-de-optimizacion-para-planchas-de-yeso-carton-y-perfiles-metalcon-para-departamentos\/#primaryimage\"},\"datePublished\":\"2023-11-07T04:57:12+00:00\",\"dateModified\":\"2023-11-07T04:59:04+00:00\",\"breadcrumb\":{\"@id\":\"https:\/\/dinn.ucsc.cl\/index.php\/metodologia-de-optimizacion-para-planchas-de-yeso-carton-y-perfiles-metalcon-para-departamentos\/#breadcrumb\"},\"inLanguage\":\"es\",\"potentialAction\":[{\"@type\":\"ReadAction\",\"target\":[\"https:\/\/dinn.ucsc.cl\/index.php\/metodologia-de-optimizacion-para-planchas-de-yeso-carton-y-perfiles-metalcon-para-departamentos\/\"]}]},{\"@type\":\"BreadcrumbList\",\"@id\":\"https:\/\/dinn.ucsc.cl\/index.php\/metodologia-de-optimizacion-para-planchas-de-yeso-carton-y-perfiles-metalcon-para-departamentos\/#breadcrumb\",\"itemListElement\":[{\"@type\":\"ListItem\",\"position\":1,\"name\":\"Inicio\",\"item\":\"https:\/\/dinn.ucsc.cl\/\"},{\"@type\":\"ListItem\",\"position\":2,\"name\":\"Metodolog\u00eda de optimizaci\u00f3n para planchas de yeso cart\u00f3n y perfiles metalcon para departamentos\"}]}]}<\/script>\n<!-- \/ Yoast SEO plugin. -->","yoast_head_json":{"title":"Metodolog\u00eda de optimizaci\u00f3n para planchas de yeso cart\u00f3n y perfiles metalcon para departamentos -","robots":{"index":"index","follow":"follow","max-snippet":"max-snippet:-1","max-image-preview":"max-image-preview:large","max-video-preview":"max-video-preview:-1"},"canonical":"https:\/\/dinn.ucsc.cl\/index.php\/metodologia-de-optimizacion-para-planchas-de-yeso-carton-y-perfiles-metalcon-para-departamentos\/","og_locale":"es_ES","og_type":"article","og_title":"Metodolog\u00eda de optimizaci\u00f3n para planchas de yeso cart\u00f3n y perfiles metalcon para departamentos -","og_description":"Tecnolog\u00eda desarrollada El Manual tiene como finalidad resumir aquellos conceptos asociados al Dise\u00f1o Universal para el Aprendizaje (DUA) y desglose de planificaci\u00f3n para la Formaci\u00f3n Inicial Docente (FID) desde el nuevo curr\u00edculum para la Educaci\u00f3n Religiosa. El DUA es un enfoque de ense\u00f1anza aprendizaje que nace como respuesta a la diversidad, considerando que todos los [&hellip;]","og_url":"https:\/\/dinn.ucsc.cl\/index.php\/metodologia-de-optimizacion-para-planchas-de-yeso-carton-y-perfiles-metalcon-para-departamentos\/","article_publisher":"https:\/\/m.facebook.com\/DINNUCSC","article_modified_time":"2023-11-07T04:59:04+00:00","og_image":[{"url":"https:\/\/sitios.ucsc.cl\/investigacion\/wp-content\/uploads\/sites\/14\/2023\/11\/OTT_DDA_4_2023.png"}],"twitter_card":"summary","twitter_site":"@dinn_ucsc","twitter_misc":{"Tiempo de lectura":"1 minuto"},"schema":{"@context":"https:\/\/schema.org","@graph":[{"@type":"WebSite","@id":"https:\/\/dinn.ucsc.cl\/#website","url":"https:\/\/dinn.ucsc.cl\/","name":"Direcci\u00f3n de Innovaci\u00f3n UCSC","description":"Direcci\u00f3n de Innovaci\u00f3n","potentialAction":[{"@type":"SearchAction","target":{"@type":"EntryPoint","urlTemplate":"https:\/\/dinn.ucsc.cl\/?s={search_term_string}"},"query-input":"required name=search_term_string"}],"inLanguage":"es"},{"@type":"ImageObject","inLanguage":"es","@id":"https:\/\/dinn.ucsc.cl\/index.php\/metodologia-de-optimizacion-para-planchas-de-yeso-carton-y-perfiles-metalcon-para-departamentos\/#primaryimage","url":"https:\/\/sitios.ucsc.cl\/investigacion\/wp-content\/uploads\/sites\/14\/2023\/11\/OTT_DDA_4_2023.png","contentUrl":"https:\/\/sitios.ucsc.cl\/investigacion\/wp-content\/uploads\/sites\/14\/2023\/11\/OTT_DDA_4_2023.png"},{"@type":"WebPage","@id":"https:\/\/dinn.ucsc.cl\/index.php\/metodologia-de-optimizacion-para-planchas-de-yeso-carton-y-perfiles-metalcon-para-departamentos\/#webpage","url":"https:\/\/dinn.ucsc.cl\/index.php\/metodologia-de-optimizacion-para-planchas-de-yeso-carton-y-perfiles-metalcon-para-departamentos\/","name":"Metodolog\u00eda de optimizaci\u00f3n para planchas de yeso cart\u00f3n y perfiles metalcon para departamentos -","isPartOf":{"@id":"https:\/\/dinn.ucsc.cl\/#website"},"primaryImageOfPage":{"@id":"https:\/\/dinn.ucsc.cl\/index.php\/metodologia-de-optimizacion-para-planchas-de-yeso-carton-y-perfiles-metalcon-para-departamentos\/#primaryimage"},"datePublished":"2023-11-07T04:57:12+00:00","dateModified":"2023-11-07T04:59:04+00:00","breadcrumb":{"@id":"https:\/\/dinn.ucsc.cl\/index.php\/metodologia-de-optimizacion-para-planchas-de-yeso-carton-y-perfiles-metalcon-para-departamentos\/#breadcrumb"},"inLanguage":"es","potentialAction":[{"@type":"ReadAction","target":["https:\/\/dinn.ucsc.cl\/index.php\/metodologia-de-optimizacion-para-planchas-de-yeso-carton-y-perfiles-metalcon-para-departamentos\/"]}]},{"@type":"BreadcrumbList","@id":"https:\/\/dinn.ucsc.cl\/index.php\/metodologia-de-optimizacion-para-planchas-de-yeso-carton-y-perfiles-metalcon-para-departamentos\/#breadcrumb","itemListElement":[{"@type":"ListItem","position":1,"name":"Inicio","item":"https:\/\/dinn.ucsc.cl\/"},{"@type":"ListItem","position":2,"name":"Metodolog\u00eda de optimizaci\u00f3n para planchas de yeso cart\u00f3n y perfiles metalcon para departamentos"}]}]}},"_links":{"self":[{"href":"https:\/\/dinn.ucsc.cl\/index.php\/wp-json\/wp\/v2\/pages\/5553"}],"collection":[{"href":"https:\/\/dinn.ucsc.cl\/index.php\/wp-json\/wp\/v2\/pages"}],"about":[{"href":"https:\/\/dinn.ucsc.cl\/index.php\/wp-json\/wp\/v2\/types\/page"}],"author":[{"embeddable":true,"href":"https:\/\/dinn.ucsc.cl\/index.php\/wp-json\/wp\/v2\/users\/84"}],"replies":[{"embeddable":true,"href":"https:\/\/dinn.ucsc.cl\/index.php\/wp-json\/wp\/v2\/comments?post=5553"}],"version-history":[{"count":3,"href":"https:\/\/dinn.ucsc.cl\/index.php\/wp-json\/wp\/v2\/pages\/5553\/revisions"}],"predecessor-version":[{"id":5558,"href":"https:\/\/dinn.ucsc.cl\/index.php\/wp-json\/wp\/v2\/pages\/5553\/revisions\/5558"}],"wp:attachment":[{"href":"https:\/\/dinn.ucsc.cl\/index.php\/wp-json\/wp\/v2\/media?parent=5553"}],"curies":[{"name":"wp","href":"https:\/\/api.w.org\/{rel}","templated":true}]}}