{"id":5566,"date":"2023-11-07T02:25:42","date_gmt":"2023-11-07T05:25:42","guid":{"rendered":"https:\/\/dinn.ucsc.cl\/?page_id=5566"},"modified":"2023-11-07T02:27:21","modified_gmt":"2023-11-07T05:27:21","slug":"orientaciones-didacticas-realted-relaciones-de-alteridad-en-educacion-n1-y-n2","status":"publish","type":"page","link":"https:\/\/dinn.ucsc.cl\/index.php\/orientaciones-didacticas-realted-relaciones-de-alteridad-en-educacion-n1-y-n2\/","title":{"rendered":"Orientaciones did\u00e1cticas realted: Relaciones de alteridad en educaci\u00f3n N\u00b01 y N\u00b02"},"content":{"rendered":"<table class=\" alignleft\" style=\"height: 971px;width: 748px\">\n<tbody>\n<tr style=\"height: 153px\">\n<td style=\"width: 747.2px;height: 153px\" colspan=\"4\"><img loading=\"lazy\" class=\"aligncenter wp-image-5568\" src=\"https:\/\/dinn.ucsc.cl\/wp-content\/uploads\/sites\/14\/2023\/11\/OTT_DDA_6_2023.png\" alt=\"\" width=\"839\" height=\"171\" srcset=\"https:\/\/dinn.ucsc.cl\/wp-content\/uploads\/sites\/14\/2023\/11\/OTT_DDA_6_2023.png 1080w, https:\/\/dinn.ucsc.cl\/wp-content\/uploads\/sites\/14\/2023\/11\/OTT_DDA_6_2023-300x61.png 300w, https:\/\/dinn.ucsc.cl\/wp-content\/uploads\/sites\/14\/2023\/11\/OTT_DDA_6_2023-1024x209.png 1024w, https:\/\/dinn.ucsc.cl\/wp-content\/uploads\/sites\/14\/2023\/11\/OTT_DDA_6_2023-768x156.png 768w, https:\/\/dinn.ucsc.cl\/wp-content\/uploads\/sites\/14\/2023\/11\/OTT_DDA_6_2023-200x41.png 200w\" sizes=\"(max-width: 839px) 100vw, 839px\" \/><\/td>\n<\/tr>\n<tr style=\"height: 181px\">\n<td style=\"width: 9.025px;height: 181px\"><\/td>\n<td style=\"width: 65.1875px;height: 181px\"><a href=\"https:\/\/sitios.ucsc.cl\/ott\/wp-content\/uploads\/sites\/15\/2022\/06\/OTT_DDA_1.png\"><img loading=\"lazy\" class=\"aligncenter size-full wp-image-2175\" src=\"https:\/\/sitios.ucsc.cl\/ott\/wp-content\/uploads\/sites\/15\/2022\/06\/OTT_DDA_1.png\" alt=\"\" width=\"50\" height=\"50\" \/><\/a><\/td>\n<td style=\"width: 654.925px;height: 181px\">\n<h3>Tecnolog\u00eda desarrollada<\/h3>\n<p style=\"text-align: justify\">Recurso pedag\u00f3gico que permite movilizar saberes y experiencias en temas vinculados a inclusi\u00f3n, diversidad, interculturalidad, g\u00e9nero y ciudadan\u00eda para la Formaci\u00f3n Inicial Docente (FID) de la Facultad de Educaci\u00f3n de la Universidad Cat\u00f3lica de la Sant\u00edsima Concepci\u00f3n.<br \/>\nLas orientaciones did\u00e1cticas se organizan en los siguientes cuatro m\u00f3dulos:<br \/>\n\u2022 M\u00f3dulo 1: Filosof\u00eda de la alteridad y pedagog\u00eda relacional colaborativa.<br \/>\n\u2022 M\u00f3dulo 2: Experiencias pedag\u00f3gicas: Relaciones de alteridad en educaci\u00f3n.<br \/>\n\u2022 M\u00f3dulo 3: Saber encarnado: Mi experiencia significativa.<br \/>\n\u2022 M\u00f3dulo 4: Singularidades educativas en el contexto de la educaci\u00f3n intercultural e inclusiva.<br \/>\nCada m\u00f3dulo ofrece al docente una serie de actividades, entre las cuales se encuentran disparadores, talleres, foros, narrativas, coloquios, trabajos, lecturas y sitios web. Los m\u00f3dulos no responden necesariamente a una l\u00f3gica lineal secuencial, sino que pueden ir despleg\u00e1ndose de forma paralela o complementaria entre s\u00ed, seg\u00fan lo defina el docente considerando la mejor manera de articulaci\u00f3n con el syllabus.<\/p>\n<\/td>\n<td style=\"width: 18.0625px;height: 181px\">\n<h3><\/h3>\n<\/td>\n<\/tr>\n<tr style=\"height: 156px\">\n<td style=\"width: 9.025px;height: 156px\"><\/td>\n<td style=\"width: 65.1875px;height: 156px\"><a href=\"https:\/\/sitios.ucsc.cl\/ott\/wp-content\/uploads\/sites\/15\/2022\/06\/OTT_DDA_2.png\"><img loading=\"lazy\" class=\"aligncenter size-full wp-image-2176\" src=\"https:\/\/sitios.ucsc.cl\/ott\/wp-content\/uploads\/sites\/15\/2022\/06\/OTT_DDA_2.png\" alt=\"\" width=\"50\" height=\"50\" \/><\/a><\/td>\n<td style=\"width: 654.925px;height: 156px\">\n<h3>Beneficios \/ Ventajas<\/h3>\n<p style=\"text-align: justify\">\u2022 Se fundamenta en la filosof\u00eda de la alteridad y la pedagog\u00eda relacional colaborativa.<br \/>\n\u2022 Se centra en la experiencia educativa desde el encuentro y acogida de los Otros por medio de la escucha y el di\u00e1logo reflexivo.<br \/>\n\u2022 El material pedag\u00f3gico puede ser considerado en los syllabus de las asignaturas que han sido ajustadas curricularmente en las tem\u00e1ticas mencionadas.<br \/>\n\u2022 Las actividades propuestas en este recurso pueden ser abordadas de forma presencial o en modalidad virtual en plataforma EV@.<\/p>\n<\/td>\n<td style=\"width: 18.0625px;height: 156px\"><\/td>\n<\/tr>\n<tr style=\"height: 104px\">\n<td style=\"width: 9.025px;height: 104px\"><\/td>\n<td style=\"width: 65.1875px;height: 104px\"><a href=\"https:\/\/sitios.ucsc.cl\/ott\/wp-content\/uploads\/sites\/15\/2022\/06\/OTT_DDA_3.png\"><img loading=\"lazy\" class=\"aligncenter size-full wp-image-2177\" src=\"https:\/\/sitios.ucsc.cl\/ott\/wp-content\/uploads\/sites\/15\/2022\/06\/OTT_DDA_3.png\" alt=\"\" width=\"50\" height=\"50\" \/><\/a><\/td>\n<td style=\"width: 654.925px;height: 104px\">\n<h3>Usos \/ Aplicaciones<\/h3>\n<p style=\"text-align: justify\">Las orientaciones did\u00e1cticas REALTED pueden ser usadas por docentes que imparten asignaturas que incorporen tem\u00e1ticas de inclusi\u00f3n, diversidad, interculturalidad, g\u00e9nero y ciudadan\u00eda. Particularmente, puede ser aplicado por docentes que realizan actividades curriculares relacionadas a Inclusi\u00f3n en Contextos Educativos.<\/p>\n<\/td>\n<td style=\"width: 18.0625px;height: 104px\"><\/td>\n<\/tr>\n<tr style=\"height: 79px\">\n<td style=\"width: 9.025px;height: 79px\"><\/td>\n<td style=\"width: 65.1875px;height: 79px\"><a href=\"https:\/\/sitios.ucsc.cl\/ott\/wp-content\/uploads\/sites\/15\/2022\/06\/OTT_DDA_4.png\"><img loading=\"lazy\" class=\"aligncenter size-full wp-image-2178\" src=\"https:\/\/sitios.ucsc.cl\/ott\/wp-content\/uploads\/sites\/15\/2022\/06\/OTT_DDA_4.png\" alt=\"\" width=\"50\" height=\"50\" \/><\/a><\/td>\n<td style=\"width: 654.925px;height: 79px\">\n<h3>Oferta tecnol\u00f3gica<\/h3>\n<p>Disponible para licenciamiento.<\/td>\n<td style=\"width: 18.0625px;height: 79px\"><\/td>\n<\/tr>\n<tr style=\"height: 79px\">\n<td style=\"width: 9.025px;height: 79px\"><\/td>\n<td style=\"width: 65.1875px;height: 79px\"><a href=\"https:\/\/sitios.ucsc.cl\/ott\/wp-content\/uploads\/sites\/15\/2022\/06\/OTT_DDA_5.png\"><img loading=\"lazy\" class=\"aligncenter size-full wp-image-2179\" src=\"https:\/\/sitios.ucsc.cl\/ott\/wp-content\/uploads\/sites\/15\/2022\/06\/OTT_DDA_5.png\" alt=\"\" width=\"50\" height=\"50\" \/><\/a><\/td>\n<td style=\"width: 654.925px;height: 79px\">\n<h3>Propiedad intelectual<\/h3>\n<p>Registro Derecho de Autor: 2020-A-10367<\/td>\n<td style=\"width: 18.0625px;height: 79px\"><\/td>\n<\/tr>\n<tr style=\"height: 104px\">\n<td style=\"width: 9.025px;height: 104px\"><\/td>\n<td style=\"width: 65.1875px;height: 104px\"><a href=\"https:\/\/sitios.ucsc.cl\/ott\/wp-content\/uploads\/sites\/15\/2022\/06\/OTT_DDA_6.png\"><img loading=\"lazy\" class=\"size-full wp-image-2180 aligncenter\" src=\"https:\/\/sitios.ucsc.cl\/ott\/wp-content\/uploads\/sites\/15\/2022\/06\/OTT_DDA_6.png\" alt=\"\" width=\"50\" height=\"50\" \/><\/a><\/td>\n<td style=\"width: 654.925px;height: 104px\">\n<h3>Investigador principal<\/h3>\n<p>Ricardo Castro C\u00e1ceres, Facultad de Educaci\u00f3n.<br \/>\nCristian Marilaf Cort\u00e9s, Facultad de Educaci\u00f3n.<\/td>\n<td style=\"width: 18.0625px;height: 104px\"><\/td>\n<\/tr>\n<tr style=\"height: 115px\">\n<td style=\"width: 9.025px;height: 115px\"><\/td>\n<td style=\"width: 720.112px;height: 115px\" colspan=\"2\">&nbsp;<\/p>\n<p><a href=\"https:\/\/dinn.ucsc.cl\/wp-content\/uploads\/sites\/14\/2023\/11\/OTT_DDA_6_2023.pdf\"><img loading=\"lazy\" class=\"aligncenter wp-image-2220 size-medium\" src=\"https:\/\/sitios.ucsc.cl\/ott\/wp-content\/uploads\/sites\/15\/2022\/06\/Bot\u00f3n-descarga-300x61.png\" alt=\"\" width=\"300\" height=\"61\" \/><\/a><\/td>\n<\/tr>\n<\/tbody>\n<\/table>\n","protected":false},"excerpt":{"rendered":"<p>Tecnolog\u00eda desarrollada Recurso pedag\u00f3gico que permite movilizar saberes y experiencias en temas vinculados a inclusi\u00f3n, diversidad, interculturalidad, g\u00e9nero y ciudadan\u00eda para la Formaci\u00f3n Inicial Docente (FID) de la Facultad de Educaci\u00f3n de la Universidad Cat\u00f3lica de la Sant\u00edsima Concepci\u00f3n. Las orientaciones did\u00e1cticas se organizan en los siguientes cuatro m\u00f3dulos: \u2022 M\u00f3dulo 1: Filosof\u00eda de la [&hellip;]<\/p>\n","protected":false},"author":84,"featured_media":0,"parent":0,"menu_order":0,"comment_status":"closed","ping_status":"closed","template":"","meta":[],"yoast_head":"<!-- This site is optimized with the Yoast SEO plugin v18.9 - https:\/\/yoast.com\/wordpress\/plugins\/seo\/ -->\n<title>Orientaciones did\u00e1cticas realted: Relaciones de alteridad en educaci\u00f3n N\u00b01 y N\u00b02 -<\/title>\n<meta name=\"robots\" content=\"index, follow, max-snippet:-1, max-image-preview:large, max-video-preview:-1\" \/>\n<link rel=\"canonical\" href=\"https:\/\/dinn.ucsc.cl\/index.php\/orientaciones-didacticas-realted-relaciones-de-alteridad-en-educacion-n1-y-n2\/\" \/>\n<meta property=\"og:locale\" content=\"es_ES\" \/>\n<meta property=\"og:type\" content=\"article\" \/>\n<meta property=\"og:title\" content=\"Orientaciones did\u00e1cticas realted: Relaciones de alteridad en educaci\u00f3n N\u00b01 y N\u00b02 -\" \/>\n<meta property=\"og:description\" content=\"Tecnolog\u00eda desarrollada Recurso pedag\u00f3gico que permite movilizar saberes y experiencias en temas vinculados a inclusi\u00f3n, diversidad, interculturalidad, g\u00e9nero y ciudadan\u00eda para la Formaci\u00f3n Inicial Docente (FID) de la Facultad de Educaci\u00f3n de la Universidad Cat\u00f3lica de la Sant\u00edsima Concepci\u00f3n. Las orientaciones did\u00e1cticas se organizan en los siguientes cuatro m\u00f3dulos: \u2022 M\u00f3dulo 1: Filosof\u00eda de la [&hellip;]\" \/>\n<meta property=\"og:url\" content=\"https:\/\/dinn.ucsc.cl\/index.php\/orientaciones-didacticas-realted-relaciones-de-alteridad-en-educacion-n1-y-n2\/\" \/>\n<meta property=\"article:publisher\" content=\"https:\/\/m.facebook.com\/DINNUCSC\" \/>\n<meta property=\"article:modified_time\" content=\"2023-11-07T05:27:21+00:00\" \/>\n<meta property=\"og:image\" content=\"https:\/\/sitios.ucsc.cl\/investigacion\/wp-content\/uploads\/sites\/14\/2023\/11\/OTT_DDA_6_2023.png\" \/>\n<meta name=\"twitter:card\" content=\"summary\" \/>\n<meta name=\"twitter:site\" content=\"@dinn_ucsc\" \/>\n<meta name=\"twitter:label1\" content=\"Tiempo de lectura\" \/>\n\t<meta name=\"twitter:data1\" content=\"2 minutos\" \/>\n<script type=\"application\/ld+json\" class=\"yoast-schema-graph\">{\"@context\":\"https:\/\/schema.org\",\"@graph\":[{\"@type\":\"WebSite\",\"@id\":\"https:\/\/dinn.ucsc.cl\/#website\",\"url\":\"https:\/\/dinn.ucsc.cl\/\",\"name\":\"Direcci\u00f3n de Innovaci\u00f3n UCSC\",\"description\":\"Direcci\u00f3n de Innovaci\u00f3n\",\"potentialAction\":[{\"@type\":\"SearchAction\",\"target\":{\"@type\":\"EntryPoint\",\"urlTemplate\":\"https:\/\/dinn.ucsc.cl\/?s={search_term_string}\"},\"query-input\":\"required name=search_term_string\"}],\"inLanguage\":\"es\"},{\"@type\":\"ImageObject\",\"inLanguage\":\"es\",\"@id\":\"https:\/\/dinn.ucsc.cl\/index.php\/orientaciones-didacticas-realted-relaciones-de-alteridad-en-educacion-n1-y-n2\/#primaryimage\",\"url\":\"https:\/\/sitios.ucsc.cl\/investigacion\/wp-content\/uploads\/sites\/14\/2023\/11\/OTT_DDA_6_2023.png\",\"contentUrl\":\"https:\/\/sitios.ucsc.cl\/investigacion\/wp-content\/uploads\/sites\/14\/2023\/11\/OTT_DDA_6_2023.png\"},{\"@type\":\"WebPage\",\"@id\":\"https:\/\/dinn.ucsc.cl\/index.php\/orientaciones-didacticas-realted-relaciones-de-alteridad-en-educacion-n1-y-n2\/#webpage\",\"url\":\"https:\/\/dinn.ucsc.cl\/index.php\/orientaciones-didacticas-realted-relaciones-de-alteridad-en-educacion-n1-y-n2\/\",\"name\":\"Orientaciones did\u00e1cticas realted: Relaciones de alteridad en educaci\u00f3n N\u00b01 y N\u00b02 -\",\"isPartOf\":{\"@id\":\"https:\/\/dinn.ucsc.cl\/#website\"},\"primaryImageOfPage\":{\"@id\":\"https:\/\/dinn.ucsc.cl\/index.php\/orientaciones-didacticas-realted-relaciones-de-alteridad-en-educacion-n1-y-n2\/#primaryimage\"},\"datePublished\":\"2023-11-07T05:25:42+00:00\",\"dateModified\":\"2023-11-07T05:27:21+00:00\",\"breadcrumb\":{\"@id\":\"https:\/\/dinn.ucsc.cl\/index.php\/orientaciones-didacticas-realted-relaciones-de-alteridad-en-educacion-n1-y-n2\/#breadcrumb\"},\"inLanguage\":\"es\",\"potentialAction\":[{\"@type\":\"ReadAction\",\"target\":[\"https:\/\/dinn.ucsc.cl\/index.php\/orientaciones-didacticas-realted-relaciones-de-alteridad-en-educacion-n1-y-n2\/\"]}]},{\"@type\":\"BreadcrumbList\",\"@id\":\"https:\/\/dinn.ucsc.cl\/index.php\/orientaciones-didacticas-realted-relaciones-de-alteridad-en-educacion-n1-y-n2\/#breadcrumb\",\"itemListElement\":[{\"@type\":\"ListItem\",\"position\":1,\"name\":\"Inicio\",\"item\":\"https:\/\/dinn.ucsc.cl\/\"},{\"@type\":\"ListItem\",\"position\":2,\"name\":\"Orientaciones did\u00e1cticas realted: Relaciones de alteridad en educaci\u00f3n N\u00b01 y N\u00b02\"}]}]}<\/script>\n<!-- \/ Yoast SEO plugin. -->","yoast_head_json":{"title":"Orientaciones did\u00e1cticas realted: Relaciones de alteridad en educaci\u00f3n N\u00b01 y N\u00b02 -","robots":{"index":"index","follow":"follow","max-snippet":"max-snippet:-1","max-image-preview":"max-image-preview:large","max-video-preview":"max-video-preview:-1"},"canonical":"https:\/\/dinn.ucsc.cl\/index.php\/orientaciones-didacticas-realted-relaciones-de-alteridad-en-educacion-n1-y-n2\/","og_locale":"es_ES","og_type":"article","og_title":"Orientaciones did\u00e1cticas realted: Relaciones de alteridad en educaci\u00f3n N\u00b01 y N\u00b02 -","og_description":"Tecnolog\u00eda desarrollada Recurso pedag\u00f3gico que permite movilizar saberes y experiencias en temas vinculados a inclusi\u00f3n, diversidad, interculturalidad, g\u00e9nero y ciudadan\u00eda para la Formaci\u00f3n Inicial Docente (FID) de la Facultad de Educaci\u00f3n de la Universidad Cat\u00f3lica de la Sant\u00edsima Concepci\u00f3n. Las orientaciones did\u00e1cticas se organizan en los siguientes cuatro m\u00f3dulos: \u2022 M\u00f3dulo 1: Filosof\u00eda de la [&hellip;]","og_url":"https:\/\/dinn.ucsc.cl\/index.php\/orientaciones-didacticas-realted-relaciones-de-alteridad-en-educacion-n1-y-n2\/","article_publisher":"https:\/\/m.facebook.com\/DINNUCSC","article_modified_time":"2023-11-07T05:27:21+00:00","og_image":[{"url":"https:\/\/sitios.ucsc.cl\/investigacion\/wp-content\/uploads\/sites\/14\/2023\/11\/OTT_DDA_6_2023.png"}],"twitter_card":"summary","twitter_site":"@dinn_ucsc","twitter_misc":{"Tiempo de lectura":"2 minutos"},"schema":{"@context":"https:\/\/schema.org","@graph":[{"@type":"WebSite","@id":"https:\/\/dinn.ucsc.cl\/#website","url":"https:\/\/dinn.ucsc.cl\/","name":"Direcci\u00f3n de Innovaci\u00f3n UCSC","description":"Direcci\u00f3n de Innovaci\u00f3n","potentialAction":[{"@type":"SearchAction","target":{"@type":"EntryPoint","urlTemplate":"https:\/\/dinn.ucsc.cl\/?s={search_term_string}"},"query-input":"required name=search_term_string"}],"inLanguage":"es"},{"@type":"ImageObject","inLanguage":"es","@id":"https:\/\/dinn.ucsc.cl\/index.php\/orientaciones-didacticas-realted-relaciones-de-alteridad-en-educacion-n1-y-n2\/#primaryimage","url":"https:\/\/sitios.ucsc.cl\/investigacion\/wp-content\/uploads\/sites\/14\/2023\/11\/OTT_DDA_6_2023.png","contentUrl":"https:\/\/sitios.ucsc.cl\/investigacion\/wp-content\/uploads\/sites\/14\/2023\/11\/OTT_DDA_6_2023.png"},{"@type":"WebPage","@id":"https:\/\/dinn.ucsc.cl\/index.php\/orientaciones-didacticas-realted-relaciones-de-alteridad-en-educacion-n1-y-n2\/#webpage","url":"https:\/\/dinn.ucsc.cl\/index.php\/orientaciones-didacticas-realted-relaciones-de-alteridad-en-educacion-n1-y-n2\/","name":"Orientaciones did\u00e1cticas realted: Relaciones de alteridad en educaci\u00f3n N\u00b01 y N\u00b02 -","isPartOf":{"@id":"https:\/\/dinn.ucsc.cl\/#website"},"primaryImageOfPage":{"@id":"https:\/\/dinn.ucsc.cl\/index.php\/orientaciones-didacticas-realted-relaciones-de-alteridad-en-educacion-n1-y-n2\/#primaryimage"},"datePublished":"2023-11-07T05:25:42+00:00","dateModified":"2023-11-07T05:27:21+00:00","breadcrumb":{"@id":"https:\/\/dinn.ucsc.cl\/index.php\/orientaciones-didacticas-realted-relaciones-de-alteridad-en-educacion-n1-y-n2\/#breadcrumb"},"inLanguage":"es","potentialAction":[{"@type":"ReadAction","target":["https:\/\/dinn.ucsc.cl\/index.php\/orientaciones-didacticas-realted-relaciones-de-alteridad-en-educacion-n1-y-n2\/"]}]},{"@type":"BreadcrumbList","@id":"https:\/\/dinn.ucsc.cl\/index.php\/orientaciones-didacticas-realted-relaciones-de-alteridad-en-educacion-n1-y-n2\/#breadcrumb","itemListElement":[{"@type":"ListItem","position":1,"name":"Inicio","item":"https:\/\/dinn.ucsc.cl\/"},{"@type":"ListItem","position":2,"name":"Orientaciones did\u00e1cticas realted: Relaciones de alteridad en educaci\u00f3n N\u00b01 y N\u00b02"}]}]}},"_links":{"self":[{"href":"https:\/\/dinn.ucsc.cl\/index.php\/wp-json\/wp\/v2\/pages\/5566"}],"collection":[{"href":"https:\/\/dinn.ucsc.cl\/index.php\/wp-json\/wp\/v2\/pages"}],"about":[{"href":"https:\/\/dinn.ucsc.cl\/index.php\/wp-json\/wp\/v2\/types\/page"}],"author":[{"embeddable":true,"href":"https:\/\/dinn.ucsc.cl\/index.php\/wp-json\/wp\/v2\/users\/84"}],"replies":[{"embeddable":true,"href":"https:\/\/dinn.ucsc.cl\/index.php\/wp-json\/wp\/v2\/comments?post=5566"}],"version-history":[{"count":3,"href":"https:\/\/dinn.ucsc.cl\/index.php\/wp-json\/wp\/v2\/pages\/5566\/revisions"}],"predecessor-version":[{"id":5570,"href":"https:\/\/dinn.ucsc.cl\/index.php\/wp-json\/wp\/v2\/pages\/5566\/revisions\/5570"}],"wp:attachment":[{"href":"https:\/\/dinn.ucsc.cl\/index.php\/wp-json\/wp\/v2\/media?parent=5566"}],"curies":[{"name":"wp","href":"https:\/\/api.w.org\/{rel}","templated":true}]}}