{"id":5574,"date":"2023-11-07T02:30:46","date_gmt":"2023-11-07T05:30:46","guid":{"rendered":"https:\/\/dinn.ucsc.cl\/?page_id=5574"},"modified":"2023-11-07T02:32:33","modified_gmt":"2023-11-07T05:32:33","slug":"pescando-ideas","status":"publish","type":"page","link":"https:\/\/dinn.ucsc.cl\/index.php\/pescando-ideas\/","title":{"rendered":"Pescando ideas"},"content":{"rendered":"<table class=\" alignleft\" style=\"height: 971px;width: 748px\">\n<tbody>\n<tr style=\"height: 153px\">\n<td style=\"width: 747.2px;height: 153px\" colspan=\"4\"><img loading=\"lazy\" class=\"aligncenter wp-image-5573\" src=\"https:\/\/dinn.ucsc.cl\/wp-content\/uploads\/sites\/14\/2023\/11\/OTT_DDA_7_2023.png\" alt=\"\" width=\"839\" height=\"171\" srcset=\"https:\/\/dinn.ucsc.cl\/wp-content\/uploads\/sites\/14\/2023\/11\/OTT_DDA_7_2023.png 1080w, https:\/\/dinn.ucsc.cl\/wp-content\/uploads\/sites\/14\/2023\/11\/OTT_DDA_7_2023-300x61.png 300w, https:\/\/dinn.ucsc.cl\/wp-content\/uploads\/sites\/14\/2023\/11\/OTT_DDA_7_2023-1024x209.png 1024w, https:\/\/dinn.ucsc.cl\/wp-content\/uploads\/sites\/14\/2023\/11\/OTT_DDA_7_2023-768x156.png 768w, https:\/\/dinn.ucsc.cl\/wp-content\/uploads\/sites\/14\/2023\/11\/OTT_DDA_7_2023-200x41.png 200w\" sizes=\"(max-width: 839px) 100vw, 839px\" \/><\/td>\n<\/tr>\n<tr style=\"height: 181px\">\n<td style=\"width: 9.025px;height: 181px\"><\/td>\n<td style=\"width: 65.1875px;height: 181px\"><a href=\"https:\/\/sitios.ucsc.cl\/ott\/wp-content\/uploads\/sites\/15\/2022\/06\/OTT_DDA_1.png\"><img loading=\"lazy\" class=\"aligncenter size-full wp-image-2175\" src=\"https:\/\/sitios.ucsc.cl\/ott\/wp-content\/uploads\/sites\/15\/2022\/06\/OTT_DDA_1.png\" alt=\"\" width=\"50\" height=\"50\" \/><\/a><\/td>\n<td style=\"width: 654.925px;height: 181px\">\n<h3>Tecnolog\u00eda desarrollada<\/h3>\n<p style=\"text-align: justify\">Pescando Ideas es un videograma que tiene por objetivo fortalecer y potenciar la prevenci\u00f3n de enfermedades en comunidades costeras. Se compone por cinco videos en donde se abordan diferentes tem\u00e1ticas respecto a salud, tales como:<br \/>\n\u2022 Nuestro sentido de pertenencia<br \/>\n\u2022 Buena comunicaci\u00f3n<br \/>\n\u2022 Actividad f\u00edsica<br \/>\n\u2022 Salud mental<br \/>\n\u2022 Resiliencia<br \/>\nLa tem\u00e1tica aborda la historia de una profesora que llega junto a sus estudiantes a Caleta Lenga para conocer el lugar, la historia, y a sus habitantes. En el lugar se encuentran con un pescador artesanal llamado \u201cDon Pedro\u201d, quien es uno de los primeros habitantes de la caleta, y que a su vez los invita a conocer y aprender m\u00e1s de esta localidad. A lo largo de la historia, la profesora y sus estudiantes entregan informaci\u00f3n relevante y de forma clara sobre la salud y sus cuidados.<\/p>\n<\/td>\n<td style=\"width: 18.0625px;height: 181px\">\n<h3><\/h3>\n<\/td>\n<\/tr>\n<tr style=\"height: 156px\">\n<td style=\"width: 9.025px;height: 156px\"><\/td>\n<td style=\"width: 65.1875px;height: 156px\"><a href=\"https:\/\/sitios.ucsc.cl\/ott\/wp-content\/uploads\/sites\/15\/2022\/06\/OTT_DDA_2.png\"><img loading=\"lazy\" class=\"aligncenter size-full wp-image-2176\" src=\"https:\/\/sitios.ucsc.cl\/ott\/wp-content\/uploads\/sites\/15\/2022\/06\/OTT_DDA_2.png\" alt=\"\" width=\"50\" height=\"50\" \/><\/a><\/td>\n<td style=\"width: 654.925px;height: 156px\">\n<h3>Beneficios \/ Ventajas<\/h3>\n<p style=\"text-align: justify\">\u2022 A trav\u00e9s de una narrativa simple y clara, entrega informaci\u00f3n relevante sobre la salud y sus cuidados, abordando tem\u00e1ticas humanas, mentales y f\u00edsicas.<br \/>\n\u2022 Se sit\u00faa en un contexto real y cercano, ejemplificado en Caleta Lenga, pero replicable a escenarios similares.<\/p>\n<\/td>\n<td style=\"width: 18.0625px;height: 156px\"><\/td>\n<\/tr>\n<tr style=\"height: 104px\">\n<td style=\"width: 9.025px;height: 104px\"><\/td>\n<td style=\"width: 65.1875px;height: 104px\"><a href=\"https:\/\/sitios.ucsc.cl\/ott\/wp-content\/uploads\/sites\/15\/2022\/06\/OTT_DDA_3.png\"><img loading=\"lazy\" class=\"aligncenter size-full wp-image-2177\" src=\"https:\/\/sitios.ucsc.cl\/ott\/wp-content\/uploads\/sites\/15\/2022\/06\/OTT_DDA_3.png\" alt=\"\" width=\"50\" height=\"50\" \/><\/a><\/td>\n<td style=\"width: 654.925px;height: 104px\">\n<h3>Usos \/ Aplicaciones<\/h3>\n<p style=\"text-align: justify\">Material audiovisual que puede ser usado por municipalidades o entidades sociales para fortalecer y potenciar la prevenci\u00f3n de enfermedades.<\/p>\n<\/td>\n<td style=\"width: 18.0625px;height: 104px\"><\/td>\n<\/tr>\n<tr style=\"height: 79px\">\n<td style=\"width: 9.025px;height: 79px\"><\/td>\n<td style=\"width: 65.1875px;height: 79px\"><a href=\"https:\/\/sitios.ucsc.cl\/ott\/wp-content\/uploads\/sites\/15\/2022\/06\/OTT_DDA_4.png\"><img loading=\"lazy\" class=\"aligncenter size-full wp-image-2178\" src=\"https:\/\/sitios.ucsc.cl\/ott\/wp-content\/uploads\/sites\/15\/2022\/06\/OTT_DDA_4.png\" alt=\"\" width=\"50\" height=\"50\" \/><\/a><\/td>\n<td style=\"width: 654.925px;height: 79px\">\n<h3>Oferta tecnol\u00f3gica<\/h3>\n<p>Disponible para licenciamiento.<\/td>\n<td style=\"width: 18.0625px;height: 79px\"><\/td>\n<\/tr>\n<tr style=\"height: 79px\">\n<td style=\"width: 9.025px;height: 79px\"><\/td>\n<td style=\"width: 65.1875px;height: 79px\"><a href=\"https:\/\/sitios.ucsc.cl\/ott\/wp-content\/uploads\/sites\/15\/2022\/06\/OTT_DDA_5.png\"><img loading=\"lazy\" class=\"aligncenter size-full wp-image-2179\" src=\"https:\/\/sitios.ucsc.cl\/ott\/wp-content\/uploads\/sites\/15\/2022\/06\/OTT_DDA_5.png\" alt=\"\" width=\"50\" height=\"50\" \/><\/a><\/td>\n<td style=\"width: 654.925px;height: 79px\">\n<h3>Propiedad intelectual<\/h3>\n<p>Registro Derecho de Autor: 2021-A-4752<\/td>\n<td style=\"width: 18.0625px;height: 79px\"><\/td>\n<\/tr>\n<tr style=\"height: 104px\">\n<td style=\"width: 9.025px;height: 104px\"><\/td>\n<td style=\"width: 65.1875px;height: 104px\"><a href=\"https:\/\/sitios.ucsc.cl\/ott\/wp-content\/uploads\/sites\/15\/2022\/06\/OTT_DDA_6.png\"><img loading=\"lazy\" class=\"size-full wp-image-2180 aligncenter\" src=\"https:\/\/sitios.ucsc.cl\/ott\/wp-content\/uploads\/sites\/15\/2022\/06\/OTT_DDA_6.png\" alt=\"\" width=\"50\" height=\"50\" \/><\/a><\/td>\n<td style=\"width: 654.925px;height: 104px\">\n<h3>Investigador principal<\/h3>\n<p>Jacqueline Ibarra Peso, Facultad de Medicina.<br \/>\nFelipe Albarr\u00e1n Torres, Facultad de Medicina.<br \/>\nSamuel Meza V\u00e1squez, Facultad de Medicina.<br \/>\nGladys Contreras Sanzana, Facultad de Educaci\u00f3n.<br \/>\nMiguel S\u00e1nchez Hechavarria, Facultad de Medicina.<br \/>\nMar\u00eda P\u00eda Mardones Gonz\u00e1lez, Facultad de Medicina.<br \/>\nSonia Stevens Bruzzese, Facultad de Comunicaci\u00f3n, Historia y Cs. Sociales.<\/td>\n<td style=\"width: 18.0625px;height: 104px\"><\/td>\n<\/tr>\n<tr style=\"height: 115px\">\n<td style=\"width: 9.025px;height: 115px\"><\/td>\n<td style=\"width: 720.112px;height: 115px\" colspan=\"2\">&nbsp;<\/p>\n<p><a href=\"https:\/\/dinn.ucsc.cl\/wp-content\/uploads\/sites\/14\/2023\/11\/OTT_DDA_7_2023.pdf\"><img loading=\"lazy\" class=\"aligncenter wp-image-2220 size-medium\" src=\"https:\/\/sitios.ucsc.cl\/ott\/wp-content\/uploads\/sites\/15\/2022\/06\/Bot\u00f3n-descarga-300x61.png\" alt=\"\" width=\"300\" height=\"61\" \/><\/a><\/td>\n<\/tr>\n<\/tbody>\n<\/table>\n","protected":false},"excerpt":{"rendered":"<p>Tecnolog\u00eda desarrollada Pescando Ideas es un videograma que tiene por objetivo fortalecer y potenciar la prevenci\u00f3n de enfermedades en comunidades costeras. Se compone por cinco videos en donde se abordan diferentes tem\u00e1ticas respecto a salud, tales como: \u2022 Nuestro sentido de pertenencia \u2022 Buena comunicaci\u00f3n \u2022 Actividad f\u00edsica \u2022 Salud mental \u2022 Resiliencia La tem\u00e1tica [&hellip;]<\/p>\n","protected":false},"author":84,"featured_media":0,"parent":0,"menu_order":0,"comment_status":"closed","ping_status":"closed","template":"","meta":[],"yoast_head":"<!-- This site is optimized with the Yoast SEO plugin v18.9 - https:\/\/yoast.com\/wordpress\/plugins\/seo\/ -->\n<title>Pescando ideas -<\/title>\n<meta name=\"robots\" content=\"index, follow, max-snippet:-1, max-image-preview:large, max-video-preview:-1\" \/>\n<link rel=\"canonical\" href=\"https:\/\/dinn.ucsc.cl\/index.php\/pescando-ideas\/\" \/>\n<meta property=\"og:locale\" content=\"es_ES\" \/>\n<meta property=\"og:type\" content=\"article\" \/>\n<meta property=\"og:title\" content=\"Pescando ideas -\" \/>\n<meta property=\"og:description\" content=\"Tecnolog\u00eda desarrollada Pescando Ideas es un videograma que tiene por objetivo fortalecer y potenciar la prevenci\u00f3n de enfermedades en comunidades costeras. Se compone por cinco videos en donde se abordan diferentes tem\u00e1ticas respecto a salud, tales como: \u2022 Nuestro sentido de pertenencia \u2022 Buena comunicaci\u00f3n \u2022 Actividad f\u00edsica \u2022 Salud mental \u2022 Resiliencia La tem\u00e1tica [&hellip;]\" \/>\n<meta property=\"og:url\" content=\"https:\/\/dinn.ucsc.cl\/index.php\/pescando-ideas\/\" \/>\n<meta property=\"article:publisher\" content=\"https:\/\/m.facebook.com\/DINNUCSC\" \/>\n<meta property=\"article:modified_time\" content=\"2023-11-07T05:32:33+00:00\" \/>\n<meta property=\"og:image\" content=\"https:\/\/sitios.ucsc.cl\/investigacion\/wp-content\/uploads\/sites\/14\/2023\/11\/OTT_DDA_7_2023.png\" \/>\n<meta name=\"twitter:card\" content=\"summary\" \/>\n<meta name=\"twitter:site\" content=\"@dinn_ucsc\" \/>\n<meta name=\"twitter:label1\" content=\"Tiempo de lectura\" \/>\n\t<meta name=\"twitter:data1\" content=\"1 minuto\" \/>\n<script type=\"application\/ld+json\" class=\"yoast-schema-graph\">{\"@context\":\"https:\/\/schema.org\",\"@graph\":[{\"@type\":\"WebSite\",\"@id\":\"https:\/\/dinn.ucsc.cl\/#website\",\"url\":\"https:\/\/dinn.ucsc.cl\/\",\"name\":\"Direcci\u00f3n de Innovaci\u00f3n UCSC\",\"description\":\"Direcci\u00f3n de Innovaci\u00f3n\",\"potentialAction\":[{\"@type\":\"SearchAction\",\"target\":{\"@type\":\"EntryPoint\",\"urlTemplate\":\"https:\/\/dinn.ucsc.cl\/?s={search_term_string}\"},\"query-input\":\"required name=search_term_string\"}],\"inLanguage\":\"es\"},{\"@type\":\"ImageObject\",\"inLanguage\":\"es\",\"@id\":\"https:\/\/dinn.ucsc.cl\/index.php\/pescando-ideas\/#primaryimage\",\"url\":\"https:\/\/sitios.ucsc.cl\/investigacion\/wp-content\/uploads\/sites\/14\/2023\/11\/OTT_DDA_7_2023.png\",\"contentUrl\":\"https:\/\/sitios.ucsc.cl\/investigacion\/wp-content\/uploads\/sites\/14\/2023\/11\/OTT_DDA_7_2023.png\"},{\"@type\":\"WebPage\",\"@id\":\"https:\/\/dinn.ucsc.cl\/index.php\/pescando-ideas\/#webpage\",\"url\":\"https:\/\/dinn.ucsc.cl\/index.php\/pescando-ideas\/\",\"name\":\"Pescando ideas -\",\"isPartOf\":{\"@id\":\"https:\/\/dinn.ucsc.cl\/#website\"},\"primaryImageOfPage\":{\"@id\":\"https:\/\/dinn.ucsc.cl\/index.php\/pescando-ideas\/#primaryimage\"},\"datePublished\":\"2023-11-07T05:30:46+00:00\",\"dateModified\":\"2023-11-07T05:32:33+00:00\",\"breadcrumb\":{\"@id\":\"https:\/\/dinn.ucsc.cl\/index.php\/pescando-ideas\/#breadcrumb\"},\"inLanguage\":\"es\",\"potentialAction\":[{\"@type\":\"ReadAction\",\"target\":[\"https:\/\/dinn.ucsc.cl\/index.php\/pescando-ideas\/\"]}]},{\"@type\":\"BreadcrumbList\",\"@id\":\"https:\/\/dinn.ucsc.cl\/index.php\/pescando-ideas\/#breadcrumb\",\"itemListElement\":[{\"@type\":\"ListItem\",\"position\":1,\"name\":\"Inicio\",\"item\":\"https:\/\/dinn.ucsc.cl\/\"},{\"@type\":\"ListItem\",\"position\":2,\"name\":\"Pescando ideas\"}]}]}<\/script>\n<!-- \/ Yoast SEO plugin. -->","yoast_head_json":{"title":"Pescando ideas -","robots":{"index":"index","follow":"follow","max-snippet":"max-snippet:-1","max-image-preview":"max-image-preview:large","max-video-preview":"max-video-preview:-1"},"canonical":"https:\/\/dinn.ucsc.cl\/index.php\/pescando-ideas\/","og_locale":"es_ES","og_type":"article","og_title":"Pescando ideas -","og_description":"Tecnolog\u00eda desarrollada Pescando Ideas es un videograma que tiene por objetivo fortalecer y potenciar la prevenci\u00f3n de enfermedades en comunidades costeras. Se compone por cinco videos en donde se abordan diferentes tem\u00e1ticas respecto a salud, tales como: \u2022 Nuestro sentido de pertenencia \u2022 Buena comunicaci\u00f3n \u2022 Actividad f\u00edsica \u2022 Salud mental \u2022 Resiliencia La tem\u00e1tica [&hellip;]","og_url":"https:\/\/dinn.ucsc.cl\/index.php\/pescando-ideas\/","article_publisher":"https:\/\/m.facebook.com\/DINNUCSC","article_modified_time":"2023-11-07T05:32:33+00:00","og_image":[{"url":"https:\/\/sitios.ucsc.cl\/investigacion\/wp-content\/uploads\/sites\/14\/2023\/11\/OTT_DDA_7_2023.png"}],"twitter_card":"summary","twitter_site":"@dinn_ucsc","twitter_misc":{"Tiempo de lectura":"1 minuto"},"schema":{"@context":"https:\/\/schema.org","@graph":[{"@type":"WebSite","@id":"https:\/\/dinn.ucsc.cl\/#website","url":"https:\/\/dinn.ucsc.cl\/","name":"Direcci\u00f3n de Innovaci\u00f3n UCSC","description":"Direcci\u00f3n de Innovaci\u00f3n","potentialAction":[{"@type":"SearchAction","target":{"@type":"EntryPoint","urlTemplate":"https:\/\/dinn.ucsc.cl\/?s={search_term_string}"},"query-input":"required name=search_term_string"}],"inLanguage":"es"},{"@type":"ImageObject","inLanguage":"es","@id":"https:\/\/dinn.ucsc.cl\/index.php\/pescando-ideas\/#primaryimage","url":"https:\/\/sitios.ucsc.cl\/investigacion\/wp-content\/uploads\/sites\/14\/2023\/11\/OTT_DDA_7_2023.png","contentUrl":"https:\/\/sitios.ucsc.cl\/investigacion\/wp-content\/uploads\/sites\/14\/2023\/11\/OTT_DDA_7_2023.png"},{"@type":"WebPage","@id":"https:\/\/dinn.ucsc.cl\/index.php\/pescando-ideas\/#webpage","url":"https:\/\/dinn.ucsc.cl\/index.php\/pescando-ideas\/","name":"Pescando ideas -","isPartOf":{"@id":"https:\/\/dinn.ucsc.cl\/#website"},"primaryImageOfPage":{"@id":"https:\/\/dinn.ucsc.cl\/index.php\/pescando-ideas\/#primaryimage"},"datePublished":"2023-11-07T05:30:46+00:00","dateModified":"2023-11-07T05:32:33+00:00","breadcrumb":{"@id":"https:\/\/dinn.ucsc.cl\/index.php\/pescando-ideas\/#breadcrumb"},"inLanguage":"es","potentialAction":[{"@type":"ReadAction","target":["https:\/\/dinn.ucsc.cl\/index.php\/pescando-ideas\/"]}]},{"@type":"BreadcrumbList","@id":"https:\/\/dinn.ucsc.cl\/index.php\/pescando-ideas\/#breadcrumb","itemListElement":[{"@type":"ListItem","position":1,"name":"Inicio","item":"https:\/\/dinn.ucsc.cl\/"},{"@type":"ListItem","position":2,"name":"Pescando ideas"}]}]}},"_links":{"self":[{"href":"https:\/\/dinn.ucsc.cl\/index.php\/wp-json\/wp\/v2\/pages\/5574"}],"collection":[{"href":"https:\/\/dinn.ucsc.cl\/index.php\/wp-json\/wp\/v2\/pages"}],"about":[{"href":"https:\/\/dinn.ucsc.cl\/index.php\/wp-json\/wp\/v2\/types\/page"}],"author":[{"embeddable":true,"href":"https:\/\/dinn.ucsc.cl\/index.php\/wp-json\/wp\/v2\/users\/84"}],"replies":[{"embeddable":true,"href":"https:\/\/dinn.ucsc.cl\/index.php\/wp-json\/wp\/v2\/comments?post=5574"}],"version-history":[{"count":3,"href":"https:\/\/dinn.ucsc.cl\/index.php\/wp-json\/wp\/v2\/pages\/5574\/revisions"}],"predecessor-version":[{"id":5576,"href":"https:\/\/dinn.ucsc.cl\/index.php\/wp-json\/wp\/v2\/pages\/5574\/revisions\/5576"}],"wp:attachment":[{"href":"https:\/\/dinn.ucsc.cl\/index.php\/wp-json\/wp\/v2\/media?parent=5574"}],"curies":[{"name":"wp","href":"https:\/\/api.w.org\/{rel}","templated":true}]}}