{"id":5578,"date":"2023-11-07T11:43:29","date_gmt":"2023-11-07T14:43:29","guid":{"rendered":"https:\/\/dinn.ucsc.cl\/?page_id=5578"},"modified":"2023-11-07T11:43:54","modified_gmt":"2023-11-07T14:43:54","slug":"guia-de-estrategias-de-aprendizaje-para-la-educacion-ambiental-en-establecimientos-educacionales-de-educacion-media-en-chile","status":"publish","type":"page","link":"https:\/\/dinn.ucsc.cl\/index.php\/guia-de-estrategias-de-aprendizaje-para-la-educacion-ambiental-en-establecimientos-educacionales-de-educacion-media-en-chile\/","title":{"rendered":"Gu\u00eda de estrategias de aprendizaje para la educaci\u00f3n ambiental en establecimientos educacionales de educaci\u00f3n media en Chile"},"content":{"rendered":"<table class=\" alignleft\" style=\"height: 971px;width: 748px\">\n<tbody>\n<tr style=\"height: 153px\">\n<td style=\"width: 747.2px;height: 153px\" colspan=\"4\"><img loading=\"lazy\" class=\"aligncenter wp-image-5624\" src=\"https:\/\/dinn.ucsc.cl\/wp-content\/uploads\/sites\/14\/2023\/11\/OTT_DDA_15_2023.png\" alt=\"\" width=\"839\" height=\"171\" srcset=\"https:\/\/dinn.ucsc.cl\/wp-content\/uploads\/sites\/14\/2023\/11\/OTT_DDA_15_2023.png 1080w, https:\/\/dinn.ucsc.cl\/wp-content\/uploads\/sites\/14\/2023\/11\/OTT_DDA_15_2023-300x61.png 300w, https:\/\/dinn.ucsc.cl\/wp-content\/uploads\/sites\/14\/2023\/11\/OTT_DDA_15_2023-1024x209.png 1024w, https:\/\/dinn.ucsc.cl\/wp-content\/uploads\/sites\/14\/2023\/11\/OTT_DDA_15_2023-768x156.png 768w, https:\/\/dinn.ucsc.cl\/wp-content\/uploads\/sites\/14\/2023\/11\/OTT_DDA_15_2023-200x41.png 200w\" sizes=\"(max-width: 839px) 100vw, 839px\" \/><\/td>\n<\/tr>\n<tr style=\"height: 181px\">\n<td style=\"width: 9.025px;height: 181px\"><\/td>\n<td style=\"width: 65.1875px;height: 181px\"><a href=\"https:\/\/sitios.ucsc.cl\/ott\/wp-content\/uploads\/sites\/15\/2022\/06\/OTT_DDA_1.png\"><img loading=\"lazy\" class=\"aligncenter size-full wp-image-2175\" src=\"https:\/\/sitios.ucsc.cl\/ott\/wp-content\/uploads\/sites\/15\/2022\/06\/OTT_DDA_1.png\" alt=\"\" width=\"50\" height=\"50\" \/><\/a><\/td>\n<td style=\"width: 654.925px;height: 181px\">\n<h3>Tecnolog\u00eda desarrollada<\/h3>\n<p style=\"text-align: justify\">Documento en formato gu\u00eda, dise\u00f1ado para facilitar la ense\u00f1anza de los conceptos, actitudes y habilidades necesarias para ejercer una ciudadan\u00eda informada y responsable frente a las problem\u00e1ticas ambientales. En detalle, en esta gu\u00eda se aborda la asignatura de Ciencias Naturales, a trav\u00e9s de sus ejes tem\u00e1ticos de Biolog\u00eda, F\u00edsica y Qu\u00edmica, utilizando la herramienta de triangulaci\u00f3n. El documento consta de cuatro gu\u00edas confeccionadas para trabajar en el aula, cuatro para ser desarrolladas en las dependencias del establecimiento educacional, y otras cuatro que incluyen actividades a realizar en espacios diferentes al establecimiento educacional (actividades pr\u00e1cticas en terreno).<\/p>\n<\/td>\n<td style=\"width: 18.0625px;height: 181px\">\n<h3><\/h3>\n<\/td>\n<\/tr>\n<tr style=\"height: 156px\">\n<td style=\"width: 9.025px;height: 156px\"><\/td>\n<td style=\"width: 65.1875px;height: 156px\"><a href=\"https:\/\/sitios.ucsc.cl\/ott\/wp-content\/uploads\/sites\/15\/2022\/06\/OTT_DDA_2.png\"><img loading=\"lazy\" class=\"aligncenter size-full wp-image-2176\" src=\"https:\/\/sitios.ucsc.cl\/ott\/wp-content\/uploads\/sites\/15\/2022\/06\/OTT_DDA_2.png\" alt=\"\" width=\"50\" height=\"50\" \/><\/a><\/td>\n<td style=\"width: 654.925px;height: 156px\">\n<h3>Beneficios \/ Ventajas<\/h3>\n<p style=\"text-align: justify\">\u2022 Contiene actividades te\u00f3ricas y pr\u00e1cticas para apoyar la ense\u00f1anza de la asignatura de Ciencias Naturales, para estudiantes de Primer y Segundo A\u00f1o de Ense\u00f1anza Media de Chile.<br \/>\n\u2022 Documento elaborado en base a: (1) Programas de estudio de Primer y Segundo A\u00f1o de Ense\u00f1anza Media de Chile con Ajuste curricular; (2) Textos escolares de los estudiantes, y; (3) Textos complementarios proporcionados a los docentes que imparten Ciencias Naturales hasta el a\u00f1o 2021.<\/p>\n<\/td>\n<td style=\"width: 18.0625px;height: 156px\"><\/td>\n<\/tr>\n<tr style=\"height: 104px\">\n<td style=\"width: 9.025px;height: 104px\"><\/td>\n<td style=\"width: 65.1875px;height: 104px\"><a href=\"https:\/\/sitios.ucsc.cl\/ott\/wp-content\/uploads\/sites\/15\/2022\/06\/OTT_DDA_3.png\"><img loading=\"lazy\" class=\"aligncenter size-full wp-image-2177\" src=\"https:\/\/sitios.ucsc.cl\/ott\/wp-content\/uploads\/sites\/15\/2022\/06\/OTT_DDA_3.png\" alt=\"\" width=\"50\" height=\"50\" \/><\/a><\/td>\n<td style=\"width: 654.925px;height: 104px\">\n<h3>Usos \/ Aplicaciones<\/h3>\n<p style=\"text-align: justify\">Aplicaci\u00f3n en educaci\u00f3n para que los y las estudiantes puedan incorporar competencias (conocimientos, habilidades y actitudes) que les permitan explicar fen\u00f3menos que suceden en la naturaleza, identificando problemas y buscando soluciones para participar de forma activa, responsable y cr\u00edtica en tem\u00e1ticas sobre decisiones en las que puedan participar forma individual y\/o colectivamente.<\/p>\n<\/td>\n<td style=\"width: 18.0625px;height: 104px\"><\/td>\n<\/tr>\n<tr style=\"height: 79px\">\n<td style=\"width: 9.025px;height: 79px\"><\/td>\n<td style=\"width: 65.1875px;height: 79px\"><a href=\"https:\/\/sitios.ucsc.cl\/ott\/wp-content\/uploads\/sites\/15\/2022\/06\/OTT_DDA_4.png\"><img loading=\"lazy\" class=\"aligncenter size-full wp-image-2178\" src=\"https:\/\/sitios.ucsc.cl\/ott\/wp-content\/uploads\/sites\/15\/2022\/06\/OTT_DDA_4.png\" alt=\"\" width=\"50\" height=\"50\" \/><\/a><\/td>\n<td style=\"width: 654.925px;height: 79px\">\n<h3>Oferta tecnol\u00f3gica<\/h3>\n<p>Disponible para licenciamiento.<\/td>\n<td style=\"width: 18.0625px;height: 79px\"><\/td>\n<\/tr>\n<tr style=\"height: 79px\">\n<td style=\"width: 9.025px;height: 79px\"><\/td>\n<td style=\"width: 65.1875px;height: 79px\"><a href=\"https:\/\/sitios.ucsc.cl\/ott\/wp-content\/uploads\/sites\/15\/2022\/06\/OTT_DDA_5.png\"><img loading=\"lazy\" class=\"aligncenter size-full wp-image-2179\" src=\"https:\/\/sitios.ucsc.cl\/ott\/wp-content\/uploads\/sites\/15\/2022\/06\/OTT_DDA_5.png\" alt=\"\" width=\"50\" height=\"50\" \/><\/a><\/td>\n<td style=\"width: 654.925px;height: 79px\">\n<h3>Propiedad intelectual<\/h3>\n<p>Registro Derecho de Autor: 2022-A-8156<\/td>\n<td style=\"width: 18.0625px;height: 79px\"><\/td>\n<\/tr>\n<tr style=\"height: 104px\">\n<td style=\"width: 9.025px;height: 104px\"><\/td>\n<td style=\"width: 65.1875px;height: 104px\"><a href=\"https:\/\/sitios.ucsc.cl\/ott\/wp-content\/uploads\/sites\/15\/2022\/06\/OTT_DDA_6.png\"><img loading=\"lazy\" class=\"size-full wp-image-2180 aligncenter\" src=\"https:\/\/sitios.ucsc.cl\/ott\/wp-content\/uploads\/sites\/15\/2022\/06\/OTT_DDA_6.png\" alt=\"\" width=\"50\" height=\"50\" \/><\/a><\/td>\n<td style=\"width: 654.925px;height: 104px\">\n<h3>Investigador principal<\/h3>\n<p>Christian D\u00edaz Peralta, Facultad de Ingenier\u00eda<br \/>\nValentina Saavedra Bascur, Magister en Medio Ambiente.<br \/>\nCatterina Sobenes Vennekool, Facultad de Ingenier\u00eda.<\/td>\n<td style=\"width: 18.0625px;height: 104px\"><\/td>\n<\/tr>\n<tr style=\"height: 115px\">\n<td style=\"width: 9.025px;height: 115px\"><\/td>\n<td style=\"width: 720.112px;height: 115px\" colspan=\"2\">&nbsp;<\/p>\n<p><a href=\"https:\/\/dinn.ucsc.cl\/wp-content\/uploads\/sites\/14\/2023\/11\/OTT_DDA_15_2023.pdf\"><img loading=\"lazy\" class=\"aligncenter wp-image-2220 size-medium\" src=\"https:\/\/sitios.ucsc.cl\/ott\/wp-content\/uploads\/sites\/15\/2022\/06\/Bot\u00f3n-descarga-300x61.png\" alt=\"\" width=\"300\" height=\"61\" \/><\/a><\/td>\n<\/tr>\n<\/tbody>\n<\/table>\n","protected":false},"excerpt":{"rendered":"<p>Tecnolog\u00eda desarrollada Documento en formato gu\u00eda, dise\u00f1ado para facilitar la ense\u00f1anza de los conceptos, actitudes y habilidades necesarias para ejercer una ciudadan\u00eda informada y responsable frente a las problem\u00e1ticas ambientales. En detalle, en esta gu\u00eda se aborda la asignatura de Ciencias Naturales, a trav\u00e9s de sus ejes tem\u00e1ticos de Biolog\u00eda, F\u00edsica y Qu\u00edmica, utilizando la [&hellip;]<\/p>\n","protected":false},"author":84,"featured_media":0,"parent":0,"menu_order":0,"comment_status":"closed","ping_status":"closed","template":"","meta":[],"yoast_head":"<!-- This site is optimized with the Yoast SEO plugin v18.9 - https:\/\/yoast.com\/wordpress\/plugins\/seo\/ -->\n<title>Gu\u00eda de estrategias de aprendizaje para la educaci\u00f3n ambiental en establecimientos educacionales de educaci\u00f3n media en Chile -<\/title>\n<meta name=\"robots\" content=\"index, follow, max-snippet:-1, max-image-preview:large, max-video-preview:-1\" \/>\n<link rel=\"canonical\" href=\"https:\/\/dinn.ucsc.cl\/index.php\/guia-de-estrategias-de-aprendizaje-para-la-educacion-ambiental-en-establecimientos-educacionales-de-educacion-media-en-chile\/\" \/>\n<meta property=\"og:locale\" content=\"es_ES\" \/>\n<meta property=\"og:type\" content=\"article\" \/>\n<meta property=\"og:title\" content=\"Gu\u00eda de estrategias de aprendizaje para la educaci\u00f3n ambiental en establecimientos educacionales de educaci\u00f3n media en Chile -\" \/>\n<meta property=\"og:description\" content=\"Tecnolog\u00eda desarrollada Documento en formato gu\u00eda, dise\u00f1ado para facilitar la ense\u00f1anza de los conceptos, actitudes y habilidades necesarias para ejercer una ciudadan\u00eda informada y responsable frente a las problem\u00e1ticas ambientales. En detalle, en esta gu\u00eda se aborda la asignatura de Ciencias Naturales, a trav\u00e9s de sus ejes tem\u00e1ticos de Biolog\u00eda, F\u00edsica y Qu\u00edmica, utilizando la [&hellip;]\" \/>\n<meta property=\"og:url\" content=\"https:\/\/dinn.ucsc.cl\/index.php\/guia-de-estrategias-de-aprendizaje-para-la-educacion-ambiental-en-establecimientos-educacionales-de-educacion-media-en-chile\/\" \/>\n<meta property=\"article:publisher\" content=\"https:\/\/m.facebook.com\/DINNUCSC\" \/>\n<meta property=\"article:modified_time\" content=\"2023-11-07T14:43:54+00:00\" \/>\n<meta property=\"og:image\" content=\"https:\/\/sitios.ucsc.cl\/investigacion\/wp-content\/uploads\/sites\/14\/2023\/11\/OTT_DDA_15_2023.png\" \/>\n<meta name=\"twitter:card\" content=\"summary\" \/>\n<meta name=\"twitter:site\" content=\"@dinn_ucsc\" \/>\n<meta name=\"twitter:label1\" content=\"Tiempo de lectura\" \/>\n\t<meta name=\"twitter:data1\" content=\"1 minuto\" \/>\n<script type=\"application\/ld+json\" class=\"yoast-schema-graph\">{\"@context\":\"https:\/\/schema.org\",\"@graph\":[{\"@type\":\"WebSite\",\"@id\":\"https:\/\/dinn.ucsc.cl\/#website\",\"url\":\"https:\/\/dinn.ucsc.cl\/\",\"name\":\"Direcci\u00f3n de Innovaci\u00f3n UCSC\",\"description\":\"Direcci\u00f3n de Innovaci\u00f3n\",\"potentialAction\":[{\"@type\":\"SearchAction\",\"target\":{\"@type\":\"EntryPoint\",\"urlTemplate\":\"https:\/\/dinn.ucsc.cl\/?s={search_term_string}\"},\"query-input\":\"required name=search_term_string\"}],\"inLanguage\":\"es\"},{\"@type\":\"ImageObject\",\"inLanguage\":\"es\",\"@id\":\"https:\/\/dinn.ucsc.cl\/index.php\/guia-de-estrategias-de-aprendizaje-para-la-educacion-ambiental-en-establecimientos-educacionales-de-educacion-media-en-chile\/#primaryimage\",\"url\":\"https:\/\/sitios.ucsc.cl\/investigacion\/wp-content\/uploads\/sites\/14\/2023\/11\/OTT_DDA_15_2023.png\",\"contentUrl\":\"https:\/\/sitios.ucsc.cl\/investigacion\/wp-content\/uploads\/sites\/14\/2023\/11\/OTT_DDA_15_2023.png\"},{\"@type\":\"WebPage\",\"@id\":\"https:\/\/dinn.ucsc.cl\/index.php\/guia-de-estrategias-de-aprendizaje-para-la-educacion-ambiental-en-establecimientos-educacionales-de-educacion-media-en-chile\/#webpage\",\"url\":\"https:\/\/dinn.ucsc.cl\/index.php\/guia-de-estrategias-de-aprendizaje-para-la-educacion-ambiental-en-establecimientos-educacionales-de-educacion-media-en-chile\/\",\"name\":\"Gu\u00eda de estrategias de aprendizaje para la educaci\u00f3n ambiental en establecimientos educacionales de educaci\u00f3n media en Chile -\",\"isPartOf\":{\"@id\":\"https:\/\/dinn.ucsc.cl\/#website\"},\"primaryImageOfPage\":{\"@id\":\"https:\/\/dinn.ucsc.cl\/index.php\/guia-de-estrategias-de-aprendizaje-para-la-educacion-ambiental-en-establecimientos-educacionales-de-educacion-media-en-chile\/#primaryimage\"},\"datePublished\":\"2023-11-07T14:43:29+00:00\",\"dateModified\":\"2023-11-07T14:43:54+00:00\",\"breadcrumb\":{\"@id\":\"https:\/\/dinn.ucsc.cl\/index.php\/guia-de-estrategias-de-aprendizaje-para-la-educacion-ambiental-en-establecimientos-educacionales-de-educacion-media-en-chile\/#breadcrumb\"},\"inLanguage\":\"es\",\"potentialAction\":[{\"@type\":\"ReadAction\",\"target\":[\"https:\/\/dinn.ucsc.cl\/index.php\/guia-de-estrategias-de-aprendizaje-para-la-educacion-ambiental-en-establecimientos-educacionales-de-educacion-media-en-chile\/\"]}]},{\"@type\":\"BreadcrumbList\",\"@id\":\"https:\/\/dinn.ucsc.cl\/index.php\/guia-de-estrategias-de-aprendizaje-para-la-educacion-ambiental-en-establecimientos-educacionales-de-educacion-media-en-chile\/#breadcrumb\",\"itemListElement\":[{\"@type\":\"ListItem\",\"position\":1,\"name\":\"Inicio\",\"item\":\"https:\/\/dinn.ucsc.cl\/\"},{\"@type\":\"ListItem\",\"position\":2,\"name\":\"Gu\u00eda de estrategias de aprendizaje para la educaci\u00f3n ambiental en establecimientos educacionales de educaci\u00f3n media en Chile\"}]}]}<\/script>\n<!-- \/ Yoast SEO plugin. -->","yoast_head_json":{"title":"Gu\u00eda de estrategias de aprendizaje para la educaci\u00f3n ambiental en establecimientos educacionales de educaci\u00f3n media en Chile -","robots":{"index":"index","follow":"follow","max-snippet":"max-snippet:-1","max-image-preview":"max-image-preview:large","max-video-preview":"max-video-preview:-1"},"canonical":"https:\/\/dinn.ucsc.cl\/index.php\/guia-de-estrategias-de-aprendizaje-para-la-educacion-ambiental-en-establecimientos-educacionales-de-educacion-media-en-chile\/","og_locale":"es_ES","og_type":"article","og_title":"Gu\u00eda de estrategias de aprendizaje para la educaci\u00f3n ambiental en establecimientos educacionales de educaci\u00f3n media en Chile -","og_description":"Tecnolog\u00eda desarrollada Documento en formato gu\u00eda, dise\u00f1ado para facilitar la ense\u00f1anza de los conceptos, actitudes y habilidades necesarias para ejercer una ciudadan\u00eda informada y responsable frente a las problem\u00e1ticas ambientales. En detalle, en esta gu\u00eda se aborda la asignatura de Ciencias Naturales, a trav\u00e9s de sus ejes tem\u00e1ticos de Biolog\u00eda, F\u00edsica y Qu\u00edmica, utilizando la [&hellip;]","og_url":"https:\/\/dinn.ucsc.cl\/index.php\/guia-de-estrategias-de-aprendizaje-para-la-educacion-ambiental-en-establecimientos-educacionales-de-educacion-media-en-chile\/","article_publisher":"https:\/\/m.facebook.com\/DINNUCSC","article_modified_time":"2023-11-07T14:43:54+00:00","og_image":[{"url":"https:\/\/sitios.ucsc.cl\/investigacion\/wp-content\/uploads\/sites\/14\/2023\/11\/OTT_DDA_15_2023.png"}],"twitter_card":"summary","twitter_site":"@dinn_ucsc","twitter_misc":{"Tiempo de lectura":"1 minuto"},"schema":{"@context":"https:\/\/schema.org","@graph":[{"@type":"WebSite","@id":"https:\/\/dinn.ucsc.cl\/#website","url":"https:\/\/dinn.ucsc.cl\/","name":"Direcci\u00f3n de Innovaci\u00f3n UCSC","description":"Direcci\u00f3n de Innovaci\u00f3n","potentialAction":[{"@type":"SearchAction","target":{"@type":"EntryPoint","urlTemplate":"https:\/\/dinn.ucsc.cl\/?s={search_term_string}"},"query-input":"required name=search_term_string"}],"inLanguage":"es"},{"@type":"ImageObject","inLanguage":"es","@id":"https:\/\/dinn.ucsc.cl\/index.php\/guia-de-estrategias-de-aprendizaje-para-la-educacion-ambiental-en-establecimientos-educacionales-de-educacion-media-en-chile\/#primaryimage","url":"https:\/\/sitios.ucsc.cl\/investigacion\/wp-content\/uploads\/sites\/14\/2023\/11\/OTT_DDA_15_2023.png","contentUrl":"https:\/\/sitios.ucsc.cl\/investigacion\/wp-content\/uploads\/sites\/14\/2023\/11\/OTT_DDA_15_2023.png"},{"@type":"WebPage","@id":"https:\/\/dinn.ucsc.cl\/index.php\/guia-de-estrategias-de-aprendizaje-para-la-educacion-ambiental-en-establecimientos-educacionales-de-educacion-media-en-chile\/#webpage","url":"https:\/\/dinn.ucsc.cl\/index.php\/guia-de-estrategias-de-aprendizaje-para-la-educacion-ambiental-en-establecimientos-educacionales-de-educacion-media-en-chile\/","name":"Gu\u00eda de estrategias de aprendizaje para la educaci\u00f3n ambiental en establecimientos educacionales de educaci\u00f3n media en Chile -","isPartOf":{"@id":"https:\/\/dinn.ucsc.cl\/#website"},"primaryImageOfPage":{"@id":"https:\/\/dinn.ucsc.cl\/index.php\/guia-de-estrategias-de-aprendizaje-para-la-educacion-ambiental-en-establecimientos-educacionales-de-educacion-media-en-chile\/#primaryimage"},"datePublished":"2023-11-07T14:43:29+00:00","dateModified":"2023-11-07T14:43:54+00:00","breadcrumb":{"@id":"https:\/\/dinn.ucsc.cl\/index.php\/guia-de-estrategias-de-aprendizaje-para-la-educacion-ambiental-en-establecimientos-educacionales-de-educacion-media-en-chile\/#breadcrumb"},"inLanguage":"es","potentialAction":[{"@type":"ReadAction","target":["https:\/\/dinn.ucsc.cl\/index.php\/guia-de-estrategias-de-aprendizaje-para-la-educacion-ambiental-en-establecimientos-educacionales-de-educacion-media-en-chile\/"]}]},{"@type":"BreadcrumbList","@id":"https:\/\/dinn.ucsc.cl\/index.php\/guia-de-estrategias-de-aprendizaje-para-la-educacion-ambiental-en-establecimientos-educacionales-de-educacion-media-en-chile\/#breadcrumb","itemListElement":[{"@type":"ListItem","position":1,"name":"Inicio","item":"https:\/\/dinn.ucsc.cl\/"},{"@type":"ListItem","position":2,"name":"Gu\u00eda de estrategias de aprendizaje para la educaci\u00f3n ambiental en establecimientos educacionales de educaci\u00f3n media en Chile"}]}]}},"_links":{"self":[{"href":"https:\/\/dinn.ucsc.cl\/index.php\/wp-json\/wp\/v2\/pages\/5578"}],"collection":[{"href":"https:\/\/dinn.ucsc.cl\/index.php\/wp-json\/wp\/v2\/pages"}],"about":[{"href":"https:\/\/dinn.ucsc.cl\/index.php\/wp-json\/wp\/v2\/types\/page"}],"author":[{"embeddable":true,"href":"https:\/\/dinn.ucsc.cl\/index.php\/wp-json\/wp\/v2\/users\/84"}],"replies":[{"embeddable":true,"href":"https:\/\/dinn.ucsc.cl\/index.php\/wp-json\/wp\/v2\/comments?post=5578"}],"version-history":[{"count":1,"href":"https:\/\/dinn.ucsc.cl\/index.php\/wp-json\/wp\/v2\/pages\/5578\/revisions"}],"predecessor-version":[{"id":5629,"href":"https:\/\/dinn.ucsc.cl\/index.php\/wp-json\/wp\/v2\/pages\/5578\/revisions\/5629"}],"wp:attachment":[{"href":"https:\/\/dinn.ucsc.cl\/index.php\/wp-json\/wp\/v2\/media?parent=5578"}],"curies":[{"name":"wp","href":"https:\/\/api.w.org\/{rel}","templated":true}]}}