{"id":5630,"date":"2023-11-07T11:46:44","date_gmt":"2023-11-07T14:46:44","guid":{"rendered":"https:\/\/dinn.ucsc.cl\/?page_id=5630"},"modified":"2023-11-07T11:46:44","modified_gmt":"2023-11-07T14:46:44","slug":"guia-para-la-formacion-inicial-docente-con-perspectiva-de-genero-en-carreras-de-la-primera-infancia","status":"publish","type":"page","link":"https:\/\/dinn.ucsc.cl\/index.php\/guia-para-la-formacion-inicial-docente-con-perspectiva-de-genero-en-carreras-de-la-primera-infancia\/","title":{"rendered":"Gu\u00eda para la formaci\u00f3n inicial docente con perspectiva de g\u00e9nero, en carreras de la primera infancia"},"content":{"rendered":"<table class=\" alignleft\" style=\"height: 971px;width: 748px\">\n<tbody>\n<tr style=\"height: 153px\">\n<td style=\"width: 747.2px;height: 153px\" colspan=\"4\"><img loading=\"lazy\" class=\"aligncenter wp-image-5626\" src=\"https:\/\/dinn.ucsc.cl\/wp-content\/uploads\/sites\/14\/2023\/11\/OTT_DDA_16_2023.png\" alt=\"\" width=\"839\" height=\"171\" srcset=\"https:\/\/dinn.ucsc.cl\/wp-content\/uploads\/sites\/14\/2023\/11\/OTT_DDA_16_2023.png 1080w, https:\/\/dinn.ucsc.cl\/wp-content\/uploads\/sites\/14\/2023\/11\/OTT_DDA_16_2023-300x61.png 300w, https:\/\/dinn.ucsc.cl\/wp-content\/uploads\/sites\/14\/2023\/11\/OTT_DDA_16_2023-1024x209.png 1024w, https:\/\/dinn.ucsc.cl\/wp-content\/uploads\/sites\/14\/2023\/11\/OTT_DDA_16_2023-768x156.png 768w, https:\/\/dinn.ucsc.cl\/wp-content\/uploads\/sites\/14\/2023\/11\/OTT_DDA_16_2023-200x41.png 200w\" sizes=\"(max-width: 839px) 100vw, 839px\" \/><\/td>\n<\/tr>\n<tr style=\"height: 181px\">\n<td style=\"width: 9.025px;height: 181px\"><\/td>\n<td style=\"width: 65.1875px;height: 181px\"><a href=\"https:\/\/sitios.ucsc.cl\/ott\/wp-content\/uploads\/sites\/15\/2022\/06\/OTT_DDA_1.png\"><img loading=\"lazy\" class=\"aligncenter size-full wp-image-2175\" src=\"https:\/\/sitios.ucsc.cl\/ott\/wp-content\/uploads\/sites\/15\/2022\/06\/OTT_DDA_1.png\" alt=\"\" width=\"50\" height=\"50\" \/><\/a><\/td>\n<td style=\"width: 654.925px;height: 181px\">\n<h3>Tecnolog\u00eda desarrollada<\/h3>\n<p style=\"text-align: justify\">Consiste en una gu\u00eda cuyo prop\u00f3sito es entregar a acad\u00e9micas y acad\u00e9micos de las carreras de Educaci\u00f3n de P\u00e1rvulos y de Educaci\u00f3n B\u00e1sica, un marco normativo y conceptual sobre perspectiva de g\u00e9nero en educaci\u00f3n. Su fin es formar a los futuros educadores con una mirada inclusiva hacia el g\u00e9nero y \u00e9stos a su vez, formen a las futuras generaciones de ni\u00f1as y ni\u00f1os, desde un paradigma distinto, que permita apreciar la diversidad en todo su esplendor y promuevan una sociedad equitativa y justa para todas las expresiones y orientaciones de g\u00e9nero, relevando el rol de la mujer en la sociedad.<\/p>\n<\/td>\n<td style=\"width: 18.0625px;height: 181px\">\n<h3><\/h3>\n<\/td>\n<\/tr>\n<tr style=\"height: 156px\">\n<td style=\"width: 9.025px;height: 156px\"><\/td>\n<td style=\"width: 65.1875px;height: 156px\"><a href=\"https:\/\/sitios.ucsc.cl\/ott\/wp-content\/uploads\/sites\/15\/2022\/06\/OTT_DDA_2.png\"><img loading=\"lazy\" class=\"aligncenter size-full wp-image-2176\" src=\"https:\/\/sitios.ucsc.cl\/ott\/wp-content\/uploads\/sites\/15\/2022\/06\/OTT_DDA_2.png\" alt=\"\" width=\"50\" height=\"50\" \/><\/a><\/td>\n<td style=\"width: 654.925px;height: 156px\">\n<h3>Beneficios \/ Ventajas<\/h3>\n<p style=\"text-align: justify\">\u2022 La gu\u00eda termina con una propuesta para que, en sus talleres de pr\u00e1ctica progresiva, los futuros docentes reflexionen sobre su propio desempe\u00f1o y el del profesor gu\u00eda en el aula. As\u00ed tambi\u00e9n, una mirada a los contenidos planteados desde la literatura infantil para evidenciar c\u00f3mo se reproducen inconsciente o conscientemente los estereotipos de g\u00e9nero y plantear una propuesta de cuentos que colabore a derribarlos.<\/p>\n<\/td>\n<td style=\"width: 18.0625px;height: 156px\"><\/td>\n<\/tr>\n<tr style=\"height: 104px\">\n<td style=\"width: 9.025px;height: 104px\"><\/td>\n<td style=\"width: 65.1875px;height: 104px\"><a href=\"https:\/\/sitios.ucsc.cl\/ott\/wp-content\/uploads\/sites\/15\/2022\/06\/OTT_DDA_3.png\"><img loading=\"lazy\" class=\"aligncenter size-full wp-image-2177\" src=\"https:\/\/sitios.ucsc.cl\/ott\/wp-content\/uploads\/sites\/15\/2022\/06\/OTT_DDA_3.png\" alt=\"\" width=\"50\" height=\"50\" \/><\/a><\/td>\n<td style=\"width: 654.925px;height: 104px\">\n<h3>Usos \/ Aplicaciones<\/h3>\n<p style=\"text-align: justify\">Esta gu\u00eda puede ser usada por docentes de las carreras de Educaci\u00f3n de P\u00e1rvulos y Educaci\u00f3n B\u00e1sica en instituciones de educaci\u00f3n superior p\u00fablicas y privadas.<\/p>\n<\/td>\n<td style=\"width: 18.0625px;height: 104px\"><\/td>\n<\/tr>\n<tr style=\"height: 79px\">\n<td style=\"width: 9.025px;height: 79px\"><\/td>\n<td style=\"width: 65.1875px;height: 79px\"><a href=\"https:\/\/sitios.ucsc.cl\/ott\/wp-content\/uploads\/sites\/15\/2022\/06\/OTT_DDA_4.png\"><img loading=\"lazy\" class=\"aligncenter size-full wp-image-2178\" src=\"https:\/\/sitios.ucsc.cl\/ott\/wp-content\/uploads\/sites\/15\/2022\/06\/OTT_DDA_4.png\" alt=\"\" width=\"50\" height=\"50\" \/><\/a><\/td>\n<td style=\"width: 654.925px;height: 79px\">\n<h3>Oferta tecnol\u00f3gica<\/h3>\n<p>Disponible para licenciamiento.<\/td>\n<td style=\"width: 18.0625px;height: 79px\"><\/td>\n<\/tr>\n<tr style=\"height: 79px\">\n<td style=\"width: 9.025px;height: 79px\"><\/td>\n<td style=\"width: 65.1875px;height: 79px\"><a href=\"https:\/\/sitios.ucsc.cl\/ott\/wp-content\/uploads\/sites\/15\/2022\/06\/OTT_DDA_5.png\"><img loading=\"lazy\" class=\"aligncenter size-full wp-image-2179\" src=\"https:\/\/sitios.ucsc.cl\/ott\/wp-content\/uploads\/sites\/15\/2022\/06\/OTT_DDA_5.png\" alt=\"\" width=\"50\" height=\"50\" \/><\/a><\/td>\n<td style=\"width: 654.925px;height: 79px\">\n<h3>Propiedad intelectual<\/h3>\n<p>Registro Derecho de Autor: 2022-A-8605<\/td>\n<td style=\"width: 18.0625px;height: 79px\"><\/td>\n<\/tr>\n<tr style=\"height: 104px\">\n<td style=\"width: 9.025px;height: 104px\"><\/td>\n<td style=\"width: 65.1875px;height: 104px\"><a href=\"https:\/\/sitios.ucsc.cl\/ott\/wp-content\/uploads\/sites\/15\/2022\/06\/OTT_DDA_6.png\"><img loading=\"lazy\" class=\"size-full wp-image-2180 aligncenter\" src=\"https:\/\/sitios.ucsc.cl\/ott\/wp-content\/uploads\/sites\/15\/2022\/06\/OTT_DDA_6.png\" alt=\"\" width=\"50\" height=\"50\" \/><\/a><\/td>\n<td style=\"width: 654.925px;height: 104px\">\n<h3>Investigador principal<\/h3>\n<p>Mar\u00eda Eugenia Soto Mu\u00f1oz, Facultad de Educaci\u00f3n.<\/td>\n<td style=\"width: 18.0625px;height: 104px\"><\/td>\n<\/tr>\n<tr style=\"height: 115px\">\n<td style=\"width: 9.025px;height: 115px\"><\/td>\n<td style=\"width: 720.112px;height: 115px\" colspan=\"2\">&nbsp;<\/p>\n<p><a href=\"https:\/\/dinn.ucsc.cl\/wp-content\/uploads\/sites\/14\/2023\/11\/OTT_DDA_16_2023.pdf\"><img loading=\"lazy\" class=\"aligncenter wp-image-2220 size-medium\" src=\"https:\/\/sitios.ucsc.cl\/ott\/wp-content\/uploads\/sites\/15\/2022\/06\/Bot\u00f3n-descarga-300x61.png\" alt=\"\" width=\"300\" height=\"61\" \/><\/a><\/td>\n<\/tr>\n<\/tbody>\n<\/table>\n","protected":false},"excerpt":{"rendered":"<p>Tecnolog\u00eda desarrollada Consiste en una gu\u00eda cuyo prop\u00f3sito es entregar a acad\u00e9micas y acad\u00e9micos de las carreras de Educaci\u00f3n de P\u00e1rvulos y de Educaci\u00f3n B\u00e1sica, un marco normativo y conceptual sobre perspectiva de g\u00e9nero en educaci\u00f3n. Su fin es formar a los futuros educadores con una mirada inclusiva hacia el g\u00e9nero y \u00e9stos a su [&hellip;]<\/p>\n","protected":false},"author":84,"featured_media":0,"parent":0,"menu_order":0,"comment_status":"closed","ping_status":"closed","template":"","meta":[],"yoast_head":"<!-- This site is optimized with the Yoast SEO plugin v18.9 - https:\/\/yoast.com\/wordpress\/plugins\/seo\/ -->\n<title>Gu\u00eda para la formaci\u00f3n inicial docente con perspectiva de g\u00e9nero, en carreras de la primera infancia -<\/title>\n<meta name=\"robots\" content=\"index, follow, max-snippet:-1, max-image-preview:large, max-video-preview:-1\" \/>\n<link rel=\"canonical\" href=\"https:\/\/dinn.ucsc.cl\/index.php\/guia-para-la-formacion-inicial-docente-con-perspectiva-de-genero-en-carreras-de-la-primera-infancia\/\" \/>\n<meta property=\"og:locale\" content=\"es_ES\" \/>\n<meta property=\"og:type\" content=\"article\" \/>\n<meta property=\"og:title\" content=\"Gu\u00eda para la formaci\u00f3n inicial docente con perspectiva de g\u00e9nero, en carreras de la primera infancia -\" \/>\n<meta property=\"og:description\" content=\"Tecnolog\u00eda desarrollada Consiste en una gu\u00eda cuyo prop\u00f3sito es entregar a acad\u00e9micas y acad\u00e9micos de las carreras de Educaci\u00f3n de P\u00e1rvulos y de Educaci\u00f3n B\u00e1sica, un marco normativo y conceptual sobre perspectiva de g\u00e9nero en educaci\u00f3n. Su fin es formar a los futuros educadores con una mirada inclusiva hacia el g\u00e9nero y \u00e9stos a su [&hellip;]\" \/>\n<meta property=\"og:url\" content=\"https:\/\/dinn.ucsc.cl\/index.php\/guia-para-la-formacion-inicial-docente-con-perspectiva-de-genero-en-carreras-de-la-primera-infancia\/\" \/>\n<meta property=\"article:publisher\" content=\"https:\/\/m.facebook.com\/DINNUCSC\" \/>\n<meta property=\"og:image\" content=\"https:\/\/sitios.ucsc.cl\/investigacion\/wp-content\/uploads\/sites\/14\/2023\/11\/OTT_DDA_16_2023.png\" \/>\n<meta name=\"twitter:card\" content=\"summary\" \/>\n<meta name=\"twitter:site\" content=\"@dinn_ucsc\" \/>\n<meta name=\"twitter:label1\" content=\"Tiempo de lectura\" \/>\n\t<meta name=\"twitter:data1\" content=\"1 minuto\" \/>\n<script type=\"application\/ld+json\" class=\"yoast-schema-graph\">{\"@context\":\"https:\/\/schema.org\",\"@graph\":[{\"@type\":\"WebSite\",\"@id\":\"https:\/\/dinn.ucsc.cl\/#website\",\"url\":\"https:\/\/dinn.ucsc.cl\/\",\"name\":\"Direcci\u00f3n de Innovaci\u00f3n UCSC\",\"description\":\"Direcci\u00f3n de Innovaci\u00f3n\",\"potentialAction\":[{\"@type\":\"SearchAction\",\"target\":{\"@type\":\"EntryPoint\",\"urlTemplate\":\"https:\/\/dinn.ucsc.cl\/?s={search_term_string}\"},\"query-input\":\"required name=search_term_string\"}],\"inLanguage\":\"es\"},{\"@type\":\"ImageObject\",\"inLanguage\":\"es\",\"@id\":\"https:\/\/dinn.ucsc.cl\/index.php\/guia-para-la-formacion-inicial-docente-con-perspectiva-de-genero-en-carreras-de-la-primera-infancia\/#primaryimage\",\"url\":\"https:\/\/sitios.ucsc.cl\/investigacion\/wp-content\/uploads\/sites\/14\/2023\/11\/OTT_DDA_16_2023.png\",\"contentUrl\":\"https:\/\/sitios.ucsc.cl\/investigacion\/wp-content\/uploads\/sites\/14\/2023\/11\/OTT_DDA_16_2023.png\"},{\"@type\":\"WebPage\",\"@id\":\"https:\/\/dinn.ucsc.cl\/index.php\/guia-para-la-formacion-inicial-docente-con-perspectiva-de-genero-en-carreras-de-la-primera-infancia\/#webpage\",\"url\":\"https:\/\/dinn.ucsc.cl\/index.php\/guia-para-la-formacion-inicial-docente-con-perspectiva-de-genero-en-carreras-de-la-primera-infancia\/\",\"name\":\"Gu\u00eda para la formaci\u00f3n inicial docente con perspectiva de g\u00e9nero, en carreras de la primera infancia -\",\"isPartOf\":{\"@id\":\"https:\/\/dinn.ucsc.cl\/#website\"},\"primaryImageOfPage\":{\"@id\":\"https:\/\/dinn.ucsc.cl\/index.php\/guia-para-la-formacion-inicial-docente-con-perspectiva-de-genero-en-carreras-de-la-primera-infancia\/#primaryimage\"},\"datePublished\":\"2023-11-07T14:46:44+00:00\",\"dateModified\":\"2023-11-07T14:46:44+00:00\",\"breadcrumb\":{\"@id\":\"https:\/\/dinn.ucsc.cl\/index.php\/guia-para-la-formacion-inicial-docente-con-perspectiva-de-genero-en-carreras-de-la-primera-infancia\/#breadcrumb\"},\"inLanguage\":\"es\",\"potentialAction\":[{\"@type\":\"ReadAction\",\"target\":[\"https:\/\/dinn.ucsc.cl\/index.php\/guia-para-la-formacion-inicial-docente-con-perspectiva-de-genero-en-carreras-de-la-primera-infancia\/\"]}]},{\"@type\":\"BreadcrumbList\",\"@id\":\"https:\/\/dinn.ucsc.cl\/index.php\/guia-para-la-formacion-inicial-docente-con-perspectiva-de-genero-en-carreras-de-la-primera-infancia\/#breadcrumb\",\"itemListElement\":[{\"@type\":\"ListItem\",\"position\":1,\"name\":\"Inicio\",\"item\":\"https:\/\/dinn.ucsc.cl\/\"},{\"@type\":\"ListItem\",\"position\":2,\"name\":\"Gu\u00eda para la formaci\u00f3n inicial docente con perspectiva de g\u00e9nero, en carreras de la primera infancia\"}]}]}<\/script>\n<!-- \/ Yoast SEO plugin. -->","yoast_head_json":{"title":"Gu\u00eda para la formaci\u00f3n inicial docente con perspectiva de g\u00e9nero, en carreras de la primera infancia -","robots":{"index":"index","follow":"follow","max-snippet":"max-snippet:-1","max-image-preview":"max-image-preview:large","max-video-preview":"max-video-preview:-1"},"canonical":"https:\/\/dinn.ucsc.cl\/index.php\/guia-para-la-formacion-inicial-docente-con-perspectiva-de-genero-en-carreras-de-la-primera-infancia\/","og_locale":"es_ES","og_type":"article","og_title":"Gu\u00eda para la formaci\u00f3n inicial docente con perspectiva de g\u00e9nero, en carreras de la primera infancia -","og_description":"Tecnolog\u00eda desarrollada Consiste en una gu\u00eda cuyo prop\u00f3sito es entregar a acad\u00e9micas y acad\u00e9micos de las carreras de Educaci\u00f3n de P\u00e1rvulos y de Educaci\u00f3n B\u00e1sica, un marco normativo y conceptual sobre perspectiva de g\u00e9nero en educaci\u00f3n. Su fin es formar a los futuros educadores con una mirada inclusiva hacia el g\u00e9nero y \u00e9stos a su [&hellip;]","og_url":"https:\/\/dinn.ucsc.cl\/index.php\/guia-para-la-formacion-inicial-docente-con-perspectiva-de-genero-en-carreras-de-la-primera-infancia\/","article_publisher":"https:\/\/m.facebook.com\/DINNUCSC","og_image":[{"url":"https:\/\/sitios.ucsc.cl\/investigacion\/wp-content\/uploads\/sites\/14\/2023\/11\/OTT_DDA_16_2023.png"}],"twitter_card":"summary","twitter_site":"@dinn_ucsc","twitter_misc":{"Tiempo de lectura":"1 minuto"},"schema":{"@context":"https:\/\/schema.org","@graph":[{"@type":"WebSite","@id":"https:\/\/dinn.ucsc.cl\/#website","url":"https:\/\/dinn.ucsc.cl\/","name":"Direcci\u00f3n de Innovaci\u00f3n UCSC","description":"Direcci\u00f3n de Innovaci\u00f3n","potentialAction":[{"@type":"SearchAction","target":{"@type":"EntryPoint","urlTemplate":"https:\/\/dinn.ucsc.cl\/?s={search_term_string}"},"query-input":"required name=search_term_string"}],"inLanguage":"es"},{"@type":"ImageObject","inLanguage":"es","@id":"https:\/\/dinn.ucsc.cl\/index.php\/guia-para-la-formacion-inicial-docente-con-perspectiva-de-genero-en-carreras-de-la-primera-infancia\/#primaryimage","url":"https:\/\/sitios.ucsc.cl\/investigacion\/wp-content\/uploads\/sites\/14\/2023\/11\/OTT_DDA_16_2023.png","contentUrl":"https:\/\/sitios.ucsc.cl\/investigacion\/wp-content\/uploads\/sites\/14\/2023\/11\/OTT_DDA_16_2023.png"},{"@type":"WebPage","@id":"https:\/\/dinn.ucsc.cl\/index.php\/guia-para-la-formacion-inicial-docente-con-perspectiva-de-genero-en-carreras-de-la-primera-infancia\/#webpage","url":"https:\/\/dinn.ucsc.cl\/index.php\/guia-para-la-formacion-inicial-docente-con-perspectiva-de-genero-en-carreras-de-la-primera-infancia\/","name":"Gu\u00eda para la formaci\u00f3n inicial docente con perspectiva de g\u00e9nero, en carreras de la primera infancia -","isPartOf":{"@id":"https:\/\/dinn.ucsc.cl\/#website"},"primaryImageOfPage":{"@id":"https:\/\/dinn.ucsc.cl\/index.php\/guia-para-la-formacion-inicial-docente-con-perspectiva-de-genero-en-carreras-de-la-primera-infancia\/#primaryimage"},"datePublished":"2023-11-07T14:46:44+00:00","dateModified":"2023-11-07T14:46:44+00:00","breadcrumb":{"@id":"https:\/\/dinn.ucsc.cl\/index.php\/guia-para-la-formacion-inicial-docente-con-perspectiva-de-genero-en-carreras-de-la-primera-infancia\/#breadcrumb"},"inLanguage":"es","potentialAction":[{"@type":"ReadAction","target":["https:\/\/dinn.ucsc.cl\/index.php\/guia-para-la-formacion-inicial-docente-con-perspectiva-de-genero-en-carreras-de-la-primera-infancia\/"]}]},{"@type":"BreadcrumbList","@id":"https:\/\/dinn.ucsc.cl\/index.php\/guia-para-la-formacion-inicial-docente-con-perspectiva-de-genero-en-carreras-de-la-primera-infancia\/#breadcrumb","itemListElement":[{"@type":"ListItem","position":1,"name":"Inicio","item":"https:\/\/dinn.ucsc.cl\/"},{"@type":"ListItem","position":2,"name":"Gu\u00eda para la formaci\u00f3n inicial docente con perspectiva de g\u00e9nero, en carreras de la primera infancia"}]}]}},"_links":{"self":[{"href":"https:\/\/dinn.ucsc.cl\/index.php\/wp-json\/wp\/v2\/pages\/5630"}],"collection":[{"href":"https:\/\/dinn.ucsc.cl\/index.php\/wp-json\/wp\/v2\/pages"}],"about":[{"href":"https:\/\/dinn.ucsc.cl\/index.php\/wp-json\/wp\/v2\/types\/page"}],"author":[{"embeddable":true,"href":"https:\/\/dinn.ucsc.cl\/index.php\/wp-json\/wp\/v2\/users\/84"}],"replies":[{"embeddable":true,"href":"https:\/\/dinn.ucsc.cl\/index.php\/wp-json\/wp\/v2\/comments?post=5630"}],"version-history":[{"count":1,"href":"https:\/\/dinn.ucsc.cl\/index.php\/wp-json\/wp\/v2\/pages\/5630\/revisions"}],"predecessor-version":[{"id":5631,"href":"https:\/\/dinn.ucsc.cl\/index.php\/wp-json\/wp\/v2\/pages\/5630\/revisions\/5631"}],"wp:attachment":[{"href":"https:\/\/dinn.ucsc.cl\/index.php\/wp-json\/wp\/v2\/media?parent=5630"}],"curies":[{"name":"wp","href":"https:\/\/api.w.org\/{rel}","templated":true}]}}