{"id":5632,"date":"2023-11-07T11:49:14","date_gmt":"2023-11-07T14:49:14","guid":{"rendered":"https:\/\/dinn.ucsc.cl\/?page_id=5632"},"modified":"2023-11-07T12:00:03","modified_gmt":"2023-11-07T15:00:03","slug":"guia-orientadora-para-el-diseno-e-implementacion-de-una-estrategia-de-transicion-educativa-entre-kinder-y-1-ano-basico","status":"publish","type":"page","link":"https:\/\/dinn.ucsc.cl\/index.php\/guia-orientadora-para-el-diseno-e-implementacion-de-una-estrategia-de-transicion-educativa-entre-kinder-y-1-ano-basico\/","title":{"rendered":"Gu\u00eda orientadora para el dise\u00f1o e implementaci\u00f3n de una estrategia de transici\u00f3n educativa, entre kinder y 1\u00b0 a\u00f1o b\u00e1sico"},"content":{"rendered":"<table class=\" alignleft\" style=\"height: 971px;width: 748px\">\n<tbody>\n<tr style=\"height: 153px\">\n<td style=\"width: 747.2px;height: 153px\" colspan=\"4\"><img loading=\"lazy\" class=\"aligncenter wp-image-5628\" src=\"https:\/\/dinn.ucsc.cl\/wp-content\/uploads\/sites\/14\/2023\/11\/OTT_DDA_17_2023.png\" alt=\"\" width=\"839\" height=\"171\" srcset=\"https:\/\/dinn.ucsc.cl\/wp-content\/uploads\/sites\/14\/2023\/11\/OTT_DDA_17_2023.png 1080w, https:\/\/dinn.ucsc.cl\/wp-content\/uploads\/sites\/14\/2023\/11\/OTT_DDA_17_2023-300x61.png 300w, https:\/\/dinn.ucsc.cl\/wp-content\/uploads\/sites\/14\/2023\/11\/OTT_DDA_17_2023-1024x209.png 1024w, https:\/\/dinn.ucsc.cl\/wp-content\/uploads\/sites\/14\/2023\/11\/OTT_DDA_17_2023-768x156.png 768w, https:\/\/dinn.ucsc.cl\/wp-content\/uploads\/sites\/14\/2023\/11\/OTT_DDA_17_2023-200x41.png 200w\" sizes=\"(max-width: 839px) 100vw, 839px\" \/><\/td>\n<\/tr>\n<tr style=\"height: 181px\">\n<td style=\"width: 9.025px;height: 181px\"><\/td>\n<td style=\"width: 65.1875px;height: 181px\"><a href=\"https:\/\/sitios.ucsc.cl\/ott\/wp-content\/uploads\/sites\/15\/2022\/06\/OTT_DDA_1.png\"><img loading=\"lazy\" class=\"aligncenter size-full wp-image-2175\" src=\"https:\/\/sitios.ucsc.cl\/ott\/wp-content\/uploads\/sites\/15\/2022\/06\/OTT_DDA_1.png\" alt=\"\" width=\"50\" height=\"50\" \/><\/a><\/td>\n<td style=\"width: 654.925px;height: 181px\">\n<h3>Tecnolog\u00eda desarrollada<\/h3>\n<p style=\"text-align: justify\">Gu\u00eda dise\u00f1ada para favorecer una transici\u00f3n educativa armoniosa de ni\u00f1as y ni\u00f1os desde el nivel Transici\u00f3n 2 (k\u00ednder) a Primer a\u00f1o b\u00e1sico. Esta herramienta contribuye a las comunidades educativas respecto al dise\u00f1o e implementaci\u00f3n de la Estrategia de Transici\u00f3n Educativa, coherente con el Proyecto Educativo Institucional (PEI) de cada establecimiento educativo y que se integre al Plan de Mejoramiento Educativo (PME) de cada uno. De esta forma se favorece para favorecer el tr\u00e1nsito de un nivel a otro, promoviendo el bienestar de las ni\u00f1as y ni\u00f1os que viven este proceso.<\/p>\n<\/td>\n<td style=\"width: 18.0625px;height: 181px\">\n<h3><\/h3>\n<\/td>\n<\/tr>\n<tr style=\"height: 156px\">\n<td style=\"width: 9.025px;height: 156px\"><\/td>\n<td style=\"width: 65.1875px;height: 156px\"><a href=\"https:\/\/sitios.ucsc.cl\/ott\/wp-content\/uploads\/sites\/15\/2022\/06\/OTT_DDA_2.png\"><img loading=\"lazy\" class=\"aligncenter size-full wp-image-2176\" src=\"https:\/\/sitios.ucsc.cl\/ott\/wp-content\/uploads\/sites\/15\/2022\/06\/OTT_DDA_2.png\" alt=\"\" width=\"50\" height=\"50\" \/><\/a><\/td>\n<td style=\"width: 654.925px;height: 156px\">\n<h3>Beneficios \/ Ventajas<\/h3>\n<p style=\"text-align: justify\">\u2022 Entrega un marco conceptual actualizado sobre la tem\u00e1tica de transici\u00f3n educativa, su diferencia con el concepto de articulaci\u00f3n y la clasificaci\u00f3n referida a esta \u00faltima, y c\u00f3mo este proceso se sustenta en los principios se\u00f1alados en la normativa ministerial, en el Decreto 373 (MINEDUC, 2017).<br \/>\n\u2022 Se presentan acciones y estrategias que pueden ser incorporadas en la Estrategia de Transici\u00f3n Educativa de cada establecimiento. Estas acciones est\u00e1n ordenadas seg\u00fan cada una de las dimensiones establecidas por el MINEDUC en el Decreto 373.<\/p>\n<\/td>\n<td style=\"width: 18.0625px;height: 156px\"><\/td>\n<\/tr>\n<tr style=\"height: 104px\">\n<td style=\"width: 9.025px;height: 104px\"><\/td>\n<td style=\"width: 65.1875px;height: 104px\"><a href=\"https:\/\/sitios.ucsc.cl\/ott\/wp-content\/uploads\/sites\/15\/2022\/06\/OTT_DDA_3.png\"><img loading=\"lazy\" class=\"aligncenter size-full wp-image-2177\" src=\"https:\/\/sitios.ucsc.cl\/ott\/wp-content\/uploads\/sites\/15\/2022\/06\/OTT_DDA_3.png\" alt=\"\" width=\"50\" height=\"50\" \/><\/a><\/td>\n<td style=\"width: 654.925px;height: 104px\">\n<h3>Usos \/ Aplicaciones<\/h3>\n<p style=\"text-align: justify\">Esta gu\u00eda orientadora puede ser usada por educadoras de p\u00e1rvulo, docentes de primer a\u00f1o b\u00e1sico, profesionales t\u00e9cnicos de la educaci\u00f3n, directivos de establecimientos, y estudiantes de pregrado de educaci\u00f3n de la primera infancia, para favorecer la transici\u00f3n educativa de k\u00ednder a primer a\u00f1o b\u00e1sico.<\/p>\n<\/td>\n<td style=\"width: 18.0625px;height: 104px\"><\/td>\n<\/tr>\n<tr style=\"height: 79px\">\n<td style=\"width: 9.025px;height: 79px\"><\/td>\n<td style=\"width: 65.1875px;height: 79px\"><a href=\"https:\/\/sitios.ucsc.cl\/ott\/wp-content\/uploads\/sites\/15\/2022\/06\/OTT_DDA_4.png\"><img loading=\"lazy\" class=\"aligncenter size-full wp-image-2178\" src=\"https:\/\/sitios.ucsc.cl\/ott\/wp-content\/uploads\/sites\/15\/2022\/06\/OTT_DDA_4.png\" alt=\"\" width=\"50\" height=\"50\" \/><\/a><\/td>\n<td style=\"width: 654.925px;height: 79px\">\n<h3>Oferta tecnol\u00f3gica<\/h3>\n<p>Disponible para licenciamiento.<\/td>\n<td style=\"width: 18.0625px;height: 79px\"><\/td>\n<\/tr>\n<tr style=\"height: 79px\">\n<td style=\"width: 9.025px;height: 79px\"><\/td>\n<td style=\"width: 65.1875px;height: 79px\"><a href=\"https:\/\/sitios.ucsc.cl\/ott\/wp-content\/uploads\/sites\/15\/2022\/06\/OTT_DDA_5.png\"><img loading=\"lazy\" class=\"aligncenter size-full wp-image-2179\" src=\"https:\/\/sitios.ucsc.cl\/ott\/wp-content\/uploads\/sites\/15\/2022\/06\/OTT_DDA_5.png\" alt=\"\" width=\"50\" height=\"50\" \/><\/a><\/td>\n<td style=\"width: 654.925px;height: 79px\">\n<h3>Propiedad intelectual<\/h3>\n<p>Registro Derecho de Autor: 2022-A-8600<\/td>\n<td style=\"width: 18.0625px;height: 79px\"><\/td>\n<\/tr>\n<tr style=\"height: 104px\">\n<td style=\"width: 9.025px;height: 104px\"><\/td>\n<td style=\"width: 65.1875px;height: 104px\"><a href=\"https:\/\/sitios.ucsc.cl\/ott\/wp-content\/uploads\/sites\/15\/2022\/06\/OTT_DDA_6.png\"><img loading=\"lazy\" class=\"size-full wp-image-2180 aligncenter\" src=\"https:\/\/sitios.ucsc.cl\/ott\/wp-content\/uploads\/sites\/15\/2022\/06\/OTT_DDA_6.png\" alt=\"\" width=\"50\" height=\"50\" \/><\/a><\/td>\n<td style=\"width: 654.925px;height: 104px\">\n<h3>Investigador principal<\/h3>\n<p>Mar\u00eda Eugenia Soto Mu\u00f1oz, Facultad de Educaci\u00f3n.<br \/>\nAng\u00e9lica Balladares Orellana, Facultad de Educaci\u00f3n.<\/td>\n<td style=\"width: 18.0625px;height: 104px\"><\/td>\n<\/tr>\n<tr style=\"height: 115px\">\n<td style=\"width: 9.025px;height: 115px\"><\/td>\n<td style=\"width: 720.112px;height: 115px\" colspan=\"2\">&nbsp;<\/p>\n<p><a href=\"https:\/\/dinn.ucsc.cl\/wp-content\/uploads\/sites\/14\/2023\/11\/OTT_DDA_17_2023.pdf\"><img loading=\"lazy\" class=\"aligncenter wp-image-2220 size-medium\" src=\"https:\/\/sitios.ucsc.cl\/ott\/wp-content\/uploads\/sites\/15\/2022\/06\/Bot\u00f3n-descarga-300x61.png\" alt=\"\" width=\"300\" height=\"61\" \/><\/a><\/td>\n<\/tr>\n<\/tbody>\n<\/table>\n","protected":false},"excerpt":{"rendered":"<p>Tecnolog\u00eda desarrollada Gu\u00eda dise\u00f1ada para favorecer una transici\u00f3n educativa armoniosa de ni\u00f1as y ni\u00f1os desde el nivel Transici\u00f3n 2 (k\u00ednder) a Primer a\u00f1o b\u00e1sico. Esta herramienta contribuye a las comunidades educativas respecto al dise\u00f1o e implementaci\u00f3n de la Estrategia de Transici\u00f3n Educativa, coherente con el Proyecto Educativo Institucional (PEI) de cada establecimiento educativo y que [&hellip;]<\/p>\n","protected":false},"author":84,"featured_media":0,"parent":0,"menu_order":0,"comment_status":"closed","ping_status":"closed","template":"","meta":[],"yoast_head":"<!-- This site is optimized with the Yoast SEO plugin v18.9 - https:\/\/yoast.com\/wordpress\/plugins\/seo\/ -->\n<title>Gu\u00eda orientadora para el dise\u00f1o e implementaci\u00f3n de una estrategia de transici\u00f3n educativa, entre kinder y 1\u00b0 a\u00f1o b\u00e1sico -<\/title>\n<meta name=\"robots\" content=\"index, follow, max-snippet:-1, max-image-preview:large, max-video-preview:-1\" \/>\n<link rel=\"canonical\" href=\"https:\/\/dinn.ucsc.cl\/index.php\/guia-orientadora-para-el-diseno-e-implementacion-de-una-estrategia-de-transicion-educativa-entre-kinder-y-1-ano-basico\/\" \/>\n<meta property=\"og:locale\" content=\"es_ES\" \/>\n<meta property=\"og:type\" content=\"article\" \/>\n<meta property=\"og:title\" content=\"Gu\u00eda orientadora para el dise\u00f1o e implementaci\u00f3n de una estrategia de transici\u00f3n educativa, entre kinder y 1\u00b0 a\u00f1o b\u00e1sico -\" \/>\n<meta property=\"og:description\" content=\"Tecnolog\u00eda desarrollada Gu\u00eda dise\u00f1ada para favorecer una transici\u00f3n educativa armoniosa de ni\u00f1as y ni\u00f1os desde el nivel Transici\u00f3n 2 (k\u00ednder) a Primer a\u00f1o b\u00e1sico. Esta herramienta contribuye a las comunidades educativas respecto al dise\u00f1o e implementaci\u00f3n de la Estrategia de Transici\u00f3n Educativa, coherente con el Proyecto Educativo Institucional (PEI) de cada establecimiento educativo y que [&hellip;]\" \/>\n<meta property=\"og:url\" content=\"https:\/\/dinn.ucsc.cl\/index.php\/guia-orientadora-para-el-diseno-e-implementacion-de-una-estrategia-de-transicion-educativa-entre-kinder-y-1-ano-basico\/\" \/>\n<meta property=\"article:publisher\" content=\"https:\/\/m.facebook.com\/DINNUCSC\" \/>\n<meta property=\"article:modified_time\" content=\"2023-11-07T15:00:03+00:00\" \/>\n<meta property=\"og:image\" content=\"https:\/\/sitios.ucsc.cl\/investigacion\/wp-content\/uploads\/sites\/14\/2023\/11\/OTT_DDA_17_2023.png\" \/>\n<meta name=\"twitter:card\" content=\"summary\" \/>\n<meta name=\"twitter:site\" content=\"@dinn_ucsc\" \/>\n<meta name=\"twitter:label1\" content=\"Tiempo de lectura\" \/>\n\t<meta name=\"twitter:data1\" content=\"1 minuto\" \/>\n<script type=\"application\/ld+json\" class=\"yoast-schema-graph\">{\"@context\":\"https:\/\/schema.org\",\"@graph\":[{\"@type\":\"WebSite\",\"@id\":\"https:\/\/dinn.ucsc.cl\/#website\",\"url\":\"https:\/\/dinn.ucsc.cl\/\",\"name\":\"Direcci\u00f3n de Innovaci\u00f3n UCSC\",\"description\":\"Direcci\u00f3n de Innovaci\u00f3n\",\"potentialAction\":[{\"@type\":\"SearchAction\",\"target\":{\"@type\":\"EntryPoint\",\"urlTemplate\":\"https:\/\/dinn.ucsc.cl\/?s={search_term_string}\"},\"query-input\":\"required name=search_term_string\"}],\"inLanguage\":\"es\"},{\"@type\":\"ImageObject\",\"inLanguage\":\"es\",\"@id\":\"https:\/\/dinn.ucsc.cl\/index.php\/guia-orientadora-para-el-diseno-e-implementacion-de-una-estrategia-de-transicion-educativa-entre-kinder-y-1-ano-basico\/#primaryimage\",\"url\":\"https:\/\/sitios.ucsc.cl\/investigacion\/wp-content\/uploads\/sites\/14\/2023\/11\/OTT_DDA_17_2023.png\",\"contentUrl\":\"https:\/\/sitios.ucsc.cl\/investigacion\/wp-content\/uploads\/sites\/14\/2023\/11\/OTT_DDA_17_2023.png\"},{\"@type\":\"WebPage\",\"@id\":\"https:\/\/dinn.ucsc.cl\/index.php\/guia-orientadora-para-el-diseno-e-implementacion-de-una-estrategia-de-transicion-educativa-entre-kinder-y-1-ano-basico\/#webpage\",\"url\":\"https:\/\/dinn.ucsc.cl\/index.php\/guia-orientadora-para-el-diseno-e-implementacion-de-una-estrategia-de-transicion-educativa-entre-kinder-y-1-ano-basico\/\",\"name\":\"Gu\u00eda orientadora para el dise\u00f1o e implementaci\u00f3n de una estrategia de transici\u00f3n educativa, entre kinder y 1\u00b0 a\u00f1o b\u00e1sico -\",\"isPartOf\":{\"@id\":\"https:\/\/dinn.ucsc.cl\/#website\"},\"primaryImageOfPage\":{\"@id\":\"https:\/\/dinn.ucsc.cl\/index.php\/guia-orientadora-para-el-diseno-e-implementacion-de-una-estrategia-de-transicion-educativa-entre-kinder-y-1-ano-basico\/#primaryimage\"},\"datePublished\":\"2023-11-07T14:49:14+00:00\",\"dateModified\":\"2023-11-07T15:00:03+00:00\",\"breadcrumb\":{\"@id\":\"https:\/\/dinn.ucsc.cl\/index.php\/guia-orientadora-para-el-diseno-e-implementacion-de-una-estrategia-de-transicion-educativa-entre-kinder-y-1-ano-basico\/#breadcrumb\"},\"inLanguage\":\"es\",\"potentialAction\":[{\"@type\":\"ReadAction\",\"target\":[\"https:\/\/dinn.ucsc.cl\/index.php\/guia-orientadora-para-el-diseno-e-implementacion-de-una-estrategia-de-transicion-educativa-entre-kinder-y-1-ano-basico\/\"]}]},{\"@type\":\"BreadcrumbList\",\"@id\":\"https:\/\/dinn.ucsc.cl\/index.php\/guia-orientadora-para-el-diseno-e-implementacion-de-una-estrategia-de-transicion-educativa-entre-kinder-y-1-ano-basico\/#breadcrumb\",\"itemListElement\":[{\"@type\":\"ListItem\",\"position\":1,\"name\":\"Inicio\",\"item\":\"https:\/\/dinn.ucsc.cl\/\"},{\"@type\":\"ListItem\",\"position\":2,\"name\":\"Gu\u00eda orientadora para el dise\u00f1o e implementaci\u00f3n de una estrategia de transici\u00f3n educativa, entre kinder y 1\u00b0 a\u00f1o b\u00e1sico\"}]}]}<\/script>\n<!-- \/ Yoast SEO plugin. -->","yoast_head_json":{"title":"Gu\u00eda orientadora para el dise\u00f1o e implementaci\u00f3n de una estrategia de transici\u00f3n educativa, entre kinder y 1\u00b0 a\u00f1o b\u00e1sico -","robots":{"index":"index","follow":"follow","max-snippet":"max-snippet:-1","max-image-preview":"max-image-preview:large","max-video-preview":"max-video-preview:-1"},"canonical":"https:\/\/dinn.ucsc.cl\/index.php\/guia-orientadora-para-el-diseno-e-implementacion-de-una-estrategia-de-transicion-educativa-entre-kinder-y-1-ano-basico\/","og_locale":"es_ES","og_type":"article","og_title":"Gu\u00eda orientadora para el dise\u00f1o e implementaci\u00f3n de una estrategia de transici\u00f3n educativa, entre kinder y 1\u00b0 a\u00f1o b\u00e1sico -","og_description":"Tecnolog\u00eda desarrollada Gu\u00eda dise\u00f1ada para favorecer una transici\u00f3n educativa armoniosa de ni\u00f1as y ni\u00f1os desde el nivel Transici\u00f3n 2 (k\u00ednder) a Primer a\u00f1o b\u00e1sico. Esta herramienta contribuye a las comunidades educativas respecto al dise\u00f1o e implementaci\u00f3n de la Estrategia de Transici\u00f3n Educativa, coherente con el Proyecto Educativo Institucional (PEI) de cada establecimiento educativo y que [&hellip;]","og_url":"https:\/\/dinn.ucsc.cl\/index.php\/guia-orientadora-para-el-diseno-e-implementacion-de-una-estrategia-de-transicion-educativa-entre-kinder-y-1-ano-basico\/","article_publisher":"https:\/\/m.facebook.com\/DINNUCSC","article_modified_time":"2023-11-07T15:00:03+00:00","og_image":[{"url":"https:\/\/sitios.ucsc.cl\/investigacion\/wp-content\/uploads\/sites\/14\/2023\/11\/OTT_DDA_17_2023.png"}],"twitter_card":"summary","twitter_site":"@dinn_ucsc","twitter_misc":{"Tiempo de lectura":"1 minuto"},"schema":{"@context":"https:\/\/schema.org","@graph":[{"@type":"WebSite","@id":"https:\/\/dinn.ucsc.cl\/#website","url":"https:\/\/dinn.ucsc.cl\/","name":"Direcci\u00f3n de Innovaci\u00f3n UCSC","description":"Direcci\u00f3n de Innovaci\u00f3n","potentialAction":[{"@type":"SearchAction","target":{"@type":"EntryPoint","urlTemplate":"https:\/\/dinn.ucsc.cl\/?s={search_term_string}"},"query-input":"required name=search_term_string"}],"inLanguage":"es"},{"@type":"ImageObject","inLanguage":"es","@id":"https:\/\/dinn.ucsc.cl\/index.php\/guia-orientadora-para-el-diseno-e-implementacion-de-una-estrategia-de-transicion-educativa-entre-kinder-y-1-ano-basico\/#primaryimage","url":"https:\/\/sitios.ucsc.cl\/investigacion\/wp-content\/uploads\/sites\/14\/2023\/11\/OTT_DDA_17_2023.png","contentUrl":"https:\/\/sitios.ucsc.cl\/investigacion\/wp-content\/uploads\/sites\/14\/2023\/11\/OTT_DDA_17_2023.png"},{"@type":"WebPage","@id":"https:\/\/dinn.ucsc.cl\/index.php\/guia-orientadora-para-el-diseno-e-implementacion-de-una-estrategia-de-transicion-educativa-entre-kinder-y-1-ano-basico\/#webpage","url":"https:\/\/dinn.ucsc.cl\/index.php\/guia-orientadora-para-el-diseno-e-implementacion-de-una-estrategia-de-transicion-educativa-entre-kinder-y-1-ano-basico\/","name":"Gu\u00eda orientadora para el dise\u00f1o e implementaci\u00f3n de una estrategia de transici\u00f3n educativa, entre kinder y 1\u00b0 a\u00f1o b\u00e1sico -","isPartOf":{"@id":"https:\/\/dinn.ucsc.cl\/#website"},"primaryImageOfPage":{"@id":"https:\/\/dinn.ucsc.cl\/index.php\/guia-orientadora-para-el-diseno-e-implementacion-de-una-estrategia-de-transicion-educativa-entre-kinder-y-1-ano-basico\/#primaryimage"},"datePublished":"2023-11-07T14:49:14+00:00","dateModified":"2023-11-07T15:00:03+00:00","breadcrumb":{"@id":"https:\/\/dinn.ucsc.cl\/index.php\/guia-orientadora-para-el-diseno-e-implementacion-de-una-estrategia-de-transicion-educativa-entre-kinder-y-1-ano-basico\/#breadcrumb"},"inLanguage":"es","potentialAction":[{"@type":"ReadAction","target":["https:\/\/dinn.ucsc.cl\/index.php\/guia-orientadora-para-el-diseno-e-implementacion-de-una-estrategia-de-transicion-educativa-entre-kinder-y-1-ano-basico\/"]}]},{"@type":"BreadcrumbList","@id":"https:\/\/dinn.ucsc.cl\/index.php\/guia-orientadora-para-el-diseno-e-implementacion-de-una-estrategia-de-transicion-educativa-entre-kinder-y-1-ano-basico\/#breadcrumb","itemListElement":[{"@type":"ListItem","position":1,"name":"Inicio","item":"https:\/\/dinn.ucsc.cl\/"},{"@type":"ListItem","position":2,"name":"Gu\u00eda orientadora para el dise\u00f1o e implementaci\u00f3n de una estrategia de transici\u00f3n educativa, entre kinder y 1\u00b0 a\u00f1o b\u00e1sico"}]}]}},"_links":{"self":[{"href":"https:\/\/dinn.ucsc.cl\/index.php\/wp-json\/wp\/v2\/pages\/5632"}],"collection":[{"href":"https:\/\/dinn.ucsc.cl\/index.php\/wp-json\/wp\/v2\/pages"}],"about":[{"href":"https:\/\/dinn.ucsc.cl\/index.php\/wp-json\/wp\/v2\/types\/page"}],"author":[{"embeddable":true,"href":"https:\/\/dinn.ucsc.cl\/index.php\/wp-json\/wp\/v2\/users\/84"}],"replies":[{"embeddable":true,"href":"https:\/\/dinn.ucsc.cl\/index.php\/wp-json\/wp\/v2\/comments?post=5632"}],"version-history":[{"count":2,"href":"https:\/\/dinn.ucsc.cl\/index.php\/wp-json\/wp\/v2\/pages\/5632\/revisions"}],"predecessor-version":[{"id":5637,"href":"https:\/\/dinn.ucsc.cl\/index.php\/wp-json\/wp\/v2\/pages\/5632\/revisions\/5637"}],"wp:attachment":[{"href":"https:\/\/dinn.ucsc.cl\/index.php\/wp-json\/wp\/v2\/media?parent=5632"}],"curies":[{"name":"wp","href":"https:\/\/api.w.org\/{rel}","templated":true}]}}