{"id":5673,"date":"2023-12-06T15:01:47","date_gmt":"2023-12-06T18:01:47","guid":{"rendered":"https:\/\/dinn.ucsc.cl\/?page_id=5673"},"modified":"2023-12-06T15:22:40","modified_gmt":"2023-12-06T18:22:40","slug":"cowork-innovacion-ucsc","status":"publish","type":"page","link":"https:\/\/dinn.ucsc.cl\/index.php\/cowork-innovacion-ucsc\/","title":{"rendered":"COWORK INNOVACI\u00d3N UCSC"},"content":{"rendered":"<p><img loading=\"lazy\" class=\"aligncenter wp-image-5691 size-full\" src=\"https:\/\/dinn.ucsc.cl\/wp-content\/uploads\/sites\/14\/2023\/12\/Recurso-9-1.png\" alt=\"\" width=\"1329\" height=\"6\" srcset=\"https:\/\/dinn.ucsc.cl\/wp-content\/uploads\/sites\/14\/2023\/12\/Recurso-9-1.png 1329w, https:\/\/dinn.ucsc.cl\/wp-content\/uploads\/sites\/14\/2023\/12\/Recurso-9-1-300x1.png 300w, https:\/\/dinn.ucsc.cl\/wp-content\/uploads\/sites\/14\/2023\/12\/Recurso-9-1-1024x5.png 1024w, https:\/\/dinn.ucsc.cl\/wp-content\/uploads\/sites\/14\/2023\/12\/Recurso-9-1-768x3.png 768w, https:\/\/dinn.ucsc.cl\/wp-content\/uploads\/sites\/14\/2023\/12\/Recurso-9-1-1200x6.png 1200w, https:\/\/dinn.ucsc.cl\/wp-content\/uploads\/sites\/14\/2023\/12\/Recurso-9-1-1000x6.png 1000w, https:\/\/dinn.ucsc.cl\/wp-content\/uploads\/sites\/14\/2023\/12\/Recurso-9-1-200x1.png 200w\" sizes=\"(max-width: 1329px) 100vw, 1329px\" \/><\/p>\n<table style=\"width: 1073px;height: 278px\">\n<tbody>\n<tr style=\"height: 278px\">\n<td style=\"width: 356.656px;height: 278px\"><a href=\"https:\/\/dinn.ucsc.cl\/wp-content\/uploads\/sites\/14\/2023\/09\/MANUAL-DE-USO-COWORK-INNOVACION-UCSC.pdf\"><img loading=\"lazy\" class=\"aligncenter wp-image-5683 size-full\" src=\"https:\/\/dinn.ucsc.cl\/wp-content\/uploads\/sites\/14\/2023\/12\/Cowork1-1.png\" alt=\"\" width=\"420\" height=\"674\" srcset=\"https:\/\/dinn.ucsc.cl\/wp-content\/uploads\/sites\/14\/2023\/12\/Cowork1-1.png 420w, https:\/\/dinn.ucsc.cl\/wp-content\/uploads\/sites\/14\/2023\/12\/Cowork1-1-187x300.png 187w, https:\/\/dinn.ucsc.cl\/wp-content\/uploads\/sites\/14\/2023\/12\/Cowork1-1-125x200.png 125w\" sizes=\"(max-width: 420px) 100vw, 420px\" \/><\/a><\/td>\n<td style=\"width: 357.656px;height: 278px\"><a href=\"https:\/\/outlook.office365.com\/owa\/calendar\/36f6121d005a4f0c8a708d3da5059d2d@ucsc.cl\/84e7d0e1fad0466bbec350e567aa54e93868388540806841081\/calendar.html\"><img loading=\"lazy\" class=\"aligncenter wp-image-5684 size-full\" src=\"https:\/\/dinn.ucsc.cl\/wp-content\/uploads\/sites\/14\/2023\/12\/Cowork2.png\" alt=\"\" width=\"420\" height=\"674\" srcset=\"https:\/\/dinn.ucsc.cl\/wp-content\/uploads\/sites\/14\/2023\/12\/Cowork2.png 420w, https:\/\/dinn.ucsc.cl\/wp-content\/uploads\/sites\/14\/2023\/12\/Cowork2-187x300.png 187w, https:\/\/dinn.ucsc.cl\/wp-content\/uploads\/sites\/14\/2023\/12\/Cowork2-125x200.png 125w\" sizes=\"(max-width: 420px) 100vw, 420px\" \/><\/a><\/td>\n<td style=\"width: 357.688px;height: 278px\"><a href=\"https:\/\/forms.office.com\/Pages\/ResponsePage.aspx?id=8xoE0ySPw0aauEfWElrHJa-6BO61LLZKqfdOxcgaIDFUQTgwWlRVTDZKSjRVT1RHRVlVSE5NQzJLSy4u\"><img loading=\"lazy\" class=\"aligncenter wp-image-5685 size-full\" src=\"https:\/\/dinn.ucsc.cl\/wp-content\/uploads\/sites\/14\/2023\/12\/Cowork3.png\" alt=\"\" width=\"420\" height=\"674\" srcset=\"https:\/\/dinn.ucsc.cl\/wp-content\/uploads\/sites\/14\/2023\/12\/Cowork3.png 420w, https:\/\/dinn.ucsc.cl\/wp-content\/uploads\/sites\/14\/2023\/12\/Cowork3-187x300.png 187w, https:\/\/dinn.ucsc.cl\/wp-content\/uploads\/sites\/14\/2023\/12\/Cowork3-125x200.png 125w\" sizes=\"(max-width: 420px) 100vw, 420px\" \/><\/a><\/td>\n<\/tr>\n<\/tbody>\n<\/table>\n<p>&nbsp;<\/p>\n","protected":false},"excerpt":{"rendered":"<p>&nbsp;<\/p>\n","protected":false},"author":84,"featured_media":5696,"parent":0,"menu_order":0,"comment_status":"closed","ping_status":"closed","template":"","meta":[],"yoast_head":"<!-- This site is optimized with the Yoast SEO plugin v18.9 - https:\/\/yoast.com\/wordpress\/plugins\/seo\/ -->\n<title>COWORK INNOVACI\u00d3N UCSC -<\/title>\n<meta name=\"robots\" content=\"index, follow, max-snippet:-1, max-image-preview:large, max-video-preview:-1\" \/>\n<link rel=\"canonical\" href=\"https:\/\/dinn.ucsc.cl\/index.php\/cowork-innovacion-ucsc\/\" \/>\n<meta property=\"og:locale\" content=\"es_ES\" \/>\n<meta property=\"og:type\" content=\"article\" \/>\n<meta property=\"og:title\" content=\"COWORK INNOVACI\u00d3N UCSC -\" \/>\n<meta property=\"og:description\" content=\"&nbsp;\" \/>\n<meta property=\"og:url\" content=\"https:\/\/dinn.ucsc.cl\/index.php\/cowork-innovacion-ucsc\/\" \/>\n<meta property=\"article:publisher\" content=\"https:\/\/m.facebook.com\/DINNUCSC\" \/>\n<meta property=\"article:modified_time\" content=\"2023-12-06T18:22:40+00:00\" \/>\n<meta property=\"og:image\" content=\"https:\/\/sitios.ucsc.cl\/investigacion\/wp-content\/uploads\/sites\/14\/2023\/12\/Cowork_imgdest.png\" \/>\n\t<meta property=\"og:image:width\" content=\"865\" \/>\n\t<meta property=\"og:image:height\" content=\"509\" \/>\n\t<meta property=\"og:image:type\" content=\"image\/png\" \/>\n<meta name=\"twitter:card\" content=\"summary\" \/>\n<meta name=\"twitter:site\" content=\"@dinn_ucsc\" \/>\n<script type=\"application\/ld+json\" class=\"yoast-schema-graph\">{\"@context\":\"https:\/\/schema.org\",\"@graph\":[{\"@type\":\"WebSite\",\"@id\":\"https:\/\/dinn.ucsc.cl\/#website\",\"url\":\"https:\/\/dinn.ucsc.cl\/\",\"name\":\"Direcci\u00f3n de Innovaci\u00f3n UCSC\",\"description\":\"Direcci\u00f3n de Innovaci\u00f3n\",\"potentialAction\":[{\"@type\":\"SearchAction\",\"target\":{\"@type\":\"EntryPoint\",\"urlTemplate\":\"https:\/\/dinn.ucsc.cl\/?s={search_term_string}\"},\"query-input\":\"required name=search_term_string\"}],\"inLanguage\":\"es\"},{\"@type\":\"ImageObject\",\"inLanguage\":\"es\",\"@id\":\"https:\/\/dinn.ucsc.cl\/index.php\/cowork-innovacion-ucsc\/#primaryimage\",\"url\":\"https:\/\/sitios.ucsc.cl\/investigacion\/wp-content\/uploads\/sites\/14\/2023\/12\/Cowork_imgdest.png\",\"contentUrl\":\"https:\/\/sitios.ucsc.cl\/investigacion\/wp-content\/uploads\/sites\/14\/2023\/12\/Cowork_imgdest.png\",\"width\":865,\"height\":509},{\"@type\":\"WebPage\",\"@id\":\"https:\/\/dinn.ucsc.cl\/index.php\/cowork-innovacion-ucsc\/#webpage\",\"url\":\"https:\/\/dinn.ucsc.cl\/index.php\/cowork-innovacion-ucsc\/\",\"name\":\"COWORK INNOVACI\u00d3N UCSC -\",\"isPartOf\":{\"@id\":\"https:\/\/dinn.ucsc.cl\/#website\"},\"primaryImageOfPage\":{\"@id\":\"https:\/\/dinn.ucsc.cl\/index.php\/cowork-innovacion-ucsc\/#primaryimage\"},\"datePublished\":\"2023-12-06T18:01:47+00:00\",\"dateModified\":\"2023-12-06T18:22:40+00:00\",\"breadcrumb\":{\"@id\":\"https:\/\/dinn.ucsc.cl\/index.php\/cowork-innovacion-ucsc\/#breadcrumb\"},\"inLanguage\":\"es\",\"potentialAction\":[{\"@type\":\"ReadAction\",\"target\":[\"https:\/\/dinn.ucsc.cl\/index.php\/cowork-innovacion-ucsc\/\"]}]},{\"@type\":\"BreadcrumbList\",\"@id\":\"https:\/\/dinn.ucsc.cl\/index.php\/cowork-innovacion-ucsc\/#breadcrumb\",\"itemListElement\":[{\"@type\":\"ListItem\",\"position\":1,\"name\":\"Inicio\",\"item\":\"https:\/\/dinn.ucsc.cl\/\"},{\"@type\":\"ListItem\",\"position\":2,\"name\":\"COWORK INNOVACI\u00d3N UCSC\"}]}]}<\/script>\n<!-- \/ Yoast SEO plugin. -->","yoast_head_json":{"title":"COWORK INNOVACI\u00d3N UCSC -","robots":{"index":"index","follow":"follow","max-snippet":"max-snippet:-1","max-image-preview":"max-image-preview:large","max-video-preview":"max-video-preview:-1"},"canonical":"https:\/\/dinn.ucsc.cl\/index.php\/cowork-innovacion-ucsc\/","og_locale":"es_ES","og_type":"article","og_title":"COWORK INNOVACI\u00d3N UCSC -","og_description":"&nbsp;","og_url":"https:\/\/dinn.ucsc.cl\/index.php\/cowork-innovacion-ucsc\/","article_publisher":"https:\/\/m.facebook.com\/DINNUCSC","article_modified_time":"2023-12-06T18:22:40+00:00","og_image":[{"width":865,"height":509,"url":"https:\/\/sitios.ucsc.cl\/investigacion\/wp-content\/uploads\/sites\/14\/2023\/12\/Cowork_imgdest.png","type":"image\/png"}],"twitter_card":"summary","twitter_site":"@dinn_ucsc","schema":{"@context":"https:\/\/schema.org","@graph":[{"@type":"WebSite","@id":"https:\/\/dinn.ucsc.cl\/#website","url":"https:\/\/dinn.ucsc.cl\/","name":"Direcci\u00f3n de Innovaci\u00f3n UCSC","description":"Direcci\u00f3n de Innovaci\u00f3n","potentialAction":[{"@type":"SearchAction","target":{"@type":"EntryPoint","urlTemplate":"https:\/\/dinn.ucsc.cl\/?s={search_term_string}"},"query-input":"required name=search_term_string"}],"inLanguage":"es"},{"@type":"ImageObject","inLanguage":"es","@id":"https:\/\/dinn.ucsc.cl\/index.php\/cowork-innovacion-ucsc\/#primaryimage","url":"https:\/\/sitios.ucsc.cl\/investigacion\/wp-content\/uploads\/sites\/14\/2023\/12\/Cowork_imgdest.png","contentUrl":"https:\/\/sitios.ucsc.cl\/investigacion\/wp-content\/uploads\/sites\/14\/2023\/12\/Cowork_imgdest.png","width":865,"height":509},{"@type":"WebPage","@id":"https:\/\/dinn.ucsc.cl\/index.php\/cowork-innovacion-ucsc\/#webpage","url":"https:\/\/dinn.ucsc.cl\/index.php\/cowork-innovacion-ucsc\/","name":"COWORK INNOVACI\u00d3N UCSC -","isPartOf":{"@id":"https:\/\/dinn.ucsc.cl\/#website"},"primaryImageOfPage":{"@id":"https:\/\/dinn.ucsc.cl\/index.php\/cowork-innovacion-ucsc\/#primaryimage"},"datePublished":"2023-12-06T18:01:47+00:00","dateModified":"2023-12-06T18:22:40+00:00","breadcrumb":{"@id":"https:\/\/dinn.ucsc.cl\/index.php\/cowork-innovacion-ucsc\/#breadcrumb"},"inLanguage":"es","potentialAction":[{"@type":"ReadAction","target":["https:\/\/dinn.ucsc.cl\/index.php\/cowork-innovacion-ucsc\/"]}]},{"@type":"BreadcrumbList","@id":"https:\/\/dinn.ucsc.cl\/index.php\/cowork-innovacion-ucsc\/#breadcrumb","itemListElement":[{"@type":"ListItem","position":1,"name":"Inicio","item":"https:\/\/dinn.ucsc.cl\/"},{"@type":"ListItem","position":2,"name":"COWORK INNOVACI\u00d3N UCSC"}]}]}},"_links":{"self":[{"href":"https:\/\/dinn.ucsc.cl\/index.php\/wp-json\/wp\/v2\/pages\/5673"}],"collection":[{"href":"https:\/\/dinn.ucsc.cl\/index.php\/wp-json\/wp\/v2\/pages"}],"about":[{"href":"https:\/\/dinn.ucsc.cl\/index.php\/wp-json\/wp\/v2\/types\/page"}],"author":[{"embeddable":true,"href":"https:\/\/dinn.ucsc.cl\/index.php\/wp-json\/wp\/v2\/users\/84"}],"replies":[{"embeddable":true,"href":"https:\/\/dinn.ucsc.cl\/index.php\/wp-json\/wp\/v2\/comments?post=5673"}],"version-history":[{"count":13,"href":"https:\/\/dinn.ucsc.cl\/index.php\/wp-json\/wp\/v2\/pages\/5673\/revisions"}],"predecessor-version":[{"id":5694,"href":"https:\/\/dinn.ucsc.cl\/index.php\/wp-json\/wp\/v2\/pages\/5673\/revisions\/5694"}],"wp:featuredmedia":[{"embeddable":true,"href":"https:\/\/dinn.ucsc.cl\/index.php\/wp-json\/wp\/v2\/media\/5696"}],"wp:attachment":[{"href":"https:\/\/dinn.ucsc.cl\/index.php\/wp-json\/wp\/v2\/media?parent=5673"}],"curies":[{"name":"wp","href":"https:\/\/api.w.org\/{rel}","templated":true}]}}