{"id":5946,"date":"2024-09-24T11:45:39","date_gmt":"2024-09-24T14:45:39","guid":{"rendered":"https:\/\/dinn.ucsc.cl\/?page_id=5946"},"modified":"2024-09-24T11:59:26","modified_gmt":"2024-09-24T14:59:26","slug":"sistema-y-reactor-pirolisis-propano","status":"publish","type":"page","link":"https:\/\/dinn.ucsc.cl\/index.php\/sistema-y-reactor-pirolisis-propano\/","title":{"rendered":"Sistema y reactor configurable de pir\u00f3lisis para producir propano"},"content":{"rendered":"<table class=\" alignleft\" style=\"width: 792px\">\n<tbody>\n<tr>\n<td style=\"width: 791px\" colspan=\"5\"><img loading=\"lazy\" class=\"aligncenter wp-image-5948\" src=\"https:\/\/dinn.ucsc.cl\/wp-content\/uploads\/sites\/14\/2024\/09\/As1-1024x210.png\" alt=\"\" width=\"737\" height=\"151\" srcset=\"https:\/\/dinn.ucsc.cl\/wp-content\/uploads\/sites\/14\/2024\/09\/As1-1024x210.png 1024w, https:\/\/dinn.ucsc.cl\/wp-content\/uploads\/sites\/14\/2024\/09\/As1-300x62.png 300w, https:\/\/dinn.ucsc.cl\/wp-content\/uploads\/sites\/14\/2024\/09\/As1-768x158.png 768w, https:\/\/dinn.ucsc.cl\/wp-content\/uploads\/sites\/14\/2024\/09\/As1-200x41.png 200w, https:\/\/dinn.ucsc.cl\/wp-content\/uploads\/sites\/14\/2024\/09\/As1.png 1343w\" sizes=\"(max-width: 737px) 100vw, 737px\" \/><\/td>\n<\/tr>\n<tr>\n<td style=\"width: 55.0625px\"><\/td>\n<td style=\"width: 46.0469px\"><\/td>\n<td style=\"width: 19.0156px\"><\/td>\n<td style=\"width: 620.781px\"><strong>Solicitud de patente PCT\/CL2023\/050139<\/strong><\/td>\n<td style=\"width: 50.0938px\">\n<h3><\/h3>\n<\/td>\n<\/tr>\n<tr>\n<td style=\"width: 55.0625px\"><\/td>\n<td style=\"width: 46.0469px\"><img loading=\"lazy\" class=\"aligncenter size-full wp-image-2827\" src=\"https:\/\/sitios.ucsc.cl\/ott\/wp-content\/uploads\/sites\/15\/2022\/07\/OTT_TEC_1.png\" alt=\"\" width=\"50\" height=\"50\" \/><\/td>\n<td style=\"width: 19.0156px\"><\/td>\n<td style=\"width: 620.781px\">\n<h3 style=\"text-align: justify\">Tecnolog\u00eda desarrollada<\/h3>\n<\/td>\n<td style=\"width: 50.0938px;text-align: justify\">\n<h3><\/h3>\n<\/td>\n<\/tr>\n<tr style=\"text-align: justify\">\n<td style=\"width: 55.0625px\"><\/td>\n<td style=\"width: 46.0469px\"><\/td>\n<td style=\"width: 19.0156px\"><\/td>\n<td style=\"width: 620.781px\">Se trata de un reactor para procesos t\u00e9rmicos configurable que permite una variedad de disposiciones geom\u00e9tricas para otorgar un amplio rango de condiciones operacionales y efectos sobre la productividad y composici\u00f3n sobre los productos a obtener. Este reactor incluye una c\u00e1mara de reacci\u00f3n y una configuraci\u00f3n interna tipo \u00e1rbol vertical con m\u00faltiples posiciones de sujeci\u00f3n a lo largo de su longitud. Cada posici\u00f3n de sujeci\u00f3n puede albergar de forma desmontable al menos un soporte con una perforaci\u00f3n central, asegurado mediante medios de trabamiento.<\/td>\n<td style=\"width: 50.0938px\">\n<h3><\/h3>\n<\/td>\n<\/tr>\n<tr style=\"text-align: justify\">\n<td style=\"width: 55.0625px\"><\/td>\n<td style=\"width: 46.0469px\"><img loading=\"lazy\" class=\"aligncenter size-full wp-image-2828\" src=\"https:\/\/sitios.ucsc.cl\/ott\/wp-content\/uploads\/sites\/15\/2022\/07\/OTT_TEC_2.png\" alt=\"\" width=\"50\" height=\"50\" \/><\/td>\n<td style=\"width: 19.0156px\"><\/td>\n<td style=\"width: 620.781px\">\n<h3>Beneficios \/ Ventajas<\/h3>\n<\/td>\n<td style=\"width: 50.0938px\"><\/td>\n<\/tr>\n<tr style=\"text-align: justify\">\n<td style=\"width: 55.0625px\"><\/td>\n<td style=\"width: 46.0469px\"><\/td>\n<td style=\"width: 19.0156px\"><\/td>\n<td style=\"width: 620.781px\">\u2022 <strong>Flexibilidad de Configuraci\u00f3n:<\/strong> El reactor puede ajustarse para equilibrar la proporci\u00f3n entre conducci\u00f3n y convecci\u00f3n, adapt\u00e1ndose al tipo de producto deseado.<br \/>\n\u2022 <strong>Optimizaci\u00f3n de la Transferencia de Calor:<\/strong> Permite una transferencia de calor eficiente, mejorando los procesos de pir\u00f3lisis en comparaci\u00f3n con los reactores de dise\u00f1o fijo.<br \/>\n\u2022 <strong>Versatilidad en la Producci\u00f3n:<\/strong> Se adapta a diferentes condiciones operativas, favoreciendo la producci\u00f3n de una amplia gama de productos de pir\u00f3lisis.<br \/>\n\u2022<strong> Mejora del Rendimiento y Calidad:<\/strong> Supera las limitaciones de los reactores tradicionales, proporcionando mayor control y optimizaci\u00f3n en la obtenci\u00f3n de productos.<\/td>\n<td style=\"width: 50.0938px\"><\/td>\n<\/tr>\n<tr style=\"text-align: justify\">\n<td style=\"width: 55.0625px\"><\/td>\n<td style=\"width: 46.0469px\"><img loading=\"lazy\" class=\"aligncenter size-full wp-image-2829\" src=\"https:\/\/sitios.ucsc.cl\/ott\/wp-content\/uploads\/sites\/15\/2022\/07\/OTT_TEC_3.png\" alt=\"\" width=\"50\" height=\"50\" \/><\/td>\n<td style=\"width: 19.0156px\"><\/td>\n<td style=\"width: 620.781px\">\n<h3>Usos \/ Aplicaciones<\/h3>\n<\/td>\n<td style=\"width: 50.0938px\"><\/td>\n<\/tr>\n<tr style=\"text-align: justify\">\n<td style=\"width: 55.0625px\"><\/td>\n<td style=\"width: 46.0469px\"><\/td>\n<td style=\"width: 19.0156px\"><\/td>\n<td style=\"width: 620.781px\">Este reactor configurable se puede utilizar para pir\u00f3lisis de carboxilatos derivados de l\u00edpidos permitiendo la producci\u00f3n de bio-propano, bio-butano y otras olefinas livianas. Su dise\u00f1o flexible permite ajustar la proporci\u00f3n de transferencia de calor por conducci\u00f3n y convecci\u00f3n, optimizando el rendimiento seg\u00fan el producto deseado.<\/td>\n<td style=\"width: 50.0938px\"><\/td>\n<\/tr>\n<tr style=\"text-align: justify\">\n<td style=\"width: 55.0625px\"><\/td>\n<td style=\"width: 46.0469px\"><img loading=\"lazy\" class=\"aligncenter size-full wp-image-2830\" src=\"https:\/\/sitios.ucsc.cl\/ott\/wp-content\/uploads\/sites\/15\/2022\/07\/OTT_TEC_4.png\" alt=\"\" width=\"50\" height=\"50\" \/><\/td>\n<td style=\"width: 19.0156px\"><\/td>\n<td style=\"width: 620.781px\">\n<h3>Oferta tecnol\u00f3gica<\/h3>\n<\/td>\n<td style=\"width: 50.0938px\"><\/td>\n<\/tr>\n<tr style=\"text-align: justify\">\n<td style=\"width: 55.0625px\"><\/td>\n<td style=\"width: 46.0469px\"><\/td>\n<td style=\"width: 19.0156px\"><\/td>\n<td style=\"width: 620.781px\">La tecnolog\u00eda est\u00e1 disponible para licenciamiento.<\/td>\n<td style=\"width: 50.0938px\"><\/td>\n<\/tr>\n<tr style=\"text-align: justify\">\n<td style=\"width: 55.0625px\"><\/td>\n<td style=\"width: 46.0469px\"><img loading=\"lazy\" class=\"aligncenter size-full wp-image-2831\" src=\"https:\/\/sitios.ucsc.cl\/ott\/wp-content\/uploads\/sites\/15\/2022\/07\/OTT_TEC_5.png\" alt=\"\" width=\"50\" height=\"50\" \/><\/td>\n<td style=\"width: 19.0156px\"><\/td>\n<td style=\"width: 620.781px\">\n<h3>Estado de desarrollo<\/h3>\n<\/td>\n<td style=\"width: 50.0938px\"><\/td>\n<\/tr>\n<tr style=\"text-align: justify\">\n<td style=\"width: 55.0625px\"><\/td>\n<td style=\"width: 46.0469px\"><\/td>\n<td style=\"width: 19.0156px\"><\/td>\n<td style=\"width: 620.781px\">TRL 3, ya que se cuenta con pruebas de concepto con caracter\u00edsticas cr\u00edticas probadas a nivel laboratorio.<\/td>\n<td style=\"width: 50.0938px\"><\/td>\n<\/tr>\n<tr style=\"text-align: justify\">\n<td style=\"width: 55.0625px\"><\/td>\n<td style=\"width: 46.0469px\"><img loading=\"lazy\" class=\"aligncenter size-full wp-image-2832\" src=\"https:\/\/sitios.ucsc.cl\/ott\/wp-content\/uploads\/sites\/15\/2022\/07\/OTT_TEC_6.png\" alt=\"\" width=\"50\" height=\"50\" \/><\/td>\n<td style=\"width: 19.0156px\"><\/td>\n<td style=\"width: 620.781px\">\n<h3>Investigador principal<\/h3>\n<\/td>\n<td style=\"width: 50.0938px\"><\/td>\n<\/tr>\n<tr>\n<td style=\"width: 55.0625px;text-align: justify\"><\/td>\n<td style=\"width: 46.0469px;text-align: justify\"><\/td>\n<td style=\"width: 19.0156px;text-align: justify\"><\/td>\n<td style=\"width: 620.781px\">\n<p style=\"text-align: justify\"><a href=\"https:\/\/ciencias.ucsc.cl\/autoridades\/laura-azocar-ulloa\/\" target=\"_blank\" rel=\"noopener\">Dra. Laura Hayde\u00e9 Az\u00f3car Ulloa<\/a>, Facultad de Ciencias.<br \/>\nDr. Robinson Mu\u00f1oz Gonz\u00e1lez, Facultad de Ciencias.<br \/>\n<a href=\"https:\/\/ciencias.ucsc.cl\/autoridades\/fabiola-valdebenito-escobar\/\" target=\"_blank\" rel=\"noopener\">Dra. Fabiola Valdebenito Escobar<\/a>, Facultad de Ciencias.<\/p>\n<\/td>\n<td style=\"width: 50.0938px\"><\/td>\n<\/tr>\n<tr>\n<td style=\"width: 55.0625px\"><\/td>\n<td style=\"width: 685.844px\" colspan=\"3\">&nbsp;<\/p>\n<p><a href=\"https:\/\/dinn.ucsc.cl\/wp-content\/uploads\/sites\/14\/2024\/09\/Ficha-sistema-y-reactor-configurable-de-pirolisis-para-producir-propano.pdf\" target=\"_blank\" rel=\"noopener\"><img loading=\"lazy\" class=\"aligncenter wp-image-2220 size-medium\" src=\"https:\/\/sitios.ucsc.cl\/ott\/wp-content\/uploads\/sites\/15\/2022\/06\/Bot\u00f3n-descarga-300x61.png\" alt=\"\" width=\"300\" height=\"61\" \/><\/a><\/p>\n<p>&nbsp;<\/td>\n<td style=\"width: 50.0938px\"><\/td>\n<\/tr>\n<tr>\n<td style=\"width: 791px\" colspan=\"5\"><img loading=\"lazy\" class=\"aligncenter wp-image-3029\" src=\"https:\/\/sitios.ucsc.cl\/ott\/wp-content\/uploads\/sites\/15\/2022\/08\/Banner-1.png\" alt=\"\" width=\"748\" height=\"85\" \/><\/td>\n<\/tr>\n<\/tbody>\n<\/table>\n<p>&nbsp;<\/p>\n","protected":false},"excerpt":{"rendered":"<p>Solicitud de patente PCT\/CL2023\/050139 Tecnolog\u00eda desarrollada Se trata de un reactor para procesos t\u00e9rmicos configurable que permite una variedad de disposiciones geom\u00e9tricas para otorgar un amplio rango de condiciones operacionales y efectos sobre la productividad y composici\u00f3n sobre los productos a obtener. Este reactor incluye una c\u00e1mara de reacci\u00f3n y una configuraci\u00f3n interna tipo \u00e1rbol [&hellip;]<\/p>\n","protected":false},"author":84,"featured_media":0,"parent":0,"menu_order":0,"comment_status":"closed","ping_status":"closed","template":"","meta":[],"yoast_head":"<!-- This site is optimized with the Yoast SEO plugin v18.9 - https:\/\/yoast.com\/wordpress\/plugins\/seo\/ -->\n<title>Sistema y reactor configurable de pir\u00f3lisis para producir propano -<\/title>\n<meta name=\"robots\" content=\"index, follow, max-snippet:-1, max-image-preview:large, max-video-preview:-1\" \/>\n<link rel=\"canonical\" href=\"https:\/\/dinn.ucsc.cl\/index.php\/sistema-y-reactor-pirolisis-propano\/\" \/>\n<meta property=\"og:locale\" content=\"es_ES\" \/>\n<meta property=\"og:type\" content=\"article\" \/>\n<meta property=\"og:title\" content=\"Sistema y reactor configurable de pir\u00f3lisis para producir propano -\" \/>\n<meta property=\"og:description\" content=\"Solicitud de patente PCT\/CL2023\/050139 Tecnolog\u00eda desarrollada Se trata de un reactor para procesos t\u00e9rmicos configurable que permite una variedad de disposiciones geom\u00e9tricas para otorgar un amplio rango de condiciones operacionales y efectos sobre la productividad y composici\u00f3n sobre los productos a obtener. Este reactor incluye una c\u00e1mara de reacci\u00f3n y una configuraci\u00f3n interna tipo \u00e1rbol [&hellip;]\" \/>\n<meta property=\"og:url\" content=\"https:\/\/dinn.ucsc.cl\/index.php\/sistema-y-reactor-pirolisis-propano\/\" \/>\n<meta property=\"article:publisher\" content=\"https:\/\/m.facebook.com\/DINNUCSC\" \/>\n<meta property=\"article:modified_time\" content=\"2024-09-24T14:59:26+00:00\" \/>\n<meta property=\"og:image\" content=\"https:\/\/sitios.ucsc.cl\/investigacion\/wp-content\/uploads\/sites\/14\/2024\/09\/As1-1024x210.png\" \/>\n<meta name=\"twitter:card\" content=\"summary\" \/>\n<meta name=\"twitter:site\" content=\"@dinn_ucsc\" \/>\n<meta name=\"twitter:label1\" content=\"Tiempo de lectura\" \/>\n\t<meta name=\"twitter:data1\" content=\"2 minutos\" \/>\n<script type=\"application\/ld+json\" class=\"yoast-schema-graph\">{\"@context\":\"https:\/\/schema.org\",\"@graph\":[{\"@type\":\"WebSite\",\"@id\":\"https:\/\/dinn.ucsc.cl\/#website\",\"url\":\"https:\/\/dinn.ucsc.cl\/\",\"name\":\"Direcci\u00f3n de Innovaci\u00f3n UCSC\",\"description\":\"Direcci\u00f3n de Innovaci\u00f3n\",\"potentialAction\":[{\"@type\":\"SearchAction\",\"target\":{\"@type\":\"EntryPoint\",\"urlTemplate\":\"https:\/\/dinn.ucsc.cl\/?s={search_term_string}\"},\"query-input\":\"required name=search_term_string\"}],\"inLanguage\":\"es\"},{\"@type\":\"ImageObject\",\"inLanguage\":\"es\",\"@id\":\"https:\/\/dinn.ucsc.cl\/index.php\/sistema-y-reactor-pirolisis-propano\/#primaryimage\",\"url\":\"https:\/\/sitios.ucsc.cl\/investigacion\/wp-content\/uploads\/sites\/14\/2024\/09\/As1-1024x210.png\",\"contentUrl\":\"https:\/\/sitios.ucsc.cl\/investigacion\/wp-content\/uploads\/sites\/14\/2024\/09\/As1-1024x210.png\"},{\"@type\":\"WebPage\",\"@id\":\"https:\/\/dinn.ucsc.cl\/index.php\/sistema-y-reactor-pirolisis-propano\/#webpage\",\"url\":\"https:\/\/dinn.ucsc.cl\/index.php\/sistema-y-reactor-pirolisis-propano\/\",\"name\":\"Sistema y reactor configurable de pir\u00f3lisis para producir propano -\",\"isPartOf\":{\"@id\":\"https:\/\/dinn.ucsc.cl\/#website\"},\"primaryImageOfPage\":{\"@id\":\"https:\/\/dinn.ucsc.cl\/index.php\/sistema-y-reactor-pirolisis-propano\/#primaryimage\"},\"datePublished\":\"2024-09-24T14:45:39+00:00\",\"dateModified\":\"2024-09-24T14:59:26+00:00\",\"breadcrumb\":{\"@id\":\"https:\/\/dinn.ucsc.cl\/index.php\/sistema-y-reactor-pirolisis-propano\/#breadcrumb\"},\"inLanguage\":\"es\",\"potentialAction\":[{\"@type\":\"ReadAction\",\"target\":[\"https:\/\/dinn.ucsc.cl\/index.php\/sistema-y-reactor-pirolisis-propano\/\"]}]},{\"@type\":\"BreadcrumbList\",\"@id\":\"https:\/\/dinn.ucsc.cl\/index.php\/sistema-y-reactor-pirolisis-propano\/#breadcrumb\",\"itemListElement\":[{\"@type\":\"ListItem\",\"position\":1,\"name\":\"Inicio\",\"item\":\"https:\/\/dinn.ucsc.cl\/\"},{\"@type\":\"ListItem\",\"position\":2,\"name\":\"Sistema y reactor configurable de pir\u00f3lisis para producir propano\"}]}]}<\/script>\n<!-- \/ Yoast SEO plugin. -->","yoast_head_json":{"title":"Sistema y reactor configurable de pir\u00f3lisis para producir propano -","robots":{"index":"index","follow":"follow","max-snippet":"max-snippet:-1","max-image-preview":"max-image-preview:large","max-video-preview":"max-video-preview:-1"},"canonical":"https:\/\/dinn.ucsc.cl\/index.php\/sistema-y-reactor-pirolisis-propano\/","og_locale":"es_ES","og_type":"article","og_title":"Sistema y reactor configurable de pir\u00f3lisis para producir propano -","og_description":"Solicitud de patente PCT\/CL2023\/050139 Tecnolog\u00eda desarrollada Se trata de un reactor para procesos t\u00e9rmicos configurable que permite una variedad de disposiciones geom\u00e9tricas para otorgar un amplio rango de condiciones operacionales y efectos sobre la productividad y composici\u00f3n sobre los productos a obtener. Este reactor incluye una c\u00e1mara de reacci\u00f3n y una configuraci\u00f3n interna tipo \u00e1rbol [&hellip;]","og_url":"https:\/\/dinn.ucsc.cl\/index.php\/sistema-y-reactor-pirolisis-propano\/","article_publisher":"https:\/\/m.facebook.com\/DINNUCSC","article_modified_time":"2024-09-24T14:59:26+00:00","og_image":[{"url":"https:\/\/sitios.ucsc.cl\/investigacion\/wp-content\/uploads\/sites\/14\/2024\/09\/As1-1024x210.png"}],"twitter_card":"summary","twitter_site":"@dinn_ucsc","twitter_misc":{"Tiempo de lectura":"2 minutos"},"schema":{"@context":"https:\/\/schema.org","@graph":[{"@type":"WebSite","@id":"https:\/\/dinn.ucsc.cl\/#website","url":"https:\/\/dinn.ucsc.cl\/","name":"Direcci\u00f3n de Innovaci\u00f3n UCSC","description":"Direcci\u00f3n de Innovaci\u00f3n","potentialAction":[{"@type":"SearchAction","target":{"@type":"EntryPoint","urlTemplate":"https:\/\/dinn.ucsc.cl\/?s={search_term_string}"},"query-input":"required name=search_term_string"}],"inLanguage":"es"},{"@type":"ImageObject","inLanguage":"es","@id":"https:\/\/dinn.ucsc.cl\/index.php\/sistema-y-reactor-pirolisis-propano\/#primaryimage","url":"https:\/\/sitios.ucsc.cl\/investigacion\/wp-content\/uploads\/sites\/14\/2024\/09\/As1-1024x210.png","contentUrl":"https:\/\/sitios.ucsc.cl\/investigacion\/wp-content\/uploads\/sites\/14\/2024\/09\/As1-1024x210.png"},{"@type":"WebPage","@id":"https:\/\/dinn.ucsc.cl\/index.php\/sistema-y-reactor-pirolisis-propano\/#webpage","url":"https:\/\/dinn.ucsc.cl\/index.php\/sistema-y-reactor-pirolisis-propano\/","name":"Sistema y reactor configurable de pir\u00f3lisis para producir propano -","isPartOf":{"@id":"https:\/\/dinn.ucsc.cl\/#website"},"primaryImageOfPage":{"@id":"https:\/\/dinn.ucsc.cl\/index.php\/sistema-y-reactor-pirolisis-propano\/#primaryimage"},"datePublished":"2024-09-24T14:45:39+00:00","dateModified":"2024-09-24T14:59:26+00:00","breadcrumb":{"@id":"https:\/\/dinn.ucsc.cl\/index.php\/sistema-y-reactor-pirolisis-propano\/#breadcrumb"},"inLanguage":"es","potentialAction":[{"@type":"ReadAction","target":["https:\/\/dinn.ucsc.cl\/index.php\/sistema-y-reactor-pirolisis-propano\/"]}]},{"@type":"BreadcrumbList","@id":"https:\/\/dinn.ucsc.cl\/index.php\/sistema-y-reactor-pirolisis-propano\/#breadcrumb","itemListElement":[{"@type":"ListItem","position":1,"name":"Inicio","item":"https:\/\/dinn.ucsc.cl\/"},{"@type":"ListItem","position":2,"name":"Sistema y reactor configurable de pir\u00f3lisis para producir propano"}]}]}},"_links":{"self":[{"href":"https:\/\/dinn.ucsc.cl\/index.php\/wp-json\/wp\/v2\/pages\/5946"}],"collection":[{"href":"https:\/\/dinn.ucsc.cl\/index.php\/wp-json\/wp\/v2\/pages"}],"about":[{"href":"https:\/\/dinn.ucsc.cl\/index.php\/wp-json\/wp\/v2\/types\/page"}],"author":[{"embeddable":true,"href":"https:\/\/dinn.ucsc.cl\/index.php\/wp-json\/wp\/v2\/users\/84"}],"replies":[{"embeddable":true,"href":"https:\/\/dinn.ucsc.cl\/index.php\/wp-json\/wp\/v2\/comments?post=5946"}],"version-history":[{"count":7,"href":"https:\/\/dinn.ucsc.cl\/index.php\/wp-json\/wp\/v2\/pages\/5946\/revisions"}],"predecessor-version":[{"id":5959,"href":"https:\/\/dinn.ucsc.cl\/index.php\/wp-json\/wp\/v2\/pages\/5946\/revisions\/5959"}],"wp:attachment":[{"href":"https:\/\/dinn.ucsc.cl\/index.php\/wp-json\/wp\/v2\/media?parent=5946"}],"curies":[{"name":"wp","href":"https:\/\/api.w.org\/{rel}","templated":true}]}}