{"id":6016,"date":"2024-11-04T09:57:49","date_gmt":"2024-11-04T12:57:49","guid":{"rendered":"https:\/\/dinn.ucsc.cl\/?page_id=6016"},"modified":"2024-11-05T11:35:13","modified_gmt":"2024-11-05T14:35:13","slug":"guia-orientadora-aprendizaje-basado-en-investigacion-y-vinculacion-escolar-para-el-fortalecimiento-de-la-investigacion-y-la-formacion-inicial-docente","status":"publish","type":"page","link":"https:\/\/dinn.ucsc.cl\/index.php\/guia-orientadora-aprendizaje-basado-en-investigacion-y-vinculacion-escolar-para-el-fortalecimiento-de-la-investigacion-y-la-formacion-inicial-docente\/","title":{"rendered":"Gu\u00eda Orientadora: Aprendizaje Basado en Investigaci\u00f3n y vinculaci\u00f3n escolar para el fortalecimiento de la investigaci\u00f3n y la Formaci\u00f3n Inicial Docente"},"content":{"rendered":"<table class=\" alignleft\" style=\"height: 971px;width: 811px\">\n<tbody>\n<tr style=\"height: 153px\">\n<td style=\"width: 810px;height: 153px\" colspan=\"5\"><img loading=\"lazy\" class=\"aligncenter wp-image-6017\" src=\"https:\/\/dinn.ucsc.cl\/wp-content\/uploads\/sites\/14\/2024\/11\/OTT_DDA_04-1024x210.png\" alt=\"\" width=\"839\" height=\"172\" srcset=\"https:\/\/dinn.ucsc.cl\/wp-content\/uploads\/sites\/14\/2024\/11\/OTT_DDA_04-1024x210.png 1024w, https:\/\/dinn.ucsc.cl\/wp-content\/uploads\/sites\/14\/2024\/11\/OTT_DDA_04-300x61.png 300w, https:\/\/dinn.ucsc.cl\/wp-content\/uploads\/sites\/14\/2024\/11\/OTT_DDA_04-768x157.png 768w, https:\/\/dinn.ucsc.cl\/wp-content\/uploads\/sites\/14\/2024\/11\/OTT_DDA_04-200x41.png 200w, https:\/\/dinn.ucsc.cl\/wp-content\/uploads\/sites\/14\/2024\/11\/OTT_DDA_04.png 1344w\" sizes=\"(max-width: 839px) 100vw, 839px\" \/><\/td>\n<\/tr>\n<tr style=\"height: 181px\">\n<td style=\"width: 8px;height: 181px\"><\/td>\n<td style=\"width: 64.0781px;height: 181px\"><a href=\"https:\/\/sitios.ucsc.cl\/ott\/wp-content\/uploads\/sites\/15\/2022\/06\/OTT_DDA_1.png\"><img loading=\"lazy\" class=\"aligncenter size-full wp-image-2175\" src=\"https:\/\/sitios.ucsc.cl\/ott\/wp-content\/uploads\/sites\/15\/2022\/06\/OTT_DDA_1.png\" alt=\"\" width=\"50\" height=\"50\" \/><\/a><\/td>\n<td style=\"width: 15.0156px\"><\/td>\n<td style=\"width: 704.859px;height: 181px\">\n<h3>Descripci\u00f3n<\/h3>\n<p style=\"text-align: justify\">La gu\u00eda orientadora establece bases y lineamientos generales en torno a las tem\u00e1ticas de Aprendizaje Basado en Investigaci\u00f3n y la vinculaci\u00f3n escolar para el fortalecimiento de la investigaci\u00f3n y la Formaci\u00f3n Inicial Docente (FID). La gu\u00eda tiene una estructura de dise\u00f1o cercana a estudiantes en proceso FID con infograf\u00edas e informaci\u00f3n actualizada y dise\u00f1ada para el grupo etario de 18 a 27 a\u00f1os.<\/p>\n<\/td>\n<td style=\"width: 18.0469px;height: 181px\">\n<h3><\/h3>\n<\/td>\n<\/tr>\n<tr style=\"height: 156px\">\n<td style=\"width: 8px;height: 156px\"><\/td>\n<td style=\"width: 64.0781px;height: 156px\"><a href=\"https:\/\/sitios.ucsc.cl\/ott\/wp-content\/uploads\/sites\/15\/2022\/06\/OTT_DDA_2.png\"><img loading=\"lazy\" class=\"aligncenter size-full wp-image-2176\" src=\"https:\/\/sitios.ucsc.cl\/ott\/wp-content\/uploads\/sites\/15\/2022\/06\/OTT_DDA_2.png\" alt=\"\" width=\"50\" height=\"50\" \/><\/a><\/td>\n<td style=\"width: 15.0156px\"><\/td>\n<td style=\"width: 704.859px;height: 156px\">\n<h3>Beneficios \/ Ventajas<\/h3>\n<ul>\n<li><strong>Desarrollo de competencias investigativas:<\/strong> Facilita el desarrollo de habilidades para la investigaci\u00f3n.<\/li>\n<li><strong>Mejora de metodolog\u00edas educativas:<\/strong> Mejora la comprensi\u00f3n de las metodolog\u00edas educativas.<\/li>\n<li><strong>Dise\u00f1o accesible:<\/strong> Optimiza el aprendizaje con un dise\u00f1o f\u00e1cil de usar.<\/li>\n<li><strong>Vinculaci\u00f3n escolar:<\/strong> Promueve la conexi\u00f3n entre la escuela y el aprendizaje.<\/li>\n<li><strong>Marco claro para redacci\u00f3n:<\/strong> Ofrece una gu\u00eda clara para escribir art\u00edculos cient\u00edficos.<\/li>\n<\/ul>\n<\/td>\n<td style=\"width: 18.0469px;height: 156px\"><\/td>\n<\/tr>\n<tr style=\"height: 104px\">\n<td style=\"width: 8px;height: 104px\"><\/td>\n<td style=\"width: 64.0781px;height: 104px\"><a href=\"https:\/\/sitios.ucsc.cl\/ott\/wp-content\/uploads\/sites\/15\/2022\/06\/OTT_DDA_3.png\"><img loading=\"lazy\" class=\"aligncenter size-full wp-image-2177\" src=\"https:\/\/sitios.ucsc.cl\/ott\/wp-content\/uploads\/sites\/15\/2022\/06\/OTT_DDA_3.png\" alt=\"\" width=\"50\" height=\"50\" \/><\/a><\/td>\n<td style=\"width: 15.0156px\"><\/td>\n<td style=\"width: 704.859px;height: 104px\">\n<h3>Usos \/ Aplicaciones<\/h3>\n<p style=\"text-align: justify\">Ayuda a los estudiantes universitarios a mejorar sus habilidades metodol\u00f3gicas y de investigaci\u00f3n. Se ha probado en la formaci\u00f3n de futuros docentes, mostrando que mejora la comprensi\u00f3n de conceptos educativos y la conexi\u00f3n con la escuela.<\/p>\n<\/td>\n<td style=\"width: 18.0469px;height: 104px\"><\/td>\n<\/tr>\n<tr style=\"height: 79px\">\n<td style=\"width: 8px;height: 79px\"><\/td>\n<td style=\"width: 64.0781px;height: 79px\"><a href=\"https:\/\/sitios.ucsc.cl\/ott\/wp-content\/uploads\/sites\/15\/2022\/06\/OTT_DDA_4.png\"><img loading=\"lazy\" class=\"aligncenter size-full wp-image-2178\" src=\"https:\/\/sitios.ucsc.cl\/ott\/wp-content\/uploads\/sites\/15\/2022\/06\/OTT_DDA_4.png\" alt=\"\" width=\"50\" height=\"50\" \/><\/a><\/td>\n<td style=\"width: 15.0156px\"><\/td>\n<td style=\"width: 704.859px;height: 79px\">\n<h3>Oferta tecnol\u00f3gica<\/h3>\n<p>Esta obra se encuentra disponible para licenciamiento.<\/td>\n<td style=\"width: 18.0469px;height: 79px\"><\/td>\n<\/tr>\n<tr style=\"height: 79px\">\n<td style=\"width: 8px;height: 79px\"><\/td>\n<td style=\"width: 64.0781px;height: 79px\"><a href=\"https:\/\/sitios.ucsc.cl\/ott\/wp-content\/uploads\/sites\/15\/2022\/06\/OTT_DDA_5.png\"><img loading=\"lazy\" class=\"aligncenter size-full wp-image-2179\" src=\"https:\/\/sitios.ucsc.cl\/ott\/wp-content\/uploads\/sites\/15\/2022\/06\/OTT_DDA_5.png\" alt=\"\" width=\"50\" height=\"50\" \/><\/a><\/td>\n<td style=\"width: 15.0156px\"><\/td>\n<td style=\"width: 704.859px;height: 79px\">\n<h3>Propiedad intelectual<\/h3>\n<p>Registro Derecho de Autor: 2023-A-10023<\/td>\n<td style=\"width: 18.0469px;height: 79px\"><\/td>\n<\/tr>\n<tr style=\"height: 104px\">\n<td style=\"width: 8px;height: 104px\"><\/td>\n<td style=\"width: 64.0781px;height: 104px\"><a href=\"https:\/\/sitios.ucsc.cl\/ott\/wp-content\/uploads\/sites\/15\/2022\/06\/OTT_DDA_6.png\"><img loading=\"lazy\" class=\"size-full wp-image-2180 aligncenter\" src=\"https:\/\/sitios.ucsc.cl\/ott\/wp-content\/uploads\/sites\/15\/2022\/06\/OTT_DDA_6.png\" alt=\"\" width=\"50\" height=\"50\" \/><\/a><\/td>\n<td style=\"width: 15.0156px\"><\/td>\n<td style=\"width: 704.859px;height: 104px\">\n<h3>Autores<\/h3>\n<div data-olk-copy-source=\"MailCompose\"><strong>Dr. Felipe Andr\u00e9s Poblete Valderrama,<\/strong> Facultad de Educaci\u00f3n.<\/div>\n<div><strong>Dr. Carlos Alexis Matus Castillo<\/strong>, Facultad de Educaci\u00f3n.<\/div>\n<div><strong>Dr. Alex Leonardo Garrido M\u00e9ndez,<\/strong> Facultad de Educaci\u00f3n.<\/div>\n<div><strong>Dr. Ricardo Andr\u00e9s Castro C\u00e1ceres,<\/strong> Facultad de Educaci\u00f3n.<\/div>\n<div><strong>Mg. Yuri Orlando Figueroa S\u00e1ez.<\/strong><\/div>\n<div id=\"Signature\" class=\"elementToProof\">\n<div><\/div>\n<\/div>\n<\/td>\n<td style=\"width: 18.0469px;height: 104px\"><\/td>\n<\/tr>\n<tr style=\"height: 115px\">\n<td style=\"width: 8px;height: 115px\"><\/td>\n<td style=\"width: 783.953px;height: 115px\" colspan=\"3\">&nbsp;<\/p>\n<p><a href=\"https:\/\/dinn.ucsc.cl\/wp-content\/uploads\/sites\/14\/2024\/11\/OTT_DDA_2024_4.pdf\" target=\"_blank\" rel=\"noopener\"><img loading=\"lazy\" class=\"aligncenter wp-image-2220 size-medium\" src=\"https:\/\/sitios.ucsc.cl\/ott\/wp-content\/uploads\/sites\/15\/2022\/06\/Bot\u00f3n-descarga-300x61.png\" alt=\"\" width=\"300\" height=\"61\" \/><\/a><\/td>\n<td style=\"width: 18.0469px\"><\/td>\n<\/tr>\n<\/tbody>\n<\/table>\n","protected":false},"excerpt":{"rendered":"<p>Descripci\u00f3n La gu\u00eda orientadora establece bases y lineamientos generales en torno a las tem\u00e1ticas de Aprendizaje Basado en Investigaci\u00f3n y la vinculaci\u00f3n escolar para el fortalecimiento de la investigaci\u00f3n y la Formaci\u00f3n Inicial Docente (FID). La gu\u00eda tiene una estructura de dise\u00f1o cercana a estudiantes en proceso FID con infograf\u00edas e informaci\u00f3n actualizada y dise\u00f1ada [&hellip;]<\/p>\n","protected":false},"author":84,"featured_media":0,"parent":0,"menu_order":0,"comment_status":"closed","ping_status":"closed","template":"","meta":[],"yoast_head":"<!-- This site is optimized with the Yoast SEO plugin v18.9 - https:\/\/yoast.com\/wordpress\/plugins\/seo\/ -->\n<title>Gu\u00eda Orientadora: Aprendizaje Basado en Investigaci\u00f3n y vinculaci\u00f3n escolar para el fortalecimiento de la investigaci\u00f3n y la Formaci\u00f3n Inicial Docente -<\/title>\n<meta name=\"robots\" content=\"index, follow, max-snippet:-1, max-image-preview:large, max-video-preview:-1\" \/>\n<link rel=\"canonical\" href=\"https:\/\/dinn.ucsc.cl\/index.php\/guia-orientadora-aprendizaje-basado-en-investigacion-y-vinculacion-escolar-para-el-fortalecimiento-de-la-investigacion-y-la-formacion-inicial-docente\/\" \/>\n<meta property=\"og:locale\" content=\"es_ES\" \/>\n<meta property=\"og:type\" content=\"article\" \/>\n<meta property=\"og:title\" content=\"Gu\u00eda Orientadora: Aprendizaje Basado en Investigaci\u00f3n y vinculaci\u00f3n escolar para el fortalecimiento de la investigaci\u00f3n y la Formaci\u00f3n Inicial Docente -\" \/>\n<meta property=\"og:description\" content=\"Descripci\u00f3n La gu\u00eda orientadora establece bases y lineamientos generales en torno a las tem\u00e1ticas de Aprendizaje Basado en Investigaci\u00f3n y la vinculaci\u00f3n escolar para el fortalecimiento de la investigaci\u00f3n y la Formaci\u00f3n Inicial Docente (FID). La gu\u00eda tiene una estructura de dise\u00f1o cercana a estudiantes en proceso FID con infograf\u00edas e informaci\u00f3n actualizada y dise\u00f1ada [&hellip;]\" \/>\n<meta property=\"og:url\" content=\"https:\/\/dinn.ucsc.cl\/index.php\/guia-orientadora-aprendizaje-basado-en-investigacion-y-vinculacion-escolar-para-el-fortalecimiento-de-la-investigacion-y-la-formacion-inicial-docente\/\" \/>\n<meta property=\"article:publisher\" content=\"https:\/\/m.facebook.com\/DINNUCSC\" \/>\n<meta property=\"article:modified_time\" content=\"2024-11-05T14:35:13+00:00\" \/>\n<meta property=\"og:image\" content=\"https:\/\/sitios.ucsc.cl\/investigacion\/wp-content\/uploads\/sites\/14\/2024\/11\/OTT_DDA_04-1024x210.png\" \/>\n<meta name=\"twitter:card\" content=\"summary\" \/>\n<meta name=\"twitter:site\" content=\"@dinn_ucsc\" \/>\n<meta name=\"twitter:label1\" content=\"Tiempo de lectura\" \/>\n\t<meta name=\"twitter:data1\" content=\"1 minuto\" \/>\n<script type=\"application\/ld+json\" class=\"yoast-schema-graph\">{\"@context\":\"https:\/\/schema.org\",\"@graph\":[{\"@type\":\"WebSite\",\"@id\":\"https:\/\/dinn.ucsc.cl\/#website\",\"url\":\"https:\/\/dinn.ucsc.cl\/\",\"name\":\"Direcci\u00f3n de Innovaci\u00f3n UCSC\",\"description\":\"Direcci\u00f3n de Innovaci\u00f3n\",\"potentialAction\":[{\"@type\":\"SearchAction\",\"target\":{\"@type\":\"EntryPoint\",\"urlTemplate\":\"https:\/\/dinn.ucsc.cl\/?s={search_term_string}\"},\"query-input\":\"required name=search_term_string\"}],\"inLanguage\":\"es\"},{\"@type\":\"ImageObject\",\"inLanguage\":\"es\",\"@id\":\"https:\/\/dinn.ucsc.cl\/index.php\/guia-orientadora-aprendizaje-basado-en-investigacion-y-vinculacion-escolar-para-el-fortalecimiento-de-la-investigacion-y-la-formacion-inicial-docente\/#primaryimage\",\"url\":\"https:\/\/sitios.ucsc.cl\/investigacion\/wp-content\/uploads\/sites\/14\/2024\/11\/OTT_DDA_04-1024x210.png\",\"contentUrl\":\"https:\/\/sitios.ucsc.cl\/investigacion\/wp-content\/uploads\/sites\/14\/2024\/11\/OTT_DDA_04-1024x210.png\"},{\"@type\":\"WebPage\",\"@id\":\"https:\/\/dinn.ucsc.cl\/index.php\/guia-orientadora-aprendizaje-basado-en-investigacion-y-vinculacion-escolar-para-el-fortalecimiento-de-la-investigacion-y-la-formacion-inicial-docente\/#webpage\",\"url\":\"https:\/\/dinn.ucsc.cl\/index.php\/guia-orientadora-aprendizaje-basado-en-investigacion-y-vinculacion-escolar-para-el-fortalecimiento-de-la-investigacion-y-la-formacion-inicial-docente\/\",\"name\":\"Gu\u00eda Orientadora: Aprendizaje Basado en Investigaci\u00f3n y vinculaci\u00f3n escolar para el fortalecimiento de la investigaci\u00f3n y la Formaci\u00f3n Inicial Docente -\",\"isPartOf\":{\"@id\":\"https:\/\/dinn.ucsc.cl\/#website\"},\"primaryImageOfPage\":{\"@id\":\"https:\/\/dinn.ucsc.cl\/index.php\/guia-orientadora-aprendizaje-basado-en-investigacion-y-vinculacion-escolar-para-el-fortalecimiento-de-la-investigacion-y-la-formacion-inicial-docente\/#primaryimage\"},\"datePublished\":\"2024-11-04T12:57:49+00:00\",\"dateModified\":\"2024-11-05T14:35:13+00:00\",\"breadcrumb\":{\"@id\":\"https:\/\/dinn.ucsc.cl\/index.php\/guia-orientadora-aprendizaje-basado-en-investigacion-y-vinculacion-escolar-para-el-fortalecimiento-de-la-investigacion-y-la-formacion-inicial-docente\/#breadcrumb\"},\"inLanguage\":\"es\",\"potentialAction\":[{\"@type\":\"ReadAction\",\"target\":[\"https:\/\/dinn.ucsc.cl\/index.php\/guia-orientadora-aprendizaje-basado-en-investigacion-y-vinculacion-escolar-para-el-fortalecimiento-de-la-investigacion-y-la-formacion-inicial-docente\/\"]}]},{\"@type\":\"BreadcrumbList\",\"@id\":\"https:\/\/dinn.ucsc.cl\/index.php\/guia-orientadora-aprendizaje-basado-en-investigacion-y-vinculacion-escolar-para-el-fortalecimiento-de-la-investigacion-y-la-formacion-inicial-docente\/#breadcrumb\",\"itemListElement\":[{\"@type\":\"ListItem\",\"position\":1,\"name\":\"Inicio\",\"item\":\"https:\/\/dinn.ucsc.cl\/\"},{\"@type\":\"ListItem\",\"position\":2,\"name\":\"Gu\u00eda Orientadora: Aprendizaje Basado en Investigaci\u00f3n y vinculaci\u00f3n escolar para el fortalecimiento de la investigaci\u00f3n y la Formaci\u00f3n Inicial Docente\"}]}]}<\/script>\n<!-- \/ Yoast SEO plugin. -->","yoast_head_json":{"title":"Gu\u00eda Orientadora: Aprendizaje Basado en Investigaci\u00f3n y vinculaci\u00f3n escolar para el fortalecimiento de la investigaci\u00f3n y la Formaci\u00f3n Inicial Docente -","robots":{"index":"index","follow":"follow","max-snippet":"max-snippet:-1","max-image-preview":"max-image-preview:large","max-video-preview":"max-video-preview:-1"},"canonical":"https:\/\/dinn.ucsc.cl\/index.php\/guia-orientadora-aprendizaje-basado-en-investigacion-y-vinculacion-escolar-para-el-fortalecimiento-de-la-investigacion-y-la-formacion-inicial-docente\/","og_locale":"es_ES","og_type":"article","og_title":"Gu\u00eda Orientadora: Aprendizaje Basado en Investigaci\u00f3n y vinculaci\u00f3n escolar para el fortalecimiento de la investigaci\u00f3n y la Formaci\u00f3n Inicial Docente -","og_description":"Descripci\u00f3n La gu\u00eda orientadora establece bases y lineamientos generales en torno a las tem\u00e1ticas de Aprendizaje Basado en Investigaci\u00f3n y la vinculaci\u00f3n escolar para el fortalecimiento de la investigaci\u00f3n y la Formaci\u00f3n Inicial Docente (FID). La gu\u00eda tiene una estructura de dise\u00f1o cercana a estudiantes en proceso FID con infograf\u00edas e informaci\u00f3n actualizada y dise\u00f1ada [&hellip;]","og_url":"https:\/\/dinn.ucsc.cl\/index.php\/guia-orientadora-aprendizaje-basado-en-investigacion-y-vinculacion-escolar-para-el-fortalecimiento-de-la-investigacion-y-la-formacion-inicial-docente\/","article_publisher":"https:\/\/m.facebook.com\/DINNUCSC","article_modified_time":"2024-11-05T14:35:13+00:00","og_image":[{"url":"https:\/\/sitios.ucsc.cl\/investigacion\/wp-content\/uploads\/sites\/14\/2024\/11\/OTT_DDA_04-1024x210.png"}],"twitter_card":"summary","twitter_site":"@dinn_ucsc","twitter_misc":{"Tiempo de lectura":"1 minuto"},"schema":{"@context":"https:\/\/schema.org","@graph":[{"@type":"WebSite","@id":"https:\/\/dinn.ucsc.cl\/#website","url":"https:\/\/dinn.ucsc.cl\/","name":"Direcci\u00f3n de Innovaci\u00f3n UCSC","description":"Direcci\u00f3n de Innovaci\u00f3n","potentialAction":[{"@type":"SearchAction","target":{"@type":"EntryPoint","urlTemplate":"https:\/\/dinn.ucsc.cl\/?s={search_term_string}"},"query-input":"required name=search_term_string"}],"inLanguage":"es"},{"@type":"ImageObject","inLanguage":"es","@id":"https:\/\/dinn.ucsc.cl\/index.php\/guia-orientadora-aprendizaje-basado-en-investigacion-y-vinculacion-escolar-para-el-fortalecimiento-de-la-investigacion-y-la-formacion-inicial-docente\/#primaryimage","url":"https:\/\/sitios.ucsc.cl\/investigacion\/wp-content\/uploads\/sites\/14\/2024\/11\/OTT_DDA_04-1024x210.png","contentUrl":"https:\/\/sitios.ucsc.cl\/investigacion\/wp-content\/uploads\/sites\/14\/2024\/11\/OTT_DDA_04-1024x210.png"},{"@type":"WebPage","@id":"https:\/\/dinn.ucsc.cl\/index.php\/guia-orientadora-aprendizaje-basado-en-investigacion-y-vinculacion-escolar-para-el-fortalecimiento-de-la-investigacion-y-la-formacion-inicial-docente\/#webpage","url":"https:\/\/dinn.ucsc.cl\/index.php\/guia-orientadora-aprendizaje-basado-en-investigacion-y-vinculacion-escolar-para-el-fortalecimiento-de-la-investigacion-y-la-formacion-inicial-docente\/","name":"Gu\u00eda Orientadora: Aprendizaje Basado en Investigaci\u00f3n y vinculaci\u00f3n escolar para el fortalecimiento de la investigaci\u00f3n y la Formaci\u00f3n Inicial Docente -","isPartOf":{"@id":"https:\/\/dinn.ucsc.cl\/#website"},"primaryImageOfPage":{"@id":"https:\/\/dinn.ucsc.cl\/index.php\/guia-orientadora-aprendizaje-basado-en-investigacion-y-vinculacion-escolar-para-el-fortalecimiento-de-la-investigacion-y-la-formacion-inicial-docente\/#primaryimage"},"datePublished":"2024-11-04T12:57:49+00:00","dateModified":"2024-11-05T14:35:13+00:00","breadcrumb":{"@id":"https:\/\/dinn.ucsc.cl\/index.php\/guia-orientadora-aprendizaje-basado-en-investigacion-y-vinculacion-escolar-para-el-fortalecimiento-de-la-investigacion-y-la-formacion-inicial-docente\/#breadcrumb"},"inLanguage":"es","potentialAction":[{"@type":"ReadAction","target":["https:\/\/dinn.ucsc.cl\/index.php\/guia-orientadora-aprendizaje-basado-en-investigacion-y-vinculacion-escolar-para-el-fortalecimiento-de-la-investigacion-y-la-formacion-inicial-docente\/"]}]},{"@type":"BreadcrumbList","@id":"https:\/\/dinn.ucsc.cl\/index.php\/guia-orientadora-aprendizaje-basado-en-investigacion-y-vinculacion-escolar-para-el-fortalecimiento-de-la-investigacion-y-la-formacion-inicial-docente\/#breadcrumb","itemListElement":[{"@type":"ListItem","position":1,"name":"Inicio","item":"https:\/\/dinn.ucsc.cl\/"},{"@type":"ListItem","position":2,"name":"Gu\u00eda Orientadora: Aprendizaje Basado en Investigaci\u00f3n y vinculaci\u00f3n escolar para el fortalecimiento de la investigaci\u00f3n y la Formaci\u00f3n Inicial Docente"}]}]}},"_links":{"self":[{"href":"https:\/\/dinn.ucsc.cl\/index.php\/wp-json\/wp\/v2\/pages\/6016"}],"collection":[{"href":"https:\/\/dinn.ucsc.cl\/index.php\/wp-json\/wp\/v2\/pages"}],"about":[{"href":"https:\/\/dinn.ucsc.cl\/index.php\/wp-json\/wp\/v2\/types\/page"}],"author":[{"embeddable":true,"href":"https:\/\/dinn.ucsc.cl\/index.php\/wp-json\/wp\/v2\/users\/84"}],"replies":[{"embeddable":true,"href":"https:\/\/dinn.ucsc.cl\/index.php\/wp-json\/wp\/v2\/comments?post=6016"}],"version-history":[{"count":6,"href":"https:\/\/dinn.ucsc.cl\/index.php\/wp-json\/wp\/v2\/pages\/6016\/revisions"}],"predecessor-version":[{"id":6141,"href":"https:\/\/dinn.ucsc.cl\/index.php\/wp-json\/wp\/v2\/pages\/6016\/revisions\/6141"}],"wp:attachment":[{"href":"https:\/\/dinn.ucsc.cl\/index.php\/wp-json\/wp\/v2\/media?parent=6016"}],"curies":[{"name":"wp","href":"https:\/\/api.w.org\/{rel}","templated":true}]}}