{"id":6023,"date":"2024-11-04T10:40:55","date_gmt":"2024-11-04T13:40:55","guid":{"rendered":"https:\/\/dinn.ucsc.cl\/?page_id=6023"},"modified":"2024-11-05T11:35:04","modified_gmt":"2024-11-05T14:35:04","slug":"primeros-auxilios-emocionales-pae-autocuidado-para-la-salud-mental-tomo-ii","status":"publish","type":"page","link":"https:\/\/dinn.ucsc.cl\/index.php\/primeros-auxilios-emocionales-pae-autocuidado-para-la-salud-mental-tomo-ii\/","title":{"rendered":"Primeros Auxilios Emocionales (PAE), Autocuidado para la Salud Mental Tomo II"},"content":{"rendered":"<table class=\" alignleft\">\n<tbody>\n<tr style=\"height: 153px\">\n<td style=\"width: 810px;height: 153px\" colspan=\"5\"><img loading=\"lazy\" class=\"aligncenter wp-image-6047\" src=\"https:\/\/dinn.ucsc.cl\/wp-content\/uploads\/sites\/14\/2024\/11\/OTT_DDA_07.png\" alt=\"\" width=\"839\" height=\"172\" srcset=\"https:\/\/dinn.ucsc.cl\/wp-content\/uploads\/sites\/14\/2024\/11\/OTT_DDA_07.png 1344w, https:\/\/dinn.ucsc.cl\/wp-content\/uploads\/sites\/14\/2024\/11\/OTT_DDA_07-300x61.png 300w, https:\/\/dinn.ucsc.cl\/wp-content\/uploads\/sites\/14\/2024\/11\/OTT_DDA_07-1024x210.png 1024w, https:\/\/dinn.ucsc.cl\/wp-content\/uploads\/sites\/14\/2024\/11\/OTT_DDA_07-768x157.png 768w, https:\/\/dinn.ucsc.cl\/wp-content\/uploads\/sites\/14\/2024\/11\/OTT_DDA_07-200x41.png 200w\" sizes=\"(max-width: 839px) 100vw, 839px\" \/><\/td>\n<\/tr>\n<tr style=\"height: 181px\">\n<td style=\"width: 8px;height: 181px\"><\/td>\n<td style=\"width: 64.0781px;height: 181px\"><a href=\"https:\/\/sitios.ucsc.cl\/ott\/wp-content\/uploads\/sites\/15\/2022\/06\/OTT_DDA_1.png\"><img loading=\"lazy\" class=\"aligncenter size-full wp-image-2175\" src=\"https:\/\/sitios.ucsc.cl\/ott\/wp-content\/uploads\/sites\/15\/2022\/06\/OTT_DDA_1.png\" alt=\"\" width=\"50\" height=\"50\" \/><\/a><\/td>\n<td style=\"width: 15.0156px\"><\/td>\n<td style=\"width: 704.859px;height: 181px\">\n<h3>Descripci\u00f3n<\/h3>\n<p style=\"text-align: justify\">Consta de una gu\u00eda de cuatro partes, para ayudar a estudiantes universitarios a cuidar su salud mental. La primera secci\u00f3n explica c\u00f3mo identificar se\u00f1ales de alerta de problemas de salud, para prevenir oportunamente. La segunda parte introduce la importancia del autocuidado en salud mental. La tercera, promueve conocer el estr\u00e9s y su funci\u00f3n en el organismo. Finalmente, la cuarta parte da a conocer c\u00f3mo poner en pr\u00e1ctica actividades de autocuidado avalados por la ciencia.<\/p>\n<\/td>\n<td style=\"width: 18.0469px;height: 181px\">\n<h3><\/h3>\n<\/td>\n<\/tr>\n<tr style=\"height: 156px\">\n<td style=\"width: 8px;height: 156px\"><\/td>\n<td style=\"width: 64.0781px;height: 156px\"><a href=\"https:\/\/sitios.ucsc.cl\/ott\/wp-content\/uploads\/sites\/15\/2022\/06\/OTT_DDA_2.png\"><img loading=\"lazy\" class=\"aligncenter size-full wp-image-2176\" src=\"https:\/\/sitios.ucsc.cl\/ott\/wp-content\/uploads\/sites\/15\/2022\/06\/OTT_DDA_2.png\" alt=\"\" width=\"50\" height=\"50\" \/><\/a><\/td>\n<td style=\"width: 15.0156px\"><\/td>\n<td style=\"width: 704.859px;height: 156px\">\n<h3>Beneficios \/ Ventajas<\/h3>\n<ul>\n<li><strong>Beneficios para la salud mental:<\/strong> Ofrece estrategias pr\u00e1cticas de autocuidado que mejoran el bienestar emocional y reducen el estr\u00e9s.<\/li>\n<li><strong>Fomenta la resiliencia:<\/strong> Ayuda a los estudiantes a desarrollar resiliencia y ser activos en el cuidado de su salud mental.<\/li>\n<li><strong>Promueve la conciencia:<\/strong> Aumenta la conciencia sobre la salud mental.<\/li>\n<li><strong>Facilita la detecci\u00f3n temprana:<\/strong> Permite la detecci\u00f3n temprana de problemas de salud mental.<\/li>\n<\/ul>\n<\/td>\n<td style=\"width: 18.0469px;height: 156px\"><\/td>\n<\/tr>\n<tr style=\"height: 104px\">\n<td style=\"width: 8px;height: 104px\"><\/td>\n<td style=\"width: 64.0781px;height: 104px\"><a href=\"https:\/\/sitios.ucsc.cl\/ott\/wp-content\/uploads\/sites\/15\/2022\/06\/OTT_DDA_3.png\"><img loading=\"lazy\" class=\"aligncenter size-full wp-image-2177\" src=\"https:\/\/sitios.ucsc.cl\/ott\/wp-content\/uploads\/sites\/15\/2022\/06\/OTT_DDA_3.png\" alt=\"\" width=\"50\" height=\"50\" \/><\/a><\/td>\n<td style=\"width: 15.0156px\"><\/td>\n<td style=\"width: 704.859px;height: 104px\">\n<h3>Usos \/ Aplicaciones<\/h3>\n<p style=\"text-align: justify\">Ayuda a los estudiantes a mejorar su salud mental con t\u00e9cnicas de autocuidado y manejo del estr\u00e9s. Facilita la detecci\u00f3n de problemas emocionales, fomenta la resiliencia y contribuye a un ambiente educativo m\u00e1s saludable y productivo.<\/p>\n<\/td>\n<td style=\"width: 18.0469px;height: 104px\"><\/td>\n<\/tr>\n<tr style=\"height: 79px\">\n<td style=\"width: 8px;height: 79px\"><\/td>\n<td style=\"width: 64.0781px;height: 79px\"><a href=\"https:\/\/sitios.ucsc.cl\/ott\/wp-content\/uploads\/sites\/15\/2022\/06\/OTT_DDA_4.png\"><img loading=\"lazy\" class=\"aligncenter size-full wp-image-2178\" src=\"https:\/\/sitios.ucsc.cl\/ott\/wp-content\/uploads\/sites\/15\/2022\/06\/OTT_DDA_4.png\" alt=\"\" width=\"50\" height=\"50\" \/><\/a><\/td>\n<td style=\"width: 15.0156px\"><\/td>\n<td style=\"width: 704.859px;height: 79px\">\n<h3>Oferta tecnol\u00f3gica<\/h3>\n<p>Esta obra se encuentra disponible para licenciamiento.<\/td>\n<td style=\"width: 18.0469px;height: 79px\"><\/td>\n<\/tr>\n<tr style=\"height: 79px\">\n<td style=\"width: 8px;height: 79px\"><\/td>\n<td style=\"width: 64.0781px;height: 79px\"><a href=\"https:\/\/sitios.ucsc.cl\/ott\/wp-content\/uploads\/sites\/15\/2022\/06\/OTT_DDA_5.png\"><img loading=\"lazy\" class=\"aligncenter size-full wp-image-2179\" src=\"https:\/\/sitios.ucsc.cl\/ott\/wp-content\/uploads\/sites\/15\/2022\/06\/OTT_DDA_5.png\" alt=\"\" width=\"50\" height=\"50\" \/><\/a><\/td>\n<td style=\"width: 15.0156px\"><\/td>\n<td style=\"width: 704.859px;height: 79px\">\n<h3>Propiedad intelectual<\/h3>\n<p>Registro Derecho de Autor: 2023-A-8927<\/td>\n<td style=\"width: 18.0469px;height: 79px\"><\/td>\n<\/tr>\n<tr style=\"height: 104px\">\n<td style=\"width: 8px;height: 104px\"><\/td>\n<td style=\"width: 64.0781px;height: 104px\"><a href=\"https:\/\/sitios.ucsc.cl\/ott\/wp-content\/uploads\/sites\/15\/2022\/06\/OTT_DDA_6.png\"><img loading=\"lazy\" class=\"size-full wp-image-2180 aligncenter\" src=\"https:\/\/sitios.ucsc.cl\/ott\/wp-content\/uploads\/sites\/15\/2022\/06\/OTT_DDA_6.png\" alt=\"\" width=\"50\" height=\"50\" \/><\/a><\/td>\n<td style=\"width: 15.0156px\"><\/td>\n<td style=\"width: 704.859px;height: 104px\">\n<h3>Autoras<\/h3>\n<div data-olk-copy-source=\"MailCompose\"><strong>Lorena Rodr\u00edguez Mart\u00ednez,<\/strong> Direcci\u00f3n de Apoyo a los Estudiantes.<strong><br \/>\nMarcia S\u00e1ez S\u00e1ez,<\/strong> Direcci\u00f3n de Apoyo a los Estudiantes.<\/div>\n<div id=\"Signature\" class=\"elementToProof\">\n<div><\/div>\n<\/div>\n<\/td>\n<td style=\"width: 18.0469px;height: 104px\"><\/td>\n<\/tr>\n<tr style=\"height: 115px\">\n<td style=\"width: 8px;height: 115px\"><\/td>\n<td style=\"width: 783.953px;height: 115px\" colspan=\"3\">&nbsp;<\/p>\n<p><a href=\"https:\/\/dinn.ucsc.cl\/wp-content\/uploads\/sites\/14\/2024\/11\/OTT_DDA_2024_7.pdf\" target=\"_blank\" rel=\"noopener\"><img loading=\"lazy\" class=\"aligncenter wp-image-2220 size-medium\" src=\"https:\/\/sitios.ucsc.cl\/ott\/wp-content\/uploads\/sites\/15\/2022\/06\/Bot\u00f3n-descarga-300x61.png\" alt=\"\" width=\"300\" height=\"61\" \/><\/a><\/td>\n<td style=\"width: 18.0469px\"><\/td>\n<\/tr>\n<\/tbody>\n<\/table>\n","protected":false},"excerpt":{"rendered":"<p>Descripci\u00f3n Consta de una gu\u00eda de cuatro partes, para ayudar a estudiantes universitarios a cuidar su salud mental. La primera secci\u00f3n explica c\u00f3mo identificar se\u00f1ales de alerta de problemas de salud, para prevenir oportunamente. La segunda parte introduce la importancia del autocuidado en salud mental. La tercera, promueve conocer el estr\u00e9s y su funci\u00f3n en [&hellip;]<\/p>\n","protected":false},"author":84,"featured_media":0,"parent":0,"menu_order":0,"comment_status":"closed","ping_status":"closed","template":"","meta":[],"yoast_head":"<!-- This site is optimized with the Yoast SEO plugin v18.9 - https:\/\/yoast.com\/wordpress\/plugins\/seo\/ -->\n<title>Primeros Auxilios Emocionales (PAE), Autocuidado para la Salud Mental Tomo II -<\/title>\n<meta name=\"robots\" content=\"index, follow, max-snippet:-1, max-image-preview:large, max-video-preview:-1\" \/>\n<link rel=\"canonical\" href=\"https:\/\/dinn.ucsc.cl\/index.php\/primeros-auxilios-emocionales-pae-autocuidado-para-la-salud-mental-tomo-ii\/\" \/>\n<meta property=\"og:locale\" content=\"es_ES\" \/>\n<meta property=\"og:type\" content=\"article\" \/>\n<meta property=\"og:title\" content=\"Primeros Auxilios Emocionales (PAE), Autocuidado para la Salud Mental Tomo II -\" \/>\n<meta property=\"og:description\" content=\"Descripci\u00f3n Consta de una gu\u00eda de cuatro partes, para ayudar a estudiantes universitarios a cuidar su salud mental. La primera secci\u00f3n explica c\u00f3mo identificar se\u00f1ales de alerta de problemas de salud, para prevenir oportunamente. La segunda parte introduce la importancia del autocuidado en salud mental. La tercera, promueve conocer el estr\u00e9s y su funci\u00f3n en [&hellip;]\" \/>\n<meta property=\"og:url\" content=\"https:\/\/dinn.ucsc.cl\/index.php\/primeros-auxilios-emocionales-pae-autocuidado-para-la-salud-mental-tomo-ii\/\" \/>\n<meta property=\"article:publisher\" content=\"https:\/\/m.facebook.com\/DINNUCSC\" \/>\n<meta property=\"article:modified_time\" content=\"2024-11-05T14:35:04+00:00\" \/>\n<meta property=\"og:image\" content=\"https:\/\/sitios.ucsc.cl\/investigacion\/wp-content\/uploads\/sites\/14\/2024\/11\/OTT_DDA_07.png\" \/>\n<meta name=\"twitter:card\" content=\"summary\" \/>\n<meta name=\"twitter:site\" content=\"@dinn_ucsc\" \/>\n<meta name=\"twitter:label1\" content=\"Tiempo de lectura\" \/>\n\t<meta name=\"twitter:data1\" content=\"1 minuto\" \/>\n<script type=\"application\/ld+json\" class=\"yoast-schema-graph\">{\"@context\":\"https:\/\/schema.org\",\"@graph\":[{\"@type\":\"WebSite\",\"@id\":\"https:\/\/dinn.ucsc.cl\/#website\",\"url\":\"https:\/\/dinn.ucsc.cl\/\",\"name\":\"Direcci\u00f3n de Innovaci\u00f3n UCSC\",\"description\":\"Direcci\u00f3n de Innovaci\u00f3n\",\"potentialAction\":[{\"@type\":\"SearchAction\",\"target\":{\"@type\":\"EntryPoint\",\"urlTemplate\":\"https:\/\/dinn.ucsc.cl\/?s={search_term_string}\"},\"query-input\":\"required name=search_term_string\"}],\"inLanguage\":\"es\"},{\"@type\":\"ImageObject\",\"inLanguage\":\"es\",\"@id\":\"https:\/\/dinn.ucsc.cl\/index.php\/primeros-auxilios-emocionales-pae-autocuidado-para-la-salud-mental-tomo-ii\/#primaryimage\",\"url\":\"https:\/\/sitios.ucsc.cl\/investigacion\/wp-content\/uploads\/sites\/14\/2024\/11\/OTT_DDA_07.png\",\"contentUrl\":\"https:\/\/sitios.ucsc.cl\/investigacion\/wp-content\/uploads\/sites\/14\/2024\/11\/OTT_DDA_07.png\"},{\"@type\":\"WebPage\",\"@id\":\"https:\/\/dinn.ucsc.cl\/index.php\/primeros-auxilios-emocionales-pae-autocuidado-para-la-salud-mental-tomo-ii\/#webpage\",\"url\":\"https:\/\/dinn.ucsc.cl\/index.php\/primeros-auxilios-emocionales-pae-autocuidado-para-la-salud-mental-tomo-ii\/\",\"name\":\"Primeros Auxilios Emocionales (PAE), Autocuidado para la Salud Mental Tomo II -\",\"isPartOf\":{\"@id\":\"https:\/\/dinn.ucsc.cl\/#website\"},\"primaryImageOfPage\":{\"@id\":\"https:\/\/dinn.ucsc.cl\/index.php\/primeros-auxilios-emocionales-pae-autocuidado-para-la-salud-mental-tomo-ii\/#primaryimage\"},\"datePublished\":\"2024-11-04T13:40:55+00:00\",\"dateModified\":\"2024-11-05T14:35:04+00:00\",\"breadcrumb\":{\"@id\":\"https:\/\/dinn.ucsc.cl\/index.php\/primeros-auxilios-emocionales-pae-autocuidado-para-la-salud-mental-tomo-ii\/#breadcrumb\"},\"inLanguage\":\"es\",\"potentialAction\":[{\"@type\":\"ReadAction\",\"target\":[\"https:\/\/dinn.ucsc.cl\/index.php\/primeros-auxilios-emocionales-pae-autocuidado-para-la-salud-mental-tomo-ii\/\"]}]},{\"@type\":\"BreadcrumbList\",\"@id\":\"https:\/\/dinn.ucsc.cl\/index.php\/primeros-auxilios-emocionales-pae-autocuidado-para-la-salud-mental-tomo-ii\/#breadcrumb\",\"itemListElement\":[{\"@type\":\"ListItem\",\"position\":1,\"name\":\"Inicio\",\"item\":\"https:\/\/dinn.ucsc.cl\/\"},{\"@type\":\"ListItem\",\"position\":2,\"name\":\"Primeros Auxilios Emocionales (PAE), Autocuidado para la Salud Mental Tomo II\"}]}]}<\/script>\n<!-- \/ Yoast SEO plugin. -->","yoast_head_json":{"title":"Primeros Auxilios Emocionales (PAE), Autocuidado para la Salud Mental Tomo II -","robots":{"index":"index","follow":"follow","max-snippet":"max-snippet:-1","max-image-preview":"max-image-preview:large","max-video-preview":"max-video-preview:-1"},"canonical":"https:\/\/dinn.ucsc.cl\/index.php\/primeros-auxilios-emocionales-pae-autocuidado-para-la-salud-mental-tomo-ii\/","og_locale":"es_ES","og_type":"article","og_title":"Primeros Auxilios Emocionales (PAE), Autocuidado para la Salud Mental Tomo II -","og_description":"Descripci\u00f3n Consta de una gu\u00eda de cuatro partes, para ayudar a estudiantes universitarios a cuidar su salud mental. La primera secci\u00f3n explica c\u00f3mo identificar se\u00f1ales de alerta de problemas de salud, para prevenir oportunamente. La segunda parte introduce la importancia del autocuidado en salud mental. La tercera, promueve conocer el estr\u00e9s y su funci\u00f3n en [&hellip;]","og_url":"https:\/\/dinn.ucsc.cl\/index.php\/primeros-auxilios-emocionales-pae-autocuidado-para-la-salud-mental-tomo-ii\/","article_publisher":"https:\/\/m.facebook.com\/DINNUCSC","article_modified_time":"2024-11-05T14:35:04+00:00","og_image":[{"url":"https:\/\/sitios.ucsc.cl\/investigacion\/wp-content\/uploads\/sites\/14\/2024\/11\/OTT_DDA_07.png"}],"twitter_card":"summary","twitter_site":"@dinn_ucsc","twitter_misc":{"Tiempo de lectura":"1 minuto"},"schema":{"@context":"https:\/\/schema.org","@graph":[{"@type":"WebSite","@id":"https:\/\/dinn.ucsc.cl\/#website","url":"https:\/\/dinn.ucsc.cl\/","name":"Direcci\u00f3n de Innovaci\u00f3n UCSC","description":"Direcci\u00f3n de Innovaci\u00f3n","potentialAction":[{"@type":"SearchAction","target":{"@type":"EntryPoint","urlTemplate":"https:\/\/dinn.ucsc.cl\/?s={search_term_string}"},"query-input":"required name=search_term_string"}],"inLanguage":"es"},{"@type":"ImageObject","inLanguage":"es","@id":"https:\/\/dinn.ucsc.cl\/index.php\/primeros-auxilios-emocionales-pae-autocuidado-para-la-salud-mental-tomo-ii\/#primaryimage","url":"https:\/\/sitios.ucsc.cl\/investigacion\/wp-content\/uploads\/sites\/14\/2024\/11\/OTT_DDA_07.png","contentUrl":"https:\/\/sitios.ucsc.cl\/investigacion\/wp-content\/uploads\/sites\/14\/2024\/11\/OTT_DDA_07.png"},{"@type":"WebPage","@id":"https:\/\/dinn.ucsc.cl\/index.php\/primeros-auxilios-emocionales-pae-autocuidado-para-la-salud-mental-tomo-ii\/#webpage","url":"https:\/\/dinn.ucsc.cl\/index.php\/primeros-auxilios-emocionales-pae-autocuidado-para-la-salud-mental-tomo-ii\/","name":"Primeros Auxilios Emocionales (PAE), Autocuidado para la Salud Mental Tomo II -","isPartOf":{"@id":"https:\/\/dinn.ucsc.cl\/#website"},"primaryImageOfPage":{"@id":"https:\/\/dinn.ucsc.cl\/index.php\/primeros-auxilios-emocionales-pae-autocuidado-para-la-salud-mental-tomo-ii\/#primaryimage"},"datePublished":"2024-11-04T13:40:55+00:00","dateModified":"2024-11-05T14:35:04+00:00","breadcrumb":{"@id":"https:\/\/dinn.ucsc.cl\/index.php\/primeros-auxilios-emocionales-pae-autocuidado-para-la-salud-mental-tomo-ii\/#breadcrumb"},"inLanguage":"es","potentialAction":[{"@type":"ReadAction","target":["https:\/\/dinn.ucsc.cl\/index.php\/primeros-auxilios-emocionales-pae-autocuidado-para-la-salud-mental-tomo-ii\/"]}]},{"@type":"BreadcrumbList","@id":"https:\/\/dinn.ucsc.cl\/index.php\/primeros-auxilios-emocionales-pae-autocuidado-para-la-salud-mental-tomo-ii\/#breadcrumb","itemListElement":[{"@type":"ListItem","position":1,"name":"Inicio","item":"https:\/\/dinn.ucsc.cl\/"},{"@type":"ListItem","position":2,"name":"Primeros Auxilios Emocionales (PAE), Autocuidado para la Salud Mental Tomo II"}]}]}},"_links":{"self":[{"href":"https:\/\/dinn.ucsc.cl\/index.php\/wp-json\/wp\/v2\/pages\/6023"}],"collection":[{"href":"https:\/\/dinn.ucsc.cl\/index.php\/wp-json\/wp\/v2\/pages"}],"about":[{"href":"https:\/\/dinn.ucsc.cl\/index.php\/wp-json\/wp\/v2\/types\/page"}],"author":[{"embeddable":true,"href":"https:\/\/dinn.ucsc.cl\/index.php\/wp-json\/wp\/v2\/users\/84"}],"replies":[{"embeddable":true,"href":"https:\/\/dinn.ucsc.cl\/index.php\/wp-json\/wp\/v2\/comments?post=6023"}],"version-history":[{"count":2,"href":"https:\/\/dinn.ucsc.cl\/index.php\/wp-json\/wp\/v2\/pages\/6023\/revisions"}],"predecessor-version":[{"id":6069,"href":"https:\/\/dinn.ucsc.cl\/index.php\/wp-json\/wp\/v2\/pages\/6023\/revisions\/6069"}],"wp:attachment":[{"href":"https:\/\/dinn.ucsc.cl\/index.php\/wp-json\/wp\/v2\/media?parent=6023"}],"curies":[{"name":"wp","href":"https:\/\/api.w.org\/{rel}","templated":true}]}}