{"id":6025,"date":"2024-11-04T10:51:32","date_gmt":"2024-11-04T13:51:32","guid":{"rendered":"https:\/\/dinn.ucsc.cl\/?page_id=6025"},"modified":"2024-11-05T11:35:48","modified_gmt":"2024-11-05T14:35:48","slug":"sistema-de-informacion-geografica-de-multiamenaza-sigma","status":"publish","type":"page","link":"https:\/\/dinn.ucsc.cl\/index.php\/sistema-de-informacion-geografica-de-multiamenaza-sigma\/","title":{"rendered":"Sistema de Informaci\u00f3n Geogr\u00e1fica de Multiamenaza (SIGMA)"},"content":{"rendered":"<table class=\" alignleft\">\n<tbody>\n<tr style=\"height: 153px\">\n<td style=\"width: 809px;height: 153px\" colspan=\"5\"><img loading=\"lazy\" class=\"aligncenter wp-image-6050\" src=\"https:\/\/dinn.ucsc.cl\/wp-content\/uploads\/sites\/14\/2024\/11\/OTT_DDA_08.png\" alt=\"\" width=\"839\" height=\"172\" srcset=\"https:\/\/dinn.ucsc.cl\/wp-content\/uploads\/sites\/14\/2024\/11\/OTT_DDA_08.png 1344w, https:\/\/dinn.ucsc.cl\/wp-content\/uploads\/sites\/14\/2024\/11\/OTT_DDA_08-300x61.png 300w, https:\/\/dinn.ucsc.cl\/wp-content\/uploads\/sites\/14\/2024\/11\/OTT_DDA_08-1024x210.png 1024w, https:\/\/dinn.ucsc.cl\/wp-content\/uploads\/sites\/14\/2024\/11\/OTT_DDA_08-768x157.png 768w, https:\/\/dinn.ucsc.cl\/wp-content\/uploads\/sites\/14\/2024\/11\/OTT_DDA_08-200x41.png 200w\" sizes=\"(max-width: 839px) 100vw, 839px\" \/><\/td>\n<\/tr>\n<tr style=\"height: 181px\">\n<td style=\"width: 8px;height: 181px\"><\/td>\n<td style=\"width: 64px;height: 181px\"><a href=\"https:\/\/sitios.ucsc.cl\/ott\/wp-content\/uploads\/sites\/15\/2022\/06\/OTT_DDA_1.png\"><img loading=\"lazy\" class=\"aligncenter size-full wp-image-2175\" src=\"https:\/\/sitios.ucsc.cl\/ott\/wp-content\/uploads\/sites\/15\/2022\/06\/OTT_DDA_1.png\" alt=\"\" width=\"50\" height=\"50\" \/><\/a><\/td>\n<td style=\"width: 15px\"><\/td>\n<td style=\"width: 704px;height: 181px\">\n<h3>Descripci\u00f3n<\/h3>\n<p style=\"text-align: justify\">El dise\u00f1o web de SIGMA ofrece una interfaz para un Sistema de Informaci\u00f3n Geogr\u00e1fica (SIG) que gestiona informaci\u00f3n sobre amenazas geoclim\u00e1ticas en Chile. La plataforma permite a los usuarios acceder a datos geoespaciales, visualizar informaci\u00f3n sobre m\u00faltiples amenazas y consultar recursos como videotutoriales y detalles del equipo de investigaci\u00f3n. Adem\u00e1s, organiza la informaci\u00f3n en secciones claras mediante un sistema de pesta\u00f1as y utiliza una estructura responsiva con elementos visuales, como logotipos y un banner de t\u00e9rminos y condiciones. La interfaz facilita la navegaci\u00f3n intuitiva y la interacci\u00f3n con contenido audiovisual y textual.<\/p>\n<\/td>\n<td style=\"width: 18px;height: 181px\">\n<h3><\/h3>\n<\/td>\n<\/tr>\n<tr style=\"height: 156px\">\n<td style=\"width: 8px;height: 156px\"><\/td>\n<td style=\"width: 64px;height: 156px\"><a href=\"https:\/\/sitios.ucsc.cl\/ott\/wp-content\/uploads\/sites\/15\/2022\/06\/OTT_DDA_2.png\"><img loading=\"lazy\" class=\"aligncenter size-full wp-image-2176\" src=\"https:\/\/sitios.ucsc.cl\/ott\/wp-content\/uploads\/sites\/15\/2022\/06\/OTT_DDA_2.png\" alt=\"\" width=\"50\" height=\"50\" \/><\/a><\/td>\n<td style=\"width: 15px\"><\/td>\n<td style=\"width: 704px;height: 156px\">\n<h3>Beneficios \/ Ventajas<\/h3>\n<ul>\n<li data-olk-copy-source=\"MailCompose\">Acceso intuitivo a informaci\u00f3n geoespacial.<\/li>\n<li>Recursos educativos como videotutoriales.<\/li>\n<li>Visualizaci\u00f3n de datos en tiempo real.<\/li>\n<li>Organizaci\u00f3n clara de la informaci\u00f3n.<\/li>\n<li>Interfaz f\u00e1cil de usar.<\/li>\n<\/ul>\n<\/td>\n<td style=\"width: 18px;height: 156px\"><\/td>\n<\/tr>\n<tr style=\"height: 104px\">\n<td style=\"width: 8px;height: 104px\"><\/td>\n<td style=\"width: 64px;height: 104px\"><a href=\"https:\/\/sitios.ucsc.cl\/ott\/wp-content\/uploads\/sites\/15\/2022\/06\/OTT_DDA_3.png\"><img loading=\"lazy\" class=\"aligncenter size-full wp-image-2177\" src=\"https:\/\/sitios.ucsc.cl\/ott\/wp-content\/uploads\/sites\/15\/2022\/06\/OTT_DDA_3.png\" alt=\"\" width=\"50\" height=\"50\" \/><\/a><\/td>\n<td style=\"width: 15px\"><\/td>\n<td style=\"width: 704px;height: 104px\">\n<h3>Usos \/ Aplicaciones<\/h3>\n<p style=\"text-align: justify\">La plataforma SIGMA gestiona y visualiza informaci\u00f3n geoespacial sobre amenazas geoclim\u00e1ticas en Chile, ayudando en la evaluaci\u00f3n de vulnerabilidades, la planificaci\u00f3n de respuestas y la educaci\u00f3n sobre riesgos ambientales. Ofrece interacci\u00f3n con datos en tiempo real y recursos educativos para mejorar la gesti\u00f3n de amenazas.<\/p>\n<\/td>\n<td style=\"width: 18px;height: 104px\"><\/td>\n<\/tr>\n<tr style=\"height: 79px\">\n<td style=\"width: 8px;height: 79px\"><\/td>\n<td style=\"width: 64px;height: 79px\"><a href=\"https:\/\/sitios.ucsc.cl\/ott\/wp-content\/uploads\/sites\/15\/2022\/06\/OTT_DDA_4.png\"><img loading=\"lazy\" class=\"aligncenter size-full wp-image-2178\" src=\"https:\/\/sitios.ucsc.cl\/ott\/wp-content\/uploads\/sites\/15\/2022\/06\/OTT_DDA_4.png\" alt=\"\" width=\"50\" height=\"50\" \/><\/a><\/td>\n<td style=\"width: 15px\"><\/td>\n<td style=\"width: 704px;height: 79px\">\n<h3>Oferta tecnol\u00f3gica<\/h3>\n<p>Esta obra se encuentra disponible para licenciamiento.<\/td>\n<td style=\"width: 18px;height: 79px\"><\/td>\n<\/tr>\n<tr style=\"height: 79px\">\n<td style=\"width: 8px;height: 79px\"><\/td>\n<td style=\"width: 64px;height: 79px\"><a href=\"https:\/\/sitios.ucsc.cl\/ott\/wp-content\/uploads\/sites\/15\/2022\/06\/OTT_DDA_5.png\"><img loading=\"lazy\" class=\"aligncenter size-full wp-image-2179\" src=\"https:\/\/sitios.ucsc.cl\/ott\/wp-content\/uploads\/sites\/15\/2022\/06\/OTT_DDA_5.png\" alt=\"\" width=\"50\" height=\"50\" \/><\/a><\/td>\n<td style=\"width: 15px\"><\/td>\n<td style=\"width: 704px;height: 79px\">\n<h3>Propiedad intelectual<\/h3>\n<p>Registro Derecho de Autor: 2023-A-7474<\/td>\n<td style=\"width: 18px;height: 79px\"><\/td>\n<\/tr>\n<tr style=\"height: 104px\">\n<td style=\"width: 8px;height: 104px\"><\/td>\n<td style=\"width: 64px;height: 104px\"><a href=\"https:\/\/sitios.ucsc.cl\/ott\/wp-content\/uploads\/sites\/15\/2022\/06\/OTT_DDA_6.png\"><img loading=\"lazy\" class=\"size-full wp-image-2180 aligncenter\" src=\"https:\/\/sitios.ucsc.cl\/ott\/wp-content\/uploads\/sites\/15\/2022\/06\/OTT_DDA_6.png\" alt=\"\" width=\"50\" height=\"50\" \/><\/a><\/td>\n<td style=\"width: 15px\"><\/td>\n<td style=\"width: 704px;height: 104px\">\n<h3>Autores\/as<\/h3>\n<div data-olk-copy-source=\"MailCompose\">\n<div data-olk-copy-source=\"MailCompose\"><strong>Dr. Gabriel Gonz\u00e1lez L.<\/strong> (UCN)<\/div>\n<div><strong>Dr. Jorge Giron\u00e1s L.<\/strong> (PUC)<\/div>\n<div><strong>Dr. Felipe Aron.<\/strong> (PUC)<\/div>\n<div><strong>Dr. Erik Jensen S.<\/strong> (UCN)<\/div>\n<div><strong>Dr. Esteban S\u00e1ez R.<\/strong> (PUC)<\/div>\n<div><strong>Dr. Horacio Gilabert P.<\/strong> (PUC)<\/div>\n<div><strong>Dr. Cristi\u00e1n Escauriaza M.<\/strong> (PUC)<\/div>\n<div><strong>Dr. Rafael Ar\u00e1nguiz M.<\/strong> (UCSC)<\/div>\n<div><strong>Dr. Gabriel Candia A.<\/strong> (CIGIDEN)<\/div>\n<div><strong>Francisca Rold\u00e1n M.<\/strong> (CIGIDEN)<\/div>\n<div><strong>Alex Z\u00fa\u00f1iga C.<\/strong> (CIGIDEN)<\/div>\n<div><strong>Jos\u00e9 Sald\u00edas.<\/strong> (PUC)<\/div>\n<div><strong>Mg. Juan Pablo D\u00edaz.<\/strong> (PUC)<\/div>\n<div><strong>Felipe de la Barra.<\/strong> (PUC)<\/div>\n<\/div>\n<div id=\"Signature\" class=\"elementToProof\">\n<div><\/div>\n<\/div>\n<\/td>\n<td style=\"width: 18px;height: 104px\"><\/td>\n<\/tr>\n<tr style=\"height: 115px\">\n<td style=\"width: 8px;height: 115px\"><\/td>\n<td style=\"width: 783px;height: 115px\" colspan=\"3\">&nbsp;<\/p>\n<p><a href=\"https:\/\/dinn.ucsc.cl\/wp-content\/uploads\/sites\/14\/2024\/11\/OTT_DDA_2024_8.pdf\" target=\"_blank\" rel=\"noopener\"><img loading=\"lazy\" class=\"aligncenter wp-image-2220 size-medium\" src=\"https:\/\/sitios.ucsc.cl\/ott\/wp-content\/uploads\/sites\/15\/2022\/06\/Bot\u00f3n-descarga-300x61.png\" alt=\"\" width=\"300\" height=\"61\" \/><\/a><\/td>\n<td style=\"width: 18px\"><\/td>\n<\/tr>\n<\/tbody>\n<\/table>\n","protected":false},"excerpt":{"rendered":"<p>Descripci\u00f3n El dise\u00f1o web de SIGMA ofrece una interfaz para un Sistema de Informaci\u00f3n Geogr\u00e1fica (SIG) que gestiona informaci\u00f3n sobre amenazas geoclim\u00e1ticas en Chile. La plataforma permite a los usuarios acceder a datos geoespaciales, visualizar informaci\u00f3n sobre m\u00faltiples amenazas y consultar recursos como videotutoriales y detalles del equipo de investigaci\u00f3n. Adem\u00e1s, organiza la informaci\u00f3n en [&hellip;]<\/p>\n","protected":false},"author":84,"featured_media":0,"parent":0,"menu_order":0,"comment_status":"closed","ping_status":"closed","template":"","meta":[],"yoast_head":"<!-- This site is optimized with the Yoast SEO plugin v18.9 - https:\/\/yoast.com\/wordpress\/plugins\/seo\/ -->\n<title>Sistema de Informaci\u00f3n Geogr\u00e1fica de Multiamenaza (SIGMA) -<\/title>\n<meta name=\"robots\" content=\"index, follow, max-snippet:-1, max-image-preview:large, max-video-preview:-1\" \/>\n<link rel=\"canonical\" href=\"https:\/\/dinn.ucsc.cl\/index.php\/sistema-de-informacion-geografica-de-multiamenaza-sigma\/\" \/>\n<meta property=\"og:locale\" content=\"es_ES\" \/>\n<meta property=\"og:type\" content=\"article\" \/>\n<meta property=\"og:title\" content=\"Sistema de Informaci\u00f3n Geogr\u00e1fica de Multiamenaza (SIGMA) -\" \/>\n<meta property=\"og:description\" content=\"Descripci\u00f3n El dise\u00f1o web de SIGMA ofrece una interfaz para un Sistema de Informaci\u00f3n Geogr\u00e1fica (SIG) que gestiona informaci\u00f3n sobre amenazas geoclim\u00e1ticas en Chile. La plataforma permite a los usuarios acceder a datos geoespaciales, visualizar informaci\u00f3n sobre m\u00faltiples amenazas y consultar recursos como videotutoriales y detalles del equipo de investigaci\u00f3n. Adem\u00e1s, organiza la informaci\u00f3n en [&hellip;]\" \/>\n<meta property=\"og:url\" content=\"https:\/\/dinn.ucsc.cl\/index.php\/sistema-de-informacion-geografica-de-multiamenaza-sigma\/\" \/>\n<meta property=\"article:publisher\" content=\"https:\/\/m.facebook.com\/DINNUCSC\" \/>\n<meta property=\"article:modified_time\" content=\"2024-11-05T14:35:48+00:00\" \/>\n<meta property=\"og:image\" content=\"https:\/\/sitios.ucsc.cl\/investigacion\/wp-content\/uploads\/sites\/14\/2024\/11\/OTT_DDA_08.png\" \/>\n<meta name=\"twitter:card\" content=\"summary\" \/>\n<meta name=\"twitter:site\" content=\"@dinn_ucsc\" \/>\n<meta name=\"twitter:label1\" content=\"Tiempo de lectura\" \/>\n\t<meta name=\"twitter:data1\" content=\"1 minuto\" \/>\n<script type=\"application\/ld+json\" class=\"yoast-schema-graph\">{\"@context\":\"https:\/\/schema.org\",\"@graph\":[{\"@type\":\"WebSite\",\"@id\":\"https:\/\/dinn.ucsc.cl\/#website\",\"url\":\"https:\/\/dinn.ucsc.cl\/\",\"name\":\"Direcci\u00f3n de Innovaci\u00f3n UCSC\",\"description\":\"Direcci\u00f3n de Innovaci\u00f3n\",\"potentialAction\":[{\"@type\":\"SearchAction\",\"target\":{\"@type\":\"EntryPoint\",\"urlTemplate\":\"https:\/\/dinn.ucsc.cl\/?s={search_term_string}\"},\"query-input\":\"required name=search_term_string\"}],\"inLanguage\":\"es\"},{\"@type\":\"ImageObject\",\"inLanguage\":\"es\",\"@id\":\"https:\/\/dinn.ucsc.cl\/index.php\/sistema-de-informacion-geografica-de-multiamenaza-sigma\/#primaryimage\",\"url\":\"https:\/\/sitios.ucsc.cl\/investigacion\/wp-content\/uploads\/sites\/14\/2024\/11\/OTT_DDA_08.png\",\"contentUrl\":\"https:\/\/sitios.ucsc.cl\/investigacion\/wp-content\/uploads\/sites\/14\/2024\/11\/OTT_DDA_08.png\"},{\"@type\":\"WebPage\",\"@id\":\"https:\/\/dinn.ucsc.cl\/index.php\/sistema-de-informacion-geografica-de-multiamenaza-sigma\/#webpage\",\"url\":\"https:\/\/dinn.ucsc.cl\/index.php\/sistema-de-informacion-geografica-de-multiamenaza-sigma\/\",\"name\":\"Sistema de Informaci\u00f3n Geogr\u00e1fica de Multiamenaza (SIGMA) -\",\"isPartOf\":{\"@id\":\"https:\/\/dinn.ucsc.cl\/#website\"},\"primaryImageOfPage\":{\"@id\":\"https:\/\/dinn.ucsc.cl\/index.php\/sistema-de-informacion-geografica-de-multiamenaza-sigma\/#primaryimage\"},\"datePublished\":\"2024-11-04T13:51:32+00:00\",\"dateModified\":\"2024-11-05T14:35:48+00:00\",\"breadcrumb\":{\"@id\":\"https:\/\/dinn.ucsc.cl\/index.php\/sistema-de-informacion-geografica-de-multiamenaza-sigma\/#breadcrumb\"},\"inLanguage\":\"es\",\"potentialAction\":[{\"@type\":\"ReadAction\",\"target\":[\"https:\/\/dinn.ucsc.cl\/index.php\/sistema-de-informacion-geografica-de-multiamenaza-sigma\/\"]}]},{\"@type\":\"BreadcrumbList\",\"@id\":\"https:\/\/dinn.ucsc.cl\/index.php\/sistema-de-informacion-geografica-de-multiamenaza-sigma\/#breadcrumb\",\"itemListElement\":[{\"@type\":\"ListItem\",\"position\":1,\"name\":\"Inicio\",\"item\":\"https:\/\/dinn.ucsc.cl\/\"},{\"@type\":\"ListItem\",\"position\":2,\"name\":\"Sistema de Informaci\u00f3n Geogr\u00e1fica de Multiamenaza (SIGMA)\"}]}]}<\/script>\n<!-- \/ Yoast SEO plugin. -->","yoast_head_json":{"title":"Sistema de Informaci\u00f3n Geogr\u00e1fica de Multiamenaza (SIGMA) -","robots":{"index":"index","follow":"follow","max-snippet":"max-snippet:-1","max-image-preview":"max-image-preview:large","max-video-preview":"max-video-preview:-1"},"canonical":"https:\/\/dinn.ucsc.cl\/index.php\/sistema-de-informacion-geografica-de-multiamenaza-sigma\/","og_locale":"es_ES","og_type":"article","og_title":"Sistema de Informaci\u00f3n Geogr\u00e1fica de Multiamenaza (SIGMA) -","og_description":"Descripci\u00f3n El dise\u00f1o web de SIGMA ofrece una interfaz para un Sistema de Informaci\u00f3n Geogr\u00e1fica (SIG) que gestiona informaci\u00f3n sobre amenazas geoclim\u00e1ticas en Chile. La plataforma permite a los usuarios acceder a datos geoespaciales, visualizar informaci\u00f3n sobre m\u00faltiples amenazas y consultar recursos como videotutoriales y detalles del equipo de investigaci\u00f3n. Adem\u00e1s, organiza la informaci\u00f3n en [&hellip;]","og_url":"https:\/\/dinn.ucsc.cl\/index.php\/sistema-de-informacion-geografica-de-multiamenaza-sigma\/","article_publisher":"https:\/\/m.facebook.com\/DINNUCSC","article_modified_time":"2024-11-05T14:35:48+00:00","og_image":[{"url":"https:\/\/sitios.ucsc.cl\/investigacion\/wp-content\/uploads\/sites\/14\/2024\/11\/OTT_DDA_08.png"}],"twitter_card":"summary","twitter_site":"@dinn_ucsc","twitter_misc":{"Tiempo de lectura":"1 minuto"},"schema":{"@context":"https:\/\/schema.org","@graph":[{"@type":"WebSite","@id":"https:\/\/dinn.ucsc.cl\/#website","url":"https:\/\/dinn.ucsc.cl\/","name":"Direcci\u00f3n de Innovaci\u00f3n UCSC","description":"Direcci\u00f3n de Innovaci\u00f3n","potentialAction":[{"@type":"SearchAction","target":{"@type":"EntryPoint","urlTemplate":"https:\/\/dinn.ucsc.cl\/?s={search_term_string}"},"query-input":"required name=search_term_string"}],"inLanguage":"es"},{"@type":"ImageObject","inLanguage":"es","@id":"https:\/\/dinn.ucsc.cl\/index.php\/sistema-de-informacion-geografica-de-multiamenaza-sigma\/#primaryimage","url":"https:\/\/sitios.ucsc.cl\/investigacion\/wp-content\/uploads\/sites\/14\/2024\/11\/OTT_DDA_08.png","contentUrl":"https:\/\/sitios.ucsc.cl\/investigacion\/wp-content\/uploads\/sites\/14\/2024\/11\/OTT_DDA_08.png"},{"@type":"WebPage","@id":"https:\/\/dinn.ucsc.cl\/index.php\/sistema-de-informacion-geografica-de-multiamenaza-sigma\/#webpage","url":"https:\/\/dinn.ucsc.cl\/index.php\/sistema-de-informacion-geografica-de-multiamenaza-sigma\/","name":"Sistema de Informaci\u00f3n Geogr\u00e1fica de Multiamenaza (SIGMA) -","isPartOf":{"@id":"https:\/\/dinn.ucsc.cl\/#website"},"primaryImageOfPage":{"@id":"https:\/\/dinn.ucsc.cl\/index.php\/sistema-de-informacion-geografica-de-multiamenaza-sigma\/#primaryimage"},"datePublished":"2024-11-04T13:51:32+00:00","dateModified":"2024-11-05T14:35:48+00:00","breadcrumb":{"@id":"https:\/\/dinn.ucsc.cl\/index.php\/sistema-de-informacion-geografica-de-multiamenaza-sigma\/#breadcrumb"},"inLanguage":"es","potentialAction":[{"@type":"ReadAction","target":["https:\/\/dinn.ucsc.cl\/index.php\/sistema-de-informacion-geografica-de-multiamenaza-sigma\/"]}]},{"@type":"BreadcrumbList","@id":"https:\/\/dinn.ucsc.cl\/index.php\/sistema-de-informacion-geografica-de-multiamenaza-sigma\/#breadcrumb","itemListElement":[{"@type":"ListItem","position":1,"name":"Inicio","item":"https:\/\/dinn.ucsc.cl\/"},{"@type":"ListItem","position":2,"name":"Sistema de Informaci\u00f3n Geogr\u00e1fica de Multiamenaza (SIGMA)"}]}]}},"_links":{"self":[{"href":"https:\/\/dinn.ucsc.cl\/index.php\/wp-json\/wp\/v2\/pages\/6025"}],"collection":[{"href":"https:\/\/dinn.ucsc.cl\/index.php\/wp-json\/wp\/v2\/pages"}],"about":[{"href":"https:\/\/dinn.ucsc.cl\/index.php\/wp-json\/wp\/v2\/types\/page"}],"author":[{"embeddable":true,"href":"https:\/\/dinn.ucsc.cl\/index.php\/wp-json\/wp\/v2\/users\/84"}],"replies":[{"embeddable":true,"href":"https:\/\/dinn.ucsc.cl\/index.php\/wp-json\/wp\/v2\/comments?post=6025"}],"version-history":[{"count":2,"href":"https:\/\/dinn.ucsc.cl\/index.php\/wp-json\/wp\/v2\/pages\/6025\/revisions"}],"predecessor-version":[{"id":6070,"href":"https:\/\/dinn.ucsc.cl\/index.php\/wp-json\/wp\/v2\/pages\/6025\/revisions\/6070"}],"wp:attachment":[{"href":"https:\/\/dinn.ucsc.cl\/index.php\/wp-json\/wp\/v2\/media?parent=6025"}],"curies":[{"name":"wp","href":"https:\/\/api.w.org\/{rel}","templated":true}]}}