{"id":6028,"date":"2024-11-04T11:27:37","date_gmt":"2024-11-04T14:27:37","guid":{"rendered":"https:\/\/dinn.ucsc.cl\/?page_id=6028"},"modified":"2024-11-05T11:37:43","modified_gmt":"2024-11-05T14:37:43","slug":"marco-de-competencias-especificas-para-la-telesalud","status":"publish","type":"page","link":"https:\/\/dinn.ucsc.cl\/index.php\/marco-de-competencias-especificas-para-la-telesalud\/","title":{"rendered":"Marco de competencias espec\u00edficas para la telesalud"},"content":{"rendered":"<table class=\" alignleft\">\n<tbody>\n<tr style=\"height: 153px\">\n<td style=\"width: 810px;height: 153px\" colspan=\"5\"><img loading=\"lazy\" class=\"aligncenter wp-image-6062\" src=\"https:\/\/dinn.ucsc.cl\/wp-content\/uploads\/sites\/14\/2024\/11\/OTT_DDA_13.png\" alt=\"\" width=\"839\" height=\"172\" srcset=\"https:\/\/dinn.ucsc.cl\/wp-content\/uploads\/sites\/14\/2024\/11\/OTT_DDA_13.png 1344w, https:\/\/dinn.ucsc.cl\/wp-content\/uploads\/sites\/14\/2024\/11\/OTT_DDA_13-300x61.png 300w, https:\/\/dinn.ucsc.cl\/wp-content\/uploads\/sites\/14\/2024\/11\/OTT_DDA_13-1024x210.png 1024w, https:\/\/dinn.ucsc.cl\/wp-content\/uploads\/sites\/14\/2024\/11\/OTT_DDA_13-768x157.png 768w, https:\/\/dinn.ucsc.cl\/wp-content\/uploads\/sites\/14\/2024\/11\/OTT_DDA_13-200x41.png 200w\" sizes=\"(max-width: 839px) 100vw, 839px\" \/><\/td>\n<\/tr>\n<tr style=\"height: 181px\">\n<td style=\"width: 8px;height: 181px\"><\/td>\n<td style=\"width: 64.0781px;height: 181px\"><a href=\"https:\/\/sitios.ucsc.cl\/ott\/wp-content\/uploads\/sites\/15\/2022\/06\/OTT_DDA_1.png\"><img loading=\"lazy\" class=\"aligncenter size-full wp-image-2175\" src=\"https:\/\/sitios.ucsc.cl\/ott\/wp-content\/uploads\/sites\/15\/2022\/06\/OTT_DDA_1.png\" alt=\"\" width=\"50\" height=\"50\" \/><\/a><\/td>\n<td style=\"width: 15.0156px\"><\/td>\n<td style=\"width: 704.859px;height: 181px\">\n<h3>Descripci\u00f3n<\/h3>\n<p style=\"text-align: justify\">El marco de competencias espec\u00edficas en telesalud y telemedicina surge a partir de la necesidad de contar un est\u00e1ndar m\u00ednimo en la formaci\u00f3n de los profesionales de la salud, que se desempe\u00f1en en el contexto de atenci\u00f3n telem\u00e1tica en la Regi\u00f3n del Biob\u00edo. La obra define habilidades y conocimientos esenciales para los profesionales de la salud. Para ello, organiza estas competencias en dos dimensiones clave, que es la \u201cexcelencia profesional\u201d y el \u201cabordaje cl\u00ednico remoto\u201d. La construcci\u00f3n del documento se bas\u00f3 en una revisi\u00f3n de literatura y datos locales para fortalecer la atenci\u00f3n de salud mediante tecnolog\u00edas de informaci\u00f3n y comunicaci\u00f3n.<\/p>\n<\/td>\n<td style=\"width: 18.0469px;height: 181px\">\n<h3><\/h3>\n<\/td>\n<\/tr>\n<tr style=\"height: 156px\">\n<td style=\"width: 8px;height: 156px\"><\/td>\n<td style=\"width: 64.0781px;height: 156px\"><a href=\"https:\/\/sitios.ucsc.cl\/ott\/wp-content\/uploads\/sites\/15\/2022\/06\/OTT_DDA_2.png\"><img loading=\"lazy\" class=\"aligncenter size-full wp-image-2176\" src=\"https:\/\/sitios.ucsc.cl\/ott\/wp-content\/uploads\/sites\/15\/2022\/06\/OTT_DDA_2.png\" alt=\"\" width=\"50\" height=\"50\" \/><\/a><\/td>\n<td style=\"width: 15.0156px\"><\/td>\n<td style=\"width: 704.859px;height: 156px\">\n<h3>Beneficios \/ Ventajas<\/h3>\n<ul>\n<li data-olk-copy-source=\"MailCompose\">Establece los est\u00e1ndares b\u00e1sicos de conocimientos y habilidades en la formaci\u00f3n en telemedicina de los profesionales de la salud.<\/li>\n<li>Proporciona la estandarizaci\u00f3n de conocimientos y habilidades en cuanto a los criterios m\u00ednimos para asegurar una atenci\u00f3n telem\u00e1tica de calidad.<\/li>\n<li>Facilita el desarrollo profesional continuo, permitiendo que los profesionales de la salud identifiquen \u00e1reas en las que necesitan mejorar y que busquen formaci\u00f3n espec\u00edfica.<\/li>\n<li>Orienta las capacitaciones de los profesionales de la salud en telemedicina que permita aumentar el acceso a servicios m\u00e9dicos, especialmente en \u00e1reas rurales o desatendidas.<\/li>\n<\/ul>\n<\/td>\n<td style=\"width: 18.0469px;height: 156px\"><\/td>\n<\/tr>\n<tr style=\"height: 104px\">\n<td style=\"width: 8px;height: 104px\"><\/td>\n<td style=\"width: 64.0781px;height: 104px\"><a href=\"https:\/\/sitios.ucsc.cl\/ott\/wp-content\/uploads\/sites\/15\/2022\/06\/OTT_DDA_3.png\"><img loading=\"lazy\" class=\"aligncenter size-full wp-image-2177\" src=\"https:\/\/sitios.ucsc.cl\/ott\/wp-content\/uploads\/sites\/15\/2022\/06\/OTT_DDA_3.png\" alt=\"\" width=\"50\" height=\"50\" \/><\/a><\/td>\n<td style=\"width: 15.0156px\"><\/td>\n<td style=\"width: 704.859px;height: 104px\">\n<h3>Usos \/ Aplicaciones<\/h3>\n<p style=\"text-align: justify\">Ayuda a los estudiantes universitarios a mejorar sus habilidades metodol\u00f3gicas y de investigaci\u00f3n. Se ha probado en la formaci\u00f3n de futuros docentes, mostrando que mejora la comprensi\u00f3n de conceptos educativos y la conexi\u00f3n con la escuela.<\/p>\n<\/td>\n<td style=\"width: 18.0469px;height: 104px\"><\/td>\n<\/tr>\n<tr style=\"height: 79px\">\n<td style=\"width: 8px;height: 79px\"><\/td>\n<td style=\"width: 64.0781px;height: 79px\"><a href=\"https:\/\/sitios.ucsc.cl\/ott\/wp-content\/uploads\/sites\/15\/2022\/06\/OTT_DDA_4.png\"><img loading=\"lazy\" class=\"aligncenter size-full wp-image-2178\" src=\"https:\/\/sitios.ucsc.cl\/ott\/wp-content\/uploads\/sites\/15\/2022\/06\/OTT_DDA_4.png\" alt=\"\" width=\"50\" height=\"50\" \/><\/a><\/td>\n<td style=\"width: 15.0156px\"><\/td>\n<td style=\"width: 704.859px;height: 79px\">\n<h3>Oferta tecnol\u00f3gica<\/h3>\n<p>Esta obra se encuentra disponible para licenciamiento.<\/td>\n<td style=\"width: 18.0469px;height: 79px\"><\/td>\n<\/tr>\n<tr style=\"height: 79px\">\n<td style=\"width: 8px;height: 79px\"><\/td>\n<td style=\"width: 64.0781px;height: 79px\"><a href=\"https:\/\/sitios.ucsc.cl\/ott\/wp-content\/uploads\/sites\/15\/2022\/06\/OTT_DDA_5.png\"><img loading=\"lazy\" class=\"aligncenter size-full wp-image-2179\" src=\"https:\/\/sitios.ucsc.cl\/ott\/wp-content\/uploads\/sites\/15\/2022\/06\/OTT_DDA_5.png\" alt=\"\" width=\"50\" height=\"50\" \/><\/a><\/td>\n<td style=\"width: 15.0156px\"><\/td>\n<td style=\"width: 704.859px;height: 79px\">\n<h3>Propiedad intelectual<\/h3>\n<p>Registro Derecho de Autor: 2024-A-9468<\/td>\n<td style=\"width: 18.0469px;height: 79px\"><\/td>\n<\/tr>\n<tr style=\"height: 104px\">\n<td style=\"width: 8px;height: 104px\"><\/td>\n<td style=\"width: 64.0781px;height: 104px\"><a href=\"https:\/\/sitios.ucsc.cl\/ott\/wp-content\/uploads\/sites\/15\/2022\/06\/OTT_DDA_6.png\"><img loading=\"lazy\" class=\"size-full wp-image-2180 aligncenter\" src=\"https:\/\/sitios.ucsc.cl\/ott\/wp-content\/uploads\/sites\/15\/2022\/06\/OTT_DDA_6.png\" alt=\"\" width=\"50\" height=\"50\" \/><\/a><\/td>\n<td style=\"width: 15.0156px\"><\/td>\n<td style=\"width: 704.859px;height: 104px\">\n<h3>Autores\/as<\/h3>\n<div data-olk-copy-source=\"MailCompose\">\n<div data-olk-copy-source=\"MailCompose\"><strong>Dra. Marcela Hechenleitner Carvallo,<\/strong> Facultad de Medicina.<\/div>\n<div><strong>Mg. Jacqueline Ibarra Peso,<\/strong> Facultad de Medicina.<\/div>\n<div><strong>Dr. Carlos Z\u00fa\u00f1iga San Mart\u00edn,<\/strong> Facultad de Medicina.<\/div>\n<\/div>\n<\/td>\n<td style=\"width: 18.0469px;height: 104px\"><\/td>\n<\/tr>\n<tr style=\"height: 115px\">\n<td style=\"width: 8px;height: 115px\"><\/td>\n<td style=\"width: 783.953px;height: 115px\" colspan=\"3\">&nbsp;<\/p>\n<p><a href=\"https:\/\/dinn.ucsc.cl\/wp-content\/uploads\/sites\/14\/2024\/11\/OTT_DDA_2024_13.pdf\" target=\"_blank\" rel=\"noopener\"><img loading=\"lazy\" class=\"aligncenter wp-image-2220 size-medium\" src=\"https:\/\/sitios.ucsc.cl\/ott\/wp-content\/uploads\/sites\/15\/2022\/06\/Bot\u00f3n-descarga-300x61.png\" alt=\"\" width=\"300\" height=\"61\" \/><\/a><\/td>\n<td style=\"width: 18.0469px\"><\/td>\n<\/tr>\n<\/tbody>\n<\/table>\n","protected":false},"excerpt":{"rendered":"<p>Descripci\u00f3n El marco de competencias espec\u00edficas en telesalud y telemedicina surge a partir de la necesidad de contar un est\u00e1ndar m\u00ednimo en la formaci\u00f3n de los profesionales de la salud, que se desempe\u00f1en en el contexto de atenci\u00f3n telem\u00e1tica en la Regi\u00f3n del Biob\u00edo. La obra define habilidades y conocimientos esenciales para los profesionales de [&hellip;]<\/p>\n","protected":false},"author":84,"featured_media":0,"parent":0,"menu_order":0,"comment_status":"closed","ping_status":"closed","template":"","meta":[],"yoast_head":"<!-- This site is optimized with the Yoast SEO plugin v18.9 - https:\/\/yoast.com\/wordpress\/plugins\/seo\/ -->\n<title>Marco de competencias espec\u00edficas para la telesalud -<\/title>\n<meta name=\"robots\" content=\"index, follow, max-snippet:-1, max-image-preview:large, max-video-preview:-1\" \/>\n<link rel=\"canonical\" href=\"https:\/\/dinn.ucsc.cl\/index.php\/marco-de-competencias-especificas-para-la-telesalud\/\" \/>\n<meta property=\"og:locale\" content=\"es_ES\" \/>\n<meta property=\"og:type\" content=\"article\" \/>\n<meta property=\"og:title\" content=\"Marco de competencias espec\u00edficas para la telesalud -\" \/>\n<meta property=\"og:description\" content=\"Descripci\u00f3n El marco de competencias espec\u00edficas en telesalud y telemedicina surge a partir de la necesidad de contar un est\u00e1ndar m\u00ednimo en la formaci\u00f3n de los profesionales de la salud, que se desempe\u00f1en en el contexto de atenci\u00f3n telem\u00e1tica en la Regi\u00f3n del Biob\u00edo. La obra define habilidades y conocimientos esenciales para los profesionales de [&hellip;]\" \/>\n<meta property=\"og:url\" content=\"https:\/\/dinn.ucsc.cl\/index.php\/marco-de-competencias-especificas-para-la-telesalud\/\" \/>\n<meta property=\"article:publisher\" content=\"https:\/\/m.facebook.com\/DINNUCSC\" \/>\n<meta property=\"article:modified_time\" content=\"2024-11-05T14:37:43+00:00\" \/>\n<meta property=\"og:image\" content=\"https:\/\/sitios.ucsc.cl\/investigacion\/wp-content\/uploads\/sites\/14\/2024\/11\/OTT_DDA_13.png\" \/>\n<meta name=\"twitter:card\" content=\"summary\" \/>\n<meta name=\"twitter:site\" content=\"@dinn_ucsc\" \/>\n<meta name=\"twitter:label1\" content=\"Tiempo de lectura\" \/>\n\t<meta name=\"twitter:data1\" content=\"2 minutos\" \/>\n<script type=\"application\/ld+json\" class=\"yoast-schema-graph\">{\"@context\":\"https:\/\/schema.org\",\"@graph\":[{\"@type\":\"WebSite\",\"@id\":\"https:\/\/dinn.ucsc.cl\/#website\",\"url\":\"https:\/\/dinn.ucsc.cl\/\",\"name\":\"Direcci\u00f3n de Innovaci\u00f3n UCSC\",\"description\":\"Direcci\u00f3n de Innovaci\u00f3n\",\"potentialAction\":[{\"@type\":\"SearchAction\",\"target\":{\"@type\":\"EntryPoint\",\"urlTemplate\":\"https:\/\/dinn.ucsc.cl\/?s={search_term_string}\"},\"query-input\":\"required name=search_term_string\"}],\"inLanguage\":\"es\"},{\"@type\":\"ImageObject\",\"inLanguage\":\"es\",\"@id\":\"https:\/\/dinn.ucsc.cl\/index.php\/marco-de-competencias-especificas-para-la-telesalud\/#primaryimage\",\"url\":\"https:\/\/sitios.ucsc.cl\/investigacion\/wp-content\/uploads\/sites\/14\/2024\/11\/OTT_DDA_13.png\",\"contentUrl\":\"https:\/\/sitios.ucsc.cl\/investigacion\/wp-content\/uploads\/sites\/14\/2024\/11\/OTT_DDA_13.png\"},{\"@type\":\"WebPage\",\"@id\":\"https:\/\/dinn.ucsc.cl\/index.php\/marco-de-competencias-especificas-para-la-telesalud\/#webpage\",\"url\":\"https:\/\/dinn.ucsc.cl\/index.php\/marco-de-competencias-especificas-para-la-telesalud\/\",\"name\":\"Marco de competencias espec\u00edficas para la telesalud -\",\"isPartOf\":{\"@id\":\"https:\/\/dinn.ucsc.cl\/#website\"},\"primaryImageOfPage\":{\"@id\":\"https:\/\/dinn.ucsc.cl\/index.php\/marco-de-competencias-especificas-para-la-telesalud\/#primaryimage\"},\"datePublished\":\"2024-11-04T14:27:37+00:00\",\"dateModified\":\"2024-11-05T14:37:43+00:00\",\"breadcrumb\":{\"@id\":\"https:\/\/dinn.ucsc.cl\/index.php\/marco-de-competencias-especificas-para-la-telesalud\/#breadcrumb\"},\"inLanguage\":\"es\",\"potentialAction\":[{\"@type\":\"ReadAction\",\"target\":[\"https:\/\/dinn.ucsc.cl\/index.php\/marco-de-competencias-especificas-para-la-telesalud\/\"]}]},{\"@type\":\"BreadcrumbList\",\"@id\":\"https:\/\/dinn.ucsc.cl\/index.php\/marco-de-competencias-especificas-para-la-telesalud\/#breadcrumb\",\"itemListElement\":[{\"@type\":\"ListItem\",\"position\":1,\"name\":\"Inicio\",\"item\":\"https:\/\/dinn.ucsc.cl\/\"},{\"@type\":\"ListItem\",\"position\":2,\"name\":\"Marco de competencias espec\u00edficas para la telesalud\"}]}]}<\/script>\n<!-- \/ Yoast SEO plugin. -->","yoast_head_json":{"title":"Marco de competencias espec\u00edficas para la telesalud -","robots":{"index":"index","follow":"follow","max-snippet":"max-snippet:-1","max-image-preview":"max-image-preview:large","max-video-preview":"max-video-preview:-1"},"canonical":"https:\/\/dinn.ucsc.cl\/index.php\/marco-de-competencias-especificas-para-la-telesalud\/","og_locale":"es_ES","og_type":"article","og_title":"Marco de competencias espec\u00edficas para la telesalud -","og_description":"Descripci\u00f3n El marco de competencias espec\u00edficas en telesalud y telemedicina surge a partir de la necesidad de contar un est\u00e1ndar m\u00ednimo en la formaci\u00f3n de los profesionales de la salud, que se desempe\u00f1en en el contexto de atenci\u00f3n telem\u00e1tica en la Regi\u00f3n del Biob\u00edo. La obra define habilidades y conocimientos esenciales para los profesionales de [&hellip;]","og_url":"https:\/\/dinn.ucsc.cl\/index.php\/marco-de-competencias-especificas-para-la-telesalud\/","article_publisher":"https:\/\/m.facebook.com\/DINNUCSC","article_modified_time":"2024-11-05T14:37:43+00:00","og_image":[{"url":"https:\/\/sitios.ucsc.cl\/investigacion\/wp-content\/uploads\/sites\/14\/2024\/11\/OTT_DDA_13.png"}],"twitter_card":"summary","twitter_site":"@dinn_ucsc","twitter_misc":{"Tiempo de lectura":"2 minutos"},"schema":{"@context":"https:\/\/schema.org","@graph":[{"@type":"WebSite","@id":"https:\/\/dinn.ucsc.cl\/#website","url":"https:\/\/dinn.ucsc.cl\/","name":"Direcci\u00f3n de Innovaci\u00f3n UCSC","description":"Direcci\u00f3n de Innovaci\u00f3n","potentialAction":[{"@type":"SearchAction","target":{"@type":"EntryPoint","urlTemplate":"https:\/\/dinn.ucsc.cl\/?s={search_term_string}"},"query-input":"required name=search_term_string"}],"inLanguage":"es"},{"@type":"ImageObject","inLanguage":"es","@id":"https:\/\/dinn.ucsc.cl\/index.php\/marco-de-competencias-especificas-para-la-telesalud\/#primaryimage","url":"https:\/\/sitios.ucsc.cl\/investigacion\/wp-content\/uploads\/sites\/14\/2024\/11\/OTT_DDA_13.png","contentUrl":"https:\/\/sitios.ucsc.cl\/investigacion\/wp-content\/uploads\/sites\/14\/2024\/11\/OTT_DDA_13.png"},{"@type":"WebPage","@id":"https:\/\/dinn.ucsc.cl\/index.php\/marco-de-competencias-especificas-para-la-telesalud\/#webpage","url":"https:\/\/dinn.ucsc.cl\/index.php\/marco-de-competencias-especificas-para-la-telesalud\/","name":"Marco de competencias espec\u00edficas para la telesalud -","isPartOf":{"@id":"https:\/\/dinn.ucsc.cl\/#website"},"primaryImageOfPage":{"@id":"https:\/\/dinn.ucsc.cl\/index.php\/marco-de-competencias-especificas-para-la-telesalud\/#primaryimage"},"datePublished":"2024-11-04T14:27:37+00:00","dateModified":"2024-11-05T14:37:43+00:00","breadcrumb":{"@id":"https:\/\/dinn.ucsc.cl\/index.php\/marco-de-competencias-especificas-para-la-telesalud\/#breadcrumb"},"inLanguage":"es","potentialAction":[{"@type":"ReadAction","target":["https:\/\/dinn.ucsc.cl\/index.php\/marco-de-competencias-especificas-para-la-telesalud\/"]}]},{"@type":"BreadcrumbList","@id":"https:\/\/dinn.ucsc.cl\/index.php\/marco-de-competencias-especificas-para-la-telesalud\/#breadcrumb","itemListElement":[{"@type":"ListItem","position":1,"name":"Inicio","item":"https:\/\/dinn.ucsc.cl\/"},{"@type":"ListItem","position":2,"name":"Marco de competencias espec\u00edficas para la telesalud"}]}]}},"_links":{"self":[{"href":"https:\/\/dinn.ucsc.cl\/index.php\/wp-json\/wp\/v2\/pages\/6028"}],"collection":[{"href":"https:\/\/dinn.ucsc.cl\/index.php\/wp-json\/wp\/v2\/pages"}],"about":[{"href":"https:\/\/dinn.ucsc.cl\/index.php\/wp-json\/wp\/v2\/types\/page"}],"author":[{"embeddable":true,"href":"https:\/\/dinn.ucsc.cl\/index.php\/wp-json\/wp\/v2\/users\/84"}],"replies":[{"embeddable":true,"href":"https:\/\/dinn.ucsc.cl\/index.php\/wp-json\/wp\/v2\/comments?post=6028"}],"version-history":[{"count":4,"href":"https:\/\/dinn.ucsc.cl\/index.php\/wp-json\/wp\/v2\/pages\/6028\/revisions"}],"predecessor-version":[{"id":6075,"href":"https:\/\/dinn.ucsc.cl\/index.php\/wp-json\/wp\/v2\/pages\/6028\/revisions\/6075"}],"wp:attachment":[{"href":"https:\/\/dinn.ucsc.cl\/index.php\/wp-json\/wp\/v2\/media?parent=6028"}],"curies":[{"name":"wp","href":"https:\/\/api.w.org\/{rel}","templated":true}]}}