{"id":6029,"date":"2024-11-04T10:31:44","date_gmt":"2024-11-04T13:31:44","guid":{"rendered":"https:\/\/dinn.ucsc.cl\/?page_id=6029"},"modified":"2024-11-05T11:34:38","modified_gmt":"2024-11-05T14:34:38","slug":"manual-de-instalacion-de-ventanas-y-puertas-de-pvc","status":"publish","type":"page","link":"https:\/\/dinn.ucsc.cl\/index.php\/manual-de-instalacion-de-ventanas-y-puertas-de-pvc\/","title":{"rendered":"Manual de instalaci\u00f3n de ventanas y puertas de PVC"},"content":{"rendered":"<table class=\" alignleft\">\n<tbody>\n<tr style=\"height: 153px\">\n<td style=\"width: 810px;height: 153px\" colspan=\"5\"><img loading=\"lazy\" class=\"aligncenter wp-image-6037\" src=\"https:\/\/dinn.ucsc.cl\/wp-content\/uploads\/sites\/14\/2024\/11\/OTT_DDA_05.png\" alt=\"\" width=\"839\" height=\"172\" srcset=\"https:\/\/dinn.ucsc.cl\/wp-content\/uploads\/sites\/14\/2024\/11\/OTT_DDA_05.png 1344w, https:\/\/dinn.ucsc.cl\/wp-content\/uploads\/sites\/14\/2024\/11\/OTT_DDA_05-300x61.png 300w, https:\/\/dinn.ucsc.cl\/wp-content\/uploads\/sites\/14\/2024\/11\/OTT_DDA_05-1024x210.png 1024w, https:\/\/dinn.ucsc.cl\/wp-content\/uploads\/sites\/14\/2024\/11\/OTT_DDA_05-768x157.png 768w, https:\/\/dinn.ucsc.cl\/wp-content\/uploads\/sites\/14\/2024\/11\/OTT_DDA_05-200x41.png 200w\" sizes=\"(max-width: 839px) 100vw, 839px\" \/><\/td>\n<\/tr>\n<tr style=\"height: 181px\">\n<td style=\"width: 8px;height: 181px\"><\/td>\n<td style=\"width: 64.0781px;height: 181px\"><a href=\"https:\/\/sitios.ucsc.cl\/ott\/wp-content\/uploads\/sites\/15\/2022\/06\/OTT_DDA_1.png\"><img loading=\"lazy\" class=\"aligncenter size-full wp-image-2175\" src=\"https:\/\/sitios.ucsc.cl\/ott\/wp-content\/uploads\/sites\/15\/2022\/06\/OTT_DDA_1.png\" alt=\"\" width=\"50\" height=\"50\" \/><\/a><\/td>\n<td style=\"width: 15.0156px\"><\/td>\n<td style=\"width: 704.859px;height: 181px\">\n<h3>Descripci\u00f3n<\/h3>\n<div data-olk-copy-source=\"MailCompose\">Es un manual t\u00e9cnico que ense\u00f1a c\u00f3mo instalar estructuras de PVC en construcci\u00f3n. Ofrece instrucciones detalladas desde la preparaci\u00f3n del \u00e1rea, hasta la instalaci\u00f3n y sellado. Adem\u00e1s, incluye una lista de verificaci\u00f3n para asegurar calidad en ventanas y puertas.<\/div>\n<\/td>\n<td style=\"width: 18.0469px;height: 181px\">\n<h3><\/h3>\n<\/td>\n<\/tr>\n<tr style=\"height: 156px\">\n<td style=\"width: 8px;height: 156px\"><\/td>\n<td style=\"width: 64.0781px;height: 156px\"><a href=\"https:\/\/sitios.ucsc.cl\/ott\/wp-content\/uploads\/sites\/15\/2022\/06\/OTT_DDA_2.png\"><img loading=\"lazy\" class=\"aligncenter size-full wp-image-2176\" src=\"https:\/\/sitios.ucsc.cl\/ott\/wp-content\/uploads\/sites\/15\/2022\/06\/OTT_DDA_2.png\" alt=\"\" width=\"50\" height=\"50\" \/><\/a><\/td>\n<td style=\"width: 15.0156px\"><\/td>\n<td style=\"width: 704.859px;height: 156px\">\n<h3>Beneficios \/ Ventajas<\/h3>\n<div data-olk-copy-source=\"MailCompose\">La instalaci\u00f3n de ventanas y puertas de PVC trae consigo diversas ventajas asociadas tanto al material, como a las instalaciones. Dentro de algunas de las ventajas, se puede mencionar las siguientes:<\/div>\n<div data-olk-copy-source=\"MailCompose\"><\/div>\n<ul>\n<li><strong>Alta durabilidad:<\/strong> Son muy resistentes y tienen una vida \u00fatil prolongada, lo que reduce la necesidad de reemplazos frecuentes.<\/li>\n<li><strong>Resistencia a la corrosi\u00f3n:<\/strong> El PVC no se oxida ni se corroe, a diferencia de los metales, lo que las hace ideales para climas h\u00famedos o costeros.<\/li>\n<li><strong>Bajo mantenimiento:<\/strong> No requieren tratamientos especiales ni pintura regular, lo que simplifica su cuidado.<\/li>\n<li><strong>Ahorro a largo plazo:<\/strong> Su durabilidad y bajo mantenimiento significan menos gastos en reparaciones y reemplazos, ahorrando dinero con el tiempo.<\/li>\n<li><strong>Aislaci\u00f3n t\u00e9rmica:<\/strong> Dada sus caracter\u00edsticas geom\u00e9tricas y f\u00edsicas provee una aislaci\u00f3n t\u00e9rmica muy superior a otros materiales que se usan para los mismos fines.<\/li>\n<\/ul>\n<\/td>\n<td style=\"width: 18.0469px;height: 156px\"><\/td>\n<\/tr>\n<tr style=\"height: 104px\">\n<td style=\"width: 8px;height: 104px\"><\/td>\n<td style=\"width: 64.0781px;height: 104px\"><a href=\"https:\/\/sitios.ucsc.cl\/ott\/wp-content\/uploads\/sites\/15\/2022\/06\/OTT_DDA_3.png\"><img loading=\"lazy\" class=\"aligncenter size-full wp-image-2177\" src=\"https:\/\/sitios.ucsc.cl\/ott\/wp-content\/uploads\/sites\/15\/2022\/06\/OTT_DDA_3.png\" alt=\"\" width=\"50\" height=\"50\" \/><\/a><\/td>\n<td style=\"width: 15.0156px\"><\/td>\n<td style=\"width: 704.859px;height: 104px\">\n<h3>Usos \/ Aplicaciones<\/h3>\n<div data-olk-copy-source=\"MailCompose\">El manual de instalaci\u00f3n de ventanas y puertas de PVC gu\u00eda a los profesionales en la instalaci\u00f3n correcta, asegurando que funcionen bien y duren. Ha sido usado en proyectos residenciales y comerciales, mostrando su efectividad en aislamiento y resistencia al clima.<\/div>\n<div data-olk-copy-source=\"MailCompose\"><\/div>\n<\/td>\n<td style=\"width: 18.0469px;height: 104px\"><\/td>\n<\/tr>\n<tr style=\"height: 79px\">\n<td style=\"width: 8px;height: 79px\"><\/td>\n<td style=\"width: 64.0781px;height: 79px\"><a href=\"https:\/\/sitios.ucsc.cl\/ott\/wp-content\/uploads\/sites\/15\/2022\/06\/OTT_DDA_4.png\"><img loading=\"lazy\" class=\"aligncenter size-full wp-image-2178\" src=\"https:\/\/sitios.ucsc.cl\/ott\/wp-content\/uploads\/sites\/15\/2022\/06\/OTT_DDA_4.png\" alt=\"\" width=\"50\" height=\"50\" \/><\/a><\/td>\n<td style=\"width: 15.0156px\"><\/td>\n<td style=\"width: 704.859px;height: 79px\">\n<h3>Oferta tecnol\u00f3gica<\/h3>\n<p>Esta obra se encuentra disponible para licenciamiento.<\/td>\n<td style=\"width: 18.0469px;height: 79px\"><\/td>\n<\/tr>\n<tr style=\"height: 79px\">\n<td style=\"width: 8px;height: 79px\"><\/td>\n<td style=\"width: 64.0781px;height: 79px\"><a href=\"https:\/\/sitios.ucsc.cl\/ott\/wp-content\/uploads\/sites\/15\/2022\/06\/OTT_DDA_5.png\"><img loading=\"lazy\" class=\"aligncenter size-full wp-image-2179\" src=\"https:\/\/sitios.ucsc.cl\/ott\/wp-content\/uploads\/sites\/15\/2022\/06\/OTT_DDA_5.png\" alt=\"\" width=\"50\" height=\"50\" \/><\/a><\/td>\n<td style=\"width: 15.0156px\"><\/td>\n<td style=\"width: 704.859px;height: 79px\">\n<h3>Propiedad intelectual<\/h3>\n<p>Registro Derecho de Autor: 2024-A-6035<\/td>\n<td style=\"width: 18.0469px;height: 79px\"><\/td>\n<\/tr>\n<tr style=\"height: 104px\">\n<td style=\"width: 8px;height: 104px\"><\/td>\n<td style=\"width: 64.0781px;height: 104px\"><a href=\"https:\/\/sitios.ucsc.cl\/ott\/wp-content\/uploads\/sites\/15\/2022\/06\/OTT_DDA_6.png\"><img loading=\"lazy\" class=\"size-full wp-image-2180 aligncenter\" src=\"https:\/\/sitios.ucsc.cl\/ott\/wp-content\/uploads\/sites\/15\/2022\/06\/OTT_DDA_6.png\" alt=\"\" width=\"50\" height=\"50\" \/><\/a><\/td>\n<td style=\"width: 15.0156px\"><\/td>\n<td style=\"width: 704.859px;height: 104px\">\n<h3>Autores<\/h3>\n<div data-olk-copy-source=\"MailCompose\"><strong>Guillermo Bustamante Laissle,<\/strong> Facultad de Ingenier\u00eda.<br \/>\n<strong>Humberto Vilo Rozas,<\/strong> Ingeniero Civil.<\/div>\n<div id=\"Signature\" class=\"elementToProof\">\n<div><\/div>\n<\/div>\n<\/td>\n<td style=\"width: 18.0469px;height: 104px\"><\/td>\n<\/tr>\n<tr style=\"height: 115px\">\n<td style=\"width: 8px;height: 115px\"><\/td>\n<td style=\"width: 783.953px;height: 115px\" colspan=\"3\">&nbsp;<\/p>\n<p><a href=\"https:\/\/dinn.ucsc.cl\/wp-content\/uploads\/sites\/14\/2024\/11\/OTT_DDA_2024_5.pdf\" target=\"_blank\" rel=\"noopener\"><img loading=\"lazy\" class=\"aligncenter wp-image-2220 size-medium\" src=\"https:\/\/sitios.ucsc.cl\/ott\/wp-content\/uploads\/sites\/15\/2022\/06\/Bot\u00f3n-descarga-300x61.png\" alt=\"\" width=\"300\" height=\"61\" \/><\/a><\/td>\n<td style=\"width: 18.0469px\"><\/td>\n<\/tr>\n<\/tbody>\n<\/table>\n","protected":false},"excerpt":{"rendered":"<p>Descripci\u00f3n Es un manual t\u00e9cnico que ense\u00f1a c\u00f3mo instalar estructuras de PVC en construcci\u00f3n. Ofrece instrucciones detalladas desde la preparaci\u00f3n del \u00e1rea, hasta la instalaci\u00f3n y sellado. Adem\u00e1s, incluye una lista de verificaci\u00f3n para asegurar calidad en ventanas y puertas. Beneficios \/ Ventajas La instalaci\u00f3n de ventanas y puertas de PVC trae consigo diversas ventajas [&hellip;]<\/p>\n","protected":false},"author":84,"featured_media":0,"parent":0,"menu_order":0,"comment_status":"closed","ping_status":"closed","template":"","meta":[],"yoast_head":"<!-- This site is optimized with the Yoast SEO plugin v18.9 - https:\/\/yoast.com\/wordpress\/plugins\/seo\/ -->\n<title>Manual de instalaci\u00f3n de ventanas y puertas de PVC -<\/title>\n<meta name=\"robots\" content=\"index, follow, max-snippet:-1, max-image-preview:large, max-video-preview:-1\" \/>\n<link rel=\"canonical\" href=\"https:\/\/dinn.ucsc.cl\/index.php\/manual-de-instalacion-de-ventanas-y-puertas-de-pvc\/\" \/>\n<meta property=\"og:locale\" content=\"es_ES\" \/>\n<meta property=\"og:type\" content=\"article\" \/>\n<meta property=\"og:title\" content=\"Manual de instalaci\u00f3n de ventanas y puertas de PVC -\" \/>\n<meta property=\"og:description\" content=\"Descripci\u00f3n Es un manual t\u00e9cnico que ense\u00f1a c\u00f3mo instalar estructuras de PVC en construcci\u00f3n. Ofrece instrucciones detalladas desde la preparaci\u00f3n del \u00e1rea, hasta la instalaci\u00f3n y sellado. Adem\u00e1s, incluye una lista de verificaci\u00f3n para asegurar calidad en ventanas y puertas. Beneficios \/ Ventajas La instalaci\u00f3n de ventanas y puertas de PVC trae consigo diversas ventajas [&hellip;]\" \/>\n<meta property=\"og:url\" content=\"https:\/\/dinn.ucsc.cl\/index.php\/manual-de-instalacion-de-ventanas-y-puertas-de-pvc\/\" \/>\n<meta property=\"article:publisher\" content=\"https:\/\/m.facebook.com\/DINNUCSC\" \/>\n<meta property=\"article:modified_time\" content=\"2024-11-05T14:34:38+00:00\" \/>\n<meta property=\"og:image\" content=\"https:\/\/sitios.ucsc.cl\/investigacion\/wp-content\/uploads\/sites\/14\/2024\/11\/OTT_DDA_05.png\" \/>\n<meta name=\"twitter:card\" content=\"summary\" \/>\n<meta name=\"twitter:site\" content=\"@dinn_ucsc\" \/>\n<meta name=\"twitter:label1\" content=\"Tiempo de lectura\" \/>\n\t<meta name=\"twitter:data1\" content=\"1 minuto\" \/>\n<script type=\"application\/ld+json\" class=\"yoast-schema-graph\">{\"@context\":\"https:\/\/schema.org\",\"@graph\":[{\"@type\":\"WebSite\",\"@id\":\"https:\/\/dinn.ucsc.cl\/#website\",\"url\":\"https:\/\/dinn.ucsc.cl\/\",\"name\":\"Direcci\u00f3n de Innovaci\u00f3n UCSC\",\"description\":\"Direcci\u00f3n de Innovaci\u00f3n\",\"potentialAction\":[{\"@type\":\"SearchAction\",\"target\":{\"@type\":\"EntryPoint\",\"urlTemplate\":\"https:\/\/dinn.ucsc.cl\/?s={search_term_string}\"},\"query-input\":\"required name=search_term_string\"}],\"inLanguage\":\"es\"},{\"@type\":\"ImageObject\",\"inLanguage\":\"es\",\"@id\":\"https:\/\/dinn.ucsc.cl\/index.php\/manual-de-instalacion-de-ventanas-y-puertas-de-pvc\/#primaryimage\",\"url\":\"https:\/\/sitios.ucsc.cl\/investigacion\/wp-content\/uploads\/sites\/14\/2024\/11\/OTT_DDA_05.png\",\"contentUrl\":\"https:\/\/sitios.ucsc.cl\/investigacion\/wp-content\/uploads\/sites\/14\/2024\/11\/OTT_DDA_05.png\"},{\"@type\":\"WebPage\",\"@id\":\"https:\/\/dinn.ucsc.cl\/index.php\/manual-de-instalacion-de-ventanas-y-puertas-de-pvc\/#webpage\",\"url\":\"https:\/\/dinn.ucsc.cl\/index.php\/manual-de-instalacion-de-ventanas-y-puertas-de-pvc\/\",\"name\":\"Manual de instalaci\u00f3n de ventanas y puertas de PVC -\",\"isPartOf\":{\"@id\":\"https:\/\/dinn.ucsc.cl\/#website\"},\"primaryImageOfPage\":{\"@id\":\"https:\/\/dinn.ucsc.cl\/index.php\/manual-de-instalacion-de-ventanas-y-puertas-de-pvc\/#primaryimage\"},\"datePublished\":\"2024-11-04T13:31:44+00:00\",\"dateModified\":\"2024-11-05T14:34:38+00:00\",\"breadcrumb\":{\"@id\":\"https:\/\/dinn.ucsc.cl\/index.php\/manual-de-instalacion-de-ventanas-y-puertas-de-pvc\/#breadcrumb\"},\"inLanguage\":\"es\",\"potentialAction\":[{\"@type\":\"ReadAction\",\"target\":[\"https:\/\/dinn.ucsc.cl\/index.php\/manual-de-instalacion-de-ventanas-y-puertas-de-pvc\/\"]}]},{\"@type\":\"BreadcrumbList\",\"@id\":\"https:\/\/dinn.ucsc.cl\/index.php\/manual-de-instalacion-de-ventanas-y-puertas-de-pvc\/#breadcrumb\",\"itemListElement\":[{\"@type\":\"ListItem\",\"position\":1,\"name\":\"Inicio\",\"item\":\"https:\/\/dinn.ucsc.cl\/\"},{\"@type\":\"ListItem\",\"position\":2,\"name\":\"Manual de instalaci\u00f3n de ventanas y puertas de PVC\"}]}]}<\/script>\n<!-- \/ Yoast SEO plugin. -->","yoast_head_json":{"title":"Manual de instalaci\u00f3n de ventanas y puertas de PVC -","robots":{"index":"index","follow":"follow","max-snippet":"max-snippet:-1","max-image-preview":"max-image-preview:large","max-video-preview":"max-video-preview:-1"},"canonical":"https:\/\/dinn.ucsc.cl\/index.php\/manual-de-instalacion-de-ventanas-y-puertas-de-pvc\/","og_locale":"es_ES","og_type":"article","og_title":"Manual de instalaci\u00f3n de ventanas y puertas de PVC -","og_description":"Descripci\u00f3n Es un manual t\u00e9cnico que ense\u00f1a c\u00f3mo instalar estructuras de PVC en construcci\u00f3n. Ofrece instrucciones detalladas desde la preparaci\u00f3n del \u00e1rea, hasta la instalaci\u00f3n y sellado. Adem\u00e1s, incluye una lista de verificaci\u00f3n para asegurar calidad en ventanas y puertas. Beneficios \/ Ventajas La instalaci\u00f3n de ventanas y puertas de PVC trae consigo diversas ventajas [&hellip;]","og_url":"https:\/\/dinn.ucsc.cl\/index.php\/manual-de-instalacion-de-ventanas-y-puertas-de-pvc\/","article_publisher":"https:\/\/m.facebook.com\/DINNUCSC","article_modified_time":"2024-11-05T14:34:38+00:00","og_image":[{"url":"https:\/\/sitios.ucsc.cl\/investigacion\/wp-content\/uploads\/sites\/14\/2024\/11\/OTT_DDA_05.png"}],"twitter_card":"summary","twitter_site":"@dinn_ucsc","twitter_misc":{"Tiempo de lectura":"1 minuto"},"schema":{"@context":"https:\/\/schema.org","@graph":[{"@type":"WebSite","@id":"https:\/\/dinn.ucsc.cl\/#website","url":"https:\/\/dinn.ucsc.cl\/","name":"Direcci\u00f3n de Innovaci\u00f3n UCSC","description":"Direcci\u00f3n de Innovaci\u00f3n","potentialAction":[{"@type":"SearchAction","target":{"@type":"EntryPoint","urlTemplate":"https:\/\/dinn.ucsc.cl\/?s={search_term_string}"},"query-input":"required name=search_term_string"}],"inLanguage":"es"},{"@type":"ImageObject","inLanguage":"es","@id":"https:\/\/dinn.ucsc.cl\/index.php\/manual-de-instalacion-de-ventanas-y-puertas-de-pvc\/#primaryimage","url":"https:\/\/sitios.ucsc.cl\/investigacion\/wp-content\/uploads\/sites\/14\/2024\/11\/OTT_DDA_05.png","contentUrl":"https:\/\/sitios.ucsc.cl\/investigacion\/wp-content\/uploads\/sites\/14\/2024\/11\/OTT_DDA_05.png"},{"@type":"WebPage","@id":"https:\/\/dinn.ucsc.cl\/index.php\/manual-de-instalacion-de-ventanas-y-puertas-de-pvc\/#webpage","url":"https:\/\/dinn.ucsc.cl\/index.php\/manual-de-instalacion-de-ventanas-y-puertas-de-pvc\/","name":"Manual de instalaci\u00f3n de ventanas y puertas de PVC -","isPartOf":{"@id":"https:\/\/dinn.ucsc.cl\/#website"},"primaryImageOfPage":{"@id":"https:\/\/dinn.ucsc.cl\/index.php\/manual-de-instalacion-de-ventanas-y-puertas-de-pvc\/#primaryimage"},"datePublished":"2024-11-04T13:31:44+00:00","dateModified":"2024-11-05T14:34:38+00:00","breadcrumb":{"@id":"https:\/\/dinn.ucsc.cl\/index.php\/manual-de-instalacion-de-ventanas-y-puertas-de-pvc\/#breadcrumb"},"inLanguage":"es","potentialAction":[{"@type":"ReadAction","target":["https:\/\/dinn.ucsc.cl\/index.php\/manual-de-instalacion-de-ventanas-y-puertas-de-pvc\/"]}]},{"@type":"BreadcrumbList","@id":"https:\/\/dinn.ucsc.cl\/index.php\/manual-de-instalacion-de-ventanas-y-puertas-de-pvc\/#breadcrumb","itemListElement":[{"@type":"ListItem","position":1,"name":"Inicio","item":"https:\/\/dinn.ucsc.cl\/"},{"@type":"ListItem","position":2,"name":"Manual de instalaci\u00f3n de ventanas y puertas de PVC"}]}]}},"_links":{"self":[{"href":"https:\/\/dinn.ucsc.cl\/index.php\/wp-json\/wp\/v2\/pages\/6029"}],"collection":[{"href":"https:\/\/dinn.ucsc.cl\/index.php\/wp-json\/wp\/v2\/pages"}],"about":[{"href":"https:\/\/dinn.ucsc.cl\/index.php\/wp-json\/wp\/v2\/types\/page"}],"author":[{"embeddable":true,"href":"https:\/\/dinn.ucsc.cl\/index.php\/wp-json\/wp\/v2\/users\/84"}],"replies":[{"embeddable":true,"href":"https:\/\/dinn.ucsc.cl\/index.php\/wp-json\/wp\/v2\/comments?post=6029"}],"version-history":[{"count":3,"href":"https:\/\/dinn.ucsc.cl\/index.php\/wp-json\/wp\/v2\/pages\/6029\/revisions"}],"predecessor-version":[{"id":6068,"href":"https:\/\/dinn.ucsc.cl\/index.php\/wp-json\/wp\/v2\/pages\/6029\/revisions\/6068"}],"wp:attachment":[{"href":"https:\/\/dinn.ucsc.cl\/index.php\/wp-json\/wp\/v2\/media?parent=6029"}],"curies":[{"name":"wp","href":"https:\/\/api.w.org\/{rel}","templated":true}]}}