{"id":6147,"date":"2024-11-14T13:26:39","date_gmt":"2024-11-14T16:26:39","guid":{"rendered":"https:\/\/dinn.ucsc.cl\/?page_id=6147"},"modified":"2024-11-14T13:26:39","modified_gmt":"2024-11-14T16:26:39","slug":"guia-recomendaciones-para-promover-la-participacion-femenina-y-la-perspectiva-de-genero-en-las-carreras-de-pedagogia-en-educacion-fisica-en-chile","status":"publish","type":"page","link":"https:\/\/dinn.ucsc.cl\/index.php\/guia-recomendaciones-para-promover-la-participacion-femenina-y-la-perspectiva-de-genero-en-las-carreras-de-pedagogia-en-educacion-fisica-en-chile\/","title":{"rendered":"Gu\u00eda Recomendaciones para promover la participaci\u00f3n femenina y la perspectiva de g\u00e9nero en las carreras de Pedagog\u00eda en Educaci\u00f3n F\u00edsica en Chile"},"content":{"rendered":"<table class=\" alignleft\" style=\"height: 971px;width: 811px\">\n<tbody>\n<tr style=\"height: 153px\">\n<td style=\"width: 810px;height: 153px\" colspan=\"5\"><img loading=\"lazy\" class=\"aligncenter wp-image-6148\" src=\"https:\/\/dinn.ucsc.cl\/wp-content\/uploads\/sites\/14\/2024\/11\/OTT_DDA_14.png\" alt=\"\" width=\"839\" height=\"172\" srcset=\"https:\/\/dinn.ucsc.cl\/wp-content\/uploads\/sites\/14\/2024\/11\/OTT_DDA_14.png 1344w, https:\/\/dinn.ucsc.cl\/wp-content\/uploads\/sites\/14\/2024\/11\/OTT_DDA_14-300x61.png 300w, https:\/\/dinn.ucsc.cl\/wp-content\/uploads\/sites\/14\/2024\/11\/OTT_DDA_14-1024x210.png 1024w, https:\/\/dinn.ucsc.cl\/wp-content\/uploads\/sites\/14\/2024\/11\/OTT_DDA_14-768x157.png 768w, https:\/\/dinn.ucsc.cl\/wp-content\/uploads\/sites\/14\/2024\/11\/OTT_DDA_14-200x41.png 200w\" sizes=\"(max-width: 839px) 100vw, 839px\" \/><\/td>\n<\/tr>\n<tr style=\"height: 181px\">\n<td style=\"width: 8px;height: 181px\"><\/td>\n<td style=\"width: 64.0781px;height: 181px\"><a href=\"https:\/\/sitios.ucsc.cl\/ott\/wp-content\/uploads\/sites\/15\/2022\/06\/OTT_DDA_1.png\"><img loading=\"lazy\" class=\"aligncenter size-full wp-image-2175\" src=\"https:\/\/sitios.ucsc.cl\/ott\/wp-content\/uploads\/sites\/15\/2022\/06\/OTT_DDA_1.png\" alt=\"\" width=\"50\" height=\"50\" \/><\/a><\/td>\n<td style=\"width: 15.0156px\"><\/td>\n<td style=\"width: 704.859px;height: 181px\">\n<h3>Descripci\u00f3n<\/h3>\n<p style=\"text-align: justify\">Una gu\u00eda destinada a fomentar la perspectiva de g\u00e9nero en las carreras de Pedagog\u00eda en Educaci\u00f3n F\u00edsica (PEF) en Chile. Propone medidas concretas para incrementar la representaci\u00f3n femenina en la matr\u00edcula estudiantil y fortalecer la inclusi\u00f3n de g\u00e9nero en los planes de estudio y curr\u00edculum de estas carreras. Esta gu\u00eda se basa en el an\u00e1lisis de entrevistas y grupos focales realizados con docentes y estudiantes de seis universidades chilenas, as\u00ed como en la revisi\u00f3n exhaustiva de art\u00edculos cient\u00edficos, libros y manuales relevantes. El objetivo es desarrollar recomendaciones pr\u00e1cticas y sostenibles que puedan implementarse efectivamente.<\/p>\n<\/td>\n<td style=\"width: 18.0469px;height: 181px\">\n<h3><\/h3>\n<\/td>\n<\/tr>\n<tr style=\"height: 156px\">\n<td style=\"width: 8px;height: 156px\"><\/td>\n<td style=\"width: 64.0781px;height: 156px\"><a href=\"https:\/\/sitios.ucsc.cl\/ott\/wp-content\/uploads\/sites\/15\/2022\/06\/OTT_DDA_2.png\"><img loading=\"lazy\" class=\"aligncenter size-full wp-image-2176\" src=\"https:\/\/sitios.ucsc.cl\/ott\/wp-content\/uploads\/sites\/15\/2022\/06\/OTT_DDA_2.png\" alt=\"\" width=\"50\" height=\"50\" \/><\/a><\/td>\n<td style=\"width: 15.0156px\"><\/td>\n<td style=\"width: 704.859px;height: 156px\">\n<h3>Beneficios \/ Ventajas<\/h3>\n<ul>\n<li>Promoci\u00f3n de la igualdad de g\u00e9nero en el \u00e1mbito educativo y deportivo.<\/li>\n<li>Fomento de la inclusi\u00f3n y participaci\u00f3n efectiva de todos los estudiantes, evitando estereotipos de g\u00e9nero.<\/li>\n<li>Uso de un lenguaje inclusivo y no sexista en la documentaci\u00f3n y comunicaciones.<\/li>\n<li>Visualizaci\u00f3n de mujeres deportistas l\u00edderes y exitosas como modelos a seguir.<\/li>\n<li>Desarrollo de actividades pedag\u00f3gicas que promuevan la reflexi\u00f3n cr\u00edtica sobre estereotipos de g\u00e9nero.<\/li>\n<li>Sensibilizaci\u00f3n sobre la importancia de incorporar la perspectiva de g\u00e9nero en el curr\u00edculum escolar y universitario.<\/li>\n<li>Creaci\u00f3n de instancias formativas permanentes sobre g\u00e9nero en el profesorado de Educaci\u00f3n F\u00edsica.<\/li>\n<\/ul>\n<\/td>\n<td style=\"width: 18.0469px;height: 156px\"><\/td>\n<\/tr>\n<tr style=\"height: 104px\">\n<td style=\"width: 8px;height: 104px\"><\/td>\n<td style=\"width: 64.0781px;height: 104px\"><a href=\"https:\/\/sitios.ucsc.cl\/ott\/wp-content\/uploads\/sites\/15\/2022\/06\/OTT_DDA_3.png\"><img loading=\"lazy\" class=\"aligncenter size-full wp-image-2177\" src=\"https:\/\/sitios.ucsc.cl\/ott\/wp-content\/uploads\/sites\/15\/2022\/06\/OTT_DDA_3.png\" alt=\"\" width=\"50\" height=\"50\" \/><\/a><\/td>\n<td style=\"width: 15.0156px\"><\/td>\n<td style=\"width: 704.859px;height: 104px\">\n<h3>Usos \/ Aplicaciones<\/h3>\n<p style=\"text-align: justify\">Promueve la igualdad de g\u00e9nero en la carrera de educaci\u00f3n f\u00edsica (PEF), fomenta la participaci\u00f3n de mujeres en el \u00e1mbito deportivo y educativo, y sensibiliza sobre la importancia de la perspectiva de g\u00e9nero en la formaci\u00f3n docente.<\/p>\n<\/td>\n<td style=\"width: 18.0469px;height: 104px\"><\/td>\n<\/tr>\n<tr style=\"height: 79px\">\n<td style=\"width: 8px;height: 79px\"><\/td>\n<td style=\"width: 64.0781px;height: 79px\"><a href=\"https:\/\/sitios.ucsc.cl\/ott\/wp-content\/uploads\/sites\/15\/2022\/06\/OTT_DDA_4.png\"><img loading=\"lazy\" class=\"aligncenter size-full wp-image-2178\" src=\"https:\/\/sitios.ucsc.cl\/ott\/wp-content\/uploads\/sites\/15\/2022\/06\/OTT_DDA_4.png\" alt=\"\" width=\"50\" height=\"50\" \/><\/a><\/td>\n<td style=\"width: 15.0156px\"><\/td>\n<td style=\"width: 704.859px;height: 79px\">\n<h3>Oferta tecnol\u00f3gica<\/h3>\n<p>Esta obra se encuentra disponible para licenciamiento.<\/td>\n<td style=\"width: 18.0469px;height: 79px\"><\/td>\n<\/tr>\n<tr style=\"height: 79px\">\n<td style=\"width: 8px;height: 79px\"><\/td>\n<td style=\"width: 64.0781px;height: 79px\"><a href=\"https:\/\/sitios.ucsc.cl\/ott\/wp-content\/uploads\/sites\/15\/2022\/06\/OTT_DDA_5.png\"><img loading=\"lazy\" class=\"aligncenter size-full wp-image-2179\" src=\"https:\/\/sitios.ucsc.cl\/ott\/wp-content\/uploads\/sites\/15\/2022\/06\/OTT_DDA_5.png\" alt=\"\" width=\"50\" height=\"50\" \/><\/a><\/td>\n<td style=\"width: 15.0156px\"><\/td>\n<td style=\"width: 704.859px;height: 79px\">\n<h3>Propiedad intelectual<\/h3>\n<p>Registro Derecho de Autor: 2023-A-7486<\/td>\n<td style=\"width: 18.0469px;height: 79px\"><\/td>\n<\/tr>\n<tr style=\"height: 104px\">\n<td style=\"width: 8px;height: 104px\"><\/td>\n<td style=\"width: 64.0781px;height: 104px\"><a href=\"https:\/\/sitios.ucsc.cl\/ott\/wp-content\/uploads\/sites\/15\/2022\/06\/OTT_DDA_6.png\"><img loading=\"lazy\" class=\"size-full wp-image-2180 aligncenter\" src=\"https:\/\/sitios.ucsc.cl\/ott\/wp-content\/uploads\/sites\/15\/2022\/06\/OTT_DDA_6.png\" alt=\"\" width=\"50\" height=\"50\" \/><\/a><\/td>\n<td style=\"width: 15.0156px\"><\/td>\n<td style=\"width: 704.859px;height: 104px\">\n<h3>Autor<\/h3>\n<div data-olk-copy-source=\"MailCompose\"><strong>Dr. Carlos Matus Castillo,<\/strong> Facultad de Educaci\u00f3n.<\/div>\n<\/td>\n<td style=\"width: 18.0469px;height: 104px\"><\/td>\n<\/tr>\n<tr style=\"height: 115px\">\n<td style=\"width: 8px;height: 115px\"><\/td>\n<td style=\"width: 783.953px;height: 115px\" colspan=\"3\">&nbsp;<\/p>\n<p><a href=\"https:\/\/dinn.ucsc.cl\/wp-content\/uploads\/sites\/14\/2024\/11\/OTT_DDA_2024_14.pdf\" target=\"_blank\" rel=\"noopener\"><img loading=\"lazy\" class=\"aligncenter wp-image-2220 size-medium\" src=\"https:\/\/sitios.ucsc.cl\/ott\/wp-content\/uploads\/sites\/15\/2022\/06\/Bot\u00f3n-descarga-300x61.png\" alt=\"\" width=\"300\" height=\"61\" \/><\/a><\/td>\n<td style=\"width: 18.0469px\"><\/td>\n<\/tr>\n<\/tbody>\n<\/table>\n","protected":false},"excerpt":{"rendered":"<p>Descripci\u00f3n Una gu\u00eda destinada a fomentar la perspectiva de g\u00e9nero en las carreras de Pedagog\u00eda en Educaci\u00f3n F\u00edsica (PEF) en Chile. Propone medidas concretas para incrementar la representaci\u00f3n femenina en la matr\u00edcula estudiantil y fortalecer la inclusi\u00f3n de g\u00e9nero en los planes de estudio y curr\u00edculum de estas carreras. Esta gu\u00eda se basa en el [&hellip;]<\/p>\n","protected":false},"author":84,"featured_media":0,"parent":0,"menu_order":0,"comment_status":"closed","ping_status":"closed","template":"","meta":[],"yoast_head":"<!-- This site is optimized with the Yoast SEO plugin v18.9 - https:\/\/yoast.com\/wordpress\/plugins\/seo\/ -->\n<title>Gu\u00eda Recomendaciones para promover la participaci\u00f3n femenina y la perspectiva de g\u00e9nero en las carreras de Pedagog\u00eda en Educaci\u00f3n F\u00edsica en Chile -<\/title>\n<meta name=\"robots\" content=\"index, follow, max-snippet:-1, max-image-preview:large, max-video-preview:-1\" \/>\n<link rel=\"canonical\" href=\"https:\/\/dinn.ucsc.cl\/index.php\/guia-recomendaciones-para-promover-la-participacion-femenina-y-la-perspectiva-de-genero-en-las-carreras-de-pedagogia-en-educacion-fisica-en-chile\/\" \/>\n<meta property=\"og:locale\" content=\"es_ES\" \/>\n<meta property=\"og:type\" content=\"article\" \/>\n<meta property=\"og:title\" content=\"Gu\u00eda Recomendaciones para promover la participaci\u00f3n femenina y la perspectiva de g\u00e9nero en las carreras de Pedagog\u00eda en Educaci\u00f3n F\u00edsica en Chile -\" \/>\n<meta property=\"og:description\" content=\"Descripci\u00f3n Una gu\u00eda destinada a fomentar la perspectiva de g\u00e9nero en las carreras de Pedagog\u00eda en Educaci\u00f3n F\u00edsica (PEF) en Chile. Propone medidas concretas para incrementar la representaci\u00f3n femenina en la matr\u00edcula estudiantil y fortalecer la inclusi\u00f3n de g\u00e9nero en los planes de estudio y curr\u00edculum de estas carreras. Esta gu\u00eda se basa en el [&hellip;]\" \/>\n<meta property=\"og:url\" content=\"https:\/\/dinn.ucsc.cl\/index.php\/guia-recomendaciones-para-promover-la-participacion-femenina-y-la-perspectiva-de-genero-en-las-carreras-de-pedagogia-en-educacion-fisica-en-chile\/\" \/>\n<meta property=\"article:publisher\" content=\"https:\/\/m.facebook.com\/DINNUCSC\" \/>\n<meta property=\"og:image\" content=\"https:\/\/sitios.ucsc.cl\/investigacion\/wp-content\/uploads\/sites\/14\/2024\/11\/OTT_DDA_14.png\" \/>\n<meta name=\"twitter:card\" content=\"summary\" \/>\n<meta name=\"twitter:site\" content=\"@dinn_ucsc\" \/>\n<meta name=\"twitter:label1\" content=\"Tiempo de lectura\" \/>\n\t<meta name=\"twitter:data1\" content=\"1 minuto\" \/>\n<script type=\"application\/ld+json\" class=\"yoast-schema-graph\">{\"@context\":\"https:\/\/schema.org\",\"@graph\":[{\"@type\":\"WebSite\",\"@id\":\"https:\/\/dinn.ucsc.cl\/#website\",\"url\":\"https:\/\/dinn.ucsc.cl\/\",\"name\":\"Direcci\u00f3n de Innovaci\u00f3n UCSC\",\"description\":\"Direcci\u00f3n de Innovaci\u00f3n\",\"potentialAction\":[{\"@type\":\"SearchAction\",\"target\":{\"@type\":\"EntryPoint\",\"urlTemplate\":\"https:\/\/dinn.ucsc.cl\/?s={search_term_string}\"},\"query-input\":\"required name=search_term_string\"}],\"inLanguage\":\"es\"},{\"@type\":\"ImageObject\",\"inLanguage\":\"es\",\"@id\":\"https:\/\/dinn.ucsc.cl\/index.php\/guia-recomendaciones-para-promover-la-participacion-femenina-y-la-perspectiva-de-genero-en-las-carreras-de-pedagogia-en-educacion-fisica-en-chile\/#primaryimage\",\"url\":\"https:\/\/sitios.ucsc.cl\/investigacion\/wp-content\/uploads\/sites\/14\/2024\/11\/OTT_DDA_14.png\",\"contentUrl\":\"https:\/\/sitios.ucsc.cl\/investigacion\/wp-content\/uploads\/sites\/14\/2024\/11\/OTT_DDA_14.png\"},{\"@type\":\"WebPage\",\"@id\":\"https:\/\/dinn.ucsc.cl\/index.php\/guia-recomendaciones-para-promover-la-participacion-femenina-y-la-perspectiva-de-genero-en-las-carreras-de-pedagogia-en-educacion-fisica-en-chile\/#webpage\",\"url\":\"https:\/\/dinn.ucsc.cl\/index.php\/guia-recomendaciones-para-promover-la-participacion-femenina-y-la-perspectiva-de-genero-en-las-carreras-de-pedagogia-en-educacion-fisica-en-chile\/\",\"name\":\"Gu\u00eda Recomendaciones para promover la participaci\u00f3n femenina y la perspectiva de g\u00e9nero en las carreras de Pedagog\u00eda en Educaci\u00f3n F\u00edsica en Chile -\",\"isPartOf\":{\"@id\":\"https:\/\/dinn.ucsc.cl\/#website\"},\"primaryImageOfPage\":{\"@id\":\"https:\/\/dinn.ucsc.cl\/index.php\/guia-recomendaciones-para-promover-la-participacion-femenina-y-la-perspectiva-de-genero-en-las-carreras-de-pedagogia-en-educacion-fisica-en-chile\/#primaryimage\"},\"datePublished\":\"2024-11-14T16:26:39+00:00\",\"dateModified\":\"2024-11-14T16:26:39+00:00\",\"breadcrumb\":{\"@id\":\"https:\/\/dinn.ucsc.cl\/index.php\/guia-recomendaciones-para-promover-la-participacion-femenina-y-la-perspectiva-de-genero-en-las-carreras-de-pedagogia-en-educacion-fisica-en-chile\/#breadcrumb\"},\"inLanguage\":\"es\",\"potentialAction\":[{\"@type\":\"ReadAction\",\"target\":[\"https:\/\/dinn.ucsc.cl\/index.php\/guia-recomendaciones-para-promover-la-participacion-femenina-y-la-perspectiva-de-genero-en-las-carreras-de-pedagogia-en-educacion-fisica-en-chile\/\"]}]},{\"@type\":\"BreadcrumbList\",\"@id\":\"https:\/\/dinn.ucsc.cl\/index.php\/guia-recomendaciones-para-promover-la-participacion-femenina-y-la-perspectiva-de-genero-en-las-carreras-de-pedagogia-en-educacion-fisica-en-chile\/#breadcrumb\",\"itemListElement\":[{\"@type\":\"ListItem\",\"position\":1,\"name\":\"Inicio\",\"item\":\"https:\/\/dinn.ucsc.cl\/\"},{\"@type\":\"ListItem\",\"position\":2,\"name\":\"Gu\u00eda Recomendaciones para promover la participaci\u00f3n femenina y la perspectiva de g\u00e9nero en las carreras de Pedagog\u00eda en Educaci\u00f3n F\u00edsica en Chile\"}]}]}<\/script>\n<!-- \/ Yoast SEO plugin. -->","yoast_head_json":{"title":"Gu\u00eda Recomendaciones para promover la participaci\u00f3n femenina y la perspectiva de g\u00e9nero en las carreras de Pedagog\u00eda en Educaci\u00f3n F\u00edsica en Chile -","robots":{"index":"index","follow":"follow","max-snippet":"max-snippet:-1","max-image-preview":"max-image-preview:large","max-video-preview":"max-video-preview:-1"},"canonical":"https:\/\/dinn.ucsc.cl\/index.php\/guia-recomendaciones-para-promover-la-participacion-femenina-y-la-perspectiva-de-genero-en-las-carreras-de-pedagogia-en-educacion-fisica-en-chile\/","og_locale":"es_ES","og_type":"article","og_title":"Gu\u00eda Recomendaciones para promover la participaci\u00f3n femenina y la perspectiva de g\u00e9nero en las carreras de Pedagog\u00eda en Educaci\u00f3n F\u00edsica en Chile -","og_description":"Descripci\u00f3n Una gu\u00eda destinada a fomentar la perspectiva de g\u00e9nero en las carreras de Pedagog\u00eda en Educaci\u00f3n F\u00edsica (PEF) en Chile. Propone medidas concretas para incrementar la representaci\u00f3n femenina en la matr\u00edcula estudiantil y fortalecer la inclusi\u00f3n de g\u00e9nero en los planes de estudio y curr\u00edculum de estas carreras. Esta gu\u00eda se basa en el [&hellip;]","og_url":"https:\/\/dinn.ucsc.cl\/index.php\/guia-recomendaciones-para-promover-la-participacion-femenina-y-la-perspectiva-de-genero-en-las-carreras-de-pedagogia-en-educacion-fisica-en-chile\/","article_publisher":"https:\/\/m.facebook.com\/DINNUCSC","og_image":[{"url":"https:\/\/sitios.ucsc.cl\/investigacion\/wp-content\/uploads\/sites\/14\/2024\/11\/OTT_DDA_14.png"}],"twitter_card":"summary","twitter_site":"@dinn_ucsc","twitter_misc":{"Tiempo de lectura":"1 minuto"},"schema":{"@context":"https:\/\/schema.org","@graph":[{"@type":"WebSite","@id":"https:\/\/dinn.ucsc.cl\/#website","url":"https:\/\/dinn.ucsc.cl\/","name":"Direcci\u00f3n de Innovaci\u00f3n UCSC","description":"Direcci\u00f3n de Innovaci\u00f3n","potentialAction":[{"@type":"SearchAction","target":{"@type":"EntryPoint","urlTemplate":"https:\/\/dinn.ucsc.cl\/?s={search_term_string}"},"query-input":"required name=search_term_string"}],"inLanguage":"es"},{"@type":"ImageObject","inLanguage":"es","@id":"https:\/\/dinn.ucsc.cl\/index.php\/guia-recomendaciones-para-promover-la-participacion-femenina-y-la-perspectiva-de-genero-en-las-carreras-de-pedagogia-en-educacion-fisica-en-chile\/#primaryimage","url":"https:\/\/sitios.ucsc.cl\/investigacion\/wp-content\/uploads\/sites\/14\/2024\/11\/OTT_DDA_14.png","contentUrl":"https:\/\/sitios.ucsc.cl\/investigacion\/wp-content\/uploads\/sites\/14\/2024\/11\/OTT_DDA_14.png"},{"@type":"WebPage","@id":"https:\/\/dinn.ucsc.cl\/index.php\/guia-recomendaciones-para-promover-la-participacion-femenina-y-la-perspectiva-de-genero-en-las-carreras-de-pedagogia-en-educacion-fisica-en-chile\/#webpage","url":"https:\/\/dinn.ucsc.cl\/index.php\/guia-recomendaciones-para-promover-la-participacion-femenina-y-la-perspectiva-de-genero-en-las-carreras-de-pedagogia-en-educacion-fisica-en-chile\/","name":"Gu\u00eda Recomendaciones para promover la participaci\u00f3n femenina y la perspectiva de g\u00e9nero en las carreras de Pedagog\u00eda en Educaci\u00f3n F\u00edsica en Chile -","isPartOf":{"@id":"https:\/\/dinn.ucsc.cl\/#website"},"primaryImageOfPage":{"@id":"https:\/\/dinn.ucsc.cl\/index.php\/guia-recomendaciones-para-promover-la-participacion-femenina-y-la-perspectiva-de-genero-en-las-carreras-de-pedagogia-en-educacion-fisica-en-chile\/#primaryimage"},"datePublished":"2024-11-14T16:26:39+00:00","dateModified":"2024-11-14T16:26:39+00:00","breadcrumb":{"@id":"https:\/\/dinn.ucsc.cl\/index.php\/guia-recomendaciones-para-promover-la-participacion-femenina-y-la-perspectiva-de-genero-en-las-carreras-de-pedagogia-en-educacion-fisica-en-chile\/#breadcrumb"},"inLanguage":"es","potentialAction":[{"@type":"ReadAction","target":["https:\/\/dinn.ucsc.cl\/index.php\/guia-recomendaciones-para-promover-la-participacion-femenina-y-la-perspectiva-de-genero-en-las-carreras-de-pedagogia-en-educacion-fisica-en-chile\/"]}]},{"@type":"BreadcrumbList","@id":"https:\/\/dinn.ucsc.cl\/index.php\/guia-recomendaciones-para-promover-la-participacion-femenina-y-la-perspectiva-de-genero-en-las-carreras-de-pedagogia-en-educacion-fisica-en-chile\/#breadcrumb","itemListElement":[{"@type":"ListItem","position":1,"name":"Inicio","item":"https:\/\/dinn.ucsc.cl\/"},{"@type":"ListItem","position":2,"name":"Gu\u00eda Recomendaciones para promover la participaci\u00f3n femenina y la perspectiva de g\u00e9nero en las carreras de Pedagog\u00eda en Educaci\u00f3n F\u00edsica en Chile"}]}]}},"_links":{"self":[{"href":"https:\/\/dinn.ucsc.cl\/index.php\/wp-json\/wp\/v2\/pages\/6147"}],"collection":[{"href":"https:\/\/dinn.ucsc.cl\/index.php\/wp-json\/wp\/v2\/pages"}],"about":[{"href":"https:\/\/dinn.ucsc.cl\/index.php\/wp-json\/wp\/v2\/types\/page"}],"author":[{"embeddable":true,"href":"https:\/\/dinn.ucsc.cl\/index.php\/wp-json\/wp\/v2\/users\/84"}],"replies":[{"embeddable":true,"href":"https:\/\/dinn.ucsc.cl\/index.php\/wp-json\/wp\/v2\/comments?post=6147"}],"version-history":[{"count":3,"href":"https:\/\/dinn.ucsc.cl\/index.php\/wp-json\/wp\/v2\/pages\/6147\/revisions"}],"predecessor-version":[{"id":6153,"href":"https:\/\/dinn.ucsc.cl\/index.php\/wp-json\/wp\/v2\/pages\/6147\/revisions\/6153"}],"wp:attachment":[{"href":"https:\/\/dinn.ucsc.cl\/index.php\/wp-json\/wp\/v2\/media?parent=6147"}],"curies":[{"name":"wp","href":"https:\/\/api.w.org\/{rel}","templated":true}]}}