{"id":618,"date":"2019-06-21T15:31:53","date_gmt":"2019-06-21T19:31:53","guid":{"rendered":"http:\/\/sitios.ucsc.cl\/investigacion\/?page_id=618"},"modified":"2023-01-10T17:45:23","modified_gmt":"2023-01-10T20:45:23","slug":"innovacion-y-emprendimiento","status":"publish","type":"page","link":"https:\/\/dinn.ucsc.cl\/index.php\/innovacion-y-emprendimiento\/","title":{"rendered":"Innovaci\u00f3n y Emprendimiento"},"content":{"rendered":"<p>La Direcci\u00f3n de Innovaci\u00f3n busca fomentar la cultura de innovaci\u00f3n y el desarrollo de proyectos e iniciativas de innovaci\u00f3n y emprendimiento, con el objetivo de promover y desarrollar competencias y habilidades de\u00a0i+e\u00a0en la Comunidad Universitaria. Para ello cuenta con la Unidad de Apoyo a la Innovaci\u00f3n y la Unidad de Proyectos.<\/p>\n<table style=\"height: 21px\" width=\"898\">\n<tbody>\n<tr>\n<td style=\"width: 77.05882263183594px\"><img loading=\"lazy\" class=\"wp-image-2527 aligncenter\" src=\"https:\/\/dinn.ucsc.cl\/wp-content\/uploads\/sites\/14\/2020\/10\/Innovaci\u00f3n.png\" alt=\"\" width=\"64\" height=\"73\" srcset=\"https:\/\/dinn.ucsc.cl\/wp-content\/uploads\/sites\/14\/2020\/10\/Innovaci\u00f3n.png 273w, https:\/\/dinn.ucsc.cl\/wp-content\/uploads\/sites\/14\/2020\/10\/Innovaci\u00f3n-262x300.png 262w, https:\/\/dinn.ucsc.cl\/wp-content\/uploads\/sites\/14\/2020\/10\/Innovaci\u00f3n-174x200.png 174w\" sizes=\"(max-width: 64px) 100vw, 64px\" \/><\/td>\n<td style=\"width: 819.7794189453125px\">\n<h3><b>Servicios de la Unidad de Apoyo a la\u00a0<\/b><b>Innovaci\u00f3n:<\/b><\/h3>\n<\/td>\n<\/tr>\n<\/tbody>\n<\/table>\n<ul>\n<li><b>Patrocinador de proyectos de emprendimientos innovadores:<\/b>\u202f\u00a0Gesti\u00f3n del seguimiento\u00a0t\u00e9cnico y financiero de los proyectos patrocinados.\u202f\u00a0Ofrecer\u202fservicios de patrocinador de proyectos de emprendimiento ante Corfo y el Comit\u00e9 de Desarrollo Productivo Regional Biob\u00edo, para l\u00edneas como Semilla Corfo, Programa Regional de Apoyo al Emprendimiento (PRAE) y la l\u00ednea de Tesis en emprendimiento e innovaci\u00f3n.<\/li>\n<li><b>Fomento a la innovaci\u00f3n<\/b>:\u00a0Realizaci\u00f3n de charlas, talleres y capacitaciones a la comunidad universitaria para fomentar la cultura de la innovaci\u00f3n y fortalecer las competencias habilitantes en innovaci\u00f3n y emprendimiento.<\/li>\n<li><b>Programa de incubaci\u00f3n de Iniciativas de Innovaci\u00f3n<\/b>: Entrega\u00a0de\u00a0apoyo y acompa\u00f1amiento\u202fpor medio de la formaci\u00f3n de capacidades emprendedoras, asesor\u00edas especializadas y seguimiento t\u00e9cnico y financiero a iniciativas en etapas desde la etapa de idea hasta la consolidaci\u00f3n de un proyecto de Innovaci\u00f3n.<\/li>\n<\/ul>\n<p><strong>\u00a0 \u00a0 \u00a0 \u00a0 Contacto: uainn@ucsc.cl<\/strong><\/p>\n<p>&nbsp;<\/p>\n<table style=\"height: 20px\" width=\"893\">\n<tbody>\n<tr>\n<td style=\"width: 81.08455657958984px\"><img loading=\"lazy\" class=\"wp-image-2528 aligncenter\" src=\"https:\/\/dinn.ucsc.cl\/wp-content\/uploads\/sites\/14\/2020\/10\/Proyectos.png\" alt=\"\" width=\"71\" height=\"71\" srcset=\"https:\/\/dinn.ucsc.cl\/wp-content\/uploads\/sites\/14\/2020\/10\/Proyectos.png 264w, https:\/\/dinn.ucsc.cl\/wp-content\/uploads\/sites\/14\/2020\/10\/Proyectos-150x150.png 150w, https:\/\/dinn.ucsc.cl\/wp-content\/uploads\/sites\/14\/2020\/10\/Proyectos-200x200.png 200w\" sizes=\"(max-width: 71px) 100vw, 71px\" \/><\/td>\n<td style=\"width: 810.753662109375px\">\n<h3><b>Servicios Unidad de\u00a0<\/b><b>Proyectos VRIP<\/b><b>:<\/b><b>\u00a0<\/b><\/h3>\n<\/td>\n<\/tr>\n<\/tbody>\n<\/table>\n<ul>\n<li><span style=\"font-size: 1rem\">Promover la participaci\u00f3n de acad\u00e9micos y estudiantes de la Universidad en la obtenci\u00f3n y gesti\u00f3n de fondos concursables externos de I+D+i+e considerando las necesidades formativas de los cuerpos acad\u00e9micos, de los programas de postgrado y especialidades m\u00e9dicas y de salud. Apoyar en la postulaci\u00f3n a fondos concursables externos de proyectos institucionales de I+D+i y aquellos relacionados con el desarrollo de postgrados y especialidades m\u00e9dicas y de salud. Buscar y difundir oportunidades de financiamiento para investigaci\u00f3n b\u00e1sica y aplicada, innovaci\u00f3n y desarrollo del postgrado y especialidades m\u00e9dicas y de salud. Realizar seguimiento y control administrativo de los proyectos adjudicados, velando por el correcto cumplimiento de los compromisos contractuales adquiridos por la Universidad. Fortalecer v\u00ednculos tanto con instituciones p\u00fablicas y privadas como de Educaci\u00f3n Superior para robustecer las propuestas a fondos externos y para acercar la I+D+i+e a problem\u00e1ticas y oportunidades del medio.<\/span><\/li>\n<li><span style=\"font-size: 1rem\">Promover la participaci\u00f3n de acad\u00e9micos y estudiantes de la Universidad en la obtenci\u00f3n y gesti\u00f3n de fondos concursables externos de I+D+i+e considerando las necesidades formativas de los cuerpos acad\u00e9micos, de los programas de postgrado y especialidades m\u00e9dicas y de salud.<\/span><\/li>\n<li><span style=\"font-size: 1rem\">Apoyar en la postulaci\u00f3n a fondos concursables externos de proyectos institucionales de I+D+i y aquellos relacionados con el desarrollo de postgrados y especialidades m\u00e9dicas y de salud.<\/span><\/li>\n<li><span style=\"font-size: 1rem\">Buscar y difundir oportunidades de financiamiento para investigaci\u00f3n b\u00e1sica y aplicada, innovaci\u00f3n y desarrollo del postgrado y especialidades m\u00e9dicas y de salud.<\/span><\/li>\n<li><span style=\"font-size: 1rem\">Realizar seguimiento y control administrativo de los proyectos adjudicados, velando por el correcto cumplimiento de los compromisos contractuales adquiridos por la Universidad.<\/span><\/li>\n<li><span style=\"font-size: 1rem\">Fortalecer v\u00ednculos tanto con instituciones p\u00fablicas y privadas como de Educaci\u00f3n Superior para robustecer las propuestas a fondos externos y para acercar la I+D+i+e a problem\u00e1ticas y oportunidades del medio.<\/span><\/li>\n<li><span style=\"font-size: 1rem\">Identificaci\u00f3n y difusi\u00f3n de fuentes de financiamiento.<\/span><\/li>\n<\/ul>\n<p><strong style=\"text-align: right;font-size: 1rem\">\u00a0 \u00a0 \u00a0 \u00a0Contacto: proyectosvrip@ucsc.cl<\/strong><\/p>\n<p>&nbsp;<\/p>\n<p>&nbsp;<\/p>\n<p style=\"text-align: right\">\n","protected":false},"excerpt":{"rendered":"<p>La Direcci\u00f3n de Innovaci\u00f3n busca fomentar la cultura de innovaci\u00f3n y el desarrollo de proyectos e iniciativas de innovaci\u00f3n y emprendimiento, con el objetivo de promover y desarrollar competencias y habilidades de\u00a0i+e\u00a0en la Comunidad Universitaria. Para ello cuenta con la Unidad de Apoyo a la Innovaci\u00f3n y la Unidad de Proyectos. Servicios de la Unidad [&hellip;]<\/p>\n","protected":false},"author":84,"featured_media":0,"parent":0,"menu_order":0,"comment_status":"closed","ping_status":"closed","template":"template-indice.php","meta":[],"yoast_head":"<!-- This site is optimized with the Yoast SEO plugin v18.9 - https:\/\/yoast.com\/wordpress\/plugins\/seo\/ -->\n<title>Innovaci\u00f3n y Emprendimiento -<\/title>\n<meta name=\"robots\" content=\"index, follow, max-snippet:-1, max-image-preview:large, max-video-preview:-1\" \/>\n<link rel=\"canonical\" href=\"https:\/\/dinn.ucsc.cl\/index.php\/innovacion-y-emprendimiento\/\" \/>\n<meta property=\"og:locale\" content=\"es_ES\" \/>\n<meta property=\"og:type\" content=\"article\" \/>\n<meta property=\"og:title\" content=\"Innovaci\u00f3n y Emprendimiento -\" \/>\n<meta property=\"og:description\" content=\"La Direcci\u00f3n de Innovaci\u00f3n busca fomentar la cultura de innovaci\u00f3n y el desarrollo de proyectos e iniciativas de innovaci\u00f3n y emprendimiento, con el objetivo de promover y desarrollar competencias y habilidades de\u00a0i+e\u00a0en la Comunidad Universitaria. Para ello cuenta con la Unidad de Apoyo a la Innovaci\u00f3n y la Unidad de Proyectos. Servicios de la Unidad [&hellip;]\" \/>\n<meta property=\"og:url\" content=\"https:\/\/dinn.ucsc.cl\/index.php\/innovacion-y-emprendimiento\/\" \/>\n<meta property=\"article:publisher\" content=\"https:\/\/m.facebook.com\/DINNUCSC\" \/>\n<meta property=\"article:modified_time\" content=\"2023-01-10T20:45:23+00:00\" \/>\n<meta property=\"og:image\" content=\"https:\/\/sitios.ucsc.cl\/investigacion\/wp-content\/uploads\/sites\/14\/2020\/10\/Proyectos.png\" \/>\n<meta name=\"twitter:card\" content=\"summary\" \/>\n<meta name=\"twitter:site\" content=\"@dinn_ucsc\" \/>\n<meta name=\"twitter:label1\" content=\"Tiempo de lectura\" \/>\n\t<meta name=\"twitter:data1\" content=\"3 minutos\" \/>\n<script type=\"application\/ld+json\" class=\"yoast-schema-graph\">{\"@context\":\"https:\/\/schema.org\",\"@graph\":[{\"@type\":\"WebSite\",\"@id\":\"https:\/\/dinn.ucsc.cl\/#website\",\"url\":\"https:\/\/dinn.ucsc.cl\/\",\"name\":\"Direcci\u00f3n de Innovaci\u00f3n UCSC\",\"description\":\"Direcci\u00f3n de Innovaci\u00f3n\",\"potentialAction\":[{\"@type\":\"SearchAction\",\"target\":{\"@type\":\"EntryPoint\",\"urlTemplate\":\"https:\/\/dinn.ucsc.cl\/?s={search_term_string}\"},\"query-input\":\"required name=search_term_string\"}],\"inLanguage\":\"es\"},{\"@type\":\"ImageObject\",\"inLanguage\":\"es\",\"@id\":\"https:\/\/dinn.ucsc.cl\/index.php\/innovacion-y-emprendimiento\/#primaryimage\",\"url\":\"https:\/\/sitios.ucsc.cl\/investigacion\/wp-content\/uploads\/sites\/14\/2020\/10\/Proyectos.png\",\"contentUrl\":\"https:\/\/sitios.ucsc.cl\/investigacion\/wp-content\/uploads\/sites\/14\/2020\/10\/Proyectos.png\"},{\"@type\":\"WebPage\",\"@id\":\"https:\/\/dinn.ucsc.cl\/index.php\/innovacion-y-emprendimiento\/#webpage\",\"url\":\"https:\/\/dinn.ucsc.cl\/index.php\/innovacion-y-emprendimiento\/\",\"name\":\"Innovaci\u00f3n y Emprendimiento -\",\"isPartOf\":{\"@id\":\"https:\/\/dinn.ucsc.cl\/#website\"},\"primaryImageOfPage\":{\"@id\":\"https:\/\/dinn.ucsc.cl\/index.php\/innovacion-y-emprendimiento\/#primaryimage\"},\"datePublished\":\"2019-06-21T19:31:53+00:00\",\"dateModified\":\"2023-01-10T20:45:23+00:00\",\"breadcrumb\":{\"@id\":\"https:\/\/dinn.ucsc.cl\/index.php\/innovacion-y-emprendimiento\/#breadcrumb\"},\"inLanguage\":\"es\",\"potentialAction\":[{\"@type\":\"ReadAction\",\"target\":[\"https:\/\/dinn.ucsc.cl\/index.php\/innovacion-y-emprendimiento\/\"]}]},{\"@type\":\"BreadcrumbList\",\"@id\":\"https:\/\/dinn.ucsc.cl\/index.php\/innovacion-y-emprendimiento\/#breadcrumb\",\"itemListElement\":[{\"@type\":\"ListItem\",\"position\":1,\"name\":\"Inicio\",\"item\":\"https:\/\/dinn.ucsc.cl\/\"},{\"@type\":\"ListItem\",\"position\":2,\"name\":\"Innovaci\u00f3n y Emprendimiento\"}]}]}<\/script>\n<!-- \/ Yoast SEO plugin. -->","yoast_head_json":{"title":"Innovaci\u00f3n y Emprendimiento -","robots":{"index":"index","follow":"follow","max-snippet":"max-snippet:-1","max-image-preview":"max-image-preview:large","max-video-preview":"max-video-preview:-1"},"canonical":"https:\/\/dinn.ucsc.cl\/index.php\/innovacion-y-emprendimiento\/","og_locale":"es_ES","og_type":"article","og_title":"Innovaci\u00f3n y Emprendimiento -","og_description":"La Direcci\u00f3n de Innovaci\u00f3n busca fomentar la cultura de innovaci\u00f3n y el desarrollo de proyectos e iniciativas de innovaci\u00f3n y emprendimiento, con el objetivo de promover y desarrollar competencias y habilidades de\u00a0i+e\u00a0en la Comunidad Universitaria. Para ello cuenta con la Unidad de Apoyo a la Innovaci\u00f3n y la Unidad de Proyectos. Servicios de la Unidad [&hellip;]","og_url":"https:\/\/dinn.ucsc.cl\/index.php\/innovacion-y-emprendimiento\/","article_publisher":"https:\/\/m.facebook.com\/DINNUCSC","article_modified_time":"2023-01-10T20:45:23+00:00","og_image":[{"url":"https:\/\/sitios.ucsc.cl\/investigacion\/wp-content\/uploads\/sites\/14\/2020\/10\/Proyectos.png"}],"twitter_card":"summary","twitter_site":"@dinn_ucsc","twitter_misc":{"Tiempo de lectura":"3 minutos"},"schema":{"@context":"https:\/\/schema.org","@graph":[{"@type":"WebSite","@id":"https:\/\/dinn.ucsc.cl\/#website","url":"https:\/\/dinn.ucsc.cl\/","name":"Direcci\u00f3n de Innovaci\u00f3n UCSC","description":"Direcci\u00f3n de Innovaci\u00f3n","potentialAction":[{"@type":"SearchAction","target":{"@type":"EntryPoint","urlTemplate":"https:\/\/dinn.ucsc.cl\/?s={search_term_string}"},"query-input":"required name=search_term_string"}],"inLanguage":"es"},{"@type":"ImageObject","inLanguage":"es","@id":"https:\/\/dinn.ucsc.cl\/index.php\/innovacion-y-emprendimiento\/#primaryimage","url":"https:\/\/sitios.ucsc.cl\/investigacion\/wp-content\/uploads\/sites\/14\/2020\/10\/Proyectos.png","contentUrl":"https:\/\/sitios.ucsc.cl\/investigacion\/wp-content\/uploads\/sites\/14\/2020\/10\/Proyectos.png"},{"@type":"WebPage","@id":"https:\/\/dinn.ucsc.cl\/index.php\/innovacion-y-emprendimiento\/#webpage","url":"https:\/\/dinn.ucsc.cl\/index.php\/innovacion-y-emprendimiento\/","name":"Innovaci\u00f3n y Emprendimiento -","isPartOf":{"@id":"https:\/\/dinn.ucsc.cl\/#website"},"primaryImageOfPage":{"@id":"https:\/\/dinn.ucsc.cl\/index.php\/innovacion-y-emprendimiento\/#primaryimage"},"datePublished":"2019-06-21T19:31:53+00:00","dateModified":"2023-01-10T20:45:23+00:00","breadcrumb":{"@id":"https:\/\/dinn.ucsc.cl\/index.php\/innovacion-y-emprendimiento\/#breadcrumb"},"inLanguage":"es","potentialAction":[{"@type":"ReadAction","target":["https:\/\/dinn.ucsc.cl\/index.php\/innovacion-y-emprendimiento\/"]}]},{"@type":"BreadcrumbList","@id":"https:\/\/dinn.ucsc.cl\/index.php\/innovacion-y-emprendimiento\/#breadcrumb","itemListElement":[{"@type":"ListItem","position":1,"name":"Inicio","item":"https:\/\/dinn.ucsc.cl\/"},{"@type":"ListItem","position":2,"name":"Innovaci\u00f3n y Emprendimiento"}]}]}},"_links":{"self":[{"href":"https:\/\/dinn.ucsc.cl\/index.php\/wp-json\/wp\/v2\/pages\/618"}],"collection":[{"href":"https:\/\/dinn.ucsc.cl\/index.php\/wp-json\/wp\/v2\/pages"}],"about":[{"href":"https:\/\/dinn.ucsc.cl\/index.php\/wp-json\/wp\/v2\/types\/page"}],"author":[{"embeddable":true,"href":"https:\/\/dinn.ucsc.cl\/index.php\/wp-json\/wp\/v2\/users\/84"}],"replies":[{"embeddable":true,"href":"https:\/\/dinn.ucsc.cl\/index.php\/wp-json\/wp\/v2\/comments?post=618"}],"version-history":[{"count":27,"href":"https:\/\/dinn.ucsc.cl\/index.php\/wp-json\/wp\/v2\/pages\/618\/revisions"}],"predecessor-version":[{"id":2687,"href":"https:\/\/dinn.ucsc.cl\/index.php\/wp-json\/wp\/v2\/pages\/618\/revisions\/2687"}],"wp:attachment":[{"href":"https:\/\/dinn.ucsc.cl\/index.php\/wp-json\/wp\/v2\/media?parent=618"}],"curies":[{"name":"wp","href":"https:\/\/api.w.org\/{rel}","templated":true}]}}