{"id":658,"date":"2019-06-21T15:58:10","date_gmt":"2019-06-21T19:58:10","guid":{"rendered":"http:\/\/sitios.ucsc.cl\/investigacion\/?page_id=658"},"modified":"2020-11-02T13:12:06","modified_gmt":"2020-11-02T16:12:06","slug":"incubacion","status":"publish","type":"page","link":"https:\/\/dinn.ucsc.cl\/index.php\/incubacion\/","title":{"rendered":"Incubaci\u00f3n"},"content":{"rendered":"<h3>\u00bfPor qu\u00e9 ser parte de la UAINN?<\/h3>\n<table style=\"height: 434px\" width=\"886\">\n<tbody>\n<tr>\n<td style=\"width: 560.640625px\"><img loading=\"lazy\" class=\"wp-image-2507 aligncenter\" src=\"https:\/\/dinn.ucsc.cl\/wp-content\/uploads\/sites\/14\/2020\/10\/propuestavalor@2x-1024x828.png\" alt=\"\" width=\"525\" height=\"425\" srcset=\"https:\/\/dinn.ucsc.cl\/wp-content\/uploads\/sites\/14\/2020\/10\/propuestavalor@2x-1024x828.png 1024w, https:\/\/dinn.ucsc.cl\/wp-content\/uploads\/sites\/14\/2020\/10\/propuestavalor@2x-300x243.png 300w, https:\/\/dinn.ucsc.cl\/wp-content\/uploads\/sites\/14\/2020\/10\/propuestavalor@2x-768x621.png 768w, https:\/\/dinn.ucsc.cl\/wp-content\/uploads\/sites\/14\/2020\/10\/propuestavalor@2x-200x162.png 200w\" sizes=\"(max-width: 525px) 100vw, 525px\" \/><\/td>\n<td style=\"width: 324.375px\">La Unidad de Apoyo a la Innovaci\u00f3n entrega las herramientas necesarias para la formaci\u00f3n de nuevas capacidades emprendedoras para que t\u00fa y tu equipo logren desarrollar a cabalidad su emprendimiento con componentes innovadores.<\/p>\n<p>Recibir\u00e1s asesor\u00edas especializadas, seguimiento t\u00e9cnico durante todo tu proceso, desde la idea hasta la consolidaci\u00f3n de tu proyecto.<\/td>\n<\/tr>\n<\/tbody>\n<\/table>\n<p>&nbsp;<\/p>\n<p><img loading=\"lazy\" class=\"wp-image-2506 aligncenter\" src=\"https:\/\/dinn.ucsc.cl\/wp-content\/uploads\/sites\/14\/2020\/10\/incubaci\u00f3n@2x-1024x682.png\" alt=\"\" width=\"677\" height=\"451\" srcset=\"https:\/\/dinn.ucsc.cl\/wp-content\/uploads\/sites\/14\/2020\/10\/incubaci\u00f3n@2x-1024x682.png 1024w, https:\/\/dinn.ucsc.cl\/wp-content\/uploads\/sites\/14\/2020\/10\/incubaci\u00f3n@2x-300x200.png 300w, https:\/\/dinn.ucsc.cl\/wp-content\/uploads\/sites\/14\/2020\/10\/incubaci\u00f3n@2x-768x512.png 768w, https:\/\/dinn.ucsc.cl\/wp-content\/uploads\/sites\/14\/2020\/10\/incubaci\u00f3n@2x-360x240.png 360w, https:\/\/dinn.ucsc.cl\/wp-content\/uploads\/sites\/14\/2020\/10\/incubaci\u00f3n@2x-200x133.png 200w\" sizes=\"(max-width: 677px) 100vw, 677px\" \/><\/p>\n<p>Las asesor\u00edas que el equipo de profesionales de la UAINN brindar\u00e1 a los incubados ser\u00e1n en las \u00e1reas de administraci\u00f3n, finanzas, personal y marketing, las que incluyen el fortalecimiento de modelos de negocios, planes de marketing, estructura financiera, validaci\u00f3n comercial, generaci\u00f3n de habilidades empresariales y capacitaciones, entre otras competencias que se consideran necesarias.<\/p>\n","protected":false},"excerpt":{"rendered":"<p>\u00bfPor qu\u00e9 ser parte de la UAINN? La Unidad de Apoyo a la Innovaci\u00f3n entrega las herramientas necesarias para la formaci\u00f3n de nuevas capacidades emprendedoras para que t\u00fa y tu equipo logren desarrollar a cabalidad su emprendimiento con componentes innovadores. Recibir\u00e1s asesor\u00edas especializadas, seguimiento t\u00e9cnico durante todo tu proceso, desde la idea hasta la consolidaci\u00f3n [&hellip;]<\/p>\n","protected":false},"author":84,"featured_media":0,"parent":0,"menu_order":0,"comment_status":"closed","ping_status":"closed","template":"","meta":[],"yoast_head":"<!-- This site is optimized with the Yoast SEO plugin v18.9 - https:\/\/yoast.com\/wordpress\/plugins\/seo\/ -->\n<title>Incubaci\u00f3n -<\/title>\n<meta name=\"robots\" content=\"index, follow, max-snippet:-1, max-image-preview:large, max-video-preview:-1\" \/>\n<link rel=\"canonical\" href=\"https:\/\/dinn.ucsc.cl\/index.php\/incubacion\/\" \/>\n<meta property=\"og:locale\" content=\"es_ES\" \/>\n<meta property=\"og:type\" content=\"article\" \/>\n<meta property=\"og:title\" content=\"Incubaci\u00f3n -\" \/>\n<meta property=\"og:description\" content=\"\u00bfPor qu\u00e9 ser parte de la UAINN? La Unidad de Apoyo a la Innovaci\u00f3n entrega las herramientas necesarias para la formaci\u00f3n de nuevas capacidades emprendedoras para que t\u00fa y tu equipo logren desarrollar a cabalidad su emprendimiento con componentes innovadores. Recibir\u00e1s asesor\u00edas especializadas, seguimiento t\u00e9cnico durante todo tu proceso, desde la idea hasta la consolidaci\u00f3n [&hellip;]\" \/>\n<meta property=\"og:url\" content=\"https:\/\/dinn.ucsc.cl\/index.php\/incubacion\/\" \/>\n<meta property=\"article:publisher\" content=\"https:\/\/m.facebook.com\/DINNUCSC\" \/>\n<meta property=\"article:modified_time\" content=\"2020-11-02T16:12:06+00:00\" \/>\n<meta property=\"og:image\" content=\"https:\/\/sitios.ucsc.cl\/investigacion\/wp-content\/uploads\/sites\/14\/2020\/10\/propuestavalor@2x-1024x828.png\" \/>\n<meta name=\"twitter:card\" content=\"summary\" \/>\n<meta name=\"twitter:site\" content=\"@dinn_ucsc\" \/>\n<meta name=\"twitter:label1\" content=\"Tiempo de lectura\" \/>\n\t<meta name=\"twitter:data1\" content=\"1 minuto\" \/>\n<script type=\"application\/ld+json\" class=\"yoast-schema-graph\">{\"@context\":\"https:\/\/schema.org\",\"@graph\":[{\"@type\":\"WebSite\",\"@id\":\"https:\/\/dinn.ucsc.cl\/#website\",\"url\":\"https:\/\/dinn.ucsc.cl\/\",\"name\":\"Direcci\u00f3n de Innovaci\u00f3n UCSC\",\"description\":\"Direcci\u00f3n de Innovaci\u00f3n\",\"potentialAction\":[{\"@type\":\"SearchAction\",\"target\":{\"@type\":\"EntryPoint\",\"urlTemplate\":\"https:\/\/dinn.ucsc.cl\/?s={search_term_string}\"},\"query-input\":\"required name=search_term_string\"}],\"inLanguage\":\"es\"},{\"@type\":\"ImageObject\",\"inLanguage\":\"es\",\"@id\":\"https:\/\/dinn.ucsc.cl\/index.php\/incubacion\/#primaryimage\",\"url\":\"https:\/\/sitios.ucsc.cl\/investigacion\/wp-content\/uploads\/sites\/14\/2020\/10\/propuestavalor@2x-1024x828.png\",\"contentUrl\":\"https:\/\/sitios.ucsc.cl\/investigacion\/wp-content\/uploads\/sites\/14\/2020\/10\/propuestavalor@2x-1024x828.png\"},{\"@type\":\"WebPage\",\"@id\":\"https:\/\/dinn.ucsc.cl\/index.php\/incubacion\/#webpage\",\"url\":\"https:\/\/dinn.ucsc.cl\/index.php\/incubacion\/\",\"name\":\"Incubaci\u00f3n -\",\"isPartOf\":{\"@id\":\"https:\/\/dinn.ucsc.cl\/#website\"},\"primaryImageOfPage\":{\"@id\":\"https:\/\/dinn.ucsc.cl\/index.php\/incubacion\/#primaryimage\"},\"datePublished\":\"2019-06-21T19:58:10+00:00\",\"dateModified\":\"2020-11-02T16:12:06+00:00\",\"breadcrumb\":{\"@id\":\"https:\/\/dinn.ucsc.cl\/index.php\/incubacion\/#breadcrumb\"},\"inLanguage\":\"es\",\"potentialAction\":[{\"@type\":\"ReadAction\",\"target\":[\"https:\/\/dinn.ucsc.cl\/index.php\/incubacion\/\"]}]},{\"@type\":\"BreadcrumbList\",\"@id\":\"https:\/\/dinn.ucsc.cl\/index.php\/incubacion\/#breadcrumb\",\"itemListElement\":[{\"@type\":\"ListItem\",\"position\":1,\"name\":\"Inicio\",\"item\":\"https:\/\/dinn.ucsc.cl\/\"},{\"@type\":\"ListItem\",\"position\":2,\"name\":\"Incubaci\u00f3n\"}]}]}<\/script>\n<!-- \/ Yoast SEO plugin. -->","yoast_head_json":{"title":"Incubaci\u00f3n -","robots":{"index":"index","follow":"follow","max-snippet":"max-snippet:-1","max-image-preview":"max-image-preview:large","max-video-preview":"max-video-preview:-1"},"canonical":"https:\/\/dinn.ucsc.cl\/index.php\/incubacion\/","og_locale":"es_ES","og_type":"article","og_title":"Incubaci\u00f3n -","og_description":"\u00bfPor qu\u00e9 ser parte de la UAINN? La Unidad de Apoyo a la Innovaci\u00f3n entrega las herramientas necesarias para la formaci\u00f3n de nuevas capacidades emprendedoras para que t\u00fa y tu equipo logren desarrollar a cabalidad su emprendimiento con componentes innovadores. Recibir\u00e1s asesor\u00edas especializadas, seguimiento t\u00e9cnico durante todo tu proceso, desde la idea hasta la consolidaci\u00f3n [&hellip;]","og_url":"https:\/\/dinn.ucsc.cl\/index.php\/incubacion\/","article_publisher":"https:\/\/m.facebook.com\/DINNUCSC","article_modified_time":"2020-11-02T16:12:06+00:00","og_image":[{"url":"https:\/\/sitios.ucsc.cl\/investigacion\/wp-content\/uploads\/sites\/14\/2020\/10\/propuestavalor@2x-1024x828.png"}],"twitter_card":"summary","twitter_site":"@dinn_ucsc","twitter_misc":{"Tiempo de lectura":"1 minuto"},"schema":{"@context":"https:\/\/schema.org","@graph":[{"@type":"WebSite","@id":"https:\/\/dinn.ucsc.cl\/#website","url":"https:\/\/dinn.ucsc.cl\/","name":"Direcci\u00f3n de Innovaci\u00f3n UCSC","description":"Direcci\u00f3n de Innovaci\u00f3n","potentialAction":[{"@type":"SearchAction","target":{"@type":"EntryPoint","urlTemplate":"https:\/\/dinn.ucsc.cl\/?s={search_term_string}"},"query-input":"required name=search_term_string"}],"inLanguage":"es"},{"@type":"ImageObject","inLanguage":"es","@id":"https:\/\/dinn.ucsc.cl\/index.php\/incubacion\/#primaryimage","url":"https:\/\/sitios.ucsc.cl\/investigacion\/wp-content\/uploads\/sites\/14\/2020\/10\/propuestavalor@2x-1024x828.png","contentUrl":"https:\/\/sitios.ucsc.cl\/investigacion\/wp-content\/uploads\/sites\/14\/2020\/10\/propuestavalor@2x-1024x828.png"},{"@type":"WebPage","@id":"https:\/\/dinn.ucsc.cl\/index.php\/incubacion\/#webpage","url":"https:\/\/dinn.ucsc.cl\/index.php\/incubacion\/","name":"Incubaci\u00f3n -","isPartOf":{"@id":"https:\/\/dinn.ucsc.cl\/#website"},"primaryImageOfPage":{"@id":"https:\/\/dinn.ucsc.cl\/index.php\/incubacion\/#primaryimage"},"datePublished":"2019-06-21T19:58:10+00:00","dateModified":"2020-11-02T16:12:06+00:00","breadcrumb":{"@id":"https:\/\/dinn.ucsc.cl\/index.php\/incubacion\/#breadcrumb"},"inLanguage":"es","potentialAction":[{"@type":"ReadAction","target":["https:\/\/dinn.ucsc.cl\/index.php\/incubacion\/"]}]},{"@type":"BreadcrumbList","@id":"https:\/\/dinn.ucsc.cl\/index.php\/incubacion\/#breadcrumb","itemListElement":[{"@type":"ListItem","position":1,"name":"Inicio","item":"https:\/\/dinn.ucsc.cl\/"},{"@type":"ListItem","position":2,"name":"Incubaci\u00f3n"}]}]}},"_links":{"self":[{"href":"https:\/\/dinn.ucsc.cl\/index.php\/wp-json\/wp\/v2\/pages\/658"}],"collection":[{"href":"https:\/\/dinn.ucsc.cl\/index.php\/wp-json\/wp\/v2\/pages"}],"about":[{"href":"https:\/\/dinn.ucsc.cl\/index.php\/wp-json\/wp\/v2\/types\/page"}],"author":[{"embeddable":true,"href":"https:\/\/dinn.ucsc.cl\/index.php\/wp-json\/wp\/v2\/users\/84"}],"replies":[{"embeddable":true,"href":"https:\/\/dinn.ucsc.cl\/index.php\/wp-json\/wp\/v2\/comments?post=658"}],"version-history":[{"count":15,"href":"https:\/\/dinn.ucsc.cl\/index.php\/wp-json\/wp\/v2\/pages\/658\/revisions"}],"predecessor-version":[{"id":2569,"href":"https:\/\/dinn.ucsc.cl\/index.php\/wp-json\/wp\/v2\/pages\/658\/revisions\/2569"}],"wp:attachment":[{"href":"https:\/\/dinn.ucsc.cl\/index.php\/wp-json\/wp\/v2\/media?parent=658"}],"curies":[{"name":"wp","href":"https:\/\/api.w.org\/{rel}","templated":true}]}}