{"id":673,"date":"2019-06-21T16:08:10","date_gmt":"2019-06-21T20:08:10","guid":{"rendered":"http:\/\/sitios.ucsc.cl\/investigacion\/?page_id=673"},"modified":"2023-01-10T17:41:55","modified_gmt":"2023-01-10T20:41:55","slug":"portafolio-de-proyectos","status":"publish","type":"page","link":"https:\/\/dinn.ucsc.cl\/index.php\/portafolio-de-proyectos\/","title":{"rendered":"Proyectos Patrocinados"},"content":{"rendered":"<p><strong>Algunos de nuestros \u00faltimos proyectos patrocinados son:<\/strong><\/p>\n<blockquote><p>Healthy and Happy Building (HHB) &#8211; Semilla Corfo<\/p><\/blockquote>\n<blockquote><p>Safeson &#8211; Semilla Corfo<\/p><\/blockquote>\n<blockquote><p>Robot Integral Educativo RIE &#8211; PRAE<\/p><\/blockquote>\n<blockquote><p>Inteligencia Artificial Aplicada para la Seguridad del Hogar\u00a0 &#8211; PRAE Biob\u00edo<\/p><\/blockquote>\n<blockquote><p>APPKIT Robotic &#8211; PRAE Biob\u00edo<\/p><\/blockquote>\n<blockquote><p>Madres<\/p><\/blockquote>\n<blockquote><p>Kuyfi<\/p><\/blockquote>\n<blockquote><p>EnSe\u00f1as<\/p><\/blockquote>\n<blockquote><p>Salv\u00e9 el mundo hoy<\/p><\/blockquote>\n<blockquote><p>Sommelier<\/p><\/blockquote>\n<blockquote><p>Amigos Penquistas<\/p><\/blockquote>\n<blockquote><p>Casa en llamas<\/p><\/blockquote>\n<blockquote><p>Arauco leyenda viva<\/p><\/blockquote>\n<blockquote><p>Descubre tu patrimonio<\/p><\/blockquote>\n<blockquote><p>Clicksports<\/p><\/blockquote>\n<blockquote><p>Pedal Sur<\/p><\/blockquote>\n<blockquote><p>Ruta Pewenche Alto Biob\u00edo<\/p><\/blockquote>\n<blockquote><p>R\u00fcp\u00fctun Mawida<\/p><\/blockquote>\n<blockquote><p>Activa Andes Biob\u00edo<\/p><\/blockquote>\n<blockquote><p>Lawen Traw\u00fcn<\/p><\/blockquote>\n<blockquote><p>Wampotun<\/p><\/blockquote>\n<blockquote><p>Wenu Mapu Aventura<\/p><\/blockquote>\n<blockquote><p>Implementaci\u00f3n Traves\u00eda Cordillera de Polcura<\/p><\/blockquote>\n<blockquote><p>Kundalini, turismo multisensorial<\/p><\/blockquote>\n<blockquote><p>Ecotours Litoral Biob\u00edo<\/p><\/blockquote>\n","protected":false},"excerpt":{"rendered":"<p>Algunos de nuestros \u00faltimos proyectos patrocinados son: Healthy and Happy Building (HHB) &#8211; Semilla Corfo Safeson &#8211; Semilla Corfo Robot Integral Educativo RIE &#8211; PRAE Inteligencia Artificial Aplicada para la Seguridad del Hogar\u00a0 &#8211; PRAE Biob\u00edo APPKIT Robotic &#8211; PRAE Biob\u00edo Madres Kuyfi EnSe\u00f1as Salv\u00e9 el mundo hoy Sommelier Amigos Penquistas Casa en llamas Arauco [&hellip;]<\/p>\n","protected":false},"author":84,"featured_media":0,"parent":0,"menu_order":0,"comment_status":"closed","ping_status":"closed","template":"","meta":[],"yoast_head":"<!-- This site is optimized with the Yoast SEO plugin v18.9 - https:\/\/yoast.com\/wordpress\/plugins\/seo\/ -->\n<title>Proyectos Patrocinados -<\/title>\n<meta name=\"robots\" content=\"index, follow, max-snippet:-1, max-image-preview:large, max-video-preview:-1\" \/>\n<link rel=\"canonical\" href=\"https:\/\/dinn.ucsc.cl\/index.php\/portafolio-de-proyectos\/\" \/>\n<meta property=\"og:locale\" content=\"es_ES\" \/>\n<meta property=\"og:type\" content=\"article\" \/>\n<meta property=\"og:title\" content=\"Proyectos Patrocinados -\" \/>\n<meta property=\"og:description\" content=\"Algunos de nuestros \u00faltimos proyectos patrocinados son: Healthy and Happy Building (HHB) &#8211; Semilla Corfo Safeson &#8211; Semilla Corfo Robot Integral Educativo RIE &#8211; PRAE Inteligencia Artificial Aplicada para la Seguridad del Hogar\u00a0 &#8211; PRAE Biob\u00edo APPKIT Robotic &#8211; PRAE Biob\u00edo Madres Kuyfi EnSe\u00f1as Salv\u00e9 el mundo hoy Sommelier Amigos Penquistas Casa en llamas Arauco [&hellip;]\" \/>\n<meta property=\"og:url\" content=\"https:\/\/dinn.ucsc.cl\/index.php\/portafolio-de-proyectos\/\" \/>\n<meta property=\"article:publisher\" content=\"https:\/\/m.facebook.com\/DINNUCSC\" \/>\n<meta property=\"article:modified_time\" content=\"2023-01-10T20:41:55+00:00\" \/>\n<meta name=\"twitter:card\" content=\"summary\" \/>\n<meta name=\"twitter:site\" content=\"@dinn_ucsc\" \/>\n<meta name=\"twitter:label1\" content=\"Tiempo de lectura\" \/>\n\t<meta name=\"twitter:data1\" content=\"1 minuto\" \/>\n<script type=\"application\/ld+json\" class=\"yoast-schema-graph\">{\"@context\":\"https:\/\/schema.org\",\"@graph\":[{\"@type\":\"WebSite\",\"@id\":\"https:\/\/dinn.ucsc.cl\/#website\",\"url\":\"https:\/\/dinn.ucsc.cl\/\",\"name\":\"Direcci\u00f3n de Innovaci\u00f3n UCSC\",\"description\":\"Direcci\u00f3n de Innovaci\u00f3n\",\"potentialAction\":[{\"@type\":\"SearchAction\",\"target\":{\"@type\":\"EntryPoint\",\"urlTemplate\":\"https:\/\/dinn.ucsc.cl\/?s={search_term_string}\"},\"query-input\":\"required name=search_term_string\"}],\"inLanguage\":\"es\"},{\"@type\":\"WebPage\",\"@id\":\"https:\/\/dinn.ucsc.cl\/index.php\/portafolio-de-proyectos\/#webpage\",\"url\":\"https:\/\/dinn.ucsc.cl\/index.php\/portafolio-de-proyectos\/\",\"name\":\"Proyectos Patrocinados -\",\"isPartOf\":{\"@id\":\"https:\/\/dinn.ucsc.cl\/#website\"},\"datePublished\":\"2019-06-21T20:08:10+00:00\",\"dateModified\":\"2023-01-10T20:41:55+00:00\",\"breadcrumb\":{\"@id\":\"https:\/\/dinn.ucsc.cl\/index.php\/portafolio-de-proyectos\/#breadcrumb\"},\"inLanguage\":\"es\",\"potentialAction\":[{\"@type\":\"ReadAction\",\"target\":[\"https:\/\/dinn.ucsc.cl\/index.php\/portafolio-de-proyectos\/\"]}]},{\"@type\":\"BreadcrumbList\",\"@id\":\"https:\/\/dinn.ucsc.cl\/index.php\/portafolio-de-proyectos\/#breadcrumb\",\"itemListElement\":[{\"@type\":\"ListItem\",\"position\":1,\"name\":\"Inicio\",\"item\":\"https:\/\/dinn.ucsc.cl\/\"},{\"@type\":\"ListItem\",\"position\":2,\"name\":\"Proyectos Patrocinados\"}]}]}<\/script>\n<!-- \/ Yoast SEO plugin. -->","yoast_head_json":{"title":"Proyectos Patrocinados -","robots":{"index":"index","follow":"follow","max-snippet":"max-snippet:-1","max-image-preview":"max-image-preview:large","max-video-preview":"max-video-preview:-1"},"canonical":"https:\/\/dinn.ucsc.cl\/index.php\/portafolio-de-proyectos\/","og_locale":"es_ES","og_type":"article","og_title":"Proyectos Patrocinados -","og_description":"Algunos de nuestros \u00faltimos proyectos patrocinados son: Healthy and Happy Building (HHB) &#8211; Semilla Corfo Safeson &#8211; Semilla Corfo Robot Integral Educativo RIE &#8211; PRAE Inteligencia Artificial Aplicada para la Seguridad del Hogar\u00a0 &#8211; PRAE Biob\u00edo APPKIT Robotic &#8211; PRAE Biob\u00edo Madres Kuyfi EnSe\u00f1as Salv\u00e9 el mundo hoy Sommelier Amigos Penquistas Casa en llamas Arauco [&hellip;]","og_url":"https:\/\/dinn.ucsc.cl\/index.php\/portafolio-de-proyectos\/","article_publisher":"https:\/\/m.facebook.com\/DINNUCSC","article_modified_time":"2023-01-10T20:41:55+00:00","twitter_card":"summary","twitter_site":"@dinn_ucsc","twitter_misc":{"Tiempo de lectura":"1 minuto"},"schema":{"@context":"https:\/\/schema.org","@graph":[{"@type":"WebSite","@id":"https:\/\/dinn.ucsc.cl\/#website","url":"https:\/\/dinn.ucsc.cl\/","name":"Direcci\u00f3n de Innovaci\u00f3n UCSC","description":"Direcci\u00f3n de Innovaci\u00f3n","potentialAction":[{"@type":"SearchAction","target":{"@type":"EntryPoint","urlTemplate":"https:\/\/dinn.ucsc.cl\/?s={search_term_string}"},"query-input":"required name=search_term_string"}],"inLanguage":"es"},{"@type":"WebPage","@id":"https:\/\/dinn.ucsc.cl\/index.php\/portafolio-de-proyectos\/#webpage","url":"https:\/\/dinn.ucsc.cl\/index.php\/portafolio-de-proyectos\/","name":"Proyectos Patrocinados -","isPartOf":{"@id":"https:\/\/dinn.ucsc.cl\/#website"},"datePublished":"2019-06-21T20:08:10+00:00","dateModified":"2023-01-10T20:41:55+00:00","breadcrumb":{"@id":"https:\/\/dinn.ucsc.cl\/index.php\/portafolio-de-proyectos\/#breadcrumb"},"inLanguage":"es","potentialAction":[{"@type":"ReadAction","target":["https:\/\/dinn.ucsc.cl\/index.php\/portafolio-de-proyectos\/"]}]},{"@type":"BreadcrumbList","@id":"https:\/\/dinn.ucsc.cl\/index.php\/portafolio-de-proyectos\/#breadcrumb","itemListElement":[{"@type":"ListItem","position":1,"name":"Inicio","item":"https:\/\/dinn.ucsc.cl\/"},{"@type":"ListItem","position":2,"name":"Proyectos Patrocinados"}]}]}},"_links":{"self":[{"href":"https:\/\/dinn.ucsc.cl\/index.php\/wp-json\/wp\/v2\/pages\/673"}],"collection":[{"href":"https:\/\/dinn.ucsc.cl\/index.php\/wp-json\/wp\/v2\/pages"}],"about":[{"href":"https:\/\/dinn.ucsc.cl\/index.php\/wp-json\/wp\/v2\/types\/page"}],"author":[{"embeddable":true,"href":"https:\/\/dinn.ucsc.cl\/index.php\/wp-json\/wp\/v2\/users\/84"}],"replies":[{"embeddable":true,"href":"https:\/\/dinn.ucsc.cl\/index.php\/wp-json\/wp\/v2\/comments?post=673"}],"version-history":[{"count":24,"href":"https:\/\/dinn.ucsc.cl\/index.php\/wp-json\/wp\/v2\/pages\/673\/revisions"}],"predecessor-version":[{"id":3810,"href":"https:\/\/dinn.ucsc.cl\/index.php\/wp-json\/wp\/v2\/pages\/673\/revisions\/3810"}],"wp:attachment":[{"href":"https:\/\/dinn.ucsc.cl\/index.php\/wp-json\/wp\/v2\/media?parent=673"}],"curies":[{"name":"wp","href":"https:\/\/api.w.org\/{rel}","templated":true}]}}