{"id":682,"date":"2019-06-24T14:36:16","date_gmt":"2019-06-24T18:36:16","guid":{"rendered":"http:\/\/sitios.ucsc.cl\/investigacion\/?page_id=682"},"modified":"2024-04-25T09:48:36","modified_gmt":"2024-04-25T13:48:36","slug":"quienes-somos","status":"publish","type":"page","link":"https:\/\/dinn.ucsc.cl\/index.php\/quienes-somos\/","title":{"rendered":"Qui\u00e9nes somos"},"content":{"rendered":"<header class=\"page-header\"><img loading=\"lazy\" class=\"wp-image-2374 aligncenter\" src=\"https:\/\/dinn.ucsc.cl\/wp-content\/uploads\/sites\/14\/2020\/10\/banner@2x-1024x171.png\" alt=\"\" width=\"868\" height=\"145\" srcset=\"https:\/\/dinn.ucsc.cl\/wp-content\/uploads\/sites\/14\/2020\/10\/banner@2x-1024x171.png 1024w, https:\/\/dinn.ucsc.cl\/wp-content\/uploads\/sites\/14\/2020\/10\/banner@2x-300x50.png 300w, https:\/\/dinn.ucsc.cl\/wp-content\/uploads\/sites\/14\/2020\/10\/banner@2x-768x128.png 768w, https:\/\/dinn.ucsc.cl\/wp-content\/uploads\/sites\/14\/2020\/10\/banner@2x-200x33.png 200w\" sizes=\"(max-width: 868px) 100vw, 868px\" \/><\/header>\n<header><\/header>\n<header class=\"page-header\">La Direcci\u00f3n de Innovaci\u00f3n (DINN) se crea en 2018 como parte de la Vicerrector\u00eda de Investigaci\u00f3n y Postgrado, con el objetivo de promover la cultura de innovaci\u00f3n a trav\u00e9s del fortalecimiento de las capacidades para el desarrollo de la I+D+i+e y la transferencia tecnol\u00f3gica en la UCSC en la Comunidad Universitaria.Adem\u00e1s, trabaja en la articulaci\u00f3n de las capacidades y servicios que la Universidad Cat\u00f3lica de la \u00a0Sant\u00edsima Concepci\u00f3n posee, para entregar respuestas a problem\u00e1ticas y desaf\u00edos de la sociedad, a trav\u00e9s de la \u00a0investigaci\u00f3n y desarrollo, la innovaci\u00f3n, el emprendimiento y la transferencia tecnol\u00f3gica (I+D+i+e y TT).<\/header>\n<table style=\"height: 44px;width: 789px\" width=\"866\">\n<tbody>\n<tr>\n<td style=\"width: 105.84375px\">\n<h3><img loading=\"lazy\" class=\"wp-image-2281 aligncenter\" src=\"https:\/\/dinn.ucsc.cl\/wp-content\/uploads\/sites\/14\/2020\/10\/Recurso-3@2x.png\" alt=\"\" width=\"85\" height=\"78\" \/><\/h3>\n<\/td>\n<td style=\"width: 682.171875px\">\n<h3>Objetivos Estrat\u00e9gicos:<\/h3>\n<\/td>\n<\/tr>\n<\/tbody>\n<\/table>\n<div><\/div>\n<div>\n<table style=\"height: 15px\" width=\"789\">\n<tbody>\n<tr>\n<td style=\"width: 788px\">\n<div>\n<div>\n<div>\n<ul>\n<li>Promover la cultura de innovaci\u00f3n a trav\u00e9s del fortalecimiento de las capacidades para el desarrollo de la I+D+i+e y la transferencia tecnol\u00f3gica en la UCSC<\/li>\n<li><span style=\"font-family: inherit;font-size: inherit;background-color: transparent\">Fortalecer la vinculaci\u00f3n de la I+D+i+e y la transferencia tecnol\u00f3gica con el medio externo<\/span><\/li>\n<\/ul>\n<\/div>\n<\/div>\n<\/div>\n<\/td>\n<\/tr>\n<\/tbody>\n<\/table>\n<\/div>\n<p>&nbsp;<\/p>\n<p>&nbsp;<\/p>\n<div>\n<h1 style=\"text-align: center\">ORGANIGRAMA DIRECCI\u00d3N DE INNOVACI\u00d3N<\/h1>\n<p>&nbsp;<\/p>\n<\/div>\n<p>&nbsp;<\/p>\n<p><img loading=\"lazy\" class=\"aligncenter size-full wp-image-5803\" src=\"https:\/\/dinn.ucsc.cl\/wp-content\/uploads\/sites\/14\/2024\/04\/Imagen1.png\" alt=\"\" width=\"877\" height=\"535\" srcset=\"https:\/\/dinn.ucsc.cl\/wp-content\/uploads\/sites\/14\/2024\/04\/Imagen1.png 877w, https:\/\/dinn.ucsc.cl\/wp-content\/uploads\/sites\/14\/2024\/04\/Imagen1-300x183.png 300w, https:\/\/dinn.ucsc.cl\/wp-content\/uploads\/sites\/14\/2024\/04\/Imagen1-768x469.png 768w, https:\/\/dinn.ucsc.cl\/wp-content\/uploads\/sites\/14\/2024\/04\/Imagen1-200x122.png 200w\" sizes=\"(max-width: 877px) 100vw, 877px\" \/><\/p>\n<p>&nbsp;<\/p>\n<p>&nbsp;<\/p>\n<div>\n<div class=\"page-content\"><\/div>\n<\/div>\n","protected":false},"excerpt":{"rendered":"<p>La Direcci\u00f3n de Innovaci\u00f3n (DINN) se crea en 2018 como parte de la Vicerrector\u00eda de Investigaci\u00f3n y Postgrado, con el objetivo de promover la cultura de innovaci\u00f3n a trav\u00e9s del fortalecimiento de las capacidades para el desarrollo de la I+D+i+e y la transferencia tecnol\u00f3gica en la UCSC en la Comunidad Universitaria.Adem\u00e1s, trabaja en la articulaci\u00f3n [&hellip;]<\/p>\n","protected":false},"author":84,"featured_media":0,"parent":0,"menu_order":0,"comment_status":"closed","ping_status":"closed","template":"template-indice-con-imagenes.php","meta":[],"yoast_head":"<!-- This site is optimized with the Yoast SEO plugin v18.9 - https:\/\/yoast.com\/wordpress\/plugins\/seo\/ -->\n<title>Qui\u00e9nes somos -<\/title>\n<meta name=\"robots\" content=\"index, follow, max-snippet:-1, max-image-preview:large, max-video-preview:-1\" \/>\n<link rel=\"canonical\" href=\"https:\/\/dinn.ucsc.cl\/index.php\/quienes-somos\/\" \/>\n<meta property=\"og:locale\" content=\"es_ES\" \/>\n<meta property=\"og:type\" content=\"article\" \/>\n<meta property=\"og:title\" content=\"Qui\u00e9nes somos -\" \/>\n<meta property=\"og:description\" content=\"La Direcci\u00f3n de Innovaci\u00f3n (DINN) se crea en 2018 como parte de la Vicerrector\u00eda de Investigaci\u00f3n y Postgrado, con el objetivo de promover la cultura de innovaci\u00f3n a trav\u00e9s del fortalecimiento de las capacidades para el desarrollo de la I+D+i+e y la transferencia tecnol\u00f3gica en la UCSC en la Comunidad Universitaria.Adem\u00e1s, trabaja en la articulaci\u00f3n [&hellip;]\" \/>\n<meta property=\"og:url\" content=\"https:\/\/dinn.ucsc.cl\/index.php\/quienes-somos\/\" \/>\n<meta property=\"article:publisher\" content=\"https:\/\/m.facebook.com\/DINNUCSC\" \/>\n<meta property=\"article:modified_time\" content=\"2024-04-25T13:48:36+00:00\" \/>\n<meta property=\"og:image\" content=\"https:\/\/sitios.ucsc.cl\/investigacion\/wp-content\/uploads\/sites\/14\/2020\/10\/banner@2x-1024x171.png\" \/>\n<meta name=\"twitter:card\" content=\"summary\" \/>\n<meta name=\"twitter:site\" content=\"@dinn_ucsc\" \/>\n<meta name=\"twitter:label1\" content=\"Tiempo de lectura\" \/>\n\t<meta name=\"twitter:data1\" content=\"1 minuto\" \/>\n<script type=\"application\/ld+json\" class=\"yoast-schema-graph\">{\"@context\":\"https:\/\/schema.org\",\"@graph\":[{\"@type\":\"WebSite\",\"@id\":\"https:\/\/dinn.ucsc.cl\/#website\",\"url\":\"https:\/\/dinn.ucsc.cl\/\",\"name\":\"Direcci\u00f3n de Innovaci\u00f3n UCSC\",\"description\":\"Direcci\u00f3n de Innovaci\u00f3n\",\"potentialAction\":[{\"@type\":\"SearchAction\",\"target\":{\"@type\":\"EntryPoint\",\"urlTemplate\":\"https:\/\/dinn.ucsc.cl\/?s={search_term_string}\"},\"query-input\":\"required name=search_term_string\"}],\"inLanguage\":\"es\"},{\"@type\":\"ImageObject\",\"inLanguage\":\"es\",\"@id\":\"https:\/\/dinn.ucsc.cl\/index.php\/quienes-somos\/#primaryimage\",\"url\":\"https:\/\/sitios.ucsc.cl\/investigacion\/wp-content\/uploads\/sites\/14\/2020\/10\/banner@2x-1024x171.png\",\"contentUrl\":\"https:\/\/sitios.ucsc.cl\/investigacion\/wp-content\/uploads\/sites\/14\/2020\/10\/banner@2x-1024x171.png\"},{\"@type\":\"WebPage\",\"@id\":\"https:\/\/dinn.ucsc.cl\/index.php\/quienes-somos\/#webpage\",\"url\":\"https:\/\/dinn.ucsc.cl\/index.php\/quienes-somos\/\",\"name\":\"Qui\u00e9nes somos -\",\"isPartOf\":{\"@id\":\"https:\/\/dinn.ucsc.cl\/#website\"},\"primaryImageOfPage\":{\"@id\":\"https:\/\/dinn.ucsc.cl\/index.php\/quienes-somos\/#primaryimage\"},\"datePublished\":\"2019-06-24T18:36:16+00:00\",\"dateModified\":\"2024-04-25T13:48:36+00:00\",\"breadcrumb\":{\"@id\":\"https:\/\/dinn.ucsc.cl\/index.php\/quienes-somos\/#breadcrumb\"},\"inLanguage\":\"es\",\"potentialAction\":[{\"@type\":\"ReadAction\",\"target\":[\"https:\/\/dinn.ucsc.cl\/index.php\/quienes-somos\/\"]}]},{\"@type\":\"BreadcrumbList\",\"@id\":\"https:\/\/dinn.ucsc.cl\/index.php\/quienes-somos\/#breadcrumb\",\"itemListElement\":[{\"@type\":\"ListItem\",\"position\":1,\"name\":\"Inicio\",\"item\":\"https:\/\/dinn.ucsc.cl\/\"},{\"@type\":\"ListItem\",\"position\":2,\"name\":\"Qui\u00e9nes somos\"}]}]}<\/script>\n<!-- \/ Yoast SEO plugin. -->","yoast_head_json":{"title":"Qui\u00e9nes somos -","robots":{"index":"index","follow":"follow","max-snippet":"max-snippet:-1","max-image-preview":"max-image-preview:large","max-video-preview":"max-video-preview:-1"},"canonical":"https:\/\/dinn.ucsc.cl\/index.php\/quienes-somos\/","og_locale":"es_ES","og_type":"article","og_title":"Qui\u00e9nes somos -","og_description":"La Direcci\u00f3n de Innovaci\u00f3n (DINN) se crea en 2018 como parte de la Vicerrector\u00eda de Investigaci\u00f3n y Postgrado, con el objetivo de promover la cultura de innovaci\u00f3n a trav\u00e9s del fortalecimiento de las capacidades para el desarrollo de la I+D+i+e y la transferencia tecnol\u00f3gica en la UCSC en la Comunidad Universitaria.Adem\u00e1s, trabaja en la articulaci\u00f3n [&hellip;]","og_url":"https:\/\/dinn.ucsc.cl\/index.php\/quienes-somos\/","article_publisher":"https:\/\/m.facebook.com\/DINNUCSC","article_modified_time":"2024-04-25T13:48:36+00:00","og_image":[{"url":"https:\/\/sitios.ucsc.cl\/investigacion\/wp-content\/uploads\/sites\/14\/2020\/10\/banner@2x-1024x171.png"}],"twitter_card":"summary","twitter_site":"@dinn_ucsc","twitter_misc":{"Tiempo de lectura":"1 minuto"},"schema":{"@context":"https:\/\/schema.org","@graph":[{"@type":"WebSite","@id":"https:\/\/dinn.ucsc.cl\/#website","url":"https:\/\/dinn.ucsc.cl\/","name":"Direcci\u00f3n de Innovaci\u00f3n UCSC","description":"Direcci\u00f3n de Innovaci\u00f3n","potentialAction":[{"@type":"SearchAction","target":{"@type":"EntryPoint","urlTemplate":"https:\/\/dinn.ucsc.cl\/?s={search_term_string}"},"query-input":"required name=search_term_string"}],"inLanguage":"es"},{"@type":"ImageObject","inLanguage":"es","@id":"https:\/\/dinn.ucsc.cl\/index.php\/quienes-somos\/#primaryimage","url":"https:\/\/sitios.ucsc.cl\/investigacion\/wp-content\/uploads\/sites\/14\/2020\/10\/banner@2x-1024x171.png","contentUrl":"https:\/\/sitios.ucsc.cl\/investigacion\/wp-content\/uploads\/sites\/14\/2020\/10\/banner@2x-1024x171.png"},{"@type":"WebPage","@id":"https:\/\/dinn.ucsc.cl\/index.php\/quienes-somos\/#webpage","url":"https:\/\/dinn.ucsc.cl\/index.php\/quienes-somos\/","name":"Qui\u00e9nes somos -","isPartOf":{"@id":"https:\/\/dinn.ucsc.cl\/#website"},"primaryImageOfPage":{"@id":"https:\/\/dinn.ucsc.cl\/index.php\/quienes-somos\/#primaryimage"},"datePublished":"2019-06-24T18:36:16+00:00","dateModified":"2024-04-25T13:48:36+00:00","breadcrumb":{"@id":"https:\/\/dinn.ucsc.cl\/index.php\/quienes-somos\/#breadcrumb"},"inLanguage":"es","potentialAction":[{"@type":"ReadAction","target":["https:\/\/dinn.ucsc.cl\/index.php\/quienes-somos\/"]}]},{"@type":"BreadcrumbList","@id":"https:\/\/dinn.ucsc.cl\/index.php\/quienes-somos\/#breadcrumb","itemListElement":[{"@type":"ListItem","position":1,"name":"Inicio","item":"https:\/\/dinn.ucsc.cl\/"},{"@type":"ListItem","position":2,"name":"Qui\u00e9nes somos"}]}]}},"_links":{"self":[{"href":"https:\/\/dinn.ucsc.cl\/index.php\/wp-json\/wp\/v2\/pages\/682"}],"collection":[{"href":"https:\/\/dinn.ucsc.cl\/index.php\/wp-json\/wp\/v2\/pages"}],"about":[{"href":"https:\/\/dinn.ucsc.cl\/index.php\/wp-json\/wp\/v2\/types\/page"}],"author":[{"embeddable":true,"href":"https:\/\/dinn.ucsc.cl\/index.php\/wp-json\/wp\/v2\/users\/84"}],"replies":[{"embeddable":true,"href":"https:\/\/dinn.ucsc.cl\/index.php\/wp-json\/wp\/v2\/comments?post=682"}],"version-history":[{"count":49,"href":"https:\/\/dinn.ucsc.cl\/index.php\/wp-json\/wp\/v2\/pages\/682\/revisions"}],"predecessor-version":[{"id":5804,"href":"https:\/\/dinn.ucsc.cl\/index.php\/wp-json\/wp\/v2\/pages\/682\/revisions\/5804"}],"wp:attachment":[{"href":"https:\/\/dinn.ucsc.cl\/index.php\/wp-json\/wp\/v2\/media?parent=682"}],"curies":[{"name":"wp","href":"https:\/\/api.w.org\/{rel}","templated":true}]}}