{"id":684,"date":"2019-06-24T14:36:35","date_gmt":"2019-06-24T18:36:35","guid":{"rendered":"http:\/\/sitios.ucsc.cl\/investigacion\/?page_id=684"},"modified":"2023-02-27T16:54:33","modified_gmt":"2023-02-27T19:54:33","slug":"mision-y-vision","status":"publish","type":"page","link":"https:\/\/dinn.ucsc.cl\/index.php\/mision-y-vision\/","title":{"rendered":"Misi\u00f3n y Visi\u00f3n"},"content":{"rendered":"<table style=\"width: 884px\">\n<tbody>\n<tr>\n<td style=\"width: 81px\"><img loading=\"lazy\" class=\" wp-image-2290 aligncenter\" src=\"https:\/\/dinn.ucsc.cl\/wp-content\/uploads\/sites\/14\/2020\/10\/Recurso-1@2x.png\" alt=\"\" width=\"48\" height=\"48\" srcset=\"https:\/\/dinn.ucsc.cl\/wp-content\/uploads\/sites\/14\/2020\/10\/Recurso-1@2x.png 160w, https:\/\/dinn.ucsc.cl\/wp-content\/uploads\/sites\/14\/2020\/10\/Recurso-1@2x-150x150.png 150w\" sizes=\"(max-width: 48px) 100vw, 48px\" \/><\/td>\n<td style=\"width: 802px\"><span style=\"font-weight: 400\">Somos una direcci\u00f3n dependiente de la Vicerrector\u00eda de Investigaci\u00f3n y Postgrado encargada de contribuir al desarrollo de la investigaci\u00f3n aplicada, la innovaci\u00f3n, el emprendimiento innovador y la transferencia tecnol\u00f3gica en la Comunidad Universitaria, dando respuesta a los desaf\u00edos del entorno.\u00a0<\/span><\/td>\n<\/tr>\n<tr>\n<td style=\"width: 81px\"><img loading=\"lazy\" class=\" wp-image-2291 aligncenter\" src=\"https:\/\/dinn.ucsc.cl\/wp-content\/uploads\/sites\/14\/2020\/10\/Recurso-2@2x.png\" alt=\"\" width=\"52\" height=\"42\" \/><\/td>\n<td style=\"width: 802px\">Ser un referente en gesti\u00f3n de la innovaci\u00f3n y transferencia tecnol\u00f3gica, a nivel nacional con proyecci\u00f3n internacional.<\/td>\n<\/tr>\n<\/tbody>\n<\/table>\n<p>&nbsp;<\/p>\n<p>Para cumplir con sus objetivos y funciones la Direcci\u00f3n de Innovaci\u00f3n cuenta con dos unidades:<\/p>\n<ul>\n<li><strong>Unidad de Apoyo a la Innovaci\u00f3n (UAINN):<\/strong> Tiene como objetivo facilitar la interacci\u00f3n entre docencia, investigaci\u00f3n, innovaci\u00f3n y emprendimiento, con el fin de fomentar la cultura innovadora dentro de la Universidad. Entregar herramientas a la comunidad universitaria que permitan impulsar iniciativas creativas e innovadoras. Adem\u00e1s de promover la participaci\u00f3n en proyectos, tanto internos como externos, de investigaci\u00f3n y desarrollo, e innovaci\u00f3n, esto en coordinaci\u00f3n con la Unidad de Proyectos.<\/li>\n<li><strong>Oficina de Transferencia Tecnol\u00f3gica (OTT): <\/strong> Su funci\u00f3n es la gesti\u00f3n de la propiedad intelectual generada por la Universidad, para facilitar y promover la transferencia tecnol\u00f3gica y de conocimiento a la sociedad. Esto implica: identificar, proteger y transferir la propiedad intelectual; velar por el cumplimiento de los derechos y obligaciones tanto de la Instituci\u00f3n como de sus miembros; preservar la libertad de la Universidad para realizar investigaci\u00f3n, usando la propiedad intelectual creada; fomentar las relaciones de colaboraci\u00f3n con empresas, entidades p\u00fablicas y otras entidades de investigaci\u00f3n.<\/li>\n<\/ul>\n<p>&nbsp;<\/p>\n<p>Adem\u00e1s, la Direcci\u00f3n de Innovaci\u00f3n con el apoyo de la <strong> Unidad de Proyectos de la Vicerrector\u00eda de Investigaci\u00f3n y Postgrado (UP)<\/strong>, promueve en los acad\u00e9micos y estudiantes la postulaci\u00f3n, seguimiento y formalizaci\u00f3n de proyectos a fondos concursables externos de I+D+i.<\/p>\n","protected":false},"excerpt":{"rendered":"<p>Somos una direcci\u00f3n dependiente de la Vicerrector\u00eda de Investigaci\u00f3n y Postgrado encargada de contribuir al desarrollo de la investigaci\u00f3n aplicada, la innovaci\u00f3n, el emprendimiento innovador y la transferencia tecnol\u00f3gica en la Comunidad Universitaria, dando respuesta a los desaf\u00edos del entorno.\u00a0 Ser un referente en gesti\u00f3n de la innovaci\u00f3n y transferencia tecnol\u00f3gica, a nivel nacional con [&hellip;]<\/p>\n","protected":false},"author":84,"featured_media":0,"parent":0,"menu_order":0,"comment_status":"closed","ping_status":"closed","template":"","meta":[],"yoast_head":"<!-- This site is optimized with the Yoast SEO plugin v18.9 - https:\/\/yoast.com\/wordpress\/plugins\/seo\/ -->\n<title>Misi\u00f3n y Visi\u00f3n -<\/title>\n<meta name=\"robots\" content=\"index, follow, max-snippet:-1, max-image-preview:large, max-video-preview:-1\" \/>\n<link rel=\"canonical\" href=\"https:\/\/dinn.ucsc.cl\/index.php\/mision-y-vision\/\" \/>\n<meta property=\"og:locale\" content=\"es_ES\" \/>\n<meta property=\"og:type\" content=\"article\" \/>\n<meta property=\"og:title\" content=\"Misi\u00f3n y Visi\u00f3n -\" \/>\n<meta property=\"og:description\" content=\"Somos una direcci\u00f3n dependiente de la Vicerrector\u00eda de Investigaci\u00f3n y Postgrado encargada de contribuir al desarrollo de la investigaci\u00f3n aplicada, la innovaci\u00f3n, el emprendimiento innovador y la transferencia tecnol\u00f3gica en la Comunidad Universitaria, dando respuesta a los desaf\u00edos del entorno.\u00a0 Ser un referente en gesti\u00f3n de la innovaci\u00f3n y transferencia tecnol\u00f3gica, a nivel nacional con [&hellip;]\" \/>\n<meta property=\"og:url\" content=\"https:\/\/dinn.ucsc.cl\/index.php\/mision-y-vision\/\" \/>\n<meta property=\"article:publisher\" content=\"https:\/\/m.facebook.com\/DINNUCSC\" \/>\n<meta property=\"article:modified_time\" content=\"2023-02-27T19:54:33+00:00\" \/>\n<meta property=\"og:image\" content=\"https:\/\/sitios.ucsc.cl\/investigacion\/wp-content\/uploads\/sites\/14\/2020\/10\/Recurso-1@2x.png\" \/>\n<meta name=\"twitter:card\" content=\"summary\" \/>\n<meta name=\"twitter:site\" content=\"@dinn_ucsc\" \/>\n<meta name=\"twitter:label1\" content=\"Tiempo de lectura\" \/>\n\t<meta name=\"twitter:data1\" content=\"2 minutos\" \/>\n<script type=\"application\/ld+json\" class=\"yoast-schema-graph\">{\"@context\":\"https:\/\/schema.org\",\"@graph\":[{\"@type\":\"WebSite\",\"@id\":\"https:\/\/dinn.ucsc.cl\/#website\",\"url\":\"https:\/\/dinn.ucsc.cl\/\",\"name\":\"Direcci\u00f3n de Innovaci\u00f3n UCSC\",\"description\":\"Direcci\u00f3n de Innovaci\u00f3n\",\"potentialAction\":[{\"@type\":\"SearchAction\",\"target\":{\"@type\":\"EntryPoint\",\"urlTemplate\":\"https:\/\/dinn.ucsc.cl\/?s={search_term_string}\"},\"query-input\":\"required name=search_term_string\"}],\"inLanguage\":\"es\"},{\"@type\":\"ImageObject\",\"inLanguage\":\"es\",\"@id\":\"https:\/\/dinn.ucsc.cl\/index.php\/mision-y-vision\/#primaryimage\",\"url\":\"https:\/\/sitios.ucsc.cl\/investigacion\/wp-content\/uploads\/sites\/14\/2020\/10\/Recurso-1@2x.png\",\"contentUrl\":\"https:\/\/sitios.ucsc.cl\/investigacion\/wp-content\/uploads\/sites\/14\/2020\/10\/Recurso-1@2x.png\"},{\"@type\":\"WebPage\",\"@id\":\"https:\/\/dinn.ucsc.cl\/index.php\/mision-y-vision\/#webpage\",\"url\":\"https:\/\/dinn.ucsc.cl\/index.php\/mision-y-vision\/\",\"name\":\"Misi\u00f3n y Visi\u00f3n -\",\"isPartOf\":{\"@id\":\"https:\/\/dinn.ucsc.cl\/#website\"},\"primaryImageOfPage\":{\"@id\":\"https:\/\/dinn.ucsc.cl\/index.php\/mision-y-vision\/#primaryimage\"},\"datePublished\":\"2019-06-24T18:36:35+00:00\",\"dateModified\":\"2023-02-27T19:54:33+00:00\",\"breadcrumb\":{\"@id\":\"https:\/\/dinn.ucsc.cl\/index.php\/mision-y-vision\/#breadcrumb\"},\"inLanguage\":\"es\",\"potentialAction\":[{\"@type\":\"ReadAction\",\"target\":[\"https:\/\/dinn.ucsc.cl\/index.php\/mision-y-vision\/\"]}]},{\"@type\":\"BreadcrumbList\",\"@id\":\"https:\/\/dinn.ucsc.cl\/index.php\/mision-y-vision\/#breadcrumb\",\"itemListElement\":[{\"@type\":\"ListItem\",\"position\":1,\"name\":\"Inicio\",\"item\":\"https:\/\/dinn.ucsc.cl\/\"},{\"@type\":\"ListItem\",\"position\":2,\"name\":\"Misi\u00f3n y Visi\u00f3n\"}]}]}<\/script>\n<!-- \/ Yoast SEO plugin. -->","yoast_head_json":{"title":"Misi\u00f3n y Visi\u00f3n -","robots":{"index":"index","follow":"follow","max-snippet":"max-snippet:-1","max-image-preview":"max-image-preview:large","max-video-preview":"max-video-preview:-1"},"canonical":"https:\/\/dinn.ucsc.cl\/index.php\/mision-y-vision\/","og_locale":"es_ES","og_type":"article","og_title":"Misi\u00f3n y Visi\u00f3n -","og_description":"Somos una direcci\u00f3n dependiente de la Vicerrector\u00eda de Investigaci\u00f3n y Postgrado encargada de contribuir al desarrollo de la investigaci\u00f3n aplicada, la innovaci\u00f3n, el emprendimiento innovador y la transferencia tecnol\u00f3gica en la Comunidad Universitaria, dando respuesta a los desaf\u00edos del entorno.\u00a0 Ser un referente en gesti\u00f3n de la innovaci\u00f3n y transferencia tecnol\u00f3gica, a nivel nacional con [&hellip;]","og_url":"https:\/\/dinn.ucsc.cl\/index.php\/mision-y-vision\/","article_publisher":"https:\/\/m.facebook.com\/DINNUCSC","article_modified_time":"2023-02-27T19:54:33+00:00","og_image":[{"url":"https:\/\/sitios.ucsc.cl\/investigacion\/wp-content\/uploads\/sites\/14\/2020\/10\/Recurso-1@2x.png"}],"twitter_card":"summary","twitter_site":"@dinn_ucsc","twitter_misc":{"Tiempo de lectura":"2 minutos"},"schema":{"@context":"https:\/\/schema.org","@graph":[{"@type":"WebSite","@id":"https:\/\/dinn.ucsc.cl\/#website","url":"https:\/\/dinn.ucsc.cl\/","name":"Direcci\u00f3n de Innovaci\u00f3n UCSC","description":"Direcci\u00f3n de Innovaci\u00f3n","potentialAction":[{"@type":"SearchAction","target":{"@type":"EntryPoint","urlTemplate":"https:\/\/dinn.ucsc.cl\/?s={search_term_string}"},"query-input":"required name=search_term_string"}],"inLanguage":"es"},{"@type":"ImageObject","inLanguage":"es","@id":"https:\/\/dinn.ucsc.cl\/index.php\/mision-y-vision\/#primaryimage","url":"https:\/\/sitios.ucsc.cl\/investigacion\/wp-content\/uploads\/sites\/14\/2020\/10\/Recurso-1@2x.png","contentUrl":"https:\/\/sitios.ucsc.cl\/investigacion\/wp-content\/uploads\/sites\/14\/2020\/10\/Recurso-1@2x.png"},{"@type":"WebPage","@id":"https:\/\/dinn.ucsc.cl\/index.php\/mision-y-vision\/#webpage","url":"https:\/\/dinn.ucsc.cl\/index.php\/mision-y-vision\/","name":"Misi\u00f3n y Visi\u00f3n -","isPartOf":{"@id":"https:\/\/dinn.ucsc.cl\/#website"},"primaryImageOfPage":{"@id":"https:\/\/dinn.ucsc.cl\/index.php\/mision-y-vision\/#primaryimage"},"datePublished":"2019-06-24T18:36:35+00:00","dateModified":"2023-02-27T19:54:33+00:00","breadcrumb":{"@id":"https:\/\/dinn.ucsc.cl\/index.php\/mision-y-vision\/#breadcrumb"},"inLanguage":"es","potentialAction":[{"@type":"ReadAction","target":["https:\/\/dinn.ucsc.cl\/index.php\/mision-y-vision\/"]}]},{"@type":"BreadcrumbList","@id":"https:\/\/dinn.ucsc.cl\/index.php\/mision-y-vision\/#breadcrumb","itemListElement":[{"@type":"ListItem","position":1,"name":"Inicio","item":"https:\/\/dinn.ucsc.cl\/"},{"@type":"ListItem","position":2,"name":"Misi\u00f3n y Visi\u00f3n"}]}]}},"_links":{"self":[{"href":"https:\/\/dinn.ucsc.cl\/index.php\/wp-json\/wp\/v2\/pages\/684"}],"collection":[{"href":"https:\/\/dinn.ucsc.cl\/index.php\/wp-json\/wp\/v2\/pages"}],"about":[{"href":"https:\/\/dinn.ucsc.cl\/index.php\/wp-json\/wp\/v2\/types\/page"}],"author":[{"embeddable":true,"href":"https:\/\/dinn.ucsc.cl\/index.php\/wp-json\/wp\/v2\/users\/84"}],"replies":[{"embeddable":true,"href":"https:\/\/dinn.ucsc.cl\/index.php\/wp-json\/wp\/v2\/comments?post=684"}],"version-history":[{"count":31,"href":"https:\/\/dinn.ucsc.cl\/index.php\/wp-json\/wp\/v2\/pages\/684\/revisions"}],"predecessor-version":[{"id":4863,"href":"https:\/\/dinn.ucsc.cl\/index.php\/wp-json\/wp\/v2\/pages\/684\/revisions\/4863"}],"wp:attachment":[{"href":"https:\/\/dinn.ucsc.cl\/index.php\/wp-json\/wp\/v2\/media?parent=684"}],"curies":[{"name":"wp","href":"https:\/\/api.w.org\/{rel}","templated":true}]}}