{"id":711,"date":"2019-06-26T12:14:36","date_gmt":"2019-06-26T16:14:36","guid":{"rendered":"http:\/\/sitios.ucsc.cl\/investigacion\/?page_id=711"},"modified":"2024-09-02T14:33:52","modified_gmt":"2024-09-02T18:33:52","slug":"ideaeinnovaucsc","status":"publish","type":"page","link":"https:\/\/dinn.ucsc.cl\/index.php\/ideaeinnovaucsc\/","title":{"rendered":"IDEA E INNOVA: Emprendimiento Innovador Estudiantil"},"content":{"rendered":"<h2 style=\"text-align: center\"><img loading=\"lazy\" class=\"aligncenter wp-image-5891 size-medium\" src=\"https:\/\/dinn.ucsc.cl\/wp-content\/uploads\/sites\/14\/2024\/08\/Logo-idea-e-innova-2024-300x166.png\" alt=\"\" width=\"300\" height=\"166\" srcset=\"https:\/\/dinn.ucsc.cl\/wp-content\/uploads\/sites\/14\/2024\/08\/Logo-idea-e-innova-2024-300x166.png 300w, https:\/\/dinn.ucsc.cl\/wp-content\/uploads\/sites\/14\/2024\/08\/Logo-idea-e-innova-2024-768x424.png 768w, https:\/\/dinn.ucsc.cl\/wp-content\/uploads\/sites\/14\/2024\/08\/Logo-idea-e-innova-2024-200x111.png 200w, https:\/\/dinn.ucsc.cl\/wp-content\/uploads\/sites\/14\/2024\/08\/Logo-idea-e-innova-2024.png 847w\" sizes=\"(max-width: 300px) 100vw, 300px\" \/><\/h2>\n<h2><\/h2>\n<h2 style=\"text-align: center\"><img loading=\"lazy\" class=\"aligncenter wp-image-5890 size-large\" src=\"https:\/\/dinn.ucsc.cl\/wp-content\/uploads\/sites\/14\/2024\/08\/Ganadores-Idea-e-Innova-2024-1024x905.png\" alt=\"\" width=\"1024\" height=\"905\" srcset=\"https:\/\/dinn.ucsc.cl\/wp-content\/uploads\/sites\/14\/2024\/08\/Ganadores-Idea-e-Innova-2024-1024x905.png 1024w, https:\/\/dinn.ucsc.cl\/wp-content\/uploads\/sites\/14\/2024\/08\/Ganadores-Idea-e-Innova-2024-300x265.png 300w, https:\/\/dinn.ucsc.cl\/wp-content\/uploads\/sites\/14\/2024\/08\/Ganadores-Idea-e-Innova-2024-768x679.png 768w, https:\/\/dinn.ucsc.cl\/wp-content\/uploads\/sites\/14\/2024\/08\/Ganadores-Idea-e-Innova-2024-200x177.png 200w, https:\/\/dinn.ucsc.cl\/wp-content\/uploads\/sites\/14\/2024\/08\/Ganadores-Idea-e-Innova-2024.png 1324w\" sizes=\"(max-width: 1024px) 100vw, 1024px\" \/><\/h2>\n<p>&nbsp;<\/p>\n<p>&nbsp;<\/p>\n<hr \/>\n<h3 style=\"text-align: center\">CONVOCATORIAS 2024 CERRADAS<\/h3>\n<hr \/>\n<h4><\/h4>\n<h4><\/h4>\n<h4><strong>\u00bfQU\u00c9 ES EL IDEA E INNOVA?<\/strong><\/h4>\n<p style=\"text-align: justify\">El Idea e Innova UCSC es un fondo concursable que tiene por objeto contribuir al desarrollo de competencias y oportunidades para los estudiantes de la Universidad en la generaci\u00f3n temprana de <strong>proyectos innovadores<\/strong>.<\/p>\n<p style=\"text-align: justify\">Buscamos ideas innovadoras que permitan lograr un desarrollo social, econ\u00f3mico y medioambiental m\u00e1s sostenible para todos.<\/p>\n<p>Para la convocatoria 2024, se podr\u00e1n financiar:<\/p>\n<p>i. Proyectos en etapa de <strong>idea<\/strong> hasta un m\u00e1ximo de <strong>$500.000<\/strong>.- (quinientos mil pesos) por proyecto seleccionado.<\/p>\n<p>ii. Proyecto en etapa de <strong>validaci\u00f3n<\/strong> hasta un m\u00e1ximo de <strong>$2.000.000<\/strong>.- (dos millones de pesos) por proyecto seleccionado.<\/p>\n<p>&nbsp;<\/p>\n<h4>LINKS DE <span style=\"font-size: 18.1333px\">INTER\u00c9S<\/span><\/h4>\n<table style=\"width: 1069px;height: 105px\">\n<tbody>\n<tr style=\"height: 28px\">\n<td style=\"width: 126.906px;height: 28px;text-align: center\">Inscr\u00edbete<\/td>\n<td style=\"width: 130.906px;height: 28px;text-align: center\">Inf\u00f3rmate<\/td>\n<td style=\"width: 129.906px;height: 28px;text-align: center\">Hablemos<\/td>\n<td style=\"width: 173.906px;height: 28px;text-align: center\">Resuelve dudas y agenda reuni\u00f3n<\/td>\n<td style=\"width: 136.906px;height: 28px;text-align: center\">Postula<\/td>\n<td style=\"width: 184.797px;height: 28px;text-align: center\">Lee el Decreto<\/td>\n<td style=\"width: 184.672px;text-align: center\">Conoce las Bases<\/td>\n<\/tr>\n<tr style=\"height: 77px\">\n<td style=\"width: 126.906px;height: 77px;text-align: center\"><a href=\"https:\/\/forms.gle\/VvsRkL8UKSCwqMBSA\"><strong>Formulario Inscripci\u00f3n<\/strong><\/a><\/td>\n<td style=\"width: 130.906px;height: 77px;text-align: center\"><a href=\"https:\/\/us02web.zoom.us\/meeting\/register\/tZMoc-CvrjIrHdB1wxmJSFuEcAMDNeRkNZtv\"><strong>Webinar Informativo<\/strong><\/a><\/td>\n<td style=\"width: 129.906px;height: 77px;text-align: center\"><a href=\"https:\/\/chat.whatsapp.com\/GbsfolWLMcR344ZN8CAIPV\"><strong>Whatsapp Informativo<\/strong><\/a><\/td>\n<td style=\"width: 173.906px;height: 77px;text-align: center\"><strong>hacuna@ucsc.cl<\/strong><\/td>\n<td style=\"width: 136.906px;height: 77px;text-align: center\"><a href=\"https:\/\/docs.google.com\/forms\/d\/e\/1FAIpQLScWAOMa5AIPeKkXr4OGq5kgL4FHLT6r6Xp2rZ5GgAhBvUFbWw\/viewform\"><strong>Formulario Postulaci\u00f3n<\/strong><\/a><\/td>\n<td style=\"width: 184.797px;height: 77px;text-align: center\"><a href=\"https:\/\/dinn.ucsc.cl\/wp-content\/uploads\/sites\/14\/2024\/06\/D.R._99_2024_ACTUALIZA_FONDO_APOYO_EMPRENDIMIENTO_INNOVADOR_ESTUDIANTES.pdf\"><strong>Decreto<\/strong><\/a><\/td>\n<td style=\"width: 184.672px;text-align: center\"><a href=\"https:\/\/dinn.ucsc.cl\/wp-content\/uploads\/sites\/14\/2024\/06\/38_CONVOCA-A-CONCURSO-INTERNO-DEL-FONDO-DE-APOYO-AL-EMPRENDIMIENTO-INNOVADOR-PARA-ESTUDIANTES.pdf\"><strong>Bases<\/strong><\/a><\/td>\n<\/tr>\n<\/tbody>\n<\/table>\n<h4><\/h4>\n<h4><strong>\u00bfQUI\u00c9NES PUEDEN POSTULAR?<\/strong><\/h4>\n<h6>i. Podr\u00e1n postular estudiantes de pregrado de primer a \u00faltimo a\u00f1o de su plan de estudios.<\/h6>\n<h6>ii. Podr\u00e1n postular estudiantes de postgrado de primer a \u00faltimo a\u00f1o de su plan de estudios.<\/h6>\n<div><\/div>\n<div><\/div>\n<div><\/div>\n<div>Cada estudiante UCSC podr\u00e1 postular y participar como integrante de un solo equipo.<\/div>\n<p>&nbsp;<\/p>\n<h4><strong>\u00bfQU\u00c9 FINANCIA?<\/strong><\/h4>\n<ul>\n<li style=\"text-align: justify\">Gastos de Operaci\u00f3n: Gastos directos asociados a la ejecuci\u00f3n del proyecto, como materiales, transporte, compra de bienes no inventariables, visitas a empresas, difusi\u00f3n y subcontratos.<\/li>\n<li>Gastos de Inversi\u00f3n: Corresponde a los gastos en adquisici\u00f3n de equipamiento para el desarrollo del prototipo de la idea y con tope de un 30% del monto total solicitado, debidamente justificado en la formulaci\u00f3n del proyecto.<\/li>\n<\/ul>\n<h4><\/h4>\n<h4><strong>ETAPAS<\/strong><\/h4>\n<p style=\"text-align: justify\">Previo al proceso de postulaci\u00f3n los equipos tendr\u00e1n la oportunidad de acceder a un proceso de formaci\u00f3n online mediante la plataforma zoom para trabajar en el desarrollo de sus propuestas. Para ello, la Unidad de Apoyo a la Innovaci\u00f3n generar\u00e1 las siguientes instancias:<\/p>\n<table style=\"height: 737px;width: 956px\" width=\"1120\">\n<tbody>\n<tr style=\"height: 81px\">\n<td style=\"width: 140.9px;text-align: center;vertical-align: middle;height: 81px\">Nombre<\/td>\n<td style=\"width: 358.65px;text-align: center;vertical-align: middle;height: 81px\">Descripci\u00f3n<\/td>\n<td style=\"width: 191.863px;text-align: center;vertical-align: middle;height: 81px\">Fecha<\/td>\n<td style=\"width: 263.788px;text-align: center;vertical-align: middle;height: 81px\">Enlace<\/td>\n<\/tr>\n<tr style=\"height: 108px\">\n<td style=\"width: 140.9px;text-align: center;vertical-align: middle;height: 108px\">Webinar<\/td>\n<td style=\"width: 358.65px;text-align: center;vertical-align: middle;height: 108px\">\n<p style=\"text-align: justify\">Sesi\u00f3n informativa online (v\u00eda Zoom) orientada a resolver dudas y consultas respecto a la convocatoria.<\/p>\n<\/td>\n<td style=\"width: 191.863px;text-align: center;vertical-align: middle;height: 108px\">12 de junio<\/p>\n<p>12.00 hrs.<\/td>\n<td style=\"width: 263.788px;text-align: center;vertical-align: middle;height: 108px\">\n<h4 style=\"text-align: center\"><a href=\"https:\/\/us02web.zoom.us\/meeting\/register\/tZMoc-CvrjIrHdB1wxmJSFuEcAMDNeRkNZtv\">Inscripci\u00f3n<\/a><\/h4>\n<\/td>\n<\/tr>\n<tr style=\"height: 133px\">\n<td style=\"width: 140.9px;text-align: center;vertical-align: middle;height: 133px\">Env\u00edo formulario<\/td>\n<td style=\"width: 358.65px;text-align: center;vertical-align: middle;height: 133px\">\n<p style=\"text-align: justify\">El proceso de postulaci\u00f3n al fondo consiste en rellenar el formulario online disponible en el enlace.<\/p>\n<\/td>\n<td style=\"width: 191.863px;text-align: center;vertical-align: middle;height: 133px\">Cierre postulaciones<\/p>\n<p>12 de julio<\/p>\n<p>18.00 hrs.<\/td>\n<td style=\"width: 263.788px;text-align: center;vertical-align: middle;height: 133px\"><a href=\"https:\/\/docs.google.com\/forms\/d\/e\/1FAIpQLScWAOMa5AIPeKkXr4OGq5kgL4FHLT6r6Xp2rZ5GgAhBvUFbWw\/viewform\"><b>Formulario online<\/b><\/a><\/td>\n<\/tr>\n<tr style=\"height: 124px\">\n<td style=\"width: 140.9px;text-align: center;vertical-align: middle;height: 124px\">Demoday<\/td>\n<td style=\"width: 358.65px;text-align: center;vertical-align: middle;height: 124px\">\n<p style=\"text-align: justify\">Adicionalmente al formulario de postulaci\u00f3n, los equipos deber\u00e1n presentar su idea soluci\u00f3n en formato pitch.<\/p>\n<\/td>\n<td style=\"width: 191.863px;text-align: center;vertical-align: middle;height: 124px\">Por confirmar<\/td>\n<td style=\"width: 263.788px;text-align: center;vertical-align: middle;height: 124px\">&#8211;<\/td>\n<\/tr>\n<\/tbody>\n<\/table>\n<h4><a href=\"https:\/\/us02web.zoom.us\/meeting\/register\/tZMoc-CvrjIrHdB1wxmJSFuEcAMDNeRkNZtv\" target=\"_blank\" rel=\"noopener\"><img loading=\"lazy\" class=\"aligncenter wp-image-5815\" src=\"https:\/\/dinn.ucsc.cl\/wp-content\/uploads\/sites\/14\/2024\/05\/IDEAEINNOVA2024_banner_webinar.png\" alt=\"\" width=\"907\" height=\"256\" srcset=\"https:\/\/dinn.ucsc.cl\/wp-content\/uploads\/sites\/14\/2024\/05\/IDEAEINNOVA2024_banner_webinar.png 1141w, https:\/\/dinn.ucsc.cl\/wp-content\/uploads\/sites\/14\/2024\/05\/IDEAEINNOVA2024_banner_webinar-300x85.png 300w, https:\/\/dinn.ucsc.cl\/wp-content\/uploads\/sites\/14\/2024\/05\/IDEAEINNOVA2024_banner_webinar-1024x289.png 1024w, https:\/\/dinn.ucsc.cl\/wp-content\/uploads\/sites\/14\/2024\/05\/IDEAEINNOVA2024_banner_webinar-768x217.png 768w, https:\/\/dinn.ucsc.cl\/wp-content\/uploads\/sites\/14\/2024\/05\/IDEAEINNOVA2024_banner_webinar-200x56.png 200w\" sizes=\"(max-width: 907px) 100vw, 907px\" \/><\/a><\/h4>\n<h4><strong>CONSULTAS<\/strong><\/h4>\n<p style=\"text-align: justify\">Los equipos que requieran informaci\u00f3n adicional o colaboraci\u00f3n para realizar la postulaci\u00f3n al Fondo Idea e Innova, podr\u00e1n solicitarla al correo<strong> hacuna@ucsc.cl<\/strong> o al link de <a href=\"https:\/\/chat.whatsapp.com\/GbsfolWLMcR344ZN8CAIPV\"><strong>Whatsapp.<\/strong><\/a><\/p>\n","protected":false},"excerpt":{"rendered":"<p>&nbsp; &nbsp; CONVOCATORIAS 2024 CERRADAS \u00bfQU\u00c9 ES EL IDEA E INNOVA? El Idea e Innova UCSC es un fondo concursable que tiene por objeto contribuir al desarrollo de competencias y oportunidades para los estudiantes de la Universidad en la generaci\u00f3n temprana de proyectos innovadores. Buscamos ideas innovadoras que permitan lograr un desarrollo social, econ\u00f3mico y [&hellip;]<\/p>\n","protected":false},"author":84,"featured_media":4915,"parent":0,"menu_order":0,"comment_status":"closed","ping_status":"closed","template":"","meta":[],"yoast_head":"<!-- This site is optimized with the Yoast SEO plugin v18.9 - https:\/\/yoast.com\/wordpress\/plugins\/seo\/ -->\n<title>IDEA E INNOVA: Emprendimiento Innovador Estudiantil -<\/title>\n<meta name=\"robots\" content=\"index, follow, max-snippet:-1, max-image-preview:large, max-video-preview:-1\" \/>\n<link rel=\"canonical\" href=\"https:\/\/dinn.ucsc.cl\/index.php\/ideaeinnovaucsc\/\" \/>\n<meta property=\"og:locale\" content=\"es_ES\" \/>\n<meta property=\"og:type\" content=\"article\" \/>\n<meta property=\"og:title\" content=\"IDEA E INNOVA: Emprendimiento Innovador Estudiantil -\" \/>\n<meta property=\"og:description\" content=\"&nbsp; &nbsp; CONVOCATORIAS 2024 CERRADAS \u00bfQU\u00c9 ES EL IDEA E INNOVA? El Idea e Innova UCSC es un fondo concursable que tiene por objeto contribuir al desarrollo de competencias y oportunidades para los estudiantes de la Universidad en la generaci\u00f3n temprana de proyectos innovadores. Buscamos ideas innovadoras que permitan lograr un desarrollo social, econ\u00f3mico y [&hellip;]\" \/>\n<meta property=\"og:url\" content=\"https:\/\/dinn.ucsc.cl\/index.php\/ideaeinnovaucsc\/\" \/>\n<meta property=\"article:publisher\" content=\"https:\/\/m.facebook.com\/DINNUCSC\" \/>\n<meta property=\"article:modified_time\" content=\"2024-09-02T18:33:52+00:00\" \/>\n<meta property=\"og:image\" content=\"https:\/\/sitios.ucsc.cl\/investigacion\/wp-content\/uploads\/sites\/14\/2023\/04\/IDEAEINNOVA2023_banner-1.png\" \/>\n\t<meta property=\"og:image:width\" content=\"1141\" \/>\n\t<meta property=\"og:image:height\" content=\"322\" \/>\n\t<meta property=\"og:image:type\" content=\"image\/png\" \/>\n<meta name=\"twitter:card\" content=\"summary\" \/>\n<meta name=\"twitter:site\" content=\"@dinn_ucsc\" \/>\n<meta name=\"twitter:label1\" content=\"Tiempo de lectura\" \/>\n\t<meta name=\"twitter:data1\" content=\"2 minutos\" \/>\n<script type=\"application\/ld+json\" class=\"yoast-schema-graph\">{\"@context\":\"https:\/\/schema.org\",\"@graph\":[{\"@type\":\"WebSite\",\"@id\":\"https:\/\/dinn.ucsc.cl\/#website\",\"url\":\"https:\/\/dinn.ucsc.cl\/\",\"name\":\"Direcci\u00f3n de Innovaci\u00f3n UCSC\",\"description\":\"Direcci\u00f3n de Innovaci\u00f3n\",\"potentialAction\":[{\"@type\":\"SearchAction\",\"target\":{\"@type\":\"EntryPoint\",\"urlTemplate\":\"https:\/\/dinn.ucsc.cl\/?s={search_term_string}\"},\"query-input\":\"required name=search_term_string\"}],\"inLanguage\":\"es\"},{\"@type\":\"ImageObject\",\"inLanguage\":\"es\",\"@id\":\"https:\/\/dinn.ucsc.cl\/index.php\/ideaeinnovaucsc\/#primaryimage\",\"url\":\"https:\/\/sitios.ucsc.cl\/investigacion\/wp-content\/uploads\/sites\/14\/2023\/04\/IDEAEINNOVA2023_banner-1.png\",\"contentUrl\":\"https:\/\/sitios.ucsc.cl\/investigacion\/wp-content\/uploads\/sites\/14\/2023\/04\/IDEAEINNOVA2023_banner-1.png\",\"width\":1141,\"height\":322},{\"@type\":\"WebPage\",\"@id\":\"https:\/\/dinn.ucsc.cl\/index.php\/ideaeinnovaucsc\/#webpage\",\"url\":\"https:\/\/dinn.ucsc.cl\/index.php\/ideaeinnovaucsc\/\",\"name\":\"IDEA E INNOVA: Emprendimiento Innovador Estudiantil -\",\"isPartOf\":{\"@id\":\"https:\/\/dinn.ucsc.cl\/#website\"},\"primaryImageOfPage\":{\"@id\":\"https:\/\/dinn.ucsc.cl\/index.php\/ideaeinnovaucsc\/#primaryimage\"},\"datePublished\":\"2019-06-26T16:14:36+00:00\",\"dateModified\":\"2024-09-02T18:33:52+00:00\",\"breadcrumb\":{\"@id\":\"https:\/\/dinn.ucsc.cl\/index.php\/ideaeinnovaucsc\/#breadcrumb\"},\"inLanguage\":\"es\",\"potentialAction\":[{\"@type\":\"ReadAction\",\"target\":[\"https:\/\/dinn.ucsc.cl\/index.php\/ideaeinnovaucsc\/\"]}]},{\"@type\":\"BreadcrumbList\",\"@id\":\"https:\/\/dinn.ucsc.cl\/index.php\/ideaeinnovaucsc\/#breadcrumb\",\"itemListElement\":[{\"@type\":\"ListItem\",\"position\":1,\"name\":\"Inicio\",\"item\":\"https:\/\/dinn.ucsc.cl\/\"},{\"@type\":\"ListItem\",\"position\":2,\"name\":\"IDEA E INNOVA: Emprendimiento Innovador Estudiantil\"}]}]}<\/script>\n<!-- \/ Yoast SEO plugin. -->","yoast_head_json":{"title":"IDEA E INNOVA: Emprendimiento Innovador Estudiantil -","robots":{"index":"index","follow":"follow","max-snippet":"max-snippet:-1","max-image-preview":"max-image-preview:large","max-video-preview":"max-video-preview:-1"},"canonical":"https:\/\/dinn.ucsc.cl\/index.php\/ideaeinnovaucsc\/","og_locale":"es_ES","og_type":"article","og_title":"IDEA E INNOVA: Emprendimiento Innovador Estudiantil -","og_description":"&nbsp; &nbsp; CONVOCATORIAS 2024 CERRADAS \u00bfQU\u00c9 ES EL IDEA E INNOVA? El Idea e Innova UCSC es un fondo concursable que tiene por objeto contribuir al desarrollo de competencias y oportunidades para los estudiantes de la Universidad en la generaci\u00f3n temprana de proyectos innovadores. Buscamos ideas innovadoras que permitan lograr un desarrollo social, econ\u00f3mico y [&hellip;]","og_url":"https:\/\/dinn.ucsc.cl\/index.php\/ideaeinnovaucsc\/","article_publisher":"https:\/\/m.facebook.com\/DINNUCSC","article_modified_time":"2024-09-02T18:33:52+00:00","og_image":[{"width":1141,"height":322,"url":"https:\/\/sitios.ucsc.cl\/investigacion\/wp-content\/uploads\/sites\/14\/2023\/04\/IDEAEINNOVA2023_banner-1.png","type":"image\/png"}],"twitter_card":"summary","twitter_site":"@dinn_ucsc","twitter_misc":{"Tiempo de lectura":"2 minutos"},"schema":{"@context":"https:\/\/schema.org","@graph":[{"@type":"WebSite","@id":"https:\/\/dinn.ucsc.cl\/#website","url":"https:\/\/dinn.ucsc.cl\/","name":"Direcci\u00f3n de Innovaci\u00f3n UCSC","description":"Direcci\u00f3n de Innovaci\u00f3n","potentialAction":[{"@type":"SearchAction","target":{"@type":"EntryPoint","urlTemplate":"https:\/\/dinn.ucsc.cl\/?s={search_term_string}"},"query-input":"required name=search_term_string"}],"inLanguage":"es"},{"@type":"ImageObject","inLanguage":"es","@id":"https:\/\/dinn.ucsc.cl\/index.php\/ideaeinnovaucsc\/#primaryimage","url":"https:\/\/sitios.ucsc.cl\/investigacion\/wp-content\/uploads\/sites\/14\/2023\/04\/IDEAEINNOVA2023_banner-1.png","contentUrl":"https:\/\/sitios.ucsc.cl\/investigacion\/wp-content\/uploads\/sites\/14\/2023\/04\/IDEAEINNOVA2023_banner-1.png","width":1141,"height":322},{"@type":"WebPage","@id":"https:\/\/dinn.ucsc.cl\/index.php\/ideaeinnovaucsc\/#webpage","url":"https:\/\/dinn.ucsc.cl\/index.php\/ideaeinnovaucsc\/","name":"IDEA E INNOVA: Emprendimiento Innovador Estudiantil -","isPartOf":{"@id":"https:\/\/dinn.ucsc.cl\/#website"},"primaryImageOfPage":{"@id":"https:\/\/dinn.ucsc.cl\/index.php\/ideaeinnovaucsc\/#primaryimage"},"datePublished":"2019-06-26T16:14:36+00:00","dateModified":"2024-09-02T18:33:52+00:00","breadcrumb":{"@id":"https:\/\/dinn.ucsc.cl\/index.php\/ideaeinnovaucsc\/#breadcrumb"},"inLanguage":"es","potentialAction":[{"@type":"ReadAction","target":["https:\/\/dinn.ucsc.cl\/index.php\/ideaeinnovaucsc\/"]}]},{"@type":"BreadcrumbList","@id":"https:\/\/dinn.ucsc.cl\/index.php\/ideaeinnovaucsc\/#breadcrumb","itemListElement":[{"@type":"ListItem","position":1,"name":"Inicio","item":"https:\/\/dinn.ucsc.cl\/"},{"@type":"ListItem","position":2,"name":"IDEA E INNOVA: Emprendimiento Innovador Estudiantil"}]}]}},"_links":{"self":[{"href":"https:\/\/dinn.ucsc.cl\/index.php\/wp-json\/wp\/v2\/pages\/711"}],"collection":[{"href":"https:\/\/dinn.ucsc.cl\/index.php\/wp-json\/wp\/v2\/pages"}],"about":[{"href":"https:\/\/dinn.ucsc.cl\/index.php\/wp-json\/wp\/v2\/types\/page"}],"author":[{"embeddable":true,"href":"https:\/\/dinn.ucsc.cl\/index.php\/wp-json\/wp\/v2\/users\/84"}],"replies":[{"embeddable":true,"href":"https:\/\/dinn.ucsc.cl\/index.php\/wp-json\/wp\/v2\/comments?post=711"}],"version-history":[{"count":155,"href":"https:\/\/dinn.ucsc.cl\/index.php\/wp-json\/wp\/v2\/pages\/711\/revisions"}],"predecessor-version":[{"id":5821,"href":"https:\/\/dinn.ucsc.cl\/index.php\/wp-json\/wp\/v2\/pages\/711\/revisions\/5821"}],"wp:featuredmedia":[{"embeddable":true,"href":"https:\/\/dinn.ucsc.cl\/index.php\/wp-json\/wp\/v2\/media\/4915"}],"wp:attachment":[{"href":"https:\/\/dinn.ucsc.cl\/index.php\/wp-json\/wp\/v2\/media?parent=711"}],"curies":[{"name":"wp","href":"https:\/\/api.w.org\/{rel}","templated":true}]}}